{"id":282338,"date":"2022-06-28T10:28:33","date_gmt":"2022-06-28T09:28:33","guid":{"rendered":"https:\/\/ecosupplements.be\/product\/picolinate-de-zinc-50mg-120-gelules-vegetaliennes\/"},"modified":"2025-08-27T12:22:57","modified_gmt":"2025-08-27T11:22:57","slug":"picolinate-de-zinc-50mg-120-gelules-vegetaliennes","status":"publish","type":"product","link":"https:\/\/ecosupplements.be\/fr\/produit\/picolinate-de-zinc-50mg-120-gelules-vegetaliennes\/","title":{"rendered":"Picolinate de zinc, 50mg &#8211; 120 g\u00e9lules v\u00e9g\u00e9taliennes"},"content":{"rendered":"<h1 style=\"text-align: center;\">Osavi &#8211; Picolinate de zinc<\/h1>\n<p>Compl\u00e9ment alimentaire sous forme de capsule dure contenant du zinc sous la forme organique hautement absorbable &#8211; picolinate de zinc. Le zinc est un min\u00e9ral essentiel qui pr\u00e9sente un large \u00e9ventail de bienfaits, notamment pour une vision saine, une fertilit\u00e9 normale et le syst\u00e8me reproducteur.&nbsp;<br \/>\nLe zinc joue un r\u00f4le tr\u00e8s important dans notre organisme. Cela est d\u00fb au fait qu&#8217;il est un cofacteur de plusieurs centaines d&#8217;enzymes diff\u00e9rentes. Cela signifie que cet \u00e9l\u00e9ment permet aux enzymes d&#8217;effectuer des r\u00e9actions biochimiques, gr\u00e2ce auxquelles de nombreuses fonctions physiologiques se d\u00e9roulent correctement. Ainsi, si nous n&#8217;apportons pas la bonne quantit\u00e9 de zinc, de nombreux processus ne fonctionnent pas correctement ou sont ralentis.<br \/>\nC&#8217;est l&#8217;un de ces nutriments qui est particuli\u00e8rement actif dans la plupart des domaines de notre corps. Il contribue aux fonctions cognitives, \u00e0 la fertilit\u00e9 et \u00e0 la reproduction, et favorise la sant\u00e9 des os, des ongles, des cheveux et de la peau. Il a \u00e9galement d&#8217;autres fonctions, comme la synth\u00e8se de l&#8217;ADN et le m\u00e9tabolisme des glucides et des graisses. L&#8217;apport en zinc peut \u00eatre obtenu gr\u00e2ce \u00e0 divers aliments, notamment la viande, les \u0153ufs, les lentilles et les produits \u00e0 base de soja. Mais il est parfois n\u00e9cessaire d&#8217;apporter la bonne quantit\u00e9 de zinc dans l&#8217;alimentation.<br \/>\n&nbsp;Il existe diff\u00e9rents types de zinc, il est donc important de pr\u00eater attention \u00e0 sa forme dans les compl\u00e9ments alimentaires. Le picolinate de zinc pr\u00e9sent dans notre compl\u00e9ment est un sel organique de zinc qui est mieux absorbable que les autres types. Cela signifie que vous obtenez les avantages dont vous avez besoin de votre suppl\u00e9ment. Notre compl\u00e9ment est con\u00e7u pour convenir aux v\u00e9g\u00e9taliens, et il est facile \u00e0 prendre. Une seule capsule par jour fournit 100% VNR pour cet \u00e9l\u00e9ment.<br \/>\nPourquoi une personne aurait-elle int\u00e9r\u00eat \u00e0 se suppl\u00e9menter en Picolinate de zinc 50 mg ?<br \/>\n&#8211; Le zinc contribue au fonctionnement normal du syst\u00e8me immunitaire<br \/>\n&#8211; Le zinc contribue \u00e0 une fonction cognitive normale<br \/>\n&#8211; Le zinc contribue au m\u00e9tabolisme normal des macronutriments<br \/>\n&#8211; Le zinc contribue au maintien d&#8217;os, de peau, de cheveux et d&#8217;ongles normaux<br \/>\n&#8211; Le zinc contribue \u00e0 la protection des cellules contre le stress oxydatif<br \/>\nQuelle est la particularit\u00e9 des g\u00e9lules Picolinate de zinc 50 mg ?<br \/>\n&#8211; Contient du zinc sous la forme organique hautement absorbable &#8211; picolinate de zinc<br \/>\n&#8211; 100% de la demande quotidienne en zinc dans une seule capsule<br \/>\n&#8211; \u00c9tiquette propre &#8211; pas d&#8217;additifs inutiles.<br \/>\n&#8211; Convient aux v\u00e9g\u00e9tariens et aux v\u00e9g\u00e9taliens.&nbsp;<br \/>\n&#8211; Emballage en BioPET (30% du plastique provient de la canne \u00e0 sucre).<\/p>\n<p><img decoding=\"async\" src=\"https:\/\/ecosupplements.be\/wp-content\/uploads\/2025\/08\/gluten-free-1.png\" title=\"Sans gluten\" alt=\"Gluten free\"><img decoding=\"async\" src=\"https:\/\/ecosupplements.be\/wp-content\/uploads\/2025\/08\/non-gmo-1.png\" title=\"Non-OGM\" alt=\"Non-GMO\"><img decoding=\"async\" src=\"https:\/\/ecosupplements.be\/wp-content\/uploads\/2025\/08\/vegan-1.png\" title=\"Vegan\" alt=\"Vegan\"><img decoding=\"async\" src=\"https:\/\/ecosupplements.be\/wp-content\/uploads\/2025\/08\/vegetarian-1.png\" title=\"V\u00e9g\u00e9tarien\" alt=\"Vegetarian\"><\/p>\n","protected":false},"excerpt":{"rendered":"<p>Osavi &#8211; Picolinate de zinc Compl\u00e9ment alimentaire sous forme de capsule dure contenant du zinc sous la forme organique hautement absorbable &#8211; picolinate de zinc. Le zinc est un min\u00e9ral essentiel qui pr\u00e9sente un large \u00e9ventail de bienfaits, notamment pour une vision saine, une fertilit\u00e9 normale et le syst\u00e8me reproducteur.&nbsp; Le zinc joue un r\u00f4le [&#8230;]\n","protected":false},"featured_media":253705,"comment_status":"open","ping_status":"open","template":"","meta":[],"product_brand":[4756],"product_cat":[5114,5089,5064,5054,5055,5052,5053,5107],"product_tag":[],"class_list":{"0":"post-282338","1":"product","2":"type-product","3":"status-publish","4":"has-post-thumbnail","6":"product_brand-osavi-2","7":"product_cat-beaute","8":"product_cat-complements-alimentaires-pour-femmes","9":"product_cat-mineraux-simples","10":"product_cat-nourriture-saine","11":"product_cat-produits-vegetaliens","12":"product_cat-sante-et-bien-etre","13":"product_cat-vitamines-et-mineraux","14":"product_cat-zinc","16":"first","17":"instock","18":"taxable","19":"shipping-taxable","20":"purchasable","21":"product-type-simple"},"yoast_head":"<!-- This site is optimized with the Yoast SEO Premium plugin v27.3 (Yoast SEO v27.3) - https:\/\/yoast.com\/product\/yoast-seo-premium-wordpress\/ -->\n<title>Picolinate de zinc, 50mg - 120 g\u00e9lules v\u00e9g\u00e9taliennes - ECO Supplements<\/title>\n<meta name=\"description\" content=\"Wij hebben een ruime keuze aan producten van Picolinate de zinc, 50mg - 120 g\u00e9lules v\u00e9g\u00e9taliennes . Winkel bij Eco Supplements altijd gratis verzending boven 100\u20ac\" \/>\n<meta name=\"robots\" content=\"index, follow, max-snippet:-1, max-image-preview:large, max-video-preview:-1\" \/>\n<link rel=\"canonical\" href=\"https:\/\/ecosupplements.be\/fr\/produit\/picolinate-de-zinc-50mg-120-gelules-vegetaliennes\/\" \/>\n<meta property=\"og:locale\" content=\"fr_FR\" \/>\n<meta property=\"og:type\" content=\"article\" \/>\n<meta property=\"og:title\" content=\"Picolinate de zinc, 50mg - 120 g\u00e9lules v\u00e9g\u00e9taliennes\" \/>\n<meta property=\"og:description\" content=\"Wij hebben een ruime keuze aan producten van Picolinate de zinc, 50mg - 120 g\u00e9lules v\u00e9g\u00e9taliennes . Winkel bij Eco Supplements altijd gratis verzending boven 100\u20ac\" \/>\n<meta property=\"og:url\" content=\"https:\/\/ecosupplements.be\/fr\/produit\/picolinate-de-zinc-50mg-120-gelules-vegetaliennes\/\" \/>\n<meta property=\"og:site_name\" content=\"ECO Supplements\" \/>\n<meta property=\"article:modified_time\" content=\"2025-08-27T11:22:57+00:00\" \/>\n<meta property=\"og:image\" content=\"https:\/\/ecosupplements.be\/wp-content\/uploads\/2025\/08\/Zinc-Picolinate-50mg-120-vegan-caps-1.png\" \/>\n\t<meta property=\"og:image:width\" content=\"500\" \/>\n\t<meta property=\"og:image:height\" content=\"500\" \/>\n\t<meta property=\"og:image:type\" content=\"image\/png\" \/>\n<meta name=\"twitter:card\" content=\"summary_large_image\" \/>\n<meta name=\"twitter:label1\" content=\"Prix\" \/>\n\t<meta name=\"twitter:data1\" content=\"16.11&nbsp;&euro;\" \/>\n\t<meta name=\"twitter:label2\" content=\"Disponibilit\u00e9\" \/>\n\t<meta name=\"twitter:data2\" content=\"En stock\" \/>\n<script type=\"application\/ld+json\" class=\"yoast-schema-graph\">{\"@context\":\"https:\\\/\\\/schema.org\",\"@graph\":[{\"@type\":[\"WebPage\",\"ItemPage\"],\"@id\":\"https:\\\/\\\/ecosupplements.be\\\/fr\\\/produit\\\/picolinate-de-zinc-50mg-120-gelules-vegetaliennes\\\/\",\"url\":\"https:\\\/\\\/ecosupplements.be\\\/fr\\\/produit\\\/picolinate-de-zinc-50mg-120-gelules-vegetaliennes\\\/\",\"name\":\"Picolinate de zinc, 50mg - 120 g\u00e9lules v\u00e9g\u00e9taliennes - ECO Supplements\",\"isPartOf\":{\"@id\":\"https:\\\/\\\/ecosupplements.be\\\/fr\\\/#website\"},\"primaryImageOfPage\":{\"@id\":\"https:\\\/\\\/ecosupplements.be\\\/fr\\\/produit\\\/picolinate-de-zinc-50mg-120-gelules-vegetaliennes\\\/#primaryimage\"},\"image\":{\"@id\":\"https:\\\/\\\/ecosupplements.be\\\/fr\\\/produit\\\/picolinate-de-zinc-50mg-120-gelules-vegetaliennes\\\/#primaryimage\"},\"thumbnailUrl\":\"https:\\\/\\\/ecosupplements.be\\\/wp-content\\\/uploads\\\/2025\\\/08\\\/Zinc-Picolinate-50mg-120-vegan-caps-1.png\",\"datePublished\":\"2022-06-28T09:28:33+00:00\",\"dateModified\":\"2025-08-27T11:22:57+00:00\",\"description\":\"Wij hebben een ruime keuze aan producten van Picolinate de zinc, 50mg - 120 g\u00e9lules v\u00e9g\u00e9taliennes . Winkel bij Eco Supplements altijd gratis verzending boven 100\u20ac\",\"breadcrumb\":{\"@id\":\"https:\\\/\\\/ecosupplements.be\\\/fr\\\/produit\\\/picolinate-de-zinc-50mg-120-gelules-vegetaliennes\\\/#breadcrumb\"},\"inLanguage\":\"fr-FR\",\"potentialAction\":[{\"@type\":\"ReadAction\",\"target\":[\"https:\\\/\\\/ecosupplements.be\\\/fr\\\/produit\\\/picolinate-de-zinc-50mg-120-gelules-vegetaliennes\\\/\"]}]},{\"@type\":\"ImageObject\",\"inLanguage\":\"fr-FR\",\"@id\":\"https:\\\/\\\/ecosupplements.be\\\/fr\\\/produit\\\/picolinate-de-zinc-50mg-120-gelules-vegetaliennes\\\/#primaryimage\",\"url\":\"https:\\\/\\\/ecosupplements.be\\\/wp-content\\\/uploads\\\/2025\\\/08\\\/Zinc-Picolinate-50mg-120-vegan-caps-1.png\",\"contentUrl\":\"https:\\\/\\\/ecosupplements.be\\\/wp-content\\\/uploads\\\/2025\\\/08\\\/Zinc-Picolinate-50mg-120-vegan-caps-1.png\",\"width\":500,\"height\":500},{\"@type\":\"BreadcrumbList\",\"@id\":\"https:\\\/\\\/ecosupplements.be\\\/fr\\\/produit\\\/picolinate-de-zinc-50mg-120-gelules-vegetaliennes\\\/#breadcrumb\",\"itemListElement\":[{\"@type\":\"ListItem\",\"position\":1,\"name\":\"Home\",\"item\":\"https:\\\/\\\/ecosupplements.be\\\/fr\\\/\"},{\"@type\":\"ListItem\",\"position\":2,\"name\":\"Boutique\",\"item\":\"https:\\\/\\\/ecosupplements.be\\\/fr\\\/boutique\\\/\"},{\"@type\":\"ListItem\",\"position\":3,\"name\":\"Picolinate de zinc, 50mg &#8211; 120 g\u00e9lules v\u00e9g\u00e9taliennes\"}]},{\"@type\":\"WebSite\",\"@id\":\"https:\\\/\\\/ecosupplements.be\\\/fr\\\/#website\",\"url\":\"https:\\\/\\\/ecosupplements.be\\\/fr\\\/\",\"name\":\"ECO Supplements\",\"description\":\"Eco Supplements - Gezonde supplementen\",\"publisher\":{\"@id\":\"https:\\\/\\\/ecosupplements.be\\\/fr\\\/#organization\"},\"potentialAction\":[{\"@type\":\"SearchAction\",\"target\":{\"@type\":\"EntryPoint\",\"urlTemplate\":\"https:\\\/\\\/ecosupplements.be\\\/fr\\\/?s={search_term_string}\"},\"query-input\":{\"@type\":\"PropertyValueSpecification\",\"valueRequired\":true,\"valueName\":\"search_term_string\"}}],\"inLanguage\":\"fr-FR\"},{\"@type\":\"Organization\",\"@id\":\"https:\\\/\\\/ecosupplements.be\\\/fr\\\/#organization\",\"name\":\"Eco Supplements\",\"url\":\"https:\\\/\\\/ecosupplements.be\\\/fr\\\/\",\"logo\":{\"@type\":\"ImageObject\",\"inLanguage\":\"fr-FR\",\"@id\":\"https:\\\/\\\/ecosupplements.be\\\/fr\\\/#\\\/schema\\\/logo\\\/image\\\/\",\"url\":\"https:\\\/\\\/ecosupplements.be\\\/wp-content\\\/uploads\\\/2022\\\/06\\\/ecosupplement-family.png\",\"contentUrl\":\"https:\\\/\\\/ecosupplements.be\\\/wp-content\\\/uploads\\\/2022\\\/06\\\/ecosupplement-family.png\",\"width\":593,\"height\":374,\"caption\":\"Eco Supplements\"},\"image\":{\"@id\":\"https:\\\/\\\/ecosupplements.be\\\/fr\\\/#\\\/schema\\\/logo\\\/image\\\/\"}}]}<\/script>\n<meta property=\"product:brand\" content=\"Osavi\" \/>\n<meta property=\"product:price:amount\" content=\"16.11\" \/>\n<meta property=\"product:price:currency\" content=\"EUR\" \/>\n<meta property=\"og:availability\" content=\"instock\" \/>\n<meta property=\"product:availability\" content=\"instock\" \/>\n<meta property=\"product:retailer_item_id\" content=\"5904139921067\" \/>\n<meta property=\"product:condition\" content=\"new\" \/>\n<!-- \/ Yoast SEO Premium plugin. -->","yoast_head_json":{"title":"Picolinate de zinc, 50mg - 120 g\u00e9lules v\u00e9g\u00e9taliennes - ECO Supplements","description":"Wij hebben een ruime keuze aan producten van Picolinate de zinc, 50mg - 120 g\u00e9lules v\u00e9g\u00e9taliennes . Winkel bij Eco Supplements altijd gratis verzending boven 100\u20ac","robots":{"index":"index","follow":"follow","max-snippet":"max-snippet:-1","max-image-preview":"max-image-preview:large","max-video-preview":"max-video-preview:-1"},"canonical":"https:\/\/ecosupplements.be\/fr\/produit\/picolinate-de-zinc-50mg-120-gelules-vegetaliennes\/","og_locale":"fr_FR","og_type":"article","og_title":"Picolinate de zinc, 50mg - 120 g\u00e9lules v\u00e9g\u00e9taliennes","og_description":"Wij hebben een ruime keuze aan producten van Picolinate de zinc, 50mg - 120 g\u00e9lules v\u00e9g\u00e9taliennes . Winkel bij Eco Supplements altijd gratis verzending boven 100\u20ac","og_url":"https:\/\/ecosupplements.be\/fr\/produit\/picolinate-de-zinc-50mg-120-gelules-vegetaliennes\/","og_site_name":"ECO Supplements","article_modified_time":"2025-08-27T11:22:57+00:00","og_image":[{"width":500,"height":500,"url":"https:\/\/ecosupplements.be\/wp-content\/uploads\/2025\/08\/Zinc-Picolinate-50mg-120-vegan-caps-1.png","type":"image\/png"}],"twitter_card":"summary_large_image","twitter_misc":{"Prix":"16.11&nbsp;&euro;","Disponibilit\u00e9":"En stock"},"schema":{"@context":"https:\/\/schema.org","@graph":[{"@type":["WebPage","ItemPage"],"@id":"https:\/\/ecosupplements.be\/fr\/produit\/picolinate-de-zinc-50mg-120-gelules-vegetaliennes\/","url":"https:\/\/ecosupplements.be\/fr\/produit\/picolinate-de-zinc-50mg-120-gelules-vegetaliennes\/","name":"Picolinate de zinc, 50mg - 120 g\u00e9lules v\u00e9g\u00e9taliennes - ECO Supplements","isPartOf":{"@id":"https:\/\/ecosupplements.be\/fr\/#website"},"primaryImageOfPage":{"@id":"https:\/\/ecosupplements.be\/fr\/produit\/picolinate-de-zinc-50mg-120-gelules-vegetaliennes\/#primaryimage"},"image":{"@id":"https:\/\/ecosupplements.be\/fr\/produit\/picolinate-de-zinc-50mg-120-gelules-vegetaliennes\/#primaryimage"},"thumbnailUrl":"https:\/\/ecosupplements.be\/wp-content\/uploads\/2025\/08\/Zinc-Picolinate-50mg-120-vegan-caps-1.png","datePublished":"2022-06-28T09:28:33+00:00","dateModified":"2025-08-27T11:22:57+00:00","description":"Wij hebben een ruime keuze aan producten van Picolinate de zinc, 50mg - 120 g\u00e9lules v\u00e9g\u00e9taliennes . Winkel bij Eco Supplements altijd gratis verzending boven 100\u20ac","breadcrumb":{"@id":"https:\/\/ecosupplements.be\/fr\/produit\/picolinate-de-zinc-50mg-120-gelules-vegetaliennes\/#breadcrumb"},"inLanguage":"fr-FR","potentialAction":[{"@type":"ReadAction","target":["https:\/\/ecosupplements.be\/fr\/produit\/picolinate-de-zinc-50mg-120-gelules-vegetaliennes\/"]}]},{"@type":"ImageObject","inLanguage":"fr-FR","@id":"https:\/\/ecosupplements.be\/fr\/produit\/picolinate-de-zinc-50mg-120-gelules-vegetaliennes\/#primaryimage","url":"https:\/\/ecosupplements.be\/wp-content\/uploads\/2025\/08\/Zinc-Picolinate-50mg-120-vegan-caps-1.png","contentUrl":"https:\/\/ecosupplements.be\/wp-content\/uploads\/2025\/08\/Zinc-Picolinate-50mg-120-vegan-caps-1.png","width":500,"height":500},{"@type":"BreadcrumbList","@id":"https:\/\/ecosupplements.be\/fr\/produit\/picolinate-de-zinc-50mg-120-gelules-vegetaliennes\/#breadcrumb","itemListElement":[{"@type":"ListItem","position":1,"name":"Home","item":"https:\/\/ecosupplements.be\/fr\/"},{"@type":"ListItem","position":2,"name":"Boutique","item":"https:\/\/ecosupplements.be\/fr\/boutique\/"},{"@type":"ListItem","position":3,"name":"Picolinate de zinc, 50mg &#8211; 120 g\u00e9lules v\u00e9g\u00e9taliennes"}]},{"@type":"WebSite","@id":"https:\/\/ecosupplements.be\/fr\/#website","url":"https:\/\/ecosupplements.be\/fr\/","name":"ECO Supplements","description":"Eco Supplements - Gezonde supplementen","publisher":{"@id":"https:\/\/ecosupplements.be\/fr\/#organization"},"potentialAction":[{"@type":"SearchAction","target":{"@type":"EntryPoint","urlTemplate":"https:\/\/ecosupplements.be\/fr\/?s={search_term_string}"},"query-input":{"@type":"PropertyValueSpecification","valueRequired":true,"valueName":"search_term_string"}}],"inLanguage":"fr-FR"},{"@type":"Organization","@id":"https:\/\/ecosupplements.be\/fr\/#organization","name":"Eco Supplements","url":"https:\/\/ecosupplements.be\/fr\/","logo":{"@type":"ImageObject","inLanguage":"fr-FR","@id":"https:\/\/ecosupplements.be\/fr\/#\/schema\/logo\/image\/","url":"https:\/\/ecosupplements.be\/wp-content\/uploads\/2022\/06\/ecosupplement-family.png","contentUrl":"https:\/\/ecosupplements.be\/wp-content\/uploads\/2022\/06\/ecosupplement-family.png","width":593,"height":374,"caption":"Eco Supplements"},"image":{"@id":"https:\/\/ecosupplements.be\/fr\/#\/schema\/logo\/image\/"}}]},"product_brand":"Osavi","product_price_amount":"16.11","product_price_currency":"EUR","og_availability":"instock","product_availability":"instock","product_retailer_item_id":"5904139921067","product_condition":"new"},"_links":{"self":[{"href":"https:\/\/ecosupplements.be\/fr\/wp-json\/wp\/v2\/product\/282338","targetHints":{"allow":["GET"]}}],"collection":[{"href":"https:\/\/ecosupplements.be\/fr\/wp-json\/wp\/v2\/product"}],"about":[{"href":"https:\/\/ecosupplements.be\/fr\/wp-json\/wp\/v2\/types\/product"}],"replies":[{"embeddable":true,"href":"https:\/\/ecosupplements.be\/fr\/wp-json\/wp\/v2\/comments?post=282338"}],"wp:featuredmedia":[{"embeddable":true,"href":"https:\/\/ecosupplements.be\/fr\/wp-json\/wp\/v2\/media\/253705"}],"wp:attachment":[{"href":"https:\/\/ecosupplements.be\/fr\/wp-json\/wp\/v2\/media?parent=282338"}],"wp:term":[{"taxonomy":"product_brand","embeddable":true,"href":"https:\/\/ecosupplements.be\/fr\/wp-json\/wp\/v2\/product_brand?post=282338"},{"taxonomy":"product_cat","embeddable":true,"href":"https:\/\/ecosupplements.be\/fr\/wp-json\/wp\/v2\/product_cat?post=282338"},{"taxonomy":"product_tag","embeddable":true,"href":"https:\/\/ecosupplements.be\/fr\/wp-json\/wp\/v2\/product_tag?post=282338"}],"curies":[{"name":"wp","href":"https:\/\/api.w.org\/{rel}","templated":true}]}}