{"id":282385,"date":"2022-06-28T10:28:49","date_gmt":"2022-06-28T09:28:49","guid":{"rendered":"https:\/\/ecosupplements.be\/product\/smart-bar-birthday-cake-12-barres\/"},"modified":"2025-08-27T12:25:24","modified_gmt":"2025-08-27T11:25:24","slug":"smart-bar-birthday-cake-12-barres","status":"publish","type":"product","link":"https:\/\/ecosupplements.be\/fr\/produit\/smart-bar-birthday-cake-12-barres\/","title":{"rendered":"Smart Bar, Birthday Cake &#8211; 12 barres"},"content":{"rendered":"<h1 style=\"text-align: center;\">PhD &#8211; Barre intelligente<\/h1>\n<p>1 million de barres vendues dans les 47 premiers jours de leur sortie signifie que Smart Bar est un ph\u00e9nom\u00e8ne de barres prot\u00e9in\u00e9es, surtout \u00e0 une \u00e9poque o\u00f9 le march\u00e9 est tr\u00e8s prolifique. PhD Nutrition a toujours \u00e9t\u00e9 le leader dans le domaine des produits hyperprot\u00e9in\u00e9s et hypoglucidiques qui vous permettent d&#8217;atteindre vos objectifs de performance et de suivre votre style de vie minceur avec des produits au go\u00fbt d\u00e9licieux et contr\u00f4l\u00e9s sur le plan macro. Smart Bar et notre vaste gamme Diet Whey (poudres, boissons, barres et squeezy&#8217;s) ont prouv\u00e9 que nous sommes la marque de r\u00e9f\u00e9rence pour ceux qui veulent s\u00e9rieusement suivre un r\u00e9gime pauvre en glucides, mais qui ne veulent pas sacrifier le go\u00fbt et l&#8217;indulgence.<br \/>\nSmart Bar est une barre au go\u00fbt \u00e9tonnant, m\u00eame selon les normes de confiserie, vous pourriez volontiers placer cette barre \u00e0 c\u00f4t\u00e9 des principales barres de chocolat et nous gagnerions sur le plan du go\u00fbt. Sauf que dans le cas de Smart Bar, vous n&#8217;avez pas des tonnes de sucre et de graisse, vous avez 20 grammes de prot\u00e9ines de qualit\u00e9 et moins de 2g de sucre, le tout envelopp\u00e9 dans moins de 250 calories. La fa\u00e7on dont nous y sommes parvenus a m\u00eame surpris les personnes intelligentes de PhD.<br \/>\nLa Smart Bar est id\u00e9ale pour \u00eatre consomm\u00e9e entre les repas ou \u00e0 la place d&#8217;un repas (chez PhD, nous aimons les manger avant de nous coucher pour aider \u00e0 lutter contre les envies de sucre en fin de soir\u00e9e, ou en milieu d&#8217;apr\u00e8s-midi pour \u00e9gayer vos papilles gustatives pour la journ\u00e9e apr\u00e8s un d\u00e9jeuner sain \u00e0 base de salade de poulet), mais elle peut \u00eatre consomm\u00e9e \u00e0 tout moment lorsque vous avez besoin d&#8217;un en-cas riche en prot\u00e9ines qui offre un go\u00fbt et des r\u00e9sultats exceptionnels.<br \/>\nDisponible en 5 saveurs de style dessert telles que Brownie au chocolat, Beurre de cacahu\u00e8te au chocolat et Cookies et cr\u00e8me, Smart Bar est en train de devenir la barre prot\u00e9in\u00e9e pr\u00e9f\u00e9r\u00e9e de la nation.<br \/>\nPhD Smart Bar est une barre hyperprot\u00e9in\u00e9e \u00e0 triple couche, \u00e0 faible teneur en sucre, sans huile de palme et au go\u00fbt d\u00e9licieux. Disponible en 5 saveurs d\u00e9licieuses et avec 20g de prot\u00e9ines de qualit\u00e9 et moins de 2g de sucre par barre, PhD Smart Bar est le moyen intelligent d&#8217;obtenir votre dose quotidienne de prot\u00e9ines sans ajouter de glucides ind\u00e9sirables.<\/p>\n","protected":false},"excerpt":{"rendered":"<p>PhD &#8211; Barre intelligente 1 million de barres vendues dans les 47 premiers jours de leur sortie signifie que Smart Bar est un ph\u00e9nom\u00e8ne de barres prot\u00e9in\u00e9es, surtout \u00e0 une \u00e9poque o\u00f9 le march\u00e9 est tr\u00e8s prolifique. PhD Nutrition a toujours \u00e9t\u00e9 le leader dans le domaine des produits hyperprot\u00e9in\u00e9s et hypoglucidiques qui vous permettent [&#8230;]\n","protected":false},"featured_media":253942,"comment_status":"open","ping_status":"open","template":"","meta":[],"product_brand":[4875],"product_cat":[5048,5072,5057,5052],"product_tag":[5069],"class_list":{"0":"post-282385","1":"product","2":"type-product","3":"status-publish","4":"has-post-thumbnail","6":"product_brand-phd-2","7":"product_cat-aptitude","8":"product_cat-barres-proteinees","9":"product_cat-proteines","10":"product_cat-sante-et-bien-etre","11":"product_tag-topeco-2","13":"first","14":"instock","15":"taxable","16":"shipping-taxable","17":"purchasable","18":"product-type-simple"},"yoast_head":"<!-- This site is optimized with the Yoast SEO Premium plugin v27.3 (Yoast SEO v27.3) - https:\/\/yoast.com\/product\/yoast-seo-premium-wordpress\/ -->\n<title>Smart Bar, Birthday Cake - 12 barres - ECO Supplements<\/title>\n<meta name=\"description\" content=\"Wij hebben een ruime keuze aan producten van Smart Bar, Birthday Cake - 12 barres . Winkel bij Eco Supplements altijd gratis verzending boven 100\u20ac\" \/>\n<meta name=\"robots\" content=\"index, follow, max-snippet:-1, max-image-preview:large, max-video-preview:-1\" \/>\n<link rel=\"canonical\" href=\"https:\/\/ecosupplements.be\/fr\/produit\/smart-bar-birthday-cake-12-barres\/\" \/>\n<meta property=\"og:locale\" content=\"fr_FR\" \/>\n<meta property=\"og:type\" content=\"article\" \/>\n<meta property=\"og:title\" content=\"Smart Bar, Birthday Cake - 12 barres\" \/>\n<meta property=\"og:description\" content=\"Wij hebben een ruime keuze aan producten van Smart Bar, Birthday Cake - 12 barres . Winkel bij Eco Supplements altijd gratis verzending boven 100\u20ac\" \/>\n<meta property=\"og:url\" content=\"https:\/\/ecosupplements.be\/fr\/produit\/smart-bar-birthday-cake-12-barres\/\" \/>\n<meta property=\"og:site_name\" content=\"ECO Supplements\" \/>\n<meta property=\"article:modified_time\" content=\"2025-08-27T11:25:24+00:00\" \/>\n<meta property=\"og:image\" content=\"https:\/\/ecosupplements.be\/wp-content\/uploads\/2025\/08\/PhD-Smart-Bar-Birthday-Cake-12-bars.jpg\" \/>\n\t<meta property=\"og:image:width\" content=\"500\" \/>\n\t<meta property=\"og:image:height\" content=\"500\" \/>\n\t<meta property=\"og:image:type\" content=\"image\/jpeg\" \/>\n<meta name=\"twitter:card\" content=\"summary_large_image\" \/>\n<meta name=\"twitter:label1\" content=\"Prix\" \/>\n\t<meta name=\"twitter:data1\" content=\"25.41&nbsp;&euro;\" \/>\n\t<meta name=\"twitter:label2\" content=\"Disponibilit\u00e9\" \/>\n\t<meta name=\"twitter:data2\" content=\"En stock\" \/>\n<script type=\"application\/ld+json\" class=\"yoast-schema-graph\">{\"@context\":\"https:\\\/\\\/schema.org\",\"@graph\":[{\"@type\":[\"WebPage\",\"ItemPage\"],\"@id\":\"https:\\\/\\\/ecosupplements.be\\\/fr\\\/produit\\\/smart-bar-birthday-cake-12-barres\\\/\",\"url\":\"https:\\\/\\\/ecosupplements.be\\\/fr\\\/produit\\\/smart-bar-birthday-cake-12-barres\\\/\",\"name\":\"Smart Bar, Birthday Cake - 12 barres - ECO Supplements\",\"isPartOf\":{\"@id\":\"https:\\\/\\\/ecosupplements.be\\\/fr\\\/#website\"},\"primaryImageOfPage\":{\"@id\":\"https:\\\/\\\/ecosupplements.be\\\/fr\\\/produit\\\/smart-bar-birthday-cake-12-barres\\\/#primaryimage\"},\"image\":{\"@id\":\"https:\\\/\\\/ecosupplements.be\\\/fr\\\/produit\\\/smart-bar-birthday-cake-12-barres\\\/#primaryimage\"},\"thumbnailUrl\":\"https:\\\/\\\/ecosupplements.be\\\/wp-content\\\/uploads\\\/2025\\\/08\\\/PhD-Smart-Bar-Birthday-Cake-12-bars-1.jpg\",\"datePublished\":\"2022-06-28T09:28:49+00:00\",\"dateModified\":\"2025-08-27T11:25:24+00:00\",\"description\":\"Wij hebben een ruime keuze aan producten van Smart Bar, Birthday Cake - 12 barres . Winkel bij Eco Supplements altijd gratis verzending boven 100\u20ac\",\"breadcrumb\":{\"@id\":\"https:\\\/\\\/ecosupplements.be\\\/fr\\\/produit\\\/smart-bar-birthday-cake-12-barres\\\/#breadcrumb\"},\"inLanguage\":\"fr-FR\",\"potentialAction\":[{\"@type\":\"ReadAction\",\"target\":[\"https:\\\/\\\/ecosupplements.be\\\/fr\\\/produit\\\/smart-bar-birthday-cake-12-barres\\\/\"]}]},{\"@type\":\"ImageObject\",\"inLanguage\":\"fr-FR\",\"@id\":\"https:\\\/\\\/ecosupplements.be\\\/fr\\\/produit\\\/smart-bar-birthday-cake-12-barres\\\/#primaryimage\",\"url\":\"https:\\\/\\\/ecosupplements.be\\\/wp-content\\\/uploads\\\/2025\\\/08\\\/PhD-Smart-Bar-Birthday-Cake-12-bars-1.jpg\",\"contentUrl\":\"https:\\\/\\\/ecosupplements.be\\\/wp-content\\\/uploads\\\/2025\\\/08\\\/PhD-Smart-Bar-Birthday-Cake-12-bars-1.jpg\",\"width\":500,\"height\":500},{\"@type\":\"BreadcrumbList\",\"@id\":\"https:\\\/\\\/ecosupplements.be\\\/fr\\\/produit\\\/smart-bar-birthday-cake-12-barres\\\/#breadcrumb\",\"itemListElement\":[{\"@type\":\"ListItem\",\"position\":1,\"name\":\"Home\",\"item\":\"https:\\\/\\\/ecosupplements.be\\\/fr\\\/\"},{\"@type\":\"ListItem\",\"position\":2,\"name\":\"Boutique\",\"item\":\"https:\\\/\\\/ecosupplements.be\\\/fr\\\/boutique\\\/\"},{\"@type\":\"ListItem\",\"position\":3,\"name\":\"Smart Bar, Birthday Cake &#8211; 12 barres\"}]},{\"@type\":\"WebSite\",\"@id\":\"https:\\\/\\\/ecosupplements.be\\\/fr\\\/#website\",\"url\":\"https:\\\/\\\/ecosupplements.be\\\/fr\\\/\",\"name\":\"ECO Supplements\",\"description\":\"Eco Supplements - Gezonde supplementen\",\"publisher\":{\"@id\":\"https:\\\/\\\/ecosupplements.be\\\/fr\\\/#organization\"},\"potentialAction\":[{\"@type\":\"SearchAction\",\"target\":{\"@type\":\"EntryPoint\",\"urlTemplate\":\"https:\\\/\\\/ecosupplements.be\\\/fr\\\/?s={search_term_string}\"},\"query-input\":{\"@type\":\"PropertyValueSpecification\",\"valueRequired\":true,\"valueName\":\"search_term_string\"}}],\"inLanguage\":\"fr-FR\"},{\"@type\":\"Organization\",\"@id\":\"https:\\\/\\\/ecosupplements.be\\\/fr\\\/#organization\",\"name\":\"Eco Supplements\",\"url\":\"https:\\\/\\\/ecosupplements.be\\\/fr\\\/\",\"logo\":{\"@type\":\"ImageObject\",\"inLanguage\":\"fr-FR\",\"@id\":\"https:\\\/\\\/ecosupplements.be\\\/fr\\\/#\\\/schema\\\/logo\\\/image\\\/\",\"url\":\"https:\\\/\\\/ecosupplements.be\\\/wp-content\\\/uploads\\\/2022\\\/06\\\/ecosupplement-family.png\",\"contentUrl\":\"https:\\\/\\\/ecosupplements.be\\\/wp-content\\\/uploads\\\/2022\\\/06\\\/ecosupplement-family.png\",\"width\":593,\"height\":374,\"caption\":\"Eco Supplements\"},\"image\":{\"@id\":\"https:\\\/\\\/ecosupplements.be\\\/fr\\\/#\\\/schema\\\/logo\\\/image\\\/\"}}]}<\/script>\n<meta property=\"product:brand\" content=\"PhD\" \/>\n<meta property=\"product:price:amount\" content=\"25.41\" \/>\n<meta property=\"product:price:currency\" content=\"EUR\" \/>\n<meta property=\"og:availability\" content=\"instock\" \/>\n<meta property=\"product:availability\" content=\"instock\" \/>\n<meta property=\"product:retailer_item_id\" content=\"5060578321735\" \/>\n<meta property=\"product:condition\" content=\"new\" \/>\n<!-- \/ Yoast SEO Premium plugin. -->","yoast_head_json":{"title":"Smart Bar, Birthday Cake - 12 barres - ECO Supplements","description":"Wij hebben een ruime keuze aan producten van Smart Bar, Birthday Cake - 12 barres . Winkel bij Eco Supplements altijd gratis verzending boven 100\u20ac","robots":{"index":"index","follow":"follow","max-snippet":"max-snippet:-1","max-image-preview":"max-image-preview:large","max-video-preview":"max-video-preview:-1"},"canonical":"https:\/\/ecosupplements.be\/fr\/produit\/smart-bar-birthday-cake-12-barres\/","og_locale":"fr_FR","og_type":"article","og_title":"Smart Bar, Birthday Cake - 12 barres","og_description":"Wij hebben een ruime keuze aan producten van Smart Bar, Birthday Cake - 12 barres . Winkel bij Eco Supplements altijd gratis verzending boven 100\u20ac","og_url":"https:\/\/ecosupplements.be\/fr\/produit\/smart-bar-birthday-cake-12-barres\/","og_site_name":"ECO Supplements","article_modified_time":"2025-08-27T11:25:24+00:00","og_image":[{"width":500,"height":500,"url":"https:\/\/ecosupplements.be\/wp-content\/uploads\/2025\/08\/PhD-Smart-Bar-Birthday-Cake-12-bars.jpg","type":"image\/jpeg"}],"twitter_card":"summary_large_image","twitter_misc":{"Prix":"25.41&nbsp;&euro;","Disponibilit\u00e9":"En stock"},"schema":{"@context":"https:\/\/schema.org","@graph":[{"@type":["WebPage","ItemPage"],"@id":"https:\/\/ecosupplements.be\/fr\/produit\/smart-bar-birthday-cake-12-barres\/","url":"https:\/\/ecosupplements.be\/fr\/produit\/smart-bar-birthday-cake-12-barres\/","name":"Smart Bar, Birthday Cake - 12 barres - ECO Supplements","isPartOf":{"@id":"https:\/\/ecosupplements.be\/fr\/#website"},"primaryImageOfPage":{"@id":"https:\/\/ecosupplements.be\/fr\/produit\/smart-bar-birthday-cake-12-barres\/#primaryimage"},"image":{"@id":"https:\/\/ecosupplements.be\/fr\/produit\/smart-bar-birthday-cake-12-barres\/#primaryimage"},"thumbnailUrl":"https:\/\/ecosupplements.be\/wp-content\/uploads\/2025\/08\/PhD-Smart-Bar-Birthday-Cake-12-bars-1.jpg","datePublished":"2022-06-28T09:28:49+00:00","dateModified":"2025-08-27T11:25:24+00:00","description":"Wij hebben een ruime keuze aan producten van Smart Bar, Birthday Cake - 12 barres . Winkel bij Eco Supplements altijd gratis verzending boven 100\u20ac","breadcrumb":{"@id":"https:\/\/ecosupplements.be\/fr\/produit\/smart-bar-birthday-cake-12-barres\/#breadcrumb"},"inLanguage":"fr-FR","potentialAction":[{"@type":"ReadAction","target":["https:\/\/ecosupplements.be\/fr\/produit\/smart-bar-birthday-cake-12-barres\/"]}]},{"@type":"ImageObject","inLanguage":"fr-FR","@id":"https:\/\/ecosupplements.be\/fr\/produit\/smart-bar-birthday-cake-12-barres\/#primaryimage","url":"https:\/\/ecosupplements.be\/wp-content\/uploads\/2025\/08\/PhD-Smart-Bar-Birthday-Cake-12-bars-1.jpg","contentUrl":"https:\/\/ecosupplements.be\/wp-content\/uploads\/2025\/08\/PhD-Smart-Bar-Birthday-Cake-12-bars-1.jpg","width":500,"height":500},{"@type":"BreadcrumbList","@id":"https:\/\/ecosupplements.be\/fr\/produit\/smart-bar-birthday-cake-12-barres\/#breadcrumb","itemListElement":[{"@type":"ListItem","position":1,"name":"Home","item":"https:\/\/ecosupplements.be\/fr\/"},{"@type":"ListItem","position":2,"name":"Boutique","item":"https:\/\/ecosupplements.be\/fr\/boutique\/"},{"@type":"ListItem","position":3,"name":"Smart Bar, Birthday Cake &#8211; 12 barres"}]},{"@type":"WebSite","@id":"https:\/\/ecosupplements.be\/fr\/#website","url":"https:\/\/ecosupplements.be\/fr\/","name":"ECO Supplements","description":"Eco Supplements - Gezonde supplementen","publisher":{"@id":"https:\/\/ecosupplements.be\/fr\/#organization"},"potentialAction":[{"@type":"SearchAction","target":{"@type":"EntryPoint","urlTemplate":"https:\/\/ecosupplements.be\/fr\/?s={search_term_string}"},"query-input":{"@type":"PropertyValueSpecification","valueRequired":true,"valueName":"search_term_string"}}],"inLanguage":"fr-FR"},{"@type":"Organization","@id":"https:\/\/ecosupplements.be\/fr\/#organization","name":"Eco Supplements","url":"https:\/\/ecosupplements.be\/fr\/","logo":{"@type":"ImageObject","inLanguage":"fr-FR","@id":"https:\/\/ecosupplements.be\/fr\/#\/schema\/logo\/image\/","url":"https:\/\/ecosupplements.be\/wp-content\/uploads\/2022\/06\/ecosupplement-family.png","contentUrl":"https:\/\/ecosupplements.be\/wp-content\/uploads\/2022\/06\/ecosupplement-family.png","width":593,"height":374,"caption":"Eco Supplements"},"image":{"@id":"https:\/\/ecosupplements.be\/fr\/#\/schema\/logo\/image\/"}}]},"product_brand":"PhD","product_price_amount":"25.41","product_price_currency":"EUR","og_availability":"instock","product_availability":"instock","product_retailer_item_id":"5060578321735","product_condition":"new"},"_links":{"self":[{"href":"https:\/\/ecosupplements.be\/fr\/wp-json\/wp\/v2\/product\/282385","targetHints":{"allow":["GET"]}}],"collection":[{"href":"https:\/\/ecosupplements.be\/fr\/wp-json\/wp\/v2\/product"}],"about":[{"href":"https:\/\/ecosupplements.be\/fr\/wp-json\/wp\/v2\/types\/product"}],"replies":[{"embeddable":true,"href":"https:\/\/ecosupplements.be\/fr\/wp-json\/wp\/v2\/comments?post=282385"}],"wp:featuredmedia":[{"embeddable":true,"href":"https:\/\/ecosupplements.be\/fr\/wp-json\/wp\/v2\/media\/253942"}],"wp:attachment":[{"href":"https:\/\/ecosupplements.be\/fr\/wp-json\/wp\/v2\/media?parent=282385"}],"wp:term":[{"taxonomy":"product_brand","embeddable":true,"href":"https:\/\/ecosupplements.be\/fr\/wp-json\/wp\/v2\/product_brand?post=282385"},{"taxonomy":"product_cat","embeddable":true,"href":"https:\/\/ecosupplements.be\/fr\/wp-json\/wp\/v2\/product_cat?post=282385"},{"taxonomy":"product_tag","embeddable":true,"href":"https:\/\/ecosupplements.be\/fr\/wp-json\/wp\/v2\/product_tag?post=282385"}],"curies":[{"name":"wp","href":"https:\/\/api.w.org\/{rel}","templated":true}]}}