{"id":282395,"date":"2022-06-28T10:28:58","date_gmt":"2022-06-28T09:28:58","guid":{"rendered":"https:\/\/ecosupplements.be\/product\/aakg-arginine-alpha-ketoglutarate-250g\/"},"modified":"2025-08-27T12:25:54","modified_gmt":"2025-08-27T11:25:54","slug":"aakg-arginine-alpha-ketoglutarate-250g","status":"publish","type":"product","link":"https:\/\/ecosupplements.be\/fr\/produit\/aakg-arginine-alpha-ketoglutarate-250g\/","title":{"rendered":"AAKG, Arginine Alpha-Ketoglutarate &#8211; 250g"},"content":{"rendered":"<h1 style=\"text-align: center;\">AAKG<\/h1>\n<p>PrimaForce AAKG peut \u00eatre pris pour augmenter la production d&#8217;oxyde nitrique, ce qui peut stimuler les performances athl\u00e9tiques et am\u00e9liorer la croissance musculaire. Plus d&#8217;oxyde nitrique dans vos vaisseaux sanguins signifie que vous pouvez supporter des entra\u00eenements plus longs et plus intenses.<br \/>\nL&#8217;Arginine Alpha-Ketoglutarate est un compl\u00e9ment alimentaire compos\u00e9 de l&#8217;acide amin\u00e9 Arginine et du compos\u00e9 Alpha-Ketoglutarate. L&#8217;AAKG est n\u00e9cessaire \u00e0 la production d&#8217;oxyde nitrique dans le foie. Il est couramment pris pour stimuler les performances athl\u00e9tiques, en particulier pour les exercices ana\u00e9robies, tels que le culturisme et l&#8217;halt\u00e9rophilie. L&#8217;AAKG peut \u00e9galement profiter aux personnes souffrant d&#8217;hypertension art\u00e9rielle en augmentant la quantit\u00e9 d&#8217;oxyde nitrique dans les vaisseaux sanguins. Cela augmente le flux sanguin sans avoir d&#8217;impact sur la pression art\u00e9rielle.<br \/>\nLA MEILLEURE QUALIT\u00c9 : Test\u00e9 en laboratoire pour sa puissance et sa puret\u00e9. Nous n&#8217;utilisons que des ingr\u00e9dients de qualit\u00e9 pharmaceutique, test\u00e9s cliniquement et soutenus par les derni\u00e8res recherches et d\u00e9veloppements.<br \/>\nSIDA PERFORMANCE EN FORCE : Renforce les effets de construction musculaire des exercices ana\u00e9robiques de haute intensit\u00e9.<br \/>\nStimule la production d&#8217;oxyde nitrique : stimule les niveaux d&#8217;oxyde nitrique dans les vaisseaux sanguins, ce qui augmente le flux sanguin sans augmenter la pression art\u00e9rielle. Plus de sang vers les muscles peut conduire \u00e0 des entra\u00eenements plus intenses et plus efficaces.<br \/>\nAM\u00c9LIORE LA TOL\u00c9RANCE D&#8217;ENTRA\u00ceNEMENT INTENSE : permet aux utilisateurs de tol\u00e9rer des entra\u00eenements plus longs et plus durs, ce qui permet d&#8217;am\u00e9liorer davantage la construction de la masse musculaire maigre.<\/p>\n","protected":false},"excerpt":{"rendered":"<p>AAKG PrimaForce AAKG peut \u00eatre pris pour augmenter la production d&#8217;oxyde nitrique, ce qui peut stimuler les performances athl\u00e9tiques et am\u00e9liorer la croissance musculaire. Plus d&#8217;oxyde nitrique dans vos vaisseaux sanguins signifie que vous pouvez supporter des entra\u00eenements plus longs et plus intenses. L&#8217;Arginine Alpha-Ketoglutarate est un compl\u00e9ment alimentaire compos\u00e9 de l&#8217;acide amin\u00e9 Arginine et [&#8230;]\n","protected":false},"featured_media":235335,"comment_status":"open","ping_status":"open","template":"","meta":[],"product_brand":[4757],"product_cat":[5067,5111,5112,5048,5052],"product_tag":[5069],"class_list":{"0":"post-282395","1":"product","2":"type-product","3":"status-publish","4":"has-post-thumbnail","6":"product_brand-primaforce-2","7":"product_cat-acides-amines-et-bcaa","8":"product_cat-acides-amines-et-bcaas","9":"product_cat-acides-amines-individuels","10":"product_cat-aptitude","11":"product_cat-sante-et-bien-etre","12":"product_tag-topeco-2","14":"first","15":"instock","16":"sale","17":"taxable","18":"shipping-taxable","19":"purchasable","20":"product-type-simple"},"yoast_head":"<!-- This site is optimized with the Yoast SEO Premium plugin v27.5 (Yoast SEO v27.5) - https:\/\/yoast.com\/product\/yoast-seo-premium-wordpress\/ -->\n<title>AAKG, Arginine Alpha-Ketoglutarate - 250g - ECO Supplements<\/title>\n<meta name=\"description\" content=\"Wij hebben een ruime keuze aan producten van AAKG, Arginine Alpha-Ketoglutarate - 250g . Winkel bij Eco Supplements altijd gratis verzending boven 100\u20ac\" \/>\n<meta name=\"robots\" content=\"index, follow, max-snippet:-1, max-image-preview:large, max-video-preview:-1\" \/>\n<link rel=\"canonical\" href=\"https:\/\/ecosupplements.be\/fr\/produit\/aakg-arginine-alpha-ketoglutarate-250g\/\" \/>\n<meta property=\"og:locale\" content=\"fr_FR\" \/>\n<meta property=\"og:type\" content=\"article\" \/>\n<meta property=\"og:title\" content=\"AAKG, Arginine Alpha-Ketoglutarate - 250g\" \/>\n<meta property=\"og:description\" content=\"Wij hebben een ruime keuze aan producten van AAKG, Arginine Alpha-Ketoglutarate - 250g . Winkel bij Eco Supplements altijd gratis verzending boven 100\u20ac\" \/>\n<meta property=\"og:url\" content=\"https:\/\/ecosupplements.be\/fr\/produit\/aakg-arginine-alpha-ketoglutarate-250g\/\" \/>\n<meta property=\"og:site_name\" content=\"ECO Supplements\" \/>\n<meta property=\"article:modified_time\" content=\"2025-08-27T11:25:54+00:00\" \/>\n<meta property=\"og:image\" content=\"https:\/\/ecosupplements.be\/wp-content\/uploads\/2025\/08\/Primaforce-AAKG-250-grams.jpg\" \/>\n\t<meta property=\"og:image:width\" content=\"750\" \/>\n\t<meta property=\"og:image:height\" content=\"750\" \/>\n\t<meta property=\"og:image:type\" content=\"image\/jpeg\" \/>\n<meta name=\"twitter:card\" content=\"summary_large_image\" \/>\n<meta name=\"twitter:label1\" content=\"Prix\" \/>\n\t<meta name=\"twitter:data1\" content=\"23.08&nbsp;&euro;\" \/>\n\t<meta name=\"twitter:label2\" content=\"Disponibilit\u00e9\" \/>\n\t<meta name=\"twitter:data2\" content=\"En stock\" \/>\n<script type=\"application\/ld+json\" class=\"yoast-schema-graph\">{\"@context\":\"https:\\\/\\\/schema.org\",\"@graph\":[{\"@type\":[\"WebPage\",\"ItemPage\"],\"@id\":\"https:\\\/\\\/ecosupplements.be\\\/fr\\\/produit\\\/aakg-arginine-alpha-ketoglutarate-250g\\\/\",\"url\":\"https:\\\/\\\/ecosupplements.be\\\/fr\\\/produit\\\/aakg-arginine-alpha-ketoglutarate-250g\\\/\",\"name\":\"AAKG, Arginine Alpha-Ketoglutarate - 250g - ECO Supplements\",\"isPartOf\":{\"@id\":\"https:\\\/\\\/ecosupplements.be\\\/fr\\\/#website\"},\"primaryImageOfPage\":{\"@id\":\"https:\\\/\\\/ecosupplements.be\\\/fr\\\/produit\\\/aakg-arginine-alpha-ketoglutarate-250g\\\/#primaryimage\"},\"image\":{\"@id\":\"https:\\\/\\\/ecosupplements.be\\\/fr\\\/produit\\\/aakg-arginine-alpha-ketoglutarate-250g\\\/#primaryimage\"},\"thumbnailUrl\":\"https:\\\/\\\/ecosupplements.be\\\/wp-content\\\/uploads\\\/2025\\\/08\\\/Primaforce-AAKG-250-grams.jpg\",\"datePublished\":\"2022-06-28T09:28:58+00:00\",\"dateModified\":\"2025-08-27T11:25:54+00:00\",\"description\":\"Wij hebben een ruime keuze aan producten van AAKG, Arginine Alpha-Ketoglutarate - 250g . Winkel bij Eco Supplements altijd gratis verzending boven 100\u20ac\",\"breadcrumb\":{\"@id\":\"https:\\\/\\\/ecosupplements.be\\\/fr\\\/produit\\\/aakg-arginine-alpha-ketoglutarate-250g\\\/#breadcrumb\"},\"inLanguage\":\"fr-FR\",\"potentialAction\":[{\"@type\":\"ReadAction\",\"target\":[\"https:\\\/\\\/ecosupplements.be\\\/fr\\\/produit\\\/aakg-arginine-alpha-ketoglutarate-250g\\\/\"]}]},{\"@type\":\"ImageObject\",\"inLanguage\":\"fr-FR\",\"@id\":\"https:\\\/\\\/ecosupplements.be\\\/fr\\\/produit\\\/aakg-arginine-alpha-ketoglutarate-250g\\\/#primaryimage\",\"url\":\"https:\\\/\\\/ecosupplements.be\\\/wp-content\\\/uploads\\\/2025\\\/08\\\/Primaforce-AAKG-250-grams.jpg\",\"contentUrl\":\"https:\\\/\\\/ecosupplements.be\\\/wp-content\\\/uploads\\\/2025\\\/08\\\/Primaforce-AAKG-250-grams.jpg\",\"width\":750,\"height\":750},{\"@type\":\"BreadcrumbList\",\"@id\":\"https:\\\/\\\/ecosupplements.be\\\/fr\\\/produit\\\/aakg-arginine-alpha-ketoglutarate-250g\\\/#breadcrumb\",\"itemListElement\":[{\"@type\":\"ListItem\",\"position\":1,\"name\":\"Home\",\"item\":\"https:\\\/\\\/ecosupplements.be\\\/fr\\\/\"},{\"@type\":\"ListItem\",\"position\":2,\"name\":\"Boutique\",\"item\":\"https:\\\/\\\/ecosupplements.be\\\/fr\\\/boutique\\\/\"},{\"@type\":\"ListItem\",\"position\":3,\"name\":\"AAKG, Arginine Alpha-Ketoglutarate &#8211; 250g\"}]},{\"@type\":\"WebSite\",\"@id\":\"https:\\\/\\\/ecosupplements.be\\\/fr\\\/#website\",\"url\":\"https:\\\/\\\/ecosupplements.be\\\/fr\\\/\",\"name\":\"ECO Supplements\",\"description\":\"Eco Supplements - Gezonde supplementen\",\"publisher\":{\"@id\":\"https:\\\/\\\/ecosupplements.be\\\/fr\\\/#organization\"},\"potentialAction\":[{\"@type\":\"SearchAction\",\"target\":{\"@type\":\"EntryPoint\",\"urlTemplate\":\"https:\\\/\\\/ecosupplements.be\\\/fr\\\/?s={search_term_string}\"},\"query-input\":{\"@type\":\"PropertyValueSpecification\",\"valueRequired\":true,\"valueName\":\"search_term_string\"}}],\"inLanguage\":\"fr-FR\"},{\"@type\":\"Organization\",\"@id\":\"https:\\\/\\\/ecosupplements.be\\\/fr\\\/#organization\",\"name\":\"Eco Supplements\",\"url\":\"https:\\\/\\\/ecosupplements.be\\\/fr\\\/\",\"logo\":{\"@type\":\"ImageObject\",\"inLanguage\":\"fr-FR\",\"@id\":\"https:\\\/\\\/ecosupplements.be\\\/fr\\\/#\\\/schema\\\/logo\\\/image\\\/\",\"url\":\"https:\\\/\\\/ecosupplements.be\\\/wp-content\\\/uploads\\\/2022\\\/06\\\/ecosupplement-family.png\",\"contentUrl\":\"https:\\\/\\\/ecosupplements.be\\\/wp-content\\\/uploads\\\/2022\\\/06\\\/ecosupplement-family.png\",\"width\":593,\"height\":374,\"caption\":\"Eco Supplements\"},\"image\":{\"@id\":\"https:\\\/\\\/ecosupplements.be\\\/fr\\\/#\\\/schema\\\/logo\\\/image\\\/\"}}]}<\/script>\n<meta property=\"product:brand\" content=\"Primaforce\" \/>\n<meta property=\"product:price:amount\" content=\"23.08\" \/>\n<meta property=\"product:price:currency\" content=\"EUR\" \/>\n<meta property=\"og:availability\" content=\"instock\" \/>\n<meta property=\"product:availability\" content=\"instock\" \/>\n<meta property=\"product:retailer_item_id\" content=\"811445020023\" \/>\n<meta property=\"product:condition\" content=\"new\" \/>\n<!-- \/ Yoast SEO Premium plugin. -->","yoast_head_json":{"title":"AAKG, Arginine Alpha-Ketoglutarate - 250g - ECO Supplements","description":"Wij hebben een ruime keuze aan producten van AAKG, Arginine Alpha-Ketoglutarate - 250g . Winkel bij Eco Supplements altijd gratis verzending boven 100\u20ac","robots":{"index":"index","follow":"follow","max-snippet":"max-snippet:-1","max-image-preview":"max-image-preview:large","max-video-preview":"max-video-preview:-1"},"canonical":"https:\/\/ecosupplements.be\/fr\/produit\/aakg-arginine-alpha-ketoglutarate-250g\/","og_locale":"fr_FR","og_type":"article","og_title":"AAKG, Arginine Alpha-Ketoglutarate - 250g","og_description":"Wij hebben een ruime keuze aan producten van AAKG, Arginine Alpha-Ketoglutarate - 250g . Winkel bij Eco Supplements altijd gratis verzending boven 100\u20ac","og_url":"https:\/\/ecosupplements.be\/fr\/produit\/aakg-arginine-alpha-ketoglutarate-250g\/","og_site_name":"ECO Supplements","article_modified_time":"2025-08-27T11:25:54+00:00","og_image":[{"width":750,"height":750,"url":"https:\/\/ecosupplements.be\/wp-content\/uploads\/2025\/08\/Primaforce-AAKG-250-grams.jpg","type":"image\/jpeg"}],"twitter_card":"summary_large_image","twitter_misc":{"Prix":"23.08&nbsp;&euro;","Disponibilit\u00e9":"En stock"},"schema":{"@context":"https:\/\/schema.org","@graph":[{"@type":["WebPage","ItemPage"],"@id":"https:\/\/ecosupplements.be\/fr\/produit\/aakg-arginine-alpha-ketoglutarate-250g\/","url":"https:\/\/ecosupplements.be\/fr\/produit\/aakg-arginine-alpha-ketoglutarate-250g\/","name":"AAKG, Arginine Alpha-Ketoglutarate - 250g - ECO Supplements","isPartOf":{"@id":"https:\/\/ecosupplements.be\/fr\/#website"},"primaryImageOfPage":{"@id":"https:\/\/ecosupplements.be\/fr\/produit\/aakg-arginine-alpha-ketoglutarate-250g\/#primaryimage"},"image":{"@id":"https:\/\/ecosupplements.be\/fr\/produit\/aakg-arginine-alpha-ketoglutarate-250g\/#primaryimage"},"thumbnailUrl":"https:\/\/ecosupplements.be\/wp-content\/uploads\/2025\/08\/Primaforce-AAKG-250-grams.jpg","datePublished":"2022-06-28T09:28:58+00:00","dateModified":"2025-08-27T11:25:54+00:00","description":"Wij hebben een ruime keuze aan producten van AAKG, Arginine Alpha-Ketoglutarate - 250g . Winkel bij Eco Supplements altijd gratis verzending boven 100\u20ac","breadcrumb":{"@id":"https:\/\/ecosupplements.be\/fr\/produit\/aakg-arginine-alpha-ketoglutarate-250g\/#breadcrumb"},"inLanguage":"fr-FR","potentialAction":[{"@type":"ReadAction","target":["https:\/\/ecosupplements.be\/fr\/produit\/aakg-arginine-alpha-ketoglutarate-250g\/"]}]},{"@type":"ImageObject","inLanguage":"fr-FR","@id":"https:\/\/ecosupplements.be\/fr\/produit\/aakg-arginine-alpha-ketoglutarate-250g\/#primaryimage","url":"https:\/\/ecosupplements.be\/wp-content\/uploads\/2025\/08\/Primaforce-AAKG-250-grams.jpg","contentUrl":"https:\/\/ecosupplements.be\/wp-content\/uploads\/2025\/08\/Primaforce-AAKG-250-grams.jpg","width":750,"height":750},{"@type":"BreadcrumbList","@id":"https:\/\/ecosupplements.be\/fr\/produit\/aakg-arginine-alpha-ketoglutarate-250g\/#breadcrumb","itemListElement":[{"@type":"ListItem","position":1,"name":"Home","item":"https:\/\/ecosupplements.be\/fr\/"},{"@type":"ListItem","position":2,"name":"Boutique","item":"https:\/\/ecosupplements.be\/fr\/boutique\/"},{"@type":"ListItem","position":3,"name":"AAKG, Arginine Alpha-Ketoglutarate &#8211; 250g"}]},{"@type":"WebSite","@id":"https:\/\/ecosupplements.be\/fr\/#website","url":"https:\/\/ecosupplements.be\/fr\/","name":"ECO Supplements","description":"Eco Supplements - Gezonde supplementen","publisher":{"@id":"https:\/\/ecosupplements.be\/fr\/#organization"},"potentialAction":[{"@type":"SearchAction","target":{"@type":"EntryPoint","urlTemplate":"https:\/\/ecosupplements.be\/fr\/?s={search_term_string}"},"query-input":{"@type":"PropertyValueSpecification","valueRequired":true,"valueName":"search_term_string"}}],"inLanguage":"fr-FR"},{"@type":"Organization","@id":"https:\/\/ecosupplements.be\/fr\/#organization","name":"Eco Supplements","url":"https:\/\/ecosupplements.be\/fr\/","logo":{"@type":"ImageObject","inLanguage":"fr-FR","@id":"https:\/\/ecosupplements.be\/fr\/#\/schema\/logo\/image\/","url":"https:\/\/ecosupplements.be\/wp-content\/uploads\/2022\/06\/ecosupplement-family.png","contentUrl":"https:\/\/ecosupplements.be\/wp-content\/uploads\/2022\/06\/ecosupplement-family.png","width":593,"height":374,"caption":"Eco Supplements"},"image":{"@id":"https:\/\/ecosupplements.be\/fr\/#\/schema\/logo\/image\/"}}]},"product_brand":"Primaforce","product_price_amount":"23.08","product_price_currency":"EUR","og_availability":"instock","product_availability":"instock","product_retailer_item_id":"811445020023","product_condition":"new"},"_links":{"self":[{"href":"https:\/\/ecosupplements.be\/fr\/wp-json\/wp\/v2\/product\/282395","targetHints":{"allow":["GET"]}}],"collection":[{"href":"https:\/\/ecosupplements.be\/fr\/wp-json\/wp\/v2\/product"}],"about":[{"href":"https:\/\/ecosupplements.be\/fr\/wp-json\/wp\/v2\/types\/product"}],"replies":[{"embeddable":true,"href":"https:\/\/ecosupplements.be\/fr\/wp-json\/wp\/v2\/comments?post=282395"}],"wp:featuredmedia":[{"embeddable":true,"href":"https:\/\/ecosupplements.be\/fr\/wp-json\/wp\/v2\/media\/235335"}],"wp:attachment":[{"href":"https:\/\/ecosupplements.be\/fr\/wp-json\/wp\/v2\/media?parent=282395"}],"wp:term":[{"taxonomy":"product_brand","embeddable":true,"href":"https:\/\/ecosupplements.be\/fr\/wp-json\/wp\/v2\/product_brand?post=282395"},{"taxonomy":"product_cat","embeddable":true,"href":"https:\/\/ecosupplements.be\/fr\/wp-json\/wp\/v2\/product_cat?post=282395"},{"taxonomy":"product_tag","embeddable":true,"href":"https:\/\/ecosupplements.be\/fr\/wp-json\/wp\/v2\/product_tag?post=282395"}],"curies":[{"name":"wp","href":"https:\/\/api.w.org\/{rel}","templated":true}]}}