{"id":282444,"date":"2022-06-28T10:29:27","date_gmt":"2022-06-28T09:29:27","guid":{"rendered":"https:\/\/ecosupplements.be\/product\/daily-greens-en-poudre-chocolat-510g\/"},"modified":"2025-08-27T12:28:13","modified_gmt":"2025-08-27T11:28:13","slug":"daily-greens-en-poudre-chocolat-510g","status":"publish","type":"product","link":"https:\/\/ecosupplements.be\/fr\/produit\/daily-greens-en-poudre-chocolat-510g\/","title":{"rendered":"Daily Greens en poudre, chocolat &#8211; 510g"},"content":{"rendered":"<h1 style=\"text-align: center;\">Revive &#8211; Poudre de verdure quotidienne<\/h1>\n<p>Apr\u00e8s le grand succ\u00e8s et les commentaires positifs de notre formule Daily Greens, nous sommes revenus en arri\u00e8re et avons cr\u00e9\u00e9 quelque chose avec un profil nutritif global encore meilleur. Nous avons augment\u00e9 la teneur en micronutriments en incluant une vari\u00e9t\u00e9 de poudres de fruits et l\u00e9gumes frais et biologiques. En outre, nous avons ajout\u00e9 des graines de lin moulues et des graines de chia pour un suppl\u00e9ment de fibres, ainsi que de l&#8217;inuline pr\u00e9biotique et des probiotiques pour am\u00e9liorer la sant\u00e9 digestive, tout en offrant un \u00e9tiquetage totalement transparent.<\/p>\n<p>L&#8217;utilisation quotidienne de notre formule Daily Greens fournit tous les nutriments b\u00e9n\u00e9fiques provenant d&#8217;ingr\u00e9dients d&#8217;origine v\u00e9g\u00e9tale pour soutenir une alimentation saine et \u00e9quilibr\u00e9e. Chaque mesure contient un m\u00e9lange de &#8220;super aliments&#8221; riche en antioxydants et en puissants nutriments d&#8217;origine v\u00e9g\u00e9tale pour aider \u00e0 r\u00e9duire l&#8217;inflammation, soutenir la digestion et stimuler les niveaux d&#8217;\u00e9nergie. Cette formule compl\u00e8te aide \u00e0 soutenir l&#8217;activit\u00e9 des antioxydants et peut aider \u00e0 prot\u00e9ger le corps du stress cellulaire.<\/p>\n<p>Notre poudre de superaliment Daily Greens a \u00e9t\u00e9 formul\u00e9e pour les personnes dont le r\u00e9gime alimentaire est pauvre en fruits et l\u00e9gumes.  Si votre consommation quotidienne de fruits et l\u00e9gumes est inf\u00e9rieure \u00e0 la quantit\u00e9 recommand\u00e9e, ce suppl\u00e9ment est pour vous. L&#8217;utilisation quotidienne de cette formule d&#8217;origine naturelle aide \u00e0 augmenter l&#8217;apport en fibres, et sert de m\u00e9lange \u00e0 haute capacit\u00e9 d&#8217;absorption des radicaux libres (ORAC).<\/p>\n<p>La poudre de superaliment Daily Greens est sans gluten et sans produits laitiers. Disponible en saveurs de chocolat et de baies.<\/p>\n<p><img decoding=\"async\" src=\"https:\/\/ecosupplements.be\/wp-content\/uploads\/2025\/08\/gluten-free-1.png\" title=\"Sans gluten\" alt=\"Gluten free\"><img decoding=\"async\" src=\"https:\/\/ecosupplements.be\/wp-content\/uploads\/2025\/08\/vegan-1.png\" title=\"Vegan\" alt=\"Vegan\"><\/p>\n","protected":false},"excerpt":{"rendered":"<p>Revive &#8211; Poudre de verdure quotidienne Apr\u00e8s le grand succ\u00e8s et les commentaires positifs de notre formule Daily Greens, nous sommes revenus en arri\u00e8re et avons cr\u00e9\u00e9 quelque chose avec un profil nutritif global encore meilleur. Nous avons augment\u00e9 la teneur en micronutriments en incluant une vari\u00e9t\u00e9 de poudres de fruits et l\u00e9gumes frais et [&#8230;]\n","protected":false},"featured_media":254254,"comment_status":"open","ping_status":"open","template":"","meta":[],"product_brand":[4759],"product_cat":[5054,5055,5052,5053],"product_tag":[5071],"class_list":{"0":"post-282444","1":"product","2":"type-product","3":"status-publish","4":"has-post-thumbnail","6":"product_brand-revive-2","7":"product_cat-nourriture-saine","8":"product_cat-produits-vegetaliens","9":"product_cat-sante-et-bien-etre","10":"product_cat-vitamines-et-mineraux","11":"product_tag-ecoplus-2","13":"first","14":"outofstock","15":"sale","16":"taxable","17":"shipping-taxable","18":"purchasable","19":"product-type-simple"},"yoast_head":"<!-- This site is optimized with the Yoast SEO Premium plugin v27.3 (Yoast SEO v27.3) - https:\/\/yoast.com\/product\/yoast-seo-premium-wordpress\/ -->\n<title>Daily Greens en poudre, chocolat - 510g - ECO Supplements<\/title>\n<meta name=\"description\" content=\"Wij hebben een ruime keuze aan producten van Daily Greens en poudre, chocolat - 510g . Winkel bij Eco Supplements altijd gratis verzending boven 100\u20ac\" \/>\n<meta name=\"robots\" content=\"index, follow, max-snippet:-1, max-image-preview:large, max-video-preview:-1\" \/>\n<link rel=\"canonical\" href=\"https:\/\/ecosupplements.be\/fr\/produit\/daily-greens-en-poudre-chocolat-510g\/\" \/>\n<meta property=\"og:locale\" content=\"fr_FR\" \/>\n<meta property=\"og:type\" content=\"article\" \/>\n<meta property=\"og:title\" content=\"Daily Greens en poudre, chocolat - 510g\" \/>\n<meta property=\"og:description\" content=\"Wij hebben een ruime keuze aan producten van Daily Greens en poudre, chocolat - 510g . Winkel bij Eco Supplements altijd gratis verzending boven 100\u20ac\" \/>\n<meta property=\"og:url\" content=\"https:\/\/ecosupplements.be\/fr\/produit\/daily-greens-en-poudre-chocolat-510g\/\" \/>\n<meta property=\"og:site_name\" content=\"ECO Supplements\" \/>\n<meta property=\"article:modified_time\" content=\"2025-08-27T11:28:13+00:00\" \/>\n<meta property=\"og:image\" content=\"https:\/\/ecosupplements.be\/wp-content\/uploads\/2025\/08\/Revive-Daily-Greens-Powder-Chocolate-510g-1.jpg\" \/>\n\t<meta property=\"og:image:width\" content=\"750\" \/>\n\t<meta property=\"og:image:height\" content=\"750\" \/>\n\t<meta property=\"og:image:type\" content=\"image\/jpeg\" \/>\n<meta name=\"twitter:card\" content=\"summary_large_image\" \/>\n<meta name=\"twitter:label1\" content=\"Prix\" \/>\n\t<meta name=\"twitter:data1\" content=\"48.62&nbsp;&euro;\" \/>\n\t<meta name=\"twitter:label2\" content=\"Disponibilit\u00e9\" \/>\n\t<meta name=\"twitter:data2\" content=\"Rupture de stock\" \/>\n<script type=\"application\/ld+json\" class=\"yoast-schema-graph\">{\"@context\":\"https:\\\/\\\/schema.org\",\"@graph\":[{\"@type\":[\"WebPage\",\"ItemPage\"],\"@id\":\"https:\\\/\\\/ecosupplements.be\\\/fr\\\/produit\\\/daily-greens-en-poudre-chocolat-510g\\\/\",\"url\":\"https:\\\/\\\/ecosupplements.be\\\/fr\\\/produit\\\/daily-greens-en-poudre-chocolat-510g\\\/\",\"name\":\"Daily Greens en poudre, chocolat - 510g - ECO Supplements\",\"isPartOf\":{\"@id\":\"https:\\\/\\\/ecosupplements.be\\\/fr\\\/#website\"},\"primaryImageOfPage\":{\"@id\":\"https:\\\/\\\/ecosupplements.be\\\/fr\\\/produit\\\/daily-greens-en-poudre-chocolat-510g\\\/#primaryimage\"},\"image\":{\"@id\":\"https:\\\/\\\/ecosupplements.be\\\/fr\\\/produit\\\/daily-greens-en-poudre-chocolat-510g\\\/#primaryimage\"},\"thumbnailUrl\":\"https:\\\/\\\/ecosupplements.be\\\/wp-content\\\/uploads\\\/2025\\\/08\\\/Revive-Daily-Greens-Powder-Chocolate-510g-1.jpg\",\"datePublished\":\"2022-06-28T09:29:27+00:00\",\"dateModified\":\"2025-08-27T11:28:13+00:00\",\"description\":\"Wij hebben een ruime keuze aan producten van Daily Greens en poudre, chocolat - 510g . Winkel bij Eco Supplements altijd gratis verzending boven 100\u20ac\",\"breadcrumb\":{\"@id\":\"https:\\\/\\\/ecosupplements.be\\\/fr\\\/produit\\\/daily-greens-en-poudre-chocolat-510g\\\/#breadcrumb\"},\"inLanguage\":\"fr-FR\",\"potentialAction\":[{\"@type\":\"ReadAction\",\"target\":[\"https:\\\/\\\/ecosupplements.be\\\/fr\\\/produit\\\/daily-greens-en-poudre-chocolat-510g\\\/\"]}]},{\"@type\":\"ImageObject\",\"inLanguage\":\"fr-FR\",\"@id\":\"https:\\\/\\\/ecosupplements.be\\\/fr\\\/produit\\\/daily-greens-en-poudre-chocolat-510g\\\/#primaryimage\",\"url\":\"https:\\\/\\\/ecosupplements.be\\\/wp-content\\\/uploads\\\/2025\\\/08\\\/Revive-Daily-Greens-Powder-Chocolate-510g-1.jpg\",\"contentUrl\":\"https:\\\/\\\/ecosupplements.be\\\/wp-content\\\/uploads\\\/2025\\\/08\\\/Revive-Daily-Greens-Powder-Chocolate-510g-1.jpg\",\"width\":750,\"height\":750},{\"@type\":\"BreadcrumbList\",\"@id\":\"https:\\\/\\\/ecosupplements.be\\\/fr\\\/produit\\\/daily-greens-en-poudre-chocolat-510g\\\/#breadcrumb\",\"itemListElement\":[{\"@type\":\"ListItem\",\"position\":1,\"name\":\"Home\",\"item\":\"https:\\\/\\\/ecosupplements.be\\\/fr\\\/\"},{\"@type\":\"ListItem\",\"position\":2,\"name\":\"Boutique\",\"item\":\"https:\\\/\\\/ecosupplements.be\\\/fr\\\/boutique\\\/\"},{\"@type\":\"ListItem\",\"position\":3,\"name\":\"Daily Greens en poudre, chocolat &#8211; 510g\"}]},{\"@type\":\"WebSite\",\"@id\":\"https:\\\/\\\/ecosupplements.be\\\/fr\\\/#website\",\"url\":\"https:\\\/\\\/ecosupplements.be\\\/fr\\\/\",\"name\":\"ECO Supplements\",\"description\":\"Eco Supplements - Gezonde supplementen\",\"publisher\":{\"@id\":\"https:\\\/\\\/ecosupplements.be\\\/fr\\\/#organization\"},\"potentialAction\":[{\"@type\":\"SearchAction\",\"target\":{\"@type\":\"EntryPoint\",\"urlTemplate\":\"https:\\\/\\\/ecosupplements.be\\\/fr\\\/?s={search_term_string}\"},\"query-input\":{\"@type\":\"PropertyValueSpecification\",\"valueRequired\":true,\"valueName\":\"search_term_string\"}}],\"inLanguage\":\"fr-FR\"},{\"@type\":\"Organization\",\"@id\":\"https:\\\/\\\/ecosupplements.be\\\/fr\\\/#organization\",\"name\":\"Eco Supplements\",\"url\":\"https:\\\/\\\/ecosupplements.be\\\/fr\\\/\",\"logo\":{\"@type\":\"ImageObject\",\"inLanguage\":\"fr-FR\",\"@id\":\"https:\\\/\\\/ecosupplements.be\\\/fr\\\/#\\\/schema\\\/logo\\\/image\\\/\",\"url\":\"https:\\\/\\\/ecosupplements.be\\\/wp-content\\\/uploads\\\/2022\\\/06\\\/ecosupplement-family.png\",\"contentUrl\":\"https:\\\/\\\/ecosupplements.be\\\/wp-content\\\/uploads\\\/2022\\\/06\\\/ecosupplement-family.png\",\"width\":593,\"height\":374,\"caption\":\"Eco Supplements\"},\"image\":{\"@id\":\"https:\\\/\\\/ecosupplements.be\\\/fr\\\/#\\\/schema\\\/logo\\\/image\\\/\"}}]}<\/script>\n<meta property=\"product:brand\" content=\"Revive\" \/>\n<meta property=\"product:price:amount\" content=\"48.62\" \/>\n<meta property=\"product:price:currency\" content=\"EUR\" \/>\n<meta property=\"og:availability\" content=\"out of stock\" \/>\n<meta property=\"product:availability\" content=\"out of stock\" \/>\n<meta property=\"product:retailer_item_id\" content=\"850030689122\" \/>\n<meta property=\"product:condition\" content=\"new\" \/>\n<!-- \/ Yoast SEO Premium plugin. -->","yoast_head_json":{"title":"Daily Greens en poudre, chocolat - 510g - ECO Supplements","description":"Wij hebben een ruime keuze aan producten van Daily Greens en poudre, chocolat - 510g . Winkel bij Eco Supplements altijd gratis verzending boven 100\u20ac","robots":{"index":"index","follow":"follow","max-snippet":"max-snippet:-1","max-image-preview":"max-image-preview:large","max-video-preview":"max-video-preview:-1"},"canonical":"https:\/\/ecosupplements.be\/fr\/produit\/daily-greens-en-poudre-chocolat-510g\/","og_locale":"fr_FR","og_type":"article","og_title":"Daily Greens en poudre, chocolat - 510g","og_description":"Wij hebben een ruime keuze aan producten van Daily Greens en poudre, chocolat - 510g . Winkel bij Eco Supplements altijd gratis verzending boven 100\u20ac","og_url":"https:\/\/ecosupplements.be\/fr\/produit\/daily-greens-en-poudre-chocolat-510g\/","og_site_name":"ECO Supplements","article_modified_time":"2025-08-27T11:28:13+00:00","og_image":[{"width":750,"height":750,"url":"https:\/\/ecosupplements.be\/wp-content\/uploads\/2025\/08\/Revive-Daily-Greens-Powder-Chocolate-510g-1.jpg","type":"image\/jpeg"}],"twitter_card":"summary_large_image","twitter_misc":{"Prix":"48.62&nbsp;&euro;","Disponibilit\u00e9":"Rupture de stock"},"schema":{"@context":"https:\/\/schema.org","@graph":[{"@type":["WebPage","ItemPage"],"@id":"https:\/\/ecosupplements.be\/fr\/produit\/daily-greens-en-poudre-chocolat-510g\/","url":"https:\/\/ecosupplements.be\/fr\/produit\/daily-greens-en-poudre-chocolat-510g\/","name":"Daily Greens en poudre, chocolat - 510g - ECO Supplements","isPartOf":{"@id":"https:\/\/ecosupplements.be\/fr\/#website"},"primaryImageOfPage":{"@id":"https:\/\/ecosupplements.be\/fr\/produit\/daily-greens-en-poudre-chocolat-510g\/#primaryimage"},"image":{"@id":"https:\/\/ecosupplements.be\/fr\/produit\/daily-greens-en-poudre-chocolat-510g\/#primaryimage"},"thumbnailUrl":"https:\/\/ecosupplements.be\/wp-content\/uploads\/2025\/08\/Revive-Daily-Greens-Powder-Chocolate-510g-1.jpg","datePublished":"2022-06-28T09:29:27+00:00","dateModified":"2025-08-27T11:28:13+00:00","description":"Wij hebben een ruime keuze aan producten van Daily Greens en poudre, chocolat - 510g . Winkel bij Eco Supplements altijd gratis verzending boven 100\u20ac","breadcrumb":{"@id":"https:\/\/ecosupplements.be\/fr\/produit\/daily-greens-en-poudre-chocolat-510g\/#breadcrumb"},"inLanguage":"fr-FR","potentialAction":[{"@type":"ReadAction","target":["https:\/\/ecosupplements.be\/fr\/produit\/daily-greens-en-poudre-chocolat-510g\/"]}]},{"@type":"ImageObject","inLanguage":"fr-FR","@id":"https:\/\/ecosupplements.be\/fr\/produit\/daily-greens-en-poudre-chocolat-510g\/#primaryimage","url":"https:\/\/ecosupplements.be\/wp-content\/uploads\/2025\/08\/Revive-Daily-Greens-Powder-Chocolate-510g-1.jpg","contentUrl":"https:\/\/ecosupplements.be\/wp-content\/uploads\/2025\/08\/Revive-Daily-Greens-Powder-Chocolate-510g-1.jpg","width":750,"height":750},{"@type":"BreadcrumbList","@id":"https:\/\/ecosupplements.be\/fr\/produit\/daily-greens-en-poudre-chocolat-510g\/#breadcrumb","itemListElement":[{"@type":"ListItem","position":1,"name":"Home","item":"https:\/\/ecosupplements.be\/fr\/"},{"@type":"ListItem","position":2,"name":"Boutique","item":"https:\/\/ecosupplements.be\/fr\/boutique\/"},{"@type":"ListItem","position":3,"name":"Daily Greens en poudre, chocolat &#8211; 510g"}]},{"@type":"WebSite","@id":"https:\/\/ecosupplements.be\/fr\/#website","url":"https:\/\/ecosupplements.be\/fr\/","name":"ECO Supplements","description":"Eco Supplements - Gezonde supplementen","publisher":{"@id":"https:\/\/ecosupplements.be\/fr\/#organization"},"potentialAction":[{"@type":"SearchAction","target":{"@type":"EntryPoint","urlTemplate":"https:\/\/ecosupplements.be\/fr\/?s={search_term_string}"},"query-input":{"@type":"PropertyValueSpecification","valueRequired":true,"valueName":"search_term_string"}}],"inLanguage":"fr-FR"},{"@type":"Organization","@id":"https:\/\/ecosupplements.be\/fr\/#organization","name":"Eco Supplements","url":"https:\/\/ecosupplements.be\/fr\/","logo":{"@type":"ImageObject","inLanguage":"fr-FR","@id":"https:\/\/ecosupplements.be\/fr\/#\/schema\/logo\/image\/","url":"https:\/\/ecosupplements.be\/wp-content\/uploads\/2022\/06\/ecosupplement-family.png","contentUrl":"https:\/\/ecosupplements.be\/wp-content\/uploads\/2022\/06\/ecosupplement-family.png","width":593,"height":374,"caption":"Eco Supplements"},"image":{"@id":"https:\/\/ecosupplements.be\/fr\/#\/schema\/logo\/image\/"}}]},"product_brand":"Revive","product_price_amount":"48.62","product_price_currency":"EUR","og_availability":"out of stock","product_availability":"out of stock","product_retailer_item_id":"850030689122","product_condition":"new"},"_links":{"self":[{"href":"https:\/\/ecosupplements.be\/fr\/wp-json\/wp\/v2\/product\/282444","targetHints":{"allow":["GET"]}}],"collection":[{"href":"https:\/\/ecosupplements.be\/fr\/wp-json\/wp\/v2\/product"}],"about":[{"href":"https:\/\/ecosupplements.be\/fr\/wp-json\/wp\/v2\/types\/product"}],"replies":[{"embeddable":true,"href":"https:\/\/ecosupplements.be\/fr\/wp-json\/wp\/v2\/comments?post=282444"}],"wp:featuredmedia":[{"embeddable":true,"href":"https:\/\/ecosupplements.be\/fr\/wp-json\/wp\/v2\/media\/254254"}],"wp:attachment":[{"href":"https:\/\/ecosupplements.be\/fr\/wp-json\/wp\/v2\/media?parent=282444"}],"wp:term":[{"taxonomy":"product_brand","embeddable":true,"href":"https:\/\/ecosupplements.be\/fr\/wp-json\/wp\/v2\/product_brand?post=282444"},{"taxonomy":"product_cat","embeddable":true,"href":"https:\/\/ecosupplements.be\/fr\/wp-json\/wp\/v2\/product_cat?post=282444"},{"taxonomy":"product_tag","embeddable":true,"href":"https:\/\/ecosupplements.be\/fr\/wp-json\/wp\/v2\/product_tag?post=282444"}],"curies":[{"name":"wp","href":"https:\/\/api.w.org\/{rel}","templated":true}]}}