{"id":282567,"date":"2022-06-28T10:30:30","date_gmt":"2022-06-28T09:30:30","guid":{"rendered":"https:\/\/ecosupplements.be\/product\/citrate-de-calcium-avec-vitamine-d3-60-comprimes\/"},"modified":"2025-08-27T12:40:50","modified_gmt":"2025-08-27T11:40:50","slug":"citrate-de-calcium-avec-vitamine-d3-60-comprimes","status":"publish","type":"product","link":"https:\/\/ecosupplements.be\/fr\/produit\/citrate-de-calcium-avec-vitamine-d3-60-comprimes\/","title":{"rendered":"citrate de calcium avec vitamine d3 &#8211; 60 comprim\u00e9s"},"content":{"rendered":"<h1 style=\"text-align: center\">Solgar &#8211; Citrate de Calcium avec Vitamine D3<\/h1>\n<p>Solgar a d\u00e9velopp\u00e9 une formule haute puissance combinant le citrate de calcium et la vitamine D3. L&#8217;absorption du calcium n\u00e9cessite de la vitamine D, une vitamine liposoluble, et en les combinant dans une seule formule, vous \u00eates assur\u00e9 d&#8217;obtenir une grande valeur de ce suppl\u00e9ment.<\/p>\n<p>Le calcium est le min\u00e9ral le plus pr\u00e9sent dans notre corps et est stock\u00e9 principalement dans nos os. Il est n\u00e9cessaire \u00e0 la solidit\u00e9 et \u00e0 la sant\u00e9 des os et des dents. Avec l&#8217;\u00e2ge, l&#8217;absorption du calcium diminue. C&#8217;est donc une raison de plus pour veiller \u00e0 ce que notre alimentation contienne suffisamment de calcium en consommant des produits laitiers tels que le lait, les yaourts et le fromage. L&#8217;apport d&#8217;un niveau ad\u00e9quat de calcium dans le cadre d&#8217;une alimentation saine, associ\u00e9 \u00e0 une activit\u00e9 physique, peut r\u00e9duire le risque de probl\u00e8mes de sant\u00e9 li\u00e9s aux os \u00e0 un \u00e2ge avanc\u00e9. Lorsque nous ne sommes pas en mesure d&#8217;atteindre des niveaux ad\u00e9quats de calcium par le biais de notre alimentation, un compl\u00e9ment peut \u00eatre conseill\u00e9. Le produit Citrate de calcium avec vitamine D3 est disponible sous forme de citrate ; une forme de min\u00e9raux hautement absorbable par rapport aux oxydes plus couramment disponibles et est donc id\u00e9ale pour les personnes ayant des probl\u00e8mes digestifs.<\/p>\n<p>La vitamine D3 est une forme de D qui est facile \u00e0 utiliser par l&#8217;organisme et qui contribue \u00e0 l&#8217;efficacit\u00e9 de l&#8217;absorption du calcium par le corps. Connue sous le nom de &#8220;vitamine du soleil&#8221;, ses bienfaits sont nombreux et bien document\u00e9s et sont depuis longtemps associ\u00e9s \u00e0 une sant\u00e9 osseuse optimale.<br \/>\nAvec 4 comprim\u00e9s par jour, les comprim\u00e9s de citrate de calcium avec vitamine D3, contribueront \u00e0 :<\/p>\n<p>Fonction musculaire normale (calcium)<br \/>\nMaintien d&#8217;os et de dents normaux (calcium et vitamine D)<br \/>\nFonctionnement normal du syst\u00e8me immunitaire (vitamine D)<br \/>\nAbsorption normale du calcium et du phosphore (vitamine D)<br \/>\nTaux de calcium sanguin normal (vitamine D)<br \/>\nMaintien d&#8217;une fonction musculaire normale (vitamine D)<\/p>\n<p><img decoding=\"async\" src=\"https:\/\/ecosupplements.be\/wp-content\/uploads\/2025\/08\/gluten-free-1.png\" title=\"Sans gluten\" alt=\"Gluten free\"><img decoding=\"async\" src=\"https:\/\/ecosupplements.be\/wp-content\/uploads\/2025\/08\/vegetarian-1.png\" title=\"V\u00e9g\u00e9tarien\" alt=\"Vegetarian\"><img decoding=\"async\" src=\"https:\/\/ecosupplements.be\/wp-content\/uploads\/2025\/08\/soy-free-1.png\" title=\"Sans soja\" alt=\"Soy-free\"><\/p>\n","protected":false},"excerpt":{"rendered":"<p>Solgar &#8211; Citrate de Calcium avec Vitamine D3 Solgar a d\u00e9velopp\u00e9 une formule haute puissance combinant le citrate de calcium et la vitamine D3. L&#8217;absorption du calcium n\u00e9cessite de la vitamine D, une vitamine liposoluble, et en les combinant dans une seule formule, vous \u00eates assur\u00e9 d&#8217;obtenir une grande valeur de ce suppl\u00e9ment. Le calcium [&#8230;]\n","protected":false},"featured_media":255483,"comment_status":"closed","ping_status":"open","template":"","meta":[],"product_brand":[4760],"product_cat":[5065,5061,5064,5052,5083,5085,5060,5053,5059],"product_tag":[],"class_list":{"0":"post-282567","1":"product","2":"type-product","3":"status-publish","4":"has-post-thumbnail","6":"product_brand-solgar-2","7":"product_cat-calcium-mineraux-simples","8":"product_cat-d3-vitamine-d-vitamines-simples","9":"product_cat-mineraux-simples","10":"product_cat-sante-et-bien-etre","11":"product_cat-soutien-aux-articulations","12":"product_cat-soutien-pour-les-articulations","13":"product_cat-vitamine-d-vitamines-simples","14":"product_cat-vitamines-et-mineraux","15":"product_cat-vitamines-simples","17":"first","18":"outofstock","19":"taxable","20":"shipping-taxable","21":"purchasable","22":"product-type-simple"},"yoast_head":"<!-- This site is optimized with the Yoast SEO Premium plugin v27.3 (Yoast SEO v27.3) - https:\/\/yoast.com\/product\/yoast-seo-premium-wordpress\/ -->\n<title>citrate de calcium avec vitamine d3 - 60 comprim\u00e9s - ECO Supplements<\/title>\n<meta name=\"description\" content=\"Wij hebben een ruime keuze aan producten van citrate de calcium avec vitamine d3 - 60 comprim\u00e9s . Winkel bij Eco Supplements altijd gratis verzending boven 100\u20ac\" \/>\n<meta name=\"robots\" content=\"index, follow, max-snippet:-1, max-image-preview:large, max-video-preview:-1\" \/>\n<link rel=\"canonical\" href=\"https:\/\/ecosupplements.be\/fr\/produit\/citrate-de-calcium-avec-vitamine-d3-60-comprimes\/\" \/>\n<meta property=\"og:locale\" content=\"fr_FR\" \/>\n<meta property=\"og:type\" content=\"article\" \/>\n<meta property=\"og:title\" content=\"citrate de calcium avec vitamine d3 - 60 comprim\u00e9s\" \/>\n<meta property=\"og:description\" content=\"Wij hebben een ruime keuze aan producten van citrate de calcium avec vitamine d3 - 60 comprim\u00e9s . Winkel bij Eco Supplements altijd gratis verzending boven 100\u20ac\" \/>\n<meta property=\"og:url\" content=\"https:\/\/ecosupplements.be\/fr\/produit\/citrate-de-calcium-avec-vitamine-d3-60-comprimes\/\" \/>\n<meta property=\"og:site_name\" content=\"ECO Supplements\" \/>\n<meta property=\"article:modified_time\" content=\"2025-08-27T11:40:50+00:00\" \/>\n<meta property=\"og:image\" content=\"https:\/\/ecosupplements.be\/wp-content\/uploads\/2025\/08\/Calcium-Citrate-with-Vitamin-D3-60-tabs-1.jpg\" \/>\n\t<meta property=\"og:image:width\" content=\"600\" \/>\n\t<meta property=\"og:image:height\" content=\"600\" \/>\n\t<meta property=\"og:image:type\" content=\"image\/jpeg\" \/>\n<meta name=\"twitter:card\" content=\"summary_large_image\" \/>\n<meta name=\"twitter:label1\" content=\"Prix\" \/>\n\t<meta name=\"twitter:data1\" content=\"10.52&nbsp;&euro;\" \/>\n\t<meta name=\"twitter:label2\" content=\"Disponibilit\u00e9\" \/>\n\t<meta name=\"twitter:data2\" content=\"Rupture de stock\" \/>\n<script type=\"application\/ld+json\" class=\"yoast-schema-graph\">{\"@context\":\"https:\\\/\\\/schema.org\",\"@graph\":[{\"@type\":[\"WebPage\",\"ItemPage\"],\"@id\":\"https:\\\/\\\/ecosupplements.be\\\/fr\\\/produit\\\/citrate-de-calcium-avec-vitamine-d3-60-comprimes\\\/\",\"url\":\"https:\\\/\\\/ecosupplements.be\\\/fr\\\/produit\\\/citrate-de-calcium-avec-vitamine-d3-60-comprimes\\\/\",\"name\":\"citrate de calcium avec vitamine d3 - 60 comprim\u00e9s - ECO Supplements\",\"isPartOf\":{\"@id\":\"https:\\\/\\\/ecosupplements.be\\\/fr\\\/#website\"},\"primaryImageOfPage\":{\"@id\":\"https:\\\/\\\/ecosupplements.be\\\/fr\\\/produit\\\/citrate-de-calcium-avec-vitamine-d3-60-comprimes\\\/#primaryimage\"},\"image\":{\"@id\":\"https:\\\/\\\/ecosupplements.be\\\/fr\\\/produit\\\/citrate-de-calcium-avec-vitamine-d3-60-comprimes\\\/#primaryimage\"},\"thumbnailUrl\":\"https:\\\/\\\/ecosupplements.be\\\/wp-content\\\/uploads\\\/2025\\\/08\\\/Calcium-Citrate-with-Vitamin-D3-60-tabs-1.jpg\",\"datePublished\":\"2022-06-28T09:30:30+00:00\",\"dateModified\":\"2025-08-27T11:40:50+00:00\",\"description\":\"Wij hebben een ruime keuze aan producten van citrate de calcium avec vitamine d3 - 60 comprim\u00e9s . Winkel bij Eco Supplements altijd gratis verzending boven 100\u20ac\",\"breadcrumb\":{\"@id\":\"https:\\\/\\\/ecosupplements.be\\\/fr\\\/produit\\\/citrate-de-calcium-avec-vitamine-d3-60-comprimes\\\/#breadcrumb\"},\"inLanguage\":\"fr-FR\",\"potentialAction\":[{\"@type\":\"ReadAction\",\"target\":[\"https:\\\/\\\/ecosupplements.be\\\/fr\\\/produit\\\/citrate-de-calcium-avec-vitamine-d3-60-comprimes\\\/\"]}]},{\"@type\":\"ImageObject\",\"inLanguage\":\"fr-FR\",\"@id\":\"https:\\\/\\\/ecosupplements.be\\\/fr\\\/produit\\\/citrate-de-calcium-avec-vitamine-d3-60-comprimes\\\/#primaryimage\",\"url\":\"https:\\\/\\\/ecosupplements.be\\\/wp-content\\\/uploads\\\/2025\\\/08\\\/Calcium-Citrate-with-Vitamin-D3-60-tabs-1.jpg\",\"contentUrl\":\"https:\\\/\\\/ecosupplements.be\\\/wp-content\\\/uploads\\\/2025\\\/08\\\/Calcium-Citrate-with-Vitamin-D3-60-tabs-1.jpg\",\"width\":600,\"height\":600},{\"@type\":\"BreadcrumbList\",\"@id\":\"https:\\\/\\\/ecosupplements.be\\\/fr\\\/produit\\\/citrate-de-calcium-avec-vitamine-d3-60-comprimes\\\/#breadcrumb\",\"itemListElement\":[{\"@type\":\"ListItem\",\"position\":1,\"name\":\"Home\",\"item\":\"https:\\\/\\\/ecosupplements.be\\\/fr\\\/\"},{\"@type\":\"ListItem\",\"position\":2,\"name\":\"Boutique\",\"item\":\"https:\\\/\\\/ecosupplements.be\\\/fr\\\/boutique\\\/\"},{\"@type\":\"ListItem\",\"position\":3,\"name\":\"citrate de calcium avec vitamine d3 &#8211; 60 comprim\u00e9s\"}]},{\"@type\":\"WebSite\",\"@id\":\"https:\\\/\\\/ecosupplements.be\\\/fr\\\/#website\",\"url\":\"https:\\\/\\\/ecosupplements.be\\\/fr\\\/\",\"name\":\"ECO Supplements\",\"description\":\"Eco Supplements - Gezonde supplementen\",\"publisher\":{\"@id\":\"https:\\\/\\\/ecosupplements.be\\\/fr\\\/#organization\"},\"potentialAction\":[{\"@type\":\"SearchAction\",\"target\":{\"@type\":\"EntryPoint\",\"urlTemplate\":\"https:\\\/\\\/ecosupplements.be\\\/fr\\\/?s={search_term_string}\"},\"query-input\":{\"@type\":\"PropertyValueSpecification\",\"valueRequired\":true,\"valueName\":\"search_term_string\"}}],\"inLanguage\":\"fr-FR\"},{\"@type\":\"Organization\",\"@id\":\"https:\\\/\\\/ecosupplements.be\\\/fr\\\/#organization\",\"name\":\"Eco Supplements\",\"url\":\"https:\\\/\\\/ecosupplements.be\\\/fr\\\/\",\"logo\":{\"@type\":\"ImageObject\",\"inLanguage\":\"fr-FR\",\"@id\":\"https:\\\/\\\/ecosupplements.be\\\/fr\\\/#\\\/schema\\\/logo\\\/image\\\/\",\"url\":\"https:\\\/\\\/ecosupplements.be\\\/wp-content\\\/uploads\\\/2022\\\/06\\\/ecosupplement-family.png\",\"contentUrl\":\"https:\\\/\\\/ecosupplements.be\\\/wp-content\\\/uploads\\\/2022\\\/06\\\/ecosupplement-family.png\",\"width\":593,\"height\":374,\"caption\":\"Eco Supplements\"},\"image\":{\"@id\":\"https:\\\/\\\/ecosupplements.be\\\/fr\\\/#\\\/schema\\\/logo\\\/image\\\/\"}}]}<\/script>\n<meta property=\"product:brand\" content=\"Solgar\" \/>\n<meta property=\"product:price:amount\" content=\"10.52\" \/>\n<meta property=\"product:price:currency\" content=\"EUR\" \/>\n<meta property=\"og:availability\" content=\"out of stock\" \/>\n<meta property=\"product:availability\" content=\"out of stock\" \/>\n<meta property=\"product:retailer_item_id\" content=\"033984004306\" \/>\n<meta property=\"product:condition\" content=\"new\" \/>\n<!-- \/ Yoast SEO Premium plugin. -->","yoast_head_json":{"title":"citrate de calcium avec vitamine d3 - 60 comprim\u00e9s - ECO Supplements","description":"Wij hebben een ruime keuze aan producten van citrate de calcium avec vitamine d3 - 60 comprim\u00e9s . Winkel bij Eco Supplements altijd gratis verzending boven 100\u20ac","robots":{"index":"index","follow":"follow","max-snippet":"max-snippet:-1","max-image-preview":"max-image-preview:large","max-video-preview":"max-video-preview:-1"},"canonical":"https:\/\/ecosupplements.be\/fr\/produit\/citrate-de-calcium-avec-vitamine-d3-60-comprimes\/","og_locale":"fr_FR","og_type":"article","og_title":"citrate de calcium avec vitamine d3 - 60 comprim\u00e9s","og_description":"Wij hebben een ruime keuze aan producten van citrate de calcium avec vitamine d3 - 60 comprim\u00e9s . Winkel bij Eco Supplements altijd gratis verzending boven 100\u20ac","og_url":"https:\/\/ecosupplements.be\/fr\/produit\/citrate-de-calcium-avec-vitamine-d3-60-comprimes\/","og_site_name":"ECO Supplements","article_modified_time":"2025-08-27T11:40:50+00:00","og_image":[{"width":600,"height":600,"url":"https:\/\/ecosupplements.be\/wp-content\/uploads\/2025\/08\/Calcium-Citrate-with-Vitamin-D3-60-tabs-1.jpg","type":"image\/jpeg"}],"twitter_card":"summary_large_image","twitter_misc":{"Prix":"10.52&nbsp;&euro;","Disponibilit\u00e9":"Rupture de stock"},"schema":{"@context":"https:\/\/schema.org","@graph":[{"@type":["WebPage","ItemPage"],"@id":"https:\/\/ecosupplements.be\/fr\/produit\/citrate-de-calcium-avec-vitamine-d3-60-comprimes\/","url":"https:\/\/ecosupplements.be\/fr\/produit\/citrate-de-calcium-avec-vitamine-d3-60-comprimes\/","name":"citrate de calcium avec vitamine d3 - 60 comprim\u00e9s - ECO Supplements","isPartOf":{"@id":"https:\/\/ecosupplements.be\/fr\/#website"},"primaryImageOfPage":{"@id":"https:\/\/ecosupplements.be\/fr\/produit\/citrate-de-calcium-avec-vitamine-d3-60-comprimes\/#primaryimage"},"image":{"@id":"https:\/\/ecosupplements.be\/fr\/produit\/citrate-de-calcium-avec-vitamine-d3-60-comprimes\/#primaryimage"},"thumbnailUrl":"https:\/\/ecosupplements.be\/wp-content\/uploads\/2025\/08\/Calcium-Citrate-with-Vitamin-D3-60-tabs-1.jpg","datePublished":"2022-06-28T09:30:30+00:00","dateModified":"2025-08-27T11:40:50+00:00","description":"Wij hebben een ruime keuze aan producten van citrate de calcium avec vitamine d3 - 60 comprim\u00e9s . Winkel bij Eco Supplements altijd gratis verzending boven 100\u20ac","breadcrumb":{"@id":"https:\/\/ecosupplements.be\/fr\/produit\/citrate-de-calcium-avec-vitamine-d3-60-comprimes\/#breadcrumb"},"inLanguage":"fr-FR","potentialAction":[{"@type":"ReadAction","target":["https:\/\/ecosupplements.be\/fr\/produit\/citrate-de-calcium-avec-vitamine-d3-60-comprimes\/"]}]},{"@type":"ImageObject","inLanguage":"fr-FR","@id":"https:\/\/ecosupplements.be\/fr\/produit\/citrate-de-calcium-avec-vitamine-d3-60-comprimes\/#primaryimage","url":"https:\/\/ecosupplements.be\/wp-content\/uploads\/2025\/08\/Calcium-Citrate-with-Vitamin-D3-60-tabs-1.jpg","contentUrl":"https:\/\/ecosupplements.be\/wp-content\/uploads\/2025\/08\/Calcium-Citrate-with-Vitamin-D3-60-tabs-1.jpg","width":600,"height":600},{"@type":"BreadcrumbList","@id":"https:\/\/ecosupplements.be\/fr\/produit\/citrate-de-calcium-avec-vitamine-d3-60-comprimes\/#breadcrumb","itemListElement":[{"@type":"ListItem","position":1,"name":"Home","item":"https:\/\/ecosupplements.be\/fr\/"},{"@type":"ListItem","position":2,"name":"Boutique","item":"https:\/\/ecosupplements.be\/fr\/boutique\/"},{"@type":"ListItem","position":3,"name":"citrate de calcium avec vitamine d3 &#8211; 60 comprim\u00e9s"}]},{"@type":"WebSite","@id":"https:\/\/ecosupplements.be\/fr\/#website","url":"https:\/\/ecosupplements.be\/fr\/","name":"ECO Supplements","description":"Eco Supplements - Gezonde supplementen","publisher":{"@id":"https:\/\/ecosupplements.be\/fr\/#organization"},"potentialAction":[{"@type":"SearchAction","target":{"@type":"EntryPoint","urlTemplate":"https:\/\/ecosupplements.be\/fr\/?s={search_term_string}"},"query-input":{"@type":"PropertyValueSpecification","valueRequired":true,"valueName":"search_term_string"}}],"inLanguage":"fr-FR"},{"@type":"Organization","@id":"https:\/\/ecosupplements.be\/fr\/#organization","name":"Eco Supplements","url":"https:\/\/ecosupplements.be\/fr\/","logo":{"@type":"ImageObject","inLanguage":"fr-FR","@id":"https:\/\/ecosupplements.be\/fr\/#\/schema\/logo\/image\/","url":"https:\/\/ecosupplements.be\/wp-content\/uploads\/2022\/06\/ecosupplement-family.png","contentUrl":"https:\/\/ecosupplements.be\/wp-content\/uploads\/2022\/06\/ecosupplement-family.png","width":593,"height":374,"caption":"Eco Supplements"},"image":{"@id":"https:\/\/ecosupplements.be\/fr\/#\/schema\/logo\/image\/"}}]},"product_brand":"Solgar","product_price_amount":"10.52","product_price_currency":"EUR","og_availability":"out of stock","product_availability":"out of stock","product_retailer_item_id":"033984004306","product_condition":"new"},"_links":{"self":[{"href":"https:\/\/ecosupplements.be\/fr\/wp-json\/wp\/v2\/product\/282567","targetHints":{"allow":["GET"]}}],"collection":[{"href":"https:\/\/ecosupplements.be\/fr\/wp-json\/wp\/v2\/product"}],"about":[{"href":"https:\/\/ecosupplements.be\/fr\/wp-json\/wp\/v2\/types\/product"}],"replies":[{"embeddable":true,"href":"https:\/\/ecosupplements.be\/fr\/wp-json\/wp\/v2\/comments?post=282567"}],"wp:featuredmedia":[{"embeddable":true,"href":"https:\/\/ecosupplements.be\/fr\/wp-json\/wp\/v2\/media\/255483"}],"wp:attachment":[{"href":"https:\/\/ecosupplements.be\/fr\/wp-json\/wp\/v2\/media?parent=282567"}],"wp:term":[{"taxonomy":"product_brand","embeddable":true,"href":"https:\/\/ecosupplements.be\/fr\/wp-json\/wp\/v2\/product_brand?post=282567"},{"taxonomy":"product_cat","embeddable":true,"href":"https:\/\/ecosupplements.be\/fr\/wp-json\/wp\/v2\/product_cat?post=282567"},{"taxonomy":"product_tag","embeddable":true,"href":"https:\/\/ecosupplements.be\/fr\/wp-json\/wp\/v2\/product_tag?post=282567"}],"curies":[{"name":"wp","href":"https:\/\/api.w.org\/{rel}","templated":true}]}}