{"id":282569,"date":"2022-06-28T10:30:30","date_gmt":"2022-06-28T09:30:30","guid":{"rendered":"https:\/\/ecosupplements.be\/product\/calcium-magnesium-plus-zinc-100-comprimes\/"},"modified":"2025-08-27T12:40:59","modified_gmt":"2025-08-27T11:40:59","slug":"calcium-magnesium-plus-zinc-100-comprimes","status":"publish","type":"product","link":"https:\/\/ecosupplements.be\/fr\/produit\/calcium-magnesium-plus-zinc-100-comprimes\/","title":{"rendered":"calcium magn\u00e9sium plus zinc &#8211; 100 comprim\u00e9s"},"content":{"rendered":"<h1 style=\"text-align: center\">Solgar &#8211; Calcium Magn\u00e9sium plus Zinc<\/h1>\n<p>Formule de calcium, de magn\u00e9sium et de zinc, cr\u00e9\u00e9e par nos experts pour favoriser la sant\u00e9 des os et des muscles, essentielle aux adultes de tous \u00e2ges. Favorise \u00e9galement la sant\u00e9 de la structure musculo-squelettique et du syst\u00e8me nerveux.<\/p>\n<p>Le calcium contribue \u00e0 :<br \/>\nFonction musculaire normale<br \/>\nMaintien d&#8217;os et de dents normaux<br \/>\nLe magn\u00e9sium contribue \u00e0 :<br \/>\nFonction musculaire normale<br \/>\nMaintien d&#8217;os et de dents normaux<br \/>\nProtection des cellules contre le stress oxydatif<\/p>\n<p>Le zinc contribue \u00e0 :<br \/>\nM\u00e9tabolisme normal de la vitamine A<br \/>\nMaintien d&#8217;une ossature normale<br \/>\nProtection des cellules contre le stress oxydatif<\/p>\n<p><img decoding=\"async\" src=\"https:\/\/ecosupplements.be\/wp-content\/uploads\/2025\/08\/gluten-free-1.png\" title=\"Sans gluten\" alt=\"Gluten free\"><img decoding=\"async\" src=\"https:\/\/ecosupplements.be\/wp-content\/uploads\/2025\/08\/vegan-1.png\" title=\"Vegan\" alt=\"Vegan\"><\/p>\n<p>Compl\u00e9ment alimentaire :<br \/>\nPortion : 3 comprim\u00e9s<br \/>\nPortions par conteneur : 33<\/p>\n<p>Quantit\u00e9 par portion :<br \/>\nCalcium (sous forme de carbonate, gluconate, citrate) 1000mg 125%<br \/>\nMagn\u00e9sium (sous forme d&#8217;oxyde, de gluconate, de citrate) 400mg 107%<br \/>\nAgents de charge : cellulose microcristalline, maltodextrine, acide citrique.<br \/>\nGomme de cellulose r\u00e9ticul\u00e9e<br \/>\nZinc (sous forme de gluconate) 15mg 150%<br \/>\nAgents d&#8217;enrobage : hydroxypropylm\u00e9thylcellulose, glyc\u00e9rine v\u00e9g\u00e9tale (issue d&#8217;huile de palmiste et d&#8217;huile de coco)<br \/>\nAntiagglom\u00e9rants : st\u00e9arate de magn\u00e9sium v\u00e9g\u00e9tal, acide st\u00e9arique v\u00e9g\u00e9tal.<br \/>\nCouleur : dioxyde de titane<\/p>\n<p>Calcium Magn\u00e9sium plus Zinc Utilisation recommand\u00e9e :<br \/>\nComme suppl\u00e9ment alimentaire pour adultes, trois (3) comprim\u00e9s par jour, de pr\u00e9f\u00e9rence au moment des repas, ou selon les directives d&#8217;un professionnel de la sant\u00e9.<\/p>\n<p>Avertissements :<br \/>\nSi vous \u00eates enceinte, si vous allaitez, si vous prenez des m\u00e9dicaments ou si vous avez un probl\u00e8me de sant\u00e9, veuillez consulter votre professionnel de la sant\u00e9 avant de prendre tout suppl\u00e9ment alimentaire. Tenir hors de port\u00e9e des enfants. Conserver dans un endroit frais et sec. Ne pas utiliser si le sceau ext\u00e9rieur de la bouteille est manquant, d\u00e9chir\u00e9 ou endommag\u00e9 de quelque fa\u00e7on que ce soit.<\/p>\n","protected":false},"excerpt":{"rendered":"<p>Solgar &#8211; Calcium Magn\u00e9sium plus Zinc Formule de calcium, de magn\u00e9sium et de zinc, cr\u00e9\u00e9e par nos experts pour favoriser la sant\u00e9 des os et des muscles, essentielle aux adultes de tous \u00e2ges. Favorise \u00e9galement la sant\u00e9 de la structure musculo-squelettique et du syst\u00e8me nerveux. Le calcium contribue \u00e0 : Fonction musculaire normale Maintien d&#8217;os [&#8230;]\n","protected":false},"featured_media":255489,"comment_status":"closed","ping_status":"open","template":"","meta":[],"product_brand":[4760],"product_cat":[5065,5066,5064,5052,5053,5107],"product_tag":[],"class_list":{"0":"post-282569","1":"product","2":"type-product","3":"status-publish","4":"has-post-thumbnail","6":"product_brand-solgar-2","7":"product_cat-calcium-mineraux-simples","8":"product_cat-magnesium-mineraux-simples","9":"product_cat-mineraux-simples","10":"product_cat-sante-et-bien-etre","11":"product_cat-vitamines-et-mineraux","12":"product_cat-zinc","14":"first","15":"instock","16":"taxable","17":"shipping-taxable","18":"purchasable","19":"product-type-simple"},"yoast_head":"<!-- This site is optimized with the Yoast SEO Premium plugin v27.5 (Yoast SEO v27.5) - https:\/\/yoast.com\/product\/yoast-seo-premium-wordpress\/ -->\n<title>calcium magn\u00e9sium plus zinc - 100 comprim\u00e9s - ECO Supplements<\/title>\n<meta name=\"description\" content=\"Wij hebben een ruime keuze aan producten van calcium magn\u00e9sium plus zinc - 100 comprim\u00e9s . Winkel bij Eco Supplements altijd gratis verzending boven 100\u20ac\" \/>\n<meta name=\"robots\" content=\"index, follow, max-snippet:-1, max-image-preview:large, max-video-preview:-1\" \/>\n<link rel=\"canonical\" href=\"https:\/\/ecosupplements.be\/fr\/produit\/calcium-magnesium-plus-zinc-100-comprimes\/\" \/>\n<meta property=\"og:locale\" content=\"fr_FR\" \/>\n<meta property=\"og:type\" content=\"article\" \/>\n<meta property=\"og:title\" content=\"calcium magn\u00e9sium plus zinc - 100 comprim\u00e9s\" \/>\n<meta property=\"og:description\" content=\"Wij hebben een ruime keuze aan producten van calcium magn\u00e9sium plus zinc - 100 comprim\u00e9s . Winkel bij Eco Supplements altijd gratis verzending boven 100\u20ac\" \/>\n<meta property=\"og:url\" content=\"https:\/\/ecosupplements.be\/fr\/produit\/calcium-magnesium-plus-zinc-100-comprimes\/\" \/>\n<meta property=\"og:site_name\" content=\"ECO Supplements\" \/>\n<meta property=\"article:modified_time\" content=\"2025-08-27T11:40:59+00:00\" \/>\n<meta property=\"og:image\" content=\"https:\/\/ecosupplements.be\/wp-content\/uploads\/2025\/08\/Solgar-Calcium-Magnesium-plus-Zinc-1.jpg\" \/>\n\t<meta property=\"og:image:width\" content=\"750\" \/>\n\t<meta property=\"og:image:height\" content=\"750\" \/>\n\t<meta property=\"og:image:type\" content=\"image\/jpeg\" \/>\n<meta name=\"twitter:card\" content=\"summary_large_image\" \/>\n<meta name=\"twitter:label1\" content=\"Prix\" \/>\n\t<meta name=\"twitter:data1\" content=\"16.78&nbsp;&euro;\" \/>\n\t<meta name=\"twitter:label2\" content=\"Disponibilit\u00e9\" \/>\n\t<meta name=\"twitter:data2\" content=\"En stock\" \/>\n<script type=\"application\/ld+json\" class=\"yoast-schema-graph\">{\"@context\":\"https:\\\/\\\/schema.org\",\"@graph\":[{\"@type\":[\"WebPage\",\"ItemPage\"],\"@id\":\"https:\\\/\\\/ecosupplements.be\\\/fr\\\/produit\\\/calcium-magnesium-plus-zinc-100-comprimes\\\/\",\"url\":\"https:\\\/\\\/ecosupplements.be\\\/fr\\\/produit\\\/calcium-magnesium-plus-zinc-100-comprimes\\\/\",\"name\":\"calcium magn\u00e9sium plus zinc - 100 comprim\u00e9s - ECO Supplements\",\"isPartOf\":{\"@id\":\"https:\\\/\\\/ecosupplements.be\\\/fr\\\/#website\"},\"primaryImageOfPage\":{\"@id\":\"https:\\\/\\\/ecosupplements.be\\\/fr\\\/produit\\\/calcium-magnesium-plus-zinc-100-comprimes\\\/#primaryimage\"},\"image\":{\"@id\":\"https:\\\/\\\/ecosupplements.be\\\/fr\\\/produit\\\/calcium-magnesium-plus-zinc-100-comprimes\\\/#primaryimage\"},\"thumbnailUrl\":\"https:\\\/\\\/ecosupplements.be\\\/wp-content\\\/uploads\\\/2025\\\/08\\\/Solgar-Calcium-Magnesium-plus-Zinc-1.jpg\",\"datePublished\":\"2022-06-28T09:30:30+00:00\",\"dateModified\":\"2025-08-27T11:40:59+00:00\",\"description\":\"Wij hebben een ruime keuze aan producten van calcium magn\u00e9sium plus zinc - 100 comprim\u00e9s . Winkel bij Eco Supplements altijd gratis verzending boven 100\u20ac\",\"breadcrumb\":{\"@id\":\"https:\\\/\\\/ecosupplements.be\\\/fr\\\/produit\\\/calcium-magnesium-plus-zinc-100-comprimes\\\/#breadcrumb\"},\"inLanguage\":\"fr-FR\",\"potentialAction\":[{\"@type\":\"ReadAction\",\"target\":[\"https:\\\/\\\/ecosupplements.be\\\/fr\\\/produit\\\/calcium-magnesium-plus-zinc-100-comprimes\\\/\"]}]},{\"@type\":\"ImageObject\",\"inLanguage\":\"fr-FR\",\"@id\":\"https:\\\/\\\/ecosupplements.be\\\/fr\\\/produit\\\/calcium-magnesium-plus-zinc-100-comprimes\\\/#primaryimage\",\"url\":\"https:\\\/\\\/ecosupplements.be\\\/wp-content\\\/uploads\\\/2025\\\/08\\\/Solgar-Calcium-Magnesium-plus-Zinc-1.jpg\",\"contentUrl\":\"https:\\\/\\\/ecosupplements.be\\\/wp-content\\\/uploads\\\/2025\\\/08\\\/Solgar-Calcium-Magnesium-plus-Zinc-1.jpg\",\"width\":750,\"height\":750},{\"@type\":\"BreadcrumbList\",\"@id\":\"https:\\\/\\\/ecosupplements.be\\\/fr\\\/produit\\\/calcium-magnesium-plus-zinc-100-comprimes\\\/#breadcrumb\",\"itemListElement\":[{\"@type\":\"ListItem\",\"position\":1,\"name\":\"Home\",\"item\":\"https:\\\/\\\/ecosupplements.be\\\/fr\\\/\"},{\"@type\":\"ListItem\",\"position\":2,\"name\":\"Boutique\",\"item\":\"https:\\\/\\\/ecosupplements.be\\\/fr\\\/boutique\\\/\"},{\"@type\":\"ListItem\",\"position\":3,\"name\":\"calcium magn\u00e9sium plus zinc &#8211; 100 comprim\u00e9s\"}]},{\"@type\":\"WebSite\",\"@id\":\"https:\\\/\\\/ecosupplements.be\\\/fr\\\/#website\",\"url\":\"https:\\\/\\\/ecosupplements.be\\\/fr\\\/\",\"name\":\"ECO Supplements\",\"description\":\"Eco Supplements - Gezonde supplementen\",\"publisher\":{\"@id\":\"https:\\\/\\\/ecosupplements.be\\\/fr\\\/#organization\"},\"potentialAction\":[{\"@type\":\"SearchAction\",\"target\":{\"@type\":\"EntryPoint\",\"urlTemplate\":\"https:\\\/\\\/ecosupplements.be\\\/fr\\\/?s={search_term_string}\"},\"query-input\":{\"@type\":\"PropertyValueSpecification\",\"valueRequired\":true,\"valueName\":\"search_term_string\"}}],\"inLanguage\":\"fr-FR\"},{\"@type\":\"Organization\",\"@id\":\"https:\\\/\\\/ecosupplements.be\\\/fr\\\/#organization\",\"name\":\"Eco Supplements\",\"url\":\"https:\\\/\\\/ecosupplements.be\\\/fr\\\/\",\"logo\":{\"@type\":\"ImageObject\",\"inLanguage\":\"fr-FR\",\"@id\":\"https:\\\/\\\/ecosupplements.be\\\/fr\\\/#\\\/schema\\\/logo\\\/image\\\/\",\"url\":\"https:\\\/\\\/ecosupplements.be\\\/wp-content\\\/uploads\\\/2022\\\/06\\\/ecosupplement-family.png\",\"contentUrl\":\"https:\\\/\\\/ecosupplements.be\\\/wp-content\\\/uploads\\\/2022\\\/06\\\/ecosupplement-family.png\",\"width\":593,\"height\":374,\"caption\":\"Eco Supplements\"},\"image\":{\"@id\":\"https:\\\/\\\/ecosupplements.be\\\/fr\\\/#\\\/schema\\\/logo\\\/image\\\/\"}}]}<\/script>\n<meta property=\"product:brand\" content=\"Solgar\" \/>\n<meta property=\"product:price:amount\" content=\"16.78\" \/>\n<meta property=\"product:price:currency\" content=\"EUR\" \/>\n<meta property=\"og:availability\" content=\"instock\" \/>\n<meta property=\"product:availability\" content=\"instock\" \/>\n<meta property=\"product:retailer_item_id\" content=\"033984005204\" \/>\n<meta property=\"product:condition\" content=\"new\" \/>\n<!-- \/ Yoast SEO Premium plugin. -->","yoast_head_json":{"title":"calcium magn\u00e9sium plus zinc - 100 comprim\u00e9s - ECO Supplements","description":"Wij hebben een ruime keuze aan producten van calcium magn\u00e9sium plus zinc - 100 comprim\u00e9s . Winkel bij Eco Supplements altijd gratis verzending boven 100\u20ac","robots":{"index":"index","follow":"follow","max-snippet":"max-snippet:-1","max-image-preview":"max-image-preview:large","max-video-preview":"max-video-preview:-1"},"canonical":"https:\/\/ecosupplements.be\/fr\/produit\/calcium-magnesium-plus-zinc-100-comprimes\/","og_locale":"fr_FR","og_type":"article","og_title":"calcium magn\u00e9sium plus zinc - 100 comprim\u00e9s","og_description":"Wij hebben een ruime keuze aan producten van calcium magn\u00e9sium plus zinc - 100 comprim\u00e9s . Winkel bij Eco Supplements altijd gratis verzending boven 100\u20ac","og_url":"https:\/\/ecosupplements.be\/fr\/produit\/calcium-magnesium-plus-zinc-100-comprimes\/","og_site_name":"ECO Supplements","article_modified_time":"2025-08-27T11:40:59+00:00","og_image":[{"width":750,"height":750,"url":"https:\/\/ecosupplements.be\/wp-content\/uploads\/2025\/08\/Solgar-Calcium-Magnesium-plus-Zinc-1.jpg","type":"image\/jpeg"}],"twitter_card":"summary_large_image","twitter_misc":{"Prix":"16.78&nbsp;&euro;","Disponibilit\u00e9":"En stock"},"schema":{"@context":"https:\/\/schema.org","@graph":[{"@type":["WebPage","ItemPage"],"@id":"https:\/\/ecosupplements.be\/fr\/produit\/calcium-magnesium-plus-zinc-100-comprimes\/","url":"https:\/\/ecosupplements.be\/fr\/produit\/calcium-magnesium-plus-zinc-100-comprimes\/","name":"calcium magn\u00e9sium plus zinc - 100 comprim\u00e9s - ECO Supplements","isPartOf":{"@id":"https:\/\/ecosupplements.be\/fr\/#website"},"primaryImageOfPage":{"@id":"https:\/\/ecosupplements.be\/fr\/produit\/calcium-magnesium-plus-zinc-100-comprimes\/#primaryimage"},"image":{"@id":"https:\/\/ecosupplements.be\/fr\/produit\/calcium-magnesium-plus-zinc-100-comprimes\/#primaryimage"},"thumbnailUrl":"https:\/\/ecosupplements.be\/wp-content\/uploads\/2025\/08\/Solgar-Calcium-Magnesium-plus-Zinc-1.jpg","datePublished":"2022-06-28T09:30:30+00:00","dateModified":"2025-08-27T11:40:59+00:00","description":"Wij hebben een ruime keuze aan producten van calcium magn\u00e9sium plus zinc - 100 comprim\u00e9s . Winkel bij Eco Supplements altijd gratis verzending boven 100\u20ac","breadcrumb":{"@id":"https:\/\/ecosupplements.be\/fr\/produit\/calcium-magnesium-plus-zinc-100-comprimes\/#breadcrumb"},"inLanguage":"fr-FR","potentialAction":[{"@type":"ReadAction","target":["https:\/\/ecosupplements.be\/fr\/produit\/calcium-magnesium-plus-zinc-100-comprimes\/"]}]},{"@type":"ImageObject","inLanguage":"fr-FR","@id":"https:\/\/ecosupplements.be\/fr\/produit\/calcium-magnesium-plus-zinc-100-comprimes\/#primaryimage","url":"https:\/\/ecosupplements.be\/wp-content\/uploads\/2025\/08\/Solgar-Calcium-Magnesium-plus-Zinc-1.jpg","contentUrl":"https:\/\/ecosupplements.be\/wp-content\/uploads\/2025\/08\/Solgar-Calcium-Magnesium-plus-Zinc-1.jpg","width":750,"height":750},{"@type":"BreadcrumbList","@id":"https:\/\/ecosupplements.be\/fr\/produit\/calcium-magnesium-plus-zinc-100-comprimes\/#breadcrumb","itemListElement":[{"@type":"ListItem","position":1,"name":"Home","item":"https:\/\/ecosupplements.be\/fr\/"},{"@type":"ListItem","position":2,"name":"Boutique","item":"https:\/\/ecosupplements.be\/fr\/boutique\/"},{"@type":"ListItem","position":3,"name":"calcium magn\u00e9sium plus zinc &#8211; 100 comprim\u00e9s"}]},{"@type":"WebSite","@id":"https:\/\/ecosupplements.be\/fr\/#website","url":"https:\/\/ecosupplements.be\/fr\/","name":"ECO Supplements","description":"Eco Supplements - Gezonde supplementen","publisher":{"@id":"https:\/\/ecosupplements.be\/fr\/#organization"},"potentialAction":[{"@type":"SearchAction","target":{"@type":"EntryPoint","urlTemplate":"https:\/\/ecosupplements.be\/fr\/?s={search_term_string}"},"query-input":{"@type":"PropertyValueSpecification","valueRequired":true,"valueName":"search_term_string"}}],"inLanguage":"fr-FR"},{"@type":"Organization","@id":"https:\/\/ecosupplements.be\/fr\/#organization","name":"Eco Supplements","url":"https:\/\/ecosupplements.be\/fr\/","logo":{"@type":"ImageObject","inLanguage":"fr-FR","@id":"https:\/\/ecosupplements.be\/fr\/#\/schema\/logo\/image\/","url":"https:\/\/ecosupplements.be\/wp-content\/uploads\/2022\/06\/ecosupplement-family.png","contentUrl":"https:\/\/ecosupplements.be\/wp-content\/uploads\/2022\/06\/ecosupplement-family.png","width":593,"height":374,"caption":"Eco Supplements"},"image":{"@id":"https:\/\/ecosupplements.be\/fr\/#\/schema\/logo\/image\/"}}]},"product_brand":"Solgar","product_price_amount":"16.78","product_price_currency":"EUR","og_availability":"instock","product_availability":"instock","product_retailer_item_id":"033984005204","product_condition":"new"},"_links":{"self":[{"href":"https:\/\/ecosupplements.be\/fr\/wp-json\/wp\/v2\/product\/282569","targetHints":{"allow":["GET"]}}],"collection":[{"href":"https:\/\/ecosupplements.be\/fr\/wp-json\/wp\/v2\/product"}],"about":[{"href":"https:\/\/ecosupplements.be\/fr\/wp-json\/wp\/v2\/types\/product"}],"replies":[{"embeddable":true,"href":"https:\/\/ecosupplements.be\/fr\/wp-json\/wp\/v2\/comments?post=282569"}],"wp:featuredmedia":[{"embeddable":true,"href":"https:\/\/ecosupplements.be\/fr\/wp-json\/wp\/v2\/media\/255489"}],"wp:attachment":[{"href":"https:\/\/ecosupplements.be\/fr\/wp-json\/wp\/v2\/media?parent=282569"}],"wp:term":[{"taxonomy":"product_brand","embeddable":true,"href":"https:\/\/ecosupplements.be\/fr\/wp-json\/wp\/v2\/product_brand?post=282569"},{"taxonomy":"product_cat","embeddable":true,"href":"https:\/\/ecosupplements.be\/fr\/wp-json\/wp\/v2\/product_cat?post=282569"},{"taxonomy":"product_tag","embeddable":true,"href":"https:\/\/ecosupplements.be\/fr\/wp-json\/wp\/v2\/product_tag?post=282569"}],"curies":[{"name":"wp","href":"https:\/\/api.w.org\/{rel}","templated":true}]}}