{"id":282588,"date":"2022-06-28T10:30:39","date_gmt":"2022-06-28T09:30:39","guid":{"rendered":"https:\/\/ecosupplements.be\/product\/pastilles-flavo-zinc-citron-et-lime-50-pastilles\/"},"modified":"2025-08-27T12:42:18","modified_gmt":"2025-08-27T11:42:18","slug":"pastilles-flavo-zinc-citron-et-lime-50-pastilles","status":"publish","type":"product","link":"https:\/\/ecosupplements.be\/fr\/produit\/pastilles-flavo-zinc-citron-et-lime-50-pastilles\/","title":{"rendered":"Pastilles Flavo-Zinc, citron et lime &#8211; 50 pastilles"},"content":{"rendered":"<h1 style=\"text-align: center;\">Solgar &#8211; Pastilles de Flavo-Zinc<\/h1>\n<p>Puissant antioxydant recommand\u00e9 par les sp\u00e9cialistes<br \/>\nFavorise une fonction c\u00e9r\u00e9brale saine<br \/>\nPour une peau, des cheveux et des ongles sains<br \/>\nFournit du zinc sous forme de citrate et de gluconate<br \/>\nForme de pastille facile \u00e0 prendre<\/p>\n<p>Les pastilles Flavo-Zinc fournissent du zinc de premi\u00e8re qualit\u00e9 sous forme de pastilles tr\u00e8s absorbables et faciles \u00e0 prendre. Un nutriment cl\u00e9, le zinc est un oligo-\u00e9l\u00e9ment essentiel et est vital pour de nombreuses fonctions dans le corps. Il est souvent utilis\u00e9 de fa\u00e7on saisonni\u00e8re pour ceux qui cherchent \u00e0 soutenir leur niveau d&#8217;immunit\u00e9.<br \/>\nLe zinc favorise la sant\u00e9 de la peau, des cheveux et des ongles et exerce une activit\u00e9 antioxydante, qui aide \u00e0 combattre les radicaux libres. Les radicaux libres sont des mol\u00e9cules instables qui peuvent endommager les cellules de votre corps et sont associ\u00e9s au vieillissement pr\u00e9matur\u00e9 et \u00e0 certains probl\u00e8mes de sant\u00e9. Le zinc contribue \u00e9galement \u00e0 un syst\u00e8me immunitaire sain et poss\u00e8de des propri\u00e9t\u00e9s utiles pour le soutien \u00e9nerg\u00e9tique, la fertilit\u00e9 et la sant\u00e9 masculine.<\/p>\n<p><img decoding=\"async\" src=\"https:\/\/ecosupplements.be\/wp-content\/uploads\/2025\/08\/gluten-free-1.png\" title=\"Sans gluten\" alt=\"Gluten free\"><img decoding=\"async\" src=\"https:\/\/ecosupplements.be\/wp-content\/uploads\/2025\/08\/vegan-1.png\" title=\"Vegan\" alt=\"Vegan\"><img decoding=\"async\" src=\"https:\/\/ecosupplements.be\/wp-content\/uploads\/2025\/08\/vegetarian-1.png\" title=\"V\u00e9g\u00e9tarien\" alt=\"Vegetarian\"><img decoding=\"async\" src=\"https:\/\/ecosupplements.be\/wp-content\/uploads\/2025\/08\/soy-free-1.png\" title=\"Sans soja\" alt=\"Soy-free\"><\/p>\n","protected":false},"excerpt":{"rendered":"<p>Solgar &#8211; Pastilles de Flavo-Zinc Puissant antioxydant recommand\u00e9 par les sp\u00e9cialistes Favorise une fonction c\u00e9r\u00e9brale saine Pour une peau, des cheveux et des ongles sains Fournit du zinc sous forme de citrate et de gluconate Forme de pastille facile \u00e0 prendre Les pastilles Flavo-Zinc fournissent du zinc de premi\u00e8re qualit\u00e9 sous forme de pastilles tr\u00e8s [&#8230;]\n","protected":false},"featured_media":255548,"comment_status":"open","ping_status":"open","template":"","meta":[],"product_brand":[4760],"product_cat":[5098,5064,5054,5055,5052,5053,5107],"product_tag":[],"class_list":{"0":"post-282588","1":"product","2":"type-product","3":"status-publish","4":"has-post-thumbnail","6":"product_brand-solgar-2","7":"product_cat-antioxydants","8":"product_cat-mineraux-simples","9":"product_cat-nourriture-saine","10":"product_cat-produits-vegetaliens","11":"product_cat-sante-et-bien-etre","12":"product_cat-vitamines-et-mineraux","13":"product_cat-zinc","15":"first","16":"instock","17":"taxable","18":"shipping-taxable","19":"purchasable","20":"product-type-simple"},"yoast_head":"<!-- This site is optimized with the Yoast SEO Premium plugin v27.3 (Yoast SEO v27.3) - https:\/\/yoast.com\/product\/yoast-seo-premium-wordpress\/ -->\n<title>Pastilles Flavo-Zinc, citron et lime - 50 pastilles - ECO Supplements<\/title>\n<meta name=\"description\" content=\"Wij hebben een ruime keuze aan producten van Pastilles Flavo-Zinc, citron et lime - 50 pastilles . Winkel bij Eco Supplements altijd gratis verzending boven 100\u20ac\" \/>\n<meta name=\"robots\" content=\"index, follow, max-snippet:-1, max-image-preview:large, max-video-preview:-1\" \/>\n<link rel=\"canonical\" href=\"https:\/\/ecosupplements.be\/fr\/produit\/pastilles-flavo-zinc-citron-et-lime-50-pastilles\/\" \/>\n<meta property=\"og:locale\" content=\"fr_FR\" \/>\n<meta property=\"og:type\" content=\"article\" \/>\n<meta property=\"og:title\" content=\"Pastilles Flavo-Zinc, citron et lime - 50 pastilles\" \/>\n<meta property=\"og:description\" content=\"Wij hebben een ruime keuze aan producten van Pastilles Flavo-Zinc, citron et lime - 50 pastilles . Winkel bij Eco Supplements altijd gratis verzending boven 100\u20ac\" \/>\n<meta property=\"og:url\" content=\"https:\/\/ecosupplements.be\/fr\/produit\/pastilles-flavo-zinc-citron-et-lime-50-pastilles\/\" \/>\n<meta property=\"og:site_name\" content=\"ECO Supplements\" \/>\n<meta property=\"article:modified_time\" content=\"2025-08-27T11:42:18+00:00\" \/>\n<meta property=\"og:image\" content=\"https:\/\/ecosupplements.be\/wp-content\/uploads\/2025\/08\/Flavo-Zinc-Lozenges-Lemon-Lime-50-lozenges-1.jpg\" \/>\n\t<meta property=\"og:image:width\" content=\"600\" \/>\n\t<meta property=\"og:image:height\" content=\"600\" \/>\n\t<meta property=\"og:image:type\" content=\"image\/jpeg\" \/>\n<meta name=\"twitter:card\" content=\"summary_large_image\" \/>\n<meta name=\"twitter:label1\" content=\"Prix\" \/>\n\t<meta name=\"twitter:data1\" content=\"9.59&nbsp;&euro;\" \/>\n\t<meta name=\"twitter:label2\" content=\"Disponibilit\u00e9\" \/>\n\t<meta name=\"twitter:data2\" content=\"En stock\" \/>\n<script type=\"application\/ld+json\" class=\"yoast-schema-graph\">{\"@context\":\"https:\\\/\\\/schema.org\",\"@graph\":[{\"@type\":[\"WebPage\",\"ItemPage\"],\"@id\":\"https:\\\/\\\/ecosupplements.be\\\/fr\\\/produit\\\/pastilles-flavo-zinc-citron-et-lime-50-pastilles\\\/\",\"url\":\"https:\\\/\\\/ecosupplements.be\\\/fr\\\/produit\\\/pastilles-flavo-zinc-citron-et-lime-50-pastilles\\\/\",\"name\":\"Pastilles Flavo-Zinc, citron et lime - 50 pastilles - ECO Supplements\",\"isPartOf\":{\"@id\":\"https:\\\/\\\/ecosupplements.be\\\/fr\\\/#website\"},\"primaryImageOfPage\":{\"@id\":\"https:\\\/\\\/ecosupplements.be\\\/fr\\\/produit\\\/pastilles-flavo-zinc-citron-et-lime-50-pastilles\\\/#primaryimage\"},\"image\":{\"@id\":\"https:\\\/\\\/ecosupplements.be\\\/fr\\\/produit\\\/pastilles-flavo-zinc-citron-et-lime-50-pastilles\\\/#primaryimage\"},\"thumbnailUrl\":\"https:\\\/\\\/ecosupplements.be\\\/wp-content\\\/uploads\\\/2025\\\/08\\\/Flavo-Zinc-Lozenges-Lemon-Lime-50-lozenges-1.jpg\",\"datePublished\":\"2022-06-28T09:30:39+00:00\",\"dateModified\":\"2025-08-27T11:42:18+00:00\",\"description\":\"Wij hebben een ruime keuze aan producten van Pastilles Flavo-Zinc, citron et lime - 50 pastilles . Winkel bij Eco Supplements altijd gratis verzending boven 100\u20ac\",\"breadcrumb\":{\"@id\":\"https:\\\/\\\/ecosupplements.be\\\/fr\\\/produit\\\/pastilles-flavo-zinc-citron-et-lime-50-pastilles\\\/#breadcrumb\"},\"inLanguage\":\"fr-FR\",\"potentialAction\":[{\"@type\":\"ReadAction\",\"target\":[\"https:\\\/\\\/ecosupplements.be\\\/fr\\\/produit\\\/pastilles-flavo-zinc-citron-et-lime-50-pastilles\\\/\"]}]},{\"@type\":\"ImageObject\",\"inLanguage\":\"fr-FR\",\"@id\":\"https:\\\/\\\/ecosupplements.be\\\/fr\\\/produit\\\/pastilles-flavo-zinc-citron-et-lime-50-pastilles\\\/#primaryimage\",\"url\":\"https:\\\/\\\/ecosupplements.be\\\/wp-content\\\/uploads\\\/2025\\\/08\\\/Flavo-Zinc-Lozenges-Lemon-Lime-50-lozenges-1.jpg\",\"contentUrl\":\"https:\\\/\\\/ecosupplements.be\\\/wp-content\\\/uploads\\\/2025\\\/08\\\/Flavo-Zinc-Lozenges-Lemon-Lime-50-lozenges-1.jpg\",\"width\":600,\"height\":600},{\"@type\":\"BreadcrumbList\",\"@id\":\"https:\\\/\\\/ecosupplements.be\\\/fr\\\/produit\\\/pastilles-flavo-zinc-citron-et-lime-50-pastilles\\\/#breadcrumb\",\"itemListElement\":[{\"@type\":\"ListItem\",\"position\":1,\"name\":\"Home\",\"item\":\"https:\\\/\\\/ecosupplements.be\\\/fr\\\/\"},{\"@type\":\"ListItem\",\"position\":2,\"name\":\"Boutique\",\"item\":\"https:\\\/\\\/ecosupplements.be\\\/fr\\\/boutique\\\/\"},{\"@type\":\"ListItem\",\"position\":3,\"name\":\"Pastilles Flavo-Zinc, citron et lime &#8211; 50 pastilles\"}]},{\"@type\":\"WebSite\",\"@id\":\"https:\\\/\\\/ecosupplements.be\\\/fr\\\/#website\",\"url\":\"https:\\\/\\\/ecosupplements.be\\\/fr\\\/\",\"name\":\"ECO Supplements\",\"description\":\"Eco Supplements - Gezonde supplementen\",\"publisher\":{\"@id\":\"https:\\\/\\\/ecosupplements.be\\\/fr\\\/#organization\"},\"potentialAction\":[{\"@type\":\"SearchAction\",\"target\":{\"@type\":\"EntryPoint\",\"urlTemplate\":\"https:\\\/\\\/ecosupplements.be\\\/fr\\\/?s={search_term_string}\"},\"query-input\":{\"@type\":\"PropertyValueSpecification\",\"valueRequired\":true,\"valueName\":\"search_term_string\"}}],\"inLanguage\":\"fr-FR\"},{\"@type\":\"Organization\",\"@id\":\"https:\\\/\\\/ecosupplements.be\\\/fr\\\/#organization\",\"name\":\"Eco Supplements\",\"url\":\"https:\\\/\\\/ecosupplements.be\\\/fr\\\/\",\"logo\":{\"@type\":\"ImageObject\",\"inLanguage\":\"fr-FR\",\"@id\":\"https:\\\/\\\/ecosupplements.be\\\/fr\\\/#\\\/schema\\\/logo\\\/image\\\/\",\"url\":\"https:\\\/\\\/ecosupplements.be\\\/wp-content\\\/uploads\\\/2022\\\/06\\\/ecosupplement-family.png\",\"contentUrl\":\"https:\\\/\\\/ecosupplements.be\\\/wp-content\\\/uploads\\\/2022\\\/06\\\/ecosupplement-family.png\",\"width\":593,\"height\":374,\"caption\":\"Eco Supplements\"},\"image\":{\"@id\":\"https:\\\/\\\/ecosupplements.be\\\/fr\\\/#\\\/schema\\\/logo\\\/image\\\/\"}}]}<\/script>\n<meta property=\"product:brand\" content=\"Solgar\" \/>\n<meta property=\"product:price:amount\" content=\"9.59\" \/>\n<meta property=\"product:price:currency\" content=\"EUR\" \/>\n<meta property=\"og:availability\" content=\"instock\" \/>\n<meta property=\"product:availability\" content=\"instock\" \/>\n<meta property=\"product:retailer_item_id\" content=\"033984010642\" \/>\n<meta property=\"product:condition\" content=\"new\" \/>\n<!-- \/ Yoast SEO Premium plugin. -->","yoast_head_json":{"title":"Pastilles Flavo-Zinc, citron et lime - 50 pastilles - ECO Supplements","description":"Wij hebben een ruime keuze aan producten van Pastilles Flavo-Zinc, citron et lime - 50 pastilles . Winkel bij Eco Supplements altijd gratis verzending boven 100\u20ac","robots":{"index":"index","follow":"follow","max-snippet":"max-snippet:-1","max-image-preview":"max-image-preview:large","max-video-preview":"max-video-preview:-1"},"canonical":"https:\/\/ecosupplements.be\/fr\/produit\/pastilles-flavo-zinc-citron-et-lime-50-pastilles\/","og_locale":"fr_FR","og_type":"article","og_title":"Pastilles Flavo-Zinc, citron et lime - 50 pastilles","og_description":"Wij hebben een ruime keuze aan producten van Pastilles Flavo-Zinc, citron et lime - 50 pastilles . Winkel bij Eco Supplements altijd gratis verzending boven 100\u20ac","og_url":"https:\/\/ecosupplements.be\/fr\/produit\/pastilles-flavo-zinc-citron-et-lime-50-pastilles\/","og_site_name":"ECO Supplements","article_modified_time":"2025-08-27T11:42:18+00:00","og_image":[{"width":600,"height":600,"url":"https:\/\/ecosupplements.be\/wp-content\/uploads\/2025\/08\/Flavo-Zinc-Lozenges-Lemon-Lime-50-lozenges-1.jpg","type":"image\/jpeg"}],"twitter_card":"summary_large_image","twitter_misc":{"Prix":"9.59&nbsp;&euro;","Disponibilit\u00e9":"En stock"},"schema":{"@context":"https:\/\/schema.org","@graph":[{"@type":["WebPage","ItemPage"],"@id":"https:\/\/ecosupplements.be\/fr\/produit\/pastilles-flavo-zinc-citron-et-lime-50-pastilles\/","url":"https:\/\/ecosupplements.be\/fr\/produit\/pastilles-flavo-zinc-citron-et-lime-50-pastilles\/","name":"Pastilles Flavo-Zinc, citron et lime - 50 pastilles - ECO Supplements","isPartOf":{"@id":"https:\/\/ecosupplements.be\/fr\/#website"},"primaryImageOfPage":{"@id":"https:\/\/ecosupplements.be\/fr\/produit\/pastilles-flavo-zinc-citron-et-lime-50-pastilles\/#primaryimage"},"image":{"@id":"https:\/\/ecosupplements.be\/fr\/produit\/pastilles-flavo-zinc-citron-et-lime-50-pastilles\/#primaryimage"},"thumbnailUrl":"https:\/\/ecosupplements.be\/wp-content\/uploads\/2025\/08\/Flavo-Zinc-Lozenges-Lemon-Lime-50-lozenges-1.jpg","datePublished":"2022-06-28T09:30:39+00:00","dateModified":"2025-08-27T11:42:18+00:00","description":"Wij hebben een ruime keuze aan producten van Pastilles Flavo-Zinc, citron et lime - 50 pastilles . Winkel bij Eco Supplements altijd gratis verzending boven 100\u20ac","breadcrumb":{"@id":"https:\/\/ecosupplements.be\/fr\/produit\/pastilles-flavo-zinc-citron-et-lime-50-pastilles\/#breadcrumb"},"inLanguage":"fr-FR","potentialAction":[{"@type":"ReadAction","target":["https:\/\/ecosupplements.be\/fr\/produit\/pastilles-flavo-zinc-citron-et-lime-50-pastilles\/"]}]},{"@type":"ImageObject","inLanguage":"fr-FR","@id":"https:\/\/ecosupplements.be\/fr\/produit\/pastilles-flavo-zinc-citron-et-lime-50-pastilles\/#primaryimage","url":"https:\/\/ecosupplements.be\/wp-content\/uploads\/2025\/08\/Flavo-Zinc-Lozenges-Lemon-Lime-50-lozenges-1.jpg","contentUrl":"https:\/\/ecosupplements.be\/wp-content\/uploads\/2025\/08\/Flavo-Zinc-Lozenges-Lemon-Lime-50-lozenges-1.jpg","width":600,"height":600},{"@type":"BreadcrumbList","@id":"https:\/\/ecosupplements.be\/fr\/produit\/pastilles-flavo-zinc-citron-et-lime-50-pastilles\/#breadcrumb","itemListElement":[{"@type":"ListItem","position":1,"name":"Home","item":"https:\/\/ecosupplements.be\/fr\/"},{"@type":"ListItem","position":2,"name":"Boutique","item":"https:\/\/ecosupplements.be\/fr\/boutique\/"},{"@type":"ListItem","position":3,"name":"Pastilles Flavo-Zinc, citron et lime &#8211; 50 pastilles"}]},{"@type":"WebSite","@id":"https:\/\/ecosupplements.be\/fr\/#website","url":"https:\/\/ecosupplements.be\/fr\/","name":"ECO Supplements","description":"Eco Supplements - Gezonde supplementen","publisher":{"@id":"https:\/\/ecosupplements.be\/fr\/#organization"},"potentialAction":[{"@type":"SearchAction","target":{"@type":"EntryPoint","urlTemplate":"https:\/\/ecosupplements.be\/fr\/?s={search_term_string}"},"query-input":{"@type":"PropertyValueSpecification","valueRequired":true,"valueName":"search_term_string"}}],"inLanguage":"fr-FR"},{"@type":"Organization","@id":"https:\/\/ecosupplements.be\/fr\/#organization","name":"Eco Supplements","url":"https:\/\/ecosupplements.be\/fr\/","logo":{"@type":"ImageObject","inLanguage":"fr-FR","@id":"https:\/\/ecosupplements.be\/fr\/#\/schema\/logo\/image\/","url":"https:\/\/ecosupplements.be\/wp-content\/uploads\/2022\/06\/ecosupplement-family.png","contentUrl":"https:\/\/ecosupplements.be\/wp-content\/uploads\/2022\/06\/ecosupplement-family.png","width":593,"height":374,"caption":"Eco Supplements"},"image":{"@id":"https:\/\/ecosupplements.be\/fr\/#\/schema\/logo\/image\/"}}]},"product_brand":"Solgar","product_price_amount":"9.59","product_price_currency":"EUR","og_availability":"instock","product_availability":"instock","product_retailer_item_id":"033984010642","product_condition":"new"},"_links":{"self":[{"href":"https:\/\/ecosupplements.be\/fr\/wp-json\/wp\/v2\/product\/282588","targetHints":{"allow":["GET"]}}],"collection":[{"href":"https:\/\/ecosupplements.be\/fr\/wp-json\/wp\/v2\/product"}],"about":[{"href":"https:\/\/ecosupplements.be\/fr\/wp-json\/wp\/v2\/types\/product"}],"replies":[{"embeddable":true,"href":"https:\/\/ecosupplements.be\/fr\/wp-json\/wp\/v2\/comments?post=282588"}],"wp:featuredmedia":[{"embeddable":true,"href":"https:\/\/ecosupplements.be\/fr\/wp-json\/wp\/v2\/media\/255548"}],"wp:attachment":[{"href":"https:\/\/ecosupplements.be\/fr\/wp-json\/wp\/v2\/media?parent=282588"}],"wp:term":[{"taxonomy":"product_brand","embeddable":true,"href":"https:\/\/ecosupplements.be\/fr\/wp-json\/wp\/v2\/product_brand?post=282588"},{"taxonomy":"product_cat","embeddable":true,"href":"https:\/\/ecosupplements.be\/fr\/wp-json\/wp\/v2\/product_cat?post=282588"},{"taxonomy":"product_tag","embeddable":true,"href":"https:\/\/ecosupplements.be\/fr\/wp-json\/wp\/v2\/product_tag?post=282588"}],"curies":[{"name":"wp","href":"https:\/\/api.w.org\/{rel}","templated":true}]}}