{"id":282602,"date":"2022-06-28T10:30:49","date_gmt":"2022-06-28T09:30:49","guid":{"rendered":"https:\/\/ecosupplements.be\/product\/vitamine-d3-liquide-2500iu-orange-naturelle-59-ml\/"},"modified":"2025-08-27T12:43:15","modified_gmt":"2025-08-27T11:43:15","slug":"vitamine-d3-liquide-2500iu-orange-naturelle-59-ml","status":"publish","type":"product","link":"https:\/\/ecosupplements.be\/fr\/produit\/vitamine-d3-liquide-2500iu-orange-naturelle-59-ml\/","title":{"rendered":"Vitamine D3 liquide, 2500IU (Orange naturelle) &#8211; 59 ml."},"content":{"rendered":"<h1 style=\"text-align: center;\">Solgar &#8211; Vitamine D3 liquide<\/h1>\n<p>Soutient l&#8217;immunit\u00e9<br \/>\nAide \u00e0 maintenir la sant\u00e9 des os et des dents<br \/>\nFormule tr\u00e8s puissante, sous une forme liquide facile \u00e0 prendre, fournissant d&#8217;excellents niveaux de votre besoin quotidien.<br \/>\nV\u00e9g\u00e9tarien, casher<br \/>\nLa vitamine D3 liquide 2500 UI (62,5 mcg) est une formule de qualit\u00e9 sup\u00e9rieure et tr\u00e8s puissante de vitamine D3, une forme facile \u00e0 utiliser par l&#8217;organisme. Les bienfaits de la &#8220;vitamine soleil&#8221; sont nombreux et bien document\u00e9s, allant du soutien de l&#8217;immunit\u00e9 \u00e0 la solidit\u00e9 des os et \u00e0 la sant\u00e9 des dents. En plus de changer votre r\u00e9gime alimentaire et votre mode de vie, la prise d&#8217;un suppl\u00e9ment de vitamine D est un bon moyen de compl\u00e9ter vos niveaux, surtout pendant les mois d&#8217;hiver. C&#8217;est particuli\u00e8rement important si l&#8217;on tient compte du fait que plus d&#8217;un milliard de personnes dans le monde ont des niveaux tr\u00e8s bas de vitamine D.<br \/>\nLa vitamine D3 liquide 2500 UI (62,5 mcg) est propos\u00e9e dans un d\u00e9licieux parfum naturel d&#8217;orange et est id\u00e9ale pour les personnes qui ont des difficult\u00e9s \u00e0 avaler les capsules ou les comprim\u00e9s. Elle est casher et convient aux v\u00e9g\u00e9tariens. Contribuant \u00e0 :<br \/>\nL&#8217;absorption\/utilisation normale du calcium et du phosphore<br \/>\nLes niveaux normaux de calcium dans le sang<br \/>\nLe maintien d&#8217;une ossature normale<br \/>\nLe maintien d&#8217;une fonction musculaire normale<br \/>\nL&#8217;entretien de dents normales<br \/>\nLe fonctionnement normal du syst\u00e8me immunitaire<br \/>\nLe processus de division cellulaire<\/p>\n<p><img decoding=\"async\" src=\"https:\/\/ecosupplements.be\/wp-content\/uploads\/2025\/08\/gluten-free-1.png\" title=\"Sans gluten\" alt=\"Gluten free\"><img decoding=\"async\" src=\"https:\/\/ecosupplements.be\/wp-content\/uploads\/2025\/08\/sugar-free-1.png\" title=\"Sans sucre\" alt=\"Sugar free\"><img decoding=\"async\" src=\"https:\/\/ecosupplements.be\/wp-content\/uploads\/2025\/08\/vegetarian-1.png\" title=\"V\u00e9g\u00e9tarien\" alt=\"Vegetarian\"><img decoding=\"async\" src=\"https:\/\/ecosupplements.be\/wp-content\/uploads\/2025\/08\/soy-free-1.png\" title=\"Sans soja\" alt=\"Soy-free\"><\/p>\n","protected":false},"excerpt":{"rendered":"<p>Solgar &#8211; Vitamine D3 liquide Soutient l&#8217;immunit\u00e9 Aide \u00e0 maintenir la sant\u00e9 des os et des dents Formule tr\u00e8s puissante, sous une forme liquide facile \u00e0 prendre, fournissant d&#8217;excellents niveaux de votre besoin quotidien. V\u00e9g\u00e9tarien, casher La vitamine D3 liquide 2500 UI (62,5 mcg) est une formule de qualit\u00e9 sup\u00e9rieure et tr\u00e8s puissante de vitamine [&#8230;]\n","protected":false},"featured_media":255593,"comment_status":"open","ping_status":"open","template":"","meta":[],"product_brand":[4760],"product_cat":[5061,5052,5060,5053,5059],"product_tag":[],"class_list":{"0":"post-282602","1":"product","2":"type-product","3":"status-publish","4":"has-post-thumbnail","6":"product_brand-solgar-2","7":"product_cat-d3-vitamine-d-vitamines-simples","8":"product_cat-sante-et-bien-etre","9":"product_cat-vitamine-d-vitamines-simples","10":"product_cat-vitamines-et-mineraux","11":"product_cat-vitamines-simples","13":"first","14":"instock","15":"taxable","16":"shipping-taxable","17":"purchasable","18":"product-type-simple"},"yoast_head":"<!-- This site is optimized with the Yoast SEO Premium plugin v27.3 (Yoast SEO v27.3) - https:\/\/yoast.com\/product\/yoast-seo-premium-wordpress\/ -->\n<title>Vitamine D3 liquide, 2500IU (Orange naturelle) - 59 ml. - ECO Supplements<\/title>\n<meta name=\"description\" content=\"Wij hebben een ruime keuze aan producten van Vitamine D3 liquide, 2500IU (Orange naturelle) - 59 ml. . Winkel bij Eco Supplements altijd gratis verzending boven 100\u20ac\" \/>\n<meta name=\"robots\" content=\"index, follow, max-snippet:-1, max-image-preview:large, max-video-preview:-1\" \/>\n<link rel=\"canonical\" href=\"https:\/\/ecosupplements.be\/fr\/produit\/vitamine-d3-liquide-2500iu-orange-naturelle-59-ml\/\" \/>\n<meta property=\"og:locale\" content=\"fr_FR\" \/>\n<meta property=\"og:type\" content=\"article\" \/>\n<meta property=\"og:title\" content=\"Vitamine D3 liquide, 2500IU (Orange naturelle) - 59 ml.\" \/>\n<meta property=\"og:description\" content=\"Wij hebben een ruime keuze aan producten van Vitamine D3 liquide, 2500IU (Orange naturelle) - 59 ml. . Winkel bij Eco Supplements altijd gratis verzending boven 100\u20ac\" \/>\n<meta property=\"og:url\" content=\"https:\/\/ecosupplements.be\/fr\/produit\/vitamine-d3-liquide-2500iu-orange-naturelle-59-ml\/\" \/>\n<meta property=\"og:site_name\" content=\"ECO Supplements\" \/>\n<meta property=\"article:modified_time\" content=\"2025-08-27T11:43:15+00:00\" \/>\n<meta property=\"og:image\" content=\"https:\/\/ecosupplements.be\/wp-content\/uploads\/2025\/08\/Liquid-Vitamin-D3-2500IU-Natural-Orange-59-ml-1.jpg\" \/>\n\t<meta property=\"og:image:width\" content=\"191\" \/>\n\t<meta property=\"og:image:height\" content=\"556\" \/>\n\t<meta property=\"og:image:type\" content=\"image\/jpeg\" \/>\n<meta name=\"twitter:card\" content=\"summary_large_image\" \/>\n<meta name=\"twitter:label1\" content=\"Prix\" \/>\n\t<meta name=\"twitter:data1\" content=\"14.52&nbsp;&euro;\" \/>\n\t<meta name=\"twitter:label2\" content=\"Disponibilit\u00e9\" \/>\n\t<meta name=\"twitter:data2\" content=\"En stock\" \/>\n<script type=\"application\/ld+json\" class=\"yoast-schema-graph\">{\"@context\":\"https:\\\/\\\/schema.org\",\"@graph\":[{\"@type\":[\"WebPage\",\"ItemPage\"],\"@id\":\"https:\\\/\\\/ecosupplements.be\\\/fr\\\/produit\\\/vitamine-d3-liquide-2500iu-orange-naturelle-59-ml\\\/\",\"url\":\"https:\\\/\\\/ecosupplements.be\\\/fr\\\/produit\\\/vitamine-d3-liquide-2500iu-orange-naturelle-59-ml\\\/\",\"name\":\"Vitamine D3 liquide, 2500IU (Orange naturelle) - 59 ml. - ECO Supplements\",\"isPartOf\":{\"@id\":\"https:\\\/\\\/ecosupplements.be\\\/fr\\\/#website\"},\"primaryImageOfPage\":{\"@id\":\"https:\\\/\\\/ecosupplements.be\\\/fr\\\/produit\\\/vitamine-d3-liquide-2500iu-orange-naturelle-59-ml\\\/#primaryimage\"},\"image\":{\"@id\":\"https:\\\/\\\/ecosupplements.be\\\/fr\\\/produit\\\/vitamine-d3-liquide-2500iu-orange-naturelle-59-ml\\\/#primaryimage\"},\"thumbnailUrl\":\"https:\\\/\\\/ecosupplements.be\\\/wp-content\\\/uploads\\\/2025\\\/08\\\/Liquid-Vitamin-D3-2500IU-Natural-Orange-59-ml-1.jpg\",\"datePublished\":\"2022-06-28T09:30:49+00:00\",\"dateModified\":\"2025-08-27T11:43:15+00:00\",\"description\":\"Wij hebben een ruime keuze aan producten van Vitamine D3 liquide, 2500IU (Orange naturelle) - 59 ml. . Winkel bij Eco Supplements altijd gratis verzending boven 100\u20ac\",\"breadcrumb\":{\"@id\":\"https:\\\/\\\/ecosupplements.be\\\/fr\\\/produit\\\/vitamine-d3-liquide-2500iu-orange-naturelle-59-ml\\\/#breadcrumb\"},\"inLanguage\":\"fr-FR\",\"potentialAction\":[{\"@type\":\"ReadAction\",\"target\":[\"https:\\\/\\\/ecosupplements.be\\\/fr\\\/produit\\\/vitamine-d3-liquide-2500iu-orange-naturelle-59-ml\\\/\"]}]},{\"@type\":\"ImageObject\",\"inLanguage\":\"fr-FR\",\"@id\":\"https:\\\/\\\/ecosupplements.be\\\/fr\\\/produit\\\/vitamine-d3-liquide-2500iu-orange-naturelle-59-ml\\\/#primaryimage\",\"url\":\"https:\\\/\\\/ecosupplements.be\\\/wp-content\\\/uploads\\\/2025\\\/08\\\/Liquid-Vitamin-D3-2500IU-Natural-Orange-59-ml-1.jpg\",\"contentUrl\":\"https:\\\/\\\/ecosupplements.be\\\/wp-content\\\/uploads\\\/2025\\\/08\\\/Liquid-Vitamin-D3-2500IU-Natural-Orange-59-ml-1.jpg\",\"width\":191,\"height\":556},{\"@type\":\"BreadcrumbList\",\"@id\":\"https:\\\/\\\/ecosupplements.be\\\/fr\\\/produit\\\/vitamine-d3-liquide-2500iu-orange-naturelle-59-ml\\\/#breadcrumb\",\"itemListElement\":[{\"@type\":\"ListItem\",\"position\":1,\"name\":\"Home\",\"item\":\"https:\\\/\\\/ecosupplements.be\\\/fr\\\/\"},{\"@type\":\"ListItem\",\"position\":2,\"name\":\"Boutique\",\"item\":\"https:\\\/\\\/ecosupplements.be\\\/fr\\\/boutique\\\/\"},{\"@type\":\"ListItem\",\"position\":3,\"name\":\"Vitamine D3 liquide, 2500IU (Orange naturelle) &#8211; 59 ml.\"}]},{\"@type\":\"WebSite\",\"@id\":\"https:\\\/\\\/ecosupplements.be\\\/fr\\\/#website\",\"url\":\"https:\\\/\\\/ecosupplements.be\\\/fr\\\/\",\"name\":\"ECO Supplements\",\"description\":\"Eco Supplements - Gezonde supplementen\",\"publisher\":{\"@id\":\"https:\\\/\\\/ecosupplements.be\\\/fr\\\/#organization\"},\"potentialAction\":[{\"@type\":\"SearchAction\",\"target\":{\"@type\":\"EntryPoint\",\"urlTemplate\":\"https:\\\/\\\/ecosupplements.be\\\/fr\\\/?s={search_term_string}\"},\"query-input\":{\"@type\":\"PropertyValueSpecification\",\"valueRequired\":true,\"valueName\":\"search_term_string\"}}],\"inLanguage\":\"fr-FR\"},{\"@type\":\"Organization\",\"@id\":\"https:\\\/\\\/ecosupplements.be\\\/fr\\\/#organization\",\"name\":\"Eco Supplements\",\"url\":\"https:\\\/\\\/ecosupplements.be\\\/fr\\\/\",\"logo\":{\"@type\":\"ImageObject\",\"inLanguage\":\"fr-FR\",\"@id\":\"https:\\\/\\\/ecosupplements.be\\\/fr\\\/#\\\/schema\\\/logo\\\/image\\\/\",\"url\":\"https:\\\/\\\/ecosupplements.be\\\/wp-content\\\/uploads\\\/2022\\\/06\\\/ecosupplement-family.png\",\"contentUrl\":\"https:\\\/\\\/ecosupplements.be\\\/wp-content\\\/uploads\\\/2022\\\/06\\\/ecosupplement-family.png\",\"width\":593,\"height\":374,\"caption\":\"Eco Supplements\"},\"image\":{\"@id\":\"https:\\\/\\\/ecosupplements.be\\\/fr\\\/#\\\/schema\\\/logo\\\/image\\\/\"}}]}<\/script>\n<meta property=\"product:brand\" content=\"Solgar\" \/>\n<meta property=\"product:price:amount\" content=\"14.52\" \/>\n<meta property=\"product:price:currency\" content=\"EUR\" \/>\n<meta property=\"og:availability\" content=\"instock\" \/>\n<meta property=\"product:availability\" content=\"instock\" \/>\n<meta property=\"product:retailer_item_id\" content=\"033984320482\" \/>\n<meta property=\"product:condition\" content=\"new\" \/>\n<!-- \/ Yoast SEO Premium plugin. -->","yoast_head_json":{"title":"Vitamine D3 liquide, 2500IU (Orange naturelle) - 59 ml. - ECO Supplements","description":"Wij hebben een ruime keuze aan producten van Vitamine D3 liquide, 2500IU (Orange naturelle) - 59 ml. . Winkel bij Eco Supplements altijd gratis verzending boven 100\u20ac","robots":{"index":"index","follow":"follow","max-snippet":"max-snippet:-1","max-image-preview":"max-image-preview:large","max-video-preview":"max-video-preview:-1"},"canonical":"https:\/\/ecosupplements.be\/fr\/produit\/vitamine-d3-liquide-2500iu-orange-naturelle-59-ml\/","og_locale":"fr_FR","og_type":"article","og_title":"Vitamine D3 liquide, 2500IU (Orange naturelle) - 59 ml.","og_description":"Wij hebben een ruime keuze aan producten van Vitamine D3 liquide, 2500IU (Orange naturelle) - 59 ml. . Winkel bij Eco Supplements altijd gratis verzending boven 100\u20ac","og_url":"https:\/\/ecosupplements.be\/fr\/produit\/vitamine-d3-liquide-2500iu-orange-naturelle-59-ml\/","og_site_name":"ECO Supplements","article_modified_time":"2025-08-27T11:43:15+00:00","og_image":[{"width":191,"height":556,"url":"https:\/\/ecosupplements.be\/wp-content\/uploads\/2025\/08\/Liquid-Vitamin-D3-2500IU-Natural-Orange-59-ml-1.jpg","type":"image\/jpeg"}],"twitter_card":"summary_large_image","twitter_misc":{"Prix":"14.52&nbsp;&euro;","Disponibilit\u00e9":"En stock"},"schema":{"@context":"https:\/\/schema.org","@graph":[{"@type":["WebPage","ItemPage"],"@id":"https:\/\/ecosupplements.be\/fr\/produit\/vitamine-d3-liquide-2500iu-orange-naturelle-59-ml\/","url":"https:\/\/ecosupplements.be\/fr\/produit\/vitamine-d3-liquide-2500iu-orange-naturelle-59-ml\/","name":"Vitamine D3 liquide, 2500IU (Orange naturelle) - 59 ml. - ECO Supplements","isPartOf":{"@id":"https:\/\/ecosupplements.be\/fr\/#website"},"primaryImageOfPage":{"@id":"https:\/\/ecosupplements.be\/fr\/produit\/vitamine-d3-liquide-2500iu-orange-naturelle-59-ml\/#primaryimage"},"image":{"@id":"https:\/\/ecosupplements.be\/fr\/produit\/vitamine-d3-liquide-2500iu-orange-naturelle-59-ml\/#primaryimage"},"thumbnailUrl":"https:\/\/ecosupplements.be\/wp-content\/uploads\/2025\/08\/Liquid-Vitamin-D3-2500IU-Natural-Orange-59-ml-1.jpg","datePublished":"2022-06-28T09:30:49+00:00","dateModified":"2025-08-27T11:43:15+00:00","description":"Wij hebben een ruime keuze aan producten van Vitamine D3 liquide, 2500IU (Orange naturelle) - 59 ml. . Winkel bij Eco Supplements altijd gratis verzending boven 100\u20ac","breadcrumb":{"@id":"https:\/\/ecosupplements.be\/fr\/produit\/vitamine-d3-liquide-2500iu-orange-naturelle-59-ml\/#breadcrumb"},"inLanguage":"fr-FR","potentialAction":[{"@type":"ReadAction","target":["https:\/\/ecosupplements.be\/fr\/produit\/vitamine-d3-liquide-2500iu-orange-naturelle-59-ml\/"]}]},{"@type":"ImageObject","inLanguage":"fr-FR","@id":"https:\/\/ecosupplements.be\/fr\/produit\/vitamine-d3-liquide-2500iu-orange-naturelle-59-ml\/#primaryimage","url":"https:\/\/ecosupplements.be\/wp-content\/uploads\/2025\/08\/Liquid-Vitamin-D3-2500IU-Natural-Orange-59-ml-1.jpg","contentUrl":"https:\/\/ecosupplements.be\/wp-content\/uploads\/2025\/08\/Liquid-Vitamin-D3-2500IU-Natural-Orange-59-ml-1.jpg","width":191,"height":556},{"@type":"BreadcrumbList","@id":"https:\/\/ecosupplements.be\/fr\/produit\/vitamine-d3-liquide-2500iu-orange-naturelle-59-ml\/#breadcrumb","itemListElement":[{"@type":"ListItem","position":1,"name":"Home","item":"https:\/\/ecosupplements.be\/fr\/"},{"@type":"ListItem","position":2,"name":"Boutique","item":"https:\/\/ecosupplements.be\/fr\/boutique\/"},{"@type":"ListItem","position":3,"name":"Vitamine D3 liquide, 2500IU (Orange naturelle) &#8211; 59 ml."}]},{"@type":"WebSite","@id":"https:\/\/ecosupplements.be\/fr\/#website","url":"https:\/\/ecosupplements.be\/fr\/","name":"ECO Supplements","description":"Eco Supplements - Gezonde supplementen","publisher":{"@id":"https:\/\/ecosupplements.be\/fr\/#organization"},"potentialAction":[{"@type":"SearchAction","target":{"@type":"EntryPoint","urlTemplate":"https:\/\/ecosupplements.be\/fr\/?s={search_term_string}"},"query-input":{"@type":"PropertyValueSpecification","valueRequired":true,"valueName":"search_term_string"}}],"inLanguage":"fr-FR"},{"@type":"Organization","@id":"https:\/\/ecosupplements.be\/fr\/#organization","name":"Eco Supplements","url":"https:\/\/ecosupplements.be\/fr\/","logo":{"@type":"ImageObject","inLanguage":"fr-FR","@id":"https:\/\/ecosupplements.be\/fr\/#\/schema\/logo\/image\/","url":"https:\/\/ecosupplements.be\/wp-content\/uploads\/2022\/06\/ecosupplement-family.png","contentUrl":"https:\/\/ecosupplements.be\/wp-content\/uploads\/2022\/06\/ecosupplement-family.png","width":593,"height":374,"caption":"Eco Supplements"},"image":{"@id":"https:\/\/ecosupplements.be\/fr\/#\/schema\/logo\/image\/"}}]},"product_brand":"Solgar","product_price_amount":"14.52","product_price_currency":"EUR","og_availability":"instock","product_availability":"instock","product_retailer_item_id":"033984320482","product_condition":"new"},"_links":{"self":[{"href":"https:\/\/ecosupplements.be\/fr\/wp-json\/wp\/v2\/product\/282602","targetHints":{"allow":["GET"]}}],"collection":[{"href":"https:\/\/ecosupplements.be\/fr\/wp-json\/wp\/v2\/product"}],"about":[{"href":"https:\/\/ecosupplements.be\/fr\/wp-json\/wp\/v2\/types\/product"}],"replies":[{"embeddable":true,"href":"https:\/\/ecosupplements.be\/fr\/wp-json\/wp\/v2\/comments?post=282602"}],"wp:featuredmedia":[{"embeddable":true,"href":"https:\/\/ecosupplements.be\/fr\/wp-json\/wp\/v2\/media\/255593"}],"wp:attachment":[{"href":"https:\/\/ecosupplements.be\/fr\/wp-json\/wp\/v2\/media?parent=282602"}],"wp:term":[{"taxonomy":"product_brand","embeddable":true,"href":"https:\/\/ecosupplements.be\/fr\/wp-json\/wp\/v2\/product_brand?post=282602"},{"taxonomy":"product_cat","embeddable":true,"href":"https:\/\/ecosupplements.be\/fr\/wp-json\/wp\/v2\/product_cat?post=282602"},{"taxonomy":"product_tag","embeddable":true,"href":"https:\/\/ecosupplements.be\/fr\/wp-json\/wp\/v2\/product_tag?post=282602"}],"curies":[{"name":"wp","href":"https:\/\/api.w.org\/{rel}","templated":true}]}}