{"id":282604,"date":"2022-06-28T10:30:49","date_gmt":"2022-06-28T09:30:49","guid":{"rendered":"https:\/\/ecosupplements.be\/product\/magnesium-avec-vitamine-b6-100-comprimes\/"},"modified":"2025-08-27T12:43:24","modified_gmt":"2025-08-27T11:43:24","slug":"magnesium-avec-vitamine-b6-100-comprimes","status":"publish","type":"product","link":"https:\/\/ecosupplements.be\/fr\/produit\/magnesium-avec-vitamine-b6-100-comprimes\/","title":{"rendered":"Magn\u00e9sium avec vitamine B6 &#8211; 100 comprim\u00e9s"},"content":{"rendered":"<h1 style=\"text-align: center;\">Solgar &#8211; Magn\u00e9sium avec vitamine B6<\/h1>\n<p>Complexe unique, pratique et rentable<br \/>\nSoutient des niveaux d&#8217;\u00e9nergie normaux, et aide \u00e0 r\u00e9duire la fatigue et la lassitude<br \/>\nSoutient la fonction musculaire<br \/>\nV\u00e9g\u00e9talien, v\u00e9g\u00e9tarien, casher<br \/>\nSans sucre, sans sel et sans amidon<\/p>\n<p>Le complexe Magn\u00e9sium avec B6 est une formule pratique et rentable. Avec l&#8217;inclusion de la B6, qui contribue \u00e0 l&#8217;\u00e9quilibre hormonal, cette formule est souvent recommand\u00e9e pour la sant\u00e9 des femmes. L&#8217;association du magn\u00e9sium et de la B6 procure une vari\u00e9t\u00e9 de bienfaits pour le bien-\u00eatre g\u00e9n\u00e9ral de chacun.<br \/>\nLe magn\u00e9sium contribue \u00e0 :<\/p>\n<p>&nbsp;&nbsp;&nbsp; Lib\u00e9ration d&#8217;\u00e9nergie et r\u00e9duction de la fatigue et de la lassitude<br \/>\n&nbsp;&nbsp;&nbsp; Fonctionnement normal du syst\u00e8me nerveux<br \/>\n&nbsp;&nbsp;&nbsp; Fonction musculaire normale<br \/>\n&nbsp;&nbsp;&nbsp; Maintien d&#8217;une ossature normale<br \/>\n&nbsp;&nbsp;&nbsp; Fonctionnement psychologique normal<\/p>\n<p>La vitamine B6 contribue \u00e9galement \u00e0 :<\/p>\n<p>&nbsp;&nbsp;&nbsp; La r\u00e9gulation de l&#8217;activit\u00e9 hormonale<br \/>\n&nbsp;&nbsp;&nbsp; Le maintien d&#8217;une ossature normale<br \/>\n&nbsp;&nbsp;&nbsp; La fonction psychologique normale<\/p>\n<p><img decoding=\"async\" src=\"https:\/\/ecosupplements.be\/wp-content\/uploads\/2025\/08\/gluten-free-1.png\" title=\"Sans gluten\" alt=\"Gluten free\"><img decoding=\"async\" src=\"https:\/\/ecosupplements.be\/wp-content\/uploads\/2025\/08\/sugar-free-1.png\" title=\"Sans sucre\" alt=\"Sugar free\"><img decoding=\"async\" src=\"https:\/\/ecosupplements.be\/wp-content\/uploads\/2025\/08\/vegan-1.png\" title=\"Vegan\" alt=\"Vegan\"><img decoding=\"async\" src=\"https:\/\/ecosupplements.be\/wp-content\/uploads\/2025\/08\/vegetarian-1.png\" title=\"V\u00e9g\u00e9tarien\" alt=\"Vegetarian\"><img decoding=\"async\" src=\"https:\/\/ecosupplements.be\/wp-content\/uploads\/2025\/08\/soy-free-1.png\" title=\"Sans soja\" alt=\"Soy-free\"><\/p>\n","protected":false},"excerpt":{"rendered":"<p>Solgar &#8211; Magn\u00e9sium avec vitamine B6 Complexe unique, pratique et rentable Soutient des niveaux d&#8217;\u00e9nergie normaux, et aide \u00e0 r\u00e9duire la fatigue et la lassitude Soutient la fonction musculaire V\u00e9g\u00e9talien, v\u00e9g\u00e9tarien, casher Sans sucre, sans sel et sans amidon Le complexe Magn\u00e9sium avec B6 est une formule pratique et rentable. Avec l&#8217;inclusion de la B6, [&#8230;]\n","protected":false},"featured_media":255599,"comment_status":"open","ping_status":"open","template":"","meta":[],"product_brand":[4760],"product_cat":[5167,5066,5064,5052,5073,5053,5059],"product_tag":[],"class_list":{"0":"post-282604","1":"product","2":"type-product","3":"status-publish","4":"has-post-thumbnail","6":"product_brand-solgar-2","7":"product_cat-b6-vitamine-b-vitamines-simples","8":"product_cat-magnesium-mineraux-simples","9":"product_cat-mineraux-simples","10":"product_cat-sante-et-bien-etre","11":"product_cat-vitamine-b-vitamines-simples","12":"product_cat-vitamines-et-mineraux","13":"product_cat-vitamines-simples","15":"first","16":"instock","17":"taxable","18":"shipping-taxable","19":"purchasable","20":"product-type-simple"},"yoast_head":"<!-- This site is optimized with the Yoast SEO Premium plugin v27.3 (Yoast SEO v27.3) - https:\/\/yoast.com\/product\/yoast-seo-premium-wordpress\/ -->\n<title>Magn\u00e9sium avec vitamine B6 - 100 comprim\u00e9s - ECO Supplements<\/title>\n<meta name=\"description\" content=\"Wij hebben een ruime keuze aan producten van Magn\u00e9sium avec vitamine B6 - 100 comprim\u00e9s . Winkel bij Eco Supplements altijd gratis verzending boven 100\u20ac\" \/>\n<meta name=\"robots\" content=\"index, follow, max-snippet:-1, max-image-preview:large, max-video-preview:-1\" \/>\n<link rel=\"canonical\" href=\"https:\/\/ecosupplements.be\/fr\/produit\/magnesium-avec-vitamine-b6-100-comprimes\/\" \/>\n<meta property=\"og:locale\" content=\"fr_FR\" \/>\n<meta property=\"og:type\" content=\"article\" \/>\n<meta property=\"og:title\" content=\"Magn\u00e9sium avec vitamine B6 - 100 comprim\u00e9s\" \/>\n<meta property=\"og:description\" content=\"Wij hebben een ruime keuze aan producten van Magn\u00e9sium avec vitamine B6 - 100 comprim\u00e9s . Winkel bij Eco Supplements altijd gratis verzending boven 100\u20ac\" \/>\n<meta property=\"og:url\" content=\"https:\/\/ecosupplements.be\/fr\/produit\/magnesium-avec-vitamine-b6-100-comprimes\/\" \/>\n<meta property=\"og:site_name\" content=\"ECO Supplements\" \/>\n<meta property=\"article:modified_time\" content=\"2025-08-27T11:43:24+00:00\" \/>\n<meta property=\"og:image\" content=\"https:\/\/ecosupplements.be\/wp-content\/uploads\/2025\/08\/Magnesium-with-Vitamin-B6-100-tabs-1.jpg\" \/>\n\t<meta property=\"og:image:width\" content=\"600\" \/>\n\t<meta property=\"og:image:height\" content=\"600\" \/>\n\t<meta property=\"og:image:type\" content=\"image\/jpeg\" \/>\n<meta name=\"twitter:card\" content=\"summary_large_image\" \/>\n<meta name=\"twitter:label1\" content=\"Prix\" \/>\n\t<meta name=\"twitter:data1\" content=\"13.66&nbsp;&euro;\" \/>\n\t<meta name=\"twitter:label2\" content=\"Disponibilit\u00e9\" \/>\n\t<meta name=\"twitter:data2\" content=\"En stock\" \/>\n<script type=\"application\/ld+json\" class=\"yoast-schema-graph\">{\"@context\":\"https:\\\/\\\/schema.org\",\"@graph\":[{\"@type\":[\"WebPage\",\"ItemPage\"],\"@id\":\"https:\\\/\\\/ecosupplements.be\\\/fr\\\/produit\\\/magnesium-avec-vitamine-b6-100-comprimes\\\/\",\"url\":\"https:\\\/\\\/ecosupplements.be\\\/fr\\\/produit\\\/magnesium-avec-vitamine-b6-100-comprimes\\\/\",\"name\":\"Magn\u00e9sium avec vitamine B6 - 100 comprim\u00e9s - ECO Supplements\",\"isPartOf\":{\"@id\":\"https:\\\/\\\/ecosupplements.be\\\/fr\\\/#website\"},\"primaryImageOfPage\":{\"@id\":\"https:\\\/\\\/ecosupplements.be\\\/fr\\\/produit\\\/magnesium-avec-vitamine-b6-100-comprimes\\\/#primaryimage\"},\"image\":{\"@id\":\"https:\\\/\\\/ecosupplements.be\\\/fr\\\/produit\\\/magnesium-avec-vitamine-b6-100-comprimes\\\/#primaryimage\"},\"thumbnailUrl\":\"https:\\\/\\\/ecosupplements.be\\\/wp-content\\\/uploads\\\/2025\\\/08\\\/Magnesium-with-Vitamin-B6-100-tabs-1.jpg\",\"datePublished\":\"2022-06-28T09:30:49+00:00\",\"dateModified\":\"2025-08-27T11:43:24+00:00\",\"description\":\"Wij hebben een ruime keuze aan producten van Magn\u00e9sium avec vitamine B6 - 100 comprim\u00e9s . Winkel bij Eco Supplements altijd gratis verzending boven 100\u20ac\",\"breadcrumb\":{\"@id\":\"https:\\\/\\\/ecosupplements.be\\\/fr\\\/produit\\\/magnesium-avec-vitamine-b6-100-comprimes\\\/#breadcrumb\"},\"inLanguage\":\"fr-FR\",\"potentialAction\":[{\"@type\":\"ReadAction\",\"target\":[\"https:\\\/\\\/ecosupplements.be\\\/fr\\\/produit\\\/magnesium-avec-vitamine-b6-100-comprimes\\\/\"]}]},{\"@type\":\"ImageObject\",\"inLanguage\":\"fr-FR\",\"@id\":\"https:\\\/\\\/ecosupplements.be\\\/fr\\\/produit\\\/magnesium-avec-vitamine-b6-100-comprimes\\\/#primaryimage\",\"url\":\"https:\\\/\\\/ecosupplements.be\\\/wp-content\\\/uploads\\\/2025\\\/08\\\/Magnesium-with-Vitamin-B6-100-tabs-1.jpg\",\"contentUrl\":\"https:\\\/\\\/ecosupplements.be\\\/wp-content\\\/uploads\\\/2025\\\/08\\\/Magnesium-with-Vitamin-B6-100-tabs-1.jpg\",\"width\":600,\"height\":600},{\"@type\":\"BreadcrumbList\",\"@id\":\"https:\\\/\\\/ecosupplements.be\\\/fr\\\/produit\\\/magnesium-avec-vitamine-b6-100-comprimes\\\/#breadcrumb\",\"itemListElement\":[{\"@type\":\"ListItem\",\"position\":1,\"name\":\"Home\",\"item\":\"https:\\\/\\\/ecosupplements.be\\\/fr\\\/\"},{\"@type\":\"ListItem\",\"position\":2,\"name\":\"Boutique\",\"item\":\"https:\\\/\\\/ecosupplements.be\\\/fr\\\/boutique\\\/\"},{\"@type\":\"ListItem\",\"position\":3,\"name\":\"Magn\u00e9sium avec vitamine B6 &#8211; 100 comprim\u00e9s\"}]},{\"@type\":\"WebSite\",\"@id\":\"https:\\\/\\\/ecosupplements.be\\\/fr\\\/#website\",\"url\":\"https:\\\/\\\/ecosupplements.be\\\/fr\\\/\",\"name\":\"ECO Supplements\",\"description\":\"Eco Supplements - Gezonde supplementen\",\"publisher\":{\"@id\":\"https:\\\/\\\/ecosupplements.be\\\/fr\\\/#organization\"},\"potentialAction\":[{\"@type\":\"SearchAction\",\"target\":{\"@type\":\"EntryPoint\",\"urlTemplate\":\"https:\\\/\\\/ecosupplements.be\\\/fr\\\/?s={search_term_string}\"},\"query-input\":{\"@type\":\"PropertyValueSpecification\",\"valueRequired\":true,\"valueName\":\"search_term_string\"}}],\"inLanguage\":\"fr-FR\"},{\"@type\":\"Organization\",\"@id\":\"https:\\\/\\\/ecosupplements.be\\\/fr\\\/#organization\",\"name\":\"Eco Supplements\",\"url\":\"https:\\\/\\\/ecosupplements.be\\\/fr\\\/\",\"logo\":{\"@type\":\"ImageObject\",\"inLanguage\":\"fr-FR\",\"@id\":\"https:\\\/\\\/ecosupplements.be\\\/fr\\\/#\\\/schema\\\/logo\\\/image\\\/\",\"url\":\"https:\\\/\\\/ecosupplements.be\\\/wp-content\\\/uploads\\\/2022\\\/06\\\/ecosupplement-family.png\",\"contentUrl\":\"https:\\\/\\\/ecosupplements.be\\\/wp-content\\\/uploads\\\/2022\\\/06\\\/ecosupplement-family.png\",\"width\":593,\"height\":374,\"caption\":\"Eco Supplements\"},\"image\":{\"@id\":\"https:\\\/\\\/ecosupplements.be\\\/fr\\\/#\\\/schema\\\/logo\\\/image\\\/\"}}]}<\/script>\n<meta property=\"product:brand\" content=\"Solgar\" \/>\n<meta property=\"product:price:amount\" content=\"13.66\" \/>\n<meta property=\"product:price:currency\" content=\"EUR\" \/>\n<meta property=\"og:availability\" content=\"instock\" \/>\n<meta property=\"product:availability\" content=\"instock\" \/>\n<meta property=\"product:retailer_item_id\" content=\"033984017207\" \/>\n<meta property=\"product:condition\" content=\"new\" \/>\n<!-- \/ Yoast SEO Premium plugin. -->","yoast_head_json":{"title":"Magn\u00e9sium avec vitamine B6 - 100 comprim\u00e9s - ECO Supplements","description":"Wij hebben een ruime keuze aan producten van Magn\u00e9sium avec vitamine B6 - 100 comprim\u00e9s . Winkel bij Eco Supplements altijd gratis verzending boven 100\u20ac","robots":{"index":"index","follow":"follow","max-snippet":"max-snippet:-1","max-image-preview":"max-image-preview:large","max-video-preview":"max-video-preview:-1"},"canonical":"https:\/\/ecosupplements.be\/fr\/produit\/magnesium-avec-vitamine-b6-100-comprimes\/","og_locale":"fr_FR","og_type":"article","og_title":"Magn\u00e9sium avec vitamine B6 - 100 comprim\u00e9s","og_description":"Wij hebben een ruime keuze aan producten van Magn\u00e9sium avec vitamine B6 - 100 comprim\u00e9s . Winkel bij Eco Supplements altijd gratis verzending boven 100\u20ac","og_url":"https:\/\/ecosupplements.be\/fr\/produit\/magnesium-avec-vitamine-b6-100-comprimes\/","og_site_name":"ECO Supplements","article_modified_time":"2025-08-27T11:43:24+00:00","og_image":[{"width":600,"height":600,"url":"https:\/\/ecosupplements.be\/wp-content\/uploads\/2025\/08\/Magnesium-with-Vitamin-B6-100-tabs-1.jpg","type":"image\/jpeg"}],"twitter_card":"summary_large_image","twitter_misc":{"Prix":"13.66&nbsp;&euro;","Disponibilit\u00e9":"En stock"},"schema":{"@context":"https:\/\/schema.org","@graph":[{"@type":["WebPage","ItemPage"],"@id":"https:\/\/ecosupplements.be\/fr\/produit\/magnesium-avec-vitamine-b6-100-comprimes\/","url":"https:\/\/ecosupplements.be\/fr\/produit\/magnesium-avec-vitamine-b6-100-comprimes\/","name":"Magn\u00e9sium avec vitamine B6 - 100 comprim\u00e9s - ECO Supplements","isPartOf":{"@id":"https:\/\/ecosupplements.be\/fr\/#website"},"primaryImageOfPage":{"@id":"https:\/\/ecosupplements.be\/fr\/produit\/magnesium-avec-vitamine-b6-100-comprimes\/#primaryimage"},"image":{"@id":"https:\/\/ecosupplements.be\/fr\/produit\/magnesium-avec-vitamine-b6-100-comprimes\/#primaryimage"},"thumbnailUrl":"https:\/\/ecosupplements.be\/wp-content\/uploads\/2025\/08\/Magnesium-with-Vitamin-B6-100-tabs-1.jpg","datePublished":"2022-06-28T09:30:49+00:00","dateModified":"2025-08-27T11:43:24+00:00","description":"Wij hebben een ruime keuze aan producten van Magn\u00e9sium avec vitamine B6 - 100 comprim\u00e9s . Winkel bij Eco Supplements altijd gratis verzending boven 100\u20ac","breadcrumb":{"@id":"https:\/\/ecosupplements.be\/fr\/produit\/magnesium-avec-vitamine-b6-100-comprimes\/#breadcrumb"},"inLanguage":"fr-FR","potentialAction":[{"@type":"ReadAction","target":["https:\/\/ecosupplements.be\/fr\/produit\/magnesium-avec-vitamine-b6-100-comprimes\/"]}]},{"@type":"ImageObject","inLanguage":"fr-FR","@id":"https:\/\/ecosupplements.be\/fr\/produit\/magnesium-avec-vitamine-b6-100-comprimes\/#primaryimage","url":"https:\/\/ecosupplements.be\/wp-content\/uploads\/2025\/08\/Magnesium-with-Vitamin-B6-100-tabs-1.jpg","contentUrl":"https:\/\/ecosupplements.be\/wp-content\/uploads\/2025\/08\/Magnesium-with-Vitamin-B6-100-tabs-1.jpg","width":600,"height":600},{"@type":"BreadcrumbList","@id":"https:\/\/ecosupplements.be\/fr\/produit\/magnesium-avec-vitamine-b6-100-comprimes\/#breadcrumb","itemListElement":[{"@type":"ListItem","position":1,"name":"Home","item":"https:\/\/ecosupplements.be\/fr\/"},{"@type":"ListItem","position":2,"name":"Boutique","item":"https:\/\/ecosupplements.be\/fr\/boutique\/"},{"@type":"ListItem","position":3,"name":"Magn\u00e9sium avec vitamine B6 &#8211; 100 comprim\u00e9s"}]},{"@type":"WebSite","@id":"https:\/\/ecosupplements.be\/fr\/#website","url":"https:\/\/ecosupplements.be\/fr\/","name":"ECO Supplements","description":"Eco Supplements - Gezonde supplementen","publisher":{"@id":"https:\/\/ecosupplements.be\/fr\/#organization"},"potentialAction":[{"@type":"SearchAction","target":{"@type":"EntryPoint","urlTemplate":"https:\/\/ecosupplements.be\/fr\/?s={search_term_string}"},"query-input":{"@type":"PropertyValueSpecification","valueRequired":true,"valueName":"search_term_string"}}],"inLanguage":"fr-FR"},{"@type":"Organization","@id":"https:\/\/ecosupplements.be\/fr\/#organization","name":"Eco Supplements","url":"https:\/\/ecosupplements.be\/fr\/","logo":{"@type":"ImageObject","inLanguage":"fr-FR","@id":"https:\/\/ecosupplements.be\/fr\/#\/schema\/logo\/image\/","url":"https:\/\/ecosupplements.be\/wp-content\/uploads\/2022\/06\/ecosupplement-family.png","contentUrl":"https:\/\/ecosupplements.be\/wp-content\/uploads\/2022\/06\/ecosupplement-family.png","width":593,"height":374,"caption":"Eco Supplements"},"image":{"@id":"https:\/\/ecosupplements.be\/fr\/#\/schema\/logo\/image\/"}}]},"product_brand":"Solgar","product_price_amount":"13.66","product_price_currency":"EUR","og_availability":"instock","product_availability":"instock","product_retailer_item_id":"033984017207","product_condition":"new"},"_links":{"self":[{"href":"https:\/\/ecosupplements.be\/fr\/wp-json\/wp\/v2\/product\/282604","targetHints":{"allow":["GET"]}}],"collection":[{"href":"https:\/\/ecosupplements.be\/fr\/wp-json\/wp\/v2\/product"}],"about":[{"href":"https:\/\/ecosupplements.be\/fr\/wp-json\/wp\/v2\/types\/product"}],"replies":[{"embeddable":true,"href":"https:\/\/ecosupplements.be\/fr\/wp-json\/wp\/v2\/comments?post=282604"}],"wp:featuredmedia":[{"embeddable":true,"href":"https:\/\/ecosupplements.be\/fr\/wp-json\/wp\/v2\/media\/255599"}],"wp:attachment":[{"href":"https:\/\/ecosupplements.be\/fr\/wp-json\/wp\/v2\/media?parent=282604"}],"wp:term":[{"taxonomy":"product_brand","embeddable":true,"href":"https:\/\/ecosupplements.be\/fr\/wp-json\/wp\/v2\/product_brand?post=282604"},{"taxonomy":"product_cat","embeddable":true,"href":"https:\/\/ecosupplements.be\/fr\/wp-json\/wp\/v2\/product_cat?post=282604"},{"taxonomy":"product_tag","embeddable":true,"href":"https:\/\/ecosupplements.be\/fr\/wp-json\/wp\/v2\/product_tag?post=282604"}],"curies":[{"name":"wp","href":"https:\/\/api.w.org\/{rel}","templated":true}]}}