{"id":282611,"date":"2022-06-28T10:30:57","date_gmt":"2022-06-28T09:30:57","guid":{"rendered":"https:\/\/ecosupplements.be\/product\/no-flush-niacin-500mg-50-vcaps\/"},"modified":"2025-08-27T12:43:55","modified_gmt":"2025-08-27T11:43:55","slug":"no-flush-niacin-500mg-50-vcaps","status":"publish","type":"product","link":"https:\/\/ecosupplements.be\/fr\/produit\/no-flush-niacin-500mg-50-vcaps\/","title":{"rendered":"No-Flush Niacin, 500mg &#8211; 50 vcaps"},"content":{"rendered":"<h1 style=\"text-align: center;\">Solgar &#8211; Niacine sans rin\u00e7age<\/h1>\n<p>Source de vitamine B3 (Niacine)<br \/>\nSoutient les niveaux d&#8217;\u00e9nergie<br \/>\nR\u00e9duit la fatigue et l&#8217;\u00e9puisement<br \/>\nSant\u00e9 de la peau<br \/>\nV\u00e9g\u00e9talien, v\u00e9g\u00e9tarien, casher<\/p>\n<p>Les g\u00e9lules v\u00e9g\u00e9tales No Flush Niacin 500 mg contiennent la vitamine B3 essentielle, la Niacine, qui est l&#8217;une des 8 vitamines B et joue un r\u00f4le important dans les niveaux d&#8217;\u00e9nergie, en aidant le m\u00e9tabolisme et en r\u00e9duisant la fatigue et la lassitude.<br \/>\nLa vitamine B3 est une vitamine hydrosoluble essentielle que l&#8217;on trouve dans de nombreux aliments tels que la viande, le thon, les graines et les champignons. Cette vitamine sp\u00e9cifique soutient le corps dans plusieurs processus, allant de la gestion des niveaux d&#8217;\u00e9nergie \u00e0 la sant\u00e9 de la peau et \u00e0 un esprit \u00e9quilibr\u00e9.<\/p>\n<p>Lorsque vous consommez des aliments riches en niacine, les risques d&#8217;effets secondaires sont tr\u00e8s faibles. Cependant, ils peuvent survenir lors de la prise de suppl\u00e9ments \u00e0 haute dose, car la quantit\u00e9 de vitamine sera plus \u00e9lev\u00e9e que lorsqu&#8217;elle est consomm\u00e9e par le biais des aliments. Les produits r\u00e9guliers \u00e0 haute dose contenant de la niacine ont souvent l&#8217;effet secondaire de bouff\u00e9es de chaleur. La forme complex\u00e9e sp\u00e9ciale de Niacine de Solgar ne s&#8217;accompagne pas de cet effet secondaire.<\/p>\n<p>No Flush Niacin 500 mg est \u00e0 prendre 1 \u00e0 2 fois par jour et se pr\u00e9sente sous forme de capsule v\u00e9g\u00e9tale, ce qui facilite son absorption. Cette formule sp\u00e9ciale no flush avec la vitamine B3 contribue \u00e0 :<br \/>\nM\u00e9tabolisme normal de production d&#8217;\u00e9nergie<br \/>\nFonctionnement normal du syst\u00e8me nerveux<br \/>\nFonctionnement psychologique normal<br \/>\nMaintien de muqueuses normales<br \/>\nMaintien d&#8217;une peau normale<br \/>\nR\u00e9duction de la fatigue et de la lassitude<\/p>\n<p><img decoding=\"async\" src=\"https:\/\/ecosupplements.be\/wp-content\/uploads\/2025\/08\/gluten-free-1.png\" title=\"Sans gluten\" alt=\"Gluten free\"><img decoding=\"async\" src=\"https:\/\/ecosupplements.be\/wp-content\/uploads\/2025\/08\/sugar-free-1.png\" title=\"Sans sucre\" alt=\"Sugar free\"><img decoding=\"async\" src=\"https:\/\/ecosupplements.be\/wp-content\/uploads\/2025\/08\/vegan-1.png\" title=\"Vegan\" alt=\"Vegan\"><img decoding=\"async\" src=\"https:\/\/ecosupplements.be\/wp-content\/uploads\/2025\/08\/vegetarian-1.png\" title=\"V\u00e9g\u00e9tarien\" alt=\"Vegetarian\"><img decoding=\"async\" src=\"https:\/\/ecosupplements.be\/wp-content\/uploads\/2025\/08\/soy-free-1.png\" title=\"Sans soja\" alt=\"Soy-free\"><\/p>\n","protected":false},"excerpt":{"rendered":"<p>Solgar &#8211; Niacine sans rin\u00e7age Source de vitamine B3 (Niacine) Soutient les niveaux d&#8217;\u00e9nergie R\u00e9duit la fatigue et l&#8217;\u00e9puisement Sant\u00e9 de la peau V\u00e9g\u00e9talien, v\u00e9g\u00e9tarien, casher Les g\u00e9lules v\u00e9g\u00e9tales No Flush Niacin 500 mg contiennent la vitamine B3 essentielle, la Niacine, qui est l&#8217;une des 8 vitamines B et joue un r\u00f4le important dans les [&#8230;]\n","protected":false},"featured_media":255623,"comment_status":"open","ping_status":"open","template":"","meta":[],"product_brand":[4760],"product_cat":[5052,5053],"product_tag":[5069],"class_list":{"0":"post-282611","1":"product","2":"type-product","3":"status-publish","4":"has-post-thumbnail","6":"product_brand-solgar-2","7":"product_cat-sante-et-bien-etre","8":"product_cat-vitamines-et-mineraux","9":"product_tag-topeco-2","11":"first","12":"instock","13":"taxable","14":"shipping-taxable","15":"purchasable","16":"product-type-simple"},"yoast_head":"<!-- This site is optimized with the Yoast SEO Premium plugin v27.3 (Yoast SEO v27.3) - https:\/\/yoast.com\/product\/yoast-seo-premium-wordpress\/ -->\n<title>No-Flush Niacin, 500mg - 50 vcaps - ECO Supplements<\/title>\n<meta name=\"description\" content=\"Wij hebben een ruime keuze aan producten van No-Flush Niacin, 500mg - 50 vcaps . Winkel bij Eco Supplements altijd gratis verzending boven 100\u20ac\" \/>\n<meta name=\"robots\" content=\"index, follow, max-snippet:-1, max-image-preview:large, max-video-preview:-1\" \/>\n<link rel=\"canonical\" href=\"https:\/\/ecosupplements.be\/fr\/produit\/no-flush-niacin-500mg-50-vcaps\/\" \/>\n<meta property=\"og:locale\" content=\"fr_FR\" \/>\n<meta property=\"og:type\" content=\"article\" \/>\n<meta property=\"og:title\" content=\"No-Flush Niacin, 500mg - 50 vcaps\" \/>\n<meta property=\"og:description\" content=\"Wij hebben een ruime keuze aan producten van No-Flush Niacin, 500mg - 50 vcaps . Winkel bij Eco Supplements altijd gratis verzending boven 100\u20ac\" \/>\n<meta property=\"og:url\" content=\"https:\/\/ecosupplements.be\/fr\/produit\/no-flush-niacin-500mg-50-vcaps\/\" \/>\n<meta property=\"og:site_name\" content=\"ECO Supplements\" \/>\n<meta property=\"article:modified_time\" content=\"2025-08-27T11:43:55+00:00\" \/>\n<meta property=\"og:image\" content=\"https:\/\/ecosupplements.be\/wp-content\/uploads\/2025\/08\/No-Flush-Niacin-500mg-50-vcaps-1.jpg\" \/>\n\t<meta property=\"og:image:width\" content=\"600\" \/>\n\t<meta property=\"og:image:height\" content=\"600\" \/>\n\t<meta property=\"og:image:type\" content=\"image\/jpeg\" \/>\n<meta name=\"twitter:card\" content=\"summary_large_image\" \/>\n<meta name=\"twitter:label1\" content=\"Prix\" \/>\n\t<meta name=\"twitter:data1\" content=\"27.59&nbsp;&euro;\" \/>\n\t<meta name=\"twitter:label2\" content=\"Disponibilit\u00e9\" \/>\n\t<meta name=\"twitter:data2\" content=\"En stock\" \/>\n<script type=\"application\/ld+json\" class=\"yoast-schema-graph\">{\"@context\":\"https:\\\/\\\/schema.org\",\"@graph\":[{\"@type\":[\"WebPage\",\"ItemPage\"],\"@id\":\"https:\\\/\\\/ecosupplements.be\\\/fr\\\/produit\\\/no-flush-niacin-500mg-50-vcaps\\\/\",\"url\":\"https:\\\/\\\/ecosupplements.be\\\/fr\\\/produit\\\/no-flush-niacin-500mg-50-vcaps\\\/\",\"name\":\"No-Flush Niacin, 500mg - 50 vcaps - ECO Supplements\",\"isPartOf\":{\"@id\":\"https:\\\/\\\/ecosupplements.be\\\/fr\\\/#website\"},\"primaryImageOfPage\":{\"@id\":\"https:\\\/\\\/ecosupplements.be\\\/fr\\\/produit\\\/no-flush-niacin-500mg-50-vcaps\\\/#primaryimage\"},\"image\":{\"@id\":\"https:\\\/\\\/ecosupplements.be\\\/fr\\\/produit\\\/no-flush-niacin-500mg-50-vcaps\\\/#primaryimage\"},\"thumbnailUrl\":\"https:\\\/\\\/ecosupplements.be\\\/wp-content\\\/uploads\\\/2025\\\/08\\\/No-Flush-Niacin-500mg-50-vcaps-1.jpg\",\"datePublished\":\"2022-06-28T09:30:57+00:00\",\"dateModified\":\"2025-08-27T11:43:55+00:00\",\"description\":\"Wij hebben een ruime keuze aan producten van No-Flush Niacin, 500mg - 50 vcaps . Winkel bij Eco Supplements altijd gratis verzending boven 100\u20ac\",\"breadcrumb\":{\"@id\":\"https:\\\/\\\/ecosupplements.be\\\/fr\\\/produit\\\/no-flush-niacin-500mg-50-vcaps\\\/#breadcrumb\"},\"inLanguage\":\"fr-FR\",\"potentialAction\":[{\"@type\":\"ReadAction\",\"target\":[\"https:\\\/\\\/ecosupplements.be\\\/fr\\\/produit\\\/no-flush-niacin-500mg-50-vcaps\\\/\"]}]},{\"@type\":\"ImageObject\",\"inLanguage\":\"fr-FR\",\"@id\":\"https:\\\/\\\/ecosupplements.be\\\/fr\\\/produit\\\/no-flush-niacin-500mg-50-vcaps\\\/#primaryimage\",\"url\":\"https:\\\/\\\/ecosupplements.be\\\/wp-content\\\/uploads\\\/2025\\\/08\\\/No-Flush-Niacin-500mg-50-vcaps-1.jpg\",\"contentUrl\":\"https:\\\/\\\/ecosupplements.be\\\/wp-content\\\/uploads\\\/2025\\\/08\\\/No-Flush-Niacin-500mg-50-vcaps-1.jpg\",\"width\":600,\"height\":600},{\"@type\":\"BreadcrumbList\",\"@id\":\"https:\\\/\\\/ecosupplements.be\\\/fr\\\/produit\\\/no-flush-niacin-500mg-50-vcaps\\\/#breadcrumb\",\"itemListElement\":[{\"@type\":\"ListItem\",\"position\":1,\"name\":\"Home\",\"item\":\"https:\\\/\\\/ecosupplements.be\\\/fr\\\/\"},{\"@type\":\"ListItem\",\"position\":2,\"name\":\"Boutique\",\"item\":\"https:\\\/\\\/ecosupplements.be\\\/fr\\\/boutique\\\/\"},{\"@type\":\"ListItem\",\"position\":3,\"name\":\"No-Flush Niacin, 500mg &#8211; 50 vcaps\"}]},{\"@type\":\"WebSite\",\"@id\":\"https:\\\/\\\/ecosupplements.be\\\/fr\\\/#website\",\"url\":\"https:\\\/\\\/ecosupplements.be\\\/fr\\\/\",\"name\":\"ECO Supplements\",\"description\":\"Eco Supplements - Gezonde supplementen\",\"publisher\":{\"@id\":\"https:\\\/\\\/ecosupplements.be\\\/fr\\\/#organization\"},\"potentialAction\":[{\"@type\":\"SearchAction\",\"target\":{\"@type\":\"EntryPoint\",\"urlTemplate\":\"https:\\\/\\\/ecosupplements.be\\\/fr\\\/?s={search_term_string}\"},\"query-input\":{\"@type\":\"PropertyValueSpecification\",\"valueRequired\":true,\"valueName\":\"search_term_string\"}}],\"inLanguage\":\"fr-FR\"},{\"@type\":\"Organization\",\"@id\":\"https:\\\/\\\/ecosupplements.be\\\/fr\\\/#organization\",\"name\":\"Eco Supplements\",\"url\":\"https:\\\/\\\/ecosupplements.be\\\/fr\\\/\",\"logo\":{\"@type\":\"ImageObject\",\"inLanguage\":\"fr-FR\",\"@id\":\"https:\\\/\\\/ecosupplements.be\\\/fr\\\/#\\\/schema\\\/logo\\\/image\\\/\",\"url\":\"https:\\\/\\\/ecosupplements.be\\\/wp-content\\\/uploads\\\/2022\\\/06\\\/ecosupplement-family.png\",\"contentUrl\":\"https:\\\/\\\/ecosupplements.be\\\/wp-content\\\/uploads\\\/2022\\\/06\\\/ecosupplement-family.png\",\"width\":593,\"height\":374,\"caption\":\"Eco Supplements\"},\"image\":{\"@id\":\"https:\\\/\\\/ecosupplements.be\\\/fr\\\/#\\\/schema\\\/logo\\\/image\\\/\"}}]}<\/script>\n<meta property=\"product:brand\" content=\"Solgar\" \/>\n<meta property=\"product:price:amount\" content=\"27.59\" \/>\n<meta property=\"product:price:currency\" content=\"EUR\" \/>\n<meta property=\"og:availability\" content=\"instock\" \/>\n<meta property=\"product:availability\" content=\"instock\" \/>\n<meta property=\"product:retailer_item_id\" content=\"033984019102\" \/>\n<meta property=\"product:condition\" content=\"new\" \/>\n<!-- \/ Yoast SEO Premium plugin. -->","yoast_head_json":{"title":"No-Flush Niacin, 500mg - 50 vcaps - ECO Supplements","description":"Wij hebben een ruime keuze aan producten van No-Flush Niacin, 500mg - 50 vcaps . Winkel bij Eco Supplements altijd gratis verzending boven 100\u20ac","robots":{"index":"index","follow":"follow","max-snippet":"max-snippet:-1","max-image-preview":"max-image-preview:large","max-video-preview":"max-video-preview:-1"},"canonical":"https:\/\/ecosupplements.be\/fr\/produit\/no-flush-niacin-500mg-50-vcaps\/","og_locale":"fr_FR","og_type":"article","og_title":"No-Flush Niacin, 500mg - 50 vcaps","og_description":"Wij hebben een ruime keuze aan producten van No-Flush Niacin, 500mg - 50 vcaps . Winkel bij Eco Supplements altijd gratis verzending boven 100\u20ac","og_url":"https:\/\/ecosupplements.be\/fr\/produit\/no-flush-niacin-500mg-50-vcaps\/","og_site_name":"ECO Supplements","article_modified_time":"2025-08-27T11:43:55+00:00","og_image":[{"width":600,"height":600,"url":"https:\/\/ecosupplements.be\/wp-content\/uploads\/2025\/08\/No-Flush-Niacin-500mg-50-vcaps-1.jpg","type":"image\/jpeg"}],"twitter_card":"summary_large_image","twitter_misc":{"Prix":"27.59&nbsp;&euro;","Disponibilit\u00e9":"En stock"},"schema":{"@context":"https:\/\/schema.org","@graph":[{"@type":["WebPage","ItemPage"],"@id":"https:\/\/ecosupplements.be\/fr\/produit\/no-flush-niacin-500mg-50-vcaps\/","url":"https:\/\/ecosupplements.be\/fr\/produit\/no-flush-niacin-500mg-50-vcaps\/","name":"No-Flush Niacin, 500mg - 50 vcaps - ECO Supplements","isPartOf":{"@id":"https:\/\/ecosupplements.be\/fr\/#website"},"primaryImageOfPage":{"@id":"https:\/\/ecosupplements.be\/fr\/produit\/no-flush-niacin-500mg-50-vcaps\/#primaryimage"},"image":{"@id":"https:\/\/ecosupplements.be\/fr\/produit\/no-flush-niacin-500mg-50-vcaps\/#primaryimage"},"thumbnailUrl":"https:\/\/ecosupplements.be\/wp-content\/uploads\/2025\/08\/No-Flush-Niacin-500mg-50-vcaps-1.jpg","datePublished":"2022-06-28T09:30:57+00:00","dateModified":"2025-08-27T11:43:55+00:00","description":"Wij hebben een ruime keuze aan producten van No-Flush Niacin, 500mg - 50 vcaps . Winkel bij Eco Supplements altijd gratis verzending boven 100\u20ac","breadcrumb":{"@id":"https:\/\/ecosupplements.be\/fr\/produit\/no-flush-niacin-500mg-50-vcaps\/#breadcrumb"},"inLanguage":"fr-FR","potentialAction":[{"@type":"ReadAction","target":["https:\/\/ecosupplements.be\/fr\/produit\/no-flush-niacin-500mg-50-vcaps\/"]}]},{"@type":"ImageObject","inLanguage":"fr-FR","@id":"https:\/\/ecosupplements.be\/fr\/produit\/no-flush-niacin-500mg-50-vcaps\/#primaryimage","url":"https:\/\/ecosupplements.be\/wp-content\/uploads\/2025\/08\/No-Flush-Niacin-500mg-50-vcaps-1.jpg","contentUrl":"https:\/\/ecosupplements.be\/wp-content\/uploads\/2025\/08\/No-Flush-Niacin-500mg-50-vcaps-1.jpg","width":600,"height":600},{"@type":"BreadcrumbList","@id":"https:\/\/ecosupplements.be\/fr\/produit\/no-flush-niacin-500mg-50-vcaps\/#breadcrumb","itemListElement":[{"@type":"ListItem","position":1,"name":"Home","item":"https:\/\/ecosupplements.be\/fr\/"},{"@type":"ListItem","position":2,"name":"Boutique","item":"https:\/\/ecosupplements.be\/fr\/boutique\/"},{"@type":"ListItem","position":3,"name":"No-Flush Niacin, 500mg &#8211; 50 vcaps"}]},{"@type":"WebSite","@id":"https:\/\/ecosupplements.be\/fr\/#website","url":"https:\/\/ecosupplements.be\/fr\/","name":"ECO Supplements","description":"Eco Supplements - Gezonde supplementen","publisher":{"@id":"https:\/\/ecosupplements.be\/fr\/#organization"},"potentialAction":[{"@type":"SearchAction","target":{"@type":"EntryPoint","urlTemplate":"https:\/\/ecosupplements.be\/fr\/?s={search_term_string}"},"query-input":{"@type":"PropertyValueSpecification","valueRequired":true,"valueName":"search_term_string"}}],"inLanguage":"fr-FR"},{"@type":"Organization","@id":"https:\/\/ecosupplements.be\/fr\/#organization","name":"Eco Supplements","url":"https:\/\/ecosupplements.be\/fr\/","logo":{"@type":"ImageObject","inLanguage":"fr-FR","@id":"https:\/\/ecosupplements.be\/fr\/#\/schema\/logo\/image\/","url":"https:\/\/ecosupplements.be\/wp-content\/uploads\/2022\/06\/ecosupplement-family.png","contentUrl":"https:\/\/ecosupplements.be\/wp-content\/uploads\/2022\/06\/ecosupplement-family.png","width":593,"height":374,"caption":"Eco Supplements"},"image":{"@id":"https:\/\/ecosupplements.be\/fr\/#\/schema\/logo\/image\/"}}]},"product_brand":"Solgar","product_price_amount":"27.59","product_price_currency":"EUR","og_availability":"instock","product_availability":"instock","product_retailer_item_id":"033984019102","product_condition":"new"},"_links":{"self":[{"href":"https:\/\/ecosupplements.be\/fr\/wp-json\/wp\/v2\/product\/282611","targetHints":{"allow":["GET"]}}],"collection":[{"href":"https:\/\/ecosupplements.be\/fr\/wp-json\/wp\/v2\/product"}],"about":[{"href":"https:\/\/ecosupplements.be\/fr\/wp-json\/wp\/v2\/types\/product"}],"replies":[{"embeddable":true,"href":"https:\/\/ecosupplements.be\/fr\/wp-json\/wp\/v2\/comments?post=282611"}],"wp:featuredmedia":[{"embeddable":true,"href":"https:\/\/ecosupplements.be\/fr\/wp-json\/wp\/v2\/media\/255623"}],"wp:attachment":[{"href":"https:\/\/ecosupplements.be\/fr\/wp-json\/wp\/v2\/media?parent=282611"}],"wp:term":[{"taxonomy":"product_brand","embeddable":true,"href":"https:\/\/ecosupplements.be\/fr\/wp-json\/wp\/v2\/product_brand?post=282611"},{"taxonomy":"product_cat","embeddable":true,"href":"https:\/\/ecosupplements.be\/fr\/wp-json\/wp\/v2\/product_cat?post=282611"},{"taxonomy":"product_tag","embeddable":true,"href":"https:\/\/ecosupplements.be\/fr\/wp-json\/wp\/v2\/product_tag?post=282611"}],"curies":[{"name":"wp","href":"https:\/\/api.w.org\/{rel}","templated":true}]}}