{"id":282619,"date":"2022-06-28T10:30:57","date_gmt":"2022-06-28T09:30:57","guid":{"rendered":"https:\/\/ecosupplements.be\/product\/formule-pour-la-peau-les-ongles-et-les-cheveux-60-comprimes\/"},"modified":"2025-08-27T12:44:27","modified_gmt":"2025-08-27T11:44:27","slug":"formule-pour-la-peau-les-ongles-et-les-cheveux-60-comprimes","status":"publish","type":"product","link":"https:\/\/ecosupplements.be\/fr\/produit\/formule-pour-la-peau-les-ongles-et-les-cheveux-60-comprimes\/","title":{"rendered":"Formule pour la peau, les ongles et les cheveux &#8211; 60 comprim\u00e9s"},"content":{"rendered":"<h1 style=\"text-align: center;\">Solgar &#8211; Peau<\/h1>\n<p>Les d\u00e9s\u00e9quilibres nutritionnels, le stress, le manque de sommeil et d&#8217;autres facteurs environnementaux peuvent affecter l&#8217;\u00e9tat de la peau, des cheveux ou des ongles, ce qui se traduit par une apparence et un \u00e9tat peu reluisants. Aidez \u00e0 maintenir votre peau, vos ongles et vos cheveux en bonne sant\u00e9 avec Skin Nails &amp; Hair Formula pour un \u00e9clat \u00e9nergique au quotidien. Skin Nails &amp; Hair est la formule de soutien quotidienne id\u00e9ale pour \u00e9toffer votre r\u00e9gime de beaut\u00e9. Elle contient du zinc, du cuivre, de l&#8217;OptiMSM, de la silice (issue d&#8217;algues rouges), des acides amin\u00e9s et de la vitamine C.<\/p>\n<p>Une formulation compl\u00e8te con\u00e7ue pour aider \u00e0 construire le collag\u00e8ne, un composant majeur de la peau, et \u00e9galement pour favoriser la sant\u00e9 des cheveux et des ongles.<br \/>\nFormule quotidienne de soutien \u00e0 la beaut\u00e9 de premi\u00e8re qualit\u00e9 contenant des nutriments essentiels \u00e0 la beaut\u00e9 qui soutiennent la sant\u00e9 de la peau, des ongles et des cheveux, notamment du zinc, du cuivre et de la vitamine C.<br \/>\nFavorise l&#8217;\u00e9clat de la jeunesse, gr\u00e2ce \u00e0 la vitamine C qui contribue \u00e0 la fabrication du collag\u00e8ne, favorisant la structure et l&#8217;\u00e9lasticit\u00e9 de la peau.<br \/>\nAide \u00e0 pr\u00e9venir les dommages aux cellules de la peau qui peuvent \u00eatre li\u00e9s au vieillissement pr\u00e9matur\u00e9.<br \/>\nFavorise le teint de la peau et la couleur des cheveux, car le cuivre contribue \u00e0 la pigmentation normale de la peau et des cheveux ainsi qu&#8217;\u00e0 la protection des cellules contre le stress oxydatif.<br \/>\nApporte \u00e9galement du MSM, de la silice sous forme de poudre d&#8217;algues rouges (L corallioides, dioxyde de silicium) et des acides amin\u00e9s (L-Lysine et L-Proline).<br \/>\nLa vitamine C contribue \u00e0 la formation normale de collag\u00e8ne pour le fonctionnement normal de la peau, et \u00e0 la protection des cellules contre le stress oxydatif<br \/>\nLe zinc contribue au maintien d&#8217;une peau, d&#8217;ongles et de cheveux normaux, et \u00e0 la protection des cellules contre le stress oxydatif<\/p>\n<p><img decoding=\"async\" src=\"https:\/\/ecosupplements.be\/wp-content\/uploads\/2025\/08\/gluten-free-1.png\" title=\"Sans gluten\" alt=\"Gluten free\"><img decoding=\"async\" src=\"https:\/\/ecosupplements.be\/wp-content\/uploads\/2025\/08\/sugar-free-1.png\" title=\"Sans sucre\" alt=\"Sugar free\"><img decoding=\"async\" src=\"https:\/\/ecosupplements.be\/wp-content\/uploads\/2025\/08\/vegan-1.png\" title=\"Vegan\" alt=\"Vegan\"><img decoding=\"async\" src=\"https:\/\/ecosupplements.be\/wp-content\/uploads\/2025\/08\/vegetarian-1.png\" title=\"V\u00e9g\u00e9tarien\" alt=\"Vegetarian\"><img decoding=\"async\" src=\"https:\/\/ecosupplements.be\/wp-content\/uploads\/2025\/08\/soy-free-1.png\" title=\"Sans soja\" alt=\"Soy-free\"><\/p>\n","protected":false},"excerpt":{"rendered":"<p>Solgar &#8211; Peau Les d\u00e9s\u00e9quilibres nutritionnels, le stress, le manque de sommeil et d&#8217;autres facteurs environnementaux peuvent affecter l&#8217;\u00e9tat de la peau, des cheveux ou des ongles, ce qui se traduit par une apparence et un \u00e9tat peu reluisants. Aidez \u00e0 maintenir votre peau, vos ongles et vos cheveux en bonne sant\u00e9 avec Skin Nails [&#8230;]\n","protected":false},"featured_media":255650,"comment_status":"open","ping_status":"open","template":"","meta":[],"product_brand":[4760],"product_cat":[5114,5052,5108,5053,5175],"product_tag":[],"class_list":{"0":"post-282619","1":"product","2":"type-product","3":"status-publish","4":"has-post-thumbnail","6":"product_brand-solgar-2","7":"product_cat-beaute","8":"product_cat-sante-et-bien-etre","9":"product_cat-soin-des-cheveux","10":"product_cat-vitamines-et-mineraux","11":"product_cat-vitamines-pour-femmes","13":"first","14":"instock","15":"taxable","16":"shipping-taxable","17":"purchasable","18":"product-type-simple"},"yoast_head":"<!-- This site is optimized with the Yoast SEO Premium plugin v27.3 (Yoast SEO v27.3) - https:\/\/yoast.com\/product\/yoast-seo-premium-wordpress\/ -->\n<title>Formule pour la peau, les ongles et les cheveux - 60 comprim\u00e9s - ECO Supplements<\/title>\n<meta name=\"description\" content=\"Wij hebben een ruime keuze aan producten van Formule pour la peau, les ongles et les cheveux - 60 comprim\u00e9s . Winkel bij Eco Supplements altijd gratis verzending boven 100\u20ac\" \/>\n<meta name=\"robots\" content=\"index, follow, max-snippet:-1, max-image-preview:large, max-video-preview:-1\" \/>\n<link rel=\"canonical\" href=\"https:\/\/ecosupplements.be\/fr\/produit\/formule-pour-la-peau-les-ongles-et-les-cheveux-60-comprimes\/\" \/>\n<meta property=\"og:locale\" content=\"fr_FR\" \/>\n<meta property=\"og:type\" content=\"article\" \/>\n<meta property=\"og:title\" content=\"Formule pour la peau, les ongles et les cheveux - 60 comprim\u00e9s\" \/>\n<meta property=\"og:description\" content=\"Wij hebben een ruime keuze aan producten van Formule pour la peau, les ongles et les cheveux - 60 comprim\u00e9s . Winkel bij Eco Supplements altijd gratis verzending boven 100\u20ac\" \/>\n<meta property=\"og:url\" content=\"https:\/\/ecosupplements.be\/fr\/produit\/formule-pour-la-peau-les-ongles-et-les-cheveux-60-comprimes\/\" \/>\n<meta property=\"og:site_name\" content=\"ECO Supplements\" \/>\n<meta property=\"article:modified_time\" content=\"2025-08-27T11:44:27+00:00\" \/>\n<meta property=\"og:image\" content=\"https:\/\/ecosupplements.be\/wp-content\/uploads\/2025\/08\/Solgar-Skin-1.jpg\" \/>\n\t<meta property=\"og:image:width\" content=\"750\" \/>\n\t<meta property=\"og:image:height\" content=\"750\" \/>\n\t<meta property=\"og:image:type\" content=\"image\/jpeg\" \/>\n<meta name=\"twitter:card\" content=\"summary_large_image\" \/>\n<meta name=\"twitter:label1\" content=\"Prix\" \/>\n\t<meta name=\"twitter:data1\" content=\"17.43&nbsp;&euro;\" \/>\n\t<meta name=\"twitter:label2\" content=\"Disponibilit\u00e9\" \/>\n\t<meta name=\"twitter:data2\" content=\"En stock\" \/>\n<script type=\"application\/ld+json\" class=\"yoast-schema-graph\">{\"@context\":\"https:\\\/\\\/schema.org\",\"@graph\":[{\"@type\":[\"WebPage\",\"ItemPage\"],\"@id\":\"https:\\\/\\\/ecosupplements.be\\\/fr\\\/produit\\\/formule-pour-la-peau-les-ongles-et-les-cheveux-60-comprimes\\\/\",\"url\":\"https:\\\/\\\/ecosupplements.be\\\/fr\\\/produit\\\/formule-pour-la-peau-les-ongles-et-les-cheveux-60-comprimes\\\/\",\"name\":\"Formule pour la peau, les ongles et les cheveux - 60 comprim\u00e9s - ECO Supplements\",\"isPartOf\":{\"@id\":\"https:\\\/\\\/ecosupplements.be\\\/fr\\\/#website\"},\"primaryImageOfPage\":{\"@id\":\"https:\\\/\\\/ecosupplements.be\\\/fr\\\/produit\\\/formule-pour-la-peau-les-ongles-et-les-cheveux-60-comprimes\\\/#primaryimage\"},\"image\":{\"@id\":\"https:\\\/\\\/ecosupplements.be\\\/fr\\\/produit\\\/formule-pour-la-peau-les-ongles-et-les-cheveux-60-comprimes\\\/#primaryimage\"},\"thumbnailUrl\":\"https:\\\/\\\/ecosupplements.be\\\/wp-content\\\/uploads\\\/2025\\\/08\\\/Solgar-Skin-1.jpg\",\"datePublished\":\"2022-06-28T09:30:57+00:00\",\"dateModified\":\"2025-08-27T11:44:27+00:00\",\"description\":\"Wij hebben een ruime keuze aan producten van Formule pour la peau, les ongles et les cheveux - 60 comprim\u00e9s . Winkel bij Eco Supplements altijd gratis verzending boven 100\u20ac\",\"breadcrumb\":{\"@id\":\"https:\\\/\\\/ecosupplements.be\\\/fr\\\/produit\\\/formule-pour-la-peau-les-ongles-et-les-cheveux-60-comprimes\\\/#breadcrumb\"},\"inLanguage\":\"fr-FR\",\"potentialAction\":[{\"@type\":\"ReadAction\",\"target\":[\"https:\\\/\\\/ecosupplements.be\\\/fr\\\/produit\\\/formule-pour-la-peau-les-ongles-et-les-cheveux-60-comprimes\\\/\"]}]},{\"@type\":\"ImageObject\",\"inLanguage\":\"fr-FR\",\"@id\":\"https:\\\/\\\/ecosupplements.be\\\/fr\\\/produit\\\/formule-pour-la-peau-les-ongles-et-les-cheveux-60-comprimes\\\/#primaryimage\",\"url\":\"https:\\\/\\\/ecosupplements.be\\\/wp-content\\\/uploads\\\/2025\\\/08\\\/Solgar-Skin-1.jpg\",\"contentUrl\":\"https:\\\/\\\/ecosupplements.be\\\/wp-content\\\/uploads\\\/2025\\\/08\\\/Solgar-Skin-1.jpg\",\"width\":750,\"height\":750},{\"@type\":\"BreadcrumbList\",\"@id\":\"https:\\\/\\\/ecosupplements.be\\\/fr\\\/produit\\\/formule-pour-la-peau-les-ongles-et-les-cheveux-60-comprimes\\\/#breadcrumb\",\"itemListElement\":[{\"@type\":\"ListItem\",\"position\":1,\"name\":\"Home\",\"item\":\"https:\\\/\\\/ecosupplements.be\\\/fr\\\/\"},{\"@type\":\"ListItem\",\"position\":2,\"name\":\"Boutique\",\"item\":\"https:\\\/\\\/ecosupplements.be\\\/fr\\\/boutique\\\/\"},{\"@type\":\"ListItem\",\"position\":3,\"name\":\"Formule pour la peau, les ongles et les cheveux &#8211; 60 comprim\u00e9s\"}]},{\"@type\":\"WebSite\",\"@id\":\"https:\\\/\\\/ecosupplements.be\\\/fr\\\/#website\",\"url\":\"https:\\\/\\\/ecosupplements.be\\\/fr\\\/\",\"name\":\"ECO Supplements\",\"description\":\"Eco Supplements - Gezonde supplementen\",\"publisher\":{\"@id\":\"https:\\\/\\\/ecosupplements.be\\\/fr\\\/#organization\"},\"potentialAction\":[{\"@type\":\"SearchAction\",\"target\":{\"@type\":\"EntryPoint\",\"urlTemplate\":\"https:\\\/\\\/ecosupplements.be\\\/fr\\\/?s={search_term_string}\"},\"query-input\":{\"@type\":\"PropertyValueSpecification\",\"valueRequired\":true,\"valueName\":\"search_term_string\"}}],\"inLanguage\":\"fr-FR\"},{\"@type\":\"Organization\",\"@id\":\"https:\\\/\\\/ecosupplements.be\\\/fr\\\/#organization\",\"name\":\"Eco Supplements\",\"url\":\"https:\\\/\\\/ecosupplements.be\\\/fr\\\/\",\"logo\":{\"@type\":\"ImageObject\",\"inLanguage\":\"fr-FR\",\"@id\":\"https:\\\/\\\/ecosupplements.be\\\/fr\\\/#\\\/schema\\\/logo\\\/image\\\/\",\"url\":\"https:\\\/\\\/ecosupplements.be\\\/wp-content\\\/uploads\\\/2022\\\/06\\\/ecosupplement-family.png\",\"contentUrl\":\"https:\\\/\\\/ecosupplements.be\\\/wp-content\\\/uploads\\\/2022\\\/06\\\/ecosupplement-family.png\",\"width\":593,\"height\":374,\"caption\":\"Eco Supplements\"},\"image\":{\"@id\":\"https:\\\/\\\/ecosupplements.be\\\/fr\\\/#\\\/schema\\\/logo\\\/image\\\/\"}}]}<\/script>\n<meta property=\"product:brand\" content=\"Solgar\" \/>\n<meta property=\"product:price:amount\" content=\"17.43\" \/>\n<meta property=\"product:price:currency\" content=\"EUR\" \/>\n<meta property=\"og:availability\" content=\"instock\" \/>\n<meta property=\"product:availability\" content=\"instock\" \/>\n<meta property=\"product:retailer_item_id\" content=\"033984017351\" \/>\n<meta property=\"product:condition\" content=\"new\" \/>\n<!-- \/ Yoast SEO Premium plugin. -->","yoast_head_json":{"title":"Formule pour la peau, les ongles et les cheveux - 60 comprim\u00e9s - ECO Supplements","description":"Wij hebben een ruime keuze aan producten van Formule pour la peau, les ongles et les cheveux - 60 comprim\u00e9s . Winkel bij Eco Supplements altijd gratis verzending boven 100\u20ac","robots":{"index":"index","follow":"follow","max-snippet":"max-snippet:-1","max-image-preview":"max-image-preview:large","max-video-preview":"max-video-preview:-1"},"canonical":"https:\/\/ecosupplements.be\/fr\/produit\/formule-pour-la-peau-les-ongles-et-les-cheveux-60-comprimes\/","og_locale":"fr_FR","og_type":"article","og_title":"Formule pour la peau, les ongles et les cheveux - 60 comprim\u00e9s","og_description":"Wij hebben een ruime keuze aan producten van Formule pour la peau, les ongles et les cheveux - 60 comprim\u00e9s . Winkel bij Eco Supplements altijd gratis verzending boven 100\u20ac","og_url":"https:\/\/ecosupplements.be\/fr\/produit\/formule-pour-la-peau-les-ongles-et-les-cheveux-60-comprimes\/","og_site_name":"ECO Supplements","article_modified_time":"2025-08-27T11:44:27+00:00","og_image":[{"width":750,"height":750,"url":"https:\/\/ecosupplements.be\/wp-content\/uploads\/2025\/08\/Solgar-Skin-1.jpg","type":"image\/jpeg"}],"twitter_card":"summary_large_image","twitter_misc":{"Prix":"17.43&nbsp;&euro;","Disponibilit\u00e9":"En stock"},"schema":{"@context":"https:\/\/schema.org","@graph":[{"@type":["WebPage","ItemPage"],"@id":"https:\/\/ecosupplements.be\/fr\/produit\/formule-pour-la-peau-les-ongles-et-les-cheveux-60-comprimes\/","url":"https:\/\/ecosupplements.be\/fr\/produit\/formule-pour-la-peau-les-ongles-et-les-cheveux-60-comprimes\/","name":"Formule pour la peau, les ongles et les cheveux - 60 comprim\u00e9s - ECO Supplements","isPartOf":{"@id":"https:\/\/ecosupplements.be\/fr\/#website"},"primaryImageOfPage":{"@id":"https:\/\/ecosupplements.be\/fr\/produit\/formule-pour-la-peau-les-ongles-et-les-cheveux-60-comprimes\/#primaryimage"},"image":{"@id":"https:\/\/ecosupplements.be\/fr\/produit\/formule-pour-la-peau-les-ongles-et-les-cheveux-60-comprimes\/#primaryimage"},"thumbnailUrl":"https:\/\/ecosupplements.be\/wp-content\/uploads\/2025\/08\/Solgar-Skin-1.jpg","datePublished":"2022-06-28T09:30:57+00:00","dateModified":"2025-08-27T11:44:27+00:00","description":"Wij hebben een ruime keuze aan producten van Formule pour la peau, les ongles et les cheveux - 60 comprim\u00e9s . Winkel bij Eco Supplements altijd gratis verzending boven 100\u20ac","breadcrumb":{"@id":"https:\/\/ecosupplements.be\/fr\/produit\/formule-pour-la-peau-les-ongles-et-les-cheveux-60-comprimes\/#breadcrumb"},"inLanguage":"fr-FR","potentialAction":[{"@type":"ReadAction","target":["https:\/\/ecosupplements.be\/fr\/produit\/formule-pour-la-peau-les-ongles-et-les-cheveux-60-comprimes\/"]}]},{"@type":"ImageObject","inLanguage":"fr-FR","@id":"https:\/\/ecosupplements.be\/fr\/produit\/formule-pour-la-peau-les-ongles-et-les-cheveux-60-comprimes\/#primaryimage","url":"https:\/\/ecosupplements.be\/wp-content\/uploads\/2025\/08\/Solgar-Skin-1.jpg","contentUrl":"https:\/\/ecosupplements.be\/wp-content\/uploads\/2025\/08\/Solgar-Skin-1.jpg","width":750,"height":750},{"@type":"BreadcrumbList","@id":"https:\/\/ecosupplements.be\/fr\/produit\/formule-pour-la-peau-les-ongles-et-les-cheveux-60-comprimes\/#breadcrumb","itemListElement":[{"@type":"ListItem","position":1,"name":"Home","item":"https:\/\/ecosupplements.be\/fr\/"},{"@type":"ListItem","position":2,"name":"Boutique","item":"https:\/\/ecosupplements.be\/fr\/boutique\/"},{"@type":"ListItem","position":3,"name":"Formule pour la peau, les ongles et les cheveux &#8211; 60 comprim\u00e9s"}]},{"@type":"WebSite","@id":"https:\/\/ecosupplements.be\/fr\/#website","url":"https:\/\/ecosupplements.be\/fr\/","name":"ECO Supplements","description":"Eco Supplements - Gezonde supplementen","publisher":{"@id":"https:\/\/ecosupplements.be\/fr\/#organization"},"potentialAction":[{"@type":"SearchAction","target":{"@type":"EntryPoint","urlTemplate":"https:\/\/ecosupplements.be\/fr\/?s={search_term_string}"},"query-input":{"@type":"PropertyValueSpecification","valueRequired":true,"valueName":"search_term_string"}}],"inLanguage":"fr-FR"},{"@type":"Organization","@id":"https:\/\/ecosupplements.be\/fr\/#organization","name":"Eco Supplements","url":"https:\/\/ecosupplements.be\/fr\/","logo":{"@type":"ImageObject","inLanguage":"fr-FR","@id":"https:\/\/ecosupplements.be\/fr\/#\/schema\/logo\/image\/","url":"https:\/\/ecosupplements.be\/wp-content\/uploads\/2022\/06\/ecosupplement-family.png","contentUrl":"https:\/\/ecosupplements.be\/wp-content\/uploads\/2022\/06\/ecosupplement-family.png","width":593,"height":374,"caption":"Eco Supplements"},"image":{"@id":"https:\/\/ecosupplements.be\/fr\/#\/schema\/logo\/image\/"}}]},"product_brand":"Solgar","product_price_amount":"17.43","product_price_currency":"EUR","og_availability":"instock","product_availability":"instock","product_retailer_item_id":"033984017351","product_condition":"new"},"_links":{"self":[{"href":"https:\/\/ecosupplements.be\/fr\/wp-json\/wp\/v2\/product\/282619","targetHints":{"allow":["GET"]}}],"collection":[{"href":"https:\/\/ecosupplements.be\/fr\/wp-json\/wp\/v2\/product"}],"about":[{"href":"https:\/\/ecosupplements.be\/fr\/wp-json\/wp\/v2\/types\/product"}],"replies":[{"embeddable":true,"href":"https:\/\/ecosupplements.be\/fr\/wp-json\/wp\/v2\/comments?post=282619"}],"wp:featuredmedia":[{"embeddable":true,"href":"https:\/\/ecosupplements.be\/fr\/wp-json\/wp\/v2\/media\/255650"}],"wp:attachment":[{"href":"https:\/\/ecosupplements.be\/fr\/wp-json\/wp\/v2\/media?parent=282619"}],"wp:term":[{"taxonomy":"product_brand","embeddable":true,"href":"https:\/\/ecosupplements.be\/fr\/wp-json\/wp\/v2\/product_brand?post=282619"},{"taxonomy":"product_cat","embeddable":true,"href":"https:\/\/ecosupplements.be\/fr\/wp-json\/wp\/v2\/product_cat?post=282619"},{"taxonomy":"product_tag","embeddable":true,"href":"https:\/\/ecosupplements.be\/fr\/wp-json\/wp\/v2\/product_tag?post=282619"}],"curies":[{"name":"wp","href":"https:\/\/api.w.org\/{rel}","templated":true}]}}