{"id":282625,"date":"2022-06-28T10:30:57","date_gmt":"2022-06-28T09:30:57","guid":{"rendered":"https:\/\/ecosupplements.be\/product\/triple-strength-omega-3-50-sofgels\/"},"modified":"2025-08-27T12:44:48","modified_gmt":"2025-08-27T11:44:48","slug":"triple-strength-omega-3-50-sofgels","status":"publish","type":"product","link":"https:\/\/ecosupplements.be\/fr\/produit\/triple-strength-omega-3-50-sofgels\/","title":{"rendered":"Triple Strength Omega-3 &#8211; 50 sofgels"},"content":{"rendered":"<h1 style=\"text-align: center;\">Solgar &#8211; Om\u00e9ga-3 triple force<\/h1>\n<p>Triple Strength Omega-3, est la plus forte concentration d&#8217;om\u00e9ga-3 naturel de Solgar ; la bonne graisse qui nourrit le corps entier, soutenant un c\u0153ur sain.<\/p>\n<p>Les bonnes graisses, ou acides gras om\u00e9ga-3 comme on les appelle, sont des acides gras essentiels. Ils sont dits essentiels car l&#8217;organisme n&#8217;est pas capable de les fabriquer par lui-m\u00eame. Triple Strength Omega-3 est compos\u00e9 des types d&#8217;om\u00e9ga-3 les plus importants, l&#8217;EPA (acide eicosapenta\u00e9no\u00efque) et le DHA (acide docosahexa\u00e9no\u00efque). On les trouve g\u00e9n\u00e9ralement dans les poissons gras tels que les sardines, le maquereau et le saumon. L&#8217;EPA et le DHA contribuent tous deux au fonctionnement normal du c\u0153ur. Ce produit pr\u00e9sente un \u00e9quilibre id\u00e9al d&#8217;actifs om\u00e9ga-3 et est distill\u00e9 mol\u00e9culairement pour \u00e9liminer le mercure, vous offrant ainsi un soutien optimal pour votre bien-\u00eatre quotidien.<\/p>\n<p>Le DHA et l&#8217;EPA contribuent \u00e0 la normalit\u00e9 :<br \/>\nTaux de triglyc\u00e9rides<br \/>\nFonctionnement du cerveau<br \/>\nFonction du c\u0153ur <\/p>\n<p>Le DHA contribue au maintien de :<br \/>\nVision normale<\/p>\n<p><img decoding=\"async\" src=\"https:\/\/ecosupplements.be\/wp-content\/uploads\/2025\/08\/gluten-free-1.png\" title=\"Sans gluten\" alt=\"Gluten free\"><\/p>\n","protected":false},"excerpt":{"rendered":"<p>Solgar &#8211; Om\u00e9ga-3 triple force Triple Strength Omega-3, est la plus forte concentration d&#8217;om\u00e9ga-3 naturel de Solgar ; la bonne graisse qui nourrit le corps entier, soutenant un c\u0153ur sain. Les bonnes graisses, ou acides gras om\u00e9ga-3 comme on les appelle, sont des acides gras essentiels. Ils sont dits essentiels car l&#8217;organisme n&#8217;est pas capable [&#8230;]\n","protected":false},"featured_media":255666,"comment_status":"open","ping_status":"open","template":"","meta":[],"product_brand":[4760],"product_cat":[5102,5081,5082,5053],"product_tag":[],"class_list":{"0":"post-282625","1":"product","2":"type-product","3":"status-publish","4":"has-post-thumbnail","6":"product_brand-solgar-2","7":"product_cat-omega-et-huile-de-poisson","8":"product_cat-omegas-age-alc-huiles","9":"product_cat-omegas-efa-cla-huiles","10":"product_cat-vitamines-et-mineraux","12":"first","13":"instock","14":"taxable","15":"shipping-taxable","16":"purchasable","17":"product-type-simple"},"yoast_head":"<!-- This site is optimized with the Yoast SEO Premium plugin v27.3 (Yoast SEO v27.3) - https:\/\/yoast.com\/product\/yoast-seo-premium-wordpress\/ -->\n<title>Triple Strength Omega-3 - 50 sofgels - ECO Supplements<\/title>\n<meta name=\"description\" content=\"Wij hebben een ruime keuze aan producten van Triple Strength Omega-3 - 50 sofgels . Winkel bij Eco Supplements altijd gratis verzending boven 100\u20ac\" \/>\n<meta name=\"robots\" content=\"index, follow, max-snippet:-1, max-image-preview:large, max-video-preview:-1\" \/>\n<link rel=\"canonical\" href=\"https:\/\/ecosupplements.be\/fr\/produit\/triple-strength-omega-3-50-sofgels\/\" \/>\n<meta property=\"og:locale\" content=\"fr_FR\" \/>\n<meta property=\"og:type\" content=\"article\" \/>\n<meta property=\"og:title\" content=\"Triple Strength Omega-3 - 50 sofgels\" \/>\n<meta property=\"og:description\" content=\"Wij hebben een ruime keuze aan producten van Triple Strength Omega-3 - 50 sofgels . Winkel bij Eco Supplements altijd gratis verzending boven 100\u20ac\" \/>\n<meta property=\"og:url\" content=\"https:\/\/ecosupplements.be\/fr\/produit\/triple-strength-omega-3-50-sofgels\/\" \/>\n<meta property=\"og:site_name\" content=\"ECO Supplements\" \/>\n<meta property=\"article:modified_time\" content=\"2025-08-27T11:44:48+00:00\" \/>\n<meta property=\"og:image\" content=\"https:\/\/ecosupplements.be\/wp-content\/uploads\/2025\/08\/Solgar-Triple-Strength-Omega-3-1.jpg\" \/>\n\t<meta property=\"og:image:width\" content=\"750\" \/>\n\t<meta property=\"og:image:height\" content=\"750\" \/>\n\t<meta property=\"og:image:type\" content=\"image\/jpeg\" \/>\n<meta name=\"twitter:card\" content=\"summary_large_image\" \/>\n<meta name=\"twitter:label1\" content=\"Prix\" \/>\n\t<meta name=\"twitter:data1\" content=\"36.76&nbsp;&euro;\" \/>\n\t<meta name=\"twitter:label2\" content=\"Disponibilit\u00e9\" \/>\n\t<meta name=\"twitter:data2\" content=\"En stock\" \/>\n<script type=\"application\/ld+json\" class=\"yoast-schema-graph\">{\"@context\":\"https:\\\/\\\/schema.org\",\"@graph\":[{\"@type\":[\"WebPage\",\"ItemPage\"],\"@id\":\"https:\\\/\\\/ecosupplements.be\\\/fr\\\/produit\\\/triple-strength-omega-3-50-sofgels\\\/\",\"url\":\"https:\\\/\\\/ecosupplements.be\\\/fr\\\/produit\\\/triple-strength-omega-3-50-sofgels\\\/\",\"name\":\"Triple Strength Omega-3 - 50 sofgels - ECO Supplements\",\"isPartOf\":{\"@id\":\"https:\\\/\\\/ecosupplements.be\\\/fr\\\/#website\"},\"primaryImageOfPage\":{\"@id\":\"https:\\\/\\\/ecosupplements.be\\\/fr\\\/produit\\\/triple-strength-omega-3-50-sofgels\\\/#primaryimage\"},\"image\":{\"@id\":\"https:\\\/\\\/ecosupplements.be\\\/fr\\\/produit\\\/triple-strength-omega-3-50-sofgels\\\/#primaryimage\"},\"thumbnailUrl\":\"https:\\\/\\\/ecosupplements.be\\\/wp-content\\\/uploads\\\/2025\\\/08\\\/Solgar-Triple-Strength-Omega-3-1.jpg\",\"datePublished\":\"2022-06-28T09:30:57+00:00\",\"dateModified\":\"2025-08-27T11:44:48+00:00\",\"description\":\"Wij hebben een ruime keuze aan producten van Triple Strength Omega-3 - 50 sofgels . Winkel bij Eco Supplements altijd gratis verzending boven 100\u20ac\",\"breadcrumb\":{\"@id\":\"https:\\\/\\\/ecosupplements.be\\\/fr\\\/produit\\\/triple-strength-omega-3-50-sofgels\\\/#breadcrumb\"},\"inLanguage\":\"fr-FR\",\"potentialAction\":[{\"@type\":\"ReadAction\",\"target\":[\"https:\\\/\\\/ecosupplements.be\\\/fr\\\/produit\\\/triple-strength-omega-3-50-sofgels\\\/\"]}]},{\"@type\":\"ImageObject\",\"inLanguage\":\"fr-FR\",\"@id\":\"https:\\\/\\\/ecosupplements.be\\\/fr\\\/produit\\\/triple-strength-omega-3-50-sofgels\\\/#primaryimage\",\"url\":\"https:\\\/\\\/ecosupplements.be\\\/wp-content\\\/uploads\\\/2025\\\/08\\\/Solgar-Triple-Strength-Omega-3-1.jpg\",\"contentUrl\":\"https:\\\/\\\/ecosupplements.be\\\/wp-content\\\/uploads\\\/2025\\\/08\\\/Solgar-Triple-Strength-Omega-3-1.jpg\",\"width\":750,\"height\":750},{\"@type\":\"BreadcrumbList\",\"@id\":\"https:\\\/\\\/ecosupplements.be\\\/fr\\\/produit\\\/triple-strength-omega-3-50-sofgels\\\/#breadcrumb\",\"itemListElement\":[{\"@type\":\"ListItem\",\"position\":1,\"name\":\"Home\",\"item\":\"https:\\\/\\\/ecosupplements.be\\\/fr\\\/\"},{\"@type\":\"ListItem\",\"position\":2,\"name\":\"Boutique\",\"item\":\"https:\\\/\\\/ecosupplements.be\\\/fr\\\/boutique\\\/\"},{\"@type\":\"ListItem\",\"position\":3,\"name\":\"Triple Strength Omega-3 &#8211; 50 sofgels\"}]},{\"@type\":\"WebSite\",\"@id\":\"https:\\\/\\\/ecosupplements.be\\\/fr\\\/#website\",\"url\":\"https:\\\/\\\/ecosupplements.be\\\/fr\\\/\",\"name\":\"ECO Supplements\",\"description\":\"Eco Supplements - Gezonde supplementen\",\"publisher\":{\"@id\":\"https:\\\/\\\/ecosupplements.be\\\/fr\\\/#organization\"},\"potentialAction\":[{\"@type\":\"SearchAction\",\"target\":{\"@type\":\"EntryPoint\",\"urlTemplate\":\"https:\\\/\\\/ecosupplements.be\\\/fr\\\/?s={search_term_string}\"},\"query-input\":{\"@type\":\"PropertyValueSpecification\",\"valueRequired\":true,\"valueName\":\"search_term_string\"}}],\"inLanguage\":\"fr-FR\"},{\"@type\":\"Organization\",\"@id\":\"https:\\\/\\\/ecosupplements.be\\\/fr\\\/#organization\",\"name\":\"Eco Supplements\",\"url\":\"https:\\\/\\\/ecosupplements.be\\\/fr\\\/\",\"logo\":{\"@type\":\"ImageObject\",\"inLanguage\":\"fr-FR\",\"@id\":\"https:\\\/\\\/ecosupplements.be\\\/fr\\\/#\\\/schema\\\/logo\\\/image\\\/\",\"url\":\"https:\\\/\\\/ecosupplements.be\\\/wp-content\\\/uploads\\\/2022\\\/06\\\/ecosupplement-family.png\",\"contentUrl\":\"https:\\\/\\\/ecosupplements.be\\\/wp-content\\\/uploads\\\/2022\\\/06\\\/ecosupplement-family.png\",\"width\":593,\"height\":374,\"caption\":\"Eco Supplements\"},\"image\":{\"@id\":\"https:\\\/\\\/ecosupplements.be\\\/fr\\\/#\\\/schema\\\/logo\\\/image\\\/\"}}]}<\/script>\n<meta property=\"product:brand\" content=\"Solgar\" \/>\n<meta property=\"product:price:amount\" content=\"36.76\" \/>\n<meta property=\"product:price:currency\" content=\"EUR\" \/>\n<meta property=\"og:availability\" content=\"instock\" \/>\n<meta property=\"product:availability\" content=\"instock\" \/>\n<meta property=\"product:retailer_item_id\" content=\"033984020573\" \/>\n<meta property=\"product:condition\" content=\"new\" \/>\n<!-- \/ Yoast SEO Premium plugin. -->","yoast_head_json":{"title":"Triple Strength Omega-3 - 50 sofgels - ECO Supplements","description":"Wij hebben een ruime keuze aan producten van Triple Strength Omega-3 - 50 sofgels . Winkel bij Eco Supplements altijd gratis verzending boven 100\u20ac","robots":{"index":"index","follow":"follow","max-snippet":"max-snippet:-1","max-image-preview":"max-image-preview:large","max-video-preview":"max-video-preview:-1"},"canonical":"https:\/\/ecosupplements.be\/fr\/produit\/triple-strength-omega-3-50-sofgels\/","og_locale":"fr_FR","og_type":"article","og_title":"Triple Strength Omega-3 - 50 sofgels","og_description":"Wij hebben een ruime keuze aan producten van Triple Strength Omega-3 - 50 sofgels . Winkel bij Eco Supplements altijd gratis verzending boven 100\u20ac","og_url":"https:\/\/ecosupplements.be\/fr\/produit\/triple-strength-omega-3-50-sofgels\/","og_site_name":"ECO Supplements","article_modified_time":"2025-08-27T11:44:48+00:00","og_image":[{"width":750,"height":750,"url":"https:\/\/ecosupplements.be\/wp-content\/uploads\/2025\/08\/Solgar-Triple-Strength-Omega-3-1.jpg","type":"image\/jpeg"}],"twitter_card":"summary_large_image","twitter_misc":{"Prix":"36.76&nbsp;&euro;","Disponibilit\u00e9":"En stock"},"schema":{"@context":"https:\/\/schema.org","@graph":[{"@type":["WebPage","ItemPage"],"@id":"https:\/\/ecosupplements.be\/fr\/produit\/triple-strength-omega-3-50-sofgels\/","url":"https:\/\/ecosupplements.be\/fr\/produit\/triple-strength-omega-3-50-sofgels\/","name":"Triple Strength Omega-3 - 50 sofgels - ECO Supplements","isPartOf":{"@id":"https:\/\/ecosupplements.be\/fr\/#website"},"primaryImageOfPage":{"@id":"https:\/\/ecosupplements.be\/fr\/produit\/triple-strength-omega-3-50-sofgels\/#primaryimage"},"image":{"@id":"https:\/\/ecosupplements.be\/fr\/produit\/triple-strength-omega-3-50-sofgels\/#primaryimage"},"thumbnailUrl":"https:\/\/ecosupplements.be\/wp-content\/uploads\/2025\/08\/Solgar-Triple-Strength-Omega-3-1.jpg","datePublished":"2022-06-28T09:30:57+00:00","dateModified":"2025-08-27T11:44:48+00:00","description":"Wij hebben een ruime keuze aan producten van Triple Strength Omega-3 - 50 sofgels . Winkel bij Eco Supplements altijd gratis verzending boven 100\u20ac","breadcrumb":{"@id":"https:\/\/ecosupplements.be\/fr\/produit\/triple-strength-omega-3-50-sofgels\/#breadcrumb"},"inLanguage":"fr-FR","potentialAction":[{"@type":"ReadAction","target":["https:\/\/ecosupplements.be\/fr\/produit\/triple-strength-omega-3-50-sofgels\/"]}]},{"@type":"ImageObject","inLanguage":"fr-FR","@id":"https:\/\/ecosupplements.be\/fr\/produit\/triple-strength-omega-3-50-sofgels\/#primaryimage","url":"https:\/\/ecosupplements.be\/wp-content\/uploads\/2025\/08\/Solgar-Triple-Strength-Omega-3-1.jpg","contentUrl":"https:\/\/ecosupplements.be\/wp-content\/uploads\/2025\/08\/Solgar-Triple-Strength-Omega-3-1.jpg","width":750,"height":750},{"@type":"BreadcrumbList","@id":"https:\/\/ecosupplements.be\/fr\/produit\/triple-strength-omega-3-50-sofgels\/#breadcrumb","itemListElement":[{"@type":"ListItem","position":1,"name":"Home","item":"https:\/\/ecosupplements.be\/fr\/"},{"@type":"ListItem","position":2,"name":"Boutique","item":"https:\/\/ecosupplements.be\/fr\/boutique\/"},{"@type":"ListItem","position":3,"name":"Triple Strength Omega-3 &#8211; 50 sofgels"}]},{"@type":"WebSite","@id":"https:\/\/ecosupplements.be\/fr\/#website","url":"https:\/\/ecosupplements.be\/fr\/","name":"ECO Supplements","description":"Eco Supplements - Gezonde supplementen","publisher":{"@id":"https:\/\/ecosupplements.be\/fr\/#organization"},"potentialAction":[{"@type":"SearchAction","target":{"@type":"EntryPoint","urlTemplate":"https:\/\/ecosupplements.be\/fr\/?s={search_term_string}"},"query-input":{"@type":"PropertyValueSpecification","valueRequired":true,"valueName":"search_term_string"}}],"inLanguage":"fr-FR"},{"@type":"Organization","@id":"https:\/\/ecosupplements.be\/fr\/#organization","name":"Eco Supplements","url":"https:\/\/ecosupplements.be\/fr\/","logo":{"@type":"ImageObject","inLanguage":"fr-FR","@id":"https:\/\/ecosupplements.be\/fr\/#\/schema\/logo\/image\/","url":"https:\/\/ecosupplements.be\/wp-content\/uploads\/2022\/06\/ecosupplement-family.png","contentUrl":"https:\/\/ecosupplements.be\/wp-content\/uploads\/2022\/06\/ecosupplement-family.png","width":593,"height":374,"caption":"Eco Supplements"},"image":{"@id":"https:\/\/ecosupplements.be\/fr\/#\/schema\/logo\/image\/"}}]},"product_brand":"Solgar","product_price_amount":"36.76","product_price_currency":"EUR","og_availability":"instock","product_availability":"instock","product_retailer_item_id":"033984020573","product_condition":"new"},"_links":{"self":[{"href":"https:\/\/ecosupplements.be\/fr\/wp-json\/wp\/v2\/product\/282625","targetHints":{"allow":["GET"]}}],"collection":[{"href":"https:\/\/ecosupplements.be\/fr\/wp-json\/wp\/v2\/product"}],"about":[{"href":"https:\/\/ecosupplements.be\/fr\/wp-json\/wp\/v2\/types\/product"}],"replies":[{"embeddable":true,"href":"https:\/\/ecosupplements.be\/fr\/wp-json\/wp\/v2\/comments?post=282625"}],"wp:featuredmedia":[{"embeddable":true,"href":"https:\/\/ecosupplements.be\/fr\/wp-json\/wp\/v2\/media\/255666"}],"wp:attachment":[{"href":"https:\/\/ecosupplements.be\/fr\/wp-json\/wp\/v2\/media?parent=282625"}],"wp:term":[{"taxonomy":"product_brand","embeddable":true,"href":"https:\/\/ecosupplements.be\/fr\/wp-json\/wp\/v2\/product_brand?post=282625"},{"taxonomy":"product_cat","embeddable":true,"href":"https:\/\/ecosupplements.be\/fr\/wp-json\/wp\/v2\/product_cat?post=282625"},{"taxonomy":"product_tag","embeddable":true,"href":"https:\/\/ecosupplements.be\/fr\/wp-json\/wp\/v2\/product_tag?post=282625"}],"curies":[{"name":"wp","href":"https:\/\/api.w.org\/{rel}","templated":true}]}}