{"id":282637,"date":"2022-06-28T10:31:07","date_gmt":"2022-06-28T09:31:07","guid":{"rendered":"https:\/\/ecosupplements.be\/product\/vitamine-c-1500mg-avec-cynorhodon-90-comprimes\/"},"modified":"2025-08-27T12:45:40","modified_gmt":"2025-08-27T11:45:40","slug":"vitamine-c-1500mg-avec-cynorhodon-90-comprimes","status":"publish","type":"product","link":"https:\/\/ecosupplements.be\/fr\/produit\/vitamine-c-1500mg-avec-cynorhodon-90-comprimes\/","title":{"rendered":"Vitamine C, 1500mg avec cynorhodon &#8211; 90 comprim\u00e9s"},"content":{"rendered":"<h1 style=\"text-align: center;\">Solgar &#8211; Vitamine C<\/h1>\n<p>Contribue \u00e0 la bonne sant\u00e9 du syst\u00e8me immunitaire et des niveaux d&#8217;\u00e9nergie<br \/>\nPropri\u00e9t\u00e9s antioxydantes puissantes et r\u00e9duction de la fatigue et de l&#8217;\u00e9puisement.<br \/>\nFavorise la formation de collag\u00e8ne soutenant les vaisseaux sanguins, les os, le cartilage, les gencives, la peau et les dents.<br \/>\nSuppl\u00e9ment de qualit\u00e9 sup\u00e9rieure contenant 1500 mg de vitamine C<br \/>\nV\u00e9g\u00e9talien, v\u00e9g\u00e9tarien, casher<\/p>\n<p>Vitamine C 1500 mg avec cynorhodon est un suppl\u00e9ment de qualit\u00e9 sup\u00e9rieure convenant aux v\u00e9g\u00e9taliens. Un seul comprim\u00e9 par jour fournit 1500 mg de vitamine C et l&#8217;un de ses homologues synergiques, le cynorhodon.<br \/>\nLa vitamine C est une vitamine hydrosoluble, provenant d&#8217;ingr\u00e9dients naturels tels que le cynorhodon et l&#8217;ac\u00e9rola. Les cynorhodons contiennent des bioflavono\u00efdes qui se retrouvent naturellement avec la vitamine C dans la nature. Les bioflavono\u00efdes contribuent \u00e0 am\u00e9liorer l&#8217;absorption et la biodisponibilit\u00e9 de la vitamine C. Vous \u00eates ainsi certain de b\u00e9n\u00e9ficier de tous les avantages de la vitamine C.<\/p>\n<p>La vitamine C est une vitamine essentielle, hydrosoluble, qui n&#8217;est stock\u00e9e dans le corps qu&#8217;en petites quantit\u00e9s. Cette vitamine aide \u00e0 combattre les radicaux libres. Les radicaux libres peuvent entra\u00eener un stress oxydatif et le vieillissement pr\u00e9matur\u00e9 des cellules. La vitamine C aide \u00e9galement \u00e0 maintenir un syst\u00e8me immunitaire sain et pr\u00e9sente de multiples avantages pour aider \u00e0 atteindre une sant\u00e9 optimale<br \/>\nUn seul comprim\u00e9 par jour contribuera \u00e0 :<br \/>\nla formation normale de collag\u00e8ne pour le fonctionnement normal des vaisseaux sanguins, des os, du cartilage, des gencives, de la peau et des dents<br \/>\nLe m\u00e9tabolisme normal de production d&#8217;\u00e9nergie<br \/>\nLe fonctionnement normal du syst\u00e8me nerveux<br \/>\nLa fonction psychologique normale<br \/>\nLe fonctionnement normal du syst\u00e8me immunitaire, ainsi que pendant et apr\u00e8s un exercice physique intense<br \/>\nLa protection des cellules contre le stress oxydatif<br \/>\nLa r\u00e9duction de la fatigue et de la lassitude<br \/>\nLa r\u00e9g\u00e9n\u00e9ration de la forme r\u00e9duite de la vitamine E<br \/>\nL&#8217;augmentation de l&#8217;absorption du fer<\/p>\n<p><img decoding=\"async\" src=\"https:\/\/ecosupplements.be\/wp-content\/uploads\/2025\/08\/gluten-free-1.png\" title=\"Sans gluten\" alt=\"Gluten free\"><img decoding=\"async\" src=\"https:\/\/ecosupplements.be\/wp-content\/uploads\/2025\/08\/sugar-free-1.png\" title=\"Sans sucre\" alt=\"Sugar free\"><img decoding=\"async\" src=\"https:\/\/ecosupplements.be\/wp-content\/uploads\/2025\/08\/vegan-1.png\" title=\"Vegan\" alt=\"Vegan\"><img decoding=\"async\" src=\"https:\/\/ecosupplements.be\/wp-content\/uploads\/2025\/08\/vegetarian-1.png\" title=\"V\u00e9g\u00e9tarien\" alt=\"Vegetarian\"><img decoding=\"async\" src=\"https:\/\/ecosupplements.be\/wp-content\/uploads\/2025\/08\/soy-free-1.png\" title=\"Sans soja\" alt=\"Soy-free\"><\/p>\n","protected":false},"excerpt":{"rendered":"<p>Solgar &#8211; Vitamine C Contribue \u00e0 la bonne sant\u00e9 du syst\u00e8me immunitaire et des niveaux d&#8217;\u00e9nergie Propri\u00e9t\u00e9s antioxydantes puissantes et r\u00e9duction de la fatigue et de l&#8217;\u00e9puisement. Favorise la formation de collag\u00e8ne soutenant les vaisseaux sanguins, les os, le cartilage, les gencives, la peau et les dents. Suppl\u00e9ment de qualit\u00e9 sup\u00e9rieure contenant 1500 mg de [&#8230;]\n","protected":false},"featured_media":255702,"comment_status":"open","ping_status":"open","template":"","meta":[],"product_brand":[4760],"product_cat":[5052,5063,5053,5059],"product_tag":[],"class_list":{"0":"post-282637","1":"product","2":"type-product","3":"status-publish","4":"has-post-thumbnail","6":"product_brand-solgar-2","7":"product_cat-sante-et-bien-etre","8":"product_cat-vitamine-c-vitamines-simples","9":"product_cat-vitamines-et-mineraux","10":"product_cat-vitamines-simples","12":"first","13":"instock","14":"taxable","15":"shipping-taxable","16":"purchasable","17":"product-type-simple"},"yoast_head":"<!-- This site is optimized with the Yoast SEO Premium plugin v27.3 (Yoast SEO v27.3) - https:\/\/yoast.com\/product\/yoast-seo-premium-wordpress\/ -->\n<title>Vitamine C, 1500mg avec cynorhodon - 90 comprim\u00e9s - ECO Supplements<\/title>\n<meta name=\"description\" content=\"Wij hebben een ruime keuze aan producten van Vitamine C, 1500mg avec cynorhodon - 90 comprim\u00e9s . Winkel bij Eco Supplements altijd gratis verzending boven 100\u20ac\" \/>\n<meta name=\"robots\" content=\"index, follow, max-snippet:-1, max-image-preview:large, max-video-preview:-1\" \/>\n<link rel=\"canonical\" href=\"https:\/\/ecosupplements.be\/fr\/produit\/vitamine-c-1500mg-avec-cynorhodon-90-comprimes\/\" \/>\n<meta property=\"og:locale\" content=\"fr_FR\" \/>\n<meta property=\"og:type\" content=\"article\" \/>\n<meta property=\"og:title\" content=\"Vitamine C, 1500mg avec cynorhodon - 90 comprim\u00e9s\" \/>\n<meta property=\"og:description\" content=\"Wij hebben een ruime keuze aan producten van Vitamine C, 1500mg avec cynorhodon - 90 comprim\u00e9s . Winkel bij Eco Supplements altijd gratis verzending boven 100\u20ac\" \/>\n<meta property=\"og:url\" content=\"https:\/\/ecosupplements.be\/fr\/produit\/vitamine-c-1500mg-avec-cynorhodon-90-comprimes\/\" \/>\n<meta property=\"og:site_name\" content=\"ECO Supplements\" \/>\n<meta property=\"article:modified_time\" content=\"2025-08-27T11:45:40+00:00\" \/>\n<meta property=\"og:image\" content=\"https:\/\/ecosupplements.be\/wp-content\/uploads\/2025\/08\/Vitamin-C-1500mg-with-Rose-Hips-90-tabs-1.jpg\" \/>\n\t<meta property=\"og:image:width\" content=\"302\" \/>\n\t<meta property=\"og:image:height\" content=\"559\" \/>\n\t<meta property=\"og:image:type\" content=\"image\/jpeg\" \/>\n<meta name=\"twitter:card\" content=\"summary_large_image\" \/>\n<meta name=\"twitter:label1\" content=\"Prix\" \/>\n\t<meta name=\"twitter:data1\" content=\"24.03&nbsp;&euro;\" \/>\n\t<meta name=\"twitter:label2\" content=\"Disponibilit\u00e9\" \/>\n\t<meta name=\"twitter:data2\" content=\"En stock\" \/>\n<script type=\"application\/ld+json\" class=\"yoast-schema-graph\">{\"@context\":\"https:\\\/\\\/schema.org\",\"@graph\":[{\"@type\":[\"WebPage\",\"ItemPage\"],\"@id\":\"https:\\\/\\\/ecosupplements.be\\\/fr\\\/produit\\\/vitamine-c-1500mg-avec-cynorhodon-90-comprimes\\\/\",\"url\":\"https:\\\/\\\/ecosupplements.be\\\/fr\\\/produit\\\/vitamine-c-1500mg-avec-cynorhodon-90-comprimes\\\/\",\"name\":\"Vitamine C, 1500mg avec cynorhodon - 90 comprim\u00e9s - ECO Supplements\",\"isPartOf\":{\"@id\":\"https:\\\/\\\/ecosupplements.be\\\/fr\\\/#website\"},\"primaryImageOfPage\":{\"@id\":\"https:\\\/\\\/ecosupplements.be\\\/fr\\\/produit\\\/vitamine-c-1500mg-avec-cynorhodon-90-comprimes\\\/#primaryimage\"},\"image\":{\"@id\":\"https:\\\/\\\/ecosupplements.be\\\/fr\\\/produit\\\/vitamine-c-1500mg-avec-cynorhodon-90-comprimes\\\/#primaryimage\"},\"thumbnailUrl\":\"https:\\\/\\\/ecosupplements.be\\\/wp-content\\\/uploads\\\/2025\\\/08\\\/Vitamin-C-1500mg-with-Rose-Hips-90-tabs-1.jpg\",\"datePublished\":\"2022-06-28T09:31:07+00:00\",\"dateModified\":\"2025-08-27T11:45:40+00:00\",\"description\":\"Wij hebben een ruime keuze aan producten van Vitamine C, 1500mg avec cynorhodon - 90 comprim\u00e9s . Winkel bij Eco Supplements altijd gratis verzending boven 100\u20ac\",\"breadcrumb\":{\"@id\":\"https:\\\/\\\/ecosupplements.be\\\/fr\\\/produit\\\/vitamine-c-1500mg-avec-cynorhodon-90-comprimes\\\/#breadcrumb\"},\"inLanguage\":\"fr-FR\",\"potentialAction\":[{\"@type\":\"ReadAction\",\"target\":[\"https:\\\/\\\/ecosupplements.be\\\/fr\\\/produit\\\/vitamine-c-1500mg-avec-cynorhodon-90-comprimes\\\/\"]}]},{\"@type\":\"ImageObject\",\"inLanguage\":\"fr-FR\",\"@id\":\"https:\\\/\\\/ecosupplements.be\\\/fr\\\/produit\\\/vitamine-c-1500mg-avec-cynorhodon-90-comprimes\\\/#primaryimage\",\"url\":\"https:\\\/\\\/ecosupplements.be\\\/wp-content\\\/uploads\\\/2025\\\/08\\\/Vitamin-C-1500mg-with-Rose-Hips-90-tabs-1.jpg\",\"contentUrl\":\"https:\\\/\\\/ecosupplements.be\\\/wp-content\\\/uploads\\\/2025\\\/08\\\/Vitamin-C-1500mg-with-Rose-Hips-90-tabs-1.jpg\",\"width\":302,\"height\":559},{\"@type\":\"BreadcrumbList\",\"@id\":\"https:\\\/\\\/ecosupplements.be\\\/fr\\\/produit\\\/vitamine-c-1500mg-avec-cynorhodon-90-comprimes\\\/#breadcrumb\",\"itemListElement\":[{\"@type\":\"ListItem\",\"position\":1,\"name\":\"Home\",\"item\":\"https:\\\/\\\/ecosupplements.be\\\/fr\\\/\"},{\"@type\":\"ListItem\",\"position\":2,\"name\":\"Boutique\",\"item\":\"https:\\\/\\\/ecosupplements.be\\\/fr\\\/boutique\\\/\"},{\"@type\":\"ListItem\",\"position\":3,\"name\":\"Vitamine C, 1500mg avec cynorhodon &#8211; 90 comprim\u00e9s\"}]},{\"@type\":\"WebSite\",\"@id\":\"https:\\\/\\\/ecosupplements.be\\\/fr\\\/#website\",\"url\":\"https:\\\/\\\/ecosupplements.be\\\/fr\\\/\",\"name\":\"ECO Supplements\",\"description\":\"Eco Supplements - Gezonde supplementen\",\"publisher\":{\"@id\":\"https:\\\/\\\/ecosupplements.be\\\/fr\\\/#organization\"},\"potentialAction\":[{\"@type\":\"SearchAction\",\"target\":{\"@type\":\"EntryPoint\",\"urlTemplate\":\"https:\\\/\\\/ecosupplements.be\\\/fr\\\/?s={search_term_string}\"},\"query-input\":{\"@type\":\"PropertyValueSpecification\",\"valueRequired\":true,\"valueName\":\"search_term_string\"}}],\"inLanguage\":\"fr-FR\"},{\"@type\":\"Organization\",\"@id\":\"https:\\\/\\\/ecosupplements.be\\\/fr\\\/#organization\",\"name\":\"Eco Supplements\",\"url\":\"https:\\\/\\\/ecosupplements.be\\\/fr\\\/\",\"logo\":{\"@type\":\"ImageObject\",\"inLanguage\":\"fr-FR\",\"@id\":\"https:\\\/\\\/ecosupplements.be\\\/fr\\\/#\\\/schema\\\/logo\\\/image\\\/\",\"url\":\"https:\\\/\\\/ecosupplements.be\\\/wp-content\\\/uploads\\\/2022\\\/06\\\/ecosupplement-family.png\",\"contentUrl\":\"https:\\\/\\\/ecosupplements.be\\\/wp-content\\\/uploads\\\/2022\\\/06\\\/ecosupplement-family.png\",\"width\":593,\"height\":374,\"caption\":\"Eco Supplements\"},\"image\":{\"@id\":\"https:\\\/\\\/ecosupplements.be\\\/fr\\\/#\\\/schema\\\/logo\\\/image\\\/\"}}]}<\/script>\n<meta property=\"product:brand\" content=\"Solgar\" \/>\n<meta property=\"product:price:amount\" content=\"24.03\" \/>\n<meta property=\"product:price:currency\" content=\"EUR\" \/>\n<meta property=\"og:availability\" content=\"instock\" \/>\n<meta property=\"product:availability\" content=\"instock\" \/>\n<meta property=\"product:retailer_item_id\" content=\"033984024205\" \/>\n<meta property=\"product:condition\" content=\"new\" \/>\n<!-- \/ Yoast SEO Premium plugin. -->","yoast_head_json":{"title":"Vitamine C, 1500mg avec cynorhodon - 90 comprim\u00e9s - ECO Supplements","description":"Wij hebben een ruime keuze aan producten van Vitamine C, 1500mg avec cynorhodon - 90 comprim\u00e9s . Winkel bij Eco Supplements altijd gratis verzending boven 100\u20ac","robots":{"index":"index","follow":"follow","max-snippet":"max-snippet:-1","max-image-preview":"max-image-preview:large","max-video-preview":"max-video-preview:-1"},"canonical":"https:\/\/ecosupplements.be\/fr\/produit\/vitamine-c-1500mg-avec-cynorhodon-90-comprimes\/","og_locale":"fr_FR","og_type":"article","og_title":"Vitamine C, 1500mg avec cynorhodon - 90 comprim\u00e9s","og_description":"Wij hebben een ruime keuze aan producten van Vitamine C, 1500mg avec cynorhodon - 90 comprim\u00e9s . Winkel bij Eco Supplements altijd gratis verzending boven 100\u20ac","og_url":"https:\/\/ecosupplements.be\/fr\/produit\/vitamine-c-1500mg-avec-cynorhodon-90-comprimes\/","og_site_name":"ECO Supplements","article_modified_time":"2025-08-27T11:45:40+00:00","og_image":[{"width":302,"height":559,"url":"https:\/\/ecosupplements.be\/wp-content\/uploads\/2025\/08\/Vitamin-C-1500mg-with-Rose-Hips-90-tabs-1.jpg","type":"image\/jpeg"}],"twitter_card":"summary_large_image","twitter_misc":{"Prix":"24.03&nbsp;&euro;","Disponibilit\u00e9":"En stock"},"schema":{"@context":"https:\/\/schema.org","@graph":[{"@type":["WebPage","ItemPage"],"@id":"https:\/\/ecosupplements.be\/fr\/produit\/vitamine-c-1500mg-avec-cynorhodon-90-comprimes\/","url":"https:\/\/ecosupplements.be\/fr\/produit\/vitamine-c-1500mg-avec-cynorhodon-90-comprimes\/","name":"Vitamine C, 1500mg avec cynorhodon - 90 comprim\u00e9s - ECO Supplements","isPartOf":{"@id":"https:\/\/ecosupplements.be\/fr\/#website"},"primaryImageOfPage":{"@id":"https:\/\/ecosupplements.be\/fr\/produit\/vitamine-c-1500mg-avec-cynorhodon-90-comprimes\/#primaryimage"},"image":{"@id":"https:\/\/ecosupplements.be\/fr\/produit\/vitamine-c-1500mg-avec-cynorhodon-90-comprimes\/#primaryimage"},"thumbnailUrl":"https:\/\/ecosupplements.be\/wp-content\/uploads\/2025\/08\/Vitamin-C-1500mg-with-Rose-Hips-90-tabs-1.jpg","datePublished":"2022-06-28T09:31:07+00:00","dateModified":"2025-08-27T11:45:40+00:00","description":"Wij hebben een ruime keuze aan producten van Vitamine C, 1500mg avec cynorhodon - 90 comprim\u00e9s . Winkel bij Eco Supplements altijd gratis verzending boven 100\u20ac","breadcrumb":{"@id":"https:\/\/ecosupplements.be\/fr\/produit\/vitamine-c-1500mg-avec-cynorhodon-90-comprimes\/#breadcrumb"},"inLanguage":"fr-FR","potentialAction":[{"@type":"ReadAction","target":["https:\/\/ecosupplements.be\/fr\/produit\/vitamine-c-1500mg-avec-cynorhodon-90-comprimes\/"]}]},{"@type":"ImageObject","inLanguage":"fr-FR","@id":"https:\/\/ecosupplements.be\/fr\/produit\/vitamine-c-1500mg-avec-cynorhodon-90-comprimes\/#primaryimage","url":"https:\/\/ecosupplements.be\/wp-content\/uploads\/2025\/08\/Vitamin-C-1500mg-with-Rose-Hips-90-tabs-1.jpg","contentUrl":"https:\/\/ecosupplements.be\/wp-content\/uploads\/2025\/08\/Vitamin-C-1500mg-with-Rose-Hips-90-tabs-1.jpg","width":302,"height":559},{"@type":"BreadcrumbList","@id":"https:\/\/ecosupplements.be\/fr\/produit\/vitamine-c-1500mg-avec-cynorhodon-90-comprimes\/#breadcrumb","itemListElement":[{"@type":"ListItem","position":1,"name":"Home","item":"https:\/\/ecosupplements.be\/fr\/"},{"@type":"ListItem","position":2,"name":"Boutique","item":"https:\/\/ecosupplements.be\/fr\/boutique\/"},{"@type":"ListItem","position":3,"name":"Vitamine C, 1500mg avec cynorhodon &#8211; 90 comprim\u00e9s"}]},{"@type":"WebSite","@id":"https:\/\/ecosupplements.be\/fr\/#website","url":"https:\/\/ecosupplements.be\/fr\/","name":"ECO Supplements","description":"Eco Supplements - Gezonde supplementen","publisher":{"@id":"https:\/\/ecosupplements.be\/fr\/#organization"},"potentialAction":[{"@type":"SearchAction","target":{"@type":"EntryPoint","urlTemplate":"https:\/\/ecosupplements.be\/fr\/?s={search_term_string}"},"query-input":{"@type":"PropertyValueSpecification","valueRequired":true,"valueName":"search_term_string"}}],"inLanguage":"fr-FR"},{"@type":"Organization","@id":"https:\/\/ecosupplements.be\/fr\/#organization","name":"Eco Supplements","url":"https:\/\/ecosupplements.be\/fr\/","logo":{"@type":"ImageObject","inLanguage":"fr-FR","@id":"https:\/\/ecosupplements.be\/fr\/#\/schema\/logo\/image\/","url":"https:\/\/ecosupplements.be\/wp-content\/uploads\/2022\/06\/ecosupplement-family.png","contentUrl":"https:\/\/ecosupplements.be\/wp-content\/uploads\/2022\/06\/ecosupplement-family.png","width":593,"height":374,"caption":"Eco Supplements"},"image":{"@id":"https:\/\/ecosupplements.be\/fr\/#\/schema\/logo\/image\/"}}]},"product_brand":"Solgar","product_price_amount":"24.03","product_price_currency":"EUR","og_availability":"instock","product_availability":"instock","product_retailer_item_id":"033984024205","product_condition":"new"},"_links":{"self":[{"href":"https:\/\/ecosupplements.be\/fr\/wp-json\/wp\/v2\/product\/282637","targetHints":{"allow":["GET"]}}],"collection":[{"href":"https:\/\/ecosupplements.be\/fr\/wp-json\/wp\/v2\/product"}],"about":[{"href":"https:\/\/ecosupplements.be\/fr\/wp-json\/wp\/v2\/types\/product"}],"replies":[{"embeddable":true,"href":"https:\/\/ecosupplements.be\/fr\/wp-json\/wp\/v2\/comments?post=282637"}],"wp:featuredmedia":[{"embeddable":true,"href":"https:\/\/ecosupplements.be\/fr\/wp-json\/wp\/v2\/media\/255702"}],"wp:attachment":[{"href":"https:\/\/ecosupplements.be\/fr\/wp-json\/wp\/v2\/media?parent=282637"}],"wp:term":[{"taxonomy":"product_brand","embeddable":true,"href":"https:\/\/ecosupplements.be\/fr\/wp-json\/wp\/v2\/product_brand?post=282637"},{"taxonomy":"product_cat","embeddable":true,"href":"https:\/\/ecosupplements.be\/fr\/wp-json\/wp\/v2\/product_cat?post=282637"},{"taxonomy":"product_tag","embeddable":true,"href":"https:\/\/ecosupplements.be\/fr\/wp-json\/wp\/v2\/product_tag?post=282637"}],"curies":[{"name":"wp","href":"https:\/\/api.w.org\/{rel}","templated":true}]}}