{"id":282638,"date":"2022-06-28T10:31:07","date_gmt":"2022-06-28T09:31:07","guid":{"rendered":"https:\/\/ecosupplements.be\/product\/vitamine-d3-a-macher-25mcg-strawberry-banana-swirl-100-comprimes-a-macher\/"},"modified":"2025-08-27T12:45:44","modified_gmt":"2025-08-27T11:45:44","slug":"vitamine-d3-a-macher-25mcg-strawberry-banana-swirl-100-comprimes-a-macher","status":"publish","type":"product","link":"https:\/\/ecosupplements.be\/fr\/produit\/vitamine-d3-a-macher-25mcg-strawberry-banana-swirl-100-comprimes-a-macher\/","title":{"rendered":"vitamine d3 \u00e0 m\u00e2cher, 25mcg (strawberry &#038; banana swirl) &#8211; 100 comprim\u00e9s \u00e0 m\u00e2cher"},"content":{"rendered":"<h1 style=\"text-align: center;\">Solgar &#8211; Vitamine D3 \u00e0 m\u00e2cher<\/h1>\n<p>Forme facile \u00e0 m\u00e2cher<br \/>\nConvient aux adultes et aux enfants \u00e0 partir de 4 ans.<br \/>\nFavorise la sant\u00e9 des os et des dents<br \/>\nSoutient la fonction musculaire<br \/>\nSoutient la fonction du syst\u00e8me immun du syst\u00e8me immun du syst\u00e8me immun du syst\u00e8me immun<br \/>\nSaveur naturelle de fraise et de banane swirl<\/p>\n<p>La vitamine D3 1000 UI (25 mcg) en comprim\u00e9s \u00e0 croquer fournit de la vitamine D sous la forme la plus facile \u00e0 utiliser par l&#8217;organisme &#8211; D3. Favorisant votre bien-\u00eatre, les bienfaits de la &#8220;vitamine soleil&#8221; sont nombreux et bien document\u00e9s, mais particuli\u00e8rement pour la sant\u00e9 immunitaire et osseuse.<\/p>\n<p>La vitamine D est une vitamine liposoluble qui est n\u00e9cessaire pour favoriser l&#8217;absorption du calcium, ce qui contribue au maintien de la sant\u00e9 des os et des dents. Bien qu&#8217;elle soit obtenue \u00e0 partir de la lumi\u00e8re du soleil ou d&#8217;aliments riches en vitamine D &#8211; plus d&#8217;un milliard de personnes dans le monde ont des niveaux tr\u00e8s bas de vitamine D.<\/p>\n<p>En plus de modifier votre alimentation et votre mode de vie, la prise d&#8217;un suppl\u00e9ment de vitamine D est un bon moyen de faire le plein, surtout pendant les mois d&#8217;hiver. Il s&#8217;agit de l&#8217;une des formulations de D3 de la gamme Solgar, disponible en doses et formes variables.<\/p>\n<p>La vitamine D3 1000 UI (25 mcg) en comprim\u00e9s \u00e0 croquer, avec sa dose de 1 par jour pour les adultes et les enfants \u00e0 partir de 4 ans, contribue \u00e0.. :<br \/>\nFonctionnement normal du syst\u00e8me immunitaire<br \/>\nMaintien d&#8217;os et de dents normaux<br \/>\nAbsorption normale du calcium et du phosphore<br \/>\nTaux de calcium sanguin normal<br \/>\nMaintien d&#8217;une fonction musculaire normale<\/p>\n<p><img decoding=\"async\" src=\"https:\/\/ecosupplements.be\/wp-content\/uploads\/2025\/08\/gluten-free-1.png\" title=\"Sans gluten\" alt=\"Gluten free\"><img decoding=\"async\" src=\"https:\/\/ecosupplements.be\/wp-content\/uploads\/2025\/08\/vegetarian-1.png\" title=\"V\u00e9g\u00e9tarien\" alt=\"Vegetarian\"><img decoding=\"async\" src=\"https:\/\/ecosupplements.be\/wp-content\/uploads\/2025\/08\/soy-free-1.png\" title=\"Sans soja\" alt=\"Soy-free\"><\/p>\n","protected":false},"excerpt":{"rendered":"<p>Solgar &#8211; Vitamine D3 \u00e0 m\u00e2cher Forme facile \u00e0 m\u00e2cher Convient aux adultes et aux enfants \u00e0 partir de 4 ans. Favorise la sant\u00e9 des os et des dents Soutient la fonction musculaire Soutient la fonction du syst\u00e8me immun du syst\u00e8me immun du syst\u00e8me immun du syst\u00e8me immun Saveur naturelle de fraise et de banane [&#8230;]\n","protected":false},"featured_media":255705,"comment_status":"closed","ping_status":"open","template":"","meta":[],"product_brand":[4760],"product_cat":[5061,5060,5053,5059],"product_tag":[],"class_list":{"0":"post-282638","1":"product","2":"type-product","3":"status-publish","4":"has-post-thumbnail","6":"product_brand-solgar-2","7":"product_cat-d3-vitamine-d-vitamines-simples","8":"product_cat-vitamine-d-vitamines-simples","9":"product_cat-vitamines-et-mineraux","10":"product_cat-vitamines-simples","12":"first","13":"instock","14":"taxable","15":"shipping-taxable","16":"purchasable","17":"product-type-simple"},"yoast_head":"<!-- This site is optimized with the Yoast SEO Premium plugin v27.3 (Yoast SEO v27.3) - https:\/\/yoast.com\/product\/yoast-seo-premium-wordpress\/ -->\n<title>vitamine d3 \u00e0 m\u00e2cher, 25mcg (strawberry &amp; banana swirl) - 100 comprim\u00e9s \u00e0 m\u00e2cher - ECO Supplements<\/title>\n<meta name=\"description\" content=\"Wij hebben een ruime keuze aan producten van vitamine d3 \u00e0 m\u00e2cher, 25mcg (strawberry &amp; banana swirl) - 100 comprim\u00e9s \u00e0 m\u00e2cher . Winkel bij Eco Supplements altijd gratis verzending boven 100\u20ac\" \/>\n<meta name=\"robots\" content=\"index, follow, max-snippet:-1, max-image-preview:large, max-video-preview:-1\" \/>\n<link rel=\"canonical\" href=\"https:\/\/ecosupplements.be\/fr\/produit\/vitamine-d3-a-macher-25mcg-strawberry-banana-swirl-100-comprimes-a-macher\/\" \/>\n<meta property=\"og:locale\" content=\"fr_FR\" \/>\n<meta property=\"og:type\" content=\"article\" \/>\n<meta property=\"og:title\" content=\"vitamine d3 \u00e0 m\u00e2cher, 25mcg (strawberry &amp; banana swirl) - 100 comprim\u00e9s \u00e0 m\u00e2cher\" \/>\n<meta property=\"og:description\" content=\"Wij hebben een ruime keuze aan producten van vitamine d3 \u00e0 m\u00e2cher, 25mcg (strawberry &amp; banana swirl) - 100 comprim\u00e9s \u00e0 m\u00e2cher . Winkel bij Eco Supplements altijd gratis verzending boven 100\u20ac\" \/>\n<meta property=\"og:url\" content=\"https:\/\/ecosupplements.be\/fr\/produit\/vitamine-d3-a-macher-25mcg-strawberry-banana-swirl-100-comprimes-a-macher\/\" \/>\n<meta property=\"og:site_name\" content=\"ECO Supplements\" \/>\n<meta property=\"article:modified_time\" content=\"2025-08-27T11:45:44+00:00\" \/>\n<meta property=\"og:image\" content=\"https:\/\/ecosupplements.be\/wp-content\/uploads\/2025\/08\/Vitamin-D3-Chewables-25mcg-Strawberry-Banana-Swirl-100-chewable-tabs-1.jpg\" \/>\n\t<meta property=\"og:image:width\" content=\"600\" \/>\n\t<meta property=\"og:image:height\" content=\"600\" \/>\n\t<meta property=\"og:image:type\" content=\"image\/jpeg\" \/>\n<meta name=\"twitter:card\" content=\"summary_large_image\" \/>\n<meta name=\"twitter:label1\" content=\"Prix\" \/>\n\t<meta name=\"twitter:data1\" content=\"12.34&nbsp;&euro;\" \/>\n\t<meta name=\"twitter:label2\" content=\"Disponibilit\u00e9\" \/>\n\t<meta name=\"twitter:data2\" content=\"En stock\" \/>\n<script type=\"application\/ld+json\" class=\"yoast-schema-graph\">{\"@context\":\"https:\\\/\\\/schema.org\",\"@graph\":[{\"@type\":[\"WebPage\",\"ItemPage\"],\"@id\":\"https:\\\/\\\/ecosupplements.be\\\/fr\\\/produit\\\/vitamine-d3-a-macher-25mcg-strawberry-banana-swirl-100-comprimes-a-macher\\\/\",\"url\":\"https:\\\/\\\/ecosupplements.be\\\/fr\\\/produit\\\/vitamine-d3-a-macher-25mcg-strawberry-banana-swirl-100-comprimes-a-macher\\\/\",\"name\":\"vitamine d3 \u00e0 m\u00e2cher, 25mcg (strawberry & banana swirl) - 100 comprim\u00e9s \u00e0 m\u00e2cher - ECO Supplements\",\"isPartOf\":{\"@id\":\"https:\\\/\\\/ecosupplements.be\\\/fr\\\/#website\"},\"primaryImageOfPage\":{\"@id\":\"https:\\\/\\\/ecosupplements.be\\\/fr\\\/produit\\\/vitamine-d3-a-macher-25mcg-strawberry-banana-swirl-100-comprimes-a-macher\\\/#primaryimage\"},\"image\":{\"@id\":\"https:\\\/\\\/ecosupplements.be\\\/fr\\\/produit\\\/vitamine-d3-a-macher-25mcg-strawberry-banana-swirl-100-comprimes-a-macher\\\/#primaryimage\"},\"thumbnailUrl\":\"https:\\\/\\\/ecosupplements.be\\\/wp-content\\\/uploads\\\/2025\\\/08\\\/Vitamin-D3-Chewables-25mcg-Strawberry-Banana-Swirl-100-chewable-tabs-1.jpg\",\"datePublished\":\"2022-06-28T09:31:07+00:00\",\"dateModified\":\"2025-08-27T11:45:44+00:00\",\"description\":\"Wij hebben een ruime keuze aan producten van vitamine d3 \u00e0 m\u00e2cher, 25mcg (strawberry & banana swirl) - 100 comprim\u00e9s \u00e0 m\u00e2cher . Winkel bij Eco Supplements altijd gratis verzending boven 100\u20ac\",\"breadcrumb\":{\"@id\":\"https:\\\/\\\/ecosupplements.be\\\/fr\\\/produit\\\/vitamine-d3-a-macher-25mcg-strawberry-banana-swirl-100-comprimes-a-macher\\\/#breadcrumb\"},\"inLanguage\":\"fr-FR\",\"potentialAction\":[{\"@type\":\"ReadAction\",\"target\":[\"https:\\\/\\\/ecosupplements.be\\\/fr\\\/produit\\\/vitamine-d3-a-macher-25mcg-strawberry-banana-swirl-100-comprimes-a-macher\\\/\"]}]},{\"@type\":\"ImageObject\",\"inLanguage\":\"fr-FR\",\"@id\":\"https:\\\/\\\/ecosupplements.be\\\/fr\\\/produit\\\/vitamine-d3-a-macher-25mcg-strawberry-banana-swirl-100-comprimes-a-macher\\\/#primaryimage\",\"url\":\"https:\\\/\\\/ecosupplements.be\\\/wp-content\\\/uploads\\\/2025\\\/08\\\/Vitamin-D3-Chewables-25mcg-Strawberry-Banana-Swirl-100-chewable-tabs-1.jpg\",\"contentUrl\":\"https:\\\/\\\/ecosupplements.be\\\/wp-content\\\/uploads\\\/2025\\\/08\\\/Vitamin-D3-Chewables-25mcg-Strawberry-Banana-Swirl-100-chewable-tabs-1.jpg\",\"width\":600,\"height\":600},{\"@type\":\"BreadcrumbList\",\"@id\":\"https:\\\/\\\/ecosupplements.be\\\/fr\\\/produit\\\/vitamine-d3-a-macher-25mcg-strawberry-banana-swirl-100-comprimes-a-macher\\\/#breadcrumb\",\"itemListElement\":[{\"@type\":\"ListItem\",\"position\":1,\"name\":\"Home\",\"item\":\"https:\\\/\\\/ecosupplements.be\\\/fr\\\/\"},{\"@type\":\"ListItem\",\"position\":2,\"name\":\"Boutique\",\"item\":\"https:\\\/\\\/ecosupplements.be\\\/fr\\\/boutique\\\/\"},{\"@type\":\"ListItem\",\"position\":3,\"name\":\"vitamine d3 \u00e0 m\u00e2cher, 25mcg (strawberry &#038; banana swirl) &#8211; 100 comprim\u00e9s \u00e0 m\u00e2cher\"}]},{\"@type\":\"WebSite\",\"@id\":\"https:\\\/\\\/ecosupplements.be\\\/fr\\\/#website\",\"url\":\"https:\\\/\\\/ecosupplements.be\\\/fr\\\/\",\"name\":\"ECO Supplements\",\"description\":\"Eco Supplements - Gezonde supplementen\",\"publisher\":{\"@id\":\"https:\\\/\\\/ecosupplements.be\\\/fr\\\/#organization\"},\"potentialAction\":[{\"@type\":\"SearchAction\",\"target\":{\"@type\":\"EntryPoint\",\"urlTemplate\":\"https:\\\/\\\/ecosupplements.be\\\/fr\\\/?s={search_term_string}\"},\"query-input\":{\"@type\":\"PropertyValueSpecification\",\"valueRequired\":true,\"valueName\":\"search_term_string\"}}],\"inLanguage\":\"fr-FR\"},{\"@type\":\"Organization\",\"@id\":\"https:\\\/\\\/ecosupplements.be\\\/fr\\\/#organization\",\"name\":\"Eco Supplements\",\"url\":\"https:\\\/\\\/ecosupplements.be\\\/fr\\\/\",\"logo\":{\"@type\":\"ImageObject\",\"inLanguage\":\"fr-FR\",\"@id\":\"https:\\\/\\\/ecosupplements.be\\\/fr\\\/#\\\/schema\\\/logo\\\/image\\\/\",\"url\":\"https:\\\/\\\/ecosupplements.be\\\/wp-content\\\/uploads\\\/2022\\\/06\\\/ecosupplement-family.png\",\"contentUrl\":\"https:\\\/\\\/ecosupplements.be\\\/wp-content\\\/uploads\\\/2022\\\/06\\\/ecosupplement-family.png\",\"width\":593,\"height\":374,\"caption\":\"Eco Supplements\"},\"image\":{\"@id\":\"https:\\\/\\\/ecosupplements.be\\\/fr\\\/#\\\/schema\\\/logo\\\/image\\\/\"}}]}<\/script>\n<meta property=\"product:brand\" content=\"Solgar\" \/>\n<meta property=\"product:price:amount\" content=\"12.34\" \/>\n<meta property=\"product:price:currency\" content=\"EUR\" \/>\n<meta property=\"og:availability\" content=\"instock\" \/>\n<meta property=\"product:availability\" content=\"instock\" \/>\n<meta property=\"product:retailer_item_id\" content=\"033984549562\" \/>\n<meta property=\"product:condition\" content=\"new\" \/>\n<!-- \/ Yoast SEO Premium plugin. -->","yoast_head_json":{"title":"vitamine d3 \u00e0 m\u00e2cher, 25mcg (strawberry & banana swirl) - 100 comprim\u00e9s \u00e0 m\u00e2cher - ECO Supplements","description":"Wij hebben een ruime keuze aan producten van vitamine d3 \u00e0 m\u00e2cher, 25mcg (strawberry & banana swirl) - 100 comprim\u00e9s \u00e0 m\u00e2cher . Winkel bij Eco Supplements altijd gratis verzending boven 100\u20ac","robots":{"index":"index","follow":"follow","max-snippet":"max-snippet:-1","max-image-preview":"max-image-preview:large","max-video-preview":"max-video-preview:-1"},"canonical":"https:\/\/ecosupplements.be\/fr\/produit\/vitamine-d3-a-macher-25mcg-strawberry-banana-swirl-100-comprimes-a-macher\/","og_locale":"fr_FR","og_type":"article","og_title":"vitamine d3 \u00e0 m\u00e2cher, 25mcg (strawberry & banana swirl) - 100 comprim\u00e9s \u00e0 m\u00e2cher","og_description":"Wij hebben een ruime keuze aan producten van vitamine d3 \u00e0 m\u00e2cher, 25mcg (strawberry & banana swirl) - 100 comprim\u00e9s \u00e0 m\u00e2cher . Winkel bij Eco Supplements altijd gratis verzending boven 100\u20ac","og_url":"https:\/\/ecosupplements.be\/fr\/produit\/vitamine-d3-a-macher-25mcg-strawberry-banana-swirl-100-comprimes-a-macher\/","og_site_name":"ECO Supplements","article_modified_time":"2025-08-27T11:45:44+00:00","og_image":[{"width":600,"height":600,"url":"https:\/\/ecosupplements.be\/wp-content\/uploads\/2025\/08\/Vitamin-D3-Chewables-25mcg-Strawberry-Banana-Swirl-100-chewable-tabs-1.jpg","type":"image\/jpeg"}],"twitter_card":"summary_large_image","twitter_misc":{"Prix":"12.34&nbsp;&euro;","Disponibilit\u00e9":"En stock"},"schema":{"@context":"https:\/\/schema.org","@graph":[{"@type":["WebPage","ItemPage"],"@id":"https:\/\/ecosupplements.be\/fr\/produit\/vitamine-d3-a-macher-25mcg-strawberry-banana-swirl-100-comprimes-a-macher\/","url":"https:\/\/ecosupplements.be\/fr\/produit\/vitamine-d3-a-macher-25mcg-strawberry-banana-swirl-100-comprimes-a-macher\/","name":"vitamine d3 \u00e0 m\u00e2cher, 25mcg (strawberry & banana swirl) - 100 comprim\u00e9s \u00e0 m\u00e2cher - ECO Supplements","isPartOf":{"@id":"https:\/\/ecosupplements.be\/fr\/#website"},"primaryImageOfPage":{"@id":"https:\/\/ecosupplements.be\/fr\/produit\/vitamine-d3-a-macher-25mcg-strawberry-banana-swirl-100-comprimes-a-macher\/#primaryimage"},"image":{"@id":"https:\/\/ecosupplements.be\/fr\/produit\/vitamine-d3-a-macher-25mcg-strawberry-banana-swirl-100-comprimes-a-macher\/#primaryimage"},"thumbnailUrl":"https:\/\/ecosupplements.be\/wp-content\/uploads\/2025\/08\/Vitamin-D3-Chewables-25mcg-Strawberry-Banana-Swirl-100-chewable-tabs-1.jpg","datePublished":"2022-06-28T09:31:07+00:00","dateModified":"2025-08-27T11:45:44+00:00","description":"Wij hebben een ruime keuze aan producten van vitamine d3 \u00e0 m\u00e2cher, 25mcg (strawberry & banana swirl) - 100 comprim\u00e9s \u00e0 m\u00e2cher . Winkel bij Eco Supplements altijd gratis verzending boven 100\u20ac","breadcrumb":{"@id":"https:\/\/ecosupplements.be\/fr\/produit\/vitamine-d3-a-macher-25mcg-strawberry-banana-swirl-100-comprimes-a-macher\/#breadcrumb"},"inLanguage":"fr-FR","potentialAction":[{"@type":"ReadAction","target":["https:\/\/ecosupplements.be\/fr\/produit\/vitamine-d3-a-macher-25mcg-strawberry-banana-swirl-100-comprimes-a-macher\/"]}]},{"@type":"ImageObject","inLanguage":"fr-FR","@id":"https:\/\/ecosupplements.be\/fr\/produit\/vitamine-d3-a-macher-25mcg-strawberry-banana-swirl-100-comprimes-a-macher\/#primaryimage","url":"https:\/\/ecosupplements.be\/wp-content\/uploads\/2025\/08\/Vitamin-D3-Chewables-25mcg-Strawberry-Banana-Swirl-100-chewable-tabs-1.jpg","contentUrl":"https:\/\/ecosupplements.be\/wp-content\/uploads\/2025\/08\/Vitamin-D3-Chewables-25mcg-Strawberry-Banana-Swirl-100-chewable-tabs-1.jpg","width":600,"height":600},{"@type":"BreadcrumbList","@id":"https:\/\/ecosupplements.be\/fr\/produit\/vitamine-d3-a-macher-25mcg-strawberry-banana-swirl-100-comprimes-a-macher\/#breadcrumb","itemListElement":[{"@type":"ListItem","position":1,"name":"Home","item":"https:\/\/ecosupplements.be\/fr\/"},{"@type":"ListItem","position":2,"name":"Boutique","item":"https:\/\/ecosupplements.be\/fr\/boutique\/"},{"@type":"ListItem","position":3,"name":"vitamine d3 \u00e0 m\u00e2cher, 25mcg (strawberry &#038; banana swirl) &#8211; 100 comprim\u00e9s \u00e0 m\u00e2cher"}]},{"@type":"WebSite","@id":"https:\/\/ecosupplements.be\/fr\/#website","url":"https:\/\/ecosupplements.be\/fr\/","name":"ECO Supplements","description":"Eco Supplements - Gezonde supplementen","publisher":{"@id":"https:\/\/ecosupplements.be\/fr\/#organization"},"potentialAction":[{"@type":"SearchAction","target":{"@type":"EntryPoint","urlTemplate":"https:\/\/ecosupplements.be\/fr\/?s={search_term_string}"},"query-input":{"@type":"PropertyValueSpecification","valueRequired":true,"valueName":"search_term_string"}}],"inLanguage":"fr-FR"},{"@type":"Organization","@id":"https:\/\/ecosupplements.be\/fr\/#organization","name":"Eco Supplements","url":"https:\/\/ecosupplements.be\/fr\/","logo":{"@type":"ImageObject","inLanguage":"fr-FR","@id":"https:\/\/ecosupplements.be\/fr\/#\/schema\/logo\/image\/","url":"https:\/\/ecosupplements.be\/wp-content\/uploads\/2022\/06\/ecosupplement-family.png","contentUrl":"https:\/\/ecosupplements.be\/wp-content\/uploads\/2022\/06\/ecosupplement-family.png","width":593,"height":374,"caption":"Eco Supplements"},"image":{"@id":"https:\/\/ecosupplements.be\/fr\/#\/schema\/logo\/image\/"}}]},"product_brand":"Solgar","product_price_amount":"12.34","product_price_currency":"EUR","og_availability":"instock","product_availability":"instock","product_retailer_item_id":"033984549562","product_condition":"new"},"_links":{"self":[{"href":"https:\/\/ecosupplements.be\/fr\/wp-json\/wp\/v2\/product\/282638","targetHints":{"allow":["GET"]}}],"collection":[{"href":"https:\/\/ecosupplements.be\/fr\/wp-json\/wp\/v2\/product"}],"about":[{"href":"https:\/\/ecosupplements.be\/fr\/wp-json\/wp\/v2\/types\/product"}],"replies":[{"embeddable":true,"href":"https:\/\/ecosupplements.be\/fr\/wp-json\/wp\/v2\/comments?post=282638"}],"wp:featuredmedia":[{"embeddable":true,"href":"https:\/\/ecosupplements.be\/fr\/wp-json\/wp\/v2\/media\/255705"}],"wp:attachment":[{"href":"https:\/\/ecosupplements.be\/fr\/wp-json\/wp\/v2\/media?parent=282638"}],"wp:term":[{"taxonomy":"product_brand","embeddable":true,"href":"https:\/\/ecosupplements.be\/fr\/wp-json\/wp\/v2\/product_brand?post=282638"},{"taxonomy":"product_cat","embeddable":true,"href":"https:\/\/ecosupplements.be\/fr\/wp-json\/wp\/v2\/product_cat?post=282638"},{"taxonomy":"product_tag","embeddable":true,"href":"https:\/\/ecosupplements.be\/fr\/wp-json\/wp\/v2\/product_tag?post=282638"}],"curies":[{"name":"wp","href":"https:\/\/api.w.org\/{rel}","templated":true}]}}