{"id":282666,"date":"2022-06-28T10:31:25","date_gmt":"2022-06-28T09:31:25","guid":{"rendered":"https:\/\/ecosupplements.be\/product\/ajipure-l-glutamine-en-poudre-340g\/"},"modified":"2025-08-27T12:47:05","modified_gmt":"2025-08-27T11:47:05","slug":"ajipure-l-glutamine-en-poudre-340g","status":"publish","type":"product","link":"https:\/\/ecosupplements.be\/fr\/produit\/ajipure-l-glutamine-en-poudre-340g\/","title":{"rendered":"AjiPure L-Glutamine en poudre &#8211; 340g"},"content":{"rendered":"<h1 style=\"text-align: center\">Swanson &#8211; AjiPure L-Glutamine en poudre<\/h1>\n<p>De la soci\u00e9t\u00e9 Ajinomoto, bas\u00e9e au Japon<br \/>\nPopulaire parmi les amateurs de fitness<br \/>\nSe m\u00e9lange facilement avec du jus ou de l&#8217;eau<br \/>\nFortifiez vos muscles et votre esprit tous les jours gr\u00e2ce \u00e0 la nutrition en acides amin\u00e9s purs de la L- Glutamine ! Un favori populaire parmi les amateurs de fitness, la glutamine est l&#8217;acide amin\u00e9 le plus abondant dans les tissus musculaires squelettiques, o\u00f9 il travaille pour promouvoir la force et l&#8217;endurance &#8211; mais ce n&#8217;est pas tout ce qu&#8217;il fait. La structure mol\u00e9culaire unique de la glutamine lui permet de traverser la barri\u00e8re sang\/cerveau pour nourrir les tissus vitaux du cerveau. Une fois dans le cerveau, la glutamine est convertie en acide glutamique, le mat\u00e9riau de base des neurotransmetteurs cl\u00e9s n\u00e9cessaires au bon fonctionnement du syst\u00e8me mental et nerveux.<\/p>\n","protected":false},"excerpt":{"rendered":"<p>Swanson &#8211; AjiPure L-Glutamine en poudre De la soci\u00e9t\u00e9 Ajinomoto, bas\u00e9e au Japon Populaire parmi les amateurs de fitness Se m\u00e9lange facilement avec du jus ou de l&#8217;eau Fortifiez vos muscles et votre esprit tous les jours gr\u00e2ce \u00e0 la nutrition en acides amin\u00e9s purs de la L- Glutamine ! Un favori populaire parmi les [&#8230;]\n","protected":false},"featured_media":255830,"comment_status":"open","ping_status":"open","template":"","meta":[],"product_brand":[4761],"product_cat":[5048,5172,5173,5174,5052,5053],"product_tag":[5069],"class_list":{"0":"post-282666","1":"product","2":"type-product","3":"status-publish","4":"has-post-thumbnail","6":"product_brand-swanson-2","7":"product_cat-aptitude","8":"product_cat-glutamine-en-poudre","9":"product_cat-l-glutamine-glutamine-aptitude","10":"product_cat-poudre-de-glutamine","11":"product_cat-sante-et-bien-etre","12":"product_cat-vitamines-et-mineraux","13":"product_tag-topeco-2","15":"first","16":"instock","17":"taxable","18":"shipping-taxable","19":"purchasable","20":"product-type-simple"},"yoast_head":"<!-- This site is optimized with the Yoast SEO Premium plugin v27.3 (Yoast SEO v27.3) - https:\/\/yoast.com\/product\/yoast-seo-premium-wordpress\/ -->\n<title>AjiPure L-Glutamine en poudre - 340g - ECO Supplements<\/title>\n<meta name=\"description\" content=\"Wij hebben een ruime keuze aan producten van AjiPure L-Glutamine en poudre - 340g . Winkel bij Eco Supplements altijd gratis verzending boven 100\u20ac\" \/>\n<meta name=\"robots\" content=\"index, follow, max-snippet:-1, max-image-preview:large, max-video-preview:-1\" \/>\n<link rel=\"canonical\" href=\"https:\/\/ecosupplements.be\/fr\/produit\/ajipure-l-glutamine-en-poudre-340g\/\" \/>\n<meta property=\"og:locale\" content=\"fr_FR\" \/>\n<meta property=\"og:type\" content=\"article\" \/>\n<meta property=\"og:title\" content=\"AjiPure L-Glutamine en poudre - 340g\" \/>\n<meta property=\"og:description\" content=\"Wij hebben een ruime keuze aan producten van AjiPure L-Glutamine en poudre - 340g . Winkel bij Eco Supplements altijd gratis verzending boven 100\u20ac\" \/>\n<meta property=\"og:url\" content=\"https:\/\/ecosupplements.be\/fr\/produit\/ajipure-l-glutamine-en-poudre-340g\/\" \/>\n<meta property=\"og:site_name\" content=\"ECO Supplements\" \/>\n<meta property=\"article:modified_time\" content=\"2025-08-27T11:47:05+00:00\" \/>\n<meta property=\"og:image\" content=\"https:\/\/ecosupplements.be\/wp-content\/uploads\/2025\/08\/Swanson-AjiPure-L-Glutamine-Powder-340g.jpg\" \/>\n\t<meta property=\"og:image:width\" content=\"500\" \/>\n\t<meta property=\"og:image:height\" content=\"500\" \/>\n\t<meta property=\"og:image:type\" content=\"image\/jpeg\" \/>\n<meta name=\"twitter:card\" content=\"summary_large_image\" \/>\n<meta name=\"twitter:label1\" content=\"Prix\" \/>\n\t<meta name=\"twitter:data1\" content=\"26.81&nbsp;&euro;\" \/>\n\t<meta name=\"twitter:label2\" content=\"Disponibilit\u00e9\" \/>\n\t<meta name=\"twitter:data2\" content=\"En stock\" \/>\n<script type=\"application\/ld+json\" class=\"yoast-schema-graph\">{\"@context\":\"https:\\\/\\\/schema.org\",\"@graph\":[{\"@type\":[\"WebPage\",\"ItemPage\"],\"@id\":\"https:\\\/\\\/ecosupplements.be\\\/fr\\\/produit\\\/ajipure-l-glutamine-en-poudre-340g\\\/\",\"url\":\"https:\\\/\\\/ecosupplements.be\\\/fr\\\/produit\\\/ajipure-l-glutamine-en-poudre-340g\\\/\",\"name\":\"AjiPure L-Glutamine en poudre - 340g - ECO Supplements\",\"isPartOf\":{\"@id\":\"https:\\\/\\\/ecosupplements.be\\\/fr\\\/#website\"},\"primaryImageOfPage\":{\"@id\":\"https:\\\/\\\/ecosupplements.be\\\/fr\\\/produit\\\/ajipure-l-glutamine-en-poudre-340g\\\/#primaryimage\"},\"image\":{\"@id\":\"https:\\\/\\\/ecosupplements.be\\\/fr\\\/produit\\\/ajipure-l-glutamine-en-poudre-340g\\\/#primaryimage\"},\"thumbnailUrl\":\"https:\\\/\\\/ecosupplements.be\\\/wp-content\\\/uploads\\\/2025\\\/08\\\/Swanson-AjiPure-L-Glutamine-Powder-340g-1.jpg\",\"datePublished\":\"2022-06-28T09:31:25+00:00\",\"dateModified\":\"2025-08-27T11:47:05+00:00\",\"description\":\"Wij hebben een ruime keuze aan producten van AjiPure L-Glutamine en poudre - 340g . Winkel bij Eco Supplements altijd gratis verzending boven 100\u20ac\",\"breadcrumb\":{\"@id\":\"https:\\\/\\\/ecosupplements.be\\\/fr\\\/produit\\\/ajipure-l-glutamine-en-poudre-340g\\\/#breadcrumb\"},\"inLanguage\":\"fr-FR\",\"potentialAction\":[{\"@type\":\"ReadAction\",\"target\":[\"https:\\\/\\\/ecosupplements.be\\\/fr\\\/produit\\\/ajipure-l-glutamine-en-poudre-340g\\\/\"]}]},{\"@type\":\"ImageObject\",\"inLanguage\":\"fr-FR\",\"@id\":\"https:\\\/\\\/ecosupplements.be\\\/fr\\\/produit\\\/ajipure-l-glutamine-en-poudre-340g\\\/#primaryimage\",\"url\":\"https:\\\/\\\/ecosupplements.be\\\/wp-content\\\/uploads\\\/2025\\\/08\\\/Swanson-AjiPure-L-Glutamine-Powder-340g-1.jpg\",\"contentUrl\":\"https:\\\/\\\/ecosupplements.be\\\/wp-content\\\/uploads\\\/2025\\\/08\\\/Swanson-AjiPure-L-Glutamine-Powder-340g-1.jpg\",\"width\":500,\"height\":500},{\"@type\":\"BreadcrumbList\",\"@id\":\"https:\\\/\\\/ecosupplements.be\\\/fr\\\/produit\\\/ajipure-l-glutamine-en-poudre-340g\\\/#breadcrumb\",\"itemListElement\":[{\"@type\":\"ListItem\",\"position\":1,\"name\":\"Home\",\"item\":\"https:\\\/\\\/ecosupplements.be\\\/fr\\\/\"},{\"@type\":\"ListItem\",\"position\":2,\"name\":\"Boutique\",\"item\":\"https:\\\/\\\/ecosupplements.be\\\/fr\\\/boutique\\\/\"},{\"@type\":\"ListItem\",\"position\":3,\"name\":\"AjiPure L-Glutamine en poudre &#8211; 340g\"}]},{\"@type\":\"WebSite\",\"@id\":\"https:\\\/\\\/ecosupplements.be\\\/fr\\\/#website\",\"url\":\"https:\\\/\\\/ecosupplements.be\\\/fr\\\/\",\"name\":\"ECO Supplements\",\"description\":\"Eco Supplements - Gezonde supplementen\",\"publisher\":{\"@id\":\"https:\\\/\\\/ecosupplements.be\\\/fr\\\/#organization\"},\"potentialAction\":[{\"@type\":\"SearchAction\",\"target\":{\"@type\":\"EntryPoint\",\"urlTemplate\":\"https:\\\/\\\/ecosupplements.be\\\/fr\\\/?s={search_term_string}\"},\"query-input\":{\"@type\":\"PropertyValueSpecification\",\"valueRequired\":true,\"valueName\":\"search_term_string\"}}],\"inLanguage\":\"fr-FR\"},{\"@type\":\"Organization\",\"@id\":\"https:\\\/\\\/ecosupplements.be\\\/fr\\\/#organization\",\"name\":\"Eco Supplements\",\"url\":\"https:\\\/\\\/ecosupplements.be\\\/fr\\\/\",\"logo\":{\"@type\":\"ImageObject\",\"inLanguage\":\"fr-FR\",\"@id\":\"https:\\\/\\\/ecosupplements.be\\\/fr\\\/#\\\/schema\\\/logo\\\/image\\\/\",\"url\":\"https:\\\/\\\/ecosupplements.be\\\/wp-content\\\/uploads\\\/2022\\\/06\\\/ecosupplement-family.png\",\"contentUrl\":\"https:\\\/\\\/ecosupplements.be\\\/wp-content\\\/uploads\\\/2022\\\/06\\\/ecosupplement-family.png\",\"width\":593,\"height\":374,\"caption\":\"Eco Supplements\"},\"image\":{\"@id\":\"https:\\\/\\\/ecosupplements.be\\\/fr\\\/#\\\/schema\\\/logo\\\/image\\\/\"}}]}<\/script>\n<meta property=\"product:brand\" content=\"Swanson\" \/>\n<meta property=\"product:price:amount\" content=\"26.81\" \/>\n<meta property=\"product:price:currency\" content=\"EUR\" \/>\n<meta property=\"og:availability\" content=\"instock\" \/>\n<meta property=\"product:availability\" content=\"instock\" \/>\n<meta property=\"product:retailer_item_id\" content=\"087614024288\" \/>\n<meta property=\"product:condition\" content=\"new\" \/>\n<!-- \/ Yoast SEO Premium plugin. -->","yoast_head_json":{"title":"AjiPure L-Glutamine en poudre - 340g - ECO Supplements","description":"Wij hebben een ruime keuze aan producten van AjiPure L-Glutamine en poudre - 340g . Winkel bij Eco Supplements altijd gratis verzending boven 100\u20ac","robots":{"index":"index","follow":"follow","max-snippet":"max-snippet:-1","max-image-preview":"max-image-preview:large","max-video-preview":"max-video-preview:-1"},"canonical":"https:\/\/ecosupplements.be\/fr\/produit\/ajipure-l-glutamine-en-poudre-340g\/","og_locale":"fr_FR","og_type":"article","og_title":"AjiPure L-Glutamine en poudre - 340g","og_description":"Wij hebben een ruime keuze aan producten van AjiPure L-Glutamine en poudre - 340g . Winkel bij Eco Supplements altijd gratis verzending boven 100\u20ac","og_url":"https:\/\/ecosupplements.be\/fr\/produit\/ajipure-l-glutamine-en-poudre-340g\/","og_site_name":"ECO Supplements","article_modified_time":"2025-08-27T11:47:05+00:00","og_image":[{"width":500,"height":500,"url":"https:\/\/ecosupplements.be\/wp-content\/uploads\/2025\/08\/Swanson-AjiPure-L-Glutamine-Powder-340g.jpg","type":"image\/jpeg"}],"twitter_card":"summary_large_image","twitter_misc":{"Prix":"26.81&nbsp;&euro;","Disponibilit\u00e9":"En stock"},"schema":{"@context":"https:\/\/schema.org","@graph":[{"@type":["WebPage","ItemPage"],"@id":"https:\/\/ecosupplements.be\/fr\/produit\/ajipure-l-glutamine-en-poudre-340g\/","url":"https:\/\/ecosupplements.be\/fr\/produit\/ajipure-l-glutamine-en-poudre-340g\/","name":"AjiPure L-Glutamine en poudre - 340g - ECO Supplements","isPartOf":{"@id":"https:\/\/ecosupplements.be\/fr\/#website"},"primaryImageOfPage":{"@id":"https:\/\/ecosupplements.be\/fr\/produit\/ajipure-l-glutamine-en-poudre-340g\/#primaryimage"},"image":{"@id":"https:\/\/ecosupplements.be\/fr\/produit\/ajipure-l-glutamine-en-poudre-340g\/#primaryimage"},"thumbnailUrl":"https:\/\/ecosupplements.be\/wp-content\/uploads\/2025\/08\/Swanson-AjiPure-L-Glutamine-Powder-340g-1.jpg","datePublished":"2022-06-28T09:31:25+00:00","dateModified":"2025-08-27T11:47:05+00:00","description":"Wij hebben een ruime keuze aan producten van AjiPure L-Glutamine en poudre - 340g . Winkel bij Eco Supplements altijd gratis verzending boven 100\u20ac","breadcrumb":{"@id":"https:\/\/ecosupplements.be\/fr\/produit\/ajipure-l-glutamine-en-poudre-340g\/#breadcrumb"},"inLanguage":"fr-FR","potentialAction":[{"@type":"ReadAction","target":["https:\/\/ecosupplements.be\/fr\/produit\/ajipure-l-glutamine-en-poudre-340g\/"]}]},{"@type":"ImageObject","inLanguage":"fr-FR","@id":"https:\/\/ecosupplements.be\/fr\/produit\/ajipure-l-glutamine-en-poudre-340g\/#primaryimage","url":"https:\/\/ecosupplements.be\/wp-content\/uploads\/2025\/08\/Swanson-AjiPure-L-Glutamine-Powder-340g-1.jpg","contentUrl":"https:\/\/ecosupplements.be\/wp-content\/uploads\/2025\/08\/Swanson-AjiPure-L-Glutamine-Powder-340g-1.jpg","width":500,"height":500},{"@type":"BreadcrumbList","@id":"https:\/\/ecosupplements.be\/fr\/produit\/ajipure-l-glutamine-en-poudre-340g\/#breadcrumb","itemListElement":[{"@type":"ListItem","position":1,"name":"Home","item":"https:\/\/ecosupplements.be\/fr\/"},{"@type":"ListItem","position":2,"name":"Boutique","item":"https:\/\/ecosupplements.be\/fr\/boutique\/"},{"@type":"ListItem","position":3,"name":"AjiPure L-Glutamine en poudre &#8211; 340g"}]},{"@type":"WebSite","@id":"https:\/\/ecosupplements.be\/fr\/#website","url":"https:\/\/ecosupplements.be\/fr\/","name":"ECO Supplements","description":"Eco Supplements - Gezonde supplementen","publisher":{"@id":"https:\/\/ecosupplements.be\/fr\/#organization"},"potentialAction":[{"@type":"SearchAction","target":{"@type":"EntryPoint","urlTemplate":"https:\/\/ecosupplements.be\/fr\/?s={search_term_string}"},"query-input":{"@type":"PropertyValueSpecification","valueRequired":true,"valueName":"search_term_string"}}],"inLanguage":"fr-FR"},{"@type":"Organization","@id":"https:\/\/ecosupplements.be\/fr\/#organization","name":"Eco Supplements","url":"https:\/\/ecosupplements.be\/fr\/","logo":{"@type":"ImageObject","inLanguage":"fr-FR","@id":"https:\/\/ecosupplements.be\/fr\/#\/schema\/logo\/image\/","url":"https:\/\/ecosupplements.be\/wp-content\/uploads\/2022\/06\/ecosupplement-family.png","contentUrl":"https:\/\/ecosupplements.be\/wp-content\/uploads\/2022\/06\/ecosupplement-family.png","width":593,"height":374,"caption":"Eco Supplements"},"image":{"@id":"https:\/\/ecosupplements.be\/fr\/#\/schema\/logo\/image\/"}}]},"product_brand":"Swanson","product_price_amount":"26.81","product_price_currency":"EUR","og_availability":"instock","product_availability":"instock","product_retailer_item_id":"087614024288","product_condition":"new"},"_links":{"self":[{"href":"https:\/\/ecosupplements.be\/fr\/wp-json\/wp\/v2\/product\/282666","targetHints":{"allow":["GET"]}}],"collection":[{"href":"https:\/\/ecosupplements.be\/fr\/wp-json\/wp\/v2\/product"}],"about":[{"href":"https:\/\/ecosupplements.be\/fr\/wp-json\/wp\/v2\/types\/product"}],"replies":[{"embeddable":true,"href":"https:\/\/ecosupplements.be\/fr\/wp-json\/wp\/v2\/comments?post=282666"}],"wp:featuredmedia":[{"embeddable":true,"href":"https:\/\/ecosupplements.be\/fr\/wp-json\/wp\/v2\/media\/255830"}],"wp:attachment":[{"href":"https:\/\/ecosupplements.be\/fr\/wp-json\/wp\/v2\/media?parent=282666"}],"wp:term":[{"taxonomy":"product_brand","embeddable":true,"href":"https:\/\/ecosupplements.be\/fr\/wp-json\/wp\/v2\/product_brand?post=282666"},{"taxonomy":"product_cat","embeddable":true,"href":"https:\/\/ecosupplements.be\/fr\/wp-json\/wp\/v2\/product_cat?post=282666"},{"taxonomy":"product_tag","embeddable":true,"href":"https:\/\/ecosupplements.be\/fr\/wp-json\/wp\/v2\/product_tag?post=282666"}],"curies":[{"name":"wp","href":"https:\/\/api.w.org\/{rel}","templated":true}]}}