{"id":282677,"date":"2022-06-28T10:31:25","date_gmt":"2022-06-28T09:31:25","guid":{"rendered":"https:\/\/ecosupplements.be\/product\/albion-glycinate-de-magnesium-chelate-en-poudre-150g\/"},"modified":"2025-08-27T12:47:36","modified_gmt":"2025-08-27T11:47:36","slug":"albion-glycinate-de-magnesium-chelate-en-poudre-150g","status":"publish","type":"product","link":"https:\/\/ecosupplements.be\/fr\/produit\/albion-glycinate-de-magnesium-chelate-en-poudre-150g\/","title":{"rendered":"Albion Glycinate de Magn\u00e9sium Ch\u00e9lat\u00e9 en poudre &#8211; 150g"},"content":{"rendered":"<h1 style=\"text-align: center\">Swanson &#8211; Albion Glycinate de Magn\u00e9sium Ch\u00e9lat\u00e9 en Poudre<\/h1>\n<p>On estime que 75 % des Am\u00e9ricains ne consomment pas suffisamment de magn\u00e9sium dans leur alimentation quotidienne. C&#8217;est pourquoi de plus en plus de nutritionnistes recommandent des suppl\u00e9ments de magn\u00e9sium \u00e0 leurs clients &#8211; mais tous les suppl\u00e9ments de magn\u00e9sium ne se valent pas. Certains ont une meilleure biodisponibilit\u00e9 que d&#8217;autres et certains peuvent provoquer des malaises gastriques chez certaines personnes. La poudre de magn\u00e9sium ch\u00e9lat\u00e9 Ultra Albion de Swanson utilise la technologie TRAACS pour vous apporter un suppl\u00e9ment de magn\u00e9sium hautement biodisponible et doux pour le tube digestif. Une seule mesure de cette poudre sans saveur fournit 400 mg de magn\u00e9sium.<\/p>\n<div class=\"facts-container\">\n<\/div>\n","protected":false},"excerpt":{"rendered":"<p>Swanson &#8211; Albion Glycinate de Magn\u00e9sium Ch\u00e9lat\u00e9 en Poudre On estime que 75 % des Am\u00e9ricains ne consomment pas suffisamment de magn\u00e9sium dans leur alimentation quotidienne. C&#8217;est pourquoi de plus en plus de nutritionnistes recommandent des suppl\u00e9ments de magn\u00e9sium \u00e0 leurs clients &#8211; mais tous les suppl\u00e9ments de magn\u00e9sium ne se valent pas. Certains ont [&#8230;]\n","protected":false},"featured_media":255889,"comment_status":"open","ping_status":"open","template":"","meta":[],"product_brand":[4761],"product_cat":[5066,5064,5052,5053],"product_tag":[5069],"class_list":{"0":"post-282677","1":"product","2":"type-product","3":"status-publish","4":"has-post-thumbnail","6":"product_brand-swanson-2","7":"product_cat-magnesium-mineraux-simples","8":"product_cat-mineraux-simples","9":"product_cat-sante-et-bien-etre","10":"product_cat-vitamines-et-mineraux","11":"product_tag-topeco-2","13":"first","14":"instock","15":"taxable","16":"shipping-taxable","17":"purchasable","18":"product-type-simple"},"yoast_head":"<!-- This site is optimized with the Yoast SEO Premium plugin v27.3 (Yoast SEO v27.3) - https:\/\/yoast.com\/product\/yoast-seo-premium-wordpress\/ -->\n<title>Albion Glycinate de Magn\u00e9sium Ch\u00e9lat\u00e9 en poudre - 150g - ECO Supplements<\/title>\n<meta name=\"description\" content=\"Wij hebben een ruime keuze aan producten van Albion Glycinate de Magn\u00e9sium Ch\u00e9lat\u00e9 en poudre - 150g . Winkel bij Eco Supplements altijd gratis verzending boven 100\u20ac\" \/>\n<meta name=\"robots\" content=\"index, follow, max-snippet:-1, max-image-preview:large, max-video-preview:-1\" \/>\n<link rel=\"canonical\" href=\"https:\/\/ecosupplements.be\/fr\/produit\/albion-glycinate-de-magnesium-chelate-en-poudre-150g\/\" \/>\n<meta property=\"og:locale\" content=\"fr_FR\" \/>\n<meta property=\"og:type\" content=\"article\" \/>\n<meta property=\"og:title\" content=\"Albion Glycinate de Magn\u00e9sium Ch\u00e9lat\u00e9 en poudre - 150g\" \/>\n<meta property=\"og:description\" content=\"Wij hebben een ruime keuze aan producten van Albion Glycinate de Magn\u00e9sium Ch\u00e9lat\u00e9 en poudre - 150g . Winkel bij Eco Supplements altijd gratis verzending boven 100\u20ac\" \/>\n<meta property=\"og:url\" content=\"https:\/\/ecosupplements.be\/fr\/produit\/albion-glycinate-de-magnesium-chelate-en-poudre-150g\/\" \/>\n<meta property=\"og:site_name\" content=\"ECO Supplements\" \/>\n<meta property=\"article:modified_time\" content=\"2025-08-27T11:47:36+00:00\" \/>\n<meta property=\"og:image\" content=\"https:\/\/ecosupplements.be\/wp-content\/uploads\/2025\/08\/Swanson-Albion-Chelated-Magnesium-Glycinate-Powder-150-grams.jpg\" \/>\n\t<meta property=\"og:image:width\" content=\"750\" \/>\n\t<meta property=\"og:image:height\" content=\"750\" \/>\n\t<meta property=\"og:image:type\" content=\"image\/jpeg\" \/>\n<meta name=\"twitter:card\" content=\"summary_large_image\" \/>\n<meta name=\"twitter:label1\" content=\"Prix\" \/>\n\t<meta name=\"twitter:data1\" content=\"35.27&nbsp;&euro;\" \/>\n\t<meta name=\"twitter:label2\" content=\"Disponibilit\u00e9\" \/>\n\t<meta name=\"twitter:data2\" content=\"En stock\" \/>\n<script type=\"application\/ld+json\" class=\"yoast-schema-graph\">{\"@context\":\"https:\\\/\\\/schema.org\",\"@graph\":[{\"@type\":[\"WebPage\",\"ItemPage\"],\"@id\":\"https:\\\/\\\/ecosupplements.be\\\/fr\\\/produit\\\/albion-glycinate-de-magnesium-chelate-en-poudre-150g\\\/\",\"url\":\"https:\\\/\\\/ecosupplements.be\\\/fr\\\/produit\\\/albion-glycinate-de-magnesium-chelate-en-poudre-150g\\\/\",\"name\":\"Albion Glycinate de Magn\u00e9sium Ch\u00e9lat\u00e9 en poudre - 150g - ECO Supplements\",\"isPartOf\":{\"@id\":\"https:\\\/\\\/ecosupplements.be\\\/fr\\\/#website\"},\"primaryImageOfPage\":{\"@id\":\"https:\\\/\\\/ecosupplements.be\\\/fr\\\/produit\\\/albion-glycinate-de-magnesium-chelate-en-poudre-150g\\\/#primaryimage\"},\"image\":{\"@id\":\"https:\\\/\\\/ecosupplements.be\\\/fr\\\/produit\\\/albion-glycinate-de-magnesium-chelate-en-poudre-150g\\\/#primaryimage\"},\"thumbnailUrl\":\"https:\\\/\\\/ecosupplements.be\\\/wp-content\\\/uploads\\\/2025\\\/08\\\/Swanson-Albion-Chelated-Magnesium-Glycinate-Powder-150-grams-1.jpg\",\"datePublished\":\"2022-06-28T09:31:25+00:00\",\"dateModified\":\"2025-08-27T11:47:36+00:00\",\"description\":\"Wij hebben een ruime keuze aan producten van Albion Glycinate de Magn\u00e9sium Ch\u00e9lat\u00e9 en poudre - 150g . Winkel bij Eco Supplements altijd gratis verzending boven 100\u20ac\",\"breadcrumb\":{\"@id\":\"https:\\\/\\\/ecosupplements.be\\\/fr\\\/produit\\\/albion-glycinate-de-magnesium-chelate-en-poudre-150g\\\/#breadcrumb\"},\"inLanguage\":\"fr-FR\",\"potentialAction\":[{\"@type\":\"ReadAction\",\"target\":[\"https:\\\/\\\/ecosupplements.be\\\/fr\\\/produit\\\/albion-glycinate-de-magnesium-chelate-en-poudre-150g\\\/\"]}]},{\"@type\":\"ImageObject\",\"inLanguage\":\"fr-FR\",\"@id\":\"https:\\\/\\\/ecosupplements.be\\\/fr\\\/produit\\\/albion-glycinate-de-magnesium-chelate-en-poudre-150g\\\/#primaryimage\",\"url\":\"https:\\\/\\\/ecosupplements.be\\\/wp-content\\\/uploads\\\/2025\\\/08\\\/Swanson-Albion-Chelated-Magnesium-Glycinate-Powder-150-grams-1.jpg\",\"contentUrl\":\"https:\\\/\\\/ecosupplements.be\\\/wp-content\\\/uploads\\\/2025\\\/08\\\/Swanson-Albion-Chelated-Magnesium-Glycinate-Powder-150-grams-1.jpg\",\"width\":750,\"height\":750},{\"@type\":\"BreadcrumbList\",\"@id\":\"https:\\\/\\\/ecosupplements.be\\\/fr\\\/produit\\\/albion-glycinate-de-magnesium-chelate-en-poudre-150g\\\/#breadcrumb\",\"itemListElement\":[{\"@type\":\"ListItem\",\"position\":1,\"name\":\"Home\",\"item\":\"https:\\\/\\\/ecosupplements.be\\\/fr\\\/\"},{\"@type\":\"ListItem\",\"position\":2,\"name\":\"Boutique\",\"item\":\"https:\\\/\\\/ecosupplements.be\\\/fr\\\/boutique\\\/\"},{\"@type\":\"ListItem\",\"position\":3,\"name\":\"Albion Glycinate de Magn\u00e9sium Ch\u00e9lat\u00e9 en poudre &#8211; 150g\"}]},{\"@type\":\"WebSite\",\"@id\":\"https:\\\/\\\/ecosupplements.be\\\/fr\\\/#website\",\"url\":\"https:\\\/\\\/ecosupplements.be\\\/fr\\\/\",\"name\":\"ECO Supplements\",\"description\":\"Eco Supplements - Gezonde supplementen\",\"publisher\":{\"@id\":\"https:\\\/\\\/ecosupplements.be\\\/fr\\\/#organization\"},\"potentialAction\":[{\"@type\":\"SearchAction\",\"target\":{\"@type\":\"EntryPoint\",\"urlTemplate\":\"https:\\\/\\\/ecosupplements.be\\\/fr\\\/?s={search_term_string}\"},\"query-input\":{\"@type\":\"PropertyValueSpecification\",\"valueRequired\":true,\"valueName\":\"search_term_string\"}}],\"inLanguage\":\"fr-FR\"},{\"@type\":\"Organization\",\"@id\":\"https:\\\/\\\/ecosupplements.be\\\/fr\\\/#organization\",\"name\":\"Eco Supplements\",\"url\":\"https:\\\/\\\/ecosupplements.be\\\/fr\\\/\",\"logo\":{\"@type\":\"ImageObject\",\"inLanguage\":\"fr-FR\",\"@id\":\"https:\\\/\\\/ecosupplements.be\\\/fr\\\/#\\\/schema\\\/logo\\\/image\\\/\",\"url\":\"https:\\\/\\\/ecosupplements.be\\\/wp-content\\\/uploads\\\/2022\\\/06\\\/ecosupplement-family.png\",\"contentUrl\":\"https:\\\/\\\/ecosupplements.be\\\/wp-content\\\/uploads\\\/2022\\\/06\\\/ecosupplement-family.png\",\"width\":593,\"height\":374,\"caption\":\"Eco Supplements\"},\"image\":{\"@id\":\"https:\\\/\\\/ecosupplements.be\\\/fr\\\/#\\\/schema\\\/logo\\\/image\\\/\"}}]}<\/script>\n<meta property=\"product:brand\" content=\"Swanson\" \/>\n<meta property=\"product:price:amount\" content=\"35.27\" \/>\n<meta property=\"product:price:currency\" content=\"EUR\" \/>\n<meta property=\"og:availability\" content=\"instock\" \/>\n<meta property=\"product:availability\" content=\"instock\" \/>\n<meta property=\"product:retailer_item_id\" content=\"087614028606\" \/>\n<meta property=\"product:condition\" content=\"new\" \/>\n<!-- \/ Yoast SEO Premium plugin. -->","yoast_head_json":{"title":"Albion Glycinate de Magn\u00e9sium Ch\u00e9lat\u00e9 en poudre - 150g - ECO Supplements","description":"Wij hebben een ruime keuze aan producten van Albion Glycinate de Magn\u00e9sium Ch\u00e9lat\u00e9 en poudre - 150g . Winkel bij Eco Supplements altijd gratis verzending boven 100\u20ac","robots":{"index":"index","follow":"follow","max-snippet":"max-snippet:-1","max-image-preview":"max-image-preview:large","max-video-preview":"max-video-preview:-1"},"canonical":"https:\/\/ecosupplements.be\/fr\/produit\/albion-glycinate-de-magnesium-chelate-en-poudre-150g\/","og_locale":"fr_FR","og_type":"article","og_title":"Albion Glycinate de Magn\u00e9sium Ch\u00e9lat\u00e9 en poudre - 150g","og_description":"Wij hebben een ruime keuze aan producten van Albion Glycinate de Magn\u00e9sium Ch\u00e9lat\u00e9 en poudre - 150g . Winkel bij Eco Supplements altijd gratis verzending boven 100\u20ac","og_url":"https:\/\/ecosupplements.be\/fr\/produit\/albion-glycinate-de-magnesium-chelate-en-poudre-150g\/","og_site_name":"ECO Supplements","article_modified_time":"2025-08-27T11:47:36+00:00","og_image":[{"width":750,"height":750,"url":"https:\/\/ecosupplements.be\/wp-content\/uploads\/2025\/08\/Swanson-Albion-Chelated-Magnesium-Glycinate-Powder-150-grams.jpg","type":"image\/jpeg"}],"twitter_card":"summary_large_image","twitter_misc":{"Prix":"35.27&nbsp;&euro;","Disponibilit\u00e9":"En stock"},"schema":{"@context":"https:\/\/schema.org","@graph":[{"@type":["WebPage","ItemPage"],"@id":"https:\/\/ecosupplements.be\/fr\/produit\/albion-glycinate-de-magnesium-chelate-en-poudre-150g\/","url":"https:\/\/ecosupplements.be\/fr\/produit\/albion-glycinate-de-magnesium-chelate-en-poudre-150g\/","name":"Albion Glycinate de Magn\u00e9sium Ch\u00e9lat\u00e9 en poudre - 150g - ECO Supplements","isPartOf":{"@id":"https:\/\/ecosupplements.be\/fr\/#website"},"primaryImageOfPage":{"@id":"https:\/\/ecosupplements.be\/fr\/produit\/albion-glycinate-de-magnesium-chelate-en-poudre-150g\/#primaryimage"},"image":{"@id":"https:\/\/ecosupplements.be\/fr\/produit\/albion-glycinate-de-magnesium-chelate-en-poudre-150g\/#primaryimage"},"thumbnailUrl":"https:\/\/ecosupplements.be\/wp-content\/uploads\/2025\/08\/Swanson-Albion-Chelated-Magnesium-Glycinate-Powder-150-grams-1.jpg","datePublished":"2022-06-28T09:31:25+00:00","dateModified":"2025-08-27T11:47:36+00:00","description":"Wij hebben een ruime keuze aan producten van Albion Glycinate de Magn\u00e9sium Ch\u00e9lat\u00e9 en poudre - 150g . Winkel bij Eco Supplements altijd gratis verzending boven 100\u20ac","breadcrumb":{"@id":"https:\/\/ecosupplements.be\/fr\/produit\/albion-glycinate-de-magnesium-chelate-en-poudre-150g\/#breadcrumb"},"inLanguage":"fr-FR","potentialAction":[{"@type":"ReadAction","target":["https:\/\/ecosupplements.be\/fr\/produit\/albion-glycinate-de-magnesium-chelate-en-poudre-150g\/"]}]},{"@type":"ImageObject","inLanguage":"fr-FR","@id":"https:\/\/ecosupplements.be\/fr\/produit\/albion-glycinate-de-magnesium-chelate-en-poudre-150g\/#primaryimage","url":"https:\/\/ecosupplements.be\/wp-content\/uploads\/2025\/08\/Swanson-Albion-Chelated-Magnesium-Glycinate-Powder-150-grams-1.jpg","contentUrl":"https:\/\/ecosupplements.be\/wp-content\/uploads\/2025\/08\/Swanson-Albion-Chelated-Magnesium-Glycinate-Powder-150-grams-1.jpg","width":750,"height":750},{"@type":"BreadcrumbList","@id":"https:\/\/ecosupplements.be\/fr\/produit\/albion-glycinate-de-magnesium-chelate-en-poudre-150g\/#breadcrumb","itemListElement":[{"@type":"ListItem","position":1,"name":"Home","item":"https:\/\/ecosupplements.be\/fr\/"},{"@type":"ListItem","position":2,"name":"Boutique","item":"https:\/\/ecosupplements.be\/fr\/boutique\/"},{"@type":"ListItem","position":3,"name":"Albion Glycinate de Magn\u00e9sium Ch\u00e9lat\u00e9 en poudre &#8211; 150g"}]},{"@type":"WebSite","@id":"https:\/\/ecosupplements.be\/fr\/#website","url":"https:\/\/ecosupplements.be\/fr\/","name":"ECO Supplements","description":"Eco Supplements - Gezonde supplementen","publisher":{"@id":"https:\/\/ecosupplements.be\/fr\/#organization"},"potentialAction":[{"@type":"SearchAction","target":{"@type":"EntryPoint","urlTemplate":"https:\/\/ecosupplements.be\/fr\/?s={search_term_string}"},"query-input":{"@type":"PropertyValueSpecification","valueRequired":true,"valueName":"search_term_string"}}],"inLanguage":"fr-FR"},{"@type":"Organization","@id":"https:\/\/ecosupplements.be\/fr\/#organization","name":"Eco Supplements","url":"https:\/\/ecosupplements.be\/fr\/","logo":{"@type":"ImageObject","inLanguage":"fr-FR","@id":"https:\/\/ecosupplements.be\/fr\/#\/schema\/logo\/image\/","url":"https:\/\/ecosupplements.be\/wp-content\/uploads\/2022\/06\/ecosupplement-family.png","contentUrl":"https:\/\/ecosupplements.be\/wp-content\/uploads\/2022\/06\/ecosupplement-family.png","width":593,"height":374,"caption":"Eco Supplements"},"image":{"@id":"https:\/\/ecosupplements.be\/fr\/#\/schema\/logo\/image\/"}}]},"product_brand":"Swanson","product_price_amount":"35.27","product_price_currency":"EUR","og_availability":"instock","product_availability":"instock","product_retailer_item_id":"087614028606","product_condition":"new"},"_links":{"self":[{"href":"https:\/\/ecosupplements.be\/fr\/wp-json\/wp\/v2\/product\/282677","targetHints":{"allow":["GET"]}}],"collection":[{"href":"https:\/\/ecosupplements.be\/fr\/wp-json\/wp\/v2\/product"}],"about":[{"href":"https:\/\/ecosupplements.be\/fr\/wp-json\/wp\/v2\/types\/product"}],"replies":[{"embeddable":true,"href":"https:\/\/ecosupplements.be\/fr\/wp-json\/wp\/v2\/comments?post=282677"}],"wp:featuredmedia":[{"embeddable":true,"href":"https:\/\/ecosupplements.be\/fr\/wp-json\/wp\/v2\/media\/255889"}],"wp:attachment":[{"href":"https:\/\/ecosupplements.be\/fr\/wp-json\/wp\/v2\/media?parent=282677"}],"wp:term":[{"taxonomy":"product_brand","embeddable":true,"href":"https:\/\/ecosupplements.be\/fr\/wp-json\/wp\/v2\/product_brand?post=282677"},{"taxonomy":"product_cat","embeddable":true,"href":"https:\/\/ecosupplements.be\/fr\/wp-json\/wp\/v2\/product_cat?post=282677"},{"taxonomy":"product_tag","embeddable":true,"href":"https:\/\/ecosupplements.be\/fr\/wp-json\/wp\/v2\/product_tag?post=282677"}],"curies":[{"name":"wp","href":"https:\/\/api.w.org\/{rel}","templated":true}]}}