{"id":282693,"date":"2022-06-28T10:31:34","date_gmt":"2022-06-28T09:31:34","guid":{"rendered":"https:\/\/ecosupplements.be\/product\/vinaigre-de-cidre-de-pomme-200mg-double-fort-30-comprimes\/"},"modified":"2025-08-27T12:48:18","modified_gmt":"2025-08-27T11:48:18","slug":"vinaigre-de-cidre-de-pomme-200mg-double-fort-30-comprimes","status":"publish","type":"product","link":"https:\/\/ecosupplements.be\/fr\/produit\/vinaigre-de-cidre-de-pomme-200mg-double-fort-30-comprimes\/","title":{"rendered":"Vinaigre de cidre de pomme, 200mg Double-Fort &#8211; 30 comprim\u00e9s"},"content":{"rendered":"<h1 style=\"text-align: center;\">Swanson &#8211; Vinaigre de cidre de pomme<\/h1>\n<p>Nettoyeur de syst\u00e8me \u00e0 haute puissance et aide au r\u00e9gime<br \/>\nFavorise un poids sain<br \/>\nFavorise un m\u00e9tabolisme sain du glucose<br \/>\nVous recherchez des suppl\u00e9ments pratiques de vinaigre de cidre de pomme ? Les pilules Swanson&#8217;s Ultra High Potency Apple Cider Vinegar font entrer cette aide di\u00e9t\u00e9tique classique dans l&#8217;\u00e8re moderne avec la version la plus puissante qui soit. Chaque capsule fournit du vinaigre de cidre de pomme pour vous aider \u00e0 vous sentir au mieux tout en atteignant vos objectifs de poids. Mais vous n&#8217;avez pas besoin d&#8217;\u00eatre un di\u00e9t\u00e9ticien pour b\u00e9n\u00e9ficier du vinaigre de cidre de pomme et de ses capacit\u00e9s uniques de purification du syst\u00e8me.<\/p>\n","protected":false},"excerpt":{"rendered":"<p>Swanson &#8211; Vinaigre de cidre de pomme Nettoyeur de syst\u00e8me \u00e0 haute puissance et aide au r\u00e9gime Favorise un poids sain Favorise un m\u00e9tabolisme sain du glucose Vous recherchez des suppl\u00e9ments pratiques de vinaigre de cidre de pomme ? Les pilules Swanson&#8217;s Ultra High Potency Apple Cider Vinegar font entrer cette aide di\u00e9t\u00e9tique classique dans [&#8230;]\n","protected":false},"featured_media":255971,"comment_status":"open","ping_status":"open","template":"","meta":[],"product_brand":[4761],"product_cat":[5048,5049,5051,5052,5053],"product_tag":[],"class_list":{"0":"post-282693","1":"product","2":"type-product","3":"status-publish","4":"has-post-thumbnail","6":"product_brand-swanson-2","7":"product_cat-aptitude","8":"product_cat-le-controle-du-poids","9":"product_cat-minceur-et-gestion-du-poids","10":"product_cat-sante-et-bien-etre","11":"product_cat-vitamines-et-mineraux","13":"first","14":"instock","15":"taxable","16":"shipping-taxable","17":"purchasable","18":"product-type-simple"},"yoast_head":"<!-- This site is optimized with the Yoast SEO Premium plugin v27.3 (Yoast SEO v27.3) - https:\/\/yoast.com\/product\/yoast-seo-premium-wordpress\/ -->\n<title>Vinaigre de cidre de pomme, 200mg Double-Fort - 30 comprim\u00e9s - ECO Supplements<\/title>\n<meta name=\"description\" content=\"Wij hebben een ruime keuze aan producten van Vinaigre de cidre de pomme, 200mg Double-Fort - 30 comprim\u00e9s . Winkel bij Eco Supplements altijd gratis verzending boven 100\u20ac\" \/>\n<meta name=\"robots\" content=\"index, follow, max-snippet:-1, max-image-preview:large, max-video-preview:-1\" \/>\n<link rel=\"canonical\" href=\"https:\/\/ecosupplements.be\/fr\/produit\/vinaigre-de-cidre-de-pomme-200mg-double-fort-30-comprimes\/\" \/>\n<meta property=\"og:locale\" content=\"fr_FR\" \/>\n<meta property=\"og:type\" content=\"article\" \/>\n<meta property=\"og:title\" content=\"Vinaigre de cidre de pomme, 200mg Double-Fort - 30 comprim\u00e9s\" \/>\n<meta property=\"og:description\" content=\"Wij hebben een ruime keuze aan producten van Vinaigre de cidre de pomme, 200mg Double-Fort - 30 comprim\u00e9s . Winkel bij Eco Supplements altijd gratis verzending boven 100\u20ac\" \/>\n<meta property=\"og:url\" content=\"https:\/\/ecosupplements.be\/fr\/produit\/vinaigre-de-cidre-de-pomme-200mg-double-fort-30-comprimes\/\" \/>\n<meta property=\"og:site_name\" content=\"ECO Supplements\" \/>\n<meta property=\"article:modified_time\" content=\"2025-08-27T11:48:18+00:00\" \/>\n<meta property=\"og:image\" content=\"https:\/\/ecosupplements.be\/wp-content\/uploads\/2025\/08\/Swanson-Apple-Cider-Vinegar-200mg-Double-Strength-30-tablets.jpg\" \/>\n\t<meta property=\"og:image:width\" content=\"750\" \/>\n\t<meta property=\"og:image:height\" content=\"750\" \/>\n\t<meta property=\"og:image:type\" content=\"image\/jpeg\" \/>\n<meta name=\"twitter:card\" content=\"summary_large_image\" \/>\n<meta name=\"twitter:label1\" content=\"Prix\" \/>\n\t<meta name=\"twitter:data1\" content=\"2.76&nbsp;&euro;\" \/>\n\t<meta name=\"twitter:label2\" content=\"Disponibilit\u00e9\" \/>\n\t<meta name=\"twitter:data2\" content=\"En stock\" \/>\n<script type=\"application\/ld+json\" class=\"yoast-schema-graph\">{\"@context\":\"https:\\\/\\\/schema.org\",\"@graph\":[{\"@type\":[\"WebPage\",\"ItemPage\"],\"@id\":\"https:\\\/\\\/ecosupplements.be\\\/fr\\\/produit\\\/vinaigre-de-cidre-de-pomme-200mg-double-fort-30-comprimes\\\/\",\"url\":\"https:\\\/\\\/ecosupplements.be\\\/fr\\\/produit\\\/vinaigre-de-cidre-de-pomme-200mg-double-fort-30-comprimes\\\/\",\"name\":\"Vinaigre de cidre de pomme, 200mg Double-Fort - 30 comprim\u00e9s - ECO Supplements\",\"isPartOf\":{\"@id\":\"https:\\\/\\\/ecosupplements.be\\\/fr\\\/#website\"},\"primaryImageOfPage\":{\"@id\":\"https:\\\/\\\/ecosupplements.be\\\/fr\\\/produit\\\/vinaigre-de-cidre-de-pomme-200mg-double-fort-30-comprimes\\\/#primaryimage\"},\"image\":{\"@id\":\"https:\\\/\\\/ecosupplements.be\\\/fr\\\/produit\\\/vinaigre-de-cidre-de-pomme-200mg-double-fort-30-comprimes\\\/#primaryimage\"},\"thumbnailUrl\":\"https:\\\/\\\/ecosupplements.be\\\/wp-content\\\/uploads\\\/2025\\\/08\\\/Swanson-Apple-Cider-Vinegar-200mg-Double-Strength-30-tablets-1.jpg\",\"datePublished\":\"2022-06-28T09:31:34+00:00\",\"dateModified\":\"2025-08-27T11:48:18+00:00\",\"description\":\"Wij hebben een ruime keuze aan producten van Vinaigre de cidre de pomme, 200mg Double-Fort - 30 comprim\u00e9s . Winkel bij Eco Supplements altijd gratis verzending boven 100\u20ac\",\"breadcrumb\":{\"@id\":\"https:\\\/\\\/ecosupplements.be\\\/fr\\\/produit\\\/vinaigre-de-cidre-de-pomme-200mg-double-fort-30-comprimes\\\/#breadcrumb\"},\"inLanguage\":\"fr-FR\",\"potentialAction\":[{\"@type\":\"ReadAction\",\"target\":[\"https:\\\/\\\/ecosupplements.be\\\/fr\\\/produit\\\/vinaigre-de-cidre-de-pomme-200mg-double-fort-30-comprimes\\\/\"]}]},{\"@type\":\"ImageObject\",\"inLanguage\":\"fr-FR\",\"@id\":\"https:\\\/\\\/ecosupplements.be\\\/fr\\\/produit\\\/vinaigre-de-cidre-de-pomme-200mg-double-fort-30-comprimes\\\/#primaryimage\",\"url\":\"https:\\\/\\\/ecosupplements.be\\\/wp-content\\\/uploads\\\/2025\\\/08\\\/Swanson-Apple-Cider-Vinegar-200mg-Double-Strength-30-tablets-1.jpg\",\"contentUrl\":\"https:\\\/\\\/ecosupplements.be\\\/wp-content\\\/uploads\\\/2025\\\/08\\\/Swanson-Apple-Cider-Vinegar-200mg-Double-Strength-30-tablets-1.jpg\",\"width\":750,\"height\":750},{\"@type\":\"BreadcrumbList\",\"@id\":\"https:\\\/\\\/ecosupplements.be\\\/fr\\\/produit\\\/vinaigre-de-cidre-de-pomme-200mg-double-fort-30-comprimes\\\/#breadcrumb\",\"itemListElement\":[{\"@type\":\"ListItem\",\"position\":1,\"name\":\"Home\",\"item\":\"https:\\\/\\\/ecosupplements.be\\\/fr\\\/\"},{\"@type\":\"ListItem\",\"position\":2,\"name\":\"Boutique\",\"item\":\"https:\\\/\\\/ecosupplements.be\\\/fr\\\/boutique\\\/\"},{\"@type\":\"ListItem\",\"position\":3,\"name\":\"Vinaigre de cidre de pomme, 200mg Double-Fort &#8211; 30 comprim\u00e9s\"}]},{\"@type\":\"WebSite\",\"@id\":\"https:\\\/\\\/ecosupplements.be\\\/fr\\\/#website\",\"url\":\"https:\\\/\\\/ecosupplements.be\\\/fr\\\/\",\"name\":\"ECO Supplements\",\"description\":\"Eco Supplements - Gezonde supplementen\",\"publisher\":{\"@id\":\"https:\\\/\\\/ecosupplements.be\\\/fr\\\/#organization\"},\"potentialAction\":[{\"@type\":\"SearchAction\",\"target\":{\"@type\":\"EntryPoint\",\"urlTemplate\":\"https:\\\/\\\/ecosupplements.be\\\/fr\\\/?s={search_term_string}\"},\"query-input\":{\"@type\":\"PropertyValueSpecification\",\"valueRequired\":true,\"valueName\":\"search_term_string\"}}],\"inLanguage\":\"fr-FR\"},{\"@type\":\"Organization\",\"@id\":\"https:\\\/\\\/ecosupplements.be\\\/fr\\\/#organization\",\"name\":\"Eco Supplements\",\"url\":\"https:\\\/\\\/ecosupplements.be\\\/fr\\\/\",\"logo\":{\"@type\":\"ImageObject\",\"inLanguage\":\"fr-FR\",\"@id\":\"https:\\\/\\\/ecosupplements.be\\\/fr\\\/#\\\/schema\\\/logo\\\/image\\\/\",\"url\":\"https:\\\/\\\/ecosupplements.be\\\/wp-content\\\/uploads\\\/2022\\\/06\\\/ecosupplement-family.png\",\"contentUrl\":\"https:\\\/\\\/ecosupplements.be\\\/wp-content\\\/uploads\\\/2022\\\/06\\\/ecosupplement-family.png\",\"width\":593,\"height\":374,\"caption\":\"Eco Supplements\"},\"image\":{\"@id\":\"https:\\\/\\\/ecosupplements.be\\\/fr\\\/#\\\/schema\\\/logo\\\/image\\\/\"}}]}<\/script>\n<meta property=\"product:brand\" content=\"Swanson\" \/>\n<meta property=\"product:price:amount\" content=\"2.76\" \/>\n<meta property=\"product:price:currency\" content=\"EUR\" \/>\n<meta property=\"og:availability\" content=\"instock\" \/>\n<meta property=\"product:availability\" content=\"instock\" \/>\n<meta property=\"product:retailer_item_id\" content=\"087614040813\" \/>\n<meta property=\"product:condition\" content=\"new\" \/>\n<!-- \/ Yoast SEO Premium plugin. -->","yoast_head_json":{"title":"Vinaigre de cidre de pomme, 200mg Double-Fort - 30 comprim\u00e9s - ECO Supplements","description":"Wij hebben een ruime keuze aan producten van Vinaigre de cidre de pomme, 200mg Double-Fort - 30 comprim\u00e9s . Winkel bij Eco Supplements altijd gratis verzending boven 100\u20ac","robots":{"index":"index","follow":"follow","max-snippet":"max-snippet:-1","max-image-preview":"max-image-preview:large","max-video-preview":"max-video-preview:-1"},"canonical":"https:\/\/ecosupplements.be\/fr\/produit\/vinaigre-de-cidre-de-pomme-200mg-double-fort-30-comprimes\/","og_locale":"fr_FR","og_type":"article","og_title":"Vinaigre de cidre de pomme, 200mg Double-Fort - 30 comprim\u00e9s","og_description":"Wij hebben een ruime keuze aan producten van Vinaigre de cidre de pomme, 200mg Double-Fort - 30 comprim\u00e9s . Winkel bij Eco Supplements altijd gratis verzending boven 100\u20ac","og_url":"https:\/\/ecosupplements.be\/fr\/produit\/vinaigre-de-cidre-de-pomme-200mg-double-fort-30-comprimes\/","og_site_name":"ECO Supplements","article_modified_time":"2025-08-27T11:48:18+00:00","og_image":[{"width":750,"height":750,"url":"https:\/\/ecosupplements.be\/wp-content\/uploads\/2025\/08\/Swanson-Apple-Cider-Vinegar-200mg-Double-Strength-30-tablets.jpg","type":"image\/jpeg"}],"twitter_card":"summary_large_image","twitter_misc":{"Prix":"2.76&nbsp;&euro;","Disponibilit\u00e9":"En stock"},"schema":{"@context":"https:\/\/schema.org","@graph":[{"@type":["WebPage","ItemPage"],"@id":"https:\/\/ecosupplements.be\/fr\/produit\/vinaigre-de-cidre-de-pomme-200mg-double-fort-30-comprimes\/","url":"https:\/\/ecosupplements.be\/fr\/produit\/vinaigre-de-cidre-de-pomme-200mg-double-fort-30-comprimes\/","name":"Vinaigre de cidre de pomme, 200mg Double-Fort - 30 comprim\u00e9s - ECO Supplements","isPartOf":{"@id":"https:\/\/ecosupplements.be\/fr\/#website"},"primaryImageOfPage":{"@id":"https:\/\/ecosupplements.be\/fr\/produit\/vinaigre-de-cidre-de-pomme-200mg-double-fort-30-comprimes\/#primaryimage"},"image":{"@id":"https:\/\/ecosupplements.be\/fr\/produit\/vinaigre-de-cidre-de-pomme-200mg-double-fort-30-comprimes\/#primaryimage"},"thumbnailUrl":"https:\/\/ecosupplements.be\/wp-content\/uploads\/2025\/08\/Swanson-Apple-Cider-Vinegar-200mg-Double-Strength-30-tablets-1.jpg","datePublished":"2022-06-28T09:31:34+00:00","dateModified":"2025-08-27T11:48:18+00:00","description":"Wij hebben een ruime keuze aan producten van Vinaigre de cidre de pomme, 200mg Double-Fort - 30 comprim\u00e9s . Winkel bij Eco Supplements altijd gratis verzending boven 100\u20ac","breadcrumb":{"@id":"https:\/\/ecosupplements.be\/fr\/produit\/vinaigre-de-cidre-de-pomme-200mg-double-fort-30-comprimes\/#breadcrumb"},"inLanguage":"fr-FR","potentialAction":[{"@type":"ReadAction","target":["https:\/\/ecosupplements.be\/fr\/produit\/vinaigre-de-cidre-de-pomme-200mg-double-fort-30-comprimes\/"]}]},{"@type":"ImageObject","inLanguage":"fr-FR","@id":"https:\/\/ecosupplements.be\/fr\/produit\/vinaigre-de-cidre-de-pomme-200mg-double-fort-30-comprimes\/#primaryimage","url":"https:\/\/ecosupplements.be\/wp-content\/uploads\/2025\/08\/Swanson-Apple-Cider-Vinegar-200mg-Double-Strength-30-tablets-1.jpg","contentUrl":"https:\/\/ecosupplements.be\/wp-content\/uploads\/2025\/08\/Swanson-Apple-Cider-Vinegar-200mg-Double-Strength-30-tablets-1.jpg","width":750,"height":750},{"@type":"BreadcrumbList","@id":"https:\/\/ecosupplements.be\/fr\/produit\/vinaigre-de-cidre-de-pomme-200mg-double-fort-30-comprimes\/#breadcrumb","itemListElement":[{"@type":"ListItem","position":1,"name":"Home","item":"https:\/\/ecosupplements.be\/fr\/"},{"@type":"ListItem","position":2,"name":"Boutique","item":"https:\/\/ecosupplements.be\/fr\/boutique\/"},{"@type":"ListItem","position":3,"name":"Vinaigre de cidre de pomme, 200mg Double-Fort &#8211; 30 comprim\u00e9s"}]},{"@type":"WebSite","@id":"https:\/\/ecosupplements.be\/fr\/#website","url":"https:\/\/ecosupplements.be\/fr\/","name":"ECO Supplements","description":"Eco Supplements - Gezonde supplementen","publisher":{"@id":"https:\/\/ecosupplements.be\/fr\/#organization"},"potentialAction":[{"@type":"SearchAction","target":{"@type":"EntryPoint","urlTemplate":"https:\/\/ecosupplements.be\/fr\/?s={search_term_string}"},"query-input":{"@type":"PropertyValueSpecification","valueRequired":true,"valueName":"search_term_string"}}],"inLanguage":"fr-FR"},{"@type":"Organization","@id":"https:\/\/ecosupplements.be\/fr\/#organization","name":"Eco Supplements","url":"https:\/\/ecosupplements.be\/fr\/","logo":{"@type":"ImageObject","inLanguage":"fr-FR","@id":"https:\/\/ecosupplements.be\/fr\/#\/schema\/logo\/image\/","url":"https:\/\/ecosupplements.be\/wp-content\/uploads\/2022\/06\/ecosupplement-family.png","contentUrl":"https:\/\/ecosupplements.be\/wp-content\/uploads\/2022\/06\/ecosupplement-family.png","width":593,"height":374,"caption":"Eco Supplements"},"image":{"@id":"https:\/\/ecosupplements.be\/fr\/#\/schema\/logo\/image\/"}}]},"product_brand":"Swanson","product_price_amount":"2.76","product_price_currency":"EUR","og_availability":"instock","product_availability":"instock","product_retailer_item_id":"087614040813","product_condition":"new"},"_links":{"self":[{"href":"https:\/\/ecosupplements.be\/fr\/wp-json\/wp\/v2\/product\/282693","targetHints":{"allow":["GET"]}}],"collection":[{"href":"https:\/\/ecosupplements.be\/fr\/wp-json\/wp\/v2\/product"}],"about":[{"href":"https:\/\/ecosupplements.be\/fr\/wp-json\/wp\/v2\/types\/product"}],"replies":[{"embeddable":true,"href":"https:\/\/ecosupplements.be\/fr\/wp-json\/wp\/v2\/comments?post=282693"}],"wp:featuredmedia":[{"embeddable":true,"href":"https:\/\/ecosupplements.be\/fr\/wp-json\/wp\/v2\/media\/255971"}],"wp:attachment":[{"href":"https:\/\/ecosupplements.be\/fr\/wp-json\/wp\/v2\/media?parent=282693"}],"wp:term":[{"taxonomy":"product_brand","embeddable":true,"href":"https:\/\/ecosupplements.be\/fr\/wp-json\/wp\/v2\/product_brand?post=282693"},{"taxonomy":"product_cat","embeddable":true,"href":"https:\/\/ecosupplements.be\/fr\/wp-json\/wp\/v2\/product_cat?post=282693"},{"taxonomy":"product_tag","embeddable":true,"href":"https:\/\/ecosupplements.be\/fr\/wp-json\/wp\/v2\/product_tag?post=282693"}],"curies":[{"name":"wp","href":"https:\/\/api.w.org\/{rel}","templated":true}]}}