{"id":282712,"date":"2022-06-28T10:31:42","date_gmt":"2022-06-28T09:31:42","guid":{"rendered":"https:\/\/ecosupplements.be\/product\/complexe-de-berberine-avec-cannelle-gymnema-fenugrec-90-vcaps\/"},"modified":"2025-08-27T12:49:07","modified_gmt":"2025-08-27T11:49:07","slug":"complexe-de-berberine-avec-cannelle-gymnema-fenugrec-90-vcaps","status":"publish","type":"product","link":"https:\/\/ecosupplements.be\/fr\/produit\/complexe-de-berberine-avec-cannelle-gymnema-fenugrec-90-vcaps\/","title":{"rendered":"Complexe de Berberine avec Cannelle, Gymnema &amp; Fenugrec &#8211; 90 vcaps"},"content":{"rendered":"<h1 style=\"text-align: center\">Swanson &#8211; Complexe de berb\u00e9rine avec cannelle<\/h1>\n<p>Vous recherchez un suppl\u00e9ment de d\u00e9fense contre le glucose auquel vous pouvez faire confiance et qui ne vous ruinera pas ? Notre nouveau complexe de berb\u00e9rine avec cannelle, gymn\u00e9ma et fenugrec offre un soutien efficace pour maintenir un m\u00e9tabolisme du glucose sain.<br \/>\nNotre m\u00e9lange \u00e9quilibr\u00e9 commence par la berb\u00e9rine, un alcalo\u00efde actif que l&#8217;on trouve dans une vari\u00e9t\u00e9 d&#8217;herbes traditionnelles. Nous utilisons de la berb\u00e9rine pure provenant de l&#8217;\u00e9pine-vinette indienne &#8211; une source \u00e9conomique et \u00e9cologiquement durable. Nous renfor\u00e7ons les propri\u00e9t\u00e9s de soutien de l&#8217;insuline de la berb\u00e9rine en ajoutant de la v\u00e9ritable cannelle de Ceylan (Cinnamomum verum), la seule forme de cannelle scientifiquement valid\u00e9e pour soutenir une glyc\u00e9mie saine. De nombreux produits sur le march\u00e9 contiennent de la cannelle cassia, qui n&#8217;est pas de la vraie cannelle et ne partage pas les m\u00eames propri\u00e9t\u00e9s b\u00e9n\u00e9fiques pour la sant\u00e9. Ne vous laissez pas tromper ! Enfin, nous ajoutons la graine de fenugrec synergique et la feuille de Gymnema sylvestre, deux herbes historiquement utilis\u00e9es pour le soutien m\u00e9tabolique dans le syst\u00e8me de sant\u00e9 indien de l&#8217;Ayurveda. Avec chaque composant travaillant ensemble, notre complexe de berb\u00e9rine fournit un soutien complet pour vous aider \u00e0 atteindre et \u00e0 maintenir des taux de glyc\u00e9mie sains dans une fourchette normale.<br \/>\nLe complexe de berb\u00e9rine de marque Swanson Premium offre un soutien m\u00e9tabolique abordable et efficace.<\/p>\n","protected":false},"excerpt":{"rendered":"<p>Swanson &#8211; Complexe de berb\u00e9rine avec cannelle Vous recherchez un suppl\u00e9ment de d\u00e9fense contre le glucose auquel vous pouvez faire confiance et qui ne vous ruinera pas ? Notre nouveau complexe de berb\u00e9rine avec cannelle, gymn\u00e9ma et fenugrec offre un soutien efficace pour maintenir un m\u00e9tabolisme du glucose sain. Notre m\u00e9lange \u00e9quilibr\u00e9 commence par la [&#8230;]\n","protected":false},"featured_media":256070,"comment_status":"open","ping_status":"open","template":"","meta":[],"product_brand":[4761],"product_cat":[5093,5087,5052,5053],"product_tag":[],"class_list":{"0":"post-282712","1":"product","2":"type-product","3":"status-publish","4":"has-post-thumbnail","6":"product_brand-swanson-2","7":"product_cat-sante-digestive","8":"product_cat-sante-digestive-fibres","9":"product_cat-sante-et-bien-etre","10":"product_cat-vitamines-et-mineraux","12":"first","13":"instock","14":"taxable","15":"shipping-taxable","16":"purchasable","17":"product-type-simple"},"yoast_head":"<!-- This site is optimized with the Yoast SEO Premium plugin v27.3 (Yoast SEO v27.3) - https:\/\/yoast.com\/product\/yoast-seo-premium-wordpress\/ -->\n<title>Complexe de Berberine avec Cannelle, Gymnema &amp; Fenugrec - 90 vcaps - ECO Supplements<\/title>\n<meta name=\"description\" content=\"Wij hebben een ruime keuze aan producten van Complexe de Berberine avec Cannelle, Gymnema &amp; Fenugrec - 90 vcaps . Winkel bij Eco Supplements altijd gratis verzending boven 100\u20ac\" \/>\n<meta name=\"robots\" content=\"index, follow, max-snippet:-1, max-image-preview:large, max-video-preview:-1\" \/>\n<link rel=\"canonical\" href=\"https:\/\/ecosupplements.be\/fr\/produit\/complexe-de-berberine-avec-cannelle-gymnema-fenugrec-90-vcaps\/\" \/>\n<meta property=\"og:locale\" content=\"fr_FR\" \/>\n<meta property=\"og:type\" content=\"article\" \/>\n<meta property=\"og:title\" content=\"Complexe de Berberine avec Cannelle, Gymnema &amp; Fenugrec - 90 vcaps\" \/>\n<meta property=\"og:description\" content=\"Wij hebben een ruime keuze aan producten van Complexe de Berberine avec Cannelle, Gymnema &amp; Fenugrec - 90 vcaps . Winkel bij Eco Supplements altijd gratis verzending boven 100\u20ac\" \/>\n<meta property=\"og:url\" content=\"https:\/\/ecosupplements.be\/fr\/produit\/complexe-de-berberine-avec-cannelle-gymnema-fenugrec-90-vcaps\/\" \/>\n<meta property=\"og:site_name\" content=\"ECO Supplements\" \/>\n<meta property=\"article:modified_time\" content=\"2025-08-27T11:49:07+00:00\" \/>\n<meta property=\"og:image\" content=\"https:\/\/ecosupplements.be\/wp-content\/uploads\/2025\/08\/Swanson-Berberine-Complex-with-Cinnamon-Gymnema-Fenugreek-90-vcaps.jpg\" \/>\n\t<meta property=\"og:image:width\" content=\"750\" \/>\n\t<meta property=\"og:image:height\" content=\"750\" \/>\n\t<meta property=\"og:image:type\" content=\"image\/jpeg\" \/>\n<meta name=\"twitter:card\" content=\"summary_large_image\" \/>\n<meta name=\"twitter:label1\" content=\"Prix\" \/>\n\t<meta name=\"twitter:data1\" content=\"20.03&nbsp;&euro;\" \/>\n\t<meta name=\"twitter:label2\" content=\"Disponibilit\u00e9\" \/>\n\t<meta name=\"twitter:data2\" content=\"En stock\" \/>\n<script type=\"application\/ld+json\" class=\"yoast-schema-graph\">{\"@context\":\"https:\\\/\\\/schema.org\",\"@graph\":[{\"@type\":[\"WebPage\",\"ItemPage\"],\"@id\":\"https:\\\/\\\/ecosupplements.be\\\/fr\\\/produit\\\/complexe-de-berberine-avec-cannelle-gymnema-fenugrec-90-vcaps\\\/\",\"url\":\"https:\\\/\\\/ecosupplements.be\\\/fr\\\/produit\\\/complexe-de-berberine-avec-cannelle-gymnema-fenugrec-90-vcaps\\\/\",\"name\":\"Complexe de Berberine avec Cannelle, Gymnema &amp; Fenugrec - 90 vcaps - ECO Supplements\",\"isPartOf\":{\"@id\":\"https:\\\/\\\/ecosupplements.be\\\/fr\\\/#website\"},\"primaryImageOfPage\":{\"@id\":\"https:\\\/\\\/ecosupplements.be\\\/fr\\\/produit\\\/complexe-de-berberine-avec-cannelle-gymnema-fenugrec-90-vcaps\\\/#primaryimage\"},\"image\":{\"@id\":\"https:\\\/\\\/ecosupplements.be\\\/fr\\\/produit\\\/complexe-de-berberine-avec-cannelle-gymnema-fenugrec-90-vcaps\\\/#primaryimage\"},\"thumbnailUrl\":\"https:\\\/\\\/ecosupplements.be\\\/wp-content\\\/uploads\\\/2025\\\/08\\\/Swanson-Berberine-Complex-with-Cinnamon-Gymnema-Fenugreek-90-vcaps-1.jpg\",\"datePublished\":\"2022-06-28T09:31:42+00:00\",\"dateModified\":\"2025-08-27T11:49:07+00:00\",\"description\":\"Wij hebben een ruime keuze aan producten van Complexe de Berberine avec Cannelle, Gymnema &amp; Fenugrec - 90 vcaps . Winkel bij Eco Supplements altijd gratis verzending boven 100\u20ac\",\"breadcrumb\":{\"@id\":\"https:\\\/\\\/ecosupplements.be\\\/fr\\\/produit\\\/complexe-de-berberine-avec-cannelle-gymnema-fenugrec-90-vcaps\\\/#breadcrumb\"},\"inLanguage\":\"fr-FR\",\"potentialAction\":[{\"@type\":\"ReadAction\",\"target\":[\"https:\\\/\\\/ecosupplements.be\\\/fr\\\/produit\\\/complexe-de-berberine-avec-cannelle-gymnema-fenugrec-90-vcaps\\\/\"]}]},{\"@type\":\"ImageObject\",\"inLanguage\":\"fr-FR\",\"@id\":\"https:\\\/\\\/ecosupplements.be\\\/fr\\\/produit\\\/complexe-de-berberine-avec-cannelle-gymnema-fenugrec-90-vcaps\\\/#primaryimage\",\"url\":\"https:\\\/\\\/ecosupplements.be\\\/wp-content\\\/uploads\\\/2025\\\/08\\\/Swanson-Berberine-Complex-with-Cinnamon-Gymnema-Fenugreek-90-vcaps-1.jpg\",\"contentUrl\":\"https:\\\/\\\/ecosupplements.be\\\/wp-content\\\/uploads\\\/2025\\\/08\\\/Swanson-Berberine-Complex-with-Cinnamon-Gymnema-Fenugreek-90-vcaps-1.jpg\",\"width\":750,\"height\":750},{\"@type\":\"BreadcrumbList\",\"@id\":\"https:\\\/\\\/ecosupplements.be\\\/fr\\\/produit\\\/complexe-de-berberine-avec-cannelle-gymnema-fenugrec-90-vcaps\\\/#breadcrumb\",\"itemListElement\":[{\"@type\":\"ListItem\",\"position\":1,\"name\":\"Home\",\"item\":\"https:\\\/\\\/ecosupplements.be\\\/fr\\\/\"},{\"@type\":\"ListItem\",\"position\":2,\"name\":\"Boutique\",\"item\":\"https:\\\/\\\/ecosupplements.be\\\/fr\\\/boutique\\\/\"},{\"@type\":\"ListItem\",\"position\":3,\"name\":\"Complexe de Berberine avec Cannelle, Gymnema &amp; Fenugrec &#8211; 90 vcaps\"}]},{\"@type\":\"WebSite\",\"@id\":\"https:\\\/\\\/ecosupplements.be\\\/fr\\\/#website\",\"url\":\"https:\\\/\\\/ecosupplements.be\\\/fr\\\/\",\"name\":\"ECO Supplements\",\"description\":\"Eco Supplements - Gezonde supplementen\",\"publisher\":{\"@id\":\"https:\\\/\\\/ecosupplements.be\\\/fr\\\/#organization\"},\"potentialAction\":[{\"@type\":\"SearchAction\",\"target\":{\"@type\":\"EntryPoint\",\"urlTemplate\":\"https:\\\/\\\/ecosupplements.be\\\/fr\\\/?s={search_term_string}\"},\"query-input\":{\"@type\":\"PropertyValueSpecification\",\"valueRequired\":true,\"valueName\":\"search_term_string\"}}],\"inLanguage\":\"fr-FR\"},{\"@type\":\"Organization\",\"@id\":\"https:\\\/\\\/ecosupplements.be\\\/fr\\\/#organization\",\"name\":\"Eco Supplements\",\"url\":\"https:\\\/\\\/ecosupplements.be\\\/fr\\\/\",\"logo\":{\"@type\":\"ImageObject\",\"inLanguage\":\"fr-FR\",\"@id\":\"https:\\\/\\\/ecosupplements.be\\\/fr\\\/#\\\/schema\\\/logo\\\/image\\\/\",\"url\":\"https:\\\/\\\/ecosupplements.be\\\/wp-content\\\/uploads\\\/2022\\\/06\\\/ecosupplement-family.png\",\"contentUrl\":\"https:\\\/\\\/ecosupplements.be\\\/wp-content\\\/uploads\\\/2022\\\/06\\\/ecosupplement-family.png\",\"width\":593,\"height\":374,\"caption\":\"Eco Supplements\"},\"image\":{\"@id\":\"https:\\\/\\\/ecosupplements.be\\\/fr\\\/#\\\/schema\\\/logo\\\/image\\\/\"}}]}<\/script>\n<meta property=\"product:brand\" content=\"Swanson\" \/>\n<meta property=\"product:price:amount\" content=\"20.03\" \/>\n<meta property=\"product:price:currency\" content=\"EUR\" \/>\n<meta property=\"og:availability\" content=\"instock\" \/>\n<meta property=\"product:availability\" content=\"instock\" \/>\n<meta property=\"product:retailer_item_id\" content=\"087614116297\" \/>\n<meta property=\"product:condition\" content=\"new\" \/>\n<!-- \/ Yoast SEO Premium plugin. -->","yoast_head_json":{"title":"Complexe de Berberine avec Cannelle, Gymnema &amp; Fenugrec - 90 vcaps - ECO Supplements","description":"Wij hebben een ruime keuze aan producten van Complexe de Berberine avec Cannelle, Gymnema &amp; Fenugrec - 90 vcaps . Winkel bij Eco Supplements altijd gratis verzending boven 100\u20ac","robots":{"index":"index","follow":"follow","max-snippet":"max-snippet:-1","max-image-preview":"max-image-preview:large","max-video-preview":"max-video-preview:-1"},"canonical":"https:\/\/ecosupplements.be\/fr\/produit\/complexe-de-berberine-avec-cannelle-gymnema-fenugrec-90-vcaps\/","og_locale":"fr_FR","og_type":"article","og_title":"Complexe de Berberine avec Cannelle, Gymnema &amp; Fenugrec - 90 vcaps","og_description":"Wij hebben een ruime keuze aan producten van Complexe de Berberine avec Cannelle, Gymnema &amp; Fenugrec - 90 vcaps . Winkel bij Eco Supplements altijd gratis verzending boven 100\u20ac","og_url":"https:\/\/ecosupplements.be\/fr\/produit\/complexe-de-berberine-avec-cannelle-gymnema-fenugrec-90-vcaps\/","og_site_name":"ECO Supplements","article_modified_time":"2025-08-27T11:49:07+00:00","og_image":[{"width":750,"height":750,"url":"https:\/\/ecosupplements.be\/wp-content\/uploads\/2025\/08\/Swanson-Berberine-Complex-with-Cinnamon-Gymnema-Fenugreek-90-vcaps.jpg","type":"image\/jpeg"}],"twitter_card":"summary_large_image","twitter_misc":{"Prix":"20.03&nbsp;&euro;","Disponibilit\u00e9":"En stock"},"schema":{"@context":"https:\/\/schema.org","@graph":[{"@type":["WebPage","ItemPage"],"@id":"https:\/\/ecosupplements.be\/fr\/produit\/complexe-de-berberine-avec-cannelle-gymnema-fenugrec-90-vcaps\/","url":"https:\/\/ecosupplements.be\/fr\/produit\/complexe-de-berberine-avec-cannelle-gymnema-fenugrec-90-vcaps\/","name":"Complexe de Berberine avec Cannelle, Gymnema &amp; Fenugrec - 90 vcaps - ECO Supplements","isPartOf":{"@id":"https:\/\/ecosupplements.be\/fr\/#website"},"primaryImageOfPage":{"@id":"https:\/\/ecosupplements.be\/fr\/produit\/complexe-de-berberine-avec-cannelle-gymnema-fenugrec-90-vcaps\/#primaryimage"},"image":{"@id":"https:\/\/ecosupplements.be\/fr\/produit\/complexe-de-berberine-avec-cannelle-gymnema-fenugrec-90-vcaps\/#primaryimage"},"thumbnailUrl":"https:\/\/ecosupplements.be\/wp-content\/uploads\/2025\/08\/Swanson-Berberine-Complex-with-Cinnamon-Gymnema-Fenugreek-90-vcaps-1.jpg","datePublished":"2022-06-28T09:31:42+00:00","dateModified":"2025-08-27T11:49:07+00:00","description":"Wij hebben een ruime keuze aan producten van Complexe de Berberine avec Cannelle, Gymnema &amp; Fenugrec - 90 vcaps . Winkel bij Eco Supplements altijd gratis verzending boven 100\u20ac","breadcrumb":{"@id":"https:\/\/ecosupplements.be\/fr\/produit\/complexe-de-berberine-avec-cannelle-gymnema-fenugrec-90-vcaps\/#breadcrumb"},"inLanguage":"fr-FR","potentialAction":[{"@type":"ReadAction","target":["https:\/\/ecosupplements.be\/fr\/produit\/complexe-de-berberine-avec-cannelle-gymnema-fenugrec-90-vcaps\/"]}]},{"@type":"ImageObject","inLanguage":"fr-FR","@id":"https:\/\/ecosupplements.be\/fr\/produit\/complexe-de-berberine-avec-cannelle-gymnema-fenugrec-90-vcaps\/#primaryimage","url":"https:\/\/ecosupplements.be\/wp-content\/uploads\/2025\/08\/Swanson-Berberine-Complex-with-Cinnamon-Gymnema-Fenugreek-90-vcaps-1.jpg","contentUrl":"https:\/\/ecosupplements.be\/wp-content\/uploads\/2025\/08\/Swanson-Berberine-Complex-with-Cinnamon-Gymnema-Fenugreek-90-vcaps-1.jpg","width":750,"height":750},{"@type":"BreadcrumbList","@id":"https:\/\/ecosupplements.be\/fr\/produit\/complexe-de-berberine-avec-cannelle-gymnema-fenugrec-90-vcaps\/#breadcrumb","itemListElement":[{"@type":"ListItem","position":1,"name":"Home","item":"https:\/\/ecosupplements.be\/fr\/"},{"@type":"ListItem","position":2,"name":"Boutique","item":"https:\/\/ecosupplements.be\/fr\/boutique\/"},{"@type":"ListItem","position":3,"name":"Complexe de Berberine avec Cannelle, Gymnema &amp; Fenugrec &#8211; 90 vcaps"}]},{"@type":"WebSite","@id":"https:\/\/ecosupplements.be\/fr\/#website","url":"https:\/\/ecosupplements.be\/fr\/","name":"ECO Supplements","description":"Eco Supplements - Gezonde supplementen","publisher":{"@id":"https:\/\/ecosupplements.be\/fr\/#organization"},"potentialAction":[{"@type":"SearchAction","target":{"@type":"EntryPoint","urlTemplate":"https:\/\/ecosupplements.be\/fr\/?s={search_term_string}"},"query-input":{"@type":"PropertyValueSpecification","valueRequired":true,"valueName":"search_term_string"}}],"inLanguage":"fr-FR"},{"@type":"Organization","@id":"https:\/\/ecosupplements.be\/fr\/#organization","name":"Eco Supplements","url":"https:\/\/ecosupplements.be\/fr\/","logo":{"@type":"ImageObject","inLanguage":"fr-FR","@id":"https:\/\/ecosupplements.be\/fr\/#\/schema\/logo\/image\/","url":"https:\/\/ecosupplements.be\/wp-content\/uploads\/2022\/06\/ecosupplement-family.png","contentUrl":"https:\/\/ecosupplements.be\/wp-content\/uploads\/2022\/06\/ecosupplement-family.png","width":593,"height":374,"caption":"Eco Supplements"},"image":{"@id":"https:\/\/ecosupplements.be\/fr\/#\/schema\/logo\/image\/"}}]},"product_brand":"Swanson","product_price_amount":"20.03","product_price_currency":"EUR","og_availability":"instock","product_availability":"instock","product_retailer_item_id":"087614116297","product_condition":"new"},"_links":{"self":[{"href":"https:\/\/ecosupplements.be\/fr\/wp-json\/wp\/v2\/product\/282712","targetHints":{"allow":["GET"]}}],"collection":[{"href":"https:\/\/ecosupplements.be\/fr\/wp-json\/wp\/v2\/product"}],"about":[{"href":"https:\/\/ecosupplements.be\/fr\/wp-json\/wp\/v2\/types\/product"}],"replies":[{"embeddable":true,"href":"https:\/\/ecosupplements.be\/fr\/wp-json\/wp\/v2\/comments?post=282712"}],"wp:featuredmedia":[{"embeddable":true,"href":"https:\/\/ecosupplements.be\/fr\/wp-json\/wp\/v2\/media\/256070"}],"wp:attachment":[{"href":"https:\/\/ecosupplements.be\/fr\/wp-json\/wp\/v2\/media?parent=282712"}],"wp:term":[{"taxonomy":"product_brand","embeddable":true,"href":"https:\/\/ecosupplements.be\/fr\/wp-json\/wp\/v2\/product_brand?post=282712"},{"taxonomy":"product_cat","embeddable":true,"href":"https:\/\/ecosupplements.be\/fr\/wp-json\/wp\/v2\/product_cat?post=282712"},{"taxonomy":"product_tag","embeddable":true,"href":"https:\/\/ecosupplements.be\/fr\/wp-json\/wp\/v2\/product_tag?post=282712"}],"curies":[{"name":"wp","href":"https:\/\/api.w.org\/{rel}","templated":true}]}}