{"id":282713,"date":"2022-06-28T10:31:49","date_gmt":"2022-06-28T09:31:49","guid":{"rendered":"https:\/\/ecosupplements.be\/product\/berberine-400mg-60-caps\/"},"modified":"2025-08-27T12:49:09","modified_gmt":"2025-08-27T11:49:09","slug":"berberine-400mg-60-caps","status":"publish","type":"product","link":"https:\/\/ecosupplements.be\/fr\/produit\/berberine-400mg-60-caps\/","title":{"rendered":"Berb\u00e9rine, 400mg &#8211; 60 caps"},"content":{"rendered":"<h1 style=\"text-align: center\">Swanson &#8211; Berb\u00e9rine<\/h1>\n<p>Favorise des niveaux sains de cholest\u00e9rol et de glucose d\u00e9j\u00e0 dans la fourchette normale<br \/>\nFavorise le m\u00e9tabolisme du sucre dans le sang<br \/>\nSoutient la sant\u00e9 cardiovasculaire<br \/>\nLa berb\u00e9rine est un alcalo\u00efde naturel pr\u00e9sent dans une grande vari\u00e9t\u00e9 d&#8217;herbes traditionnelles, notamment l&#8217;hydraste du Canada, l&#8217;\u00e9pine-vinette et le raisin d&#8217;Oregon. De nombreux herboristes attribuent \u00e0 cet alcalo\u00efde unique les bienfaits des anciens toniques \u00e0 base de plantes utilis\u00e9s par les populations autochtones du monde entier. Swanson Premium Brand Berberine fournit une quantit\u00e9 garantie de 400 mg de Berberine HCl pure, naturellement d\u00e9riv\u00e9e de l&#8217;\u00e9pine-vinette indienne ou du curcuma arborescent.<br \/>\nLa berb\u00e9rine est privil\u00e9gi\u00e9e par les herboristes car elle peut aider \u00e0 soutenir la sant\u00e9 cardiovasculaire globale. Plus pr\u00e9cis\u00e9ment, il a \u00e9t\u00e9 d\u00e9montr\u00e9 que la berb\u00e9rine soutient des niveaux sains de cholest\u00e9rol et de glucose d\u00e9j\u00e0 dans la plage normale. Cette action combin\u00e9e distingue la berb\u00e9rine des autres suppl\u00e9ments \u00e0 base de plantes ou des formules sp\u00e9cialis\u00e9es dans la sant\u00e9 cardiaque qui se concentrent g\u00e9n\u00e9ralement sur la sant\u00e9 du glucose ou du cholest\u00e9rol, mais pas des deux. Donnez \u00e0 votre c\u0153ur une portion suppl\u00e9mentaire de soutien avec ce suppl\u00e9ment de berb\u00e9rine.<br \/>\nDe riches origines traditionnelles<br \/>\nLes plantes contenant de la berb\u00e9rine ont trouv\u00e9 une place dans les pratiques de sant\u00e9 traditionnelles du monde entier. L&#8217;hydraste du Canada, par exemple, \u00e9tait populaire dans les traditions am\u00e9rindiennes. Le phellodendron reste un ingr\u00e9dient appr\u00e9ci\u00e9 dans les pr\u00e9parations traditionnelles chinoises \u00e0 base de plantes. L&#8217;\u00e9pine-vinette est une plante m\u00e9dicinale traditionnelle europ\u00e9enne. Pr\u00e9sente dans les tiges, l&#8217;\u00e9corce et les racines de ces plantes, la berb\u00e9rine est aujourd&#8217;hui consid\u00e9r\u00e9e comme l&#8217;ingr\u00e9dient le plus important \u00e0 l&#8217;origine des bienfaits multiples de ces diverses traditions \u00e0 base de plantes.<br \/>\nLa science soutient les avantages historiques et futurs<br \/>\nAujourd&#8217;hui, la berb\u00e9rine est sortie de l&#8217;ombre de ses supports v\u00e9g\u00e9taux pour se faire un nom, quelle que soit sa source. Des milliers d&#8217;\u00e9tudes ont \u00e9t\u00e9 publi\u00e9es (facilement consultables en ligne) au cours de la derni\u00e8re d\u00e9cennie, et elles indiquent de nouvelles applications tout en justifiant l&#8217;utilisation traditionnelle des herbes contenant de la berb\u00e9rine.<br \/>\nComment cela fonctionne et ce qui est \u00e0 venir<br \/>\nLes scientifiques pensent d\u00e9sormais que bon nombre des bienfaits observ\u00e9s avec la berb\u00e9rine pourraient \u00eatre li\u00e9s \u00e0 son action sur une enzyme importante connue sous le nom d&#8217;AMPK (adenosine monophosphate-activated protein kinase). L&#8217;AMPK est une enzyme syst\u00e9mique qui influence la fa\u00e7on dont le corps cr\u00e9e et utilise l&#8217;\u00e9nergie cellulaire. Cette action a un effet en cascade sur une grande vari\u00e9t\u00e9 de processus m\u00e9taboliques, la sant\u00e9 cellulaire et plus encore. On pense maintenant que l&#8217;activation de l&#8217;AMPK est le m\u00e9canisme d&#8217;action central derri\u00e8re les bienfaits de la berb\u00e9rine.<\/p>\n","protected":false},"excerpt":{"rendered":"<p>Swanson &#8211; Berb\u00e9rine Favorise des niveaux sains de cholest\u00e9rol et de glucose d\u00e9j\u00e0 dans la fourchette normale Favorise le m\u00e9tabolisme du sucre dans le sang Soutient la sant\u00e9 cardiovasculaire La berb\u00e9rine est un alcalo\u00efde naturel pr\u00e9sent dans une grande vari\u00e9t\u00e9 d&#8217;herbes traditionnelles, notamment l&#8217;hydraste du Canada, l&#8217;\u00e9pine-vinette et le raisin d&#8217;Oregon. De nombreux herboristes attribuent [&#8230;]\n","protected":false},"featured_media":256075,"comment_status":"open","ping_status":"open","template":"","meta":[],"product_brand":[4761],"product_cat":[5052,5153,5053],"product_tag":[],"class_list":{"0":"post-282713","1":"product","2":"type-product","3":"status-publish","4":"has-post-thumbnail","6":"product_brand-swanson-2","7":"product_cat-sante-et-bien-etre","8":"product_cat-soutien-du-foie","9":"product_cat-vitamines-et-mineraux","11":"first","12":"instock","13":"taxable","14":"shipping-taxable","15":"purchasable","16":"product-type-simple"},"yoast_head":"<!-- This site is optimized with the Yoast SEO Premium plugin v27.3 (Yoast SEO v27.3) - https:\/\/yoast.com\/product\/yoast-seo-premium-wordpress\/ -->\n<title>Berb\u00e9rine, 400mg - 60 caps - ECO Supplements<\/title>\n<meta name=\"description\" content=\"Wij hebben een ruime keuze aan producten van Berb\u00e9rine, 400mg - 60 caps . Winkel bij Eco Supplements altijd gratis verzending boven 100\u20ac\" \/>\n<meta name=\"robots\" content=\"index, follow, max-snippet:-1, max-image-preview:large, max-video-preview:-1\" \/>\n<link rel=\"canonical\" href=\"https:\/\/ecosupplements.be\/fr\/produit\/berberine-400mg-60-caps\/\" \/>\n<meta property=\"og:locale\" content=\"fr_FR\" \/>\n<meta property=\"og:type\" content=\"article\" \/>\n<meta property=\"og:title\" content=\"Berb\u00e9rine, 400mg - 60 caps\" \/>\n<meta property=\"og:description\" content=\"Wij hebben een ruime keuze aan producten van Berb\u00e9rine, 400mg - 60 caps . Winkel bij Eco Supplements altijd gratis verzending boven 100\u20ac\" \/>\n<meta property=\"og:url\" content=\"https:\/\/ecosupplements.be\/fr\/produit\/berberine-400mg-60-caps\/\" \/>\n<meta property=\"og:site_name\" content=\"ECO Supplements\" \/>\n<meta property=\"article:modified_time\" content=\"2025-08-27T11:49:09+00:00\" \/>\n<meta property=\"og:image\" content=\"https:\/\/ecosupplements.be\/wp-content\/uploads\/2025\/08\/Swanson-Berberine-60-caps.jpg\" \/>\n\t<meta property=\"og:image:width\" content=\"750\" \/>\n\t<meta property=\"og:image:height\" content=\"750\" \/>\n\t<meta property=\"og:image:type\" content=\"image\/jpeg\" \/>\n<meta name=\"twitter:card\" content=\"summary_large_image\" \/>\n<meta name=\"twitter:label1\" content=\"Prix\" \/>\n\t<meta name=\"twitter:data1\" content=\"19.68&nbsp;&euro;\" \/>\n\t<meta name=\"twitter:label2\" content=\"Disponibilit\u00e9\" \/>\n\t<meta name=\"twitter:data2\" content=\"En stock\" \/>\n<script type=\"application\/ld+json\" class=\"yoast-schema-graph\">{\"@context\":\"https:\\\/\\\/schema.org\",\"@graph\":[{\"@type\":[\"WebPage\",\"ItemPage\"],\"@id\":\"https:\\\/\\\/ecosupplements.be\\\/fr\\\/produit\\\/berberine-400mg-60-caps\\\/\",\"url\":\"https:\\\/\\\/ecosupplements.be\\\/fr\\\/produit\\\/berberine-400mg-60-caps\\\/\",\"name\":\"Berb\u00e9rine, 400mg - 60 caps - ECO Supplements\",\"isPartOf\":{\"@id\":\"https:\\\/\\\/ecosupplements.be\\\/fr\\\/#website\"},\"primaryImageOfPage\":{\"@id\":\"https:\\\/\\\/ecosupplements.be\\\/fr\\\/produit\\\/berberine-400mg-60-caps\\\/#primaryimage\"},\"image\":{\"@id\":\"https:\\\/\\\/ecosupplements.be\\\/fr\\\/produit\\\/berberine-400mg-60-caps\\\/#primaryimage\"},\"thumbnailUrl\":\"https:\\\/\\\/ecosupplements.be\\\/wp-content\\\/uploads\\\/2025\\\/08\\\/Swanson-Berberine-60-caps-1.jpg\",\"datePublished\":\"2022-06-28T09:31:49+00:00\",\"dateModified\":\"2025-08-27T11:49:09+00:00\",\"description\":\"Wij hebben een ruime keuze aan producten van Berb\u00e9rine, 400mg - 60 caps . Winkel bij Eco Supplements altijd gratis verzending boven 100\u20ac\",\"breadcrumb\":{\"@id\":\"https:\\\/\\\/ecosupplements.be\\\/fr\\\/produit\\\/berberine-400mg-60-caps\\\/#breadcrumb\"},\"inLanguage\":\"fr-FR\",\"potentialAction\":[{\"@type\":\"ReadAction\",\"target\":[\"https:\\\/\\\/ecosupplements.be\\\/fr\\\/produit\\\/berberine-400mg-60-caps\\\/\"]}]},{\"@type\":\"ImageObject\",\"inLanguage\":\"fr-FR\",\"@id\":\"https:\\\/\\\/ecosupplements.be\\\/fr\\\/produit\\\/berberine-400mg-60-caps\\\/#primaryimage\",\"url\":\"https:\\\/\\\/ecosupplements.be\\\/wp-content\\\/uploads\\\/2025\\\/08\\\/Swanson-Berberine-60-caps-1.jpg\",\"contentUrl\":\"https:\\\/\\\/ecosupplements.be\\\/wp-content\\\/uploads\\\/2025\\\/08\\\/Swanson-Berberine-60-caps-1.jpg\",\"width\":750,\"height\":750},{\"@type\":\"BreadcrumbList\",\"@id\":\"https:\\\/\\\/ecosupplements.be\\\/fr\\\/produit\\\/berberine-400mg-60-caps\\\/#breadcrumb\",\"itemListElement\":[{\"@type\":\"ListItem\",\"position\":1,\"name\":\"Home\",\"item\":\"https:\\\/\\\/ecosupplements.be\\\/fr\\\/\"},{\"@type\":\"ListItem\",\"position\":2,\"name\":\"Boutique\",\"item\":\"https:\\\/\\\/ecosupplements.be\\\/fr\\\/boutique\\\/\"},{\"@type\":\"ListItem\",\"position\":3,\"name\":\"Berb\u00e9rine, 400mg &#8211; 60 caps\"}]},{\"@type\":\"WebSite\",\"@id\":\"https:\\\/\\\/ecosupplements.be\\\/fr\\\/#website\",\"url\":\"https:\\\/\\\/ecosupplements.be\\\/fr\\\/\",\"name\":\"ECO Supplements\",\"description\":\"Eco Supplements - Gezonde supplementen\",\"publisher\":{\"@id\":\"https:\\\/\\\/ecosupplements.be\\\/fr\\\/#organization\"},\"potentialAction\":[{\"@type\":\"SearchAction\",\"target\":{\"@type\":\"EntryPoint\",\"urlTemplate\":\"https:\\\/\\\/ecosupplements.be\\\/fr\\\/?s={search_term_string}\"},\"query-input\":{\"@type\":\"PropertyValueSpecification\",\"valueRequired\":true,\"valueName\":\"search_term_string\"}}],\"inLanguage\":\"fr-FR\"},{\"@type\":\"Organization\",\"@id\":\"https:\\\/\\\/ecosupplements.be\\\/fr\\\/#organization\",\"name\":\"Eco Supplements\",\"url\":\"https:\\\/\\\/ecosupplements.be\\\/fr\\\/\",\"logo\":{\"@type\":\"ImageObject\",\"inLanguage\":\"fr-FR\",\"@id\":\"https:\\\/\\\/ecosupplements.be\\\/fr\\\/#\\\/schema\\\/logo\\\/image\\\/\",\"url\":\"https:\\\/\\\/ecosupplements.be\\\/wp-content\\\/uploads\\\/2022\\\/06\\\/ecosupplement-family.png\",\"contentUrl\":\"https:\\\/\\\/ecosupplements.be\\\/wp-content\\\/uploads\\\/2022\\\/06\\\/ecosupplement-family.png\",\"width\":593,\"height\":374,\"caption\":\"Eco Supplements\"},\"image\":{\"@id\":\"https:\\\/\\\/ecosupplements.be\\\/fr\\\/#\\\/schema\\\/logo\\\/image\\\/\"}}]}<\/script>\n<meta property=\"product:brand\" content=\"Swanson\" \/>\n<meta property=\"product:price:amount\" content=\"19.68\" \/>\n<meta property=\"product:price:currency\" content=\"EUR\" \/>\n<meta property=\"og:availability\" content=\"instock\" \/>\n<meta property=\"product:availability\" content=\"instock\" \/>\n<meta property=\"product:retailer_item_id\" content=\"087614114118\" \/>\n<meta property=\"product:condition\" content=\"new\" \/>\n<!-- \/ Yoast SEO Premium plugin. -->","yoast_head_json":{"title":"Berb\u00e9rine, 400mg - 60 caps - ECO Supplements","description":"Wij hebben een ruime keuze aan producten van Berb\u00e9rine, 400mg - 60 caps . Winkel bij Eco Supplements altijd gratis verzending boven 100\u20ac","robots":{"index":"index","follow":"follow","max-snippet":"max-snippet:-1","max-image-preview":"max-image-preview:large","max-video-preview":"max-video-preview:-1"},"canonical":"https:\/\/ecosupplements.be\/fr\/produit\/berberine-400mg-60-caps\/","og_locale":"fr_FR","og_type":"article","og_title":"Berb\u00e9rine, 400mg - 60 caps","og_description":"Wij hebben een ruime keuze aan producten van Berb\u00e9rine, 400mg - 60 caps . Winkel bij Eco Supplements altijd gratis verzending boven 100\u20ac","og_url":"https:\/\/ecosupplements.be\/fr\/produit\/berberine-400mg-60-caps\/","og_site_name":"ECO Supplements","article_modified_time":"2025-08-27T11:49:09+00:00","og_image":[{"width":750,"height":750,"url":"https:\/\/ecosupplements.be\/wp-content\/uploads\/2025\/08\/Swanson-Berberine-60-caps.jpg","type":"image\/jpeg"}],"twitter_card":"summary_large_image","twitter_misc":{"Prix":"19.68&nbsp;&euro;","Disponibilit\u00e9":"En stock"},"schema":{"@context":"https:\/\/schema.org","@graph":[{"@type":["WebPage","ItemPage"],"@id":"https:\/\/ecosupplements.be\/fr\/produit\/berberine-400mg-60-caps\/","url":"https:\/\/ecosupplements.be\/fr\/produit\/berberine-400mg-60-caps\/","name":"Berb\u00e9rine, 400mg - 60 caps - ECO Supplements","isPartOf":{"@id":"https:\/\/ecosupplements.be\/fr\/#website"},"primaryImageOfPage":{"@id":"https:\/\/ecosupplements.be\/fr\/produit\/berberine-400mg-60-caps\/#primaryimage"},"image":{"@id":"https:\/\/ecosupplements.be\/fr\/produit\/berberine-400mg-60-caps\/#primaryimage"},"thumbnailUrl":"https:\/\/ecosupplements.be\/wp-content\/uploads\/2025\/08\/Swanson-Berberine-60-caps-1.jpg","datePublished":"2022-06-28T09:31:49+00:00","dateModified":"2025-08-27T11:49:09+00:00","description":"Wij hebben een ruime keuze aan producten van Berb\u00e9rine, 400mg - 60 caps . Winkel bij Eco Supplements altijd gratis verzending boven 100\u20ac","breadcrumb":{"@id":"https:\/\/ecosupplements.be\/fr\/produit\/berberine-400mg-60-caps\/#breadcrumb"},"inLanguage":"fr-FR","potentialAction":[{"@type":"ReadAction","target":["https:\/\/ecosupplements.be\/fr\/produit\/berberine-400mg-60-caps\/"]}]},{"@type":"ImageObject","inLanguage":"fr-FR","@id":"https:\/\/ecosupplements.be\/fr\/produit\/berberine-400mg-60-caps\/#primaryimage","url":"https:\/\/ecosupplements.be\/wp-content\/uploads\/2025\/08\/Swanson-Berberine-60-caps-1.jpg","contentUrl":"https:\/\/ecosupplements.be\/wp-content\/uploads\/2025\/08\/Swanson-Berberine-60-caps-1.jpg","width":750,"height":750},{"@type":"BreadcrumbList","@id":"https:\/\/ecosupplements.be\/fr\/produit\/berberine-400mg-60-caps\/#breadcrumb","itemListElement":[{"@type":"ListItem","position":1,"name":"Home","item":"https:\/\/ecosupplements.be\/fr\/"},{"@type":"ListItem","position":2,"name":"Boutique","item":"https:\/\/ecosupplements.be\/fr\/boutique\/"},{"@type":"ListItem","position":3,"name":"Berb\u00e9rine, 400mg &#8211; 60 caps"}]},{"@type":"WebSite","@id":"https:\/\/ecosupplements.be\/fr\/#website","url":"https:\/\/ecosupplements.be\/fr\/","name":"ECO Supplements","description":"Eco Supplements - Gezonde supplementen","publisher":{"@id":"https:\/\/ecosupplements.be\/fr\/#organization"},"potentialAction":[{"@type":"SearchAction","target":{"@type":"EntryPoint","urlTemplate":"https:\/\/ecosupplements.be\/fr\/?s={search_term_string}"},"query-input":{"@type":"PropertyValueSpecification","valueRequired":true,"valueName":"search_term_string"}}],"inLanguage":"fr-FR"},{"@type":"Organization","@id":"https:\/\/ecosupplements.be\/fr\/#organization","name":"Eco Supplements","url":"https:\/\/ecosupplements.be\/fr\/","logo":{"@type":"ImageObject","inLanguage":"fr-FR","@id":"https:\/\/ecosupplements.be\/fr\/#\/schema\/logo\/image\/","url":"https:\/\/ecosupplements.be\/wp-content\/uploads\/2022\/06\/ecosupplement-family.png","contentUrl":"https:\/\/ecosupplements.be\/wp-content\/uploads\/2022\/06\/ecosupplement-family.png","width":593,"height":374,"caption":"Eco Supplements"},"image":{"@id":"https:\/\/ecosupplements.be\/fr\/#\/schema\/logo\/image\/"}}]},"product_brand":"Swanson","product_price_amount":"19.68","product_price_currency":"EUR","og_availability":"instock","product_availability":"instock","product_retailer_item_id":"087614114118","product_condition":"new"},"_links":{"self":[{"href":"https:\/\/ecosupplements.be\/fr\/wp-json\/wp\/v2\/product\/282713","targetHints":{"allow":["GET"]}}],"collection":[{"href":"https:\/\/ecosupplements.be\/fr\/wp-json\/wp\/v2\/product"}],"about":[{"href":"https:\/\/ecosupplements.be\/fr\/wp-json\/wp\/v2\/types\/product"}],"replies":[{"embeddable":true,"href":"https:\/\/ecosupplements.be\/fr\/wp-json\/wp\/v2\/comments?post=282713"}],"wp:featuredmedia":[{"embeddable":true,"href":"https:\/\/ecosupplements.be\/fr\/wp-json\/wp\/v2\/media\/256075"}],"wp:attachment":[{"href":"https:\/\/ecosupplements.be\/fr\/wp-json\/wp\/v2\/media?parent=282713"}],"wp:term":[{"taxonomy":"product_brand","embeddable":true,"href":"https:\/\/ecosupplements.be\/fr\/wp-json\/wp\/v2\/product_brand?post=282713"},{"taxonomy":"product_cat","embeddable":true,"href":"https:\/\/ecosupplements.be\/fr\/wp-json\/wp\/v2\/product_cat?post=282713"},{"taxonomy":"product_tag","embeddable":true,"href":"https:\/\/ecosupplements.be\/fr\/wp-json\/wp\/v2\/product_tag?post=282713"}],"curies":[{"name":"wp","href":"https:\/\/api.w.org\/{rel}","templated":true}]}}