{"id":282766,"date":"2022-06-28T10:32:08","date_gmt":"2022-06-28T09:32:08","guid":{"rendered":"https:\/\/ecosupplements.be\/product\/vitamine-c-a-macher-arome-naturel-de-cerise-60-comprimes-a-macher\/"},"modified":"2025-08-27T12:51:23","modified_gmt":"2025-08-27T11:51:23","slug":"vitamine-c-a-macher-arome-naturel-de-cerise-60-comprimes-a-macher","status":"publish","type":"product","link":"https:\/\/ecosupplements.be\/fr\/produit\/vitamine-c-a-macher-arome-naturel-de-cerise-60-comprimes-a-macher\/","title":{"rendered":"Vitamine C \u00e0 m\u00e2cher, ar\u00f4me naturel de cerise &#8211; 60 comprim\u00e9s \u00e0 m\u00e2cher"},"content":{"rendered":"<h1 style=\"text-align: center;\">Swanson &#8211; Vitamine C \u00e0 croquer<\/h1>\n<h3 style=\"text-align: center;\">Sant\u00e9 immunitaire<\/h3>\n<p>&#8211; Suppl\u00e9ment de vitamine C \u00e0 m\u00e2cher sans sucre \u00e0 dissolution rapide.<br \/>\n&#8211; Vitamine C non acide, tamponn\u00e9e \u00e0 partir d&#8217;ascorbate de calcium 100%.<br \/>\n&#8211; Saveur naturelle de cerise tr\u00e8s savoureuse.<br \/>\nNous savons que des milliers de personnes ont du mal \u00e0 avaler de grosses pilules, ce qui rend difficile l&#8217;ajout de compl\u00e9ments alimentaires, m\u00eame les plus basiques, \u00e0 votre routine quotidienne. C&#8217;est pourquoi nous avons mis l&#8217;une des vitamines les plus importantes dans un comprim\u00e9 \u00e0 m\u00e2cher qui rend la suppl\u00e9mentation facile et savoureuse. Notre vitamine C \u00e0 croquer Swanson Premium Brand offre un puissant soutien du syst\u00e8me immunitaire de 500 mg dans un comprim\u00e9 sans sucre, \u00e0 dissolution rapide, au d\u00e9licieux go\u00fbt naturel de cerise. Deux comprim\u00e9s seulement par jour vous aideront \u00e0 maintenir un syst\u00e8me de d\u00e9fense sain.<br \/>\nNous avons \u00e9galement choisi d&#8217;utiliser de l&#8217;ascorbate de calcium 100% pour rendre cette vitamine C \u00e0 m\u00e2cher aussi peu irritante et aussi facile \u00e0 dig\u00e9rer que possible. Cette forme de vitamine C non acide et tamponn\u00e9e est la forme pr\u00e9f\u00e9r\u00e9e de nombreux utilisateurs de vitamines et de suppl\u00e9ments, et nous pensons que vous serez d&#8217;accord. Facile \u00e0 prendre et facile pour votre estomac&#8230; quel mariage parfait !<\/p>\n","protected":false},"excerpt":{"rendered":"<p>Swanson &#8211; Vitamine C \u00e0 croquer Sant\u00e9 immunitaire &#8211; Suppl\u00e9ment de vitamine C \u00e0 m\u00e2cher sans sucre \u00e0 dissolution rapide. &#8211; Vitamine C non acide, tamponn\u00e9e \u00e0 partir d&#8217;ascorbate de calcium 100%. &#8211; Saveur naturelle de cerise tr\u00e8s savoureuse. Nous savons que des milliers de personnes ont du mal \u00e0 avaler de grosses pilules, ce [&#8230;]\n","protected":false},"featured_media":256348,"comment_status":"open","ping_status":"open","template":"","meta":[],"product_brand":[4761],"product_cat":[5052,5063,5053,5059],"product_tag":[],"class_list":{"0":"post-282766","1":"product","2":"type-product","3":"status-publish","4":"has-post-thumbnail","6":"product_brand-swanson-2","7":"product_cat-sante-et-bien-etre","8":"product_cat-vitamine-c-vitamines-simples","9":"product_cat-vitamines-et-mineraux","10":"product_cat-vitamines-simples","12":"first","13":"instock","14":"taxable","15":"shipping-taxable","16":"purchasable","17":"product-type-simple"},"yoast_head":"<!-- This site is optimized with the Yoast SEO Premium plugin v27.3 (Yoast SEO v27.3) - https:\/\/yoast.com\/product\/yoast-seo-premium-wordpress\/ -->\n<title>Vitamine C \u00e0 m\u00e2cher, ar\u00f4me naturel de cerise - 60 comprim\u00e9s \u00e0 m\u00e2cher - ECO Supplements<\/title>\n<meta name=\"description\" content=\"Wij hebben een ruime keuze aan producten van Vitamine C \u00e0 m\u00e2cher, ar\u00f4me naturel de cerise - 60 comprim\u00e9s \u00e0 m\u00e2cher . Winkel bij Eco Supplements altijd gratis verzending boven 100\u20ac\" \/>\n<meta name=\"robots\" content=\"index, follow, max-snippet:-1, max-image-preview:large, max-video-preview:-1\" \/>\n<link rel=\"canonical\" href=\"https:\/\/ecosupplements.be\/fr\/produit\/vitamine-c-a-macher-arome-naturel-de-cerise-60-comprimes-a-macher\/\" \/>\n<meta property=\"og:locale\" content=\"fr_FR\" \/>\n<meta property=\"og:type\" content=\"article\" \/>\n<meta property=\"og:title\" content=\"Vitamine C \u00e0 m\u00e2cher, ar\u00f4me naturel de cerise - 60 comprim\u00e9s \u00e0 m\u00e2cher\" \/>\n<meta property=\"og:description\" content=\"Wij hebben een ruime keuze aan producten van Vitamine C \u00e0 m\u00e2cher, ar\u00f4me naturel de cerise - 60 comprim\u00e9s \u00e0 m\u00e2cher . Winkel bij Eco Supplements altijd gratis verzending boven 100\u20ac\" \/>\n<meta property=\"og:url\" content=\"https:\/\/ecosupplements.be\/fr\/produit\/vitamine-c-a-macher-arome-naturel-de-cerise-60-comprimes-a-macher\/\" \/>\n<meta property=\"og:site_name\" content=\"ECO Supplements\" \/>\n<meta property=\"article:modified_time\" content=\"2025-08-27T11:51:23+00:00\" \/>\n<meta property=\"og:image\" content=\"https:\/\/ecosupplements.be\/wp-content\/uploads\/2025\/08\/Swanson-Chewable-Vitamin-C-Natural-Cherry-Flavour-60-chewable-tabs.jpg\" \/>\n\t<meta property=\"og:image:width\" content=\"500\" \/>\n\t<meta property=\"og:image:height\" content=\"500\" \/>\n\t<meta property=\"og:image:type\" content=\"image\/jpeg\" \/>\n<meta name=\"twitter:card\" content=\"summary_large_image\" \/>\n<meta name=\"twitter:label1\" content=\"Prix\" \/>\n\t<meta name=\"twitter:data1\" content=\"16.64&nbsp;&euro;\" \/>\n\t<meta name=\"twitter:label2\" content=\"Disponibilit\u00e9\" \/>\n\t<meta name=\"twitter:data2\" content=\"En stock\" \/>\n<script type=\"application\/ld+json\" class=\"yoast-schema-graph\">{\"@context\":\"https:\\\/\\\/schema.org\",\"@graph\":[{\"@type\":[\"WebPage\",\"ItemPage\"],\"@id\":\"https:\\\/\\\/ecosupplements.be\\\/fr\\\/produit\\\/vitamine-c-a-macher-arome-naturel-de-cerise-60-comprimes-a-macher\\\/\",\"url\":\"https:\\\/\\\/ecosupplements.be\\\/fr\\\/produit\\\/vitamine-c-a-macher-arome-naturel-de-cerise-60-comprimes-a-macher\\\/\",\"name\":\"Vitamine C \u00e0 m\u00e2cher, ar\u00f4me naturel de cerise - 60 comprim\u00e9s \u00e0 m\u00e2cher - ECO Supplements\",\"isPartOf\":{\"@id\":\"https:\\\/\\\/ecosupplements.be\\\/fr\\\/#website\"},\"primaryImageOfPage\":{\"@id\":\"https:\\\/\\\/ecosupplements.be\\\/fr\\\/produit\\\/vitamine-c-a-macher-arome-naturel-de-cerise-60-comprimes-a-macher\\\/#primaryimage\"},\"image\":{\"@id\":\"https:\\\/\\\/ecosupplements.be\\\/fr\\\/produit\\\/vitamine-c-a-macher-arome-naturel-de-cerise-60-comprimes-a-macher\\\/#primaryimage\"},\"thumbnailUrl\":\"https:\\\/\\\/ecosupplements.be\\\/wp-content\\\/uploads\\\/2025\\\/08\\\/Swanson-Chewable-Vitamin-C-Natural-Cherry-Flavour-60-chewable-tabs-1.jpg\",\"datePublished\":\"2022-06-28T09:32:08+00:00\",\"dateModified\":\"2025-08-27T11:51:23+00:00\",\"description\":\"Wij hebben een ruime keuze aan producten van Vitamine C \u00e0 m\u00e2cher, ar\u00f4me naturel de cerise - 60 comprim\u00e9s \u00e0 m\u00e2cher . Winkel bij Eco Supplements altijd gratis verzending boven 100\u20ac\",\"breadcrumb\":{\"@id\":\"https:\\\/\\\/ecosupplements.be\\\/fr\\\/produit\\\/vitamine-c-a-macher-arome-naturel-de-cerise-60-comprimes-a-macher\\\/#breadcrumb\"},\"inLanguage\":\"fr-FR\",\"potentialAction\":[{\"@type\":\"ReadAction\",\"target\":[\"https:\\\/\\\/ecosupplements.be\\\/fr\\\/produit\\\/vitamine-c-a-macher-arome-naturel-de-cerise-60-comprimes-a-macher\\\/\"]}]},{\"@type\":\"ImageObject\",\"inLanguage\":\"fr-FR\",\"@id\":\"https:\\\/\\\/ecosupplements.be\\\/fr\\\/produit\\\/vitamine-c-a-macher-arome-naturel-de-cerise-60-comprimes-a-macher\\\/#primaryimage\",\"url\":\"https:\\\/\\\/ecosupplements.be\\\/wp-content\\\/uploads\\\/2025\\\/08\\\/Swanson-Chewable-Vitamin-C-Natural-Cherry-Flavour-60-chewable-tabs-1.jpg\",\"contentUrl\":\"https:\\\/\\\/ecosupplements.be\\\/wp-content\\\/uploads\\\/2025\\\/08\\\/Swanson-Chewable-Vitamin-C-Natural-Cherry-Flavour-60-chewable-tabs-1.jpg\",\"width\":500,\"height\":500},{\"@type\":\"BreadcrumbList\",\"@id\":\"https:\\\/\\\/ecosupplements.be\\\/fr\\\/produit\\\/vitamine-c-a-macher-arome-naturel-de-cerise-60-comprimes-a-macher\\\/#breadcrumb\",\"itemListElement\":[{\"@type\":\"ListItem\",\"position\":1,\"name\":\"Home\",\"item\":\"https:\\\/\\\/ecosupplements.be\\\/fr\\\/\"},{\"@type\":\"ListItem\",\"position\":2,\"name\":\"Boutique\",\"item\":\"https:\\\/\\\/ecosupplements.be\\\/fr\\\/boutique\\\/\"},{\"@type\":\"ListItem\",\"position\":3,\"name\":\"Vitamine C \u00e0 m\u00e2cher, ar\u00f4me naturel de cerise &#8211; 60 comprim\u00e9s \u00e0 m\u00e2cher\"}]},{\"@type\":\"WebSite\",\"@id\":\"https:\\\/\\\/ecosupplements.be\\\/fr\\\/#website\",\"url\":\"https:\\\/\\\/ecosupplements.be\\\/fr\\\/\",\"name\":\"ECO Supplements\",\"description\":\"Eco Supplements - Gezonde supplementen\",\"publisher\":{\"@id\":\"https:\\\/\\\/ecosupplements.be\\\/fr\\\/#organization\"},\"potentialAction\":[{\"@type\":\"SearchAction\",\"target\":{\"@type\":\"EntryPoint\",\"urlTemplate\":\"https:\\\/\\\/ecosupplements.be\\\/fr\\\/?s={search_term_string}\"},\"query-input\":{\"@type\":\"PropertyValueSpecification\",\"valueRequired\":true,\"valueName\":\"search_term_string\"}}],\"inLanguage\":\"fr-FR\"},{\"@type\":\"Organization\",\"@id\":\"https:\\\/\\\/ecosupplements.be\\\/fr\\\/#organization\",\"name\":\"Eco Supplements\",\"url\":\"https:\\\/\\\/ecosupplements.be\\\/fr\\\/\",\"logo\":{\"@type\":\"ImageObject\",\"inLanguage\":\"fr-FR\",\"@id\":\"https:\\\/\\\/ecosupplements.be\\\/fr\\\/#\\\/schema\\\/logo\\\/image\\\/\",\"url\":\"https:\\\/\\\/ecosupplements.be\\\/wp-content\\\/uploads\\\/2022\\\/06\\\/ecosupplement-family.png\",\"contentUrl\":\"https:\\\/\\\/ecosupplements.be\\\/wp-content\\\/uploads\\\/2022\\\/06\\\/ecosupplement-family.png\",\"width\":593,\"height\":374,\"caption\":\"Eco Supplements\"},\"image\":{\"@id\":\"https:\\\/\\\/ecosupplements.be\\\/fr\\\/#\\\/schema\\\/logo\\\/image\\\/\"}}]}<\/script>\n<meta property=\"product:brand\" content=\"Swanson\" \/>\n<meta property=\"product:price:amount\" content=\"16.64\" \/>\n<meta property=\"product:price:currency\" content=\"EUR\" \/>\n<meta property=\"og:availability\" content=\"instock\" \/>\n<meta property=\"product:availability\" content=\"instock\" \/>\n<meta property=\"product:retailer_item_id\" content=\"087614115382\" \/>\n<meta property=\"product:condition\" content=\"new\" \/>\n<!-- \/ Yoast SEO Premium plugin. -->","yoast_head_json":{"title":"Vitamine C \u00e0 m\u00e2cher, ar\u00f4me naturel de cerise - 60 comprim\u00e9s \u00e0 m\u00e2cher - ECO Supplements","description":"Wij hebben een ruime keuze aan producten van Vitamine C \u00e0 m\u00e2cher, ar\u00f4me naturel de cerise - 60 comprim\u00e9s \u00e0 m\u00e2cher . Winkel bij Eco Supplements altijd gratis verzending boven 100\u20ac","robots":{"index":"index","follow":"follow","max-snippet":"max-snippet:-1","max-image-preview":"max-image-preview:large","max-video-preview":"max-video-preview:-1"},"canonical":"https:\/\/ecosupplements.be\/fr\/produit\/vitamine-c-a-macher-arome-naturel-de-cerise-60-comprimes-a-macher\/","og_locale":"fr_FR","og_type":"article","og_title":"Vitamine C \u00e0 m\u00e2cher, ar\u00f4me naturel de cerise - 60 comprim\u00e9s \u00e0 m\u00e2cher","og_description":"Wij hebben een ruime keuze aan producten van Vitamine C \u00e0 m\u00e2cher, ar\u00f4me naturel de cerise - 60 comprim\u00e9s \u00e0 m\u00e2cher . Winkel bij Eco Supplements altijd gratis verzending boven 100\u20ac","og_url":"https:\/\/ecosupplements.be\/fr\/produit\/vitamine-c-a-macher-arome-naturel-de-cerise-60-comprimes-a-macher\/","og_site_name":"ECO Supplements","article_modified_time":"2025-08-27T11:51:23+00:00","og_image":[{"width":500,"height":500,"url":"https:\/\/ecosupplements.be\/wp-content\/uploads\/2025\/08\/Swanson-Chewable-Vitamin-C-Natural-Cherry-Flavour-60-chewable-tabs.jpg","type":"image\/jpeg"}],"twitter_card":"summary_large_image","twitter_misc":{"Prix":"16.64&nbsp;&euro;","Disponibilit\u00e9":"En stock"},"schema":{"@context":"https:\/\/schema.org","@graph":[{"@type":["WebPage","ItemPage"],"@id":"https:\/\/ecosupplements.be\/fr\/produit\/vitamine-c-a-macher-arome-naturel-de-cerise-60-comprimes-a-macher\/","url":"https:\/\/ecosupplements.be\/fr\/produit\/vitamine-c-a-macher-arome-naturel-de-cerise-60-comprimes-a-macher\/","name":"Vitamine C \u00e0 m\u00e2cher, ar\u00f4me naturel de cerise - 60 comprim\u00e9s \u00e0 m\u00e2cher - ECO Supplements","isPartOf":{"@id":"https:\/\/ecosupplements.be\/fr\/#website"},"primaryImageOfPage":{"@id":"https:\/\/ecosupplements.be\/fr\/produit\/vitamine-c-a-macher-arome-naturel-de-cerise-60-comprimes-a-macher\/#primaryimage"},"image":{"@id":"https:\/\/ecosupplements.be\/fr\/produit\/vitamine-c-a-macher-arome-naturel-de-cerise-60-comprimes-a-macher\/#primaryimage"},"thumbnailUrl":"https:\/\/ecosupplements.be\/wp-content\/uploads\/2025\/08\/Swanson-Chewable-Vitamin-C-Natural-Cherry-Flavour-60-chewable-tabs-1.jpg","datePublished":"2022-06-28T09:32:08+00:00","dateModified":"2025-08-27T11:51:23+00:00","description":"Wij hebben een ruime keuze aan producten van Vitamine C \u00e0 m\u00e2cher, ar\u00f4me naturel de cerise - 60 comprim\u00e9s \u00e0 m\u00e2cher . Winkel bij Eco Supplements altijd gratis verzending boven 100\u20ac","breadcrumb":{"@id":"https:\/\/ecosupplements.be\/fr\/produit\/vitamine-c-a-macher-arome-naturel-de-cerise-60-comprimes-a-macher\/#breadcrumb"},"inLanguage":"fr-FR","potentialAction":[{"@type":"ReadAction","target":["https:\/\/ecosupplements.be\/fr\/produit\/vitamine-c-a-macher-arome-naturel-de-cerise-60-comprimes-a-macher\/"]}]},{"@type":"ImageObject","inLanguage":"fr-FR","@id":"https:\/\/ecosupplements.be\/fr\/produit\/vitamine-c-a-macher-arome-naturel-de-cerise-60-comprimes-a-macher\/#primaryimage","url":"https:\/\/ecosupplements.be\/wp-content\/uploads\/2025\/08\/Swanson-Chewable-Vitamin-C-Natural-Cherry-Flavour-60-chewable-tabs-1.jpg","contentUrl":"https:\/\/ecosupplements.be\/wp-content\/uploads\/2025\/08\/Swanson-Chewable-Vitamin-C-Natural-Cherry-Flavour-60-chewable-tabs-1.jpg","width":500,"height":500},{"@type":"BreadcrumbList","@id":"https:\/\/ecosupplements.be\/fr\/produit\/vitamine-c-a-macher-arome-naturel-de-cerise-60-comprimes-a-macher\/#breadcrumb","itemListElement":[{"@type":"ListItem","position":1,"name":"Home","item":"https:\/\/ecosupplements.be\/fr\/"},{"@type":"ListItem","position":2,"name":"Boutique","item":"https:\/\/ecosupplements.be\/fr\/boutique\/"},{"@type":"ListItem","position":3,"name":"Vitamine C \u00e0 m\u00e2cher, ar\u00f4me naturel de cerise &#8211; 60 comprim\u00e9s \u00e0 m\u00e2cher"}]},{"@type":"WebSite","@id":"https:\/\/ecosupplements.be\/fr\/#website","url":"https:\/\/ecosupplements.be\/fr\/","name":"ECO Supplements","description":"Eco Supplements - Gezonde supplementen","publisher":{"@id":"https:\/\/ecosupplements.be\/fr\/#organization"},"potentialAction":[{"@type":"SearchAction","target":{"@type":"EntryPoint","urlTemplate":"https:\/\/ecosupplements.be\/fr\/?s={search_term_string}"},"query-input":{"@type":"PropertyValueSpecification","valueRequired":true,"valueName":"search_term_string"}}],"inLanguage":"fr-FR"},{"@type":"Organization","@id":"https:\/\/ecosupplements.be\/fr\/#organization","name":"Eco Supplements","url":"https:\/\/ecosupplements.be\/fr\/","logo":{"@type":"ImageObject","inLanguage":"fr-FR","@id":"https:\/\/ecosupplements.be\/fr\/#\/schema\/logo\/image\/","url":"https:\/\/ecosupplements.be\/wp-content\/uploads\/2022\/06\/ecosupplement-family.png","contentUrl":"https:\/\/ecosupplements.be\/wp-content\/uploads\/2022\/06\/ecosupplement-family.png","width":593,"height":374,"caption":"Eco Supplements"},"image":{"@id":"https:\/\/ecosupplements.be\/fr\/#\/schema\/logo\/image\/"}}]},"product_brand":"Swanson","product_price_amount":"16.64","product_price_currency":"EUR","og_availability":"instock","product_availability":"instock","product_retailer_item_id":"087614115382","product_condition":"new"},"_links":{"self":[{"href":"https:\/\/ecosupplements.be\/fr\/wp-json\/wp\/v2\/product\/282766","targetHints":{"allow":["GET"]}}],"collection":[{"href":"https:\/\/ecosupplements.be\/fr\/wp-json\/wp\/v2\/product"}],"about":[{"href":"https:\/\/ecosupplements.be\/fr\/wp-json\/wp\/v2\/types\/product"}],"replies":[{"embeddable":true,"href":"https:\/\/ecosupplements.be\/fr\/wp-json\/wp\/v2\/comments?post=282766"}],"wp:featuredmedia":[{"embeddable":true,"href":"https:\/\/ecosupplements.be\/fr\/wp-json\/wp\/v2\/media\/256348"}],"wp:attachment":[{"href":"https:\/\/ecosupplements.be\/fr\/wp-json\/wp\/v2\/media?parent=282766"}],"wp:term":[{"taxonomy":"product_brand","embeddable":true,"href":"https:\/\/ecosupplements.be\/fr\/wp-json\/wp\/v2\/product_brand?post=282766"},{"taxonomy":"product_cat","embeddable":true,"href":"https:\/\/ecosupplements.be\/fr\/wp-json\/wp\/v2\/product_cat?post=282766"},{"taxonomy":"product_tag","embeddable":true,"href":"https:\/\/ecosupplements.be\/fr\/wp-json\/wp\/v2\/product_tag?post=282766"}],"curies":[{"name":"wp","href":"https:\/\/api.w.org\/{rel}","templated":true}]}}