{"id":282793,"date":"2022-06-28T10:32:28","date_gmt":"2022-06-28T09:32:28","guid":{"rendered":"https:\/\/ecosupplements.be\/product\/cordyceps-complex-avec-reishi-et-shiitake-60-vcaps\/"},"modified":"2025-08-27T12:52:40","modified_gmt":"2025-08-27T11:52:40","slug":"cordyceps-complex-avec-reishi-et-shiitake-60-vcaps","status":"publish","type":"product","link":"https:\/\/ecosupplements.be\/fr\/produit\/cordyceps-complex-avec-reishi-et-shiitake-60-vcaps\/","title":{"rendered":"Cordyceps Complex avec Reishi et Shiitake &#8211; 60 vcaps"},"content":{"rendered":"<h1 style=\"text-align: center\">Swanson &#8211; Complexe Cordyceps avec Reishi et Shiitake<\/h1>\n<p>La science moderne et l&#8217;ancienne sagesse chinoise en mati\u00e8re de plantes s&#8217;unissent pour vous apporter un soutien sans pr\u00e9c\u00e9dent aux d\u00e9fenses de votre corps. Depuis des centaines d&#8217;ann\u00e9es, les herboristes chinois appr\u00e9cient les champignons reishi et shiitake ainsi que le tr\u00e8s pris\u00e9 &#8220;champignon chenille&#8221;, Cordyceps sinensis, comme de puissants toniques pour renforcer le syst\u00e8me immunitaire en p\u00e9riode de stress accru. Notre formule sp\u00e9ciale comprend des extraits de pointe de ces trois d\u00e9fenseurs fongiques estim\u00e9s, normalis\u00e9s pour fournir des concentrations constantes de constituants actifs pour une puissance garantie dans chaque capsule v\u00e9g\u00e9tale.<\/p>\n<div class=\"facts-container\">\n<\/div>\n","protected":false},"excerpt":{"rendered":"<p>Swanson &#8211; Complexe Cordyceps avec Reishi et Shiitake La science moderne et l&#8217;ancienne sagesse chinoise en mati\u00e8re de plantes s&#8217;unissent pour vous apporter un soutien sans pr\u00e9c\u00e9dent aux d\u00e9fenses de votre corps. Depuis des centaines d&#8217;ann\u00e9es, les herboristes chinois appr\u00e9cient les champignons reishi et shiitake ainsi que le tr\u00e8s pris\u00e9 &#8220;champignon chenille&#8221;, Cordyceps sinensis, comme [&#8230;]\n","protected":false},"featured_media":256497,"comment_status":"open","ping_status":"open","template":"","meta":[],"product_brand":[4761],"product_cat":[5052,5123,5094,5124,5053],"product_tag":[],"class_list":{"0":"post-282793","1":"product","2":"type-product","3":"status-publish","4":"has-post-thumbnail","6":"product_brand-swanson-2","7":"product_cat-sante-et-bien-etre","8":"product_cat-soutien-du-systeme-immunitaire","9":"product_cat-supplements-a-base-de-plantes","10":"product_cat-systeme-immunitaire","11":"product_cat-vitamines-et-mineraux","13":"first","14":"instock","15":"taxable","16":"shipping-taxable","17":"purchasable","18":"product-type-simple"},"yoast_head":"<!-- This site is optimized with the Yoast SEO Premium plugin v27.3 (Yoast SEO v27.3) - https:\/\/yoast.com\/product\/yoast-seo-premium-wordpress\/ -->\n<title>Cordyceps Complex avec Reishi et Shiitake - 60 vcaps - ECO Supplements<\/title>\n<meta name=\"description\" content=\"Wij hebben een ruime keuze aan producten van Cordyceps Complex avec Reishi et Shiitake - 60 vcaps . Winkel bij Eco Supplements altijd gratis verzending boven 100\u20ac\" \/>\n<meta name=\"robots\" content=\"index, follow, max-snippet:-1, max-image-preview:large, max-video-preview:-1\" \/>\n<link rel=\"canonical\" href=\"https:\/\/ecosupplements.be\/fr\/produit\/cordyceps-complex-avec-reishi-et-shiitake-60-vcaps\/\" \/>\n<meta property=\"og:locale\" content=\"fr_FR\" \/>\n<meta property=\"og:type\" content=\"article\" \/>\n<meta property=\"og:title\" content=\"Cordyceps Complex avec Reishi et Shiitake - 60 vcaps\" \/>\n<meta property=\"og:description\" content=\"Wij hebben een ruime keuze aan producten van Cordyceps Complex avec Reishi et Shiitake - 60 vcaps . Winkel bij Eco Supplements altijd gratis verzending boven 100\u20ac\" \/>\n<meta property=\"og:url\" content=\"https:\/\/ecosupplements.be\/fr\/produit\/cordyceps-complex-avec-reishi-et-shiitake-60-vcaps\/\" \/>\n<meta property=\"og:site_name\" content=\"ECO Supplements\" \/>\n<meta property=\"article:modified_time\" content=\"2025-08-27T11:52:40+00:00\" \/>\n<meta property=\"og:image\" content=\"https:\/\/ecosupplements.be\/wp-content\/uploads\/2025\/08\/Swanson-Cordyceps-Complex-with-Reishi-and-Shiitake-60-vcaps.jpg\" \/>\n\t<meta property=\"og:image:width\" content=\"750\" \/>\n\t<meta property=\"og:image:height\" content=\"750\" \/>\n\t<meta property=\"og:image:type\" content=\"image\/jpeg\" \/>\n<meta name=\"twitter:card\" content=\"summary_large_image\" \/>\n<meta name=\"twitter:label1\" content=\"Prix\" \/>\n\t<meta name=\"twitter:data1\" content=\"17.19&nbsp;&euro;\" \/>\n\t<meta name=\"twitter:label2\" content=\"Disponibilit\u00e9\" \/>\n\t<meta name=\"twitter:data2\" content=\"En stock\" \/>\n<script type=\"application\/ld+json\" class=\"yoast-schema-graph\">{\"@context\":\"https:\\\/\\\/schema.org\",\"@graph\":[{\"@type\":[\"WebPage\",\"ItemPage\"],\"@id\":\"https:\\\/\\\/ecosupplements.be\\\/fr\\\/produit\\\/cordyceps-complex-avec-reishi-et-shiitake-60-vcaps\\\/\",\"url\":\"https:\\\/\\\/ecosupplements.be\\\/fr\\\/produit\\\/cordyceps-complex-avec-reishi-et-shiitake-60-vcaps\\\/\",\"name\":\"Cordyceps Complex avec Reishi et Shiitake - 60 vcaps - ECO Supplements\",\"isPartOf\":{\"@id\":\"https:\\\/\\\/ecosupplements.be\\\/fr\\\/#website\"},\"primaryImageOfPage\":{\"@id\":\"https:\\\/\\\/ecosupplements.be\\\/fr\\\/produit\\\/cordyceps-complex-avec-reishi-et-shiitake-60-vcaps\\\/#primaryimage\"},\"image\":{\"@id\":\"https:\\\/\\\/ecosupplements.be\\\/fr\\\/produit\\\/cordyceps-complex-avec-reishi-et-shiitake-60-vcaps\\\/#primaryimage\"},\"thumbnailUrl\":\"https:\\\/\\\/ecosupplements.be\\\/wp-content\\\/uploads\\\/2025\\\/08\\\/Swanson-Cordyceps-Complex-with-Reishi-and-Shiitake-60-vcaps-1.jpg\",\"datePublished\":\"2022-06-28T09:32:28+00:00\",\"dateModified\":\"2025-08-27T11:52:40+00:00\",\"description\":\"Wij hebben een ruime keuze aan producten van Cordyceps Complex avec Reishi et Shiitake - 60 vcaps . Winkel bij Eco Supplements altijd gratis verzending boven 100\u20ac\",\"breadcrumb\":{\"@id\":\"https:\\\/\\\/ecosupplements.be\\\/fr\\\/produit\\\/cordyceps-complex-avec-reishi-et-shiitake-60-vcaps\\\/#breadcrumb\"},\"inLanguage\":\"fr-FR\",\"potentialAction\":[{\"@type\":\"ReadAction\",\"target\":[\"https:\\\/\\\/ecosupplements.be\\\/fr\\\/produit\\\/cordyceps-complex-avec-reishi-et-shiitake-60-vcaps\\\/\"]}]},{\"@type\":\"ImageObject\",\"inLanguage\":\"fr-FR\",\"@id\":\"https:\\\/\\\/ecosupplements.be\\\/fr\\\/produit\\\/cordyceps-complex-avec-reishi-et-shiitake-60-vcaps\\\/#primaryimage\",\"url\":\"https:\\\/\\\/ecosupplements.be\\\/wp-content\\\/uploads\\\/2025\\\/08\\\/Swanson-Cordyceps-Complex-with-Reishi-and-Shiitake-60-vcaps-1.jpg\",\"contentUrl\":\"https:\\\/\\\/ecosupplements.be\\\/wp-content\\\/uploads\\\/2025\\\/08\\\/Swanson-Cordyceps-Complex-with-Reishi-and-Shiitake-60-vcaps-1.jpg\",\"width\":750,\"height\":750},{\"@type\":\"BreadcrumbList\",\"@id\":\"https:\\\/\\\/ecosupplements.be\\\/fr\\\/produit\\\/cordyceps-complex-avec-reishi-et-shiitake-60-vcaps\\\/#breadcrumb\",\"itemListElement\":[{\"@type\":\"ListItem\",\"position\":1,\"name\":\"Home\",\"item\":\"https:\\\/\\\/ecosupplements.be\\\/fr\\\/\"},{\"@type\":\"ListItem\",\"position\":2,\"name\":\"Boutique\",\"item\":\"https:\\\/\\\/ecosupplements.be\\\/fr\\\/boutique\\\/\"},{\"@type\":\"ListItem\",\"position\":3,\"name\":\"Cordyceps Complex avec Reishi et Shiitake &#8211; 60 vcaps\"}]},{\"@type\":\"WebSite\",\"@id\":\"https:\\\/\\\/ecosupplements.be\\\/fr\\\/#website\",\"url\":\"https:\\\/\\\/ecosupplements.be\\\/fr\\\/\",\"name\":\"ECO Supplements\",\"description\":\"Eco Supplements - Gezonde supplementen\",\"publisher\":{\"@id\":\"https:\\\/\\\/ecosupplements.be\\\/fr\\\/#organization\"},\"potentialAction\":[{\"@type\":\"SearchAction\",\"target\":{\"@type\":\"EntryPoint\",\"urlTemplate\":\"https:\\\/\\\/ecosupplements.be\\\/fr\\\/?s={search_term_string}\"},\"query-input\":{\"@type\":\"PropertyValueSpecification\",\"valueRequired\":true,\"valueName\":\"search_term_string\"}}],\"inLanguage\":\"fr-FR\"},{\"@type\":\"Organization\",\"@id\":\"https:\\\/\\\/ecosupplements.be\\\/fr\\\/#organization\",\"name\":\"Eco Supplements\",\"url\":\"https:\\\/\\\/ecosupplements.be\\\/fr\\\/\",\"logo\":{\"@type\":\"ImageObject\",\"inLanguage\":\"fr-FR\",\"@id\":\"https:\\\/\\\/ecosupplements.be\\\/fr\\\/#\\\/schema\\\/logo\\\/image\\\/\",\"url\":\"https:\\\/\\\/ecosupplements.be\\\/wp-content\\\/uploads\\\/2022\\\/06\\\/ecosupplement-family.png\",\"contentUrl\":\"https:\\\/\\\/ecosupplements.be\\\/wp-content\\\/uploads\\\/2022\\\/06\\\/ecosupplement-family.png\",\"width\":593,\"height\":374,\"caption\":\"Eco Supplements\"},\"image\":{\"@id\":\"https:\\\/\\\/ecosupplements.be\\\/fr\\\/#\\\/schema\\\/logo\\\/image\\\/\"}}]}<\/script>\n<meta property=\"product:brand\" content=\"Swanson\" \/>\n<meta property=\"product:price:amount\" content=\"17.19\" \/>\n<meta property=\"product:price:currency\" content=\"EUR\" \/>\n<meta property=\"og:availability\" content=\"instock\" \/>\n<meta property=\"product:availability\" content=\"instock\" \/>\n<meta property=\"product:retailer_item_id\" content=\"087614142319\" \/>\n<meta property=\"product:condition\" content=\"new\" \/>\n<!-- \/ Yoast SEO Premium plugin. -->","yoast_head_json":{"title":"Cordyceps Complex avec Reishi et Shiitake - 60 vcaps - ECO Supplements","description":"Wij hebben een ruime keuze aan producten van Cordyceps Complex avec Reishi et Shiitake - 60 vcaps . Winkel bij Eco Supplements altijd gratis verzending boven 100\u20ac","robots":{"index":"index","follow":"follow","max-snippet":"max-snippet:-1","max-image-preview":"max-image-preview:large","max-video-preview":"max-video-preview:-1"},"canonical":"https:\/\/ecosupplements.be\/fr\/produit\/cordyceps-complex-avec-reishi-et-shiitake-60-vcaps\/","og_locale":"fr_FR","og_type":"article","og_title":"Cordyceps Complex avec Reishi et Shiitake - 60 vcaps","og_description":"Wij hebben een ruime keuze aan producten van Cordyceps Complex avec Reishi et Shiitake - 60 vcaps . Winkel bij Eco Supplements altijd gratis verzending boven 100\u20ac","og_url":"https:\/\/ecosupplements.be\/fr\/produit\/cordyceps-complex-avec-reishi-et-shiitake-60-vcaps\/","og_site_name":"ECO Supplements","article_modified_time":"2025-08-27T11:52:40+00:00","og_image":[{"width":750,"height":750,"url":"https:\/\/ecosupplements.be\/wp-content\/uploads\/2025\/08\/Swanson-Cordyceps-Complex-with-Reishi-and-Shiitake-60-vcaps.jpg","type":"image\/jpeg"}],"twitter_card":"summary_large_image","twitter_misc":{"Prix":"17.19&nbsp;&euro;","Disponibilit\u00e9":"En stock"},"schema":{"@context":"https:\/\/schema.org","@graph":[{"@type":["WebPage","ItemPage"],"@id":"https:\/\/ecosupplements.be\/fr\/produit\/cordyceps-complex-avec-reishi-et-shiitake-60-vcaps\/","url":"https:\/\/ecosupplements.be\/fr\/produit\/cordyceps-complex-avec-reishi-et-shiitake-60-vcaps\/","name":"Cordyceps Complex avec Reishi et Shiitake - 60 vcaps - ECO Supplements","isPartOf":{"@id":"https:\/\/ecosupplements.be\/fr\/#website"},"primaryImageOfPage":{"@id":"https:\/\/ecosupplements.be\/fr\/produit\/cordyceps-complex-avec-reishi-et-shiitake-60-vcaps\/#primaryimage"},"image":{"@id":"https:\/\/ecosupplements.be\/fr\/produit\/cordyceps-complex-avec-reishi-et-shiitake-60-vcaps\/#primaryimage"},"thumbnailUrl":"https:\/\/ecosupplements.be\/wp-content\/uploads\/2025\/08\/Swanson-Cordyceps-Complex-with-Reishi-and-Shiitake-60-vcaps-1.jpg","datePublished":"2022-06-28T09:32:28+00:00","dateModified":"2025-08-27T11:52:40+00:00","description":"Wij hebben een ruime keuze aan producten van Cordyceps Complex avec Reishi et Shiitake - 60 vcaps . Winkel bij Eco Supplements altijd gratis verzending boven 100\u20ac","breadcrumb":{"@id":"https:\/\/ecosupplements.be\/fr\/produit\/cordyceps-complex-avec-reishi-et-shiitake-60-vcaps\/#breadcrumb"},"inLanguage":"fr-FR","potentialAction":[{"@type":"ReadAction","target":["https:\/\/ecosupplements.be\/fr\/produit\/cordyceps-complex-avec-reishi-et-shiitake-60-vcaps\/"]}]},{"@type":"ImageObject","inLanguage":"fr-FR","@id":"https:\/\/ecosupplements.be\/fr\/produit\/cordyceps-complex-avec-reishi-et-shiitake-60-vcaps\/#primaryimage","url":"https:\/\/ecosupplements.be\/wp-content\/uploads\/2025\/08\/Swanson-Cordyceps-Complex-with-Reishi-and-Shiitake-60-vcaps-1.jpg","contentUrl":"https:\/\/ecosupplements.be\/wp-content\/uploads\/2025\/08\/Swanson-Cordyceps-Complex-with-Reishi-and-Shiitake-60-vcaps-1.jpg","width":750,"height":750},{"@type":"BreadcrumbList","@id":"https:\/\/ecosupplements.be\/fr\/produit\/cordyceps-complex-avec-reishi-et-shiitake-60-vcaps\/#breadcrumb","itemListElement":[{"@type":"ListItem","position":1,"name":"Home","item":"https:\/\/ecosupplements.be\/fr\/"},{"@type":"ListItem","position":2,"name":"Boutique","item":"https:\/\/ecosupplements.be\/fr\/boutique\/"},{"@type":"ListItem","position":3,"name":"Cordyceps Complex avec Reishi et Shiitake &#8211; 60 vcaps"}]},{"@type":"WebSite","@id":"https:\/\/ecosupplements.be\/fr\/#website","url":"https:\/\/ecosupplements.be\/fr\/","name":"ECO Supplements","description":"Eco Supplements - Gezonde supplementen","publisher":{"@id":"https:\/\/ecosupplements.be\/fr\/#organization"},"potentialAction":[{"@type":"SearchAction","target":{"@type":"EntryPoint","urlTemplate":"https:\/\/ecosupplements.be\/fr\/?s={search_term_string}"},"query-input":{"@type":"PropertyValueSpecification","valueRequired":true,"valueName":"search_term_string"}}],"inLanguage":"fr-FR"},{"@type":"Organization","@id":"https:\/\/ecosupplements.be\/fr\/#organization","name":"Eco Supplements","url":"https:\/\/ecosupplements.be\/fr\/","logo":{"@type":"ImageObject","inLanguage":"fr-FR","@id":"https:\/\/ecosupplements.be\/fr\/#\/schema\/logo\/image\/","url":"https:\/\/ecosupplements.be\/wp-content\/uploads\/2022\/06\/ecosupplement-family.png","contentUrl":"https:\/\/ecosupplements.be\/wp-content\/uploads\/2022\/06\/ecosupplement-family.png","width":593,"height":374,"caption":"Eco Supplements"},"image":{"@id":"https:\/\/ecosupplements.be\/fr\/#\/schema\/logo\/image\/"}}]},"product_brand":"Swanson","product_price_amount":"17.19","product_price_currency":"EUR","og_availability":"instock","product_availability":"instock","product_retailer_item_id":"087614142319","product_condition":"new"},"_links":{"self":[{"href":"https:\/\/ecosupplements.be\/fr\/wp-json\/wp\/v2\/product\/282793","targetHints":{"allow":["GET"]}}],"collection":[{"href":"https:\/\/ecosupplements.be\/fr\/wp-json\/wp\/v2\/product"}],"about":[{"href":"https:\/\/ecosupplements.be\/fr\/wp-json\/wp\/v2\/types\/product"}],"replies":[{"embeddable":true,"href":"https:\/\/ecosupplements.be\/fr\/wp-json\/wp\/v2\/comments?post=282793"}],"wp:featuredmedia":[{"embeddable":true,"href":"https:\/\/ecosupplements.be\/fr\/wp-json\/wp\/v2\/media\/256497"}],"wp:attachment":[{"href":"https:\/\/ecosupplements.be\/fr\/wp-json\/wp\/v2\/media?parent=282793"}],"wp:term":[{"taxonomy":"product_brand","embeddable":true,"href":"https:\/\/ecosupplements.be\/fr\/wp-json\/wp\/v2\/product_brand?post=282793"},{"taxonomy":"product_cat","embeddable":true,"href":"https:\/\/ecosupplements.be\/fr\/wp-json\/wp\/v2\/product_cat?post=282793"},{"taxonomy":"product_tag","embeddable":true,"href":"https:\/\/ecosupplements.be\/fr\/wp-json\/wp\/v2\/product_tag?post=282793"}],"curies":[{"name":"wp","href":"https:\/\/api.w.org\/{rel}","templated":true}]}}