{"id":282802,"date":"2022-06-28T10:32:28","date_gmt":"2022-06-28T09:32:28","guid":{"rendered":"https:\/\/ecosupplements.be\/product\/foie-de-boeuf-desseche-500mg-100-pur-degraisse-120-caps\/"},"modified":"2025-08-27T12:53:00","modified_gmt":"2025-08-27T11:53:00","slug":"foie-de-boeuf-desseche-500mg-100-pur-degraisse-120-caps","status":"publish","type":"product","link":"https:\/\/ecosupplements.be\/fr\/produit\/foie-de-boeuf-desseche-500mg-100-pur-degraisse-120-caps\/","title":{"rendered":"Foie de b\u0153uf dess\u00e9ch\u00e9, 500mg 100% Pur D\u00e9graiss\u00e9 &#8211; 120 caps"},"content":{"rendered":"<h1 style=\"text-align: center\">Swanson &#8211; Foie de b\u0153uf d\u00e9shydrat\u00e9<\/h1>\n<p>Dans les ann\u00e9es 1960 et 1970, les suppl\u00e9ments de foie dess\u00e9ch\u00e9 ont atteint une importance jamais vue dans l&#8217;industrie. On ne pouvait m\u00eame pas le garder sur les \u00e9tag\u00e8res ! Mais les temps ont chang\u00e9 et de nouvelles innovations ont fini par rel\u00e9guer ce merveilleux suppl\u00e9ment au fond des rayons. Aujourd&#8217;hui, le foie dess\u00e9ch\u00e9 fait un retour en force, gr\u00e2ce aux nombreux Am\u00e9ricains qui pr\u00e9f\u00e8rent les aliments complets purs et les compl\u00e9ments alimentaires complets aux aliments cr\u00e9\u00e9s en laboratoire. Notre foie de b\u0153uf d\u00e9shydrat\u00e9 pur d\u00e9graiss\u00e9 100% est exactement ce que vous recherchez. Il provient de b\u0153uf argentin \u00e9lev\u00e9 dans la pampa argentine, une r\u00e9gion vierge et \u00e9cologique.<\/p>\n<p>\u00c0 quoi sert le foie de b\u0153uf d\u00e9shydrat\u00e9 d\u00e9graiss\u00e9 pur Swanson 100% ?<\/p>\n<p>Dans un monde id\u00e9al, nous mangerions tous plus de foie. Certains d&#8217;entre nous prennent d\u00e9j\u00e0 r\u00e9guli\u00e8rement de l&#8217;huile de foie de morue, mais malheur \u00e0 la pauvre \u00e2me qui ouvre la capsule avec ses dents. En d&#8217;autres termes, le foie n&#8217;a pas bon go\u00fbt. Cependant, c&#8217;est une source incroyable de prot\u00e9ines et de vitamines B. C&#8217;est pourquoi Swanson a cr\u00e9\u00e9 cette forme dess\u00e9ch\u00e9e de foie, facile \u00e0 prendre sans les soucis g\u00e9n\u00e9ralement associ\u00e9s \u00e0 son go\u00fbt.<\/p>\n<p>Principalement utilis\u00e9 par les bodybuilders pour augmenter le m\u00e9tabolisme, les niveaux de prot\u00e9ines et l&#8217;app\u00e9tit, ce compl\u00e9ment a en fait quelque chose \u00e0 offrir \u00e0 toute personne qui aime faire r\u00e9guli\u00e8rement de l&#8217;exercice. En ajoutant un peu de foie \u00e0 votre alimentation quotidienne, vous pouvez augmenter votre nombre de globules rouges, ce qui signifie que vous pouvez augmenter la quantit\u00e9 d&#8217;oxyg\u00e8ne qui circule dans votre corps. Ceci, \u00e0 son tour, vous aide \u00e0 maximiser le potentiel de votre r\u00e9gime d&#8217;exercice tout en m\u00e9tabolisant votre nourriture \u00e0 un rythme plus rapide.<\/p>\n<p>Le foie de b\u0153uf pur d\u00e9shydrat\u00e9 d\u00e9graiss\u00e9 Swanson 100% peut aider \u00e0 r\u00e9soudre toute une s\u00e9rie de probl\u00e8mes, offrant de nombreux avantages.<\/p>\n<p>Des niveaux d&#8217;\u00e9nergie plus \u00e9lev\u00e9s.<br \/>Booster du syst\u00e8me immunitaire.<br \/>M\u00e9tabolisme plus rapide des aliments.<br \/>Peut m\u00eame am\u00e9liorer votre digestion.<br \/>Maintient un bon taux de cholest\u00e9rol.<br \/>Peut aider \u00e0 r\u00e9guler la glyc\u00e9mie.<br \/>Maintient la sant\u00e9 cardiovasculaire globale.<\/p>\n<div class=\"facts-container\">\n<\/div>\n","protected":false},"excerpt":{"rendered":"<p>Swanson &#8211; Foie de b\u0153uf d\u00e9shydrat\u00e9 Dans les ann\u00e9es 1960 et 1970, les suppl\u00e9ments de foie dess\u00e9ch\u00e9 ont atteint une importance jamais vue dans l&#8217;industrie. On ne pouvait m\u00eame pas le garder sur les \u00e9tag\u00e8res ! Mais les temps ont chang\u00e9 et de nouvelles innovations ont fini par rel\u00e9guer ce merveilleux suppl\u00e9ment au fond des [&#8230;]\n","protected":false},"featured_media":256542,"comment_status":"open","ping_status":"open","template":"","meta":[],"product_brand":[4761],"product_cat":[5078,5052,5053],"product_tag":[],"class_list":{"0":"post-282802","1":"product","2":"type-product","3":"status-publish","4":"has-post-thumbnail","6":"product_brand-swanson-2","7":"product_cat-formule-speciale","8":"product_cat-sante-et-bien-etre","9":"product_cat-vitamines-et-mineraux","11":"first","12":"instock","13":"taxable","14":"shipping-taxable","15":"purchasable","16":"product-type-simple"},"yoast_head":"<!-- This site is optimized with the Yoast SEO Premium plugin v27.3 (Yoast SEO v27.3) - https:\/\/yoast.com\/product\/yoast-seo-premium-wordpress\/ -->\n<title>Foie de b\u0153uf dess\u00e9ch\u00e9, 500mg 100% Pur D\u00e9graiss\u00e9 - 120 caps - ECO Supplements<\/title>\n<meta name=\"description\" content=\"Wij hebben een ruime keuze aan producten van Foie de b\u0153uf dess\u00e9ch\u00e9, 500mg 100% Pur D\u00e9graiss\u00e9 - 120 caps . Winkel bij Eco Supplements altijd gratis verzending boven 100\u20ac\" \/>\n<meta name=\"robots\" content=\"index, follow, max-snippet:-1, max-image-preview:large, max-video-preview:-1\" \/>\n<link rel=\"canonical\" href=\"https:\/\/ecosupplements.be\/fr\/produit\/foie-de-boeuf-desseche-500mg-100-pur-degraisse-120-caps\/\" \/>\n<meta property=\"og:locale\" content=\"fr_FR\" \/>\n<meta property=\"og:type\" content=\"article\" \/>\n<meta property=\"og:title\" content=\"Foie de b\u0153uf dess\u00e9ch\u00e9, 500mg 100% Pur D\u00e9graiss\u00e9 - 120 caps\" \/>\n<meta property=\"og:description\" content=\"Wij hebben een ruime keuze aan producten van Foie de b\u0153uf dess\u00e9ch\u00e9, 500mg 100% Pur D\u00e9graiss\u00e9 - 120 caps . Winkel bij Eco Supplements altijd gratis verzending boven 100\u20ac\" \/>\n<meta property=\"og:url\" content=\"https:\/\/ecosupplements.be\/fr\/produit\/foie-de-boeuf-desseche-500mg-100-pur-degraisse-120-caps\/\" \/>\n<meta property=\"og:site_name\" content=\"ECO Supplements\" \/>\n<meta property=\"article:modified_time\" content=\"2025-08-27T11:53:00+00:00\" \/>\n<meta property=\"og:image\" content=\"https:\/\/ecosupplements.be\/wp-content\/uploads\/2025\/08\/Swanson-Desiccated-Beef-Liver-500mg-100-Pure-Defatted-120-caps.jpg\" \/>\n\t<meta property=\"og:image:width\" content=\"750\" \/>\n\t<meta property=\"og:image:height\" content=\"750\" \/>\n\t<meta property=\"og:image:type\" content=\"image\/jpeg\" \/>\n<meta name=\"twitter:card\" content=\"summary_large_image\" \/>\n<meta name=\"twitter:label1\" content=\"Prix\" \/>\n\t<meta name=\"twitter:data1\" content=\"16.62&nbsp;&euro;\" \/>\n\t<meta name=\"twitter:label2\" content=\"Disponibilit\u00e9\" \/>\n\t<meta name=\"twitter:data2\" content=\"En stock\" \/>\n<script type=\"application\/ld+json\" class=\"yoast-schema-graph\">{\"@context\":\"https:\\\/\\\/schema.org\",\"@graph\":[{\"@type\":[\"WebPage\",\"ItemPage\"],\"@id\":\"https:\\\/\\\/ecosupplements.be\\\/fr\\\/produit\\\/foie-de-boeuf-desseche-500mg-100-pur-degraisse-120-caps\\\/\",\"url\":\"https:\\\/\\\/ecosupplements.be\\\/fr\\\/produit\\\/foie-de-boeuf-desseche-500mg-100-pur-degraisse-120-caps\\\/\",\"name\":\"Foie de b\u0153uf dess\u00e9ch\u00e9, 500mg 100% Pur D\u00e9graiss\u00e9 - 120 caps - ECO Supplements\",\"isPartOf\":{\"@id\":\"https:\\\/\\\/ecosupplements.be\\\/fr\\\/#website\"},\"primaryImageOfPage\":{\"@id\":\"https:\\\/\\\/ecosupplements.be\\\/fr\\\/produit\\\/foie-de-boeuf-desseche-500mg-100-pur-degraisse-120-caps\\\/#primaryimage\"},\"image\":{\"@id\":\"https:\\\/\\\/ecosupplements.be\\\/fr\\\/produit\\\/foie-de-boeuf-desseche-500mg-100-pur-degraisse-120-caps\\\/#primaryimage\"},\"thumbnailUrl\":\"https:\\\/\\\/ecosupplements.be\\\/wp-content\\\/uploads\\\/2025\\\/08\\\/Swanson-Desiccated-Beef-Liver-500mg-100-Pure-Defatted-120-caps-1.jpg\",\"datePublished\":\"2022-06-28T09:32:28+00:00\",\"dateModified\":\"2025-08-27T11:53:00+00:00\",\"description\":\"Wij hebben een ruime keuze aan producten van Foie de b\u0153uf dess\u00e9ch\u00e9, 500mg 100% Pur D\u00e9graiss\u00e9 - 120 caps . Winkel bij Eco Supplements altijd gratis verzending boven 100\u20ac\",\"breadcrumb\":{\"@id\":\"https:\\\/\\\/ecosupplements.be\\\/fr\\\/produit\\\/foie-de-boeuf-desseche-500mg-100-pur-degraisse-120-caps\\\/#breadcrumb\"},\"inLanguage\":\"fr-FR\",\"potentialAction\":[{\"@type\":\"ReadAction\",\"target\":[\"https:\\\/\\\/ecosupplements.be\\\/fr\\\/produit\\\/foie-de-boeuf-desseche-500mg-100-pur-degraisse-120-caps\\\/\"]}]},{\"@type\":\"ImageObject\",\"inLanguage\":\"fr-FR\",\"@id\":\"https:\\\/\\\/ecosupplements.be\\\/fr\\\/produit\\\/foie-de-boeuf-desseche-500mg-100-pur-degraisse-120-caps\\\/#primaryimage\",\"url\":\"https:\\\/\\\/ecosupplements.be\\\/wp-content\\\/uploads\\\/2025\\\/08\\\/Swanson-Desiccated-Beef-Liver-500mg-100-Pure-Defatted-120-caps-1.jpg\",\"contentUrl\":\"https:\\\/\\\/ecosupplements.be\\\/wp-content\\\/uploads\\\/2025\\\/08\\\/Swanson-Desiccated-Beef-Liver-500mg-100-Pure-Defatted-120-caps-1.jpg\",\"width\":750,\"height\":750},{\"@type\":\"BreadcrumbList\",\"@id\":\"https:\\\/\\\/ecosupplements.be\\\/fr\\\/produit\\\/foie-de-boeuf-desseche-500mg-100-pur-degraisse-120-caps\\\/#breadcrumb\",\"itemListElement\":[{\"@type\":\"ListItem\",\"position\":1,\"name\":\"Home\",\"item\":\"https:\\\/\\\/ecosupplements.be\\\/fr\\\/\"},{\"@type\":\"ListItem\",\"position\":2,\"name\":\"Boutique\",\"item\":\"https:\\\/\\\/ecosupplements.be\\\/fr\\\/boutique\\\/\"},{\"@type\":\"ListItem\",\"position\":3,\"name\":\"Foie de b\u0153uf dess\u00e9ch\u00e9, 500mg 100% Pur D\u00e9graiss\u00e9 &#8211; 120 caps\"}]},{\"@type\":\"WebSite\",\"@id\":\"https:\\\/\\\/ecosupplements.be\\\/fr\\\/#website\",\"url\":\"https:\\\/\\\/ecosupplements.be\\\/fr\\\/\",\"name\":\"ECO Supplements\",\"description\":\"Eco Supplements - Gezonde supplementen\",\"publisher\":{\"@id\":\"https:\\\/\\\/ecosupplements.be\\\/fr\\\/#organization\"},\"potentialAction\":[{\"@type\":\"SearchAction\",\"target\":{\"@type\":\"EntryPoint\",\"urlTemplate\":\"https:\\\/\\\/ecosupplements.be\\\/fr\\\/?s={search_term_string}\"},\"query-input\":{\"@type\":\"PropertyValueSpecification\",\"valueRequired\":true,\"valueName\":\"search_term_string\"}}],\"inLanguage\":\"fr-FR\"},{\"@type\":\"Organization\",\"@id\":\"https:\\\/\\\/ecosupplements.be\\\/fr\\\/#organization\",\"name\":\"Eco Supplements\",\"url\":\"https:\\\/\\\/ecosupplements.be\\\/fr\\\/\",\"logo\":{\"@type\":\"ImageObject\",\"inLanguage\":\"fr-FR\",\"@id\":\"https:\\\/\\\/ecosupplements.be\\\/fr\\\/#\\\/schema\\\/logo\\\/image\\\/\",\"url\":\"https:\\\/\\\/ecosupplements.be\\\/wp-content\\\/uploads\\\/2022\\\/06\\\/ecosupplement-family.png\",\"contentUrl\":\"https:\\\/\\\/ecosupplements.be\\\/wp-content\\\/uploads\\\/2022\\\/06\\\/ecosupplement-family.png\",\"width\":593,\"height\":374,\"caption\":\"Eco Supplements\"},\"image\":{\"@id\":\"https:\\\/\\\/ecosupplements.be\\\/fr\\\/#\\\/schema\\\/logo\\\/image\\\/\"}}]}<\/script>\n<meta property=\"product:brand\" content=\"Swanson\" \/>\n<meta property=\"product:price:amount\" content=\"16.62\" \/>\n<meta property=\"product:price:currency\" content=\"EUR\" \/>\n<meta property=\"og:availability\" content=\"instock\" \/>\n<meta property=\"product:availability\" content=\"instock\" \/>\n<meta property=\"product:retailer_item_id\" content=\"087614111988\" \/>\n<meta property=\"product:condition\" content=\"new\" \/>\n<!-- \/ Yoast SEO Premium plugin. -->","yoast_head_json":{"title":"Foie de b\u0153uf dess\u00e9ch\u00e9, 500mg 100% Pur D\u00e9graiss\u00e9 - 120 caps - ECO Supplements","description":"Wij hebben een ruime keuze aan producten van Foie de b\u0153uf dess\u00e9ch\u00e9, 500mg 100% Pur D\u00e9graiss\u00e9 - 120 caps . Winkel bij Eco Supplements altijd gratis verzending boven 100\u20ac","robots":{"index":"index","follow":"follow","max-snippet":"max-snippet:-1","max-image-preview":"max-image-preview:large","max-video-preview":"max-video-preview:-1"},"canonical":"https:\/\/ecosupplements.be\/fr\/produit\/foie-de-boeuf-desseche-500mg-100-pur-degraisse-120-caps\/","og_locale":"fr_FR","og_type":"article","og_title":"Foie de b\u0153uf dess\u00e9ch\u00e9, 500mg 100% Pur D\u00e9graiss\u00e9 - 120 caps","og_description":"Wij hebben een ruime keuze aan producten van Foie de b\u0153uf dess\u00e9ch\u00e9, 500mg 100% Pur D\u00e9graiss\u00e9 - 120 caps . Winkel bij Eco Supplements altijd gratis verzending boven 100\u20ac","og_url":"https:\/\/ecosupplements.be\/fr\/produit\/foie-de-boeuf-desseche-500mg-100-pur-degraisse-120-caps\/","og_site_name":"ECO Supplements","article_modified_time":"2025-08-27T11:53:00+00:00","og_image":[{"width":750,"height":750,"url":"https:\/\/ecosupplements.be\/wp-content\/uploads\/2025\/08\/Swanson-Desiccated-Beef-Liver-500mg-100-Pure-Defatted-120-caps.jpg","type":"image\/jpeg"}],"twitter_card":"summary_large_image","twitter_misc":{"Prix":"16.62&nbsp;&euro;","Disponibilit\u00e9":"En stock"},"schema":{"@context":"https:\/\/schema.org","@graph":[{"@type":["WebPage","ItemPage"],"@id":"https:\/\/ecosupplements.be\/fr\/produit\/foie-de-boeuf-desseche-500mg-100-pur-degraisse-120-caps\/","url":"https:\/\/ecosupplements.be\/fr\/produit\/foie-de-boeuf-desseche-500mg-100-pur-degraisse-120-caps\/","name":"Foie de b\u0153uf dess\u00e9ch\u00e9, 500mg 100% Pur D\u00e9graiss\u00e9 - 120 caps - ECO Supplements","isPartOf":{"@id":"https:\/\/ecosupplements.be\/fr\/#website"},"primaryImageOfPage":{"@id":"https:\/\/ecosupplements.be\/fr\/produit\/foie-de-boeuf-desseche-500mg-100-pur-degraisse-120-caps\/#primaryimage"},"image":{"@id":"https:\/\/ecosupplements.be\/fr\/produit\/foie-de-boeuf-desseche-500mg-100-pur-degraisse-120-caps\/#primaryimage"},"thumbnailUrl":"https:\/\/ecosupplements.be\/wp-content\/uploads\/2025\/08\/Swanson-Desiccated-Beef-Liver-500mg-100-Pure-Defatted-120-caps-1.jpg","datePublished":"2022-06-28T09:32:28+00:00","dateModified":"2025-08-27T11:53:00+00:00","description":"Wij hebben een ruime keuze aan producten van Foie de b\u0153uf dess\u00e9ch\u00e9, 500mg 100% Pur D\u00e9graiss\u00e9 - 120 caps . Winkel bij Eco Supplements altijd gratis verzending boven 100\u20ac","breadcrumb":{"@id":"https:\/\/ecosupplements.be\/fr\/produit\/foie-de-boeuf-desseche-500mg-100-pur-degraisse-120-caps\/#breadcrumb"},"inLanguage":"fr-FR","potentialAction":[{"@type":"ReadAction","target":["https:\/\/ecosupplements.be\/fr\/produit\/foie-de-boeuf-desseche-500mg-100-pur-degraisse-120-caps\/"]}]},{"@type":"ImageObject","inLanguage":"fr-FR","@id":"https:\/\/ecosupplements.be\/fr\/produit\/foie-de-boeuf-desseche-500mg-100-pur-degraisse-120-caps\/#primaryimage","url":"https:\/\/ecosupplements.be\/wp-content\/uploads\/2025\/08\/Swanson-Desiccated-Beef-Liver-500mg-100-Pure-Defatted-120-caps-1.jpg","contentUrl":"https:\/\/ecosupplements.be\/wp-content\/uploads\/2025\/08\/Swanson-Desiccated-Beef-Liver-500mg-100-Pure-Defatted-120-caps-1.jpg","width":750,"height":750},{"@type":"BreadcrumbList","@id":"https:\/\/ecosupplements.be\/fr\/produit\/foie-de-boeuf-desseche-500mg-100-pur-degraisse-120-caps\/#breadcrumb","itemListElement":[{"@type":"ListItem","position":1,"name":"Home","item":"https:\/\/ecosupplements.be\/fr\/"},{"@type":"ListItem","position":2,"name":"Boutique","item":"https:\/\/ecosupplements.be\/fr\/boutique\/"},{"@type":"ListItem","position":3,"name":"Foie de b\u0153uf dess\u00e9ch\u00e9, 500mg 100% Pur D\u00e9graiss\u00e9 &#8211; 120 caps"}]},{"@type":"WebSite","@id":"https:\/\/ecosupplements.be\/fr\/#website","url":"https:\/\/ecosupplements.be\/fr\/","name":"ECO Supplements","description":"Eco Supplements - Gezonde supplementen","publisher":{"@id":"https:\/\/ecosupplements.be\/fr\/#organization"},"potentialAction":[{"@type":"SearchAction","target":{"@type":"EntryPoint","urlTemplate":"https:\/\/ecosupplements.be\/fr\/?s={search_term_string}"},"query-input":{"@type":"PropertyValueSpecification","valueRequired":true,"valueName":"search_term_string"}}],"inLanguage":"fr-FR"},{"@type":"Organization","@id":"https:\/\/ecosupplements.be\/fr\/#organization","name":"Eco Supplements","url":"https:\/\/ecosupplements.be\/fr\/","logo":{"@type":"ImageObject","inLanguage":"fr-FR","@id":"https:\/\/ecosupplements.be\/fr\/#\/schema\/logo\/image\/","url":"https:\/\/ecosupplements.be\/wp-content\/uploads\/2022\/06\/ecosupplement-family.png","contentUrl":"https:\/\/ecosupplements.be\/wp-content\/uploads\/2022\/06\/ecosupplement-family.png","width":593,"height":374,"caption":"Eco Supplements"},"image":{"@id":"https:\/\/ecosupplements.be\/fr\/#\/schema\/logo\/image\/"}}]},"product_brand":"Swanson","product_price_amount":"16.62","product_price_currency":"EUR","og_availability":"instock","product_availability":"instock","product_retailer_item_id":"087614111988","product_condition":"new"},"_links":{"self":[{"href":"https:\/\/ecosupplements.be\/fr\/wp-json\/wp\/v2\/product\/282802","targetHints":{"allow":["GET"]}}],"collection":[{"href":"https:\/\/ecosupplements.be\/fr\/wp-json\/wp\/v2\/product"}],"about":[{"href":"https:\/\/ecosupplements.be\/fr\/wp-json\/wp\/v2\/types\/product"}],"replies":[{"embeddable":true,"href":"https:\/\/ecosupplements.be\/fr\/wp-json\/wp\/v2\/comments?post=282802"}],"wp:featuredmedia":[{"embeddable":true,"href":"https:\/\/ecosupplements.be\/fr\/wp-json\/wp\/v2\/media\/256542"}],"wp:attachment":[{"href":"https:\/\/ecosupplements.be\/fr\/wp-json\/wp\/v2\/media?parent=282802"}],"wp:term":[{"taxonomy":"product_brand","embeddable":true,"href":"https:\/\/ecosupplements.be\/fr\/wp-json\/wp\/v2\/product_brand?post=282802"},{"taxonomy":"product_cat","embeddable":true,"href":"https:\/\/ecosupplements.be\/fr\/wp-json\/wp\/v2\/product_cat?post=282802"},{"taxonomy":"product_tag","embeddable":true,"href":"https:\/\/ecosupplements.be\/fr\/wp-json\/wp\/v2\/product_tag?post=282802"}],"curies":[{"name":"wp","href":"https:\/\/api.w.org\/{rel}","templated":true}]}}