{"id":282817,"date":"2022-06-28T10:32:37","date_gmt":"2022-06-28T09:32:37","guid":{"rendered":"https:\/\/ecosupplements.be\/product\/epic-pro-probiotique-a-25-souches-30-vcaps\/"},"modified":"2025-08-27T12:53:45","modified_gmt":"2025-08-27T11:53:45","slug":"epic-pro-probiotique-a-25-souches-30-vcaps","status":"publish","type":"product","link":"https:\/\/ecosupplements.be\/fr\/produit\/epic-pro-probiotique-a-25-souches-30-vcaps\/","title":{"rendered":"Epic Pro Probiotique \u00e0 25 souches &#8211; 30 vcaps"},"content":{"rendered":"<h1 style=\"text-align: center;\">Swanson &#8211; Epic Pro Probiotique \u00e0 25 souches<\/h1>\n<p>Notre probiotique \u00e0 large spectre le plus complet qui soit<br \/>\nFavorise une digestion saine et la sant\u00e9 du syst\u00e8me immunitaire<br \/>\nFournit 25 souches probiotiques<br \/>\nOptimisez votre environnement interne pour am\u00e9liorer votre sant\u00e9 et votre vitalit\u00e9 gr\u00e2ce \u00e0 Swanson Epic-Pro 25-Strain Probiotic, notre suppl\u00e9ment probiotique \u00e0 large spectre le plus complet \u00e0 ce jour ! Les microbes &#8220;amicaux&#8221; connus sous le nom de probiotiques peuvent avoir un large \u00e9ventail d&#8217;effets b\u00e9n\u00e9fiques sur votre sant\u00e9 et votre bien-\u00eatre, de la promotion d&#8217;une digestion saine et du fonctionnement du tube digestif au soutien d&#8217;un syst\u00e8me immunitaire fort et \u00e0 l&#8217;aide au maintien du bien-\u00eatre mental et \u00e9motionnel. C&#8217;est pourquoi de plus en plus de professionnels de la sant\u00e9 soulignent l&#8217;importance de maintenir un \u00e9quilibre microbien sain dans l&#8217;intestin comme \u00e9l\u00e9ment fondamental d&#8217;un r\u00e9gime de bien-\u00eatre holistique. Epic Pro 25 Strain Probiotic offre 30 milliards d&#8217;UFC d&#8217;organismes probiotiques provenant de 25 souches s\u00e9lectionn\u00e9es, dont le c\u00e9l\u00e8bre m\u00e9lange Kyo-Dophilus, 7 esp\u00e8ces de bifidobacterium et la levure probiotique Saccharomyces boulardii, ainsi que des FOS Nutraflora probiotiques pour les nourrir et les aider \u00e0 se d\u00e9velopper &#8211; le tout emball\u00e9 dans des DRCAPS v\u00e9g\u00e9tariens con\u00e7us pour r\u00e9sister aux acides gastriques et les acheminer en toute s\u00e9curit\u00e9 vers le tube digestif inf\u00e9rieur. C&#8217;est le moyen id\u00e9al pour renforcer vos alli\u00e9s microbiens et d\u00e9fendre votre bonne sant\u00e9.<\/p>\n<p><img decoding=\"async\" src=\"https:\/\/ecosupplements.be\/wp-content\/uploads\/2025\/08\/vegetarian-1.png\" title=\"V\u00e9g\u00e9tarien\" alt=\"Vegetarian\"><\/p>\n","protected":false},"excerpt":{"rendered":"<p>Swanson &#8211; Epic Pro Probiotique \u00e0 25 souches Notre probiotique \u00e0 large spectre le plus complet qui soit Favorise une digestion saine et la sant\u00e9 du syst\u00e8me immunitaire Fournit 25 souches probiotiques Optimisez votre environnement interne pour am\u00e9liorer votre sant\u00e9 et votre vitalit\u00e9 gr\u00e2ce \u00e0 Swanson Epic-Pro 25-Strain Probiotic, notre suppl\u00e9ment probiotique \u00e0 large spectre [&#8230;]\n","protected":false},"featured_media":256617,"comment_status":"open","ping_status":"open","template":"","meta":[],"product_brand":[4761],"product_cat":[5086,5093,5087,5052,5053],"product_tag":[5069],"class_list":{"0":"post-282817","1":"product","2":"type-product","3":"status-publish","4":"has-post-thumbnail","6":"product_brand-swanson-2","7":"product_cat-probiotiques","8":"product_cat-sante-digestive","9":"product_cat-sante-digestive-fibres","10":"product_cat-sante-et-bien-etre","11":"product_cat-vitamines-et-mineraux","12":"product_tag-topeco-2","14":"first","15":"instock","16":"taxable","17":"shipping-taxable","18":"purchasable","19":"product-type-simple"},"yoast_head":"<!-- This site is optimized with the Yoast SEO Premium plugin v27.3 (Yoast SEO v27.3) - https:\/\/yoast.com\/product\/yoast-seo-premium-wordpress\/ -->\n<title>Epic Pro Probiotique \u00e0 25 souches - 30 vcaps - ECO Supplements<\/title>\n<meta name=\"description\" content=\"Wij hebben een ruime keuze aan producten van Epic Pro Probiotique \u00e0 25 souches - 30 vcaps . Winkel bij Eco Supplements altijd gratis verzending boven 100\u20ac\" \/>\n<meta name=\"robots\" content=\"index, follow, max-snippet:-1, max-image-preview:large, max-video-preview:-1\" \/>\n<link rel=\"canonical\" href=\"https:\/\/ecosupplements.be\/fr\/produit\/epic-pro-probiotique-a-25-souches-30-vcaps\/\" \/>\n<meta property=\"og:locale\" content=\"fr_FR\" \/>\n<meta property=\"og:type\" content=\"article\" \/>\n<meta property=\"og:title\" content=\"Epic Pro Probiotique \u00e0 25 souches - 30 vcaps\" \/>\n<meta property=\"og:description\" content=\"Wij hebben een ruime keuze aan producten van Epic Pro Probiotique \u00e0 25 souches - 30 vcaps . Winkel bij Eco Supplements altijd gratis verzending boven 100\u20ac\" \/>\n<meta property=\"og:url\" content=\"https:\/\/ecosupplements.be\/fr\/produit\/epic-pro-probiotique-a-25-souches-30-vcaps\/\" \/>\n<meta property=\"og:site_name\" content=\"ECO Supplements\" \/>\n<meta property=\"article:modified_time\" content=\"2025-08-27T11:53:45+00:00\" \/>\n<meta property=\"og:image\" content=\"https:\/\/ecosupplements.be\/wp-content\/uploads\/2025\/08\/Swanson-Epic-Pro-25-Strain-Probiotic-30-vcaps-1.jpg\" \/>\n\t<meta property=\"og:image:width\" content=\"750\" \/>\n\t<meta property=\"og:image:height\" content=\"750\" \/>\n\t<meta property=\"og:image:type\" content=\"image\/jpeg\" \/>\n<meta name=\"twitter:card\" content=\"summary_large_image\" \/>\n<meta name=\"twitter:label1\" content=\"Prix\" \/>\n\t<meta name=\"twitter:data1\" content=\"17.17&nbsp;&euro;\" \/>\n\t<meta name=\"twitter:label2\" content=\"Disponibilit\u00e9\" \/>\n\t<meta name=\"twitter:data2\" content=\"En stock\" \/>\n<script type=\"application\/ld+json\" class=\"yoast-schema-graph\">{\"@context\":\"https:\\\/\\\/schema.org\",\"@graph\":[{\"@type\":[\"WebPage\",\"ItemPage\"],\"@id\":\"https:\\\/\\\/ecosupplements.be\\\/fr\\\/produit\\\/epic-pro-probiotique-a-25-souches-30-vcaps\\\/\",\"url\":\"https:\\\/\\\/ecosupplements.be\\\/fr\\\/produit\\\/epic-pro-probiotique-a-25-souches-30-vcaps\\\/\",\"name\":\"Epic Pro Probiotique \u00e0 25 souches - 30 vcaps - ECO Supplements\",\"isPartOf\":{\"@id\":\"https:\\\/\\\/ecosupplements.be\\\/fr\\\/#website\"},\"primaryImageOfPage\":{\"@id\":\"https:\\\/\\\/ecosupplements.be\\\/fr\\\/produit\\\/epic-pro-probiotique-a-25-souches-30-vcaps\\\/#primaryimage\"},\"image\":{\"@id\":\"https:\\\/\\\/ecosupplements.be\\\/fr\\\/produit\\\/epic-pro-probiotique-a-25-souches-30-vcaps\\\/#primaryimage\"},\"thumbnailUrl\":\"https:\\\/\\\/ecosupplements.be\\\/wp-content\\\/uploads\\\/2025\\\/08\\\/Swanson-Epic-Pro-25-Strain-Probiotic-30-vcaps-1.jpg\",\"datePublished\":\"2022-06-28T09:32:37+00:00\",\"dateModified\":\"2025-08-27T11:53:45+00:00\",\"description\":\"Wij hebben een ruime keuze aan producten van Epic Pro Probiotique \u00e0 25 souches - 30 vcaps . Winkel bij Eco Supplements altijd gratis verzending boven 100\u20ac\",\"breadcrumb\":{\"@id\":\"https:\\\/\\\/ecosupplements.be\\\/fr\\\/produit\\\/epic-pro-probiotique-a-25-souches-30-vcaps\\\/#breadcrumb\"},\"inLanguage\":\"fr-FR\",\"potentialAction\":[{\"@type\":\"ReadAction\",\"target\":[\"https:\\\/\\\/ecosupplements.be\\\/fr\\\/produit\\\/epic-pro-probiotique-a-25-souches-30-vcaps\\\/\"]}]},{\"@type\":\"ImageObject\",\"inLanguage\":\"fr-FR\",\"@id\":\"https:\\\/\\\/ecosupplements.be\\\/fr\\\/produit\\\/epic-pro-probiotique-a-25-souches-30-vcaps\\\/#primaryimage\",\"url\":\"https:\\\/\\\/ecosupplements.be\\\/wp-content\\\/uploads\\\/2025\\\/08\\\/Swanson-Epic-Pro-25-Strain-Probiotic-30-vcaps-1.jpg\",\"contentUrl\":\"https:\\\/\\\/ecosupplements.be\\\/wp-content\\\/uploads\\\/2025\\\/08\\\/Swanson-Epic-Pro-25-Strain-Probiotic-30-vcaps-1.jpg\",\"width\":750,\"height\":750},{\"@type\":\"BreadcrumbList\",\"@id\":\"https:\\\/\\\/ecosupplements.be\\\/fr\\\/produit\\\/epic-pro-probiotique-a-25-souches-30-vcaps\\\/#breadcrumb\",\"itemListElement\":[{\"@type\":\"ListItem\",\"position\":1,\"name\":\"Home\",\"item\":\"https:\\\/\\\/ecosupplements.be\\\/fr\\\/\"},{\"@type\":\"ListItem\",\"position\":2,\"name\":\"Boutique\",\"item\":\"https:\\\/\\\/ecosupplements.be\\\/fr\\\/boutique\\\/\"},{\"@type\":\"ListItem\",\"position\":3,\"name\":\"Epic Pro Probiotique \u00e0 25 souches &#8211; 30 vcaps\"}]},{\"@type\":\"WebSite\",\"@id\":\"https:\\\/\\\/ecosupplements.be\\\/fr\\\/#website\",\"url\":\"https:\\\/\\\/ecosupplements.be\\\/fr\\\/\",\"name\":\"ECO Supplements\",\"description\":\"Eco Supplements - Gezonde supplementen\",\"publisher\":{\"@id\":\"https:\\\/\\\/ecosupplements.be\\\/fr\\\/#organization\"},\"potentialAction\":[{\"@type\":\"SearchAction\",\"target\":{\"@type\":\"EntryPoint\",\"urlTemplate\":\"https:\\\/\\\/ecosupplements.be\\\/fr\\\/?s={search_term_string}\"},\"query-input\":{\"@type\":\"PropertyValueSpecification\",\"valueRequired\":true,\"valueName\":\"search_term_string\"}}],\"inLanguage\":\"fr-FR\"},{\"@type\":\"Organization\",\"@id\":\"https:\\\/\\\/ecosupplements.be\\\/fr\\\/#organization\",\"name\":\"Eco Supplements\",\"url\":\"https:\\\/\\\/ecosupplements.be\\\/fr\\\/\",\"logo\":{\"@type\":\"ImageObject\",\"inLanguage\":\"fr-FR\",\"@id\":\"https:\\\/\\\/ecosupplements.be\\\/fr\\\/#\\\/schema\\\/logo\\\/image\\\/\",\"url\":\"https:\\\/\\\/ecosupplements.be\\\/wp-content\\\/uploads\\\/2022\\\/06\\\/ecosupplement-family.png\",\"contentUrl\":\"https:\\\/\\\/ecosupplements.be\\\/wp-content\\\/uploads\\\/2022\\\/06\\\/ecosupplement-family.png\",\"width\":593,\"height\":374,\"caption\":\"Eco Supplements\"},\"image\":{\"@id\":\"https:\\\/\\\/ecosupplements.be\\\/fr\\\/#\\\/schema\\\/logo\\\/image\\\/\"}}]}<\/script>\n<meta property=\"product:brand\" content=\"Swanson\" \/>\n<meta property=\"product:price:amount\" content=\"17.17\" \/>\n<meta property=\"product:price:currency\" content=\"EUR\" \/>\n<meta property=\"og:availability\" content=\"instock\" \/>\n<meta property=\"product:availability\" content=\"instock\" \/>\n<meta property=\"product:retailer_item_id\" content=\"087614190303\" \/>\n<meta property=\"product:condition\" content=\"new\" \/>\n<!-- \/ Yoast SEO Premium plugin. -->","yoast_head_json":{"title":"Epic Pro Probiotique \u00e0 25 souches - 30 vcaps - ECO Supplements","description":"Wij hebben een ruime keuze aan producten van Epic Pro Probiotique \u00e0 25 souches - 30 vcaps . Winkel bij Eco Supplements altijd gratis verzending boven 100\u20ac","robots":{"index":"index","follow":"follow","max-snippet":"max-snippet:-1","max-image-preview":"max-image-preview:large","max-video-preview":"max-video-preview:-1"},"canonical":"https:\/\/ecosupplements.be\/fr\/produit\/epic-pro-probiotique-a-25-souches-30-vcaps\/","og_locale":"fr_FR","og_type":"article","og_title":"Epic Pro Probiotique \u00e0 25 souches - 30 vcaps","og_description":"Wij hebben een ruime keuze aan producten van Epic Pro Probiotique \u00e0 25 souches - 30 vcaps . Winkel bij Eco Supplements altijd gratis verzending boven 100\u20ac","og_url":"https:\/\/ecosupplements.be\/fr\/produit\/epic-pro-probiotique-a-25-souches-30-vcaps\/","og_site_name":"ECO Supplements","article_modified_time":"2025-08-27T11:53:45+00:00","og_image":[{"width":750,"height":750,"url":"https:\/\/ecosupplements.be\/wp-content\/uploads\/2025\/08\/Swanson-Epic-Pro-25-Strain-Probiotic-30-vcaps-1.jpg","type":"image\/jpeg"}],"twitter_card":"summary_large_image","twitter_misc":{"Prix":"17.17&nbsp;&euro;","Disponibilit\u00e9":"En stock"},"schema":{"@context":"https:\/\/schema.org","@graph":[{"@type":["WebPage","ItemPage"],"@id":"https:\/\/ecosupplements.be\/fr\/produit\/epic-pro-probiotique-a-25-souches-30-vcaps\/","url":"https:\/\/ecosupplements.be\/fr\/produit\/epic-pro-probiotique-a-25-souches-30-vcaps\/","name":"Epic Pro Probiotique \u00e0 25 souches - 30 vcaps - ECO Supplements","isPartOf":{"@id":"https:\/\/ecosupplements.be\/fr\/#website"},"primaryImageOfPage":{"@id":"https:\/\/ecosupplements.be\/fr\/produit\/epic-pro-probiotique-a-25-souches-30-vcaps\/#primaryimage"},"image":{"@id":"https:\/\/ecosupplements.be\/fr\/produit\/epic-pro-probiotique-a-25-souches-30-vcaps\/#primaryimage"},"thumbnailUrl":"https:\/\/ecosupplements.be\/wp-content\/uploads\/2025\/08\/Swanson-Epic-Pro-25-Strain-Probiotic-30-vcaps-1.jpg","datePublished":"2022-06-28T09:32:37+00:00","dateModified":"2025-08-27T11:53:45+00:00","description":"Wij hebben een ruime keuze aan producten van Epic Pro Probiotique \u00e0 25 souches - 30 vcaps . Winkel bij Eco Supplements altijd gratis verzending boven 100\u20ac","breadcrumb":{"@id":"https:\/\/ecosupplements.be\/fr\/produit\/epic-pro-probiotique-a-25-souches-30-vcaps\/#breadcrumb"},"inLanguage":"fr-FR","potentialAction":[{"@type":"ReadAction","target":["https:\/\/ecosupplements.be\/fr\/produit\/epic-pro-probiotique-a-25-souches-30-vcaps\/"]}]},{"@type":"ImageObject","inLanguage":"fr-FR","@id":"https:\/\/ecosupplements.be\/fr\/produit\/epic-pro-probiotique-a-25-souches-30-vcaps\/#primaryimage","url":"https:\/\/ecosupplements.be\/wp-content\/uploads\/2025\/08\/Swanson-Epic-Pro-25-Strain-Probiotic-30-vcaps-1.jpg","contentUrl":"https:\/\/ecosupplements.be\/wp-content\/uploads\/2025\/08\/Swanson-Epic-Pro-25-Strain-Probiotic-30-vcaps-1.jpg","width":750,"height":750},{"@type":"BreadcrumbList","@id":"https:\/\/ecosupplements.be\/fr\/produit\/epic-pro-probiotique-a-25-souches-30-vcaps\/#breadcrumb","itemListElement":[{"@type":"ListItem","position":1,"name":"Home","item":"https:\/\/ecosupplements.be\/fr\/"},{"@type":"ListItem","position":2,"name":"Boutique","item":"https:\/\/ecosupplements.be\/fr\/boutique\/"},{"@type":"ListItem","position":3,"name":"Epic Pro Probiotique \u00e0 25 souches &#8211; 30 vcaps"}]},{"@type":"WebSite","@id":"https:\/\/ecosupplements.be\/fr\/#website","url":"https:\/\/ecosupplements.be\/fr\/","name":"ECO Supplements","description":"Eco Supplements - Gezonde supplementen","publisher":{"@id":"https:\/\/ecosupplements.be\/fr\/#organization"},"potentialAction":[{"@type":"SearchAction","target":{"@type":"EntryPoint","urlTemplate":"https:\/\/ecosupplements.be\/fr\/?s={search_term_string}"},"query-input":{"@type":"PropertyValueSpecification","valueRequired":true,"valueName":"search_term_string"}}],"inLanguage":"fr-FR"},{"@type":"Organization","@id":"https:\/\/ecosupplements.be\/fr\/#organization","name":"Eco Supplements","url":"https:\/\/ecosupplements.be\/fr\/","logo":{"@type":"ImageObject","inLanguage":"fr-FR","@id":"https:\/\/ecosupplements.be\/fr\/#\/schema\/logo\/image\/","url":"https:\/\/ecosupplements.be\/wp-content\/uploads\/2022\/06\/ecosupplement-family.png","contentUrl":"https:\/\/ecosupplements.be\/wp-content\/uploads\/2022\/06\/ecosupplement-family.png","width":593,"height":374,"caption":"Eco Supplements"},"image":{"@id":"https:\/\/ecosupplements.be\/fr\/#\/schema\/logo\/image\/"}}]},"product_brand":"Swanson","product_price_amount":"17.17","product_price_currency":"EUR","og_availability":"instock","product_availability":"instock","product_retailer_item_id":"087614190303","product_condition":"new"},"_links":{"self":[{"href":"https:\/\/ecosupplements.be\/fr\/wp-json\/wp\/v2\/product\/282817","targetHints":{"allow":["GET"]}}],"collection":[{"href":"https:\/\/ecosupplements.be\/fr\/wp-json\/wp\/v2\/product"}],"about":[{"href":"https:\/\/ecosupplements.be\/fr\/wp-json\/wp\/v2\/types\/product"}],"replies":[{"embeddable":true,"href":"https:\/\/ecosupplements.be\/fr\/wp-json\/wp\/v2\/comments?post=282817"}],"wp:featuredmedia":[{"embeddable":true,"href":"https:\/\/ecosupplements.be\/fr\/wp-json\/wp\/v2\/media\/256617"}],"wp:attachment":[{"href":"https:\/\/ecosupplements.be\/fr\/wp-json\/wp\/v2\/media?parent=282817"}],"wp:term":[{"taxonomy":"product_brand","embeddable":true,"href":"https:\/\/ecosupplements.be\/fr\/wp-json\/wp\/v2\/product_brand?post=282817"},{"taxonomy":"product_cat","embeddable":true,"href":"https:\/\/ecosupplements.be\/fr\/wp-json\/wp\/v2\/product_cat?post=282817"},{"taxonomy":"product_tag","embeddable":true,"href":"https:\/\/ecosupplements.be\/fr\/wp-json\/wp\/v2\/product_tag?post=282817"}],"curies":[{"name":"wp","href":"https:\/\/api.w.org\/{rel}","templated":true}]}}