{"id":282831,"date":"2022-06-28T10:32:47","date_gmt":"2022-06-28T09:32:47","guid":{"rendered":"https:\/\/ecosupplements.be\/product\/folate-acide-5-methyltetrahydrofolique-800mcg-30-vcaps\/"},"modified":"2025-08-27T12:54:24","modified_gmt":"2025-08-27T11:54:24","slug":"folate-acide-5-methyltetrahydrofolique-800mcg-30-vcaps","status":"publish","type":"product","link":"https:\/\/ecosupplements.be\/fr\/produit\/folate-acide-5-methyltetrahydrofolique-800mcg-30-vcaps\/","title":{"rendered":"Folate (acide 5-m\u00e9thylt\u00e9trahydrofolique), 800mcg &#8211; 30 vcaps"},"content":{"rendered":"<h1 style=\"text-align: center\">Swanson &#8211; Folate (acide 5-m\u00e9thylt\u00e9trahydrofolique)<\/h1>\n<p>Contient du Quatrefolic, une forme plus biodisponible de folate<br \/>\nFavorise la croissance cellulaire, la synth\u00e8se de l&#8217;ADN et la production de globules rouges<br \/>\nSoutient la r\u00e9g r\u00e9g r\u00e9g r\u00e9g r\u00e9g\u00e9n\u00e9ration cellulaire<br \/>\nIl ne fait aucun doute que le folate est important, surtout pour les jeunes femmes et les femmes enceintes. Il est important pour la croissance cellulaire, la synth\u00e8se de l&#8217;ADN et la production de globules rouges. Mais les suppl\u00e9ments d&#8217;acide folique courants ne sont pas tr\u00e8s efficaces. Ils doivent \u00eatre m\u00e9tabolis\u00e9s pour \u00eatre absorb\u00e9s et seul un petit pourcentage de folate parvient effectivement dans l&#8217;organisme. Quatrefolic change tout avec une forme scientifiquement avanc\u00e9e de folate r\u00e9duit qui b\u00e9n\u00e9ficie d&#8217;une stabilit\u00e9 durable, d&#8217;une solubilit\u00e9 \u00e9lev\u00e9e et d&#8217;une biodisponibilit\u00e9 encore meilleure que celle des principales marques. Si vous voulez s\u00e9rieusement maintenir des niveaux ad\u00e9quats de folate, si vous voulez un suppl\u00e9ment sur lequel vous pouvez vraiment compter, Swanson Ultra Folate avec Quatrefolic est le choix \u00e9vident. C&#8217;est l&#8217;avenir de la science de l&#8217;acide folique qui contribue \u00e0 assurer la sant\u00e9 des g\u00e9n\u00e9rations futures.<\/p>\n","protected":false},"excerpt":{"rendered":"<p>Swanson &#8211; Folate (acide 5-m\u00e9thylt\u00e9trahydrofolique) Contient du Quatrefolic, une forme plus biodisponible de folate Favorise la croissance cellulaire, la synth\u00e8se de l&#8217;ADN et la production de globules rouges Soutient la r\u00e9g r\u00e9g r\u00e9g r\u00e9g r\u00e9g\u00e9n\u00e9ration cellulaire Il ne fait aucun doute que le folate est important, surtout pour les jeunes femmes et les femmes enceintes. [&#8230;]\n","protected":false},"featured_media":256691,"comment_status":"open","ping_status":"open","template":"","meta":[],"product_brand":[4761],"product_cat":[5117,5052,5053,5204,5059],"product_tag":[],"class_list":{"0":"post-282831","1":"product","2":"type-product","3":"status-publish","4":"has-post-thumbnail","6":"product_brand-swanson-2","7":"product_cat-folate","8":"product_cat-sante-et-bien-etre","9":"product_cat-vitamines-et-mineraux","10":"product_cat-vitamines-et-mineraux-prenataux","11":"product_cat-vitamines-simples","13":"first","14":"instock","15":"taxable","16":"shipping-taxable","17":"purchasable","18":"product-type-simple"},"yoast_head":"<!-- This site is optimized with the Yoast SEO Premium plugin v27.3 (Yoast SEO v27.3) - https:\/\/yoast.com\/product\/yoast-seo-premium-wordpress\/ -->\n<title>Folate (acide 5-m\u00e9thylt\u00e9trahydrofolique), 800mcg - 30 vcaps - ECO Supplements<\/title>\n<meta name=\"description\" content=\"Wij hebben een ruime keuze aan producten van Folate (acide 5-m\u00e9thylt\u00e9trahydrofolique), 800mcg - 30 vcaps . Winkel bij Eco Supplements altijd gratis verzending boven 100\u20ac\" \/>\n<meta name=\"robots\" content=\"index, follow, max-snippet:-1, max-image-preview:large, max-video-preview:-1\" \/>\n<link rel=\"canonical\" href=\"https:\/\/ecosupplements.be\/fr\/produit\/folate-acide-5-methyltetrahydrofolique-800mcg-30-vcaps\/\" \/>\n<meta property=\"og:locale\" content=\"fr_FR\" \/>\n<meta property=\"og:type\" content=\"article\" \/>\n<meta property=\"og:title\" content=\"Folate (acide 5-m\u00e9thylt\u00e9trahydrofolique), 800mcg - 30 vcaps\" \/>\n<meta property=\"og:description\" content=\"Wij hebben een ruime keuze aan producten van Folate (acide 5-m\u00e9thylt\u00e9trahydrofolique), 800mcg - 30 vcaps . Winkel bij Eco Supplements altijd gratis verzending boven 100\u20ac\" \/>\n<meta property=\"og:url\" content=\"https:\/\/ecosupplements.be\/fr\/produit\/folate-acide-5-methyltetrahydrofolique-800mcg-30-vcaps\/\" \/>\n<meta property=\"og:site_name\" content=\"ECO Supplements\" \/>\n<meta property=\"article:modified_time\" content=\"2025-08-27T11:54:24+00:00\" \/>\n<meta property=\"og:image\" content=\"https:\/\/ecosupplements.be\/wp-content\/uploads\/2025\/08\/Swanson-Folate-5-Methyltetrahydrofolic-Acid-800mcg-30-vcaps.jpg\" \/>\n\t<meta property=\"og:image:width\" content=\"750\" \/>\n\t<meta property=\"og:image:height\" content=\"750\" \/>\n\t<meta property=\"og:image:type\" content=\"image\/jpeg\" \/>\n<meta name=\"twitter:card\" content=\"summary_large_image\" \/>\n<meta name=\"twitter:label1\" content=\"Prix\" \/>\n\t<meta name=\"twitter:data1\" content=\"5.75&nbsp;&euro;\" \/>\n\t<meta name=\"twitter:label2\" content=\"Disponibilit\u00e9\" \/>\n\t<meta name=\"twitter:data2\" content=\"En stock\" \/>\n<script type=\"application\/ld+json\" class=\"yoast-schema-graph\">{\"@context\":\"https:\\\/\\\/schema.org\",\"@graph\":[{\"@type\":[\"WebPage\",\"ItemPage\"],\"@id\":\"https:\\\/\\\/ecosupplements.be\\\/fr\\\/produit\\\/folate-acide-5-methyltetrahydrofolique-800mcg-30-vcaps\\\/\",\"url\":\"https:\\\/\\\/ecosupplements.be\\\/fr\\\/produit\\\/folate-acide-5-methyltetrahydrofolique-800mcg-30-vcaps\\\/\",\"name\":\"Folate (acide 5-m\u00e9thylt\u00e9trahydrofolique), 800mcg - 30 vcaps - ECO Supplements\",\"isPartOf\":{\"@id\":\"https:\\\/\\\/ecosupplements.be\\\/fr\\\/#website\"},\"primaryImageOfPage\":{\"@id\":\"https:\\\/\\\/ecosupplements.be\\\/fr\\\/produit\\\/folate-acide-5-methyltetrahydrofolique-800mcg-30-vcaps\\\/#primaryimage\"},\"image\":{\"@id\":\"https:\\\/\\\/ecosupplements.be\\\/fr\\\/produit\\\/folate-acide-5-methyltetrahydrofolique-800mcg-30-vcaps\\\/#primaryimage\"},\"thumbnailUrl\":\"https:\\\/\\\/ecosupplements.be\\\/wp-content\\\/uploads\\\/2025\\\/08\\\/Swanson-Folate-5-Methyltetrahydrofolic-Acid-800mcg-30-vcaps-1.jpg\",\"datePublished\":\"2022-06-28T09:32:47+00:00\",\"dateModified\":\"2025-08-27T11:54:24+00:00\",\"description\":\"Wij hebben een ruime keuze aan producten van Folate (acide 5-m\u00e9thylt\u00e9trahydrofolique), 800mcg - 30 vcaps . Winkel bij Eco Supplements altijd gratis verzending boven 100\u20ac\",\"breadcrumb\":{\"@id\":\"https:\\\/\\\/ecosupplements.be\\\/fr\\\/produit\\\/folate-acide-5-methyltetrahydrofolique-800mcg-30-vcaps\\\/#breadcrumb\"},\"inLanguage\":\"fr-FR\",\"potentialAction\":[{\"@type\":\"ReadAction\",\"target\":[\"https:\\\/\\\/ecosupplements.be\\\/fr\\\/produit\\\/folate-acide-5-methyltetrahydrofolique-800mcg-30-vcaps\\\/\"]}]},{\"@type\":\"ImageObject\",\"inLanguage\":\"fr-FR\",\"@id\":\"https:\\\/\\\/ecosupplements.be\\\/fr\\\/produit\\\/folate-acide-5-methyltetrahydrofolique-800mcg-30-vcaps\\\/#primaryimage\",\"url\":\"https:\\\/\\\/ecosupplements.be\\\/wp-content\\\/uploads\\\/2025\\\/08\\\/Swanson-Folate-5-Methyltetrahydrofolic-Acid-800mcg-30-vcaps-1.jpg\",\"contentUrl\":\"https:\\\/\\\/ecosupplements.be\\\/wp-content\\\/uploads\\\/2025\\\/08\\\/Swanson-Folate-5-Methyltetrahydrofolic-Acid-800mcg-30-vcaps-1.jpg\",\"width\":750,\"height\":750},{\"@type\":\"BreadcrumbList\",\"@id\":\"https:\\\/\\\/ecosupplements.be\\\/fr\\\/produit\\\/folate-acide-5-methyltetrahydrofolique-800mcg-30-vcaps\\\/#breadcrumb\",\"itemListElement\":[{\"@type\":\"ListItem\",\"position\":1,\"name\":\"Home\",\"item\":\"https:\\\/\\\/ecosupplements.be\\\/fr\\\/\"},{\"@type\":\"ListItem\",\"position\":2,\"name\":\"Boutique\",\"item\":\"https:\\\/\\\/ecosupplements.be\\\/fr\\\/boutique\\\/\"},{\"@type\":\"ListItem\",\"position\":3,\"name\":\"Folate (acide 5-m\u00e9thylt\u00e9trahydrofolique), 800mcg &#8211; 30 vcaps\"}]},{\"@type\":\"WebSite\",\"@id\":\"https:\\\/\\\/ecosupplements.be\\\/fr\\\/#website\",\"url\":\"https:\\\/\\\/ecosupplements.be\\\/fr\\\/\",\"name\":\"ECO Supplements\",\"description\":\"Eco Supplements - Gezonde supplementen\",\"publisher\":{\"@id\":\"https:\\\/\\\/ecosupplements.be\\\/fr\\\/#organization\"},\"potentialAction\":[{\"@type\":\"SearchAction\",\"target\":{\"@type\":\"EntryPoint\",\"urlTemplate\":\"https:\\\/\\\/ecosupplements.be\\\/fr\\\/?s={search_term_string}\"},\"query-input\":{\"@type\":\"PropertyValueSpecification\",\"valueRequired\":true,\"valueName\":\"search_term_string\"}}],\"inLanguage\":\"fr-FR\"},{\"@type\":\"Organization\",\"@id\":\"https:\\\/\\\/ecosupplements.be\\\/fr\\\/#organization\",\"name\":\"Eco Supplements\",\"url\":\"https:\\\/\\\/ecosupplements.be\\\/fr\\\/\",\"logo\":{\"@type\":\"ImageObject\",\"inLanguage\":\"fr-FR\",\"@id\":\"https:\\\/\\\/ecosupplements.be\\\/fr\\\/#\\\/schema\\\/logo\\\/image\\\/\",\"url\":\"https:\\\/\\\/ecosupplements.be\\\/wp-content\\\/uploads\\\/2022\\\/06\\\/ecosupplement-family.png\",\"contentUrl\":\"https:\\\/\\\/ecosupplements.be\\\/wp-content\\\/uploads\\\/2022\\\/06\\\/ecosupplement-family.png\",\"width\":593,\"height\":374,\"caption\":\"Eco Supplements\"},\"image\":{\"@id\":\"https:\\\/\\\/ecosupplements.be\\\/fr\\\/#\\\/schema\\\/logo\\\/image\\\/\"}}]}<\/script>\n<meta property=\"product:brand\" content=\"Swanson\" \/>\n<meta property=\"product:price:amount\" content=\"5.75\" \/>\n<meta property=\"product:price:currency\" content=\"EUR\" \/>\n<meta property=\"og:availability\" content=\"instock\" \/>\n<meta property=\"product:availability\" content=\"instock\" \/>\n<meta property=\"product:retailer_item_id\" content=\"087614027142\" \/>\n<meta property=\"product:condition\" content=\"new\" \/>\n<!-- \/ Yoast SEO Premium plugin. -->","yoast_head_json":{"title":"Folate (acide 5-m\u00e9thylt\u00e9trahydrofolique), 800mcg - 30 vcaps - ECO Supplements","description":"Wij hebben een ruime keuze aan producten van Folate (acide 5-m\u00e9thylt\u00e9trahydrofolique), 800mcg - 30 vcaps . Winkel bij Eco Supplements altijd gratis verzending boven 100\u20ac","robots":{"index":"index","follow":"follow","max-snippet":"max-snippet:-1","max-image-preview":"max-image-preview:large","max-video-preview":"max-video-preview:-1"},"canonical":"https:\/\/ecosupplements.be\/fr\/produit\/folate-acide-5-methyltetrahydrofolique-800mcg-30-vcaps\/","og_locale":"fr_FR","og_type":"article","og_title":"Folate (acide 5-m\u00e9thylt\u00e9trahydrofolique), 800mcg - 30 vcaps","og_description":"Wij hebben een ruime keuze aan producten van Folate (acide 5-m\u00e9thylt\u00e9trahydrofolique), 800mcg - 30 vcaps . Winkel bij Eco Supplements altijd gratis verzending boven 100\u20ac","og_url":"https:\/\/ecosupplements.be\/fr\/produit\/folate-acide-5-methyltetrahydrofolique-800mcg-30-vcaps\/","og_site_name":"ECO Supplements","article_modified_time":"2025-08-27T11:54:24+00:00","og_image":[{"width":750,"height":750,"url":"https:\/\/ecosupplements.be\/wp-content\/uploads\/2025\/08\/Swanson-Folate-5-Methyltetrahydrofolic-Acid-800mcg-30-vcaps.jpg","type":"image\/jpeg"}],"twitter_card":"summary_large_image","twitter_misc":{"Prix":"5.75&nbsp;&euro;","Disponibilit\u00e9":"En stock"},"schema":{"@context":"https:\/\/schema.org","@graph":[{"@type":["WebPage","ItemPage"],"@id":"https:\/\/ecosupplements.be\/fr\/produit\/folate-acide-5-methyltetrahydrofolique-800mcg-30-vcaps\/","url":"https:\/\/ecosupplements.be\/fr\/produit\/folate-acide-5-methyltetrahydrofolique-800mcg-30-vcaps\/","name":"Folate (acide 5-m\u00e9thylt\u00e9trahydrofolique), 800mcg - 30 vcaps - ECO Supplements","isPartOf":{"@id":"https:\/\/ecosupplements.be\/fr\/#website"},"primaryImageOfPage":{"@id":"https:\/\/ecosupplements.be\/fr\/produit\/folate-acide-5-methyltetrahydrofolique-800mcg-30-vcaps\/#primaryimage"},"image":{"@id":"https:\/\/ecosupplements.be\/fr\/produit\/folate-acide-5-methyltetrahydrofolique-800mcg-30-vcaps\/#primaryimage"},"thumbnailUrl":"https:\/\/ecosupplements.be\/wp-content\/uploads\/2025\/08\/Swanson-Folate-5-Methyltetrahydrofolic-Acid-800mcg-30-vcaps-1.jpg","datePublished":"2022-06-28T09:32:47+00:00","dateModified":"2025-08-27T11:54:24+00:00","description":"Wij hebben een ruime keuze aan producten van Folate (acide 5-m\u00e9thylt\u00e9trahydrofolique), 800mcg - 30 vcaps . Winkel bij Eco Supplements altijd gratis verzending boven 100\u20ac","breadcrumb":{"@id":"https:\/\/ecosupplements.be\/fr\/produit\/folate-acide-5-methyltetrahydrofolique-800mcg-30-vcaps\/#breadcrumb"},"inLanguage":"fr-FR","potentialAction":[{"@type":"ReadAction","target":["https:\/\/ecosupplements.be\/fr\/produit\/folate-acide-5-methyltetrahydrofolique-800mcg-30-vcaps\/"]}]},{"@type":"ImageObject","inLanguage":"fr-FR","@id":"https:\/\/ecosupplements.be\/fr\/produit\/folate-acide-5-methyltetrahydrofolique-800mcg-30-vcaps\/#primaryimage","url":"https:\/\/ecosupplements.be\/wp-content\/uploads\/2025\/08\/Swanson-Folate-5-Methyltetrahydrofolic-Acid-800mcg-30-vcaps-1.jpg","contentUrl":"https:\/\/ecosupplements.be\/wp-content\/uploads\/2025\/08\/Swanson-Folate-5-Methyltetrahydrofolic-Acid-800mcg-30-vcaps-1.jpg","width":750,"height":750},{"@type":"BreadcrumbList","@id":"https:\/\/ecosupplements.be\/fr\/produit\/folate-acide-5-methyltetrahydrofolique-800mcg-30-vcaps\/#breadcrumb","itemListElement":[{"@type":"ListItem","position":1,"name":"Home","item":"https:\/\/ecosupplements.be\/fr\/"},{"@type":"ListItem","position":2,"name":"Boutique","item":"https:\/\/ecosupplements.be\/fr\/boutique\/"},{"@type":"ListItem","position":3,"name":"Folate (acide 5-m\u00e9thylt\u00e9trahydrofolique), 800mcg &#8211; 30 vcaps"}]},{"@type":"WebSite","@id":"https:\/\/ecosupplements.be\/fr\/#website","url":"https:\/\/ecosupplements.be\/fr\/","name":"ECO Supplements","description":"Eco Supplements - Gezonde supplementen","publisher":{"@id":"https:\/\/ecosupplements.be\/fr\/#organization"},"potentialAction":[{"@type":"SearchAction","target":{"@type":"EntryPoint","urlTemplate":"https:\/\/ecosupplements.be\/fr\/?s={search_term_string}"},"query-input":{"@type":"PropertyValueSpecification","valueRequired":true,"valueName":"search_term_string"}}],"inLanguage":"fr-FR"},{"@type":"Organization","@id":"https:\/\/ecosupplements.be\/fr\/#organization","name":"Eco Supplements","url":"https:\/\/ecosupplements.be\/fr\/","logo":{"@type":"ImageObject","inLanguage":"fr-FR","@id":"https:\/\/ecosupplements.be\/fr\/#\/schema\/logo\/image\/","url":"https:\/\/ecosupplements.be\/wp-content\/uploads\/2022\/06\/ecosupplement-family.png","contentUrl":"https:\/\/ecosupplements.be\/wp-content\/uploads\/2022\/06\/ecosupplement-family.png","width":593,"height":374,"caption":"Eco Supplements"},"image":{"@id":"https:\/\/ecosupplements.be\/fr\/#\/schema\/logo\/image\/"}}]},"product_brand":"Swanson","product_price_amount":"5.75","product_price_currency":"EUR","og_availability":"instock","product_availability":"instock","product_retailer_item_id":"087614027142","product_condition":"new"},"_links":{"self":[{"href":"https:\/\/ecosupplements.be\/fr\/wp-json\/wp\/v2\/product\/282831","targetHints":{"allow":["GET"]}}],"collection":[{"href":"https:\/\/ecosupplements.be\/fr\/wp-json\/wp\/v2\/product"}],"about":[{"href":"https:\/\/ecosupplements.be\/fr\/wp-json\/wp\/v2\/types\/product"}],"replies":[{"embeddable":true,"href":"https:\/\/ecosupplements.be\/fr\/wp-json\/wp\/v2\/comments?post=282831"}],"wp:featuredmedia":[{"embeddable":true,"href":"https:\/\/ecosupplements.be\/fr\/wp-json\/wp\/v2\/media\/256691"}],"wp:attachment":[{"href":"https:\/\/ecosupplements.be\/fr\/wp-json\/wp\/v2\/media?parent=282831"}],"wp:term":[{"taxonomy":"product_brand","embeddable":true,"href":"https:\/\/ecosupplements.be\/fr\/wp-json\/wp\/v2\/product_brand?post=282831"},{"taxonomy":"product_cat","embeddable":true,"href":"https:\/\/ecosupplements.be\/fr\/wp-json\/wp\/v2\/product_cat?post=282831"},{"taxonomy":"product_tag","embeddable":true,"href":"https:\/\/ecosupplements.be\/fr\/wp-json\/wp\/v2\/product_tag?post=282831"}],"curies":[{"name":"wp","href":"https:\/\/api.w.org\/{rel}","templated":true}]}}