{"id":282842,"date":"2022-06-28T10:32:55","date_gmt":"2022-06-28T09:32:55","guid":{"rendered":"https:\/\/ecosupplements.be\/product\/full-spectrum-boswellia-800mg-double-strength-60-caps\/"},"modified":"2025-08-27T12:54:48","modified_gmt":"2025-08-27T11:54:48","slug":"full-spectrum-boswellia-800mg-double-strength-60-caps","status":"publish","type":"product","link":"https:\/\/ecosupplements.be\/fr\/produit\/full-spectrum-boswellia-800mg-double-strength-60-caps\/","title":{"rendered":"Full Spectrum Boswellia, 800mg Double Strength &#8211; 60 caps"},"content":{"rendered":"<h1 style=\"text-align: center;\">Swanson &#8211; Boswellia \u00e0 spectre complet<\/h1>\n<p>Soutient l&#8217;int\u00e9grit\u00e9, le mouvement et la flexibilit\u00e9 des articulations<br \/>\nfournit un support pour les articulations<br \/>\nUtilis\u00e9 par les praticiens ayurv\u00e9diques depuis les temps anciens<br \/>\nPour un soutien articulaire sur lequel vous pouvez compter, faites confiance \u00e0 la plante sur laquelle les praticiens ayurv\u00e9diques s&#8217;appuient depuis les temps anciens : Boswellia serrata. L&#8217;Ayurveda fait partie des plus anciennes traditions de soins de sant\u00e9 au monde, avec des origines remontant \u00e0 plus de 5 000 ans. Au fil des si\u00e8cles, les traditions et l&#8217;exp\u00e9rience clinique transmises de g\u00e9n\u00e9ration en g\u00e9n\u00e9ration de praticiens ayurv\u00e9diques se sont transform\u00e9es en un immense corpus de connaissances dans lequel les herboristes modernes continuent de puiser \u00e0 ce jour. Parmi les milliers d&#8217;applications \u00e0 base de plantes document\u00e9es par les praticiens ayurv\u00e9diques \u00e0 travers les \u00e2ges, une plante tr\u00e8s efficace pour la sant\u00e9 des articulations reste aussi populaire aujourd&#8217;hui aupr\u00e8s des herboristes modernes qu&#8217;elle l&#8217;\u00e9tait \u00e0 l&#8217;\u00e9poque de leurs anc\u00eatres ayurv\u00e9diques &#8211; Boswellia serrata.<br \/>\nConnu des Anglais sous le nom d&#8217;encens indien, le Boswellia serrata est connu en sanskrit sous huit noms diff\u00e9rents, ce qui t\u00e9moigne de sa grande valeur et de son utilisation r\u00e9pandue par les herboristes ayurv\u00e9diques. Historiquement utilis\u00e9 pour normaliser les d\u00e9s\u00e9quilibres des doshas Pitta et Kapha de la tradition ayurv\u00e9dique, l&#8217;utilisation moderne du boswellia s&#8217;est concentr\u00e9e sur le soutien unique et efficace qu&#8217;il apporte \u00e0 la fonction et \u00e0 la mobilit\u00e9 articulaires, que les scientifiques attribuent \u00e0 l&#8217;activit\u00e9 de l&#8217;acide boswellique et d&#8217;autres constituants triterp\u00e9niques pr\u00e9sents dans l&#8217;herbe. Nos g\u00e9lules contiennent 800 mg de r\u00e9sine de gomme de boswellia \u00e0 spectre complet, ce qui vous permet de profiter plus facilement que jamais des bienfaits de cette plante ancestrale pour la sant\u00e9 des articulations.<\/p>\n","protected":false},"excerpt":{"rendered":"<p>Swanson &#8211; Boswellia \u00e0 spectre complet Soutient l&#8217;int\u00e9grit\u00e9, le mouvement et la flexibilit\u00e9 des articulations fournit un support pour les articulations Utilis\u00e9 par les praticiens ayurv\u00e9diques depuis les temps anciens Pour un soutien articulaire sur lequel vous pouvez compter, faites confiance \u00e0 la plante sur laquelle les praticiens ayurv\u00e9diques s&#8217;appuient depuis les temps anciens : [&#8230;]\n","protected":false},"featured_media":256744,"comment_status":"open","ping_status":"open","template":"","meta":[],"product_brand":[4761],"product_cat":[5052,5083,5084,5085,5094,5053],"product_tag":[],"class_list":{"0":"post-282842","1":"product","2":"type-product","3":"status-publish","4":"has-post-thumbnail","6":"product_brand-swanson-2","7":"product_cat-sante-et-bien-etre","8":"product_cat-soutien-aux-articulations","9":"product_cat-soutien-conjoint","10":"product_cat-soutien-pour-les-articulations","11":"product_cat-supplements-a-base-de-plantes","12":"product_cat-vitamines-et-mineraux","14":"first","15":"instock","16":"taxable","17":"shipping-taxable","18":"purchasable","19":"product-type-simple"},"yoast_head":"<!-- This site is optimized with the Yoast SEO Premium plugin v27.3 (Yoast SEO v27.3) - https:\/\/yoast.com\/product\/yoast-seo-premium-wordpress\/ -->\n<title>Full Spectrum Boswellia, 800mg Double Strength - 60 caps - ECO Supplements<\/title>\n<meta name=\"description\" content=\"Wij hebben een ruime keuze aan producten van Full Spectrum Boswellia, 800mg Double Strength - 60 caps . Winkel bij Eco Supplements altijd gratis verzending boven 100\u20ac\" \/>\n<meta name=\"robots\" content=\"index, follow, max-snippet:-1, max-image-preview:large, max-video-preview:-1\" \/>\n<link rel=\"canonical\" href=\"https:\/\/ecosupplements.be\/fr\/produit\/full-spectrum-boswellia-800mg-double-strength-60-caps\/\" \/>\n<meta property=\"og:locale\" content=\"fr_FR\" \/>\n<meta property=\"og:type\" content=\"article\" \/>\n<meta property=\"og:title\" content=\"Full Spectrum Boswellia, 800mg Double Strength - 60 caps\" \/>\n<meta property=\"og:description\" content=\"Wij hebben een ruime keuze aan producten van Full Spectrum Boswellia, 800mg Double Strength - 60 caps . Winkel bij Eco Supplements altijd gratis verzending boven 100\u20ac\" \/>\n<meta property=\"og:url\" content=\"https:\/\/ecosupplements.be\/fr\/produit\/full-spectrum-boswellia-800mg-double-strength-60-caps\/\" \/>\n<meta property=\"og:site_name\" content=\"ECO Supplements\" \/>\n<meta property=\"article:modified_time\" content=\"2025-08-27T11:54:48+00:00\" \/>\n<meta property=\"og:image\" content=\"https:\/\/ecosupplements.be\/wp-content\/uploads\/2025\/08\/Swanson-Full-Spectrum-Boswellia-800mg-Double-Strength-60-caps.jpg\" \/>\n\t<meta property=\"og:image:width\" content=\"750\" \/>\n\t<meta property=\"og:image:height\" content=\"750\" \/>\n\t<meta property=\"og:image:type\" content=\"image\/jpeg\" \/>\n<meta name=\"twitter:card\" content=\"summary_large_image\" \/>\n<meta name=\"twitter:label1\" content=\"Prix\" \/>\n\t<meta name=\"twitter:data1\" content=\"7.60&nbsp;&euro;\" \/>\n\t<meta name=\"twitter:label2\" content=\"Disponibilit\u00e9\" \/>\n\t<meta name=\"twitter:data2\" content=\"En stock\" \/>\n<script type=\"application\/ld+json\" class=\"yoast-schema-graph\">{\"@context\":\"https:\\\/\\\/schema.org\",\"@graph\":[{\"@type\":[\"WebPage\",\"ItemPage\"],\"@id\":\"https:\\\/\\\/ecosupplements.be\\\/fr\\\/produit\\\/full-spectrum-boswellia-800mg-double-strength-60-caps\\\/\",\"url\":\"https:\\\/\\\/ecosupplements.be\\\/fr\\\/produit\\\/full-spectrum-boswellia-800mg-double-strength-60-caps\\\/\",\"name\":\"Full Spectrum Boswellia, 800mg Double Strength - 60 caps - ECO Supplements\",\"isPartOf\":{\"@id\":\"https:\\\/\\\/ecosupplements.be\\\/fr\\\/#website\"},\"primaryImageOfPage\":{\"@id\":\"https:\\\/\\\/ecosupplements.be\\\/fr\\\/produit\\\/full-spectrum-boswellia-800mg-double-strength-60-caps\\\/#primaryimage\"},\"image\":{\"@id\":\"https:\\\/\\\/ecosupplements.be\\\/fr\\\/produit\\\/full-spectrum-boswellia-800mg-double-strength-60-caps\\\/#primaryimage\"},\"thumbnailUrl\":\"https:\\\/\\\/ecosupplements.be\\\/wp-content\\\/uploads\\\/2025\\\/08\\\/Swanson-Full-Spectrum-Boswellia-800mg-Double-Strength-60-caps-1.jpg\",\"datePublished\":\"2022-06-28T09:32:55+00:00\",\"dateModified\":\"2025-08-27T11:54:48+00:00\",\"description\":\"Wij hebben een ruime keuze aan producten van Full Spectrum Boswellia, 800mg Double Strength - 60 caps . Winkel bij Eco Supplements altijd gratis verzending boven 100\u20ac\",\"breadcrumb\":{\"@id\":\"https:\\\/\\\/ecosupplements.be\\\/fr\\\/produit\\\/full-spectrum-boswellia-800mg-double-strength-60-caps\\\/#breadcrumb\"},\"inLanguage\":\"fr-FR\",\"potentialAction\":[{\"@type\":\"ReadAction\",\"target\":[\"https:\\\/\\\/ecosupplements.be\\\/fr\\\/produit\\\/full-spectrum-boswellia-800mg-double-strength-60-caps\\\/\"]}]},{\"@type\":\"ImageObject\",\"inLanguage\":\"fr-FR\",\"@id\":\"https:\\\/\\\/ecosupplements.be\\\/fr\\\/produit\\\/full-spectrum-boswellia-800mg-double-strength-60-caps\\\/#primaryimage\",\"url\":\"https:\\\/\\\/ecosupplements.be\\\/wp-content\\\/uploads\\\/2025\\\/08\\\/Swanson-Full-Spectrum-Boswellia-800mg-Double-Strength-60-caps-1.jpg\",\"contentUrl\":\"https:\\\/\\\/ecosupplements.be\\\/wp-content\\\/uploads\\\/2025\\\/08\\\/Swanson-Full-Spectrum-Boswellia-800mg-Double-Strength-60-caps-1.jpg\",\"width\":750,\"height\":750},{\"@type\":\"BreadcrumbList\",\"@id\":\"https:\\\/\\\/ecosupplements.be\\\/fr\\\/produit\\\/full-spectrum-boswellia-800mg-double-strength-60-caps\\\/#breadcrumb\",\"itemListElement\":[{\"@type\":\"ListItem\",\"position\":1,\"name\":\"Home\",\"item\":\"https:\\\/\\\/ecosupplements.be\\\/fr\\\/\"},{\"@type\":\"ListItem\",\"position\":2,\"name\":\"Boutique\",\"item\":\"https:\\\/\\\/ecosupplements.be\\\/fr\\\/boutique\\\/\"},{\"@type\":\"ListItem\",\"position\":3,\"name\":\"Full Spectrum Boswellia, 800mg Double Strength &#8211; 60 caps\"}]},{\"@type\":\"WebSite\",\"@id\":\"https:\\\/\\\/ecosupplements.be\\\/fr\\\/#website\",\"url\":\"https:\\\/\\\/ecosupplements.be\\\/fr\\\/\",\"name\":\"ECO Supplements\",\"description\":\"Eco Supplements - Gezonde supplementen\",\"publisher\":{\"@id\":\"https:\\\/\\\/ecosupplements.be\\\/fr\\\/#organization\"},\"potentialAction\":[{\"@type\":\"SearchAction\",\"target\":{\"@type\":\"EntryPoint\",\"urlTemplate\":\"https:\\\/\\\/ecosupplements.be\\\/fr\\\/?s={search_term_string}\"},\"query-input\":{\"@type\":\"PropertyValueSpecification\",\"valueRequired\":true,\"valueName\":\"search_term_string\"}}],\"inLanguage\":\"fr-FR\"},{\"@type\":\"Organization\",\"@id\":\"https:\\\/\\\/ecosupplements.be\\\/fr\\\/#organization\",\"name\":\"Eco Supplements\",\"url\":\"https:\\\/\\\/ecosupplements.be\\\/fr\\\/\",\"logo\":{\"@type\":\"ImageObject\",\"inLanguage\":\"fr-FR\",\"@id\":\"https:\\\/\\\/ecosupplements.be\\\/fr\\\/#\\\/schema\\\/logo\\\/image\\\/\",\"url\":\"https:\\\/\\\/ecosupplements.be\\\/wp-content\\\/uploads\\\/2022\\\/06\\\/ecosupplement-family.png\",\"contentUrl\":\"https:\\\/\\\/ecosupplements.be\\\/wp-content\\\/uploads\\\/2022\\\/06\\\/ecosupplement-family.png\",\"width\":593,\"height\":374,\"caption\":\"Eco Supplements\"},\"image\":{\"@id\":\"https:\\\/\\\/ecosupplements.be\\\/fr\\\/#\\\/schema\\\/logo\\\/image\\\/\"}}]}<\/script>\n<meta property=\"product:brand\" content=\"Swanson\" \/>\n<meta property=\"product:price:amount\" content=\"7.60\" \/>\n<meta property=\"product:price:currency\" content=\"EUR\" \/>\n<meta property=\"og:availability\" content=\"instock\" \/>\n<meta property=\"product:availability\" content=\"instock\" \/>\n<meta property=\"product:retailer_item_id\" content=\"087614115894\" \/>\n<meta property=\"product:condition\" content=\"new\" \/>\n<!-- \/ Yoast SEO Premium plugin. -->","yoast_head_json":{"title":"Full Spectrum Boswellia, 800mg Double Strength - 60 caps - ECO Supplements","description":"Wij hebben een ruime keuze aan producten van Full Spectrum Boswellia, 800mg Double Strength - 60 caps . Winkel bij Eco Supplements altijd gratis verzending boven 100\u20ac","robots":{"index":"index","follow":"follow","max-snippet":"max-snippet:-1","max-image-preview":"max-image-preview:large","max-video-preview":"max-video-preview:-1"},"canonical":"https:\/\/ecosupplements.be\/fr\/produit\/full-spectrum-boswellia-800mg-double-strength-60-caps\/","og_locale":"fr_FR","og_type":"article","og_title":"Full Spectrum Boswellia, 800mg Double Strength - 60 caps","og_description":"Wij hebben een ruime keuze aan producten van Full Spectrum Boswellia, 800mg Double Strength - 60 caps . Winkel bij Eco Supplements altijd gratis verzending boven 100\u20ac","og_url":"https:\/\/ecosupplements.be\/fr\/produit\/full-spectrum-boswellia-800mg-double-strength-60-caps\/","og_site_name":"ECO Supplements","article_modified_time":"2025-08-27T11:54:48+00:00","og_image":[{"width":750,"height":750,"url":"https:\/\/ecosupplements.be\/wp-content\/uploads\/2025\/08\/Swanson-Full-Spectrum-Boswellia-800mg-Double-Strength-60-caps.jpg","type":"image\/jpeg"}],"twitter_card":"summary_large_image","twitter_misc":{"Prix":"7.60&nbsp;&euro;","Disponibilit\u00e9":"En stock"},"schema":{"@context":"https:\/\/schema.org","@graph":[{"@type":["WebPage","ItemPage"],"@id":"https:\/\/ecosupplements.be\/fr\/produit\/full-spectrum-boswellia-800mg-double-strength-60-caps\/","url":"https:\/\/ecosupplements.be\/fr\/produit\/full-spectrum-boswellia-800mg-double-strength-60-caps\/","name":"Full Spectrum Boswellia, 800mg Double Strength - 60 caps - ECO Supplements","isPartOf":{"@id":"https:\/\/ecosupplements.be\/fr\/#website"},"primaryImageOfPage":{"@id":"https:\/\/ecosupplements.be\/fr\/produit\/full-spectrum-boswellia-800mg-double-strength-60-caps\/#primaryimage"},"image":{"@id":"https:\/\/ecosupplements.be\/fr\/produit\/full-spectrum-boswellia-800mg-double-strength-60-caps\/#primaryimage"},"thumbnailUrl":"https:\/\/ecosupplements.be\/wp-content\/uploads\/2025\/08\/Swanson-Full-Spectrum-Boswellia-800mg-Double-Strength-60-caps-1.jpg","datePublished":"2022-06-28T09:32:55+00:00","dateModified":"2025-08-27T11:54:48+00:00","description":"Wij hebben een ruime keuze aan producten van Full Spectrum Boswellia, 800mg Double Strength - 60 caps . Winkel bij Eco Supplements altijd gratis verzending boven 100\u20ac","breadcrumb":{"@id":"https:\/\/ecosupplements.be\/fr\/produit\/full-spectrum-boswellia-800mg-double-strength-60-caps\/#breadcrumb"},"inLanguage":"fr-FR","potentialAction":[{"@type":"ReadAction","target":["https:\/\/ecosupplements.be\/fr\/produit\/full-spectrum-boswellia-800mg-double-strength-60-caps\/"]}]},{"@type":"ImageObject","inLanguage":"fr-FR","@id":"https:\/\/ecosupplements.be\/fr\/produit\/full-spectrum-boswellia-800mg-double-strength-60-caps\/#primaryimage","url":"https:\/\/ecosupplements.be\/wp-content\/uploads\/2025\/08\/Swanson-Full-Spectrum-Boswellia-800mg-Double-Strength-60-caps-1.jpg","contentUrl":"https:\/\/ecosupplements.be\/wp-content\/uploads\/2025\/08\/Swanson-Full-Spectrum-Boswellia-800mg-Double-Strength-60-caps-1.jpg","width":750,"height":750},{"@type":"BreadcrumbList","@id":"https:\/\/ecosupplements.be\/fr\/produit\/full-spectrum-boswellia-800mg-double-strength-60-caps\/#breadcrumb","itemListElement":[{"@type":"ListItem","position":1,"name":"Home","item":"https:\/\/ecosupplements.be\/fr\/"},{"@type":"ListItem","position":2,"name":"Boutique","item":"https:\/\/ecosupplements.be\/fr\/boutique\/"},{"@type":"ListItem","position":3,"name":"Full Spectrum Boswellia, 800mg Double Strength &#8211; 60 caps"}]},{"@type":"WebSite","@id":"https:\/\/ecosupplements.be\/fr\/#website","url":"https:\/\/ecosupplements.be\/fr\/","name":"ECO Supplements","description":"Eco Supplements - Gezonde supplementen","publisher":{"@id":"https:\/\/ecosupplements.be\/fr\/#organization"},"potentialAction":[{"@type":"SearchAction","target":{"@type":"EntryPoint","urlTemplate":"https:\/\/ecosupplements.be\/fr\/?s={search_term_string}"},"query-input":{"@type":"PropertyValueSpecification","valueRequired":true,"valueName":"search_term_string"}}],"inLanguage":"fr-FR"},{"@type":"Organization","@id":"https:\/\/ecosupplements.be\/fr\/#organization","name":"Eco Supplements","url":"https:\/\/ecosupplements.be\/fr\/","logo":{"@type":"ImageObject","inLanguage":"fr-FR","@id":"https:\/\/ecosupplements.be\/fr\/#\/schema\/logo\/image\/","url":"https:\/\/ecosupplements.be\/wp-content\/uploads\/2022\/06\/ecosupplement-family.png","contentUrl":"https:\/\/ecosupplements.be\/wp-content\/uploads\/2022\/06\/ecosupplement-family.png","width":593,"height":374,"caption":"Eco Supplements"},"image":{"@id":"https:\/\/ecosupplements.be\/fr\/#\/schema\/logo\/image\/"}}]},"product_brand":"Swanson","product_price_amount":"7.60","product_price_currency":"EUR","og_availability":"instock","product_availability":"instock","product_retailer_item_id":"087614115894","product_condition":"new"},"_links":{"self":[{"href":"https:\/\/ecosupplements.be\/fr\/wp-json\/wp\/v2\/product\/282842","targetHints":{"allow":["GET"]}}],"collection":[{"href":"https:\/\/ecosupplements.be\/fr\/wp-json\/wp\/v2\/product"}],"about":[{"href":"https:\/\/ecosupplements.be\/fr\/wp-json\/wp\/v2\/types\/product"}],"replies":[{"embeddable":true,"href":"https:\/\/ecosupplements.be\/fr\/wp-json\/wp\/v2\/comments?post=282842"}],"wp:featuredmedia":[{"embeddable":true,"href":"https:\/\/ecosupplements.be\/fr\/wp-json\/wp\/v2\/media\/256744"}],"wp:attachment":[{"href":"https:\/\/ecosupplements.be\/fr\/wp-json\/wp\/v2\/media?parent=282842"}],"wp:term":[{"taxonomy":"product_brand","embeddable":true,"href":"https:\/\/ecosupplements.be\/fr\/wp-json\/wp\/v2\/product_brand?post=282842"},{"taxonomy":"product_cat","embeddable":true,"href":"https:\/\/ecosupplements.be\/fr\/wp-json\/wp\/v2\/product_cat?post=282842"},{"taxonomy":"product_tag","embeddable":true,"href":"https:\/\/ecosupplements.be\/fr\/wp-json\/wp\/v2\/product_tag?post=282842"}],"curies":[{"name":"wp","href":"https:\/\/api.w.org\/{rel}","templated":true}]}}