{"id":282891,"date":"2022-06-28T10:33:15","date_gmt":"2022-06-28T09:33:15","guid":{"rendered":"https:\/\/ecosupplements.be\/product\/full-spectrum-wild-lettuce-450mg-60-caps\/"},"modified":"2025-08-27T12:56:54","modified_gmt":"2025-08-27T11:56:54","slug":"full-spectrum-wild-lettuce-450mg-60-caps","status":"publish","type":"product","link":"https:\/\/ecosupplements.be\/fr\/produit\/full-spectrum-wild-lettuce-450mg-60-caps\/","title":{"rendered":"Full Spectrum Wild Lettuce, 450mg &#8211; 60 caps"},"content":{"rendered":"<h1 style=\"text-align: center;\">Swanson &#8211; Laitue sauvage \u00e0 spectre complet<\/h1>\n<p>Suppl\u00e9ment pratique de laitue sauvage<br \/>Soutien traditionnel pour un sommeil sain<br \/>Poudre de feuilles enti\u00e8res<br \/>La laitue sauvage est un membre de la famille des tournesols et est originaire d&#8217;Am\u00e9rique du Nord, o\u00f9 les peuples indig\u00e8nes l&#8217;utilisaient largement \u00e0 la fois comme aliment et comme herbe rituelle. Appel\u00e9e &#8220;laitue d&#8217;opium&#8221; par les premiers colons europ\u00e9ens, cette herbe n&#8217;a aucun rapport avec son homonyme enivrant. Notre laitue sauvage \u00e0 spectre complet se pr\u00e9sente sous la forme d&#8217;une poudre de feuilles enti\u00e8res, ce qui est parfait pour tous ceux qui souhaitent se suppl\u00e9menter avec des herbes pures telles qu&#8217;utilis\u00e9es historiquement par les populations indig\u00e8nes.<\/p>\n<div class=\"facts-container\">\n<\/div>\n","protected":false},"excerpt":{"rendered":"<p>Swanson &#8211; Laitue sauvage \u00e0 spectre complet Suppl\u00e9ment pratique de laitue sauvageSoutien traditionnel pour un sommeil sainPoudre de feuilles enti\u00e8resLa laitue sauvage est un membre de la famille des tournesols et est originaire d&#8217;Am\u00e9rique du Nord, o\u00f9 les peuples indig\u00e8nes l&#8217;utilisaient largement \u00e0 la fois comme aliment et comme herbe rituelle. Appel\u00e9e &#8220;laitue d&#8217;opium&#8221; par [&#8230;]\n","protected":false},"featured_media":257010,"comment_status":"open","ping_status":"open","template":"","meta":[],"product_brand":[4761],"product_cat":[5052,5094],"product_tag":[],"class_list":{"0":"post-282891","1":"product","2":"type-product","3":"status-publish","4":"has-post-thumbnail","6":"product_brand-swanson-2","7":"product_cat-sante-et-bien-etre","8":"product_cat-supplements-a-base-de-plantes","10":"first","11":"instock","12":"taxable","13":"shipping-taxable","14":"purchasable","15":"product-type-simple"},"yoast_head":"<!-- This site is optimized with the Yoast SEO Premium plugin v27.3 (Yoast SEO v27.3) - https:\/\/yoast.com\/product\/yoast-seo-premium-wordpress\/ -->\n<title>Full Spectrum Wild Lettuce, 450mg - 60 caps - ECO Supplements<\/title>\n<meta name=\"description\" content=\"Wij hebben een ruime keuze aan producten van Full Spectrum Wild Lettuce, 450mg - 60 caps . Winkel bij Eco Supplements altijd gratis verzending boven 100\u20ac\" \/>\n<meta name=\"robots\" content=\"index, follow, max-snippet:-1, max-image-preview:large, max-video-preview:-1\" \/>\n<link rel=\"canonical\" href=\"https:\/\/ecosupplements.be\/fr\/produit\/full-spectrum-wild-lettuce-450mg-60-caps\/\" \/>\n<meta property=\"og:locale\" content=\"fr_FR\" \/>\n<meta property=\"og:type\" content=\"article\" \/>\n<meta property=\"og:title\" content=\"Full Spectrum Wild Lettuce, 450mg - 60 caps\" \/>\n<meta property=\"og:description\" content=\"Wij hebben een ruime keuze aan producten van Full Spectrum Wild Lettuce, 450mg - 60 caps . Winkel bij Eco Supplements altijd gratis verzending boven 100\u20ac\" \/>\n<meta property=\"og:url\" content=\"https:\/\/ecosupplements.be\/fr\/produit\/full-spectrum-wild-lettuce-450mg-60-caps\/\" \/>\n<meta property=\"og:site_name\" content=\"ECO Supplements\" \/>\n<meta property=\"article:modified_time\" content=\"2025-08-27T11:56:54+00:00\" \/>\n<meta property=\"og:image\" content=\"https:\/\/ecosupplements.be\/wp-content\/uploads\/2025\/08\/Swanson-Full-Spectrum-Wild-Lettuce-450mg-60-caps.jpg\" \/>\n\t<meta property=\"og:image:width\" content=\"750\" \/>\n\t<meta property=\"og:image:height\" content=\"750\" \/>\n\t<meta property=\"og:image:type\" content=\"image\/jpeg\" \/>\n<meta name=\"twitter:card\" content=\"summary_large_image\" \/>\n<meta name=\"twitter:label1\" content=\"Prix\" \/>\n\t<meta name=\"twitter:data1\" content=\"14.34&nbsp;&euro;\" \/>\n\t<meta name=\"twitter:label2\" content=\"Disponibilit\u00e9\" \/>\n\t<meta name=\"twitter:data2\" content=\"En stock\" \/>\n<script type=\"application\/ld+json\" class=\"yoast-schema-graph\">{\"@context\":\"https:\\\/\\\/schema.org\",\"@graph\":[{\"@type\":[\"WebPage\",\"ItemPage\"],\"@id\":\"https:\\\/\\\/ecosupplements.be\\\/fr\\\/produit\\\/full-spectrum-wild-lettuce-450mg-60-caps\\\/\",\"url\":\"https:\\\/\\\/ecosupplements.be\\\/fr\\\/produit\\\/full-spectrum-wild-lettuce-450mg-60-caps\\\/\",\"name\":\"Full Spectrum Wild Lettuce, 450mg - 60 caps - ECO Supplements\",\"isPartOf\":{\"@id\":\"https:\\\/\\\/ecosupplements.be\\\/fr\\\/#website\"},\"primaryImageOfPage\":{\"@id\":\"https:\\\/\\\/ecosupplements.be\\\/fr\\\/produit\\\/full-spectrum-wild-lettuce-450mg-60-caps\\\/#primaryimage\"},\"image\":{\"@id\":\"https:\\\/\\\/ecosupplements.be\\\/fr\\\/produit\\\/full-spectrum-wild-lettuce-450mg-60-caps\\\/#primaryimage\"},\"thumbnailUrl\":\"https:\\\/\\\/ecosupplements.be\\\/wp-content\\\/uploads\\\/2025\\\/08\\\/Swanson-Full-Spectrum-Wild-Lettuce-450mg-60-caps-1.jpg\",\"datePublished\":\"2022-06-28T09:33:15+00:00\",\"dateModified\":\"2025-08-27T11:56:54+00:00\",\"description\":\"Wij hebben een ruime keuze aan producten van Full Spectrum Wild Lettuce, 450mg - 60 caps . Winkel bij Eco Supplements altijd gratis verzending boven 100\u20ac\",\"breadcrumb\":{\"@id\":\"https:\\\/\\\/ecosupplements.be\\\/fr\\\/produit\\\/full-spectrum-wild-lettuce-450mg-60-caps\\\/#breadcrumb\"},\"inLanguage\":\"fr-FR\",\"potentialAction\":[{\"@type\":\"ReadAction\",\"target\":[\"https:\\\/\\\/ecosupplements.be\\\/fr\\\/produit\\\/full-spectrum-wild-lettuce-450mg-60-caps\\\/\"]}]},{\"@type\":\"ImageObject\",\"inLanguage\":\"fr-FR\",\"@id\":\"https:\\\/\\\/ecosupplements.be\\\/fr\\\/produit\\\/full-spectrum-wild-lettuce-450mg-60-caps\\\/#primaryimage\",\"url\":\"https:\\\/\\\/ecosupplements.be\\\/wp-content\\\/uploads\\\/2025\\\/08\\\/Swanson-Full-Spectrum-Wild-Lettuce-450mg-60-caps-1.jpg\",\"contentUrl\":\"https:\\\/\\\/ecosupplements.be\\\/wp-content\\\/uploads\\\/2025\\\/08\\\/Swanson-Full-Spectrum-Wild-Lettuce-450mg-60-caps-1.jpg\",\"width\":750,\"height\":750},{\"@type\":\"BreadcrumbList\",\"@id\":\"https:\\\/\\\/ecosupplements.be\\\/fr\\\/produit\\\/full-spectrum-wild-lettuce-450mg-60-caps\\\/#breadcrumb\",\"itemListElement\":[{\"@type\":\"ListItem\",\"position\":1,\"name\":\"Home\",\"item\":\"https:\\\/\\\/ecosupplements.be\\\/fr\\\/\"},{\"@type\":\"ListItem\",\"position\":2,\"name\":\"Boutique\",\"item\":\"https:\\\/\\\/ecosupplements.be\\\/fr\\\/boutique\\\/\"},{\"@type\":\"ListItem\",\"position\":3,\"name\":\"Full Spectrum Wild Lettuce, 450mg &#8211; 60 caps\"}]},{\"@type\":\"WebSite\",\"@id\":\"https:\\\/\\\/ecosupplements.be\\\/fr\\\/#website\",\"url\":\"https:\\\/\\\/ecosupplements.be\\\/fr\\\/\",\"name\":\"ECO Supplements\",\"description\":\"Eco Supplements - Gezonde supplementen\",\"publisher\":{\"@id\":\"https:\\\/\\\/ecosupplements.be\\\/fr\\\/#organization\"},\"potentialAction\":[{\"@type\":\"SearchAction\",\"target\":{\"@type\":\"EntryPoint\",\"urlTemplate\":\"https:\\\/\\\/ecosupplements.be\\\/fr\\\/?s={search_term_string}\"},\"query-input\":{\"@type\":\"PropertyValueSpecification\",\"valueRequired\":true,\"valueName\":\"search_term_string\"}}],\"inLanguage\":\"fr-FR\"},{\"@type\":\"Organization\",\"@id\":\"https:\\\/\\\/ecosupplements.be\\\/fr\\\/#organization\",\"name\":\"Eco Supplements\",\"url\":\"https:\\\/\\\/ecosupplements.be\\\/fr\\\/\",\"logo\":{\"@type\":\"ImageObject\",\"inLanguage\":\"fr-FR\",\"@id\":\"https:\\\/\\\/ecosupplements.be\\\/fr\\\/#\\\/schema\\\/logo\\\/image\\\/\",\"url\":\"https:\\\/\\\/ecosupplements.be\\\/wp-content\\\/uploads\\\/2022\\\/06\\\/ecosupplement-family.png\",\"contentUrl\":\"https:\\\/\\\/ecosupplements.be\\\/wp-content\\\/uploads\\\/2022\\\/06\\\/ecosupplement-family.png\",\"width\":593,\"height\":374,\"caption\":\"Eco Supplements\"},\"image\":{\"@id\":\"https:\\\/\\\/ecosupplements.be\\\/fr\\\/#\\\/schema\\\/logo\\\/image\\\/\"}}]}<\/script>\n<meta property=\"product:brand\" content=\"Swanson\" \/>\n<meta property=\"product:price:amount\" content=\"14.34\" \/>\n<meta property=\"product:price:currency\" content=\"EUR\" \/>\n<meta property=\"og:availability\" content=\"instock\" \/>\n<meta property=\"product:availability\" content=\"instock\" \/>\n<meta property=\"product:retailer_item_id\" content=\"087614115054\" \/>\n<meta property=\"product:condition\" content=\"new\" \/>\n<!-- \/ Yoast SEO Premium plugin. -->","yoast_head_json":{"title":"Full Spectrum Wild Lettuce, 450mg - 60 caps - ECO Supplements","description":"Wij hebben een ruime keuze aan producten van Full Spectrum Wild Lettuce, 450mg - 60 caps . Winkel bij Eco Supplements altijd gratis verzending boven 100\u20ac","robots":{"index":"index","follow":"follow","max-snippet":"max-snippet:-1","max-image-preview":"max-image-preview:large","max-video-preview":"max-video-preview:-1"},"canonical":"https:\/\/ecosupplements.be\/fr\/produit\/full-spectrum-wild-lettuce-450mg-60-caps\/","og_locale":"fr_FR","og_type":"article","og_title":"Full Spectrum Wild Lettuce, 450mg - 60 caps","og_description":"Wij hebben een ruime keuze aan producten van Full Spectrum Wild Lettuce, 450mg - 60 caps . Winkel bij Eco Supplements altijd gratis verzending boven 100\u20ac","og_url":"https:\/\/ecosupplements.be\/fr\/produit\/full-spectrum-wild-lettuce-450mg-60-caps\/","og_site_name":"ECO Supplements","article_modified_time":"2025-08-27T11:56:54+00:00","og_image":[{"width":750,"height":750,"url":"https:\/\/ecosupplements.be\/wp-content\/uploads\/2025\/08\/Swanson-Full-Spectrum-Wild-Lettuce-450mg-60-caps.jpg","type":"image\/jpeg"}],"twitter_card":"summary_large_image","twitter_misc":{"Prix":"14.34&nbsp;&euro;","Disponibilit\u00e9":"En stock"},"schema":{"@context":"https:\/\/schema.org","@graph":[{"@type":["WebPage","ItemPage"],"@id":"https:\/\/ecosupplements.be\/fr\/produit\/full-spectrum-wild-lettuce-450mg-60-caps\/","url":"https:\/\/ecosupplements.be\/fr\/produit\/full-spectrum-wild-lettuce-450mg-60-caps\/","name":"Full Spectrum Wild Lettuce, 450mg - 60 caps - ECO Supplements","isPartOf":{"@id":"https:\/\/ecosupplements.be\/fr\/#website"},"primaryImageOfPage":{"@id":"https:\/\/ecosupplements.be\/fr\/produit\/full-spectrum-wild-lettuce-450mg-60-caps\/#primaryimage"},"image":{"@id":"https:\/\/ecosupplements.be\/fr\/produit\/full-spectrum-wild-lettuce-450mg-60-caps\/#primaryimage"},"thumbnailUrl":"https:\/\/ecosupplements.be\/wp-content\/uploads\/2025\/08\/Swanson-Full-Spectrum-Wild-Lettuce-450mg-60-caps-1.jpg","datePublished":"2022-06-28T09:33:15+00:00","dateModified":"2025-08-27T11:56:54+00:00","description":"Wij hebben een ruime keuze aan producten van Full Spectrum Wild Lettuce, 450mg - 60 caps . Winkel bij Eco Supplements altijd gratis verzending boven 100\u20ac","breadcrumb":{"@id":"https:\/\/ecosupplements.be\/fr\/produit\/full-spectrum-wild-lettuce-450mg-60-caps\/#breadcrumb"},"inLanguage":"fr-FR","potentialAction":[{"@type":"ReadAction","target":["https:\/\/ecosupplements.be\/fr\/produit\/full-spectrum-wild-lettuce-450mg-60-caps\/"]}]},{"@type":"ImageObject","inLanguage":"fr-FR","@id":"https:\/\/ecosupplements.be\/fr\/produit\/full-spectrum-wild-lettuce-450mg-60-caps\/#primaryimage","url":"https:\/\/ecosupplements.be\/wp-content\/uploads\/2025\/08\/Swanson-Full-Spectrum-Wild-Lettuce-450mg-60-caps-1.jpg","contentUrl":"https:\/\/ecosupplements.be\/wp-content\/uploads\/2025\/08\/Swanson-Full-Spectrum-Wild-Lettuce-450mg-60-caps-1.jpg","width":750,"height":750},{"@type":"BreadcrumbList","@id":"https:\/\/ecosupplements.be\/fr\/produit\/full-spectrum-wild-lettuce-450mg-60-caps\/#breadcrumb","itemListElement":[{"@type":"ListItem","position":1,"name":"Home","item":"https:\/\/ecosupplements.be\/fr\/"},{"@type":"ListItem","position":2,"name":"Boutique","item":"https:\/\/ecosupplements.be\/fr\/boutique\/"},{"@type":"ListItem","position":3,"name":"Full Spectrum Wild Lettuce, 450mg &#8211; 60 caps"}]},{"@type":"WebSite","@id":"https:\/\/ecosupplements.be\/fr\/#website","url":"https:\/\/ecosupplements.be\/fr\/","name":"ECO Supplements","description":"Eco Supplements - Gezonde supplementen","publisher":{"@id":"https:\/\/ecosupplements.be\/fr\/#organization"},"potentialAction":[{"@type":"SearchAction","target":{"@type":"EntryPoint","urlTemplate":"https:\/\/ecosupplements.be\/fr\/?s={search_term_string}"},"query-input":{"@type":"PropertyValueSpecification","valueRequired":true,"valueName":"search_term_string"}}],"inLanguage":"fr-FR"},{"@type":"Organization","@id":"https:\/\/ecosupplements.be\/fr\/#organization","name":"Eco Supplements","url":"https:\/\/ecosupplements.be\/fr\/","logo":{"@type":"ImageObject","inLanguage":"fr-FR","@id":"https:\/\/ecosupplements.be\/fr\/#\/schema\/logo\/image\/","url":"https:\/\/ecosupplements.be\/wp-content\/uploads\/2022\/06\/ecosupplement-family.png","contentUrl":"https:\/\/ecosupplements.be\/wp-content\/uploads\/2022\/06\/ecosupplement-family.png","width":593,"height":374,"caption":"Eco Supplements"},"image":{"@id":"https:\/\/ecosupplements.be\/fr\/#\/schema\/logo\/image\/"}}]},"product_brand":"Swanson","product_price_amount":"14.34","product_price_currency":"EUR","og_availability":"instock","product_availability":"instock","product_retailer_item_id":"087614115054","product_condition":"new"},"_links":{"self":[{"href":"https:\/\/ecosupplements.be\/fr\/wp-json\/wp\/v2\/product\/282891","targetHints":{"allow":["GET"]}}],"collection":[{"href":"https:\/\/ecosupplements.be\/fr\/wp-json\/wp\/v2\/product"}],"about":[{"href":"https:\/\/ecosupplements.be\/fr\/wp-json\/wp\/v2\/types\/product"}],"replies":[{"embeddable":true,"href":"https:\/\/ecosupplements.be\/fr\/wp-json\/wp\/v2\/comments?post=282891"}],"wp:featuredmedia":[{"embeddable":true,"href":"https:\/\/ecosupplements.be\/fr\/wp-json\/wp\/v2\/media\/257010"}],"wp:attachment":[{"href":"https:\/\/ecosupplements.be\/fr\/wp-json\/wp\/v2\/media?parent=282891"}],"wp:term":[{"taxonomy":"product_brand","embeddable":true,"href":"https:\/\/ecosupplements.be\/fr\/wp-json\/wp\/v2\/product_brand?post=282891"},{"taxonomy":"product_cat","embeddable":true,"href":"https:\/\/ecosupplements.be\/fr\/wp-json\/wp\/v2\/product_cat?post=282891"},{"taxonomy":"product_tag","embeddable":true,"href":"https:\/\/ecosupplements.be\/fr\/wp-json\/wp\/v2\/product_tag?post=282891"}],"curies":[{"name":"wp","href":"https:\/\/api.w.org\/{rel}","templated":true}]}}