{"id":282944,"date":"2022-06-28T10:33:41","date_gmt":"2022-06-28T09:33:41","guid":{"rendered":"https:\/\/ecosupplements.be\/product\/omega-3-hautement-concentre-120-capsules-molles\/"},"modified":"2025-08-27T12:59:05","modified_gmt":"2025-08-27T11:59:05","slug":"omega-3-hautement-concentre-120-capsules-molles","status":"publish","type":"product","link":"https:\/\/ecosupplements.be\/fr\/produit\/omega-3-hautement-concentre-120-capsules-molles\/","title":{"rendered":"Om\u00e9ga-3 hautement concentr\u00e9 &#8211; 120 capsules molles"},"content":{"rendered":"<h1 style=\"text-align: center;\">Swanson &#8211; Om\u00e9ga-3 \u00e0 haute concentration<\/h1>\n<p>NOUVEAU ! Soutient la sant\u00e9 du c\u0153ur et du cerveau<br \/>\nContient plus de 2x la portion standardis\u00e9e d&#8217;EPA et de DHA<br \/>\n50% plus petit que les capsules d&#8217;huile de poisson concentr\u00e9e standardis\u00e9e<br \/>\nIl existe de nombreux produits d&#8217;huile de poisson om\u00e9ga-3 sur le march\u00e9, mais la plupart sont volumineux et peuvent \u00eatre difficiles \u00e0 avaler. Si l&#8217;on ajoute \u00e0 cela un arri\u00e8re-go\u00fbt de poisson, l&#8217;exp\u00e9rience globale laisse beaucoup \u00e0 d\u00e9sirer. C&#8217;est pourquoi nous avons d\u00e9velopp\u00e9 Swanson High Concentrate Omega-3 Minis &#8211; pour offrir une huile de poisson tr\u00e8s puissante sous forme de softgel facile \u00e0 avaler. Et contrairement \u00e0 de nombreux autres suppl\u00e9ments d&#8217;huile de poisson, ceux-ci n&#8217;ont pas d&#8217;odeur ou d&#8217;arri\u00e8re-go\u00fbt de poisson. Chaque portion fournit deux fois plus d&#8217;EPA et de DHA que ce que vous trouverez dans un produit d&#8217;huile de poisson standard. Cela signifie que vous serez en mesure de soutenir la sant\u00e9 cardiaque, c\u00e9r\u00e9brale, \u00e9motionnelle et plus encore sans les inconv\u00e9nients des autres capsules d&#8217;huile de poisson concentr\u00e9e.<\/p>\n","protected":false},"excerpt":{"rendered":"<p>Swanson &#8211; Om\u00e9ga-3 \u00e0 haute concentration NOUVEAU ! Soutient la sant\u00e9 du c\u0153ur et du cerveau Contient plus de 2x la portion standardis\u00e9e d&#8217;EPA et de DHA 50% plus petit que les capsules d&#8217;huile de poisson concentr\u00e9e standardis\u00e9e Il existe de nombreux produits d&#8217;huile de poisson om\u00e9ga-3 sur le march\u00e9, mais la plupart sont volumineux [&#8230;]\n","protected":false},"featured_media":257265,"comment_status":"open","ping_status":"open","template":"","meta":[],"product_brand":[4761],"product_cat":[5102,5081,5082,5052,5053],"product_tag":[],"class_list":{"0":"post-282944","1":"product","2":"type-product","3":"status-publish","4":"has-post-thumbnail","6":"product_brand-swanson-2","7":"product_cat-omega-et-huile-de-poisson","8":"product_cat-omegas-age-alc-huiles","9":"product_cat-omegas-efa-cla-huiles","10":"product_cat-sante-et-bien-etre","11":"product_cat-vitamines-et-mineraux","13":"first","14":"instock","15":"taxable","16":"shipping-taxable","17":"purchasable","18":"product-type-simple"},"yoast_head":"<!-- This site is optimized with the Yoast SEO Premium plugin v27.3 (Yoast SEO v27.3) - https:\/\/yoast.com\/product\/yoast-seo-premium-wordpress\/ -->\n<title>Om\u00e9ga-3 hautement concentr\u00e9 - 120 capsules molles - ECO Supplements<\/title>\n<meta name=\"description\" content=\"Wij hebben een ruime keuze aan producten van Om\u00e9ga-3 hautement concentr\u00e9 - 120 capsules molles . Winkel bij Eco Supplements altijd gratis verzending boven 100\u20ac\" \/>\n<meta name=\"robots\" content=\"index, follow, max-snippet:-1, max-image-preview:large, max-video-preview:-1\" \/>\n<link rel=\"canonical\" href=\"https:\/\/ecosupplements.be\/fr\/produit\/omega-3-hautement-concentre-120-capsules-molles\/\" \/>\n<meta property=\"og:locale\" content=\"fr_FR\" \/>\n<meta property=\"og:type\" content=\"article\" \/>\n<meta property=\"og:title\" content=\"Om\u00e9ga-3 hautement concentr\u00e9 - 120 capsules molles\" \/>\n<meta property=\"og:description\" content=\"Wij hebben een ruime keuze aan producten van Om\u00e9ga-3 hautement concentr\u00e9 - 120 capsules molles . Winkel bij Eco Supplements altijd gratis verzending boven 100\u20ac\" \/>\n<meta property=\"og:url\" content=\"https:\/\/ecosupplements.be\/fr\/produit\/omega-3-hautement-concentre-120-capsules-molles\/\" \/>\n<meta property=\"og:site_name\" content=\"ECO Supplements\" \/>\n<meta property=\"article:modified_time\" content=\"2025-08-27T11:59:05+00:00\" \/>\n<meta property=\"og:image\" content=\"https:\/\/ecosupplements.be\/wp-content\/uploads\/2025\/08\/Swanson-High-Concentrate-Omega-3-120-softgels.jpg\" \/>\n\t<meta property=\"og:image:width\" content=\"750\" \/>\n\t<meta property=\"og:image:height\" content=\"750\" \/>\n\t<meta property=\"og:image:type\" content=\"image\/jpeg\" \/>\n<meta name=\"twitter:card\" content=\"summary_large_image\" \/>\n<meta name=\"twitter:label1\" content=\"Prix\" \/>\n\t<meta name=\"twitter:data1\" content=\"25.92&nbsp;&euro;\" \/>\n\t<meta name=\"twitter:label2\" content=\"Disponibilit\u00e9\" \/>\n\t<meta name=\"twitter:data2\" content=\"En stock\" \/>\n<script type=\"application\/ld+json\" class=\"yoast-schema-graph\">{\"@context\":\"https:\\\/\\\/schema.org\",\"@graph\":[{\"@type\":[\"WebPage\",\"ItemPage\"],\"@id\":\"https:\\\/\\\/ecosupplements.be\\\/fr\\\/produit\\\/omega-3-hautement-concentre-120-capsules-molles\\\/\",\"url\":\"https:\\\/\\\/ecosupplements.be\\\/fr\\\/produit\\\/omega-3-hautement-concentre-120-capsules-molles\\\/\",\"name\":\"Om\u00e9ga-3 hautement concentr\u00e9 - 120 capsules molles - ECO Supplements\",\"isPartOf\":{\"@id\":\"https:\\\/\\\/ecosupplements.be\\\/fr\\\/#website\"},\"primaryImageOfPage\":{\"@id\":\"https:\\\/\\\/ecosupplements.be\\\/fr\\\/produit\\\/omega-3-hautement-concentre-120-capsules-molles\\\/#primaryimage\"},\"image\":{\"@id\":\"https:\\\/\\\/ecosupplements.be\\\/fr\\\/produit\\\/omega-3-hautement-concentre-120-capsules-molles\\\/#primaryimage\"},\"thumbnailUrl\":\"https:\\\/\\\/ecosupplements.be\\\/wp-content\\\/uploads\\\/2025\\\/08\\\/Swanson-High-Concentrate-Omega-3-120-softgels-1.jpg\",\"datePublished\":\"2022-06-28T09:33:41+00:00\",\"dateModified\":\"2025-08-27T11:59:05+00:00\",\"description\":\"Wij hebben een ruime keuze aan producten van Om\u00e9ga-3 hautement concentr\u00e9 - 120 capsules molles . Winkel bij Eco Supplements altijd gratis verzending boven 100\u20ac\",\"breadcrumb\":{\"@id\":\"https:\\\/\\\/ecosupplements.be\\\/fr\\\/produit\\\/omega-3-hautement-concentre-120-capsules-molles\\\/#breadcrumb\"},\"inLanguage\":\"fr-FR\",\"potentialAction\":[{\"@type\":\"ReadAction\",\"target\":[\"https:\\\/\\\/ecosupplements.be\\\/fr\\\/produit\\\/omega-3-hautement-concentre-120-capsules-molles\\\/\"]}]},{\"@type\":\"ImageObject\",\"inLanguage\":\"fr-FR\",\"@id\":\"https:\\\/\\\/ecosupplements.be\\\/fr\\\/produit\\\/omega-3-hautement-concentre-120-capsules-molles\\\/#primaryimage\",\"url\":\"https:\\\/\\\/ecosupplements.be\\\/wp-content\\\/uploads\\\/2025\\\/08\\\/Swanson-High-Concentrate-Omega-3-120-softgels-1.jpg\",\"contentUrl\":\"https:\\\/\\\/ecosupplements.be\\\/wp-content\\\/uploads\\\/2025\\\/08\\\/Swanson-High-Concentrate-Omega-3-120-softgels-1.jpg\",\"width\":750,\"height\":750},{\"@type\":\"BreadcrumbList\",\"@id\":\"https:\\\/\\\/ecosupplements.be\\\/fr\\\/produit\\\/omega-3-hautement-concentre-120-capsules-molles\\\/#breadcrumb\",\"itemListElement\":[{\"@type\":\"ListItem\",\"position\":1,\"name\":\"Home\",\"item\":\"https:\\\/\\\/ecosupplements.be\\\/fr\\\/\"},{\"@type\":\"ListItem\",\"position\":2,\"name\":\"Boutique\",\"item\":\"https:\\\/\\\/ecosupplements.be\\\/fr\\\/boutique\\\/\"},{\"@type\":\"ListItem\",\"position\":3,\"name\":\"Om\u00e9ga-3 hautement concentr\u00e9 &#8211; 120 capsules molles\"}]},{\"@type\":\"WebSite\",\"@id\":\"https:\\\/\\\/ecosupplements.be\\\/fr\\\/#website\",\"url\":\"https:\\\/\\\/ecosupplements.be\\\/fr\\\/\",\"name\":\"ECO Supplements\",\"description\":\"Eco Supplements - Gezonde supplementen\",\"publisher\":{\"@id\":\"https:\\\/\\\/ecosupplements.be\\\/fr\\\/#organization\"},\"potentialAction\":[{\"@type\":\"SearchAction\",\"target\":{\"@type\":\"EntryPoint\",\"urlTemplate\":\"https:\\\/\\\/ecosupplements.be\\\/fr\\\/?s={search_term_string}\"},\"query-input\":{\"@type\":\"PropertyValueSpecification\",\"valueRequired\":true,\"valueName\":\"search_term_string\"}}],\"inLanguage\":\"fr-FR\"},{\"@type\":\"Organization\",\"@id\":\"https:\\\/\\\/ecosupplements.be\\\/fr\\\/#organization\",\"name\":\"Eco Supplements\",\"url\":\"https:\\\/\\\/ecosupplements.be\\\/fr\\\/\",\"logo\":{\"@type\":\"ImageObject\",\"inLanguage\":\"fr-FR\",\"@id\":\"https:\\\/\\\/ecosupplements.be\\\/fr\\\/#\\\/schema\\\/logo\\\/image\\\/\",\"url\":\"https:\\\/\\\/ecosupplements.be\\\/wp-content\\\/uploads\\\/2022\\\/06\\\/ecosupplement-family.png\",\"contentUrl\":\"https:\\\/\\\/ecosupplements.be\\\/wp-content\\\/uploads\\\/2022\\\/06\\\/ecosupplement-family.png\",\"width\":593,\"height\":374,\"caption\":\"Eco Supplements\"},\"image\":{\"@id\":\"https:\\\/\\\/ecosupplements.be\\\/fr\\\/#\\\/schema\\\/logo\\\/image\\\/\"}}]}<\/script>\n<meta property=\"product:brand\" content=\"Swanson\" \/>\n<meta property=\"product:price:amount\" content=\"25.92\" \/>\n<meta property=\"product:price:currency\" content=\"EUR\" \/>\n<meta property=\"og:availability\" content=\"instock\" \/>\n<meta property=\"product:availability\" content=\"instock\" \/>\n<meta property=\"product:retailer_item_id\" content=\"087614170954\" \/>\n<meta property=\"product:condition\" content=\"new\" \/>\n<!-- \/ Yoast SEO Premium plugin. -->","yoast_head_json":{"title":"Om\u00e9ga-3 hautement concentr\u00e9 - 120 capsules molles - ECO Supplements","description":"Wij hebben een ruime keuze aan producten van Om\u00e9ga-3 hautement concentr\u00e9 - 120 capsules molles . Winkel bij Eco Supplements altijd gratis verzending boven 100\u20ac","robots":{"index":"index","follow":"follow","max-snippet":"max-snippet:-1","max-image-preview":"max-image-preview:large","max-video-preview":"max-video-preview:-1"},"canonical":"https:\/\/ecosupplements.be\/fr\/produit\/omega-3-hautement-concentre-120-capsules-molles\/","og_locale":"fr_FR","og_type":"article","og_title":"Om\u00e9ga-3 hautement concentr\u00e9 - 120 capsules molles","og_description":"Wij hebben een ruime keuze aan producten van Om\u00e9ga-3 hautement concentr\u00e9 - 120 capsules molles . Winkel bij Eco Supplements altijd gratis verzending boven 100\u20ac","og_url":"https:\/\/ecosupplements.be\/fr\/produit\/omega-3-hautement-concentre-120-capsules-molles\/","og_site_name":"ECO Supplements","article_modified_time":"2025-08-27T11:59:05+00:00","og_image":[{"width":750,"height":750,"url":"https:\/\/ecosupplements.be\/wp-content\/uploads\/2025\/08\/Swanson-High-Concentrate-Omega-3-120-softgels.jpg","type":"image\/jpeg"}],"twitter_card":"summary_large_image","twitter_misc":{"Prix":"25.92&nbsp;&euro;","Disponibilit\u00e9":"En stock"},"schema":{"@context":"https:\/\/schema.org","@graph":[{"@type":["WebPage","ItemPage"],"@id":"https:\/\/ecosupplements.be\/fr\/produit\/omega-3-hautement-concentre-120-capsules-molles\/","url":"https:\/\/ecosupplements.be\/fr\/produit\/omega-3-hautement-concentre-120-capsules-molles\/","name":"Om\u00e9ga-3 hautement concentr\u00e9 - 120 capsules molles - ECO Supplements","isPartOf":{"@id":"https:\/\/ecosupplements.be\/fr\/#website"},"primaryImageOfPage":{"@id":"https:\/\/ecosupplements.be\/fr\/produit\/omega-3-hautement-concentre-120-capsules-molles\/#primaryimage"},"image":{"@id":"https:\/\/ecosupplements.be\/fr\/produit\/omega-3-hautement-concentre-120-capsules-molles\/#primaryimage"},"thumbnailUrl":"https:\/\/ecosupplements.be\/wp-content\/uploads\/2025\/08\/Swanson-High-Concentrate-Omega-3-120-softgels-1.jpg","datePublished":"2022-06-28T09:33:41+00:00","dateModified":"2025-08-27T11:59:05+00:00","description":"Wij hebben een ruime keuze aan producten van Om\u00e9ga-3 hautement concentr\u00e9 - 120 capsules molles . Winkel bij Eco Supplements altijd gratis verzending boven 100\u20ac","breadcrumb":{"@id":"https:\/\/ecosupplements.be\/fr\/produit\/omega-3-hautement-concentre-120-capsules-molles\/#breadcrumb"},"inLanguage":"fr-FR","potentialAction":[{"@type":"ReadAction","target":["https:\/\/ecosupplements.be\/fr\/produit\/omega-3-hautement-concentre-120-capsules-molles\/"]}]},{"@type":"ImageObject","inLanguage":"fr-FR","@id":"https:\/\/ecosupplements.be\/fr\/produit\/omega-3-hautement-concentre-120-capsules-molles\/#primaryimage","url":"https:\/\/ecosupplements.be\/wp-content\/uploads\/2025\/08\/Swanson-High-Concentrate-Omega-3-120-softgels-1.jpg","contentUrl":"https:\/\/ecosupplements.be\/wp-content\/uploads\/2025\/08\/Swanson-High-Concentrate-Omega-3-120-softgels-1.jpg","width":750,"height":750},{"@type":"BreadcrumbList","@id":"https:\/\/ecosupplements.be\/fr\/produit\/omega-3-hautement-concentre-120-capsules-molles\/#breadcrumb","itemListElement":[{"@type":"ListItem","position":1,"name":"Home","item":"https:\/\/ecosupplements.be\/fr\/"},{"@type":"ListItem","position":2,"name":"Boutique","item":"https:\/\/ecosupplements.be\/fr\/boutique\/"},{"@type":"ListItem","position":3,"name":"Om\u00e9ga-3 hautement concentr\u00e9 &#8211; 120 capsules molles"}]},{"@type":"WebSite","@id":"https:\/\/ecosupplements.be\/fr\/#website","url":"https:\/\/ecosupplements.be\/fr\/","name":"ECO Supplements","description":"Eco Supplements - Gezonde supplementen","publisher":{"@id":"https:\/\/ecosupplements.be\/fr\/#organization"},"potentialAction":[{"@type":"SearchAction","target":{"@type":"EntryPoint","urlTemplate":"https:\/\/ecosupplements.be\/fr\/?s={search_term_string}"},"query-input":{"@type":"PropertyValueSpecification","valueRequired":true,"valueName":"search_term_string"}}],"inLanguage":"fr-FR"},{"@type":"Organization","@id":"https:\/\/ecosupplements.be\/fr\/#organization","name":"Eco Supplements","url":"https:\/\/ecosupplements.be\/fr\/","logo":{"@type":"ImageObject","inLanguage":"fr-FR","@id":"https:\/\/ecosupplements.be\/fr\/#\/schema\/logo\/image\/","url":"https:\/\/ecosupplements.be\/wp-content\/uploads\/2022\/06\/ecosupplement-family.png","contentUrl":"https:\/\/ecosupplements.be\/wp-content\/uploads\/2022\/06\/ecosupplement-family.png","width":593,"height":374,"caption":"Eco Supplements"},"image":{"@id":"https:\/\/ecosupplements.be\/fr\/#\/schema\/logo\/image\/"}}]},"product_brand":"Swanson","product_price_amount":"25.92","product_price_currency":"EUR","og_availability":"instock","product_availability":"instock","product_retailer_item_id":"087614170954","product_condition":"new"},"_links":{"self":[{"href":"https:\/\/ecosupplements.be\/fr\/wp-json\/wp\/v2\/product\/282944","targetHints":{"allow":["GET"]}}],"collection":[{"href":"https:\/\/ecosupplements.be\/fr\/wp-json\/wp\/v2\/product"}],"about":[{"href":"https:\/\/ecosupplements.be\/fr\/wp-json\/wp\/v2\/types\/product"}],"replies":[{"embeddable":true,"href":"https:\/\/ecosupplements.be\/fr\/wp-json\/wp\/v2\/comments?post=282944"}],"wp:featuredmedia":[{"embeddable":true,"href":"https:\/\/ecosupplements.be\/fr\/wp-json\/wp\/v2\/media\/257265"}],"wp:attachment":[{"href":"https:\/\/ecosupplements.be\/fr\/wp-json\/wp\/v2\/media?parent=282944"}],"wp:term":[{"taxonomy":"product_brand","embeddable":true,"href":"https:\/\/ecosupplements.be\/fr\/wp-json\/wp\/v2\/product_brand?post=282944"},{"taxonomy":"product_cat","embeddable":true,"href":"https:\/\/ecosupplements.be\/fr\/wp-json\/wp\/v2\/product_cat?post=282944"},{"taxonomy":"product_tag","embeddable":true,"href":"https:\/\/ecosupplements.be\/fr\/wp-json\/wp\/v2\/product_tag?post=282944"}],"curies":[{"name":"wp","href":"https:\/\/api.w.org\/{rel}","templated":true}]}}