{"id":283045,"date":"2022-06-28T10:34:32","date_gmt":"2022-06-28T09:34:32","guid":{"rendered":"https:\/\/ecosupplements.be\/product\/multiomega-3-6-9-huiles-de-lin-de-bourrache-et-de-poisson-120-softgels\/"},"modified":"2025-08-27T13:03:43","modified_gmt":"2025-08-27T12:03:43","slug":"multiomega-3-6-9-huiles-de-lin-de-bourrache-et-de-poisson-120-softgels","status":"publish","type":"product","link":"https:\/\/ecosupplements.be\/fr\/produit\/multiomega-3-6-9-huiles-de-lin-de-bourrache-et-de-poisson-120-softgels\/","title":{"rendered":"MultiOmega 3-6-9 &#8211; Huiles de lin, de bourrache et de poisson &#8211; 120 softgels"},"content":{"rendered":"<h1 style=\"text-align: center\">Swanson &#8211; MultiOmega 3-6-9 &#8211; Huiles de lin, de bourrache et de poisson<\/h1>\n<p>Les meilleures huiles naturelles de la terre et de la mer<br \/>\n2 400 mg d&#8217;acides gras essentiels par portion<br \/>\nOmegaTru fournit un m\u00e9lange \u00e9quilibr\u00e9 d&#8217;acides gras<br \/>\nObtenez l&#8217;\u00e9quilibre parfait d&#8217;om\u00e9ga-6 et d&#8217;om\u00e9ga-3 provenant de la terre et de la mer avec les softgels Swanson MultiOmega. Les acides gras essentiels om\u00e9ga-6 et om\u00e9ga-3 jouent de nombreux r\u00f4les importants dans tout l&#8217;organisme, du maintien de la sant\u00e9 cardiovasculaire et de la peau \u00e0 la sant\u00e9 des articulations et des fonctions mentales. Cette formule sp\u00e9ciale combine les huiles de lin, de poisson et de bourrache pour vous donner l&#8217;\u00e9quilibre id\u00e9al en acides gras afin de r\u00e9pondre \u00e0 vos besoins nutritionnels quotidiens.<\/p>\n","protected":false},"excerpt":{"rendered":"<p>Swanson &#8211; MultiOmega 3-6-9 &#8211; Huiles de lin, de bourrache et de poisson Les meilleures huiles naturelles de la terre et de la mer 2 400 mg d&#8217;acides gras essentiels par portion OmegaTru fournit un m\u00e9lange \u00e9quilibr\u00e9 d&#8217;acides gras Obtenez l&#8217;\u00e9quilibre parfait d&#8217;om\u00e9ga-6 et d&#8217;om\u00e9ga-3 provenant de la terre et de la mer avec les [&#8230;]\n","protected":false},"featured_media":257785,"comment_status":"open","ping_status":"open","template":"","meta":[],"product_brand":[4761],"product_cat":[5102,5081,5082,5052,5053],"product_tag":[],"class_list":{"0":"post-283045","1":"product","2":"type-product","3":"status-publish","4":"has-post-thumbnail","6":"product_brand-swanson-2","7":"product_cat-omega-et-huile-de-poisson","8":"product_cat-omegas-age-alc-huiles","9":"product_cat-omegas-efa-cla-huiles","10":"product_cat-sante-et-bien-etre","11":"product_cat-vitamines-et-mineraux","13":"first","14":"instock","15":"taxable","16":"shipping-taxable","17":"purchasable","18":"product-type-simple"},"yoast_head":"<!-- This site is optimized with the Yoast SEO Premium plugin v27.3 (Yoast SEO v27.3) - https:\/\/yoast.com\/product\/yoast-seo-premium-wordpress\/ -->\n<title>MultiOmega 3-6-9 - Huiles de lin, de bourrache et de poisson - 120 softgels - ECO Supplements<\/title>\n<meta name=\"description\" content=\"Wij hebben een ruime keuze aan producten van MultiOmega 3-6-9 - Huiles de lin, de bourrache et de poisson - 120 softgels . Winkel bij Eco Supplements altijd gratis verzending boven 100\u20ac\" \/>\n<meta name=\"robots\" content=\"index, follow, max-snippet:-1, max-image-preview:large, max-video-preview:-1\" \/>\n<link rel=\"canonical\" href=\"https:\/\/ecosupplements.be\/fr\/produit\/multiomega-3-6-9-huiles-de-lin-de-bourrache-et-de-poisson-120-softgels\/\" \/>\n<meta property=\"og:locale\" content=\"fr_FR\" \/>\n<meta property=\"og:type\" content=\"article\" \/>\n<meta property=\"og:title\" content=\"MultiOmega 3-6-9 - Huiles de lin, de bourrache et de poisson - 120 softgels\" \/>\n<meta property=\"og:description\" content=\"Wij hebben een ruime keuze aan producten van MultiOmega 3-6-9 - Huiles de lin, de bourrache et de poisson - 120 softgels . Winkel bij Eco Supplements altijd gratis verzending boven 100\u20ac\" \/>\n<meta property=\"og:url\" content=\"https:\/\/ecosupplements.be\/fr\/produit\/multiomega-3-6-9-huiles-de-lin-de-bourrache-et-de-poisson-120-softgels\/\" \/>\n<meta property=\"og:site_name\" content=\"ECO Supplements\" \/>\n<meta property=\"article:modified_time\" content=\"2025-08-27T12:03:43+00:00\" \/>\n<meta property=\"og:image\" content=\"https:\/\/ecosupplements.be\/wp-content\/uploads\/2025\/08\/Swanson-MultiOmega-3-6-9-120-softgels.jpg\" \/>\n\t<meta property=\"og:image:width\" content=\"750\" \/>\n\t<meta property=\"og:image:height\" content=\"750\" \/>\n\t<meta property=\"og:image:type\" content=\"image\/jpeg\" \/>\n<meta name=\"twitter:card\" content=\"summary_large_image\" \/>\n<meta name=\"twitter:label1\" content=\"Prix\" \/>\n\t<meta name=\"twitter:data1\" content=\"21.62&nbsp;&euro;\" \/>\n\t<meta name=\"twitter:label2\" content=\"Disponibilit\u00e9\" \/>\n\t<meta name=\"twitter:data2\" content=\"En stock\" \/>\n<script type=\"application\/ld+json\" class=\"yoast-schema-graph\">{\"@context\":\"https:\\\/\\\/schema.org\",\"@graph\":[{\"@type\":[\"WebPage\",\"ItemPage\"],\"@id\":\"https:\\\/\\\/ecosupplements.be\\\/fr\\\/produit\\\/multiomega-3-6-9-huiles-de-lin-de-bourrache-et-de-poisson-120-softgels\\\/\",\"url\":\"https:\\\/\\\/ecosupplements.be\\\/fr\\\/produit\\\/multiomega-3-6-9-huiles-de-lin-de-bourrache-et-de-poisson-120-softgels\\\/\",\"name\":\"MultiOmega 3-6-9 - Huiles de lin, de bourrache et de poisson - 120 softgels - ECO Supplements\",\"isPartOf\":{\"@id\":\"https:\\\/\\\/ecosupplements.be\\\/fr\\\/#website\"},\"primaryImageOfPage\":{\"@id\":\"https:\\\/\\\/ecosupplements.be\\\/fr\\\/produit\\\/multiomega-3-6-9-huiles-de-lin-de-bourrache-et-de-poisson-120-softgels\\\/#primaryimage\"},\"image\":{\"@id\":\"https:\\\/\\\/ecosupplements.be\\\/fr\\\/produit\\\/multiomega-3-6-9-huiles-de-lin-de-bourrache-et-de-poisson-120-softgels\\\/#primaryimage\"},\"thumbnailUrl\":\"https:\\\/\\\/ecosupplements.be\\\/wp-content\\\/uploads\\\/2025\\\/08\\\/Swanson-MultiOmega-3-6-9-120-softgels-1.jpg\",\"datePublished\":\"2022-06-28T09:34:32+00:00\",\"dateModified\":\"2025-08-27T12:03:43+00:00\",\"description\":\"Wij hebben een ruime keuze aan producten van MultiOmega 3-6-9 - Huiles de lin, de bourrache et de poisson - 120 softgels . Winkel bij Eco Supplements altijd gratis verzending boven 100\u20ac\",\"breadcrumb\":{\"@id\":\"https:\\\/\\\/ecosupplements.be\\\/fr\\\/produit\\\/multiomega-3-6-9-huiles-de-lin-de-bourrache-et-de-poisson-120-softgels\\\/#breadcrumb\"},\"inLanguage\":\"fr-FR\",\"potentialAction\":[{\"@type\":\"ReadAction\",\"target\":[\"https:\\\/\\\/ecosupplements.be\\\/fr\\\/produit\\\/multiomega-3-6-9-huiles-de-lin-de-bourrache-et-de-poisson-120-softgels\\\/\"]}]},{\"@type\":\"ImageObject\",\"inLanguage\":\"fr-FR\",\"@id\":\"https:\\\/\\\/ecosupplements.be\\\/fr\\\/produit\\\/multiomega-3-6-9-huiles-de-lin-de-bourrache-et-de-poisson-120-softgels\\\/#primaryimage\",\"url\":\"https:\\\/\\\/ecosupplements.be\\\/wp-content\\\/uploads\\\/2025\\\/08\\\/Swanson-MultiOmega-3-6-9-120-softgels-1.jpg\",\"contentUrl\":\"https:\\\/\\\/ecosupplements.be\\\/wp-content\\\/uploads\\\/2025\\\/08\\\/Swanson-MultiOmega-3-6-9-120-softgels-1.jpg\",\"width\":750,\"height\":750},{\"@type\":\"BreadcrumbList\",\"@id\":\"https:\\\/\\\/ecosupplements.be\\\/fr\\\/produit\\\/multiomega-3-6-9-huiles-de-lin-de-bourrache-et-de-poisson-120-softgels\\\/#breadcrumb\",\"itemListElement\":[{\"@type\":\"ListItem\",\"position\":1,\"name\":\"Home\",\"item\":\"https:\\\/\\\/ecosupplements.be\\\/fr\\\/\"},{\"@type\":\"ListItem\",\"position\":2,\"name\":\"Boutique\",\"item\":\"https:\\\/\\\/ecosupplements.be\\\/fr\\\/boutique\\\/\"},{\"@type\":\"ListItem\",\"position\":3,\"name\":\"MultiOmega 3-6-9 &#8211; Huiles de lin, de bourrache et de poisson &#8211; 120 softgels\"}]},{\"@type\":\"WebSite\",\"@id\":\"https:\\\/\\\/ecosupplements.be\\\/fr\\\/#website\",\"url\":\"https:\\\/\\\/ecosupplements.be\\\/fr\\\/\",\"name\":\"ECO Supplements\",\"description\":\"Eco Supplements - Gezonde supplementen\",\"publisher\":{\"@id\":\"https:\\\/\\\/ecosupplements.be\\\/fr\\\/#organization\"},\"potentialAction\":[{\"@type\":\"SearchAction\",\"target\":{\"@type\":\"EntryPoint\",\"urlTemplate\":\"https:\\\/\\\/ecosupplements.be\\\/fr\\\/?s={search_term_string}\"},\"query-input\":{\"@type\":\"PropertyValueSpecification\",\"valueRequired\":true,\"valueName\":\"search_term_string\"}}],\"inLanguage\":\"fr-FR\"},{\"@type\":\"Organization\",\"@id\":\"https:\\\/\\\/ecosupplements.be\\\/fr\\\/#organization\",\"name\":\"Eco Supplements\",\"url\":\"https:\\\/\\\/ecosupplements.be\\\/fr\\\/\",\"logo\":{\"@type\":\"ImageObject\",\"inLanguage\":\"fr-FR\",\"@id\":\"https:\\\/\\\/ecosupplements.be\\\/fr\\\/#\\\/schema\\\/logo\\\/image\\\/\",\"url\":\"https:\\\/\\\/ecosupplements.be\\\/wp-content\\\/uploads\\\/2022\\\/06\\\/ecosupplement-family.png\",\"contentUrl\":\"https:\\\/\\\/ecosupplements.be\\\/wp-content\\\/uploads\\\/2022\\\/06\\\/ecosupplement-family.png\",\"width\":593,\"height\":374,\"caption\":\"Eco Supplements\"},\"image\":{\"@id\":\"https:\\\/\\\/ecosupplements.be\\\/fr\\\/#\\\/schema\\\/logo\\\/image\\\/\"}}]}<\/script>\n<meta property=\"product:brand\" content=\"Swanson\" \/>\n<meta property=\"product:price:amount\" content=\"21.62\" \/>\n<meta property=\"product:price:currency\" content=\"EUR\" \/>\n<meta property=\"og:availability\" content=\"instock\" \/>\n<meta property=\"product:availability\" content=\"instock\" \/>\n<meta property=\"product:retailer_item_id\" content=\"087614170206\" \/>\n<meta property=\"product:condition\" content=\"new\" \/>\n<!-- \/ Yoast SEO Premium plugin. -->","yoast_head_json":{"title":"MultiOmega 3-6-9 - Huiles de lin, de bourrache et de poisson - 120 softgels - ECO Supplements","description":"Wij hebben een ruime keuze aan producten van MultiOmega 3-6-9 - Huiles de lin, de bourrache et de poisson - 120 softgels . Winkel bij Eco Supplements altijd gratis verzending boven 100\u20ac","robots":{"index":"index","follow":"follow","max-snippet":"max-snippet:-1","max-image-preview":"max-image-preview:large","max-video-preview":"max-video-preview:-1"},"canonical":"https:\/\/ecosupplements.be\/fr\/produit\/multiomega-3-6-9-huiles-de-lin-de-bourrache-et-de-poisson-120-softgels\/","og_locale":"fr_FR","og_type":"article","og_title":"MultiOmega 3-6-9 - Huiles de lin, de bourrache et de poisson - 120 softgels","og_description":"Wij hebben een ruime keuze aan producten van MultiOmega 3-6-9 - Huiles de lin, de bourrache et de poisson - 120 softgels . Winkel bij Eco Supplements altijd gratis verzending boven 100\u20ac","og_url":"https:\/\/ecosupplements.be\/fr\/produit\/multiomega-3-6-9-huiles-de-lin-de-bourrache-et-de-poisson-120-softgels\/","og_site_name":"ECO Supplements","article_modified_time":"2025-08-27T12:03:43+00:00","og_image":[{"width":750,"height":750,"url":"https:\/\/ecosupplements.be\/wp-content\/uploads\/2025\/08\/Swanson-MultiOmega-3-6-9-120-softgels.jpg","type":"image\/jpeg"}],"twitter_card":"summary_large_image","twitter_misc":{"Prix":"21.62&nbsp;&euro;","Disponibilit\u00e9":"En stock"},"schema":{"@context":"https:\/\/schema.org","@graph":[{"@type":["WebPage","ItemPage"],"@id":"https:\/\/ecosupplements.be\/fr\/produit\/multiomega-3-6-9-huiles-de-lin-de-bourrache-et-de-poisson-120-softgels\/","url":"https:\/\/ecosupplements.be\/fr\/produit\/multiomega-3-6-9-huiles-de-lin-de-bourrache-et-de-poisson-120-softgels\/","name":"MultiOmega 3-6-9 - Huiles de lin, de bourrache et de poisson - 120 softgels - ECO Supplements","isPartOf":{"@id":"https:\/\/ecosupplements.be\/fr\/#website"},"primaryImageOfPage":{"@id":"https:\/\/ecosupplements.be\/fr\/produit\/multiomega-3-6-9-huiles-de-lin-de-bourrache-et-de-poisson-120-softgels\/#primaryimage"},"image":{"@id":"https:\/\/ecosupplements.be\/fr\/produit\/multiomega-3-6-9-huiles-de-lin-de-bourrache-et-de-poisson-120-softgels\/#primaryimage"},"thumbnailUrl":"https:\/\/ecosupplements.be\/wp-content\/uploads\/2025\/08\/Swanson-MultiOmega-3-6-9-120-softgels-1.jpg","datePublished":"2022-06-28T09:34:32+00:00","dateModified":"2025-08-27T12:03:43+00:00","description":"Wij hebben een ruime keuze aan producten van MultiOmega 3-6-9 - Huiles de lin, de bourrache et de poisson - 120 softgels . Winkel bij Eco Supplements altijd gratis verzending boven 100\u20ac","breadcrumb":{"@id":"https:\/\/ecosupplements.be\/fr\/produit\/multiomega-3-6-9-huiles-de-lin-de-bourrache-et-de-poisson-120-softgels\/#breadcrumb"},"inLanguage":"fr-FR","potentialAction":[{"@type":"ReadAction","target":["https:\/\/ecosupplements.be\/fr\/produit\/multiomega-3-6-9-huiles-de-lin-de-bourrache-et-de-poisson-120-softgels\/"]}]},{"@type":"ImageObject","inLanguage":"fr-FR","@id":"https:\/\/ecosupplements.be\/fr\/produit\/multiomega-3-6-9-huiles-de-lin-de-bourrache-et-de-poisson-120-softgels\/#primaryimage","url":"https:\/\/ecosupplements.be\/wp-content\/uploads\/2025\/08\/Swanson-MultiOmega-3-6-9-120-softgels-1.jpg","contentUrl":"https:\/\/ecosupplements.be\/wp-content\/uploads\/2025\/08\/Swanson-MultiOmega-3-6-9-120-softgels-1.jpg","width":750,"height":750},{"@type":"BreadcrumbList","@id":"https:\/\/ecosupplements.be\/fr\/produit\/multiomega-3-6-9-huiles-de-lin-de-bourrache-et-de-poisson-120-softgels\/#breadcrumb","itemListElement":[{"@type":"ListItem","position":1,"name":"Home","item":"https:\/\/ecosupplements.be\/fr\/"},{"@type":"ListItem","position":2,"name":"Boutique","item":"https:\/\/ecosupplements.be\/fr\/boutique\/"},{"@type":"ListItem","position":3,"name":"MultiOmega 3-6-9 &#8211; Huiles de lin, de bourrache et de poisson &#8211; 120 softgels"}]},{"@type":"WebSite","@id":"https:\/\/ecosupplements.be\/fr\/#website","url":"https:\/\/ecosupplements.be\/fr\/","name":"ECO Supplements","description":"Eco Supplements - Gezonde supplementen","publisher":{"@id":"https:\/\/ecosupplements.be\/fr\/#organization"},"potentialAction":[{"@type":"SearchAction","target":{"@type":"EntryPoint","urlTemplate":"https:\/\/ecosupplements.be\/fr\/?s={search_term_string}"},"query-input":{"@type":"PropertyValueSpecification","valueRequired":true,"valueName":"search_term_string"}}],"inLanguage":"fr-FR"},{"@type":"Organization","@id":"https:\/\/ecosupplements.be\/fr\/#organization","name":"Eco Supplements","url":"https:\/\/ecosupplements.be\/fr\/","logo":{"@type":"ImageObject","inLanguage":"fr-FR","@id":"https:\/\/ecosupplements.be\/fr\/#\/schema\/logo\/image\/","url":"https:\/\/ecosupplements.be\/wp-content\/uploads\/2022\/06\/ecosupplement-family.png","contentUrl":"https:\/\/ecosupplements.be\/wp-content\/uploads\/2022\/06\/ecosupplement-family.png","width":593,"height":374,"caption":"Eco Supplements"},"image":{"@id":"https:\/\/ecosupplements.be\/fr\/#\/schema\/logo\/image\/"}}]},"product_brand":"Swanson","product_price_amount":"21.62","product_price_currency":"EUR","og_availability":"instock","product_availability":"instock","product_retailer_item_id":"087614170206","product_condition":"new"},"_links":{"self":[{"href":"https:\/\/ecosupplements.be\/fr\/wp-json\/wp\/v2\/product\/283045","targetHints":{"allow":["GET"]}}],"collection":[{"href":"https:\/\/ecosupplements.be\/fr\/wp-json\/wp\/v2\/product"}],"about":[{"href":"https:\/\/ecosupplements.be\/fr\/wp-json\/wp\/v2\/types\/product"}],"replies":[{"embeddable":true,"href":"https:\/\/ecosupplements.be\/fr\/wp-json\/wp\/v2\/comments?post=283045"}],"wp:featuredmedia":[{"embeddable":true,"href":"https:\/\/ecosupplements.be\/fr\/wp-json\/wp\/v2\/media\/257785"}],"wp:attachment":[{"href":"https:\/\/ecosupplements.be\/fr\/wp-json\/wp\/v2\/media?parent=283045"}],"wp:term":[{"taxonomy":"product_brand","embeddable":true,"href":"https:\/\/ecosupplements.be\/fr\/wp-json\/wp\/v2\/product_brand?post=283045"},{"taxonomy":"product_cat","embeddable":true,"href":"https:\/\/ecosupplements.be\/fr\/wp-json\/wp\/v2\/product_cat?post=283045"},{"taxonomy":"product_tag","embeddable":true,"href":"https:\/\/ecosupplements.be\/fr\/wp-json\/wp\/v2\/product_tag?post=283045"}],"curies":[{"name":"wp","href":"https:\/\/api.w.org\/{rel}","templated":true}]}}