{"id":283074,"date":"2022-06-28T10:34:49","date_gmt":"2022-06-28T09:34:49","guid":{"rendered":"https:\/\/ecosupplements.be\/product\/peak-atp-maximum-strength-30-vcaps\/"},"modified":"2025-08-27T13:05:00","modified_gmt":"2025-08-27T12:05:00","slug":"peak-atp-maximum-strength-30-vcaps","status":"publish","type":"product","link":"https:\/\/ecosupplements.be\/fr\/produit\/peak-atp-maximum-strength-30-vcaps\/","title":{"rendered":"Peak ATP Maximum Strength &#8211; 30 vcaps"},"content":{"rendered":"<h1 style=\"text-align: center;\">Swanson &#8211; Peak ATP Maximum Strength<\/h1>\n<p>De nombreux suppl\u00e9ments pr\u00e9tendent soutenir l&#8217;\u00e9nergie physique et la circulation, mais si vous voulez vraiment faire pomper votre sang, Maximum Strength PEAK ATP 400 fonctionne comme aucun autre. Maximum Strength PEAK ATP 400 est une forme brevet\u00e9e et valid\u00e9e en clinique d&#8217;ad\u00e9nosine 5\u2032-triphosphate (ATP), la monnaie \u00e9nerg\u00e9tique de la vie. Alors que d&#8217;autres suppl\u00e9ments agissent pour soutenir l&#8217;ATP dans l&#8217;organisme, PEAK ATP fournit un approvisionnement direct pour une g\u00e9n\u00e9ration optimale d&#8217;\u00e9nergie cellulaire.<br \/>\nL&#8217;ATP est la mol\u00e9cule qui stocke l&#8217;\u00e9nergie n\u00e9cessaire \u00e0 presque toutes les fonctions physiques. Elle est constamment utilis\u00e9e et r\u00e9g\u00e9n\u00e9r\u00e9e \u00e0 l&#8217;int\u00e9rieur de nos cellules. Chaque jour, votre corps retourne autant d&#8217;ATP que vous pesez ! PEAK ATP veille \u00e0 ce que vos cellules ne soient jamais \u00e0 court de cette monnaie \u00e9nerg\u00e9tique de base, et les recherches montrent que ce coup de pouce suppl\u00e9mentaire se traduit par de meilleures performances physiques et une r\u00e9cup\u00e9ration plus rapide apr\u00e8s un effort.<br \/>\nL&#8217;ATP peut \u00eatre synth\u00e9tis\u00e9 au niveau intracellulaire \u00e0 partir des pr\u00e9curseurs que sont l&#8217;ad\u00e9nosine diphosphate (ADP) et l&#8217;ad\u00e9nosine monophosphate (AMP), ainsi que des donneurs de groupes phosphate, \u00e0 l&#8217;aide d&#8217;une enzyme appel\u00e9e ATP synthase. Pendant l&#8217;hydrolyse, l&#8217;\u00e9nergie stock\u00e9e dans les liaisons phosphate de l&#8217;ATP est lib\u00e9r\u00e9e sous forme d&#8217;\u00e9nergie libre, qui est exploit\u00e9e par la cellule pour alimenter les fonctions cellulaires de base. L&#8217;ADP qui reste apr\u00e8s l&#8217;hydrolyse de l&#8217;ATP est ensuite recycl\u00e9 en ATP dans un processus continu. Gr\u00e2ce \u00e0 cette r\u00e9g\u00e9n\u00e9ration constante, le corps humain typique retourne une quantit\u00e9 d&#8217;ATP \u00e0 peu pr\u00e8s \u00e9gale \u00e0 son propre poids chaque jour. Les niveaux d&#8217;ATP intracellulaire sont \u00e9troitement contr\u00f4l\u00e9s, ce qui garantit un approvisionnement \u00e9nerg\u00e9tique ininterrompu pour alimenter toutes les fonctions cellulaires essentielles.<br \/>\nPEAK ATP agit par le biais de trois m\u00e9canismes distincts pour favoriser les performances physiques, r\u00e9duire la fatigue et soutenir une circulation sanguine saine.<br \/>\n&#8211; L&#8217;ATP augmente l&#8217;excitabilit\u00e9 musculaire, ce qui se traduit par des gains importants de force et de puissance.<br \/>\n&#8211; L&#8217;ATP stimule le flux sanguin, ce qui se traduit par un meilleur apport d&#8217;oxyg\u00e8ne et de nutriments aux muscles (y compris le c\u0153ur).<br \/>\n&#8211; L&#8217;ATP est impliqu\u00e9e dans la signalisation anabolique, favorisant ainsi la masse maigre et une structure musculaire saine.<\/p>\n","protected":false},"excerpt":{"rendered":"<p>Swanson &#8211; Peak ATP Maximum Strength De nombreux suppl\u00e9ments pr\u00e9tendent soutenir l&#8217;\u00e9nergie physique et la circulation, mais si vous voulez vraiment faire pomper votre sang, Maximum Strength PEAK ATP 400 fonctionne comme aucun autre. Maximum Strength PEAK ATP 400 est une forme brevet\u00e9e et valid\u00e9e en clinique d&#8217;ad\u00e9nosine 5\u2032-triphosphate (ATP), la monnaie \u00e9nerg\u00e9tique de la [&#8230;]\n","protected":false},"featured_media":257935,"comment_status":"open","ping_status":"open","template":"","meta":[],"product_brand":[4761],"product_cat":[5098,5052,5053],"product_tag":[5069],"class_list":{"0":"post-283074","1":"product","2":"type-product","3":"status-publish","4":"has-post-thumbnail","6":"product_brand-swanson-2","7":"product_cat-antioxydants","8":"product_cat-sante-et-bien-etre","9":"product_cat-vitamines-et-mineraux","10":"product_tag-topeco-2","12":"first","13":"instock","14":"taxable","15":"shipping-taxable","16":"purchasable","17":"product-type-simple"},"yoast_head":"<!-- This site is optimized with the Yoast SEO Premium plugin v27.3 (Yoast SEO v27.3) - https:\/\/yoast.com\/product\/yoast-seo-premium-wordpress\/ -->\n<title>Peak ATP Maximum Strength - 30 vcaps - ECO Supplements<\/title>\n<meta name=\"description\" content=\"Wij hebben een ruime keuze aan producten van Peak ATP Maximum Strength - 30 vcaps . Winkel bij Eco Supplements altijd gratis verzending boven 100\u20ac\" \/>\n<meta name=\"robots\" content=\"index, follow, max-snippet:-1, max-image-preview:large, max-video-preview:-1\" \/>\n<link rel=\"canonical\" href=\"https:\/\/ecosupplements.be\/fr\/produit\/peak-atp-maximum-strength-30-vcaps\/\" \/>\n<meta property=\"og:locale\" content=\"fr_FR\" \/>\n<meta property=\"og:type\" content=\"article\" \/>\n<meta property=\"og:title\" content=\"Peak ATP Maximum Strength - 30 vcaps\" \/>\n<meta property=\"og:description\" content=\"Wij hebben een ruime keuze aan producten van Peak ATP Maximum Strength - 30 vcaps . Winkel bij Eco Supplements altijd gratis verzending boven 100\u20ac\" \/>\n<meta property=\"og:url\" content=\"https:\/\/ecosupplements.be\/fr\/produit\/peak-atp-maximum-strength-30-vcaps\/\" \/>\n<meta property=\"og:site_name\" content=\"ECO Supplements\" \/>\n<meta property=\"article:modified_time\" content=\"2025-08-27T12:05:00+00:00\" \/>\n<meta property=\"og:image\" content=\"https:\/\/ecosupplements.be\/wp-content\/uploads\/2025\/08\/Swanson-Peak-ATP-Maximum-Strength-30-vcaps.jpg\" \/>\n\t<meta property=\"og:image:width\" content=\"750\" \/>\n\t<meta property=\"og:image:height\" content=\"750\" \/>\n\t<meta property=\"og:image:type\" content=\"image\/jpeg\" \/>\n<meta name=\"twitter:card\" content=\"summary_large_image\" \/>\n<meta name=\"twitter:label1\" content=\"Prix\" \/>\n\t<meta name=\"twitter:data1\" content=\"30.36&nbsp;&euro;\" \/>\n\t<meta name=\"twitter:label2\" content=\"Disponibilit\u00e9\" \/>\n\t<meta name=\"twitter:data2\" content=\"En stock\" \/>\n<script type=\"application\/ld+json\" class=\"yoast-schema-graph\">{\"@context\":\"https:\\\/\\\/schema.org\",\"@graph\":[{\"@type\":[\"WebPage\",\"ItemPage\"],\"@id\":\"https:\\\/\\\/ecosupplements.be\\\/fr\\\/produit\\\/peak-atp-maximum-strength-30-vcaps\\\/\",\"url\":\"https:\\\/\\\/ecosupplements.be\\\/fr\\\/produit\\\/peak-atp-maximum-strength-30-vcaps\\\/\",\"name\":\"Peak ATP Maximum Strength - 30 vcaps - ECO Supplements\",\"isPartOf\":{\"@id\":\"https:\\\/\\\/ecosupplements.be\\\/fr\\\/#website\"},\"primaryImageOfPage\":{\"@id\":\"https:\\\/\\\/ecosupplements.be\\\/fr\\\/produit\\\/peak-atp-maximum-strength-30-vcaps\\\/#primaryimage\"},\"image\":{\"@id\":\"https:\\\/\\\/ecosupplements.be\\\/fr\\\/produit\\\/peak-atp-maximum-strength-30-vcaps\\\/#primaryimage\"},\"thumbnailUrl\":\"https:\\\/\\\/ecosupplements.be\\\/wp-content\\\/uploads\\\/2025\\\/08\\\/Swanson-Peak-ATP-Maximum-Strength-30-vcaps-1.jpg\",\"datePublished\":\"2022-06-28T09:34:49+00:00\",\"dateModified\":\"2025-08-27T12:05:00+00:00\",\"description\":\"Wij hebben een ruime keuze aan producten van Peak ATP Maximum Strength - 30 vcaps . Winkel bij Eco Supplements altijd gratis verzending boven 100\u20ac\",\"breadcrumb\":{\"@id\":\"https:\\\/\\\/ecosupplements.be\\\/fr\\\/produit\\\/peak-atp-maximum-strength-30-vcaps\\\/#breadcrumb\"},\"inLanguage\":\"fr-FR\",\"potentialAction\":[{\"@type\":\"ReadAction\",\"target\":[\"https:\\\/\\\/ecosupplements.be\\\/fr\\\/produit\\\/peak-atp-maximum-strength-30-vcaps\\\/\"]}]},{\"@type\":\"ImageObject\",\"inLanguage\":\"fr-FR\",\"@id\":\"https:\\\/\\\/ecosupplements.be\\\/fr\\\/produit\\\/peak-atp-maximum-strength-30-vcaps\\\/#primaryimage\",\"url\":\"https:\\\/\\\/ecosupplements.be\\\/wp-content\\\/uploads\\\/2025\\\/08\\\/Swanson-Peak-ATP-Maximum-Strength-30-vcaps-1.jpg\",\"contentUrl\":\"https:\\\/\\\/ecosupplements.be\\\/wp-content\\\/uploads\\\/2025\\\/08\\\/Swanson-Peak-ATP-Maximum-Strength-30-vcaps-1.jpg\",\"width\":750,\"height\":750},{\"@type\":\"BreadcrumbList\",\"@id\":\"https:\\\/\\\/ecosupplements.be\\\/fr\\\/produit\\\/peak-atp-maximum-strength-30-vcaps\\\/#breadcrumb\",\"itemListElement\":[{\"@type\":\"ListItem\",\"position\":1,\"name\":\"Home\",\"item\":\"https:\\\/\\\/ecosupplements.be\\\/fr\\\/\"},{\"@type\":\"ListItem\",\"position\":2,\"name\":\"Boutique\",\"item\":\"https:\\\/\\\/ecosupplements.be\\\/fr\\\/boutique\\\/\"},{\"@type\":\"ListItem\",\"position\":3,\"name\":\"Peak ATP Maximum Strength &#8211; 30 vcaps\"}]},{\"@type\":\"WebSite\",\"@id\":\"https:\\\/\\\/ecosupplements.be\\\/fr\\\/#website\",\"url\":\"https:\\\/\\\/ecosupplements.be\\\/fr\\\/\",\"name\":\"ECO Supplements\",\"description\":\"Eco Supplements - Gezonde supplementen\",\"publisher\":{\"@id\":\"https:\\\/\\\/ecosupplements.be\\\/fr\\\/#organization\"},\"potentialAction\":[{\"@type\":\"SearchAction\",\"target\":{\"@type\":\"EntryPoint\",\"urlTemplate\":\"https:\\\/\\\/ecosupplements.be\\\/fr\\\/?s={search_term_string}\"},\"query-input\":{\"@type\":\"PropertyValueSpecification\",\"valueRequired\":true,\"valueName\":\"search_term_string\"}}],\"inLanguage\":\"fr-FR\"},{\"@type\":\"Organization\",\"@id\":\"https:\\\/\\\/ecosupplements.be\\\/fr\\\/#organization\",\"name\":\"Eco Supplements\",\"url\":\"https:\\\/\\\/ecosupplements.be\\\/fr\\\/\",\"logo\":{\"@type\":\"ImageObject\",\"inLanguage\":\"fr-FR\",\"@id\":\"https:\\\/\\\/ecosupplements.be\\\/fr\\\/#\\\/schema\\\/logo\\\/image\\\/\",\"url\":\"https:\\\/\\\/ecosupplements.be\\\/wp-content\\\/uploads\\\/2022\\\/06\\\/ecosupplement-family.png\",\"contentUrl\":\"https:\\\/\\\/ecosupplements.be\\\/wp-content\\\/uploads\\\/2022\\\/06\\\/ecosupplement-family.png\",\"width\":593,\"height\":374,\"caption\":\"Eco Supplements\"},\"image\":{\"@id\":\"https:\\\/\\\/ecosupplements.be\\\/fr\\\/#\\\/schema\\\/logo\\\/image\\\/\"}}]}<\/script>\n<meta property=\"product:brand\" content=\"Swanson\" \/>\n<meta property=\"product:price:amount\" content=\"30.36\" \/>\n<meta property=\"product:price:currency\" content=\"EUR\" \/>\n<meta property=\"og:availability\" content=\"instock\" \/>\n<meta property=\"product:availability\" content=\"instock\" \/>\n<meta property=\"product:retailer_item_id\" content=\"087614029467\" \/>\n<meta property=\"product:condition\" content=\"new\" \/>\n<!-- \/ Yoast SEO Premium plugin. -->","yoast_head_json":{"title":"Peak ATP Maximum Strength - 30 vcaps - ECO Supplements","description":"Wij hebben een ruime keuze aan producten van Peak ATP Maximum Strength - 30 vcaps . Winkel bij Eco Supplements altijd gratis verzending boven 100\u20ac","robots":{"index":"index","follow":"follow","max-snippet":"max-snippet:-1","max-image-preview":"max-image-preview:large","max-video-preview":"max-video-preview:-1"},"canonical":"https:\/\/ecosupplements.be\/fr\/produit\/peak-atp-maximum-strength-30-vcaps\/","og_locale":"fr_FR","og_type":"article","og_title":"Peak ATP Maximum Strength - 30 vcaps","og_description":"Wij hebben een ruime keuze aan producten van Peak ATP Maximum Strength - 30 vcaps . Winkel bij Eco Supplements altijd gratis verzending boven 100\u20ac","og_url":"https:\/\/ecosupplements.be\/fr\/produit\/peak-atp-maximum-strength-30-vcaps\/","og_site_name":"ECO Supplements","article_modified_time":"2025-08-27T12:05:00+00:00","og_image":[{"width":750,"height":750,"url":"https:\/\/ecosupplements.be\/wp-content\/uploads\/2025\/08\/Swanson-Peak-ATP-Maximum-Strength-30-vcaps.jpg","type":"image\/jpeg"}],"twitter_card":"summary_large_image","twitter_misc":{"Prix":"30.36&nbsp;&euro;","Disponibilit\u00e9":"En stock"},"schema":{"@context":"https:\/\/schema.org","@graph":[{"@type":["WebPage","ItemPage"],"@id":"https:\/\/ecosupplements.be\/fr\/produit\/peak-atp-maximum-strength-30-vcaps\/","url":"https:\/\/ecosupplements.be\/fr\/produit\/peak-atp-maximum-strength-30-vcaps\/","name":"Peak ATP Maximum Strength - 30 vcaps - ECO Supplements","isPartOf":{"@id":"https:\/\/ecosupplements.be\/fr\/#website"},"primaryImageOfPage":{"@id":"https:\/\/ecosupplements.be\/fr\/produit\/peak-atp-maximum-strength-30-vcaps\/#primaryimage"},"image":{"@id":"https:\/\/ecosupplements.be\/fr\/produit\/peak-atp-maximum-strength-30-vcaps\/#primaryimage"},"thumbnailUrl":"https:\/\/ecosupplements.be\/wp-content\/uploads\/2025\/08\/Swanson-Peak-ATP-Maximum-Strength-30-vcaps-1.jpg","datePublished":"2022-06-28T09:34:49+00:00","dateModified":"2025-08-27T12:05:00+00:00","description":"Wij hebben een ruime keuze aan producten van Peak ATP Maximum Strength - 30 vcaps . Winkel bij Eco Supplements altijd gratis verzending boven 100\u20ac","breadcrumb":{"@id":"https:\/\/ecosupplements.be\/fr\/produit\/peak-atp-maximum-strength-30-vcaps\/#breadcrumb"},"inLanguage":"fr-FR","potentialAction":[{"@type":"ReadAction","target":["https:\/\/ecosupplements.be\/fr\/produit\/peak-atp-maximum-strength-30-vcaps\/"]}]},{"@type":"ImageObject","inLanguage":"fr-FR","@id":"https:\/\/ecosupplements.be\/fr\/produit\/peak-atp-maximum-strength-30-vcaps\/#primaryimage","url":"https:\/\/ecosupplements.be\/wp-content\/uploads\/2025\/08\/Swanson-Peak-ATP-Maximum-Strength-30-vcaps-1.jpg","contentUrl":"https:\/\/ecosupplements.be\/wp-content\/uploads\/2025\/08\/Swanson-Peak-ATP-Maximum-Strength-30-vcaps-1.jpg","width":750,"height":750},{"@type":"BreadcrumbList","@id":"https:\/\/ecosupplements.be\/fr\/produit\/peak-atp-maximum-strength-30-vcaps\/#breadcrumb","itemListElement":[{"@type":"ListItem","position":1,"name":"Home","item":"https:\/\/ecosupplements.be\/fr\/"},{"@type":"ListItem","position":2,"name":"Boutique","item":"https:\/\/ecosupplements.be\/fr\/boutique\/"},{"@type":"ListItem","position":3,"name":"Peak ATP Maximum Strength &#8211; 30 vcaps"}]},{"@type":"WebSite","@id":"https:\/\/ecosupplements.be\/fr\/#website","url":"https:\/\/ecosupplements.be\/fr\/","name":"ECO Supplements","description":"Eco Supplements - Gezonde supplementen","publisher":{"@id":"https:\/\/ecosupplements.be\/fr\/#organization"},"potentialAction":[{"@type":"SearchAction","target":{"@type":"EntryPoint","urlTemplate":"https:\/\/ecosupplements.be\/fr\/?s={search_term_string}"},"query-input":{"@type":"PropertyValueSpecification","valueRequired":true,"valueName":"search_term_string"}}],"inLanguage":"fr-FR"},{"@type":"Organization","@id":"https:\/\/ecosupplements.be\/fr\/#organization","name":"Eco Supplements","url":"https:\/\/ecosupplements.be\/fr\/","logo":{"@type":"ImageObject","inLanguage":"fr-FR","@id":"https:\/\/ecosupplements.be\/fr\/#\/schema\/logo\/image\/","url":"https:\/\/ecosupplements.be\/wp-content\/uploads\/2022\/06\/ecosupplement-family.png","contentUrl":"https:\/\/ecosupplements.be\/wp-content\/uploads\/2022\/06\/ecosupplement-family.png","width":593,"height":374,"caption":"Eco Supplements"},"image":{"@id":"https:\/\/ecosupplements.be\/fr\/#\/schema\/logo\/image\/"}}]},"product_brand":"Swanson","product_price_amount":"30.36","product_price_currency":"EUR","og_availability":"instock","product_availability":"instock","product_retailer_item_id":"087614029467","product_condition":"new"},"_links":{"self":[{"href":"https:\/\/ecosupplements.be\/fr\/wp-json\/wp\/v2\/product\/283074","targetHints":{"allow":["GET"]}}],"collection":[{"href":"https:\/\/ecosupplements.be\/fr\/wp-json\/wp\/v2\/product"}],"about":[{"href":"https:\/\/ecosupplements.be\/fr\/wp-json\/wp\/v2\/types\/product"}],"replies":[{"embeddable":true,"href":"https:\/\/ecosupplements.be\/fr\/wp-json\/wp\/v2\/comments?post=283074"}],"wp:featuredmedia":[{"embeddable":true,"href":"https:\/\/ecosupplements.be\/fr\/wp-json\/wp\/v2\/media\/257935"}],"wp:attachment":[{"href":"https:\/\/ecosupplements.be\/fr\/wp-json\/wp\/v2\/media?parent=283074"}],"wp:term":[{"taxonomy":"product_brand","embeddable":true,"href":"https:\/\/ecosupplements.be\/fr\/wp-json\/wp\/v2\/product_brand?post=283074"},{"taxonomy":"product_cat","embeddable":true,"href":"https:\/\/ecosupplements.be\/fr\/wp-json\/wp\/v2\/product_cat?post=283074"},{"taxonomy":"product_tag","embeddable":true,"href":"https:\/\/ecosupplements.be\/fr\/wp-json\/wp\/v2\/product_tag?post=283074"}],"curies":[{"name":"wp","href":"https:\/\/api.w.org\/{rel}","templated":true}]}}