{"id":283091,"date":"2022-06-28T10:34:57","date_gmt":"2022-06-28T09:34:57","guid":{"rendered":"https:\/\/ecosupplements.be\/product\/fibre-probiotique-prebiotique-60-vcaps\/"},"modified":"2025-08-27T13:05:41","modified_gmt":"2025-08-27T12:05:41","slug":"fibre-probiotique-prebiotique-60-vcaps","status":"publish","type":"product","link":"https:\/\/ecosupplements.be\/fr\/produit\/fibre-probiotique-prebiotique-60-vcaps\/","title":{"rendered":"Fibre Probiotique+ Pr\u00e9biotique &#8211; 60 vcaps"},"content":{"rendered":"<h1 style=\"text-align: center;\">Swanson &#8211; Fibre Probiotique+ Pr\u00e9biotique<\/h1>\n<h3 style=\"text-align: center;\">Sant\u00e9 digestive<\/h3>\n<p>&#8211; Favorise la sant\u00e9 digestive en encourageant la croissance des bact\u00e9ries amies.<br \/>\n&#8211; Favorise la r\u00e9gularit\u00e9 intestinale.<br \/>\n&#8211; Aide \u00e0 maintenir l&#8217;\u00e9quilibre gastro-intestinal.<br \/>\n&#8211; Favorise une digestion et une absorption saines.<br \/>\nSwanson Probiotic+ Prebiotic Fiber aide \u00e0 soutenir la sant\u00e9 digestive et \u00e0 promouvoir une microflore saine. Votre syst\u00e8me digestif a un impact \u00e9norme sur votre sant\u00e9 globale. L&#8217;une des fa\u00e7ons les plus simples de nourrir votre syst\u00e8me digestif est de prendre un probiotique. Les probiotiques sont des bact\u00e9ries amies qui nourrissent votre intestin et votre syst\u00e8me digestif. Ils aident \u00e0 d\u00e9composer les aliments et soutiennent la sant\u00e9 du syst\u00e8me immunitaire. Les pr\u00e9biotiques sont des aliments pour les probiotiques afin de les aider \u00e0 survivre et \u00e0 se multiplier dans votre corps. Un int\u00e9rieur plus sain signifie un ext\u00e9rieur plus heureux.<br \/>\nSwanson Probiotic+ Prebiotic Fiber for Friendly Flora Support contient 1 milliard d&#8217;UFC de Bifidobacterium lactis, une esp\u00e8ce qui a \u00e9t\u00e9 bien \u00e9tudi\u00e9e pour favoriser la sant\u00e9 intestinale et immunitaire. En plus des bact\u00e9ries amies, ce suppl\u00e9ment contient \u00e9galement la fibre pr\u00e9biotique NutraFlora. Les fructooligosaccharides (FOS) de NutraFlora aident \u00e0 cr\u00e9er un environnement favorable aux probiotiques pour qu&#8217;ils puissent se d\u00e9velopper. C&#8217;est le suppl\u00e9ment probiotique et pr\u00e9biotique parfait.<\/p>\n","protected":false},"excerpt":{"rendered":"<p>Swanson &#8211; Fibre Probiotique+ Pr\u00e9biotique Sant\u00e9 digestive &#8211; Favorise la sant\u00e9 digestive en encourageant la croissance des bact\u00e9ries amies. &#8211; Favorise la r\u00e9gularit\u00e9 intestinale. &#8211; Aide \u00e0 maintenir l&#8217;\u00e9quilibre gastro-intestinal. &#8211; Favorise une digestion et une absorption saines. Swanson Probiotic+ Prebiotic Fiber aide \u00e0 soutenir la sant\u00e9 digestive et \u00e0 promouvoir une microflore saine. Votre [&#8230;]\n","protected":false},"featured_media":258029,"comment_status":"open","ping_status":"open","template":"","meta":[],"product_brand":[4761],"product_cat":[5086,5093,5087,5052],"product_tag":[5069],"class_list":{"0":"post-283091","1":"product","2":"type-product","3":"status-publish","4":"has-post-thumbnail","6":"product_brand-swanson-2","7":"product_cat-probiotiques","8":"product_cat-sante-digestive","9":"product_cat-sante-digestive-fibres","10":"product_cat-sante-et-bien-etre","11":"product_tag-topeco-2","13":"first","14":"instock","15":"taxable","16":"shipping-taxable","17":"purchasable","18":"product-type-simple"},"yoast_head":"<!-- This site is optimized with the Yoast SEO Premium plugin v27.3 (Yoast SEO v27.3) - https:\/\/yoast.com\/product\/yoast-seo-premium-wordpress\/ -->\n<title>Fibre Probiotique+ Pr\u00e9biotique - 60 vcaps - ECO Supplements<\/title>\n<meta name=\"description\" content=\"Wij hebben een ruime keuze aan producten van Fibre Probiotique+ Pr\u00e9biotique - 60 vcaps . Winkel bij Eco Supplements altijd gratis verzending boven 100\u20ac\" \/>\n<meta name=\"robots\" content=\"index, follow, max-snippet:-1, max-image-preview:large, max-video-preview:-1\" \/>\n<link rel=\"canonical\" href=\"https:\/\/ecosupplements.be\/fr\/produit\/fibre-probiotique-prebiotique-60-vcaps\/\" \/>\n<meta property=\"og:locale\" content=\"fr_FR\" \/>\n<meta property=\"og:type\" content=\"article\" \/>\n<meta property=\"og:title\" content=\"Fibre Probiotique+ Pr\u00e9biotique - 60 vcaps\" \/>\n<meta property=\"og:description\" content=\"Wij hebben een ruime keuze aan producten van Fibre Probiotique+ Pr\u00e9biotique - 60 vcaps . Winkel bij Eco Supplements altijd gratis verzending boven 100\u20ac\" \/>\n<meta property=\"og:url\" content=\"https:\/\/ecosupplements.be\/fr\/produit\/fibre-probiotique-prebiotique-60-vcaps\/\" \/>\n<meta property=\"og:site_name\" content=\"ECO Supplements\" \/>\n<meta property=\"article:modified_time\" content=\"2025-08-27T12:05:41+00:00\" \/>\n<meta property=\"og:image\" content=\"https:\/\/ecosupplements.be\/wp-content\/uploads\/2025\/08\/Swanson-Probiotic-Prebiotic-Fiber-60-vcaps.jpg\" \/>\n\t<meta property=\"og:image:width\" content=\"500\" \/>\n\t<meta property=\"og:image:height\" content=\"500\" \/>\n\t<meta property=\"og:image:type\" content=\"image\/jpeg\" \/>\n<meta name=\"twitter:card\" content=\"summary_large_image\" \/>\n<meta name=\"twitter:label1\" content=\"Prix\" \/>\n\t<meta name=\"twitter:data1\" content=\"11.79&nbsp;&euro;\" \/>\n\t<meta name=\"twitter:label2\" content=\"Disponibilit\u00e9\" \/>\n\t<meta name=\"twitter:data2\" content=\"En stock\" \/>\n<script type=\"application\/ld+json\" class=\"yoast-schema-graph\">{\"@context\":\"https:\\\/\\\/schema.org\",\"@graph\":[{\"@type\":[\"WebPage\",\"ItemPage\"],\"@id\":\"https:\\\/\\\/ecosupplements.be\\\/fr\\\/produit\\\/fibre-probiotique-prebiotique-60-vcaps\\\/\",\"url\":\"https:\\\/\\\/ecosupplements.be\\\/fr\\\/produit\\\/fibre-probiotique-prebiotique-60-vcaps\\\/\",\"name\":\"Fibre Probiotique+ Pr\u00e9biotique - 60 vcaps - ECO Supplements\",\"isPartOf\":{\"@id\":\"https:\\\/\\\/ecosupplements.be\\\/fr\\\/#website\"},\"primaryImageOfPage\":{\"@id\":\"https:\\\/\\\/ecosupplements.be\\\/fr\\\/produit\\\/fibre-probiotique-prebiotique-60-vcaps\\\/#primaryimage\"},\"image\":{\"@id\":\"https:\\\/\\\/ecosupplements.be\\\/fr\\\/produit\\\/fibre-probiotique-prebiotique-60-vcaps\\\/#primaryimage\"},\"thumbnailUrl\":\"https:\\\/\\\/ecosupplements.be\\\/wp-content\\\/uploads\\\/2025\\\/08\\\/Swanson-Probiotic-Prebiotic-Fiber-60-vcaps-1.jpg\",\"datePublished\":\"2022-06-28T09:34:57+00:00\",\"dateModified\":\"2025-08-27T12:05:41+00:00\",\"description\":\"Wij hebben een ruime keuze aan producten van Fibre Probiotique+ Pr\u00e9biotique - 60 vcaps . Winkel bij Eco Supplements altijd gratis verzending boven 100\u20ac\",\"breadcrumb\":{\"@id\":\"https:\\\/\\\/ecosupplements.be\\\/fr\\\/produit\\\/fibre-probiotique-prebiotique-60-vcaps\\\/#breadcrumb\"},\"inLanguage\":\"fr-FR\",\"potentialAction\":[{\"@type\":\"ReadAction\",\"target\":[\"https:\\\/\\\/ecosupplements.be\\\/fr\\\/produit\\\/fibre-probiotique-prebiotique-60-vcaps\\\/\"]}]},{\"@type\":\"ImageObject\",\"inLanguage\":\"fr-FR\",\"@id\":\"https:\\\/\\\/ecosupplements.be\\\/fr\\\/produit\\\/fibre-probiotique-prebiotique-60-vcaps\\\/#primaryimage\",\"url\":\"https:\\\/\\\/ecosupplements.be\\\/wp-content\\\/uploads\\\/2025\\\/08\\\/Swanson-Probiotic-Prebiotic-Fiber-60-vcaps-1.jpg\",\"contentUrl\":\"https:\\\/\\\/ecosupplements.be\\\/wp-content\\\/uploads\\\/2025\\\/08\\\/Swanson-Probiotic-Prebiotic-Fiber-60-vcaps-1.jpg\",\"width\":500,\"height\":500},{\"@type\":\"BreadcrumbList\",\"@id\":\"https:\\\/\\\/ecosupplements.be\\\/fr\\\/produit\\\/fibre-probiotique-prebiotique-60-vcaps\\\/#breadcrumb\",\"itemListElement\":[{\"@type\":\"ListItem\",\"position\":1,\"name\":\"Home\",\"item\":\"https:\\\/\\\/ecosupplements.be\\\/fr\\\/\"},{\"@type\":\"ListItem\",\"position\":2,\"name\":\"Boutique\",\"item\":\"https:\\\/\\\/ecosupplements.be\\\/fr\\\/boutique\\\/\"},{\"@type\":\"ListItem\",\"position\":3,\"name\":\"Fibre Probiotique+ Pr\u00e9biotique &#8211; 60 vcaps\"}]},{\"@type\":\"WebSite\",\"@id\":\"https:\\\/\\\/ecosupplements.be\\\/fr\\\/#website\",\"url\":\"https:\\\/\\\/ecosupplements.be\\\/fr\\\/\",\"name\":\"ECO Supplements\",\"description\":\"Eco Supplements - Gezonde supplementen\",\"publisher\":{\"@id\":\"https:\\\/\\\/ecosupplements.be\\\/fr\\\/#organization\"},\"potentialAction\":[{\"@type\":\"SearchAction\",\"target\":{\"@type\":\"EntryPoint\",\"urlTemplate\":\"https:\\\/\\\/ecosupplements.be\\\/fr\\\/?s={search_term_string}\"},\"query-input\":{\"@type\":\"PropertyValueSpecification\",\"valueRequired\":true,\"valueName\":\"search_term_string\"}}],\"inLanguage\":\"fr-FR\"},{\"@type\":\"Organization\",\"@id\":\"https:\\\/\\\/ecosupplements.be\\\/fr\\\/#organization\",\"name\":\"Eco Supplements\",\"url\":\"https:\\\/\\\/ecosupplements.be\\\/fr\\\/\",\"logo\":{\"@type\":\"ImageObject\",\"inLanguage\":\"fr-FR\",\"@id\":\"https:\\\/\\\/ecosupplements.be\\\/fr\\\/#\\\/schema\\\/logo\\\/image\\\/\",\"url\":\"https:\\\/\\\/ecosupplements.be\\\/wp-content\\\/uploads\\\/2022\\\/06\\\/ecosupplement-family.png\",\"contentUrl\":\"https:\\\/\\\/ecosupplements.be\\\/wp-content\\\/uploads\\\/2022\\\/06\\\/ecosupplement-family.png\",\"width\":593,\"height\":374,\"caption\":\"Eco Supplements\"},\"image\":{\"@id\":\"https:\\\/\\\/ecosupplements.be\\\/fr\\\/#\\\/schema\\\/logo\\\/image\\\/\"}}]}<\/script>\n<meta property=\"product:brand\" content=\"Swanson\" \/>\n<meta property=\"product:price:amount\" content=\"11.79\" \/>\n<meta property=\"product:price:currency\" content=\"EUR\" \/>\n<meta property=\"og:availability\" content=\"instock\" \/>\n<meta property=\"product:availability\" content=\"instock\" \/>\n<meta property=\"product:retailer_item_id\" content=\"087614190389\" \/>\n<meta property=\"product:condition\" content=\"new\" \/>\n<!-- \/ Yoast SEO Premium plugin. -->","yoast_head_json":{"title":"Fibre Probiotique+ Pr\u00e9biotique - 60 vcaps - ECO Supplements","description":"Wij hebben een ruime keuze aan producten van Fibre Probiotique+ Pr\u00e9biotique - 60 vcaps . Winkel bij Eco Supplements altijd gratis verzending boven 100\u20ac","robots":{"index":"index","follow":"follow","max-snippet":"max-snippet:-1","max-image-preview":"max-image-preview:large","max-video-preview":"max-video-preview:-1"},"canonical":"https:\/\/ecosupplements.be\/fr\/produit\/fibre-probiotique-prebiotique-60-vcaps\/","og_locale":"fr_FR","og_type":"article","og_title":"Fibre Probiotique+ Pr\u00e9biotique - 60 vcaps","og_description":"Wij hebben een ruime keuze aan producten van Fibre Probiotique+ Pr\u00e9biotique - 60 vcaps . Winkel bij Eco Supplements altijd gratis verzending boven 100\u20ac","og_url":"https:\/\/ecosupplements.be\/fr\/produit\/fibre-probiotique-prebiotique-60-vcaps\/","og_site_name":"ECO Supplements","article_modified_time":"2025-08-27T12:05:41+00:00","og_image":[{"width":500,"height":500,"url":"https:\/\/ecosupplements.be\/wp-content\/uploads\/2025\/08\/Swanson-Probiotic-Prebiotic-Fiber-60-vcaps.jpg","type":"image\/jpeg"}],"twitter_card":"summary_large_image","twitter_misc":{"Prix":"11.79&nbsp;&euro;","Disponibilit\u00e9":"En stock"},"schema":{"@context":"https:\/\/schema.org","@graph":[{"@type":["WebPage","ItemPage"],"@id":"https:\/\/ecosupplements.be\/fr\/produit\/fibre-probiotique-prebiotique-60-vcaps\/","url":"https:\/\/ecosupplements.be\/fr\/produit\/fibre-probiotique-prebiotique-60-vcaps\/","name":"Fibre Probiotique+ Pr\u00e9biotique - 60 vcaps - ECO Supplements","isPartOf":{"@id":"https:\/\/ecosupplements.be\/fr\/#website"},"primaryImageOfPage":{"@id":"https:\/\/ecosupplements.be\/fr\/produit\/fibre-probiotique-prebiotique-60-vcaps\/#primaryimage"},"image":{"@id":"https:\/\/ecosupplements.be\/fr\/produit\/fibre-probiotique-prebiotique-60-vcaps\/#primaryimage"},"thumbnailUrl":"https:\/\/ecosupplements.be\/wp-content\/uploads\/2025\/08\/Swanson-Probiotic-Prebiotic-Fiber-60-vcaps-1.jpg","datePublished":"2022-06-28T09:34:57+00:00","dateModified":"2025-08-27T12:05:41+00:00","description":"Wij hebben een ruime keuze aan producten van Fibre Probiotique+ Pr\u00e9biotique - 60 vcaps . Winkel bij Eco Supplements altijd gratis verzending boven 100\u20ac","breadcrumb":{"@id":"https:\/\/ecosupplements.be\/fr\/produit\/fibre-probiotique-prebiotique-60-vcaps\/#breadcrumb"},"inLanguage":"fr-FR","potentialAction":[{"@type":"ReadAction","target":["https:\/\/ecosupplements.be\/fr\/produit\/fibre-probiotique-prebiotique-60-vcaps\/"]}]},{"@type":"ImageObject","inLanguage":"fr-FR","@id":"https:\/\/ecosupplements.be\/fr\/produit\/fibre-probiotique-prebiotique-60-vcaps\/#primaryimage","url":"https:\/\/ecosupplements.be\/wp-content\/uploads\/2025\/08\/Swanson-Probiotic-Prebiotic-Fiber-60-vcaps-1.jpg","contentUrl":"https:\/\/ecosupplements.be\/wp-content\/uploads\/2025\/08\/Swanson-Probiotic-Prebiotic-Fiber-60-vcaps-1.jpg","width":500,"height":500},{"@type":"BreadcrumbList","@id":"https:\/\/ecosupplements.be\/fr\/produit\/fibre-probiotique-prebiotique-60-vcaps\/#breadcrumb","itemListElement":[{"@type":"ListItem","position":1,"name":"Home","item":"https:\/\/ecosupplements.be\/fr\/"},{"@type":"ListItem","position":2,"name":"Boutique","item":"https:\/\/ecosupplements.be\/fr\/boutique\/"},{"@type":"ListItem","position":3,"name":"Fibre Probiotique+ Pr\u00e9biotique &#8211; 60 vcaps"}]},{"@type":"WebSite","@id":"https:\/\/ecosupplements.be\/fr\/#website","url":"https:\/\/ecosupplements.be\/fr\/","name":"ECO Supplements","description":"Eco Supplements - Gezonde supplementen","publisher":{"@id":"https:\/\/ecosupplements.be\/fr\/#organization"},"potentialAction":[{"@type":"SearchAction","target":{"@type":"EntryPoint","urlTemplate":"https:\/\/ecosupplements.be\/fr\/?s={search_term_string}"},"query-input":{"@type":"PropertyValueSpecification","valueRequired":true,"valueName":"search_term_string"}}],"inLanguage":"fr-FR"},{"@type":"Organization","@id":"https:\/\/ecosupplements.be\/fr\/#organization","name":"Eco Supplements","url":"https:\/\/ecosupplements.be\/fr\/","logo":{"@type":"ImageObject","inLanguage":"fr-FR","@id":"https:\/\/ecosupplements.be\/fr\/#\/schema\/logo\/image\/","url":"https:\/\/ecosupplements.be\/wp-content\/uploads\/2022\/06\/ecosupplement-family.png","contentUrl":"https:\/\/ecosupplements.be\/wp-content\/uploads\/2022\/06\/ecosupplement-family.png","width":593,"height":374,"caption":"Eco Supplements"},"image":{"@id":"https:\/\/ecosupplements.be\/fr\/#\/schema\/logo\/image\/"}}]},"product_brand":"Swanson","product_price_amount":"11.79","product_price_currency":"EUR","og_availability":"instock","product_availability":"instock","product_retailer_item_id":"087614190389","product_condition":"new"},"_links":{"self":[{"href":"https:\/\/ecosupplements.be\/fr\/wp-json\/wp\/v2\/product\/283091","targetHints":{"allow":["GET"]}}],"collection":[{"href":"https:\/\/ecosupplements.be\/fr\/wp-json\/wp\/v2\/product"}],"about":[{"href":"https:\/\/ecosupplements.be\/fr\/wp-json\/wp\/v2\/types\/product"}],"replies":[{"embeddable":true,"href":"https:\/\/ecosupplements.be\/fr\/wp-json\/wp\/v2\/comments?post=283091"}],"wp:featuredmedia":[{"embeddable":true,"href":"https:\/\/ecosupplements.be\/fr\/wp-json\/wp\/v2\/media\/258029"}],"wp:attachment":[{"href":"https:\/\/ecosupplements.be\/fr\/wp-json\/wp\/v2\/media?parent=283091"}],"wp:term":[{"taxonomy":"product_brand","embeddable":true,"href":"https:\/\/ecosupplements.be\/fr\/wp-json\/wp\/v2\/product_brand?post=283091"},{"taxonomy":"product_cat","embeddable":true,"href":"https:\/\/ecosupplements.be\/fr\/wp-json\/wp\/v2\/product_cat?post=283091"},{"taxonomy":"product_tag","embeddable":true,"href":"https:\/\/ecosupplements.be\/fr\/wp-json\/wp\/v2\/product_tag?post=283091"}],"curies":[{"name":"wp","href":"https:\/\/api.w.org\/{rel}","templated":true}]}}