{"id":283099,"date":"2022-06-28T10:34:57","date_gmt":"2022-06-28T09:34:57","guid":{"rendered":"https:\/\/ecosupplements.be\/product\/pure-blood-sugar-60-vcaps\/"},"modified":"2025-08-27T13:06:02","modified_gmt":"2025-08-27T12:06:02","slug":"pure-blood-sugar-60-vcaps","status":"publish","type":"product","link":"https:\/\/ecosupplements.be\/fr\/produit\/pure-blood-sugar-60-vcaps\/","title":{"rendered":"Pure Blood Sugar &#8211; 60 vcaps"},"content":{"rendered":"<h1 style=\"text-align: center\">Swanson &#8211; Sucre sanguin pur<\/h1>\n<p>&#8211; Soutient des taux de glyc\u00e9mie sains, d\u00e9j\u00e0 dans la fourchette normale<br \/>\n&#8211; Aide votre corps \u00e0 utiliser l&#8217;insuline plus efficacement et peut soutenir une production saine d&#8217;insuline<br \/>\n&#8211; Ingr\u00e9dients cliniquement \u00e9tudi\u00e9s &amp; transparence de l&#8217;\u00e9tiquette 100% &#8211; pas de m\u00e9langes exclusifs<\/p>\n<p>Visez un taux de glyc\u00e9mie sain gr\u00e2ce \u00e0 une formule 3 en 1 \u00e0 base de plantes, compos\u00e9e d&#8217;ingr\u00e9dients \u00e9tudi\u00e9s en clinique pour aider \u00e0 maintenir les taux de glyc\u00e9mie d\u00e9j\u00e0 dans la fourchette normale, favoriser une production saine d&#8217;insuline et soutenir l&#8217;utilisation efficace de l&#8217;insuline par l&#8217;organisme.<\/p>\n<p>Chaque ingr\u00e9dient soigneusement s\u00e9lectionn\u00e9 dans Pure Blood Sugar provient de la nature et a \u00e9t\u00e9 choisi sp\u00e9cifiquement pour son potentiel individuel, cliniquement d\u00e9montr\u00e9 pour promouvoir le bien-\u00eatre &#8211; y compris le chrome des feuilles de Moringa, le Berberine HCl, et le Gymnema sylvestre.<\/p>\n<p>Les feuilles de moringa sont l&#8217;une des grandes sources naturelles de chrome, et des \u00e9tudes montrent que les niveaux de chrome dans l&#8217;organisme peuvent avoir un impact sur la glyc\u00e9mie. Le chrome aide votre organisme \u00e0 utiliser les glucides que vous consommez pour produire du sucre et de l&#8217;insuline de mani\u00e8re saine et efficace. Le chrome peut \u00e9galement soutenir les cellules pancr\u00e9atiques qui produisent l&#8217;insuline.<\/p>\n<p>La berb\u00e9rine est un compos\u00e9 bioactif provenant de la plante Berberis et utilis\u00e9 depuis longtemps dans les pratiques de bien-\u00eatre chinoises. Des \u00e9tudes scientifiques ont montr\u00e9 que la berb\u00e9rine a des effets puissants sur de nombreux domaines de la sant\u00e9, notamment le maintien de la glyc\u00e9mie dans la fourchette normale.<\/p>\n<p>Pure Blood Sugar comprend \u00e9galement l&#8217;extrait de Gymnema sylvestre GS4 Plus, une herbe ayurv\u00e9dique test\u00e9e cliniquement qui soutient la r\u00e9ponse insulinique de votre corps. Ce trio d&#8217;herbes fournit un soutien d\u00e9riv\u00e9 de la nature pour la sant\u00e9 et le bien-\u00eatre, sans ingr\u00e9dients cach\u00e9s ni m\u00e9langes exclusifs, et \u00e0 un meilleur prix que les autres marques.<\/p>\n","protected":false},"excerpt":{"rendered":"<p>Swanson &#8211; Sucre sanguin pur &#8211; Soutient des taux de glyc\u00e9mie sains, d\u00e9j\u00e0 dans la fourchette normale &#8211; Aide votre corps \u00e0 utiliser l&#8217;insuline plus efficacement et peut soutenir une production saine d&#8217;insuline &#8211; Ingr\u00e9dients cliniquement \u00e9tudi\u00e9s &amp; transparence de l&#8217;\u00e9tiquette 100% &#8211; pas de m\u00e9langes exclusifs Visez un taux de glyc\u00e9mie sain gr\u00e2ce \u00e0 [&#8230;]\n","protected":false},"featured_media":258071,"comment_status":"open","ping_status":"open","template":"","meta":[],"product_brand":[4761],"product_cat":[5052,5105,5053],"product_tag":[5069],"class_list":{"0":"post-283099","1":"product","2":"type-product","3":"status-publish","4":"has-post-thumbnail","6":"product_brand-swanson-2","7":"product_cat-sante-et-bien-etre","8":"product_cat-vitalite","9":"product_cat-vitamines-et-mineraux","10":"product_tag-topeco-2","12":"first","13":"instock","14":"taxable","15":"shipping-taxable","16":"purchasable","17":"product-type-simple"},"yoast_head":"<!-- This site is optimized with the Yoast SEO Premium plugin v27.3 (Yoast SEO v27.3) - https:\/\/yoast.com\/product\/yoast-seo-premium-wordpress\/ -->\n<title>Pure Blood Sugar - 60 vcaps - ECO Supplements<\/title>\n<meta name=\"description\" content=\"Wij hebben een ruime keuze aan producten van Pure Blood Sugar - 60 vcaps . Winkel bij Eco Supplements altijd gratis verzending boven 100\u20ac\" \/>\n<meta name=\"robots\" content=\"index, follow, max-snippet:-1, max-image-preview:large, max-video-preview:-1\" \/>\n<link rel=\"canonical\" href=\"https:\/\/ecosupplements.be\/fr\/produit\/pure-blood-sugar-60-vcaps\/\" \/>\n<meta property=\"og:locale\" content=\"fr_FR\" \/>\n<meta property=\"og:type\" content=\"article\" \/>\n<meta property=\"og:title\" content=\"Pure Blood Sugar - 60 vcaps\" \/>\n<meta property=\"og:description\" content=\"Wij hebben een ruime keuze aan producten van Pure Blood Sugar - 60 vcaps . Winkel bij Eco Supplements altijd gratis verzending boven 100\u20ac\" \/>\n<meta property=\"og:url\" content=\"https:\/\/ecosupplements.be\/fr\/produit\/pure-blood-sugar-60-vcaps\/\" \/>\n<meta property=\"og:site_name\" content=\"ECO Supplements\" \/>\n<meta property=\"article:modified_time\" content=\"2025-08-27T12:06:02+00:00\" \/>\n<meta property=\"og:image\" content=\"https:\/\/ecosupplements.be\/wp-content\/uploads\/2025\/08\/Swanson-Pure-Blood-Sugar-60-vcaps.jpg\" \/>\n\t<meta property=\"og:image:width\" content=\"750\" \/>\n\t<meta property=\"og:image:height\" content=\"750\" \/>\n\t<meta property=\"og:image:type\" content=\"image\/jpeg\" \/>\n<meta name=\"twitter:card\" content=\"summary_large_image\" \/>\n<meta name=\"twitter:label1\" content=\"Prix\" \/>\n\t<meta name=\"twitter:data1\" content=\"5.59&nbsp;&euro;\" \/>\n\t<meta name=\"twitter:label2\" content=\"Disponibilit\u00e9\" \/>\n\t<meta name=\"twitter:data2\" content=\"En stock\" \/>\n<script type=\"application\/ld+json\" class=\"yoast-schema-graph\">{\"@context\":\"https:\\\/\\\/schema.org\",\"@graph\":[{\"@type\":[\"WebPage\",\"ItemPage\"],\"@id\":\"https:\\\/\\\/ecosupplements.be\\\/fr\\\/produit\\\/pure-blood-sugar-60-vcaps\\\/\",\"url\":\"https:\\\/\\\/ecosupplements.be\\\/fr\\\/produit\\\/pure-blood-sugar-60-vcaps\\\/\",\"name\":\"Pure Blood Sugar - 60 vcaps - ECO Supplements\",\"isPartOf\":{\"@id\":\"https:\\\/\\\/ecosupplements.be\\\/fr\\\/#website\"},\"primaryImageOfPage\":{\"@id\":\"https:\\\/\\\/ecosupplements.be\\\/fr\\\/produit\\\/pure-blood-sugar-60-vcaps\\\/#primaryimage\"},\"image\":{\"@id\":\"https:\\\/\\\/ecosupplements.be\\\/fr\\\/produit\\\/pure-blood-sugar-60-vcaps\\\/#primaryimage\"},\"thumbnailUrl\":\"https:\\\/\\\/ecosupplements.be\\\/wp-content\\\/uploads\\\/2025\\\/08\\\/Swanson-Pure-Blood-Sugar-60-vcaps-1.jpg\",\"datePublished\":\"2022-06-28T09:34:57+00:00\",\"dateModified\":\"2025-08-27T12:06:02+00:00\",\"description\":\"Wij hebben een ruime keuze aan producten van Pure Blood Sugar - 60 vcaps . Winkel bij Eco Supplements altijd gratis verzending boven 100\u20ac\",\"breadcrumb\":{\"@id\":\"https:\\\/\\\/ecosupplements.be\\\/fr\\\/produit\\\/pure-blood-sugar-60-vcaps\\\/#breadcrumb\"},\"inLanguage\":\"fr-FR\",\"potentialAction\":[{\"@type\":\"ReadAction\",\"target\":[\"https:\\\/\\\/ecosupplements.be\\\/fr\\\/produit\\\/pure-blood-sugar-60-vcaps\\\/\"]}]},{\"@type\":\"ImageObject\",\"inLanguage\":\"fr-FR\",\"@id\":\"https:\\\/\\\/ecosupplements.be\\\/fr\\\/produit\\\/pure-blood-sugar-60-vcaps\\\/#primaryimage\",\"url\":\"https:\\\/\\\/ecosupplements.be\\\/wp-content\\\/uploads\\\/2025\\\/08\\\/Swanson-Pure-Blood-Sugar-60-vcaps-1.jpg\",\"contentUrl\":\"https:\\\/\\\/ecosupplements.be\\\/wp-content\\\/uploads\\\/2025\\\/08\\\/Swanson-Pure-Blood-Sugar-60-vcaps-1.jpg\",\"width\":750,\"height\":750},{\"@type\":\"BreadcrumbList\",\"@id\":\"https:\\\/\\\/ecosupplements.be\\\/fr\\\/produit\\\/pure-blood-sugar-60-vcaps\\\/#breadcrumb\",\"itemListElement\":[{\"@type\":\"ListItem\",\"position\":1,\"name\":\"Home\",\"item\":\"https:\\\/\\\/ecosupplements.be\\\/fr\\\/\"},{\"@type\":\"ListItem\",\"position\":2,\"name\":\"Boutique\",\"item\":\"https:\\\/\\\/ecosupplements.be\\\/fr\\\/boutique\\\/\"},{\"@type\":\"ListItem\",\"position\":3,\"name\":\"Pure Blood Sugar &#8211; 60 vcaps\"}]},{\"@type\":\"WebSite\",\"@id\":\"https:\\\/\\\/ecosupplements.be\\\/fr\\\/#website\",\"url\":\"https:\\\/\\\/ecosupplements.be\\\/fr\\\/\",\"name\":\"ECO Supplements\",\"description\":\"Eco Supplements - Gezonde supplementen\",\"publisher\":{\"@id\":\"https:\\\/\\\/ecosupplements.be\\\/fr\\\/#organization\"},\"potentialAction\":[{\"@type\":\"SearchAction\",\"target\":{\"@type\":\"EntryPoint\",\"urlTemplate\":\"https:\\\/\\\/ecosupplements.be\\\/fr\\\/?s={search_term_string}\"},\"query-input\":{\"@type\":\"PropertyValueSpecification\",\"valueRequired\":true,\"valueName\":\"search_term_string\"}}],\"inLanguage\":\"fr-FR\"},{\"@type\":\"Organization\",\"@id\":\"https:\\\/\\\/ecosupplements.be\\\/fr\\\/#organization\",\"name\":\"Eco Supplements\",\"url\":\"https:\\\/\\\/ecosupplements.be\\\/fr\\\/\",\"logo\":{\"@type\":\"ImageObject\",\"inLanguage\":\"fr-FR\",\"@id\":\"https:\\\/\\\/ecosupplements.be\\\/fr\\\/#\\\/schema\\\/logo\\\/image\\\/\",\"url\":\"https:\\\/\\\/ecosupplements.be\\\/wp-content\\\/uploads\\\/2022\\\/06\\\/ecosupplement-family.png\",\"contentUrl\":\"https:\\\/\\\/ecosupplements.be\\\/wp-content\\\/uploads\\\/2022\\\/06\\\/ecosupplement-family.png\",\"width\":593,\"height\":374,\"caption\":\"Eco Supplements\"},\"image\":{\"@id\":\"https:\\\/\\\/ecosupplements.be\\\/fr\\\/#\\\/schema\\\/logo\\\/image\\\/\"}}]}<\/script>\n<meta property=\"product:brand\" content=\"Swanson\" \/>\n<meta property=\"product:price:amount\" content=\"5.59\" \/>\n<meta property=\"product:price:currency\" content=\"EUR\" \/>\n<meta property=\"og:availability\" content=\"instock\" \/>\n<meta property=\"product:availability\" content=\"instock\" \/>\n<meta property=\"product:retailer_item_id\" content=\"087614210643\" \/>\n<meta property=\"product:condition\" content=\"new\" \/>\n<!-- \/ Yoast SEO Premium plugin. -->","yoast_head_json":{"title":"Pure Blood Sugar - 60 vcaps - ECO Supplements","description":"Wij hebben een ruime keuze aan producten van Pure Blood Sugar - 60 vcaps . Winkel bij Eco Supplements altijd gratis verzending boven 100\u20ac","robots":{"index":"index","follow":"follow","max-snippet":"max-snippet:-1","max-image-preview":"max-image-preview:large","max-video-preview":"max-video-preview:-1"},"canonical":"https:\/\/ecosupplements.be\/fr\/produit\/pure-blood-sugar-60-vcaps\/","og_locale":"fr_FR","og_type":"article","og_title":"Pure Blood Sugar - 60 vcaps","og_description":"Wij hebben een ruime keuze aan producten van Pure Blood Sugar - 60 vcaps . Winkel bij Eco Supplements altijd gratis verzending boven 100\u20ac","og_url":"https:\/\/ecosupplements.be\/fr\/produit\/pure-blood-sugar-60-vcaps\/","og_site_name":"ECO Supplements","article_modified_time":"2025-08-27T12:06:02+00:00","og_image":[{"width":750,"height":750,"url":"https:\/\/ecosupplements.be\/wp-content\/uploads\/2025\/08\/Swanson-Pure-Blood-Sugar-60-vcaps.jpg","type":"image\/jpeg"}],"twitter_card":"summary_large_image","twitter_misc":{"Prix":"5.59&nbsp;&euro;","Disponibilit\u00e9":"En stock"},"schema":{"@context":"https:\/\/schema.org","@graph":[{"@type":["WebPage","ItemPage"],"@id":"https:\/\/ecosupplements.be\/fr\/produit\/pure-blood-sugar-60-vcaps\/","url":"https:\/\/ecosupplements.be\/fr\/produit\/pure-blood-sugar-60-vcaps\/","name":"Pure Blood Sugar - 60 vcaps - ECO Supplements","isPartOf":{"@id":"https:\/\/ecosupplements.be\/fr\/#website"},"primaryImageOfPage":{"@id":"https:\/\/ecosupplements.be\/fr\/produit\/pure-blood-sugar-60-vcaps\/#primaryimage"},"image":{"@id":"https:\/\/ecosupplements.be\/fr\/produit\/pure-blood-sugar-60-vcaps\/#primaryimage"},"thumbnailUrl":"https:\/\/ecosupplements.be\/wp-content\/uploads\/2025\/08\/Swanson-Pure-Blood-Sugar-60-vcaps-1.jpg","datePublished":"2022-06-28T09:34:57+00:00","dateModified":"2025-08-27T12:06:02+00:00","description":"Wij hebben een ruime keuze aan producten van Pure Blood Sugar - 60 vcaps . Winkel bij Eco Supplements altijd gratis verzending boven 100\u20ac","breadcrumb":{"@id":"https:\/\/ecosupplements.be\/fr\/produit\/pure-blood-sugar-60-vcaps\/#breadcrumb"},"inLanguage":"fr-FR","potentialAction":[{"@type":"ReadAction","target":["https:\/\/ecosupplements.be\/fr\/produit\/pure-blood-sugar-60-vcaps\/"]}]},{"@type":"ImageObject","inLanguage":"fr-FR","@id":"https:\/\/ecosupplements.be\/fr\/produit\/pure-blood-sugar-60-vcaps\/#primaryimage","url":"https:\/\/ecosupplements.be\/wp-content\/uploads\/2025\/08\/Swanson-Pure-Blood-Sugar-60-vcaps-1.jpg","contentUrl":"https:\/\/ecosupplements.be\/wp-content\/uploads\/2025\/08\/Swanson-Pure-Blood-Sugar-60-vcaps-1.jpg","width":750,"height":750},{"@type":"BreadcrumbList","@id":"https:\/\/ecosupplements.be\/fr\/produit\/pure-blood-sugar-60-vcaps\/#breadcrumb","itemListElement":[{"@type":"ListItem","position":1,"name":"Home","item":"https:\/\/ecosupplements.be\/fr\/"},{"@type":"ListItem","position":2,"name":"Boutique","item":"https:\/\/ecosupplements.be\/fr\/boutique\/"},{"@type":"ListItem","position":3,"name":"Pure Blood Sugar &#8211; 60 vcaps"}]},{"@type":"WebSite","@id":"https:\/\/ecosupplements.be\/fr\/#website","url":"https:\/\/ecosupplements.be\/fr\/","name":"ECO Supplements","description":"Eco Supplements - Gezonde supplementen","publisher":{"@id":"https:\/\/ecosupplements.be\/fr\/#organization"},"potentialAction":[{"@type":"SearchAction","target":{"@type":"EntryPoint","urlTemplate":"https:\/\/ecosupplements.be\/fr\/?s={search_term_string}"},"query-input":{"@type":"PropertyValueSpecification","valueRequired":true,"valueName":"search_term_string"}}],"inLanguage":"fr-FR"},{"@type":"Organization","@id":"https:\/\/ecosupplements.be\/fr\/#organization","name":"Eco Supplements","url":"https:\/\/ecosupplements.be\/fr\/","logo":{"@type":"ImageObject","inLanguage":"fr-FR","@id":"https:\/\/ecosupplements.be\/fr\/#\/schema\/logo\/image\/","url":"https:\/\/ecosupplements.be\/wp-content\/uploads\/2022\/06\/ecosupplement-family.png","contentUrl":"https:\/\/ecosupplements.be\/wp-content\/uploads\/2022\/06\/ecosupplement-family.png","width":593,"height":374,"caption":"Eco Supplements"},"image":{"@id":"https:\/\/ecosupplements.be\/fr\/#\/schema\/logo\/image\/"}}]},"product_brand":"Swanson","product_price_amount":"5.59","product_price_currency":"EUR","og_availability":"instock","product_availability":"instock","product_retailer_item_id":"087614210643","product_condition":"new"},"_links":{"self":[{"href":"https:\/\/ecosupplements.be\/fr\/wp-json\/wp\/v2\/product\/283099","targetHints":{"allow":["GET"]}}],"collection":[{"href":"https:\/\/ecosupplements.be\/fr\/wp-json\/wp\/v2\/product"}],"about":[{"href":"https:\/\/ecosupplements.be\/fr\/wp-json\/wp\/v2\/types\/product"}],"replies":[{"embeddable":true,"href":"https:\/\/ecosupplements.be\/fr\/wp-json\/wp\/v2\/comments?post=283099"}],"wp:featuredmedia":[{"embeddable":true,"href":"https:\/\/ecosupplements.be\/fr\/wp-json\/wp\/v2\/media\/258071"}],"wp:attachment":[{"href":"https:\/\/ecosupplements.be\/fr\/wp-json\/wp\/v2\/media?parent=283099"}],"wp:term":[{"taxonomy":"product_brand","embeddable":true,"href":"https:\/\/ecosupplements.be\/fr\/wp-json\/wp\/v2\/product_brand?post=283099"},{"taxonomy":"product_cat","embeddable":true,"href":"https:\/\/ecosupplements.be\/fr\/wp-json\/wp\/v2\/product_cat?post=283099"},{"taxonomy":"product_tag","embeddable":true,"href":"https:\/\/ecosupplements.be\/fr\/wp-json\/wp\/v2\/product_tag?post=283099"}],"curies":[{"name":"wp","href":"https:\/\/api.w.org\/{rel}","templated":true}]}}