{"id":283100,"date":"2022-06-28T10:34:57","date_gmt":"2022-06-28T09:34:57","guid":{"rendered":"https:\/\/ecosupplements.be\/product\/pure-energy-60-vcaps\/"},"modified":"2025-08-27T13:06:05","modified_gmt":"2025-08-27T12:06:05","slug":"pure-energy-60-vcaps","status":"publish","type":"product","link":"https:\/\/ecosupplements.be\/fr\/produit\/pure-energy-60-vcaps\/","title":{"rendered":"Pure Energy &#8211; 60 vcaps"},"content":{"rendered":"<h1 style=\"text-align: center\">Swanson &#8211; \u00c9nergie pure<\/h1>\n<p>&#8211; Des ingr\u00e9dients \u00e0 base de plantes cliniquement soutenus, d\u00e9livr\u00e9s en doses scientifiquement \u00e9tudi\u00e9es pour un regain d&#8217;\u00e9nergie rapide et \u00e9quilibr\u00e9, ainsi qu&#8217;une attention et une concentration accrues.<br \/>\n&#8211; M\u00e9lange synergique comprenant des herbes adaptog\u00e8nes qui soutiennent une humeur positive tout en combattant le stress et la fatigue quotidienne.<br \/>\n&#8211; Aide \u00e0 promouvoir le m\u00e9tabolisme et des niveaux de stress sains pour un bien-\u00eatre g\u00e9n\u00e9ral.<\/p>\n<p>Bien s\u00fbr, les boissons \u00e9nergisantes contenant du sucre ou des ingr\u00e9dients artificiels peuvent vous donner un regain d&#8217;\u00e9nergie \u00e0 court terme, mais elles s&#8217;accompagnent souvent de frissons, d&#8217;une fatigue \u00e9ventuelle (le crash !) et d&#8217;autres effets secondaires ind\u00e9sirables comme des troubles du sommeil ou de la concentration. Ce que vous voulez &#8211; ce dont vous avez besoin &#8211; c&#8217;est un pur regain d&#8217;\u00e9nergie.<\/p>\n<p>Pure Energy de Swanson Pure Science Herbals fournit une \u00e9nergie constante et \u00e9quilibr\u00e9e, ainsi qu&#8217;un soutien antioxydant pr\u00e9cieux qui vous aidera \u00e0 rester au sommet de vos performances tout au long de la journ\u00e9e. Pure Energy offre un regain d&#8217;\u00e9nergie imm\u00e9diat et \u00e9quilibr\u00e9 gr\u00e2ce \u00e0 un m\u00e9lange d&#8217;herbes et de plantes adaptog\u00e8nes qui agissent ensemble pour soutenir une humeur positive, la concentration et des niveaux de stress sains.<\/p>\n<p>Pure Energy comprend :<\/p>\n<p>Caf\u00e9ine d&#8217;origine naturelle d\u00e9riv\u00e9e d&#8217;extraits de th\u00e9 vert et de grains de caf\u00e9 vert pour fournir un regain d&#8217;\u00e9nergie similaire \u00e0 une tasse de caf\u00e9 moyenne.<\/p>\n<p>La L-th\u00e9anine, un acide amin\u00e9 populaire largement utilis\u00e9 pour ses capacit\u00e9s calmantes, favorise la relaxation et la fonction endocrinienne saine afin d&#8217;\u00e9quilibrer vos niveaux d&#8217;\u00e9nergie naturels avec la bonne dose de calme anti-stress.<\/p>\n<p>La racine de rhodiola rosea, un adaptog\u00e8ne naturel qui combat le stress tout en fournissant un soutien \u00e0 base de plantes pour les substances chimiques cl\u00e9s du cerveau qui aident \u00e0 favoriser une humeur positive et une concentration accrue.<\/p>\n<p>Pure Energy est un m\u00e9lange unique de plantes qui agit en synergie pour vous donner de l&#8217;\u00e9nergie toute la journ\u00e9e et vous permettre de vous sentir au mieux de votre forme en favorisant \u00e9galement une humeur positive, en combattant le stress et en retardant la fatigue &#8211; le tout \u00e0 un meilleur prix que les grandes marques. Retrouvez des performances, une concentration et des niveaux d&#8217;\u00e9nergie optimaux gr\u00e2ce \u00e0 ce m\u00e9lange optimal d&#8217;ingr\u00e9dients non synth\u00e9tiques. Ce suppl\u00e9ment ne contient ni sucre, ni produits chimiques synth\u00e9tiques, ni ingr\u00e9dients cach\u00e9s &#8211; juste de l&#8217;\u00e9nergie pure pour alimenter votre journ\u00e9e.<\/p>\n","protected":false},"excerpt":{"rendered":"<p>Swanson &#8211; \u00c9nergie pure &#8211; Des ingr\u00e9dients \u00e0 base de plantes cliniquement soutenus, d\u00e9livr\u00e9s en doses scientifiquement \u00e9tudi\u00e9es pour un regain d&#8217;\u00e9nergie rapide et \u00e9quilibr\u00e9, ainsi qu&#8217;une attention et une concentration accrues. &#8211; M\u00e9lange synergique comprenant des herbes adaptog\u00e8nes qui soutiennent une humeur positive tout en combattant le stress et la fatigue quotidienne. &#8211; Aide [&#8230;]\n","protected":false},"featured_media":258076,"comment_status":"open","ping_status":"open","template":"","meta":[],"product_brand":[4761],"product_cat":[5119,5120,5052,5094,5053],"product_tag":[5069],"class_list":{"0":"post-283100","1":"product","2":"type-product","3":"status-publish","4":"has-post-thumbnail","6":"product_brand-swanson-2","7":"product_cat-amelioration-de-lhumeur","8":"product_cat-ameliorer-lhumeur","9":"product_cat-sante-et-bien-etre","10":"product_cat-supplements-a-base-de-plantes","11":"product_cat-vitamines-et-mineraux","12":"product_tag-topeco-2","14":"first","15":"instock","16":"taxable","17":"shipping-taxable","18":"purchasable","19":"product-type-simple"},"yoast_head":"<!-- This site is optimized with the Yoast SEO Premium plugin v27.3 (Yoast SEO v27.3) - https:\/\/yoast.com\/product\/yoast-seo-premium-wordpress\/ -->\n<title>Pure Energy - 60 vcaps - ECO Supplements<\/title>\n<meta name=\"description\" content=\"Wij hebben een ruime keuze aan producten van Pure Energy - 60 vcaps . Winkel bij Eco Supplements altijd gratis verzending boven 100\u20ac\" \/>\n<meta name=\"robots\" content=\"index, follow, max-snippet:-1, max-image-preview:large, max-video-preview:-1\" \/>\n<link rel=\"canonical\" href=\"https:\/\/ecosupplements.be\/fr\/produit\/pure-energy-60-vcaps\/\" \/>\n<meta property=\"og:locale\" content=\"fr_FR\" \/>\n<meta property=\"og:type\" content=\"article\" \/>\n<meta property=\"og:title\" content=\"Pure Energy - 60 vcaps\" \/>\n<meta property=\"og:description\" content=\"Wij hebben een ruime keuze aan producten van Pure Energy - 60 vcaps . Winkel bij Eco Supplements altijd gratis verzending boven 100\u20ac\" \/>\n<meta property=\"og:url\" content=\"https:\/\/ecosupplements.be\/fr\/produit\/pure-energy-60-vcaps\/\" \/>\n<meta property=\"og:site_name\" content=\"ECO Supplements\" \/>\n<meta property=\"article:modified_time\" content=\"2025-08-27T12:06:05+00:00\" \/>\n<meta property=\"og:image\" content=\"https:\/\/ecosupplements.be\/wp-content\/uploads\/2025\/08\/Swanson-Pure-Energy-60-vcaps.jpg\" \/>\n\t<meta property=\"og:image:width\" content=\"750\" \/>\n\t<meta property=\"og:image:height\" content=\"750\" \/>\n\t<meta property=\"og:image:type\" content=\"image\/jpeg\" \/>\n<meta name=\"twitter:card\" content=\"summary_large_image\" \/>\n<meta name=\"twitter:label1\" content=\"Prix\" \/>\n\t<meta name=\"twitter:data1\" content=\"22.11&nbsp;&euro;\" \/>\n\t<meta name=\"twitter:label2\" content=\"Disponibilit\u00e9\" \/>\n\t<meta name=\"twitter:data2\" content=\"En stock\" \/>\n<script type=\"application\/ld+json\" class=\"yoast-schema-graph\">{\"@context\":\"https:\\\/\\\/schema.org\",\"@graph\":[{\"@type\":[\"WebPage\",\"ItemPage\"],\"@id\":\"https:\\\/\\\/ecosupplements.be\\\/fr\\\/produit\\\/pure-energy-60-vcaps\\\/\",\"url\":\"https:\\\/\\\/ecosupplements.be\\\/fr\\\/produit\\\/pure-energy-60-vcaps\\\/\",\"name\":\"Pure Energy - 60 vcaps - ECO Supplements\",\"isPartOf\":{\"@id\":\"https:\\\/\\\/ecosupplements.be\\\/fr\\\/#website\"},\"primaryImageOfPage\":{\"@id\":\"https:\\\/\\\/ecosupplements.be\\\/fr\\\/produit\\\/pure-energy-60-vcaps\\\/#primaryimage\"},\"image\":{\"@id\":\"https:\\\/\\\/ecosupplements.be\\\/fr\\\/produit\\\/pure-energy-60-vcaps\\\/#primaryimage\"},\"thumbnailUrl\":\"https:\\\/\\\/ecosupplements.be\\\/wp-content\\\/uploads\\\/2025\\\/08\\\/Swanson-Pure-Energy-60-vcaps-1.jpg\",\"datePublished\":\"2022-06-28T09:34:57+00:00\",\"dateModified\":\"2025-08-27T12:06:05+00:00\",\"description\":\"Wij hebben een ruime keuze aan producten van Pure Energy - 60 vcaps . Winkel bij Eco Supplements altijd gratis verzending boven 100\u20ac\",\"breadcrumb\":{\"@id\":\"https:\\\/\\\/ecosupplements.be\\\/fr\\\/produit\\\/pure-energy-60-vcaps\\\/#breadcrumb\"},\"inLanguage\":\"fr-FR\",\"potentialAction\":[{\"@type\":\"ReadAction\",\"target\":[\"https:\\\/\\\/ecosupplements.be\\\/fr\\\/produit\\\/pure-energy-60-vcaps\\\/\"]}]},{\"@type\":\"ImageObject\",\"inLanguage\":\"fr-FR\",\"@id\":\"https:\\\/\\\/ecosupplements.be\\\/fr\\\/produit\\\/pure-energy-60-vcaps\\\/#primaryimage\",\"url\":\"https:\\\/\\\/ecosupplements.be\\\/wp-content\\\/uploads\\\/2025\\\/08\\\/Swanson-Pure-Energy-60-vcaps-1.jpg\",\"contentUrl\":\"https:\\\/\\\/ecosupplements.be\\\/wp-content\\\/uploads\\\/2025\\\/08\\\/Swanson-Pure-Energy-60-vcaps-1.jpg\",\"width\":750,\"height\":750},{\"@type\":\"BreadcrumbList\",\"@id\":\"https:\\\/\\\/ecosupplements.be\\\/fr\\\/produit\\\/pure-energy-60-vcaps\\\/#breadcrumb\",\"itemListElement\":[{\"@type\":\"ListItem\",\"position\":1,\"name\":\"Home\",\"item\":\"https:\\\/\\\/ecosupplements.be\\\/fr\\\/\"},{\"@type\":\"ListItem\",\"position\":2,\"name\":\"Boutique\",\"item\":\"https:\\\/\\\/ecosupplements.be\\\/fr\\\/boutique\\\/\"},{\"@type\":\"ListItem\",\"position\":3,\"name\":\"Pure Energy &#8211; 60 vcaps\"}]},{\"@type\":\"WebSite\",\"@id\":\"https:\\\/\\\/ecosupplements.be\\\/fr\\\/#website\",\"url\":\"https:\\\/\\\/ecosupplements.be\\\/fr\\\/\",\"name\":\"ECO Supplements\",\"description\":\"Eco Supplements - Gezonde supplementen\",\"publisher\":{\"@id\":\"https:\\\/\\\/ecosupplements.be\\\/fr\\\/#organization\"},\"potentialAction\":[{\"@type\":\"SearchAction\",\"target\":{\"@type\":\"EntryPoint\",\"urlTemplate\":\"https:\\\/\\\/ecosupplements.be\\\/fr\\\/?s={search_term_string}\"},\"query-input\":{\"@type\":\"PropertyValueSpecification\",\"valueRequired\":true,\"valueName\":\"search_term_string\"}}],\"inLanguage\":\"fr-FR\"},{\"@type\":\"Organization\",\"@id\":\"https:\\\/\\\/ecosupplements.be\\\/fr\\\/#organization\",\"name\":\"Eco Supplements\",\"url\":\"https:\\\/\\\/ecosupplements.be\\\/fr\\\/\",\"logo\":{\"@type\":\"ImageObject\",\"inLanguage\":\"fr-FR\",\"@id\":\"https:\\\/\\\/ecosupplements.be\\\/fr\\\/#\\\/schema\\\/logo\\\/image\\\/\",\"url\":\"https:\\\/\\\/ecosupplements.be\\\/wp-content\\\/uploads\\\/2022\\\/06\\\/ecosupplement-family.png\",\"contentUrl\":\"https:\\\/\\\/ecosupplements.be\\\/wp-content\\\/uploads\\\/2022\\\/06\\\/ecosupplement-family.png\",\"width\":593,\"height\":374,\"caption\":\"Eco Supplements\"},\"image\":{\"@id\":\"https:\\\/\\\/ecosupplements.be\\\/fr\\\/#\\\/schema\\\/logo\\\/image\\\/\"}}]}<\/script>\n<meta property=\"product:brand\" content=\"Swanson\" \/>\n<meta property=\"product:price:amount\" content=\"22.11\" \/>\n<meta property=\"product:price:currency\" content=\"EUR\" \/>\n<meta property=\"og:availability\" content=\"instock\" \/>\n<meta property=\"product:availability\" content=\"instock\" \/>\n<meta property=\"product:retailer_item_id\" content=\"087614210483\" \/>\n<meta property=\"product:condition\" content=\"new\" \/>\n<!-- \/ Yoast SEO Premium plugin. -->","yoast_head_json":{"title":"Pure Energy - 60 vcaps - ECO Supplements","description":"Wij hebben een ruime keuze aan producten van Pure Energy - 60 vcaps . Winkel bij Eco Supplements altijd gratis verzending boven 100\u20ac","robots":{"index":"index","follow":"follow","max-snippet":"max-snippet:-1","max-image-preview":"max-image-preview:large","max-video-preview":"max-video-preview:-1"},"canonical":"https:\/\/ecosupplements.be\/fr\/produit\/pure-energy-60-vcaps\/","og_locale":"fr_FR","og_type":"article","og_title":"Pure Energy - 60 vcaps","og_description":"Wij hebben een ruime keuze aan producten van Pure Energy - 60 vcaps . Winkel bij Eco Supplements altijd gratis verzending boven 100\u20ac","og_url":"https:\/\/ecosupplements.be\/fr\/produit\/pure-energy-60-vcaps\/","og_site_name":"ECO Supplements","article_modified_time":"2025-08-27T12:06:05+00:00","og_image":[{"width":750,"height":750,"url":"https:\/\/ecosupplements.be\/wp-content\/uploads\/2025\/08\/Swanson-Pure-Energy-60-vcaps.jpg","type":"image\/jpeg"}],"twitter_card":"summary_large_image","twitter_misc":{"Prix":"22.11&nbsp;&euro;","Disponibilit\u00e9":"En stock"},"schema":{"@context":"https:\/\/schema.org","@graph":[{"@type":["WebPage","ItemPage"],"@id":"https:\/\/ecosupplements.be\/fr\/produit\/pure-energy-60-vcaps\/","url":"https:\/\/ecosupplements.be\/fr\/produit\/pure-energy-60-vcaps\/","name":"Pure Energy - 60 vcaps - ECO Supplements","isPartOf":{"@id":"https:\/\/ecosupplements.be\/fr\/#website"},"primaryImageOfPage":{"@id":"https:\/\/ecosupplements.be\/fr\/produit\/pure-energy-60-vcaps\/#primaryimage"},"image":{"@id":"https:\/\/ecosupplements.be\/fr\/produit\/pure-energy-60-vcaps\/#primaryimage"},"thumbnailUrl":"https:\/\/ecosupplements.be\/wp-content\/uploads\/2025\/08\/Swanson-Pure-Energy-60-vcaps-1.jpg","datePublished":"2022-06-28T09:34:57+00:00","dateModified":"2025-08-27T12:06:05+00:00","description":"Wij hebben een ruime keuze aan producten van Pure Energy - 60 vcaps . Winkel bij Eco Supplements altijd gratis verzending boven 100\u20ac","breadcrumb":{"@id":"https:\/\/ecosupplements.be\/fr\/produit\/pure-energy-60-vcaps\/#breadcrumb"},"inLanguage":"fr-FR","potentialAction":[{"@type":"ReadAction","target":["https:\/\/ecosupplements.be\/fr\/produit\/pure-energy-60-vcaps\/"]}]},{"@type":"ImageObject","inLanguage":"fr-FR","@id":"https:\/\/ecosupplements.be\/fr\/produit\/pure-energy-60-vcaps\/#primaryimage","url":"https:\/\/ecosupplements.be\/wp-content\/uploads\/2025\/08\/Swanson-Pure-Energy-60-vcaps-1.jpg","contentUrl":"https:\/\/ecosupplements.be\/wp-content\/uploads\/2025\/08\/Swanson-Pure-Energy-60-vcaps-1.jpg","width":750,"height":750},{"@type":"BreadcrumbList","@id":"https:\/\/ecosupplements.be\/fr\/produit\/pure-energy-60-vcaps\/#breadcrumb","itemListElement":[{"@type":"ListItem","position":1,"name":"Home","item":"https:\/\/ecosupplements.be\/fr\/"},{"@type":"ListItem","position":2,"name":"Boutique","item":"https:\/\/ecosupplements.be\/fr\/boutique\/"},{"@type":"ListItem","position":3,"name":"Pure Energy &#8211; 60 vcaps"}]},{"@type":"WebSite","@id":"https:\/\/ecosupplements.be\/fr\/#website","url":"https:\/\/ecosupplements.be\/fr\/","name":"ECO Supplements","description":"Eco Supplements - Gezonde supplementen","publisher":{"@id":"https:\/\/ecosupplements.be\/fr\/#organization"},"potentialAction":[{"@type":"SearchAction","target":{"@type":"EntryPoint","urlTemplate":"https:\/\/ecosupplements.be\/fr\/?s={search_term_string}"},"query-input":{"@type":"PropertyValueSpecification","valueRequired":true,"valueName":"search_term_string"}}],"inLanguage":"fr-FR"},{"@type":"Organization","@id":"https:\/\/ecosupplements.be\/fr\/#organization","name":"Eco Supplements","url":"https:\/\/ecosupplements.be\/fr\/","logo":{"@type":"ImageObject","inLanguage":"fr-FR","@id":"https:\/\/ecosupplements.be\/fr\/#\/schema\/logo\/image\/","url":"https:\/\/ecosupplements.be\/wp-content\/uploads\/2022\/06\/ecosupplement-family.png","contentUrl":"https:\/\/ecosupplements.be\/wp-content\/uploads\/2022\/06\/ecosupplement-family.png","width":593,"height":374,"caption":"Eco Supplements"},"image":{"@id":"https:\/\/ecosupplements.be\/fr\/#\/schema\/logo\/image\/"}}]},"product_brand":"Swanson","product_price_amount":"22.11","product_price_currency":"EUR","og_availability":"instock","product_availability":"instock","product_retailer_item_id":"087614210483","product_condition":"new"},"_links":{"self":[{"href":"https:\/\/ecosupplements.be\/fr\/wp-json\/wp\/v2\/product\/283100","targetHints":{"allow":["GET"]}}],"collection":[{"href":"https:\/\/ecosupplements.be\/fr\/wp-json\/wp\/v2\/product"}],"about":[{"href":"https:\/\/ecosupplements.be\/fr\/wp-json\/wp\/v2\/types\/product"}],"replies":[{"embeddable":true,"href":"https:\/\/ecosupplements.be\/fr\/wp-json\/wp\/v2\/comments?post=283100"}],"wp:featuredmedia":[{"embeddable":true,"href":"https:\/\/ecosupplements.be\/fr\/wp-json\/wp\/v2\/media\/258076"}],"wp:attachment":[{"href":"https:\/\/ecosupplements.be\/fr\/wp-json\/wp\/v2\/media?parent=283100"}],"wp:term":[{"taxonomy":"product_brand","embeddable":true,"href":"https:\/\/ecosupplements.be\/fr\/wp-json\/wp\/v2\/product_brand?post=283100"},{"taxonomy":"product_cat","embeddable":true,"href":"https:\/\/ecosupplements.be\/fr\/wp-json\/wp\/v2\/product_cat?post=283100"},{"taxonomy":"product_tag","embeddable":true,"href":"https:\/\/ecosupplements.be\/fr\/wp-json\/wp\/v2\/product_tag?post=283100"}],"curies":[{"name":"wp","href":"https:\/\/api.w.org\/{rel}","templated":true}]}}