{"id":283115,"date":"2022-06-28T10:35:06","date_gmt":"2022-06-28T09:35:06","guid":{"rendered":"https:\/\/ecosupplements.be\/product\/resveratrol-quercetine-30-vcaps\/"},"modified":"2025-08-27T13:06:46","modified_gmt":"2025-08-27T12:06:46","slug":"resveratrol-quercetine-30-vcaps","status":"publish","type":"product","link":"https:\/\/ecosupplements.be\/fr\/produit\/resveratrol-quercetine-30-vcaps\/","title":{"rendered":"Resv\u00e9ratrol &#038; Querc\u00e9tine &#8211; 30 vcaps"},"content":{"rendered":"<h1 style=\"text-align: center;\">Swanson &#8211; Resv\u00e9ratrol et Querc\u00e9tine<\/h1>\n<h3 style=\"text-align: center;\">Sant\u00e9 du c\u0153ur<\/h3>\n<p>&#8211; Combine deux puissants antioxydants avec un extrait de p\u00e9pins de raisin.<br \/>\n&#8211; Pour la sant\u00e9 et la long\u00e9vit\u00e9.<br \/>\n&#8211; Aide \u00e0 combattre les radicaux libres.<br \/>\nLa qu\u00eate de long\u00e9vit\u00e9 de l&#8217;humanit\u00e9 ne montre aucun signe d&#8217;affaiblissement, car nous continuons \u00e0 trouver de meilleurs moyens de nous maintenir en bonne sant\u00e9 plus longtemps. Dans les ann\u00e9es 1990, le resv\u00e9ratrol est apparu comme le suppl\u00e9ment sant\u00e9 le plus prometteur lorsqu&#8217;on a d\u00e9couvert qu&#8217;il avait un impact sur la sirtuine, le &#8220;g\u00e8ne de la long\u00e9vit\u00e9&#8221;. Comme il a \u00e9t\u00e9 d\u00e9couvert pour la premi\u00e8re fois dans le vin rouge, cet effet est devenu connu sous le nom de &#8220;paradoxe du vin rouge&#8221;. Les scientifiques ont depuis appris que a) le resv\u00e9ratrol n&#8217;est pas le seul compos\u00e9 du vin rouge (ou des p\u00e9pins de raisin) qui a un impact positif sur la sant\u00e9 humaine et b) que les p\u00e9pins de raisin ne sont pas la seule source de resv\u00e9ratrol.<br \/>\nSwanson Ultra Resveratrol &amp; Quercetin combine du resv\u00e9ratrol pur provenant de la renou\u00e9e du Japon (Polygonum cuspidatum) avec un extrait complet de p\u00e9pins de raisin standardis\u00e9 \u00e0 90% polyph\u00e9nols (phytonutriments antioxydants actifs). Ensuite, nous amplifions le pouvoir de lutte contre les radicaux libres avec la querc\u00e9tine, un flavono\u00efde connu pour combattre les radicaux libres et d\u00e9fendre les cellules de l&#8217;int\u00e9rieur. Pour la puret\u00e9 et la performance de votre suppl\u00e9mentation en antioxydants, choisissez Swanson Ultra Resveratrol &amp; Quercetin, le suppl\u00e9ment qui combine les antioxydants les plus populaires d&#8217;aujourd&#8217;hui, ayant fait l&#8217;objet de recherches cliniques pour la long\u00e9vit\u00e9, dans une capsule quotidienne abordable que vous pouvez prendre en toute confiance.<\/p>\n","protected":false},"excerpt":{"rendered":"<p>Swanson &#8211; Resv\u00e9ratrol et Querc\u00e9tine Sant\u00e9 du c\u0153ur &#8211; Combine deux puissants antioxydants avec un extrait de p\u00e9pins de raisin. &#8211; Pour la sant\u00e9 et la long\u00e9vit\u00e9. &#8211; Aide \u00e0 combattre les radicaux libres. La qu\u00eate de long\u00e9vit\u00e9 de l&#8217;humanit\u00e9 ne montre aucun signe d&#8217;affaiblissement, car nous continuons \u00e0 trouver de meilleurs moyens de nous [&#8230;]\n","protected":false},"featured_media":258149,"comment_status":"open","ping_status":"open","template":"","meta":[],"product_brand":[4761],"product_cat":[5098,5106,5052,5053],"product_tag":[5069],"class_list":{"0":"post-283115","1":"product","2":"type-product","3":"status-publish","4":"has-post-thumbnail","6":"product_brand-swanson-2","7":"product_cat-antioxydants","8":"product_cat-resveratrol-sante-et-bien-etre","9":"product_cat-sante-et-bien-etre","10":"product_cat-vitamines-et-mineraux","11":"product_tag-topeco-2","13":"first","14":"instock","15":"taxable","16":"shipping-taxable","17":"purchasable","18":"product-type-simple"},"yoast_head":"<!-- This site is optimized with the Yoast SEO Premium plugin v27.3 (Yoast SEO v27.3) - https:\/\/yoast.com\/product\/yoast-seo-premium-wordpress\/ -->\n<title>Resv\u00e9ratrol &amp; Querc\u00e9tine - 30 vcaps - ECO Supplements<\/title>\n<meta name=\"description\" content=\"Wij hebben een ruime keuze aan producten van Resv\u00e9ratrol &amp; Querc\u00e9tine - 30 vcaps . Winkel bij Eco Supplements altijd gratis verzending boven 100\u20ac\" \/>\n<meta name=\"robots\" content=\"index, follow, max-snippet:-1, max-image-preview:large, max-video-preview:-1\" \/>\n<link rel=\"canonical\" href=\"https:\/\/ecosupplements.be\/fr\/produit\/resveratrol-quercetine-30-vcaps\/\" \/>\n<meta property=\"og:locale\" content=\"fr_FR\" \/>\n<meta property=\"og:type\" content=\"article\" \/>\n<meta property=\"og:title\" content=\"Resv\u00e9ratrol &amp; Querc\u00e9tine - 30 vcaps\" \/>\n<meta property=\"og:description\" content=\"Wij hebben een ruime keuze aan producten van Resv\u00e9ratrol &amp; Querc\u00e9tine - 30 vcaps . Winkel bij Eco Supplements altijd gratis verzending boven 100\u20ac\" \/>\n<meta property=\"og:url\" content=\"https:\/\/ecosupplements.be\/fr\/produit\/resveratrol-quercetine-30-vcaps\/\" \/>\n<meta property=\"og:site_name\" content=\"ECO Supplements\" \/>\n<meta property=\"article:modified_time\" content=\"2025-08-27T12:06:46+00:00\" \/>\n<meta property=\"og:image\" content=\"https:\/\/ecosupplements.be\/wp-content\/uploads\/2025\/08\/Swanson-Resveratrol-Quercetin-30-vcaps.jpg\" \/>\n\t<meta property=\"og:image:width\" content=\"500\" \/>\n\t<meta property=\"og:image:height\" content=\"500\" \/>\n\t<meta property=\"og:image:type\" content=\"image\/jpeg\" \/>\n<meta name=\"twitter:card\" content=\"summary_large_image\" \/>\n<meta name=\"twitter:label1\" content=\"Prix\" \/>\n\t<meta name=\"twitter:data1\" content=\"15.09&nbsp;&euro;\" \/>\n\t<meta name=\"twitter:label2\" content=\"Disponibilit\u00e9\" \/>\n\t<meta name=\"twitter:data2\" content=\"En stock\" \/>\n<script type=\"application\/ld+json\" class=\"yoast-schema-graph\">{\"@context\":\"https:\\\/\\\/schema.org\",\"@graph\":[{\"@type\":[\"WebPage\",\"ItemPage\"],\"@id\":\"https:\\\/\\\/ecosupplements.be\\\/fr\\\/produit\\\/resveratrol-quercetine-30-vcaps\\\/\",\"url\":\"https:\\\/\\\/ecosupplements.be\\\/fr\\\/produit\\\/resveratrol-quercetine-30-vcaps\\\/\",\"name\":\"Resv\u00e9ratrol & Querc\u00e9tine - 30 vcaps - ECO Supplements\",\"isPartOf\":{\"@id\":\"https:\\\/\\\/ecosupplements.be\\\/fr\\\/#website\"},\"primaryImageOfPage\":{\"@id\":\"https:\\\/\\\/ecosupplements.be\\\/fr\\\/produit\\\/resveratrol-quercetine-30-vcaps\\\/#primaryimage\"},\"image\":{\"@id\":\"https:\\\/\\\/ecosupplements.be\\\/fr\\\/produit\\\/resveratrol-quercetine-30-vcaps\\\/#primaryimage\"},\"thumbnailUrl\":\"https:\\\/\\\/ecosupplements.be\\\/wp-content\\\/uploads\\\/2025\\\/08\\\/Swanson-Resveratrol-Quercetin-30-vcaps-1.jpg\",\"datePublished\":\"2022-06-28T09:35:06+00:00\",\"dateModified\":\"2025-08-27T12:06:46+00:00\",\"description\":\"Wij hebben een ruime keuze aan producten van Resv\u00e9ratrol & Querc\u00e9tine - 30 vcaps . Winkel bij Eco Supplements altijd gratis verzending boven 100\u20ac\",\"breadcrumb\":{\"@id\":\"https:\\\/\\\/ecosupplements.be\\\/fr\\\/produit\\\/resveratrol-quercetine-30-vcaps\\\/#breadcrumb\"},\"inLanguage\":\"fr-FR\",\"potentialAction\":[{\"@type\":\"ReadAction\",\"target\":[\"https:\\\/\\\/ecosupplements.be\\\/fr\\\/produit\\\/resveratrol-quercetine-30-vcaps\\\/\"]}]},{\"@type\":\"ImageObject\",\"inLanguage\":\"fr-FR\",\"@id\":\"https:\\\/\\\/ecosupplements.be\\\/fr\\\/produit\\\/resveratrol-quercetine-30-vcaps\\\/#primaryimage\",\"url\":\"https:\\\/\\\/ecosupplements.be\\\/wp-content\\\/uploads\\\/2025\\\/08\\\/Swanson-Resveratrol-Quercetin-30-vcaps-1.jpg\",\"contentUrl\":\"https:\\\/\\\/ecosupplements.be\\\/wp-content\\\/uploads\\\/2025\\\/08\\\/Swanson-Resveratrol-Quercetin-30-vcaps-1.jpg\",\"width\":500,\"height\":500},{\"@type\":\"BreadcrumbList\",\"@id\":\"https:\\\/\\\/ecosupplements.be\\\/fr\\\/produit\\\/resveratrol-quercetine-30-vcaps\\\/#breadcrumb\",\"itemListElement\":[{\"@type\":\"ListItem\",\"position\":1,\"name\":\"Home\",\"item\":\"https:\\\/\\\/ecosupplements.be\\\/fr\\\/\"},{\"@type\":\"ListItem\",\"position\":2,\"name\":\"Boutique\",\"item\":\"https:\\\/\\\/ecosupplements.be\\\/fr\\\/boutique\\\/\"},{\"@type\":\"ListItem\",\"position\":3,\"name\":\"Resv\u00e9ratrol &#038; Querc\u00e9tine &#8211; 30 vcaps\"}]},{\"@type\":\"WebSite\",\"@id\":\"https:\\\/\\\/ecosupplements.be\\\/fr\\\/#website\",\"url\":\"https:\\\/\\\/ecosupplements.be\\\/fr\\\/\",\"name\":\"ECO Supplements\",\"description\":\"Eco Supplements - Gezonde supplementen\",\"publisher\":{\"@id\":\"https:\\\/\\\/ecosupplements.be\\\/fr\\\/#organization\"},\"potentialAction\":[{\"@type\":\"SearchAction\",\"target\":{\"@type\":\"EntryPoint\",\"urlTemplate\":\"https:\\\/\\\/ecosupplements.be\\\/fr\\\/?s={search_term_string}\"},\"query-input\":{\"@type\":\"PropertyValueSpecification\",\"valueRequired\":true,\"valueName\":\"search_term_string\"}}],\"inLanguage\":\"fr-FR\"},{\"@type\":\"Organization\",\"@id\":\"https:\\\/\\\/ecosupplements.be\\\/fr\\\/#organization\",\"name\":\"Eco Supplements\",\"url\":\"https:\\\/\\\/ecosupplements.be\\\/fr\\\/\",\"logo\":{\"@type\":\"ImageObject\",\"inLanguage\":\"fr-FR\",\"@id\":\"https:\\\/\\\/ecosupplements.be\\\/fr\\\/#\\\/schema\\\/logo\\\/image\\\/\",\"url\":\"https:\\\/\\\/ecosupplements.be\\\/wp-content\\\/uploads\\\/2022\\\/06\\\/ecosupplement-family.png\",\"contentUrl\":\"https:\\\/\\\/ecosupplements.be\\\/wp-content\\\/uploads\\\/2022\\\/06\\\/ecosupplement-family.png\",\"width\":593,\"height\":374,\"caption\":\"Eco Supplements\"},\"image\":{\"@id\":\"https:\\\/\\\/ecosupplements.be\\\/fr\\\/#\\\/schema\\\/logo\\\/image\\\/\"}}]}<\/script>\n<meta property=\"product:brand\" content=\"Swanson\" \/>\n<meta property=\"product:price:amount\" content=\"15.09\" \/>\n<meta property=\"product:price:currency\" content=\"EUR\" \/>\n<meta property=\"og:availability\" content=\"instock\" \/>\n<meta property=\"product:availability\" content=\"instock\" \/>\n<meta property=\"product:retailer_item_id\" content=\"087614029269\" \/>\n<meta property=\"product:condition\" content=\"new\" \/>\n<!-- \/ Yoast SEO Premium plugin. -->","yoast_head_json":{"title":"Resv\u00e9ratrol & Querc\u00e9tine - 30 vcaps - ECO Supplements","description":"Wij hebben een ruime keuze aan producten van Resv\u00e9ratrol & Querc\u00e9tine - 30 vcaps . Winkel bij Eco Supplements altijd gratis verzending boven 100\u20ac","robots":{"index":"index","follow":"follow","max-snippet":"max-snippet:-1","max-image-preview":"max-image-preview:large","max-video-preview":"max-video-preview:-1"},"canonical":"https:\/\/ecosupplements.be\/fr\/produit\/resveratrol-quercetine-30-vcaps\/","og_locale":"fr_FR","og_type":"article","og_title":"Resv\u00e9ratrol & Querc\u00e9tine - 30 vcaps","og_description":"Wij hebben een ruime keuze aan producten van Resv\u00e9ratrol & Querc\u00e9tine - 30 vcaps . Winkel bij Eco Supplements altijd gratis verzending boven 100\u20ac","og_url":"https:\/\/ecosupplements.be\/fr\/produit\/resveratrol-quercetine-30-vcaps\/","og_site_name":"ECO Supplements","article_modified_time":"2025-08-27T12:06:46+00:00","og_image":[{"width":500,"height":500,"url":"https:\/\/ecosupplements.be\/wp-content\/uploads\/2025\/08\/Swanson-Resveratrol-Quercetin-30-vcaps.jpg","type":"image\/jpeg"}],"twitter_card":"summary_large_image","twitter_misc":{"Prix":"15.09&nbsp;&euro;","Disponibilit\u00e9":"En stock"},"schema":{"@context":"https:\/\/schema.org","@graph":[{"@type":["WebPage","ItemPage"],"@id":"https:\/\/ecosupplements.be\/fr\/produit\/resveratrol-quercetine-30-vcaps\/","url":"https:\/\/ecosupplements.be\/fr\/produit\/resveratrol-quercetine-30-vcaps\/","name":"Resv\u00e9ratrol & Querc\u00e9tine - 30 vcaps - ECO Supplements","isPartOf":{"@id":"https:\/\/ecosupplements.be\/fr\/#website"},"primaryImageOfPage":{"@id":"https:\/\/ecosupplements.be\/fr\/produit\/resveratrol-quercetine-30-vcaps\/#primaryimage"},"image":{"@id":"https:\/\/ecosupplements.be\/fr\/produit\/resveratrol-quercetine-30-vcaps\/#primaryimage"},"thumbnailUrl":"https:\/\/ecosupplements.be\/wp-content\/uploads\/2025\/08\/Swanson-Resveratrol-Quercetin-30-vcaps-1.jpg","datePublished":"2022-06-28T09:35:06+00:00","dateModified":"2025-08-27T12:06:46+00:00","description":"Wij hebben een ruime keuze aan producten van Resv\u00e9ratrol & Querc\u00e9tine - 30 vcaps . Winkel bij Eco Supplements altijd gratis verzending boven 100\u20ac","breadcrumb":{"@id":"https:\/\/ecosupplements.be\/fr\/produit\/resveratrol-quercetine-30-vcaps\/#breadcrumb"},"inLanguage":"fr-FR","potentialAction":[{"@type":"ReadAction","target":["https:\/\/ecosupplements.be\/fr\/produit\/resveratrol-quercetine-30-vcaps\/"]}]},{"@type":"ImageObject","inLanguage":"fr-FR","@id":"https:\/\/ecosupplements.be\/fr\/produit\/resveratrol-quercetine-30-vcaps\/#primaryimage","url":"https:\/\/ecosupplements.be\/wp-content\/uploads\/2025\/08\/Swanson-Resveratrol-Quercetin-30-vcaps-1.jpg","contentUrl":"https:\/\/ecosupplements.be\/wp-content\/uploads\/2025\/08\/Swanson-Resveratrol-Quercetin-30-vcaps-1.jpg","width":500,"height":500},{"@type":"BreadcrumbList","@id":"https:\/\/ecosupplements.be\/fr\/produit\/resveratrol-quercetine-30-vcaps\/#breadcrumb","itemListElement":[{"@type":"ListItem","position":1,"name":"Home","item":"https:\/\/ecosupplements.be\/fr\/"},{"@type":"ListItem","position":2,"name":"Boutique","item":"https:\/\/ecosupplements.be\/fr\/boutique\/"},{"@type":"ListItem","position":3,"name":"Resv\u00e9ratrol &#038; Querc\u00e9tine &#8211; 30 vcaps"}]},{"@type":"WebSite","@id":"https:\/\/ecosupplements.be\/fr\/#website","url":"https:\/\/ecosupplements.be\/fr\/","name":"ECO Supplements","description":"Eco Supplements - Gezonde supplementen","publisher":{"@id":"https:\/\/ecosupplements.be\/fr\/#organization"},"potentialAction":[{"@type":"SearchAction","target":{"@type":"EntryPoint","urlTemplate":"https:\/\/ecosupplements.be\/fr\/?s={search_term_string}"},"query-input":{"@type":"PropertyValueSpecification","valueRequired":true,"valueName":"search_term_string"}}],"inLanguage":"fr-FR"},{"@type":"Organization","@id":"https:\/\/ecosupplements.be\/fr\/#organization","name":"Eco Supplements","url":"https:\/\/ecosupplements.be\/fr\/","logo":{"@type":"ImageObject","inLanguage":"fr-FR","@id":"https:\/\/ecosupplements.be\/fr\/#\/schema\/logo\/image\/","url":"https:\/\/ecosupplements.be\/wp-content\/uploads\/2022\/06\/ecosupplement-family.png","contentUrl":"https:\/\/ecosupplements.be\/wp-content\/uploads\/2022\/06\/ecosupplement-family.png","width":593,"height":374,"caption":"Eco Supplements"},"image":{"@id":"https:\/\/ecosupplements.be\/fr\/#\/schema\/logo\/image\/"}}]},"product_brand":"Swanson","product_price_amount":"15.09","product_price_currency":"EUR","og_availability":"instock","product_availability":"instock","product_retailer_item_id":"087614029269","product_condition":"new"},"_links":{"self":[{"href":"https:\/\/ecosupplements.be\/fr\/wp-json\/wp\/v2\/product\/283115","targetHints":{"allow":["GET"]}}],"collection":[{"href":"https:\/\/ecosupplements.be\/fr\/wp-json\/wp\/v2\/product"}],"about":[{"href":"https:\/\/ecosupplements.be\/fr\/wp-json\/wp\/v2\/types\/product"}],"replies":[{"embeddable":true,"href":"https:\/\/ecosupplements.be\/fr\/wp-json\/wp\/v2\/comments?post=283115"}],"wp:featuredmedia":[{"embeddable":true,"href":"https:\/\/ecosupplements.be\/fr\/wp-json\/wp\/v2\/media\/258149"}],"wp:attachment":[{"href":"https:\/\/ecosupplements.be\/fr\/wp-json\/wp\/v2\/media?parent=283115"}],"wp:term":[{"taxonomy":"product_brand","embeddable":true,"href":"https:\/\/ecosupplements.be\/fr\/wp-json\/wp\/v2\/product_brand?post=283115"},{"taxonomy":"product_cat","embeddable":true,"href":"https:\/\/ecosupplements.be\/fr\/wp-json\/wp\/v2\/product_cat?post=283115"},{"taxonomy":"product_tag","embeddable":true,"href":"https:\/\/ecosupplements.be\/fr\/wp-json\/wp\/v2\/product_tag?post=283115"}],"curies":[{"name":"wp","href":"https:\/\/api.w.org\/{rel}","templated":true}]}}