{"id":283133,"date":"2022-06-28T10:35:15","date_gmt":"2022-06-28T09:35:15","guid":{"rendered":"https:\/\/ecosupplements.be\/product\/varech-ecossais-750mg-30-vcaps\/"},"modified":"2025-08-27T13:07:32","modified_gmt":"2025-08-27T12:07:32","slug":"varech-ecossais-750mg-30-vcaps","status":"publish","type":"product","link":"https:\/\/ecosupplements.be\/fr\/produit\/varech-ecossais-750mg-30-vcaps\/","title":{"rendered":"Varech \u00e9cossais, 750mg &#8211; 30 vcaps"},"content":{"rendered":"<h1 style=\"text-align: center;\">Swanson &#8211; Varech \u00e9cossais<\/h1>\n<p>Le suppl\u00e9ment min\u00e9ral Swanson Green Foods Formulas Certified Organic Scottish Kelp est une excellente source d&#8217;iode qui favorise les fonctions m\u00e9taboliques et la sant\u00e9 cellulaire globale. Avec 750 mg de varech des H\u00e9brides et 325% de l&#8217;apport quotidien en iode d&#8217;une personne moyenne, ce suppl\u00e9ment soutient la sant\u00e9 des organes et favorise une \u00e9nergie suffisante et une combustion r\u00e9guli\u00e8re des calories tout au long de la journ\u00e9e. Pour ceux dont le r\u00e9gime alimentaire peut manquer de ce min\u00e9ral essentiel, l&#8217;iode contenu dans le varech \u00e9cossais soutient la thyro\u00efde, extr\u00eamement importante.<\/p>\n","protected":false},"excerpt":{"rendered":"<p>Swanson &#8211; Varech \u00e9cossais Le suppl\u00e9ment min\u00e9ral Swanson Green Foods Formulas Certified Organic Scottish Kelp est une excellente source d&#8217;iode qui favorise les fonctions m\u00e9taboliques et la sant\u00e9 cellulaire globale. Avec 750 mg de varech des H\u00e9brides et 325% de l&#8217;apport quotidien en iode d&#8217;une personne moyenne, ce suppl\u00e9ment soutient la sant\u00e9 des organes et [&#8230;]\n","protected":false},"featured_media":258241,"comment_status":"open","ping_status":"open","template":"","meta":[],"product_brand":[4761],"product_cat":[5134,5135,5052],"product_tag":[],"class_list":{"0":"post-283133","1":"product","2":"type-product","3":"status-publish","4":"has-post-thumbnail","6":"product_brand-swanson-2","7":"product_cat-booster-de-la-thyroide","8":"product_cat-booster-thyroidien","9":"product_cat-sante-et-bien-etre","11":"first","12":"instock","13":"taxable","14":"shipping-taxable","15":"purchasable","16":"product-type-simple"},"yoast_head":"<!-- This site is optimized with the Yoast SEO Premium plugin v27.3 (Yoast SEO v27.3) - https:\/\/yoast.com\/product\/yoast-seo-premium-wordpress\/ -->\n<title>Varech \u00e9cossais, 750mg - 30 vcaps - ECO Supplements<\/title>\n<meta name=\"description\" content=\"Wij hebben een ruime keuze aan producten van Varech \u00e9cossais, 750mg - 30 vcaps . Winkel bij Eco Supplements altijd gratis verzending boven 100\u20ac\" \/>\n<meta name=\"robots\" content=\"index, follow, max-snippet:-1, max-image-preview:large, max-video-preview:-1\" \/>\n<link rel=\"canonical\" href=\"https:\/\/ecosupplements.be\/fr\/produit\/varech-ecossais-750mg-30-vcaps\/\" \/>\n<meta property=\"og:locale\" content=\"fr_FR\" \/>\n<meta property=\"og:type\" content=\"article\" \/>\n<meta property=\"og:title\" content=\"Varech \u00e9cossais, 750mg - 30 vcaps\" \/>\n<meta property=\"og:description\" content=\"Wij hebben een ruime keuze aan producten van Varech \u00e9cossais, 750mg - 30 vcaps . Winkel bij Eco Supplements altijd gratis verzending boven 100\u20ac\" \/>\n<meta property=\"og:url\" content=\"https:\/\/ecosupplements.be\/fr\/produit\/varech-ecossais-750mg-30-vcaps\/\" \/>\n<meta property=\"og:site_name\" content=\"ECO Supplements\" \/>\n<meta property=\"article:modified_time\" content=\"2025-08-27T12:07:32+00:00\" \/>\n<meta property=\"og:image\" content=\"https:\/\/ecosupplements.be\/wp-content\/uploads\/2025\/08\/Swanson-Scottish-Kelp-30-vcaps.jpg\" \/>\n\t<meta property=\"og:image:width\" content=\"750\" \/>\n\t<meta property=\"og:image:height\" content=\"750\" \/>\n\t<meta property=\"og:image:type\" content=\"image\/jpeg\" \/>\n<meta name=\"twitter:card\" content=\"summary_large_image\" \/>\n<meta name=\"twitter:label1\" content=\"Prix\" \/>\n\t<meta name=\"twitter:data1\" content=\"8.99&nbsp;&euro;\" \/>\n\t<meta name=\"twitter:label2\" content=\"Disponibilit\u00e9\" \/>\n\t<meta name=\"twitter:data2\" content=\"En stock\" \/>\n<script type=\"application\/ld+json\" class=\"yoast-schema-graph\">{\"@context\":\"https:\\\/\\\/schema.org\",\"@graph\":[{\"@type\":[\"WebPage\",\"ItemPage\"],\"@id\":\"https:\\\/\\\/ecosupplements.be\\\/fr\\\/produit\\\/varech-ecossais-750mg-30-vcaps\\\/\",\"url\":\"https:\\\/\\\/ecosupplements.be\\\/fr\\\/produit\\\/varech-ecossais-750mg-30-vcaps\\\/\",\"name\":\"Varech \u00e9cossais, 750mg - 30 vcaps - ECO Supplements\",\"isPartOf\":{\"@id\":\"https:\\\/\\\/ecosupplements.be\\\/fr\\\/#website\"},\"primaryImageOfPage\":{\"@id\":\"https:\\\/\\\/ecosupplements.be\\\/fr\\\/produit\\\/varech-ecossais-750mg-30-vcaps\\\/#primaryimage\"},\"image\":{\"@id\":\"https:\\\/\\\/ecosupplements.be\\\/fr\\\/produit\\\/varech-ecossais-750mg-30-vcaps\\\/#primaryimage\"},\"thumbnailUrl\":\"https:\\\/\\\/ecosupplements.be\\\/wp-content\\\/uploads\\\/2025\\\/08\\\/Swanson-Scottish-Kelp-30-vcaps-1.jpg\",\"datePublished\":\"2022-06-28T09:35:15+00:00\",\"dateModified\":\"2025-08-27T12:07:32+00:00\",\"description\":\"Wij hebben een ruime keuze aan producten van Varech \u00e9cossais, 750mg - 30 vcaps . Winkel bij Eco Supplements altijd gratis verzending boven 100\u20ac\",\"breadcrumb\":{\"@id\":\"https:\\\/\\\/ecosupplements.be\\\/fr\\\/produit\\\/varech-ecossais-750mg-30-vcaps\\\/#breadcrumb\"},\"inLanguage\":\"fr-FR\",\"potentialAction\":[{\"@type\":\"ReadAction\",\"target\":[\"https:\\\/\\\/ecosupplements.be\\\/fr\\\/produit\\\/varech-ecossais-750mg-30-vcaps\\\/\"]}]},{\"@type\":\"ImageObject\",\"inLanguage\":\"fr-FR\",\"@id\":\"https:\\\/\\\/ecosupplements.be\\\/fr\\\/produit\\\/varech-ecossais-750mg-30-vcaps\\\/#primaryimage\",\"url\":\"https:\\\/\\\/ecosupplements.be\\\/wp-content\\\/uploads\\\/2025\\\/08\\\/Swanson-Scottish-Kelp-30-vcaps-1.jpg\",\"contentUrl\":\"https:\\\/\\\/ecosupplements.be\\\/wp-content\\\/uploads\\\/2025\\\/08\\\/Swanson-Scottish-Kelp-30-vcaps-1.jpg\",\"width\":750,\"height\":750},{\"@type\":\"BreadcrumbList\",\"@id\":\"https:\\\/\\\/ecosupplements.be\\\/fr\\\/produit\\\/varech-ecossais-750mg-30-vcaps\\\/#breadcrumb\",\"itemListElement\":[{\"@type\":\"ListItem\",\"position\":1,\"name\":\"Home\",\"item\":\"https:\\\/\\\/ecosupplements.be\\\/fr\\\/\"},{\"@type\":\"ListItem\",\"position\":2,\"name\":\"Boutique\",\"item\":\"https:\\\/\\\/ecosupplements.be\\\/fr\\\/boutique\\\/\"},{\"@type\":\"ListItem\",\"position\":3,\"name\":\"Varech \u00e9cossais, 750mg &#8211; 30 vcaps\"}]},{\"@type\":\"WebSite\",\"@id\":\"https:\\\/\\\/ecosupplements.be\\\/fr\\\/#website\",\"url\":\"https:\\\/\\\/ecosupplements.be\\\/fr\\\/\",\"name\":\"ECO Supplements\",\"description\":\"Eco Supplements - Gezonde supplementen\",\"publisher\":{\"@id\":\"https:\\\/\\\/ecosupplements.be\\\/fr\\\/#organization\"},\"potentialAction\":[{\"@type\":\"SearchAction\",\"target\":{\"@type\":\"EntryPoint\",\"urlTemplate\":\"https:\\\/\\\/ecosupplements.be\\\/fr\\\/?s={search_term_string}\"},\"query-input\":{\"@type\":\"PropertyValueSpecification\",\"valueRequired\":true,\"valueName\":\"search_term_string\"}}],\"inLanguage\":\"fr-FR\"},{\"@type\":\"Organization\",\"@id\":\"https:\\\/\\\/ecosupplements.be\\\/fr\\\/#organization\",\"name\":\"Eco Supplements\",\"url\":\"https:\\\/\\\/ecosupplements.be\\\/fr\\\/\",\"logo\":{\"@type\":\"ImageObject\",\"inLanguage\":\"fr-FR\",\"@id\":\"https:\\\/\\\/ecosupplements.be\\\/fr\\\/#\\\/schema\\\/logo\\\/image\\\/\",\"url\":\"https:\\\/\\\/ecosupplements.be\\\/wp-content\\\/uploads\\\/2022\\\/06\\\/ecosupplement-family.png\",\"contentUrl\":\"https:\\\/\\\/ecosupplements.be\\\/wp-content\\\/uploads\\\/2022\\\/06\\\/ecosupplement-family.png\",\"width\":593,\"height\":374,\"caption\":\"Eco Supplements\"},\"image\":{\"@id\":\"https:\\\/\\\/ecosupplements.be\\\/fr\\\/#\\\/schema\\\/logo\\\/image\\\/\"}}]}<\/script>\n<meta property=\"product:brand\" content=\"Swanson\" \/>\n<meta property=\"product:price:amount\" content=\"8.99\" \/>\n<meta property=\"product:price:currency\" content=\"EUR\" \/>\n<meta property=\"og:availability\" content=\"instock\" \/>\n<meta property=\"product:availability\" content=\"instock\" \/>\n<meta property=\"product:retailer_item_id\" content=\"087614060798\" \/>\n<meta property=\"product:condition\" content=\"new\" \/>\n<!-- \/ Yoast SEO Premium plugin. -->","yoast_head_json":{"title":"Varech \u00e9cossais, 750mg - 30 vcaps - ECO Supplements","description":"Wij hebben een ruime keuze aan producten van Varech \u00e9cossais, 750mg - 30 vcaps . Winkel bij Eco Supplements altijd gratis verzending boven 100\u20ac","robots":{"index":"index","follow":"follow","max-snippet":"max-snippet:-1","max-image-preview":"max-image-preview:large","max-video-preview":"max-video-preview:-1"},"canonical":"https:\/\/ecosupplements.be\/fr\/produit\/varech-ecossais-750mg-30-vcaps\/","og_locale":"fr_FR","og_type":"article","og_title":"Varech \u00e9cossais, 750mg - 30 vcaps","og_description":"Wij hebben een ruime keuze aan producten van Varech \u00e9cossais, 750mg - 30 vcaps . Winkel bij Eco Supplements altijd gratis verzending boven 100\u20ac","og_url":"https:\/\/ecosupplements.be\/fr\/produit\/varech-ecossais-750mg-30-vcaps\/","og_site_name":"ECO Supplements","article_modified_time":"2025-08-27T12:07:32+00:00","og_image":[{"width":750,"height":750,"url":"https:\/\/ecosupplements.be\/wp-content\/uploads\/2025\/08\/Swanson-Scottish-Kelp-30-vcaps.jpg","type":"image\/jpeg"}],"twitter_card":"summary_large_image","twitter_misc":{"Prix":"8.99&nbsp;&euro;","Disponibilit\u00e9":"En stock"},"schema":{"@context":"https:\/\/schema.org","@graph":[{"@type":["WebPage","ItemPage"],"@id":"https:\/\/ecosupplements.be\/fr\/produit\/varech-ecossais-750mg-30-vcaps\/","url":"https:\/\/ecosupplements.be\/fr\/produit\/varech-ecossais-750mg-30-vcaps\/","name":"Varech \u00e9cossais, 750mg - 30 vcaps - ECO Supplements","isPartOf":{"@id":"https:\/\/ecosupplements.be\/fr\/#website"},"primaryImageOfPage":{"@id":"https:\/\/ecosupplements.be\/fr\/produit\/varech-ecossais-750mg-30-vcaps\/#primaryimage"},"image":{"@id":"https:\/\/ecosupplements.be\/fr\/produit\/varech-ecossais-750mg-30-vcaps\/#primaryimage"},"thumbnailUrl":"https:\/\/ecosupplements.be\/wp-content\/uploads\/2025\/08\/Swanson-Scottish-Kelp-30-vcaps-1.jpg","datePublished":"2022-06-28T09:35:15+00:00","dateModified":"2025-08-27T12:07:32+00:00","description":"Wij hebben een ruime keuze aan producten van Varech \u00e9cossais, 750mg - 30 vcaps . Winkel bij Eco Supplements altijd gratis verzending boven 100\u20ac","breadcrumb":{"@id":"https:\/\/ecosupplements.be\/fr\/produit\/varech-ecossais-750mg-30-vcaps\/#breadcrumb"},"inLanguage":"fr-FR","potentialAction":[{"@type":"ReadAction","target":["https:\/\/ecosupplements.be\/fr\/produit\/varech-ecossais-750mg-30-vcaps\/"]}]},{"@type":"ImageObject","inLanguage":"fr-FR","@id":"https:\/\/ecosupplements.be\/fr\/produit\/varech-ecossais-750mg-30-vcaps\/#primaryimage","url":"https:\/\/ecosupplements.be\/wp-content\/uploads\/2025\/08\/Swanson-Scottish-Kelp-30-vcaps-1.jpg","contentUrl":"https:\/\/ecosupplements.be\/wp-content\/uploads\/2025\/08\/Swanson-Scottish-Kelp-30-vcaps-1.jpg","width":750,"height":750},{"@type":"BreadcrumbList","@id":"https:\/\/ecosupplements.be\/fr\/produit\/varech-ecossais-750mg-30-vcaps\/#breadcrumb","itemListElement":[{"@type":"ListItem","position":1,"name":"Home","item":"https:\/\/ecosupplements.be\/fr\/"},{"@type":"ListItem","position":2,"name":"Boutique","item":"https:\/\/ecosupplements.be\/fr\/boutique\/"},{"@type":"ListItem","position":3,"name":"Varech \u00e9cossais, 750mg &#8211; 30 vcaps"}]},{"@type":"WebSite","@id":"https:\/\/ecosupplements.be\/fr\/#website","url":"https:\/\/ecosupplements.be\/fr\/","name":"ECO Supplements","description":"Eco Supplements - Gezonde supplementen","publisher":{"@id":"https:\/\/ecosupplements.be\/fr\/#organization"},"potentialAction":[{"@type":"SearchAction","target":{"@type":"EntryPoint","urlTemplate":"https:\/\/ecosupplements.be\/fr\/?s={search_term_string}"},"query-input":{"@type":"PropertyValueSpecification","valueRequired":true,"valueName":"search_term_string"}}],"inLanguage":"fr-FR"},{"@type":"Organization","@id":"https:\/\/ecosupplements.be\/fr\/#organization","name":"Eco Supplements","url":"https:\/\/ecosupplements.be\/fr\/","logo":{"@type":"ImageObject","inLanguage":"fr-FR","@id":"https:\/\/ecosupplements.be\/fr\/#\/schema\/logo\/image\/","url":"https:\/\/ecosupplements.be\/wp-content\/uploads\/2022\/06\/ecosupplement-family.png","contentUrl":"https:\/\/ecosupplements.be\/wp-content\/uploads\/2022\/06\/ecosupplement-family.png","width":593,"height":374,"caption":"Eco Supplements"},"image":{"@id":"https:\/\/ecosupplements.be\/fr\/#\/schema\/logo\/image\/"}}]},"product_brand":"Swanson","product_price_amount":"8.99","product_price_currency":"EUR","og_availability":"instock","product_availability":"instock","product_retailer_item_id":"087614060798","product_condition":"new"},"_links":{"self":[{"href":"https:\/\/ecosupplements.be\/fr\/wp-json\/wp\/v2\/product\/283133","targetHints":{"allow":["GET"]}}],"collection":[{"href":"https:\/\/ecosupplements.be\/fr\/wp-json\/wp\/v2\/product"}],"about":[{"href":"https:\/\/ecosupplements.be\/fr\/wp-json\/wp\/v2\/types\/product"}],"replies":[{"embeddable":true,"href":"https:\/\/ecosupplements.be\/fr\/wp-json\/wp\/v2\/comments?post=283133"}],"wp:featuredmedia":[{"embeddable":true,"href":"https:\/\/ecosupplements.be\/fr\/wp-json\/wp\/v2\/media\/258241"}],"wp:attachment":[{"href":"https:\/\/ecosupplements.be\/fr\/wp-json\/wp\/v2\/media?parent=283133"}],"wp:term":[{"taxonomy":"product_brand","embeddable":true,"href":"https:\/\/ecosupplements.be\/fr\/wp-json\/wp\/v2\/product_brand?post=283133"},{"taxonomy":"product_cat","embeddable":true,"href":"https:\/\/ecosupplements.be\/fr\/wp-json\/wp\/v2\/product_cat?post=283133"},{"taxonomy":"product_tag","embeddable":true,"href":"https:\/\/ecosupplements.be\/fr\/wp-json\/wp\/v2\/product_tag?post=283133"}],"curies":[{"name":"wp","href":"https:\/\/api.w.org\/{rel}","templated":true}]}}