{"id":283135,"date":"2022-06-28T10:35:15","date_gmt":"2022-06-28T09:35:15","guid":{"rendered":"https:\/\/ecosupplements.be\/product\/selenium-l-selenomethionine-100mcg-200-gelules\/"},"modified":"2025-08-27T13:07:36","modified_gmt":"2025-08-27T12:07:36","slug":"selenium-l-selenomethionine-100mcg-200-gelules","status":"publish","type":"product","link":"https:\/\/ecosupplements.be\/fr\/produit\/selenium-l-selenomethionine-100mcg-200-gelules\/","title":{"rendered":"S\u00e9l\u00e9nium (L-S\u00e9l\u00e9nom\u00e9thionine), 100mcg &#8211; 200 g\u00e9lules"},"content":{"rendered":"<h1 style=\"text-align: center;\">Swanson &#8211; S\u00e9l\u00e9nium (L-S\u00e9l\u00e9nom\u00e9thionine)<\/h1>\n<p>Fournit un soutien antioxydant<br \/>\nMaintient la sant\u00e9 cardiovasculaire, thyro\u00efdienne et immunitaire<br \/>\nSoutient la sant\u00e9 de la prostate<br \/>\nLe s\u00e9l\u00e9nium de Swanson est un antioxydant important qui favorise la sant\u00e9 du c\u0153ur, de la prostate et de nombreux autres organes et syst\u00e8mes de l&#8217;organisme. Chaque g\u00e9lule haute puissance d\u00e9livre 100 mcg de s\u00e9l\u00e9nium \u00e9l\u00e9mentaire provenant de la l-s\u00e9l\u00e9nom\u00e9thionine, une source organique \u00e0 haute biodisponibilit\u00e9 de cet oligo-\u00e9l\u00e9ment essentiel.<\/p>\n","protected":false},"excerpt":{"rendered":"<p>Swanson &#8211; S\u00e9l\u00e9nium (L-S\u00e9l\u00e9nom\u00e9thionine) Fournit un soutien antioxydant Maintient la sant\u00e9 cardiovasculaire, thyro\u00efdienne et immunitaire Soutient la sant\u00e9 de la prostate Le s\u00e9l\u00e9nium de Swanson est un antioxydant important qui favorise la sant\u00e9 du c\u0153ur, de la prostate et de nombreux autres organes et syst\u00e8mes de l&#8217;organisme. Chaque g\u00e9lule haute puissance d\u00e9livre 100 mcg de [&#8230;]\n","protected":false},"featured_media":258251,"comment_status":"open","ping_status":"open","template":"","meta":[],"product_brand":[4761],"product_cat":[5052,5053],"product_tag":[],"class_list":{"0":"post-283135","1":"product","2":"type-product","3":"status-publish","4":"has-post-thumbnail","6":"product_brand-swanson-2","7":"product_cat-sante-et-bien-etre","8":"product_cat-vitamines-et-mineraux","10":"first","11":"instock","12":"taxable","13":"shipping-taxable","14":"purchasable","15":"product-type-simple"},"yoast_head":"<!-- This site is optimized with the Yoast SEO Premium plugin v27.3 (Yoast SEO v27.3) - https:\/\/yoast.com\/product\/yoast-seo-premium-wordpress\/ -->\n<title>S\u00e9l\u00e9nium (L-S\u00e9l\u00e9nom\u00e9thionine), 100mcg - 200 g\u00e9lules - ECO Supplements<\/title>\n<meta name=\"description\" content=\"Wij hebben een ruime keuze aan producten van S\u00e9l\u00e9nium (L-S\u00e9l\u00e9nom\u00e9thionine), 100mcg - 200 g\u00e9lules . Winkel bij Eco Supplements altijd gratis verzending boven 100\u20ac\" \/>\n<meta name=\"robots\" content=\"index, follow, max-snippet:-1, max-image-preview:large, max-video-preview:-1\" \/>\n<link rel=\"canonical\" href=\"https:\/\/ecosupplements.be\/fr\/produit\/selenium-l-selenomethionine-100mcg-200-gelules\/\" \/>\n<meta property=\"og:locale\" content=\"fr_FR\" \/>\n<meta property=\"og:type\" content=\"article\" \/>\n<meta property=\"og:title\" content=\"S\u00e9l\u00e9nium (L-S\u00e9l\u00e9nom\u00e9thionine), 100mcg - 200 g\u00e9lules\" \/>\n<meta property=\"og:description\" content=\"Wij hebben een ruime keuze aan producten van S\u00e9l\u00e9nium (L-S\u00e9l\u00e9nom\u00e9thionine), 100mcg - 200 g\u00e9lules . Winkel bij Eco Supplements altijd gratis verzending boven 100\u20ac\" \/>\n<meta property=\"og:url\" content=\"https:\/\/ecosupplements.be\/fr\/produit\/selenium-l-selenomethionine-100mcg-200-gelules\/\" \/>\n<meta property=\"og:site_name\" content=\"ECO Supplements\" \/>\n<meta property=\"article:modified_time\" content=\"2025-08-27T12:07:36+00:00\" \/>\n<meta property=\"og:image\" content=\"https:\/\/ecosupplements.be\/wp-content\/uploads\/2025\/08\/Swanson-Selenium-L-Selenomethionine-100mcg-200-caps.jpg\" \/>\n\t<meta property=\"og:image:width\" content=\"750\" \/>\n\t<meta property=\"og:image:height\" content=\"750\" \/>\n\t<meta property=\"og:image:type\" content=\"image\/jpeg\" \/>\n<meta name=\"twitter:card\" content=\"summary_large_image\" \/>\n<meta name=\"twitter:label1\" content=\"Prix\" \/>\n\t<meta name=\"twitter:data1\" content=\"7.70&nbsp;&euro;\" \/>\n\t<meta name=\"twitter:label2\" content=\"Disponibilit\u00e9\" \/>\n\t<meta name=\"twitter:data2\" content=\"En stock\" \/>\n<script type=\"application\/ld+json\" class=\"yoast-schema-graph\">{\"@context\":\"https:\\\/\\\/schema.org\",\"@graph\":[{\"@type\":[\"WebPage\",\"ItemPage\"],\"@id\":\"https:\\\/\\\/ecosupplements.be\\\/fr\\\/produit\\\/selenium-l-selenomethionine-100mcg-200-gelules\\\/\",\"url\":\"https:\\\/\\\/ecosupplements.be\\\/fr\\\/produit\\\/selenium-l-selenomethionine-100mcg-200-gelules\\\/\",\"name\":\"S\u00e9l\u00e9nium (L-S\u00e9l\u00e9nom\u00e9thionine), 100mcg - 200 g\u00e9lules - ECO Supplements\",\"isPartOf\":{\"@id\":\"https:\\\/\\\/ecosupplements.be\\\/fr\\\/#website\"},\"primaryImageOfPage\":{\"@id\":\"https:\\\/\\\/ecosupplements.be\\\/fr\\\/produit\\\/selenium-l-selenomethionine-100mcg-200-gelules\\\/#primaryimage\"},\"image\":{\"@id\":\"https:\\\/\\\/ecosupplements.be\\\/fr\\\/produit\\\/selenium-l-selenomethionine-100mcg-200-gelules\\\/#primaryimage\"},\"thumbnailUrl\":\"https:\\\/\\\/ecosupplements.be\\\/wp-content\\\/uploads\\\/2025\\\/08\\\/Swanson-Selenium-L-Selenomethionine-100mcg-200-caps-1.jpg\",\"datePublished\":\"2022-06-28T09:35:15+00:00\",\"dateModified\":\"2025-08-27T12:07:36+00:00\",\"description\":\"Wij hebben een ruime keuze aan producten van S\u00e9l\u00e9nium (L-S\u00e9l\u00e9nom\u00e9thionine), 100mcg - 200 g\u00e9lules . Winkel bij Eco Supplements altijd gratis verzending boven 100\u20ac\",\"breadcrumb\":{\"@id\":\"https:\\\/\\\/ecosupplements.be\\\/fr\\\/produit\\\/selenium-l-selenomethionine-100mcg-200-gelules\\\/#breadcrumb\"},\"inLanguage\":\"fr-FR\",\"potentialAction\":[{\"@type\":\"ReadAction\",\"target\":[\"https:\\\/\\\/ecosupplements.be\\\/fr\\\/produit\\\/selenium-l-selenomethionine-100mcg-200-gelules\\\/\"]}]},{\"@type\":\"ImageObject\",\"inLanguage\":\"fr-FR\",\"@id\":\"https:\\\/\\\/ecosupplements.be\\\/fr\\\/produit\\\/selenium-l-selenomethionine-100mcg-200-gelules\\\/#primaryimage\",\"url\":\"https:\\\/\\\/ecosupplements.be\\\/wp-content\\\/uploads\\\/2025\\\/08\\\/Swanson-Selenium-L-Selenomethionine-100mcg-200-caps-1.jpg\",\"contentUrl\":\"https:\\\/\\\/ecosupplements.be\\\/wp-content\\\/uploads\\\/2025\\\/08\\\/Swanson-Selenium-L-Selenomethionine-100mcg-200-caps-1.jpg\",\"width\":750,\"height\":750},{\"@type\":\"BreadcrumbList\",\"@id\":\"https:\\\/\\\/ecosupplements.be\\\/fr\\\/produit\\\/selenium-l-selenomethionine-100mcg-200-gelules\\\/#breadcrumb\",\"itemListElement\":[{\"@type\":\"ListItem\",\"position\":1,\"name\":\"Home\",\"item\":\"https:\\\/\\\/ecosupplements.be\\\/fr\\\/\"},{\"@type\":\"ListItem\",\"position\":2,\"name\":\"Boutique\",\"item\":\"https:\\\/\\\/ecosupplements.be\\\/fr\\\/boutique\\\/\"},{\"@type\":\"ListItem\",\"position\":3,\"name\":\"S\u00e9l\u00e9nium (L-S\u00e9l\u00e9nom\u00e9thionine), 100mcg &#8211; 200 g\u00e9lules\"}]},{\"@type\":\"WebSite\",\"@id\":\"https:\\\/\\\/ecosupplements.be\\\/fr\\\/#website\",\"url\":\"https:\\\/\\\/ecosupplements.be\\\/fr\\\/\",\"name\":\"ECO Supplements\",\"description\":\"Eco Supplements - Gezonde supplementen\",\"publisher\":{\"@id\":\"https:\\\/\\\/ecosupplements.be\\\/fr\\\/#organization\"},\"potentialAction\":[{\"@type\":\"SearchAction\",\"target\":{\"@type\":\"EntryPoint\",\"urlTemplate\":\"https:\\\/\\\/ecosupplements.be\\\/fr\\\/?s={search_term_string}\"},\"query-input\":{\"@type\":\"PropertyValueSpecification\",\"valueRequired\":true,\"valueName\":\"search_term_string\"}}],\"inLanguage\":\"fr-FR\"},{\"@type\":\"Organization\",\"@id\":\"https:\\\/\\\/ecosupplements.be\\\/fr\\\/#organization\",\"name\":\"Eco Supplements\",\"url\":\"https:\\\/\\\/ecosupplements.be\\\/fr\\\/\",\"logo\":{\"@type\":\"ImageObject\",\"inLanguage\":\"fr-FR\",\"@id\":\"https:\\\/\\\/ecosupplements.be\\\/fr\\\/#\\\/schema\\\/logo\\\/image\\\/\",\"url\":\"https:\\\/\\\/ecosupplements.be\\\/wp-content\\\/uploads\\\/2022\\\/06\\\/ecosupplement-family.png\",\"contentUrl\":\"https:\\\/\\\/ecosupplements.be\\\/wp-content\\\/uploads\\\/2022\\\/06\\\/ecosupplement-family.png\",\"width\":593,\"height\":374,\"caption\":\"Eco Supplements\"},\"image\":{\"@id\":\"https:\\\/\\\/ecosupplements.be\\\/fr\\\/#\\\/schema\\\/logo\\\/image\\\/\"}}]}<\/script>\n<meta property=\"product:brand\" content=\"Swanson\" \/>\n<meta property=\"product:price:amount\" content=\"7.70\" \/>\n<meta property=\"product:price:currency\" content=\"EUR\" \/>\n<meta property=\"og:availability\" content=\"instock\" \/>\n<meta property=\"product:availability\" content=\"instock\" \/>\n<meta property=\"product:retailer_item_id\" content=\"087614012353\" \/>\n<meta property=\"product:condition\" content=\"new\" \/>\n<!-- \/ Yoast SEO Premium plugin. -->","yoast_head_json":{"title":"S\u00e9l\u00e9nium (L-S\u00e9l\u00e9nom\u00e9thionine), 100mcg - 200 g\u00e9lules - ECO Supplements","description":"Wij hebben een ruime keuze aan producten van S\u00e9l\u00e9nium (L-S\u00e9l\u00e9nom\u00e9thionine), 100mcg - 200 g\u00e9lules . Winkel bij Eco Supplements altijd gratis verzending boven 100\u20ac","robots":{"index":"index","follow":"follow","max-snippet":"max-snippet:-1","max-image-preview":"max-image-preview:large","max-video-preview":"max-video-preview:-1"},"canonical":"https:\/\/ecosupplements.be\/fr\/produit\/selenium-l-selenomethionine-100mcg-200-gelules\/","og_locale":"fr_FR","og_type":"article","og_title":"S\u00e9l\u00e9nium (L-S\u00e9l\u00e9nom\u00e9thionine), 100mcg - 200 g\u00e9lules","og_description":"Wij hebben een ruime keuze aan producten van S\u00e9l\u00e9nium (L-S\u00e9l\u00e9nom\u00e9thionine), 100mcg - 200 g\u00e9lules . Winkel bij Eco Supplements altijd gratis verzending boven 100\u20ac","og_url":"https:\/\/ecosupplements.be\/fr\/produit\/selenium-l-selenomethionine-100mcg-200-gelules\/","og_site_name":"ECO Supplements","article_modified_time":"2025-08-27T12:07:36+00:00","og_image":[{"width":750,"height":750,"url":"https:\/\/ecosupplements.be\/wp-content\/uploads\/2025\/08\/Swanson-Selenium-L-Selenomethionine-100mcg-200-caps.jpg","type":"image\/jpeg"}],"twitter_card":"summary_large_image","twitter_misc":{"Prix":"7.70&nbsp;&euro;","Disponibilit\u00e9":"En stock"},"schema":{"@context":"https:\/\/schema.org","@graph":[{"@type":["WebPage","ItemPage"],"@id":"https:\/\/ecosupplements.be\/fr\/produit\/selenium-l-selenomethionine-100mcg-200-gelules\/","url":"https:\/\/ecosupplements.be\/fr\/produit\/selenium-l-selenomethionine-100mcg-200-gelules\/","name":"S\u00e9l\u00e9nium (L-S\u00e9l\u00e9nom\u00e9thionine), 100mcg - 200 g\u00e9lules - ECO Supplements","isPartOf":{"@id":"https:\/\/ecosupplements.be\/fr\/#website"},"primaryImageOfPage":{"@id":"https:\/\/ecosupplements.be\/fr\/produit\/selenium-l-selenomethionine-100mcg-200-gelules\/#primaryimage"},"image":{"@id":"https:\/\/ecosupplements.be\/fr\/produit\/selenium-l-selenomethionine-100mcg-200-gelules\/#primaryimage"},"thumbnailUrl":"https:\/\/ecosupplements.be\/wp-content\/uploads\/2025\/08\/Swanson-Selenium-L-Selenomethionine-100mcg-200-caps-1.jpg","datePublished":"2022-06-28T09:35:15+00:00","dateModified":"2025-08-27T12:07:36+00:00","description":"Wij hebben een ruime keuze aan producten van S\u00e9l\u00e9nium (L-S\u00e9l\u00e9nom\u00e9thionine), 100mcg - 200 g\u00e9lules . Winkel bij Eco Supplements altijd gratis verzending boven 100\u20ac","breadcrumb":{"@id":"https:\/\/ecosupplements.be\/fr\/produit\/selenium-l-selenomethionine-100mcg-200-gelules\/#breadcrumb"},"inLanguage":"fr-FR","potentialAction":[{"@type":"ReadAction","target":["https:\/\/ecosupplements.be\/fr\/produit\/selenium-l-selenomethionine-100mcg-200-gelules\/"]}]},{"@type":"ImageObject","inLanguage":"fr-FR","@id":"https:\/\/ecosupplements.be\/fr\/produit\/selenium-l-selenomethionine-100mcg-200-gelules\/#primaryimage","url":"https:\/\/ecosupplements.be\/wp-content\/uploads\/2025\/08\/Swanson-Selenium-L-Selenomethionine-100mcg-200-caps-1.jpg","contentUrl":"https:\/\/ecosupplements.be\/wp-content\/uploads\/2025\/08\/Swanson-Selenium-L-Selenomethionine-100mcg-200-caps-1.jpg","width":750,"height":750},{"@type":"BreadcrumbList","@id":"https:\/\/ecosupplements.be\/fr\/produit\/selenium-l-selenomethionine-100mcg-200-gelules\/#breadcrumb","itemListElement":[{"@type":"ListItem","position":1,"name":"Home","item":"https:\/\/ecosupplements.be\/fr\/"},{"@type":"ListItem","position":2,"name":"Boutique","item":"https:\/\/ecosupplements.be\/fr\/boutique\/"},{"@type":"ListItem","position":3,"name":"S\u00e9l\u00e9nium (L-S\u00e9l\u00e9nom\u00e9thionine), 100mcg &#8211; 200 g\u00e9lules"}]},{"@type":"WebSite","@id":"https:\/\/ecosupplements.be\/fr\/#website","url":"https:\/\/ecosupplements.be\/fr\/","name":"ECO Supplements","description":"Eco Supplements - Gezonde supplementen","publisher":{"@id":"https:\/\/ecosupplements.be\/fr\/#organization"},"potentialAction":[{"@type":"SearchAction","target":{"@type":"EntryPoint","urlTemplate":"https:\/\/ecosupplements.be\/fr\/?s={search_term_string}"},"query-input":{"@type":"PropertyValueSpecification","valueRequired":true,"valueName":"search_term_string"}}],"inLanguage":"fr-FR"},{"@type":"Organization","@id":"https:\/\/ecosupplements.be\/fr\/#organization","name":"Eco Supplements","url":"https:\/\/ecosupplements.be\/fr\/","logo":{"@type":"ImageObject","inLanguage":"fr-FR","@id":"https:\/\/ecosupplements.be\/fr\/#\/schema\/logo\/image\/","url":"https:\/\/ecosupplements.be\/wp-content\/uploads\/2022\/06\/ecosupplement-family.png","contentUrl":"https:\/\/ecosupplements.be\/wp-content\/uploads\/2022\/06\/ecosupplement-family.png","width":593,"height":374,"caption":"Eco Supplements"},"image":{"@id":"https:\/\/ecosupplements.be\/fr\/#\/schema\/logo\/image\/"}}]},"product_brand":"Swanson","product_price_amount":"7.70","product_price_currency":"EUR","og_availability":"instock","product_availability":"instock","product_retailer_item_id":"087614012353","product_condition":"new"},"_links":{"self":[{"href":"https:\/\/ecosupplements.be\/fr\/wp-json\/wp\/v2\/product\/283135","targetHints":{"allow":["GET"]}}],"collection":[{"href":"https:\/\/ecosupplements.be\/fr\/wp-json\/wp\/v2\/product"}],"about":[{"href":"https:\/\/ecosupplements.be\/fr\/wp-json\/wp\/v2\/types\/product"}],"replies":[{"embeddable":true,"href":"https:\/\/ecosupplements.be\/fr\/wp-json\/wp\/v2\/comments?post=283135"}],"wp:featuredmedia":[{"embeddable":true,"href":"https:\/\/ecosupplements.be\/fr\/wp-json\/wp\/v2\/media\/258251"}],"wp:attachment":[{"href":"https:\/\/ecosupplements.be\/fr\/wp-json\/wp\/v2\/media?parent=283135"}],"wp:term":[{"taxonomy":"product_brand","embeddable":true,"href":"https:\/\/ecosupplements.be\/fr\/wp-json\/wp\/v2\/product_brand?post=283135"},{"taxonomy":"product_cat","embeddable":true,"href":"https:\/\/ecosupplements.be\/fr\/wp-json\/wp\/v2\/product_cat?post=283135"},{"taxonomy":"product_tag","embeddable":true,"href":"https:\/\/ecosupplements.be\/fr\/wp-json\/wp\/v2\/product_tag?post=283135"}],"curies":[{"name":"wp","href":"https:\/\/api.w.org\/{rel}","templated":true}]}}