{"id":283144,"date":"2022-06-28T10:35:23","date_gmt":"2022-06-28T09:35:23","guid":{"rendered":"https:\/\/ecosupplements.be\/product\/shatavari-ayurvedic-female-rejuvenator-500mg-120-caps\/"},"modified":"2025-08-27T13:07:58","modified_gmt":"2025-08-27T12:07:58","slug":"shatavari-ayurvedic-female-rejuvenator-500mg-120-caps","status":"publish","type":"product","link":"https:\/\/ecosupplements.be\/fr\/produit\/shatavari-ayurvedic-female-rejuvenator-500mg-120-caps\/","title":{"rendered":"Shatavari Ayurvedic Female Rejuvenator, 500mg &#8211; 120 caps"},"content":{"rendered":"<h1 style=\"text-align: center;\">Swanson &#8211; Rajeunisseur f\u00e9minin ayurv\u00e9dique Shatavari<\/h1>\n<p>&#8211; Une herbe ayurv\u00e9dique traditionnelle pour les ann\u00e9es post-m\u00e9nopausiques<br \/>&#8211; On pense qu&#8217;il aide \u00e0 refroidir les \u00e9motions &#8220;chaudes&#8221;.<br \/>&#8211; Commun\u00e9ment appel\u00e9 extrait de racine d&#8217;asperge<\/p>\n<p>Le Shatavari est l&#8217;une des herbes les plus estim\u00e9es pour les femmes dans la tradition indienne de l&#8217;Ayurveda. Dans cet ancien syst\u00e8me de bien-\u00eatre, elle est utilis\u00e9e pour nourrir les organes reproducteurs f\u00e9minins et apporter un \u00e9quilibre aux niveaux hormonaux fluctuants \u00e0 un \u00e2ge avanc\u00e9. L&#8217;Ayurveda classe le Shatavari comme un agent &#8220;refroidissant, calmant&#8221; qui att\u00e9nue les \u00e9motions &#8220;chaudes&#8221; comme la col\u00e8re et l&#8217;irritabilit\u00e9. <\/p>\n<div class=\"facts-container\">\n<\/div>\n","protected":false},"excerpt":{"rendered":"<p>Swanson &#8211; Rajeunisseur f\u00e9minin ayurv\u00e9dique Shatavari &#8211; Une herbe ayurv\u00e9dique traditionnelle pour les ann\u00e9es post-m\u00e9nopausiques&#8211; On pense qu&#8217;il aide \u00e0 refroidir les \u00e9motions &#8220;chaudes&#8221;.&#8211; Commun\u00e9ment appel\u00e9 extrait de racine d&#8217;asperge Le Shatavari est l&#8217;une des herbes les plus estim\u00e9es pour les femmes dans la tradition indienne de l&#8217;Ayurveda. Dans cet ancien syst\u00e8me de bien-\u00eatre, elle [&#8230;]\n","protected":false},"featured_media":258296,"comment_status":"open","ping_status":"open","template":"","meta":[],"product_brand":[4761],"product_cat":[5089,5052,5053],"product_tag":[5069],"class_list":{"0":"post-283144","1":"product","2":"type-product","3":"status-publish","4":"has-post-thumbnail","6":"product_brand-swanson-2","7":"product_cat-complements-alimentaires-pour-femmes","8":"product_cat-sante-et-bien-etre","9":"product_cat-vitamines-et-mineraux","10":"product_tag-topeco-2","12":"first","13":"instock","14":"taxable","15":"shipping-taxable","16":"purchasable","17":"product-type-simple"},"yoast_head":"<!-- This site is optimized with the Yoast SEO Premium plugin v27.3 (Yoast SEO v27.3) - https:\/\/yoast.com\/product\/yoast-seo-premium-wordpress\/ -->\n<title>Shatavari Ayurvedic Female Rejuvenator, 500mg - 120 caps - ECO Supplements<\/title>\n<meta name=\"description\" content=\"Wij hebben een ruime keuze aan producten van Shatavari Ayurvedic Female Rejuvenator, 500mg - 120 caps . Winkel bij Eco Supplements altijd gratis verzending boven 100\u20ac\" \/>\n<meta name=\"robots\" content=\"index, follow, max-snippet:-1, max-image-preview:large, max-video-preview:-1\" \/>\n<link rel=\"canonical\" href=\"https:\/\/ecosupplements.be\/fr\/produit\/shatavari-ayurvedic-female-rejuvenator-500mg-120-caps\/\" \/>\n<meta property=\"og:locale\" content=\"fr_FR\" \/>\n<meta property=\"og:type\" content=\"article\" \/>\n<meta property=\"og:title\" content=\"Shatavari Ayurvedic Female Rejuvenator, 500mg - 120 caps\" \/>\n<meta property=\"og:description\" content=\"Wij hebben een ruime keuze aan producten van Shatavari Ayurvedic Female Rejuvenator, 500mg - 120 caps . Winkel bij Eco Supplements altijd gratis verzending boven 100\u20ac\" \/>\n<meta property=\"og:url\" content=\"https:\/\/ecosupplements.be\/fr\/produit\/shatavari-ayurvedic-female-rejuvenator-500mg-120-caps\/\" \/>\n<meta property=\"og:site_name\" content=\"ECO Supplements\" \/>\n<meta property=\"article:modified_time\" content=\"2025-08-27T12:07:58+00:00\" \/>\n<meta property=\"og:image\" content=\"https:\/\/ecosupplements.be\/wp-content\/uploads\/2025\/08\/Swanson-Shatavari-Ayurvedic-Female-Rejuvenator-500mg-120-caps.jpg\" \/>\n\t<meta property=\"og:image:width\" content=\"750\" \/>\n\t<meta property=\"og:image:height\" content=\"750\" \/>\n\t<meta property=\"og:image:type\" content=\"image\/jpeg\" \/>\n<meta name=\"twitter:card\" content=\"summary_large_image\" \/>\n<meta name=\"twitter:label1\" content=\"Prix\" \/>\n\t<meta name=\"twitter:data1\" content=\"19.67&nbsp;&euro;\" \/>\n\t<meta name=\"twitter:label2\" content=\"Disponibilit\u00e9\" \/>\n\t<meta name=\"twitter:data2\" content=\"En stock\" \/>\n<script type=\"application\/ld+json\" class=\"yoast-schema-graph\">{\"@context\":\"https:\\\/\\\/schema.org\",\"@graph\":[{\"@type\":[\"WebPage\",\"ItemPage\"],\"@id\":\"https:\\\/\\\/ecosupplements.be\\\/fr\\\/produit\\\/shatavari-ayurvedic-female-rejuvenator-500mg-120-caps\\\/\",\"url\":\"https:\\\/\\\/ecosupplements.be\\\/fr\\\/produit\\\/shatavari-ayurvedic-female-rejuvenator-500mg-120-caps\\\/\",\"name\":\"Shatavari Ayurvedic Female Rejuvenator, 500mg - 120 caps - ECO Supplements\",\"isPartOf\":{\"@id\":\"https:\\\/\\\/ecosupplements.be\\\/fr\\\/#website\"},\"primaryImageOfPage\":{\"@id\":\"https:\\\/\\\/ecosupplements.be\\\/fr\\\/produit\\\/shatavari-ayurvedic-female-rejuvenator-500mg-120-caps\\\/#primaryimage\"},\"image\":{\"@id\":\"https:\\\/\\\/ecosupplements.be\\\/fr\\\/produit\\\/shatavari-ayurvedic-female-rejuvenator-500mg-120-caps\\\/#primaryimage\"},\"thumbnailUrl\":\"https:\\\/\\\/ecosupplements.be\\\/wp-content\\\/uploads\\\/2025\\\/08\\\/Swanson-Shatavari-Ayurvedic-Female-Rejuvenator-500mg-120-caps-1.jpg\",\"datePublished\":\"2022-06-28T09:35:23+00:00\",\"dateModified\":\"2025-08-27T12:07:58+00:00\",\"description\":\"Wij hebben een ruime keuze aan producten van Shatavari Ayurvedic Female Rejuvenator, 500mg - 120 caps . Winkel bij Eco Supplements altijd gratis verzending boven 100\u20ac\",\"breadcrumb\":{\"@id\":\"https:\\\/\\\/ecosupplements.be\\\/fr\\\/produit\\\/shatavari-ayurvedic-female-rejuvenator-500mg-120-caps\\\/#breadcrumb\"},\"inLanguage\":\"fr-FR\",\"potentialAction\":[{\"@type\":\"ReadAction\",\"target\":[\"https:\\\/\\\/ecosupplements.be\\\/fr\\\/produit\\\/shatavari-ayurvedic-female-rejuvenator-500mg-120-caps\\\/\"]}]},{\"@type\":\"ImageObject\",\"inLanguage\":\"fr-FR\",\"@id\":\"https:\\\/\\\/ecosupplements.be\\\/fr\\\/produit\\\/shatavari-ayurvedic-female-rejuvenator-500mg-120-caps\\\/#primaryimage\",\"url\":\"https:\\\/\\\/ecosupplements.be\\\/wp-content\\\/uploads\\\/2025\\\/08\\\/Swanson-Shatavari-Ayurvedic-Female-Rejuvenator-500mg-120-caps-1.jpg\",\"contentUrl\":\"https:\\\/\\\/ecosupplements.be\\\/wp-content\\\/uploads\\\/2025\\\/08\\\/Swanson-Shatavari-Ayurvedic-Female-Rejuvenator-500mg-120-caps-1.jpg\",\"width\":750,\"height\":750},{\"@type\":\"BreadcrumbList\",\"@id\":\"https:\\\/\\\/ecosupplements.be\\\/fr\\\/produit\\\/shatavari-ayurvedic-female-rejuvenator-500mg-120-caps\\\/#breadcrumb\",\"itemListElement\":[{\"@type\":\"ListItem\",\"position\":1,\"name\":\"Home\",\"item\":\"https:\\\/\\\/ecosupplements.be\\\/fr\\\/\"},{\"@type\":\"ListItem\",\"position\":2,\"name\":\"Boutique\",\"item\":\"https:\\\/\\\/ecosupplements.be\\\/fr\\\/boutique\\\/\"},{\"@type\":\"ListItem\",\"position\":3,\"name\":\"Shatavari Ayurvedic Female Rejuvenator, 500mg &#8211; 120 caps\"}]},{\"@type\":\"WebSite\",\"@id\":\"https:\\\/\\\/ecosupplements.be\\\/fr\\\/#website\",\"url\":\"https:\\\/\\\/ecosupplements.be\\\/fr\\\/\",\"name\":\"ECO Supplements\",\"description\":\"Eco Supplements - Gezonde supplementen\",\"publisher\":{\"@id\":\"https:\\\/\\\/ecosupplements.be\\\/fr\\\/#organization\"},\"potentialAction\":[{\"@type\":\"SearchAction\",\"target\":{\"@type\":\"EntryPoint\",\"urlTemplate\":\"https:\\\/\\\/ecosupplements.be\\\/fr\\\/?s={search_term_string}\"},\"query-input\":{\"@type\":\"PropertyValueSpecification\",\"valueRequired\":true,\"valueName\":\"search_term_string\"}}],\"inLanguage\":\"fr-FR\"},{\"@type\":\"Organization\",\"@id\":\"https:\\\/\\\/ecosupplements.be\\\/fr\\\/#organization\",\"name\":\"Eco Supplements\",\"url\":\"https:\\\/\\\/ecosupplements.be\\\/fr\\\/\",\"logo\":{\"@type\":\"ImageObject\",\"inLanguage\":\"fr-FR\",\"@id\":\"https:\\\/\\\/ecosupplements.be\\\/fr\\\/#\\\/schema\\\/logo\\\/image\\\/\",\"url\":\"https:\\\/\\\/ecosupplements.be\\\/wp-content\\\/uploads\\\/2022\\\/06\\\/ecosupplement-family.png\",\"contentUrl\":\"https:\\\/\\\/ecosupplements.be\\\/wp-content\\\/uploads\\\/2022\\\/06\\\/ecosupplement-family.png\",\"width\":593,\"height\":374,\"caption\":\"Eco Supplements\"},\"image\":{\"@id\":\"https:\\\/\\\/ecosupplements.be\\\/fr\\\/#\\\/schema\\\/logo\\\/image\\\/\"}}]}<\/script>\n<meta property=\"product:brand\" content=\"Swanson\" \/>\n<meta property=\"product:price:amount\" content=\"19.67\" \/>\n<meta property=\"product:price:currency\" content=\"EUR\" \/>\n<meta property=\"og:availability\" content=\"instock\" \/>\n<meta property=\"product:availability\" content=\"instock\" \/>\n<meta property=\"product:retailer_item_id\" content=\"087614141763\" \/>\n<meta property=\"product:condition\" content=\"new\" \/>\n<!-- \/ Yoast SEO Premium plugin. -->","yoast_head_json":{"title":"Shatavari Ayurvedic Female Rejuvenator, 500mg - 120 caps - ECO Supplements","description":"Wij hebben een ruime keuze aan producten van Shatavari Ayurvedic Female Rejuvenator, 500mg - 120 caps . Winkel bij Eco Supplements altijd gratis verzending boven 100\u20ac","robots":{"index":"index","follow":"follow","max-snippet":"max-snippet:-1","max-image-preview":"max-image-preview:large","max-video-preview":"max-video-preview:-1"},"canonical":"https:\/\/ecosupplements.be\/fr\/produit\/shatavari-ayurvedic-female-rejuvenator-500mg-120-caps\/","og_locale":"fr_FR","og_type":"article","og_title":"Shatavari Ayurvedic Female Rejuvenator, 500mg - 120 caps","og_description":"Wij hebben een ruime keuze aan producten van Shatavari Ayurvedic Female Rejuvenator, 500mg - 120 caps . Winkel bij Eco Supplements altijd gratis verzending boven 100\u20ac","og_url":"https:\/\/ecosupplements.be\/fr\/produit\/shatavari-ayurvedic-female-rejuvenator-500mg-120-caps\/","og_site_name":"ECO Supplements","article_modified_time":"2025-08-27T12:07:58+00:00","og_image":[{"width":750,"height":750,"url":"https:\/\/ecosupplements.be\/wp-content\/uploads\/2025\/08\/Swanson-Shatavari-Ayurvedic-Female-Rejuvenator-500mg-120-caps.jpg","type":"image\/jpeg"}],"twitter_card":"summary_large_image","twitter_misc":{"Prix":"19.67&nbsp;&euro;","Disponibilit\u00e9":"En stock"},"schema":{"@context":"https:\/\/schema.org","@graph":[{"@type":["WebPage","ItemPage"],"@id":"https:\/\/ecosupplements.be\/fr\/produit\/shatavari-ayurvedic-female-rejuvenator-500mg-120-caps\/","url":"https:\/\/ecosupplements.be\/fr\/produit\/shatavari-ayurvedic-female-rejuvenator-500mg-120-caps\/","name":"Shatavari Ayurvedic Female Rejuvenator, 500mg - 120 caps - ECO Supplements","isPartOf":{"@id":"https:\/\/ecosupplements.be\/fr\/#website"},"primaryImageOfPage":{"@id":"https:\/\/ecosupplements.be\/fr\/produit\/shatavari-ayurvedic-female-rejuvenator-500mg-120-caps\/#primaryimage"},"image":{"@id":"https:\/\/ecosupplements.be\/fr\/produit\/shatavari-ayurvedic-female-rejuvenator-500mg-120-caps\/#primaryimage"},"thumbnailUrl":"https:\/\/ecosupplements.be\/wp-content\/uploads\/2025\/08\/Swanson-Shatavari-Ayurvedic-Female-Rejuvenator-500mg-120-caps-1.jpg","datePublished":"2022-06-28T09:35:23+00:00","dateModified":"2025-08-27T12:07:58+00:00","description":"Wij hebben een ruime keuze aan producten van Shatavari Ayurvedic Female Rejuvenator, 500mg - 120 caps . Winkel bij Eco Supplements altijd gratis verzending boven 100\u20ac","breadcrumb":{"@id":"https:\/\/ecosupplements.be\/fr\/produit\/shatavari-ayurvedic-female-rejuvenator-500mg-120-caps\/#breadcrumb"},"inLanguage":"fr-FR","potentialAction":[{"@type":"ReadAction","target":["https:\/\/ecosupplements.be\/fr\/produit\/shatavari-ayurvedic-female-rejuvenator-500mg-120-caps\/"]}]},{"@type":"ImageObject","inLanguage":"fr-FR","@id":"https:\/\/ecosupplements.be\/fr\/produit\/shatavari-ayurvedic-female-rejuvenator-500mg-120-caps\/#primaryimage","url":"https:\/\/ecosupplements.be\/wp-content\/uploads\/2025\/08\/Swanson-Shatavari-Ayurvedic-Female-Rejuvenator-500mg-120-caps-1.jpg","contentUrl":"https:\/\/ecosupplements.be\/wp-content\/uploads\/2025\/08\/Swanson-Shatavari-Ayurvedic-Female-Rejuvenator-500mg-120-caps-1.jpg","width":750,"height":750},{"@type":"BreadcrumbList","@id":"https:\/\/ecosupplements.be\/fr\/produit\/shatavari-ayurvedic-female-rejuvenator-500mg-120-caps\/#breadcrumb","itemListElement":[{"@type":"ListItem","position":1,"name":"Home","item":"https:\/\/ecosupplements.be\/fr\/"},{"@type":"ListItem","position":2,"name":"Boutique","item":"https:\/\/ecosupplements.be\/fr\/boutique\/"},{"@type":"ListItem","position":3,"name":"Shatavari Ayurvedic Female Rejuvenator, 500mg &#8211; 120 caps"}]},{"@type":"WebSite","@id":"https:\/\/ecosupplements.be\/fr\/#website","url":"https:\/\/ecosupplements.be\/fr\/","name":"ECO Supplements","description":"Eco Supplements - Gezonde supplementen","publisher":{"@id":"https:\/\/ecosupplements.be\/fr\/#organization"},"potentialAction":[{"@type":"SearchAction","target":{"@type":"EntryPoint","urlTemplate":"https:\/\/ecosupplements.be\/fr\/?s={search_term_string}"},"query-input":{"@type":"PropertyValueSpecification","valueRequired":true,"valueName":"search_term_string"}}],"inLanguage":"fr-FR"},{"@type":"Organization","@id":"https:\/\/ecosupplements.be\/fr\/#organization","name":"Eco Supplements","url":"https:\/\/ecosupplements.be\/fr\/","logo":{"@type":"ImageObject","inLanguage":"fr-FR","@id":"https:\/\/ecosupplements.be\/fr\/#\/schema\/logo\/image\/","url":"https:\/\/ecosupplements.be\/wp-content\/uploads\/2022\/06\/ecosupplement-family.png","contentUrl":"https:\/\/ecosupplements.be\/wp-content\/uploads\/2022\/06\/ecosupplement-family.png","width":593,"height":374,"caption":"Eco Supplements"},"image":{"@id":"https:\/\/ecosupplements.be\/fr\/#\/schema\/logo\/image\/"}}]},"product_brand":"Swanson","product_price_amount":"19.67","product_price_currency":"EUR","og_availability":"instock","product_availability":"instock","product_retailer_item_id":"087614141763","product_condition":"new"},"_links":{"self":[{"href":"https:\/\/ecosupplements.be\/fr\/wp-json\/wp\/v2\/product\/283144","targetHints":{"allow":["GET"]}}],"collection":[{"href":"https:\/\/ecosupplements.be\/fr\/wp-json\/wp\/v2\/product"}],"about":[{"href":"https:\/\/ecosupplements.be\/fr\/wp-json\/wp\/v2\/types\/product"}],"replies":[{"embeddable":true,"href":"https:\/\/ecosupplements.be\/fr\/wp-json\/wp\/v2\/comments?post=283144"}],"wp:featuredmedia":[{"embeddable":true,"href":"https:\/\/ecosupplements.be\/fr\/wp-json\/wp\/v2\/media\/258296"}],"wp:attachment":[{"href":"https:\/\/ecosupplements.be\/fr\/wp-json\/wp\/v2\/media?parent=283144"}],"wp:term":[{"taxonomy":"product_brand","embeddable":true,"href":"https:\/\/ecosupplements.be\/fr\/wp-json\/wp\/v2\/product_brand?post=283144"},{"taxonomy":"product_cat","embeddable":true,"href":"https:\/\/ecosupplements.be\/fr\/wp-json\/wp\/v2\/product_cat?post=283144"},{"taxonomy":"product_tag","embeddable":true,"href":"https:\/\/ecosupplements.be\/fr\/wp-json\/wp\/v2\/product_tag?post=283144"}],"curies":[{"name":"wp","href":"https:\/\/api.w.org\/{rel}","templated":true}]}}