{"id":283166,"date":"2022-06-28T10:35:31","date_gmt":"2022-06-28T09:35:31","guid":{"rendered":"https:\/\/ecosupplements.be\/product\/super-dha-500-provenant-de-calmar-de-qualite-alimentaire-30-gelules-molles\/"},"modified":"2025-08-27T13:09:06","modified_gmt":"2025-08-27T12:09:06","slug":"super-dha-500-provenant-de-calmar-de-qualite-alimentaire-30-gelules-molles","status":"publish","type":"product","link":"https:\/\/ecosupplements.be\/fr\/produit\/super-dha-500-provenant-de-calmar-de-qualite-alimentaire-30-gelules-molles\/","title":{"rendered":"Super DHA 500 provenant de calmar de qualit\u00e9 alimentaire &#8211; 30 g\u00e9lules molles"},"content":{"rendered":"<h1 style=\"text-align: center\">Swanson &#8211; Super DHA 500 provenant de calamars de qualit\u00e9 alimentaire<\/h1>\n<p>Produit uniquement \u00e0 partir de calamars (calmars) de qualit\u00e9 alimentaire p\u00each\u00e9s \u00e0 la cha\u00eene en Norv\u00e8ge.<br \/>\nStimule la fonction cognitive et le d\u00e9veloppement sain du cerveau<br \/>\nSoutien cibl\u00e9 pour maintenir des niveaux de pression sanguine sains<br \/>\nSoutien de haute intensit\u00e9 pour des niveaux de lipides sanguins sains<br \/>\n\u00cates-vous bien inform\u00e9 sur les AGE ? La science des om\u00e9ga-3 est plut\u00f4t complexe, mais la plupart des personnes int\u00e9ress\u00e9es reconnaissent les grands acteurs, l&#8217;EPA et le DHA, pr\u00e9sents dans les huiles marines. Et bien que la plupart des huiles de poisson fournissent plus d&#8217;EPA que de DHA, les preuves montrent maintenant que le DHA est en fait l&#8217;om\u00e9ga-3 pr\u00e9f\u00e9r\u00e9 du corps. Swanson vous couvre avec son nouveau suppl\u00e9ment d&#8217;om\u00e9ga-3 Super DHA 500 contenant de l&#8217;huile marine de Calamarine. Super DHA de Swanson EFAs est le suppl\u00e9ment om\u00e9ga-3 de nouvelle g\u00e9n\u00e9ration, \u00e9cologique et durable, qui offre plus de DHA que toute autre source marine.<br \/>\nLes acides gras om\u00e9ga-3 ne pouvant \u00eatre synth\u00e9tis\u00e9s dans l&#8217;organisme, leur importance dans l&#8217;alimentation ne peut \u00eatre n\u00e9glig\u00e9e. L&#8217;huile de calamar ou de calmar, la source brute de Calamarine, est unique parmi les huiles marines car sa teneur en DHA peut atteindre 50% en poids. L&#8217;huile de calamarine hautement purifi\u00e9e et raffin\u00e9e contenue dans notre nouveau Super DHA 500 est la seule huile marine qui offre cette source privil\u00e9gi\u00e9e d&#8217;om\u00e9ga-3 en haute concentration.<\/p>\n","protected":false},"excerpt":{"rendered":"<p>Swanson &#8211; Super DHA 500 provenant de calamars de qualit\u00e9 alimentaire Produit uniquement \u00e0 partir de calamars (calmars) de qualit\u00e9 alimentaire p\u00each\u00e9s \u00e0 la cha\u00eene en Norv\u00e8ge. Stimule la fonction cognitive et le d\u00e9veloppement sain du cerveau Soutien cibl\u00e9 pour maintenir des niveaux de pression sanguine sains Soutien de haute intensit\u00e9 pour des niveaux de [&#8230;]\n","protected":false},"featured_media":258408,"comment_status":"open","ping_status":"open","template":"","meta":[],"product_brand":[4761],"product_cat":[5102,5081,5082,5052,5053],"product_tag":[],"class_list":{"0":"post-283166","1":"product","2":"type-product","3":"status-publish","4":"has-post-thumbnail","6":"product_brand-swanson-2","7":"product_cat-omega-et-huile-de-poisson","8":"product_cat-omegas-age-alc-huiles","9":"product_cat-omegas-efa-cla-huiles","10":"product_cat-sante-et-bien-etre","11":"product_cat-vitamines-et-mineraux","13":"first","14":"instock","15":"taxable","16":"shipping-taxable","17":"purchasable","18":"product-type-simple"},"yoast_head":"<!-- This site is optimized with the Yoast SEO Premium plugin v27.3 (Yoast SEO v27.3) - https:\/\/yoast.com\/product\/yoast-seo-premium-wordpress\/ -->\n<title>Super DHA 500 provenant de calmar de qualit\u00e9 alimentaire - 30 g\u00e9lules molles - ECO Supplements<\/title>\n<meta name=\"description\" content=\"Wij hebben een ruime keuze aan producten van Super DHA 500 provenant de calmar de qualit\u00e9 alimentaire - 30 g\u00e9lules molles . Winkel bij Eco Supplements altijd gratis verzending boven 100\u20ac\" \/>\n<meta name=\"robots\" content=\"index, follow, max-snippet:-1, max-image-preview:large, max-video-preview:-1\" \/>\n<link rel=\"canonical\" href=\"https:\/\/ecosupplements.be\/fr\/produit\/super-dha-500-provenant-de-calmar-de-qualite-alimentaire-30-gelules-molles\/\" \/>\n<meta property=\"og:locale\" content=\"fr_FR\" \/>\n<meta property=\"og:type\" content=\"article\" \/>\n<meta property=\"og:title\" content=\"Super DHA 500 provenant de calmar de qualit\u00e9 alimentaire - 30 g\u00e9lules molles\" \/>\n<meta property=\"og:description\" content=\"Wij hebben een ruime keuze aan producten van Super DHA 500 provenant de calmar de qualit\u00e9 alimentaire - 30 g\u00e9lules molles . Winkel bij Eco Supplements altijd gratis verzending boven 100\u20ac\" \/>\n<meta property=\"og:url\" content=\"https:\/\/ecosupplements.be\/fr\/produit\/super-dha-500-provenant-de-calmar-de-qualite-alimentaire-30-gelules-molles\/\" \/>\n<meta property=\"og:site_name\" content=\"ECO Supplements\" \/>\n<meta property=\"article:modified_time\" content=\"2025-08-27T12:09:06+00:00\" \/>\n<meta property=\"og:image\" content=\"https:\/\/ecosupplements.be\/wp-content\/uploads\/2025\/08\/Swanson-Super-DHA-500-from-Food-Grade-Calamari-30-softgels.jpg\" \/>\n\t<meta property=\"og:image:width\" content=\"750\" \/>\n\t<meta property=\"og:image:height\" content=\"750\" \/>\n\t<meta property=\"og:image:type\" content=\"image\/jpeg\" \/>\n<meta name=\"twitter:card\" content=\"summary_large_image\" \/>\n<meta name=\"twitter:label1\" content=\"Prix\" \/>\n\t<meta name=\"twitter:data1\" content=\"10.62&nbsp;&euro;\" \/>\n\t<meta name=\"twitter:label2\" content=\"Disponibilit\u00e9\" \/>\n\t<meta name=\"twitter:data2\" content=\"En stock\" \/>\n<script type=\"application\/ld+json\" class=\"yoast-schema-graph\">{\"@context\":\"https:\\\/\\\/schema.org\",\"@graph\":[{\"@type\":[\"WebPage\",\"ItemPage\"],\"@id\":\"https:\\\/\\\/ecosupplements.be\\\/fr\\\/produit\\\/super-dha-500-provenant-de-calmar-de-qualite-alimentaire-30-gelules-molles\\\/\",\"url\":\"https:\\\/\\\/ecosupplements.be\\\/fr\\\/produit\\\/super-dha-500-provenant-de-calmar-de-qualite-alimentaire-30-gelules-molles\\\/\",\"name\":\"Super DHA 500 provenant de calmar de qualit\u00e9 alimentaire - 30 g\u00e9lules molles - ECO Supplements\",\"isPartOf\":{\"@id\":\"https:\\\/\\\/ecosupplements.be\\\/fr\\\/#website\"},\"primaryImageOfPage\":{\"@id\":\"https:\\\/\\\/ecosupplements.be\\\/fr\\\/produit\\\/super-dha-500-provenant-de-calmar-de-qualite-alimentaire-30-gelules-molles\\\/#primaryimage\"},\"image\":{\"@id\":\"https:\\\/\\\/ecosupplements.be\\\/fr\\\/produit\\\/super-dha-500-provenant-de-calmar-de-qualite-alimentaire-30-gelules-molles\\\/#primaryimage\"},\"thumbnailUrl\":\"https:\\\/\\\/ecosupplements.be\\\/wp-content\\\/uploads\\\/2025\\\/08\\\/Swanson-Super-DHA-500-from-Food-Grade-Calamari-30-softgels-1.jpg\",\"datePublished\":\"2022-06-28T09:35:31+00:00\",\"dateModified\":\"2025-08-27T12:09:06+00:00\",\"description\":\"Wij hebben een ruime keuze aan producten van Super DHA 500 provenant de calmar de qualit\u00e9 alimentaire - 30 g\u00e9lules molles . Winkel bij Eco Supplements altijd gratis verzending boven 100\u20ac\",\"breadcrumb\":{\"@id\":\"https:\\\/\\\/ecosupplements.be\\\/fr\\\/produit\\\/super-dha-500-provenant-de-calmar-de-qualite-alimentaire-30-gelules-molles\\\/#breadcrumb\"},\"inLanguage\":\"fr-FR\",\"potentialAction\":[{\"@type\":\"ReadAction\",\"target\":[\"https:\\\/\\\/ecosupplements.be\\\/fr\\\/produit\\\/super-dha-500-provenant-de-calmar-de-qualite-alimentaire-30-gelules-molles\\\/\"]}]},{\"@type\":\"ImageObject\",\"inLanguage\":\"fr-FR\",\"@id\":\"https:\\\/\\\/ecosupplements.be\\\/fr\\\/produit\\\/super-dha-500-provenant-de-calmar-de-qualite-alimentaire-30-gelules-molles\\\/#primaryimage\",\"url\":\"https:\\\/\\\/ecosupplements.be\\\/wp-content\\\/uploads\\\/2025\\\/08\\\/Swanson-Super-DHA-500-from-Food-Grade-Calamari-30-softgels-1.jpg\",\"contentUrl\":\"https:\\\/\\\/ecosupplements.be\\\/wp-content\\\/uploads\\\/2025\\\/08\\\/Swanson-Super-DHA-500-from-Food-Grade-Calamari-30-softgels-1.jpg\",\"width\":750,\"height\":750},{\"@type\":\"BreadcrumbList\",\"@id\":\"https:\\\/\\\/ecosupplements.be\\\/fr\\\/produit\\\/super-dha-500-provenant-de-calmar-de-qualite-alimentaire-30-gelules-molles\\\/#breadcrumb\",\"itemListElement\":[{\"@type\":\"ListItem\",\"position\":1,\"name\":\"Home\",\"item\":\"https:\\\/\\\/ecosupplements.be\\\/fr\\\/\"},{\"@type\":\"ListItem\",\"position\":2,\"name\":\"Boutique\",\"item\":\"https:\\\/\\\/ecosupplements.be\\\/fr\\\/boutique\\\/\"},{\"@type\":\"ListItem\",\"position\":3,\"name\":\"Super DHA 500 provenant de calmar de qualit\u00e9 alimentaire &#8211; 30 g\u00e9lules molles\"}]},{\"@type\":\"WebSite\",\"@id\":\"https:\\\/\\\/ecosupplements.be\\\/fr\\\/#website\",\"url\":\"https:\\\/\\\/ecosupplements.be\\\/fr\\\/\",\"name\":\"ECO Supplements\",\"description\":\"Eco Supplements - Gezonde supplementen\",\"publisher\":{\"@id\":\"https:\\\/\\\/ecosupplements.be\\\/fr\\\/#organization\"},\"potentialAction\":[{\"@type\":\"SearchAction\",\"target\":{\"@type\":\"EntryPoint\",\"urlTemplate\":\"https:\\\/\\\/ecosupplements.be\\\/fr\\\/?s={search_term_string}\"},\"query-input\":{\"@type\":\"PropertyValueSpecification\",\"valueRequired\":true,\"valueName\":\"search_term_string\"}}],\"inLanguage\":\"fr-FR\"},{\"@type\":\"Organization\",\"@id\":\"https:\\\/\\\/ecosupplements.be\\\/fr\\\/#organization\",\"name\":\"Eco Supplements\",\"url\":\"https:\\\/\\\/ecosupplements.be\\\/fr\\\/\",\"logo\":{\"@type\":\"ImageObject\",\"inLanguage\":\"fr-FR\",\"@id\":\"https:\\\/\\\/ecosupplements.be\\\/fr\\\/#\\\/schema\\\/logo\\\/image\\\/\",\"url\":\"https:\\\/\\\/ecosupplements.be\\\/wp-content\\\/uploads\\\/2022\\\/06\\\/ecosupplement-family.png\",\"contentUrl\":\"https:\\\/\\\/ecosupplements.be\\\/wp-content\\\/uploads\\\/2022\\\/06\\\/ecosupplement-family.png\",\"width\":593,\"height\":374,\"caption\":\"Eco Supplements\"},\"image\":{\"@id\":\"https:\\\/\\\/ecosupplements.be\\\/fr\\\/#\\\/schema\\\/logo\\\/image\\\/\"}}]}<\/script>\n<meta property=\"product:brand\" content=\"Swanson\" \/>\n<meta property=\"product:price:amount\" content=\"10.62\" \/>\n<meta property=\"product:price:currency\" content=\"EUR\" \/>\n<meta property=\"og:availability\" content=\"instock\" \/>\n<meta property=\"product:availability\" content=\"instock\" \/>\n<meta property=\"product:retailer_item_id\" content=\"087614170626\" \/>\n<meta property=\"product:condition\" content=\"new\" \/>\n<!-- \/ Yoast SEO Premium plugin. -->","yoast_head_json":{"title":"Super DHA 500 provenant de calmar de qualit\u00e9 alimentaire - 30 g\u00e9lules molles - ECO Supplements","description":"Wij hebben een ruime keuze aan producten van Super DHA 500 provenant de calmar de qualit\u00e9 alimentaire - 30 g\u00e9lules molles . Winkel bij Eco Supplements altijd gratis verzending boven 100\u20ac","robots":{"index":"index","follow":"follow","max-snippet":"max-snippet:-1","max-image-preview":"max-image-preview:large","max-video-preview":"max-video-preview:-1"},"canonical":"https:\/\/ecosupplements.be\/fr\/produit\/super-dha-500-provenant-de-calmar-de-qualite-alimentaire-30-gelules-molles\/","og_locale":"fr_FR","og_type":"article","og_title":"Super DHA 500 provenant de calmar de qualit\u00e9 alimentaire - 30 g\u00e9lules molles","og_description":"Wij hebben een ruime keuze aan producten van Super DHA 500 provenant de calmar de qualit\u00e9 alimentaire - 30 g\u00e9lules molles . Winkel bij Eco Supplements altijd gratis verzending boven 100\u20ac","og_url":"https:\/\/ecosupplements.be\/fr\/produit\/super-dha-500-provenant-de-calmar-de-qualite-alimentaire-30-gelules-molles\/","og_site_name":"ECO Supplements","article_modified_time":"2025-08-27T12:09:06+00:00","og_image":[{"width":750,"height":750,"url":"https:\/\/ecosupplements.be\/wp-content\/uploads\/2025\/08\/Swanson-Super-DHA-500-from-Food-Grade-Calamari-30-softgels.jpg","type":"image\/jpeg"}],"twitter_card":"summary_large_image","twitter_misc":{"Prix":"10.62&nbsp;&euro;","Disponibilit\u00e9":"En stock"},"schema":{"@context":"https:\/\/schema.org","@graph":[{"@type":["WebPage","ItemPage"],"@id":"https:\/\/ecosupplements.be\/fr\/produit\/super-dha-500-provenant-de-calmar-de-qualite-alimentaire-30-gelules-molles\/","url":"https:\/\/ecosupplements.be\/fr\/produit\/super-dha-500-provenant-de-calmar-de-qualite-alimentaire-30-gelules-molles\/","name":"Super DHA 500 provenant de calmar de qualit\u00e9 alimentaire - 30 g\u00e9lules molles - ECO Supplements","isPartOf":{"@id":"https:\/\/ecosupplements.be\/fr\/#website"},"primaryImageOfPage":{"@id":"https:\/\/ecosupplements.be\/fr\/produit\/super-dha-500-provenant-de-calmar-de-qualite-alimentaire-30-gelules-molles\/#primaryimage"},"image":{"@id":"https:\/\/ecosupplements.be\/fr\/produit\/super-dha-500-provenant-de-calmar-de-qualite-alimentaire-30-gelules-molles\/#primaryimage"},"thumbnailUrl":"https:\/\/ecosupplements.be\/wp-content\/uploads\/2025\/08\/Swanson-Super-DHA-500-from-Food-Grade-Calamari-30-softgels-1.jpg","datePublished":"2022-06-28T09:35:31+00:00","dateModified":"2025-08-27T12:09:06+00:00","description":"Wij hebben een ruime keuze aan producten van Super DHA 500 provenant de calmar de qualit\u00e9 alimentaire - 30 g\u00e9lules molles . Winkel bij Eco Supplements altijd gratis verzending boven 100\u20ac","breadcrumb":{"@id":"https:\/\/ecosupplements.be\/fr\/produit\/super-dha-500-provenant-de-calmar-de-qualite-alimentaire-30-gelules-molles\/#breadcrumb"},"inLanguage":"fr-FR","potentialAction":[{"@type":"ReadAction","target":["https:\/\/ecosupplements.be\/fr\/produit\/super-dha-500-provenant-de-calmar-de-qualite-alimentaire-30-gelules-molles\/"]}]},{"@type":"ImageObject","inLanguage":"fr-FR","@id":"https:\/\/ecosupplements.be\/fr\/produit\/super-dha-500-provenant-de-calmar-de-qualite-alimentaire-30-gelules-molles\/#primaryimage","url":"https:\/\/ecosupplements.be\/wp-content\/uploads\/2025\/08\/Swanson-Super-DHA-500-from-Food-Grade-Calamari-30-softgels-1.jpg","contentUrl":"https:\/\/ecosupplements.be\/wp-content\/uploads\/2025\/08\/Swanson-Super-DHA-500-from-Food-Grade-Calamari-30-softgels-1.jpg","width":750,"height":750},{"@type":"BreadcrumbList","@id":"https:\/\/ecosupplements.be\/fr\/produit\/super-dha-500-provenant-de-calmar-de-qualite-alimentaire-30-gelules-molles\/#breadcrumb","itemListElement":[{"@type":"ListItem","position":1,"name":"Home","item":"https:\/\/ecosupplements.be\/fr\/"},{"@type":"ListItem","position":2,"name":"Boutique","item":"https:\/\/ecosupplements.be\/fr\/boutique\/"},{"@type":"ListItem","position":3,"name":"Super DHA 500 provenant de calmar de qualit\u00e9 alimentaire &#8211; 30 g\u00e9lules molles"}]},{"@type":"WebSite","@id":"https:\/\/ecosupplements.be\/fr\/#website","url":"https:\/\/ecosupplements.be\/fr\/","name":"ECO Supplements","description":"Eco Supplements - Gezonde supplementen","publisher":{"@id":"https:\/\/ecosupplements.be\/fr\/#organization"},"potentialAction":[{"@type":"SearchAction","target":{"@type":"EntryPoint","urlTemplate":"https:\/\/ecosupplements.be\/fr\/?s={search_term_string}"},"query-input":{"@type":"PropertyValueSpecification","valueRequired":true,"valueName":"search_term_string"}}],"inLanguage":"fr-FR"},{"@type":"Organization","@id":"https:\/\/ecosupplements.be\/fr\/#organization","name":"Eco Supplements","url":"https:\/\/ecosupplements.be\/fr\/","logo":{"@type":"ImageObject","inLanguage":"fr-FR","@id":"https:\/\/ecosupplements.be\/fr\/#\/schema\/logo\/image\/","url":"https:\/\/ecosupplements.be\/wp-content\/uploads\/2022\/06\/ecosupplement-family.png","contentUrl":"https:\/\/ecosupplements.be\/wp-content\/uploads\/2022\/06\/ecosupplement-family.png","width":593,"height":374,"caption":"Eco Supplements"},"image":{"@id":"https:\/\/ecosupplements.be\/fr\/#\/schema\/logo\/image\/"}}]},"product_brand":"Swanson","product_price_amount":"10.62","product_price_currency":"EUR","og_availability":"instock","product_availability":"instock","product_retailer_item_id":"087614170626","product_condition":"new"},"_links":{"self":[{"href":"https:\/\/ecosupplements.be\/fr\/wp-json\/wp\/v2\/product\/283166","targetHints":{"allow":["GET"]}}],"collection":[{"href":"https:\/\/ecosupplements.be\/fr\/wp-json\/wp\/v2\/product"}],"about":[{"href":"https:\/\/ecosupplements.be\/fr\/wp-json\/wp\/v2\/types\/product"}],"replies":[{"embeddable":true,"href":"https:\/\/ecosupplements.be\/fr\/wp-json\/wp\/v2\/comments?post=283166"}],"wp:featuredmedia":[{"embeddable":true,"href":"https:\/\/ecosupplements.be\/fr\/wp-json\/wp\/v2\/media\/258408"}],"wp:attachment":[{"href":"https:\/\/ecosupplements.be\/fr\/wp-json\/wp\/v2\/media?parent=283166"}],"wp:term":[{"taxonomy":"product_brand","embeddable":true,"href":"https:\/\/ecosupplements.be\/fr\/wp-json\/wp\/v2\/product_brand?post=283166"},{"taxonomy":"product_cat","embeddable":true,"href":"https:\/\/ecosupplements.be\/fr\/wp-json\/wp\/v2\/product_cat?post=283166"},{"taxonomy":"product_tag","embeddable":true,"href":"https:\/\/ecosupplements.be\/fr\/wp-json\/wp\/v2\/product_tag?post=283166"}],"curies":[{"name":"wp","href":"https:\/\/api.w.org\/{rel}","templated":true}]}}