{"id":283176,"date":"2022-06-28T10:35:39","date_gmt":"2022-06-28T09:35:39","guid":{"rendered":"https:\/\/ecosupplements.be\/product\/theracurmin-100mg-haute-absorption-30-vcaps\/"},"modified":"2025-08-27T13:09:33","modified_gmt":"2025-08-27T12:09:33","slug":"theracurmin-100mg-haute-absorption-30-vcaps","status":"publish","type":"product","link":"https:\/\/ecosupplements.be\/fr\/produit\/theracurmin-100mg-haute-absorption-30-vcaps\/","title":{"rendered":"Theracurmin, 100mg Haute Absorption &#8211; 30 vcaps"},"content":{"rendered":"<h1 style=\"text-align: center;\">Swanson &#8211; Theracurmin<\/h1>\n<p>Pendant des centaines d&#8217;ann\u00e9es, les herboristes ayurv\u00e9diques indiens ont ch\u00e9ri le curcuma (Curcuma longa) pour ses propri\u00e9t\u00e9s b\u00e9n\u00e9fiques pour la sant\u00e9, et la science moderne a valid\u00e9 de nombreuses utilisations traditionnelles de cette plante. Le curcuma contient des substances phytochimiques uniques connues sous le nom de curcumino\u00efdes, dont la curcumine est la plus \u00e9tudi\u00e9e. Il a \u00e9t\u00e9 d\u00e9montr\u00e9 que la curcumine exerce de puissants effets antioxydants et stimule l&#8217;activit\u00e9 des enzymes antioxydantes endog\u00e8nes de l&#8217;organisme, prot\u00e9geant ainsi les organes et les tissus de l&#8217;ensemble du corps, du cerveau et du syst\u00e8me nerveux central au syst\u00e8me cardiovasculaire en passant par les tissus articulaires qui rendent possible un mouvement confortable.<br \/>\nMalgr\u00e9 son \u00e9norme potentiel, l&#8217;utilit\u00e9 de la curcumine a toujours \u00e9t\u00e9 limit\u00e9e par sa faible biodisponibilit\u00e9. En raison de sa faible solubilit\u00e9 dans l&#8217;eau et de sa capacit\u00e9 limit\u00e9e \u00e0 r\u00e9sister \u00e0 l&#8217;environnement acide de l&#8217;estomac, la curcumine est g\u00e9n\u00e9ralement mal absorb\u00e9e, rapidement m\u00e9tabolis\u00e9e et rapidement excr\u00e9t\u00e9e par le corps humain. Une fois dans le plasma, cependant, elle est en fait assez stable et m\u00eame capable d&#8217;atteindre des tissus difficiles d&#8217;acc\u00e8s comme ceux du cerveau et du syst\u00e8me nerveux central. Le d\u00e9fi a \u00e9t\u00e9 de trouver un moyen de faire passer la curcumine dans la circulation sanguine avant qu&#8217;elle ne se d\u00e9compose. C&#8217;est l\u00e0 que la Theracurmin \u00e0 haute absorption entre en jeu.<br \/>\nTheracurmin est une pr\u00e9paration exclusive de curcuma comprenant du curcuma finement moulu dans une suspension collo\u00efdale avec de la glyc\u00e9rine et de la gomme ghatti, un polysaccharide complexe d\u00e9riv\u00e9 de la s\u00e8ve de l&#8217;arbre ghatti. Les propri\u00e9t\u00e9s \u00e9mulsifiantes de la gomme ghatti conf\u00e8rent \u00e0 la Theracurmin une stabilit\u00e9 et une solubilit\u00e9 excellentes, am\u00e9liorant consid\u00e9rablement sa biodisponibilit\u00e9 pour augmenter les taux de curcumine dans le sang. Des essais sur l&#8217;homme montrent que la Theracurmine est plus de 27 fois plus biodisponible que la curcumine standard, nous donnant enfin la possibilit\u00e9 de profiter pleinement du potentiel protecteur du curcuma.<br \/>\nQue vous preniez du curcuma pour votre foie, votre cerveau, votre c\u0153ur, vos articulations ou tout ce qui pr\u00e9c\u00e8de, vous devriez envisager de passer \u00e0 la Theracurmine \u00e0 haute absorption. Avec sa biodisponibilit\u00e9 sans pr\u00e9c\u00e9dent, elle vous donne plus de ce pour quoi vous prenez du curcuma.<\/p>\n","protected":false},"excerpt":{"rendered":"<p>Swanson &#8211; Theracurmin Pendant des centaines d&#8217;ann\u00e9es, les herboristes ayurv\u00e9diques indiens ont ch\u00e9ri le curcuma (Curcuma longa) pour ses propri\u00e9t\u00e9s b\u00e9n\u00e9fiques pour la sant\u00e9, et la science moderne a valid\u00e9 de nombreuses utilisations traditionnelles de cette plante. Le curcuma contient des substances phytochimiques uniques connues sous le nom de curcumino\u00efdes, dont la curcumine est la [&#8230;]\n","protected":false},"featured_media":258456,"comment_status":"open","ping_status":"open","template":"","meta":[],"product_brand":[4761],"product_cat":[5052,5083,5084,5085],"product_tag":[],"class_list":{"0":"post-283176","1":"product","2":"type-product","3":"status-publish","4":"has-post-thumbnail","6":"product_brand-swanson-2","7":"product_cat-sante-et-bien-etre","8":"product_cat-soutien-aux-articulations","9":"product_cat-soutien-conjoint","10":"product_cat-soutien-pour-les-articulations","12":"first","13":"instock","14":"taxable","15":"shipping-taxable","16":"purchasable","17":"product-type-simple"},"yoast_head":"<!-- This site is optimized with the Yoast SEO Premium plugin v27.3 (Yoast SEO v27.3) - https:\/\/yoast.com\/product\/yoast-seo-premium-wordpress\/ -->\n<title>Theracurmin, 100mg Haute Absorption - 30 vcaps - ECO Supplements<\/title>\n<meta name=\"description\" content=\"Wij hebben een ruime keuze aan producten van Theracurmin, 100mg Haute Absorption - 30 vcaps . Winkel bij Eco Supplements altijd gratis verzending boven 100\u20ac\" \/>\n<meta name=\"robots\" content=\"index, follow, max-snippet:-1, max-image-preview:large, max-video-preview:-1\" \/>\n<link rel=\"canonical\" href=\"https:\/\/ecosupplements.be\/fr\/produit\/theracurmin-100mg-haute-absorption-30-vcaps\/\" \/>\n<meta property=\"og:locale\" content=\"fr_FR\" \/>\n<meta property=\"og:type\" content=\"article\" \/>\n<meta property=\"og:title\" content=\"Theracurmin, 100mg Haute Absorption - 30 vcaps\" \/>\n<meta property=\"og:description\" content=\"Wij hebben een ruime keuze aan producten van Theracurmin, 100mg Haute Absorption - 30 vcaps . Winkel bij Eco Supplements altijd gratis verzending boven 100\u20ac\" \/>\n<meta property=\"og:url\" content=\"https:\/\/ecosupplements.be\/fr\/produit\/theracurmin-100mg-haute-absorption-30-vcaps\/\" \/>\n<meta property=\"og:site_name\" content=\"ECO Supplements\" \/>\n<meta property=\"article:modified_time\" content=\"2025-08-27T12:09:33+00:00\" \/>\n<meta property=\"og:image\" content=\"https:\/\/ecosupplements.be\/wp-content\/uploads\/2025\/08\/Swanson-Theracurmin-100mg-High-Absorption-30-vcaps.jpg\" \/>\n\t<meta property=\"og:image:width\" content=\"750\" \/>\n\t<meta property=\"og:image:height\" content=\"750\" \/>\n\t<meta property=\"og:image:type\" content=\"image\/jpeg\" \/>\n<meta name=\"twitter:card\" content=\"summary_large_image\" \/>\n<meta name=\"twitter:label1\" content=\"Prix\" \/>\n\t<meta name=\"twitter:data1\" content=\"12.14&nbsp;&euro;\" \/>\n\t<meta name=\"twitter:label2\" content=\"Disponibilit\u00e9\" \/>\n\t<meta name=\"twitter:data2\" content=\"En stock\" \/>\n<script type=\"application\/ld+json\" class=\"yoast-schema-graph\">{\"@context\":\"https:\\\/\\\/schema.org\",\"@graph\":[{\"@type\":[\"WebPage\",\"ItemPage\"],\"@id\":\"https:\\\/\\\/ecosupplements.be\\\/fr\\\/produit\\\/theracurmin-100mg-haute-absorption-30-vcaps\\\/\",\"url\":\"https:\\\/\\\/ecosupplements.be\\\/fr\\\/produit\\\/theracurmin-100mg-haute-absorption-30-vcaps\\\/\",\"name\":\"Theracurmin, 100mg Haute Absorption - 30 vcaps - ECO Supplements\",\"isPartOf\":{\"@id\":\"https:\\\/\\\/ecosupplements.be\\\/fr\\\/#website\"},\"primaryImageOfPage\":{\"@id\":\"https:\\\/\\\/ecosupplements.be\\\/fr\\\/produit\\\/theracurmin-100mg-haute-absorption-30-vcaps\\\/#primaryimage\"},\"image\":{\"@id\":\"https:\\\/\\\/ecosupplements.be\\\/fr\\\/produit\\\/theracurmin-100mg-haute-absorption-30-vcaps\\\/#primaryimage\"},\"thumbnailUrl\":\"https:\\\/\\\/ecosupplements.be\\\/wp-content\\\/uploads\\\/2025\\\/08\\\/Swanson-Theracurmin-100mg-High-Absorption-30-vcaps-1.jpg\",\"datePublished\":\"2022-06-28T09:35:39+00:00\",\"dateModified\":\"2025-08-27T12:09:33+00:00\",\"description\":\"Wij hebben een ruime keuze aan producten van Theracurmin, 100mg Haute Absorption - 30 vcaps . Winkel bij Eco Supplements altijd gratis verzending boven 100\u20ac\",\"breadcrumb\":{\"@id\":\"https:\\\/\\\/ecosupplements.be\\\/fr\\\/produit\\\/theracurmin-100mg-haute-absorption-30-vcaps\\\/#breadcrumb\"},\"inLanguage\":\"fr-FR\",\"potentialAction\":[{\"@type\":\"ReadAction\",\"target\":[\"https:\\\/\\\/ecosupplements.be\\\/fr\\\/produit\\\/theracurmin-100mg-haute-absorption-30-vcaps\\\/\"]}]},{\"@type\":\"ImageObject\",\"inLanguage\":\"fr-FR\",\"@id\":\"https:\\\/\\\/ecosupplements.be\\\/fr\\\/produit\\\/theracurmin-100mg-haute-absorption-30-vcaps\\\/#primaryimage\",\"url\":\"https:\\\/\\\/ecosupplements.be\\\/wp-content\\\/uploads\\\/2025\\\/08\\\/Swanson-Theracurmin-100mg-High-Absorption-30-vcaps-1.jpg\",\"contentUrl\":\"https:\\\/\\\/ecosupplements.be\\\/wp-content\\\/uploads\\\/2025\\\/08\\\/Swanson-Theracurmin-100mg-High-Absorption-30-vcaps-1.jpg\",\"width\":750,\"height\":750},{\"@type\":\"BreadcrumbList\",\"@id\":\"https:\\\/\\\/ecosupplements.be\\\/fr\\\/produit\\\/theracurmin-100mg-haute-absorption-30-vcaps\\\/#breadcrumb\",\"itemListElement\":[{\"@type\":\"ListItem\",\"position\":1,\"name\":\"Home\",\"item\":\"https:\\\/\\\/ecosupplements.be\\\/fr\\\/\"},{\"@type\":\"ListItem\",\"position\":2,\"name\":\"Boutique\",\"item\":\"https:\\\/\\\/ecosupplements.be\\\/fr\\\/boutique\\\/\"},{\"@type\":\"ListItem\",\"position\":3,\"name\":\"Theracurmin, 100mg Haute Absorption &#8211; 30 vcaps\"}]},{\"@type\":\"WebSite\",\"@id\":\"https:\\\/\\\/ecosupplements.be\\\/fr\\\/#website\",\"url\":\"https:\\\/\\\/ecosupplements.be\\\/fr\\\/\",\"name\":\"ECO Supplements\",\"description\":\"Eco Supplements - Gezonde supplementen\",\"publisher\":{\"@id\":\"https:\\\/\\\/ecosupplements.be\\\/fr\\\/#organization\"},\"potentialAction\":[{\"@type\":\"SearchAction\",\"target\":{\"@type\":\"EntryPoint\",\"urlTemplate\":\"https:\\\/\\\/ecosupplements.be\\\/fr\\\/?s={search_term_string}\"},\"query-input\":{\"@type\":\"PropertyValueSpecification\",\"valueRequired\":true,\"valueName\":\"search_term_string\"}}],\"inLanguage\":\"fr-FR\"},{\"@type\":\"Organization\",\"@id\":\"https:\\\/\\\/ecosupplements.be\\\/fr\\\/#organization\",\"name\":\"Eco Supplements\",\"url\":\"https:\\\/\\\/ecosupplements.be\\\/fr\\\/\",\"logo\":{\"@type\":\"ImageObject\",\"inLanguage\":\"fr-FR\",\"@id\":\"https:\\\/\\\/ecosupplements.be\\\/fr\\\/#\\\/schema\\\/logo\\\/image\\\/\",\"url\":\"https:\\\/\\\/ecosupplements.be\\\/wp-content\\\/uploads\\\/2022\\\/06\\\/ecosupplement-family.png\",\"contentUrl\":\"https:\\\/\\\/ecosupplements.be\\\/wp-content\\\/uploads\\\/2022\\\/06\\\/ecosupplement-family.png\",\"width\":593,\"height\":374,\"caption\":\"Eco Supplements\"},\"image\":{\"@id\":\"https:\\\/\\\/ecosupplements.be\\\/fr\\\/#\\\/schema\\\/logo\\\/image\\\/\"}}]}<\/script>\n<meta property=\"product:brand\" content=\"Swanson\" \/>\n<meta property=\"product:price:amount\" content=\"12.14\" \/>\n<meta property=\"product:price:currency\" content=\"EUR\" \/>\n<meta property=\"og:availability\" content=\"instock\" \/>\n<meta property=\"product:availability\" content=\"instock\" \/>\n<meta property=\"product:retailer_item_id\" content=\"087614210186\" \/>\n<meta property=\"product:condition\" content=\"new\" \/>\n<!-- \/ Yoast SEO Premium plugin. -->","yoast_head_json":{"title":"Theracurmin, 100mg Haute Absorption - 30 vcaps - ECO Supplements","description":"Wij hebben een ruime keuze aan producten van Theracurmin, 100mg Haute Absorption - 30 vcaps . Winkel bij Eco Supplements altijd gratis verzending boven 100\u20ac","robots":{"index":"index","follow":"follow","max-snippet":"max-snippet:-1","max-image-preview":"max-image-preview:large","max-video-preview":"max-video-preview:-1"},"canonical":"https:\/\/ecosupplements.be\/fr\/produit\/theracurmin-100mg-haute-absorption-30-vcaps\/","og_locale":"fr_FR","og_type":"article","og_title":"Theracurmin, 100mg Haute Absorption - 30 vcaps","og_description":"Wij hebben een ruime keuze aan producten van Theracurmin, 100mg Haute Absorption - 30 vcaps . Winkel bij Eco Supplements altijd gratis verzending boven 100\u20ac","og_url":"https:\/\/ecosupplements.be\/fr\/produit\/theracurmin-100mg-haute-absorption-30-vcaps\/","og_site_name":"ECO Supplements","article_modified_time":"2025-08-27T12:09:33+00:00","og_image":[{"width":750,"height":750,"url":"https:\/\/ecosupplements.be\/wp-content\/uploads\/2025\/08\/Swanson-Theracurmin-100mg-High-Absorption-30-vcaps.jpg","type":"image\/jpeg"}],"twitter_card":"summary_large_image","twitter_misc":{"Prix":"12.14&nbsp;&euro;","Disponibilit\u00e9":"En stock"},"schema":{"@context":"https:\/\/schema.org","@graph":[{"@type":["WebPage","ItemPage"],"@id":"https:\/\/ecosupplements.be\/fr\/produit\/theracurmin-100mg-haute-absorption-30-vcaps\/","url":"https:\/\/ecosupplements.be\/fr\/produit\/theracurmin-100mg-haute-absorption-30-vcaps\/","name":"Theracurmin, 100mg Haute Absorption - 30 vcaps - ECO Supplements","isPartOf":{"@id":"https:\/\/ecosupplements.be\/fr\/#website"},"primaryImageOfPage":{"@id":"https:\/\/ecosupplements.be\/fr\/produit\/theracurmin-100mg-haute-absorption-30-vcaps\/#primaryimage"},"image":{"@id":"https:\/\/ecosupplements.be\/fr\/produit\/theracurmin-100mg-haute-absorption-30-vcaps\/#primaryimage"},"thumbnailUrl":"https:\/\/ecosupplements.be\/wp-content\/uploads\/2025\/08\/Swanson-Theracurmin-100mg-High-Absorption-30-vcaps-1.jpg","datePublished":"2022-06-28T09:35:39+00:00","dateModified":"2025-08-27T12:09:33+00:00","description":"Wij hebben een ruime keuze aan producten van Theracurmin, 100mg Haute Absorption - 30 vcaps . Winkel bij Eco Supplements altijd gratis verzending boven 100\u20ac","breadcrumb":{"@id":"https:\/\/ecosupplements.be\/fr\/produit\/theracurmin-100mg-haute-absorption-30-vcaps\/#breadcrumb"},"inLanguage":"fr-FR","potentialAction":[{"@type":"ReadAction","target":["https:\/\/ecosupplements.be\/fr\/produit\/theracurmin-100mg-haute-absorption-30-vcaps\/"]}]},{"@type":"ImageObject","inLanguage":"fr-FR","@id":"https:\/\/ecosupplements.be\/fr\/produit\/theracurmin-100mg-haute-absorption-30-vcaps\/#primaryimage","url":"https:\/\/ecosupplements.be\/wp-content\/uploads\/2025\/08\/Swanson-Theracurmin-100mg-High-Absorption-30-vcaps-1.jpg","contentUrl":"https:\/\/ecosupplements.be\/wp-content\/uploads\/2025\/08\/Swanson-Theracurmin-100mg-High-Absorption-30-vcaps-1.jpg","width":750,"height":750},{"@type":"BreadcrumbList","@id":"https:\/\/ecosupplements.be\/fr\/produit\/theracurmin-100mg-haute-absorption-30-vcaps\/#breadcrumb","itemListElement":[{"@type":"ListItem","position":1,"name":"Home","item":"https:\/\/ecosupplements.be\/fr\/"},{"@type":"ListItem","position":2,"name":"Boutique","item":"https:\/\/ecosupplements.be\/fr\/boutique\/"},{"@type":"ListItem","position":3,"name":"Theracurmin, 100mg Haute Absorption &#8211; 30 vcaps"}]},{"@type":"WebSite","@id":"https:\/\/ecosupplements.be\/fr\/#website","url":"https:\/\/ecosupplements.be\/fr\/","name":"ECO Supplements","description":"Eco Supplements - Gezonde supplementen","publisher":{"@id":"https:\/\/ecosupplements.be\/fr\/#organization"},"potentialAction":[{"@type":"SearchAction","target":{"@type":"EntryPoint","urlTemplate":"https:\/\/ecosupplements.be\/fr\/?s={search_term_string}"},"query-input":{"@type":"PropertyValueSpecification","valueRequired":true,"valueName":"search_term_string"}}],"inLanguage":"fr-FR"},{"@type":"Organization","@id":"https:\/\/ecosupplements.be\/fr\/#organization","name":"Eco Supplements","url":"https:\/\/ecosupplements.be\/fr\/","logo":{"@type":"ImageObject","inLanguage":"fr-FR","@id":"https:\/\/ecosupplements.be\/fr\/#\/schema\/logo\/image\/","url":"https:\/\/ecosupplements.be\/wp-content\/uploads\/2022\/06\/ecosupplement-family.png","contentUrl":"https:\/\/ecosupplements.be\/wp-content\/uploads\/2022\/06\/ecosupplement-family.png","width":593,"height":374,"caption":"Eco Supplements"},"image":{"@id":"https:\/\/ecosupplements.be\/fr\/#\/schema\/logo\/image\/"}}]},"product_brand":"Swanson","product_price_amount":"12.14","product_price_currency":"EUR","og_availability":"instock","product_availability":"instock","product_retailer_item_id":"087614210186","product_condition":"new"},"_links":{"self":[{"href":"https:\/\/ecosupplements.be\/fr\/wp-json\/wp\/v2\/product\/283176","targetHints":{"allow":["GET"]}}],"collection":[{"href":"https:\/\/ecosupplements.be\/fr\/wp-json\/wp\/v2\/product"}],"about":[{"href":"https:\/\/ecosupplements.be\/fr\/wp-json\/wp\/v2\/types\/product"}],"replies":[{"embeddable":true,"href":"https:\/\/ecosupplements.be\/fr\/wp-json\/wp\/v2\/comments?post=283176"}],"wp:featuredmedia":[{"embeddable":true,"href":"https:\/\/ecosupplements.be\/fr\/wp-json\/wp\/v2\/media\/258456"}],"wp:attachment":[{"href":"https:\/\/ecosupplements.be\/fr\/wp-json\/wp\/v2\/media?parent=283176"}],"wp:term":[{"taxonomy":"product_brand","embeddable":true,"href":"https:\/\/ecosupplements.be\/fr\/wp-json\/wp\/v2\/product_brand?post=283176"},{"taxonomy":"product_cat","embeddable":true,"href":"https:\/\/ecosupplements.be\/fr\/wp-json\/wp\/v2\/product_cat?post=283176"},{"taxonomy":"product_tag","embeddable":true,"href":"https:\/\/ecosupplements.be\/fr\/wp-json\/wp\/v2\/product_tag?post=283176"}],"curies":[{"name":"wp","href":"https:\/\/api.w.org\/{rel}","templated":true}]}}