{"id":283180,"date":"2022-06-28T10:35:39","date_gmt":"2022-06-28T09:35:39","guid":{"rendered":"https:\/\/ecosupplements.be\/product\/tocotrienols-100mg-double-strength-60-gelules-liquides\/"},"modified":"2025-08-27T13:09:42","modified_gmt":"2025-08-27T12:09:42","slug":"tocotrienols-100mg-double-strength-60-gelules-liquides","status":"publish","type":"product","link":"https:\/\/ecosupplements.be\/fr\/produit\/tocotrienols-100mg-double-strength-60-gelules-liquides\/","title":{"rendered":"Tocotrienols, 100mg Double Strength &#8211; 60 g\u00e9lules liquides"},"content":{"rendered":"<h1 style=\"text-align: center;\">Swanson &#8211; Tocotri\u00e9nols<\/h1>\n<p>99% tocoph\u00e9rol libre<br \/>\nB\u00e9n\u00e9fique pour le maintien d&#8217;un taux de cholest\u00e9rol sain<br \/>\nFournit une protection contre les dommages caus\u00e9s par les radicaux libres<br \/>\nMaintient le soutien antioxydant<br \/>\nSwanson Ultra est fier d&#8217;accueillir les tocotri\u00e9nols Delta et Gamma issus du rocou dans sa s\u00e9lection de produits de vitamine E. Comme vous le savez peut-\u00eatre, la famille de la vitamine E comprend les tocoph\u00e9rols et les tocotri\u00e9nols, l&#8217;alpha-tocoph\u00e9rol \u00e9tant la forme la plus courante de vitamine E. Cependant, les tocotri\u00e9nols ont un potentiel antioxydant jusqu&#8217;\u00e0 50 fois sup\u00e9rieur \u00e0 celui des tocoph\u00e9rols, et les derni\u00e8res recherches indiquent qu&#8217;avec un r\u00e9gime alimentaire sain et de l&#8217;exercice, les fractions delta (tocotri\u00e9nols delta) sont les plus b\u00e9n\u00e9fiques pour soutenir un cholest\u00e9rol sain d\u00e9j\u00e0 dans la plage normale, les triglyc\u00e9rides et la sant\u00e9 cellulaire. Swanson Ultra Tocotrienols est d\u00e9riv\u00e9 de Bixa orellan, ou Annatto, la seule plante connue pour ne contenir que des tocotri\u00e9nols. Les tocotri\u00e9nols de l&#8217;Annatto se composent de fractions gamma et delta, des isom\u00e8res de tocotri\u00e9nol puissants et b\u00e9n\u00e9fiques.<\/p>\n","protected":false},"excerpt":{"rendered":"<p>Swanson &#8211; Tocotri\u00e9nols 99% tocoph\u00e9rol libre B\u00e9n\u00e9fique pour le maintien d&#8217;un taux de cholest\u00e9rol sain Fournit une protection contre les dommages caus\u00e9s par les radicaux libres Maintient le soutien antioxydant Swanson Ultra est fier d&#8217;accueillir les tocotri\u00e9nols Delta et Gamma issus du rocou dans sa s\u00e9lection de produits de vitamine E. Comme vous le savez [&#8230;]\n","protected":false},"featured_media":258476,"comment_status":"open","ping_status":"open","template":"","meta":[],"product_brand":[4761],"product_cat":[5052,5053],"product_tag":[5071],"class_list":{"0":"post-283180","1":"product","2":"type-product","3":"status-publish","4":"has-post-thumbnail","6":"product_brand-swanson-2","7":"product_cat-sante-et-bien-etre","8":"product_cat-vitamines-et-mineraux","9":"product_tag-ecoplus-2","11":"first","12":"instock","13":"featured","14":"taxable","15":"shipping-taxable","16":"purchasable","17":"product-type-simple"},"yoast_head":"<!-- This site is optimized with the Yoast SEO Premium plugin v27.3 (Yoast SEO v27.3) - https:\/\/yoast.com\/product\/yoast-seo-premium-wordpress\/ -->\n<title>Tocotrienols, 100mg Double Strength - 60 g\u00e9lules liquides - ECO Supplements<\/title>\n<meta name=\"description\" content=\"Wij hebben een ruime keuze aan producten van Tocotrienols, 100mg Double Strength - 60 g\u00e9lules liquides . Winkel bij Eco Supplements altijd gratis verzending boven 100\u20ac\" \/>\n<meta name=\"robots\" content=\"index, follow, max-snippet:-1, max-image-preview:large, max-video-preview:-1\" \/>\n<link rel=\"canonical\" href=\"https:\/\/ecosupplements.be\/fr\/produit\/tocotrienols-100mg-double-strength-60-gelules-liquides\/\" \/>\n<meta property=\"og:locale\" content=\"fr_FR\" \/>\n<meta property=\"og:type\" content=\"article\" \/>\n<meta property=\"og:title\" content=\"Tocotrienols, 100mg Double Strength - 60 g\u00e9lules liquides\" \/>\n<meta property=\"og:description\" content=\"Wij hebben een ruime keuze aan producten van Tocotrienols, 100mg Double Strength - 60 g\u00e9lules liquides . Winkel bij Eco Supplements altijd gratis verzending boven 100\u20ac\" \/>\n<meta property=\"og:url\" content=\"https:\/\/ecosupplements.be\/fr\/produit\/tocotrienols-100mg-double-strength-60-gelules-liquides\/\" \/>\n<meta property=\"og:site_name\" content=\"ECO Supplements\" \/>\n<meta property=\"article:modified_time\" content=\"2025-08-27T12:09:42+00:00\" \/>\n<meta property=\"og:image\" content=\"https:\/\/ecosupplements.be\/wp-content\/uploads\/2025\/08\/Swanson-Tocotrienols-100mg-Double-Strength-60-liquid-caps.jpg\" \/>\n\t<meta property=\"og:image:width\" content=\"750\" \/>\n\t<meta property=\"og:image:height\" content=\"750\" \/>\n\t<meta property=\"og:image:type\" content=\"image\/jpeg\" \/>\n<meta name=\"twitter:card\" content=\"summary_large_image\" \/>\n<meta name=\"twitter:label1\" content=\"Prix\" \/>\n\t<meta name=\"twitter:data1\" content=\"40.23&nbsp;&euro;\" \/>\n\t<meta name=\"twitter:label2\" content=\"Disponibilit\u00e9\" \/>\n\t<meta name=\"twitter:data2\" content=\"En stock\" \/>\n<script type=\"application\/ld+json\" class=\"yoast-schema-graph\">{\"@context\":\"https:\\\/\\\/schema.org\",\"@graph\":[{\"@type\":[\"WebPage\",\"ItemPage\"],\"@id\":\"https:\\\/\\\/ecosupplements.be\\\/fr\\\/produit\\\/tocotrienols-100mg-double-strength-60-gelules-liquides\\\/\",\"url\":\"https:\\\/\\\/ecosupplements.be\\\/fr\\\/produit\\\/tocotrienols-100mg-double-strength-60-gelules-liquides\\\/\",\"name\":\"Tocotrienols, 100mg Double Strength - 60 g\u00e9lules liquides - ECO Supplements\",\"isPartOf\":{\"@id\":\"https:\\\/\\\/ecosupplements.be\\\/fr\\\/#website\"},\"primaryImageOfPage\":{\"@id\":\"https:\\\/\\\/ecosupplements.be\\\/fr\\\/produit\\\/tocotrienols-100mg-double-strength-60-gelules-liquides\\\/#primaryimage\"},\"image\":{\"@id\":\"https:\\\/\\\/ecosupplements.be\\\/fr\\\/produit\\\/tocotrienols-100mg-double-strength-60-gelules-liquides\\\/#primaryimage\"},\"thumbnailUrl\":\"https:\\\/\\\/ecosupplements.be\\\/wp-content\\\/uploads\\\/2025\\\/08\\\/Swanson-Tocotrienols-100mg-Double-Strength-60-liquid-caps-1.jpg\",\"datePublished\":\"2022-06-28T09:35:39+00:00\",\"dateModified\":\"2025-08-27T12:09:42+00:00\",\"description\":\"Wij hebben een ruime keuze aan producten van Tocotrienols, 100mg Double Strength - 60 g\u00e9lules liquides . Winkel bij Eco Supplements altijd gratis verzending boven 100\u20ac\",\"breadcrumb\":{\"@id\":\"https:\\\/\\\/ecosupplements.be\\\/fr\\\/produit\\\/tocotrienols-100mg-double-strength-60-gelules-liquides\\\/#breadcrumb\"},\"inLanguage\":\"fr-FR\",\"potentialAction\":[{\"@type\":\"ReadAction\",\"target\":[\"https:\\\/\\\/ecosupplements.be\\\/fr\\\/produit\\\/tocotrienols-100mg-double-strength-60-gelules-liquides\\\/\"]}]},{\"@type\":\"ImageObject\",\"inLanguage\":\"fr-FR\",\"@id\":\"https:\\\/\\\/ecosupplements.be\\\/fr\\\/produit\\\/tocotrienols-100mg-double-strength-60-gelules-liquides\\\/#primaryimage\",\"url\":\"https:\\\/\\\/ecosupplements.be\\\/wp-content\\\/uploads\\\/2025\\\/08\\\/Swanson-Tocotrienols-100mg-Double-Strength-60-liquid-caps-1.jpg\",\"contentUrl\":\"https:\\\/\\\/ecosupplements.be\\\/wp-content\\\/uploads\\\/2025\\\/08\\\/Swanson-Tocotrienols-100mg-Double-Strength-60-liquid-caps-1.jpg\",\"width\":750,\"height\":750},{\"@type\":\"BreadcrumbList\",\"@id\":\"https:\\\/\\\/ecosupplements.be\\\/fr\\\/produit\\\/tocotrienols-100mg-double-strength-60-gelules-liquides\\\/#breadcrumb\",\"itemListElement\":[{\"@type\":\"ListItem\",\"position\":1,\"name\":\"Home\",\"item\":\"https:\\\/\\\/ecosupplements.be\\\/fr\\\/\"},{\"@type\":\"ListItem\",\"position\":2,\"name\":\"Boutique\",\"item\":\"https:\\\/\\\/ecosupplements.be\\\/fr\\\/boutique\\\/\"},{\"@type\":\"ListItem\",\"position\":3,\"name\":\"Tocotrienols, 100mg Double Strength &#8211; 60 g\u00e9lules liquides\"}]},{\"@type\":\"WebSite\",\"@id\":\"https:\\\/\\\/ecosupplements.be\\\/fr\\\/#website\",\"url\":\"https:\\\/\\\/ecosupplements.be\\\/fr\\\/\",\"name\":\"ECO Supplements\",\"description\":\"Eco Supplements - Gezonde supplementen\",\"publisher\":{\"@id\":\"https:\\\/\\\/ecosupplements.be\\\/fr\\\/#organization\"},\"potentialAction\":[{\"@type\":\"SearchAction\",\"target\":{\"@type\":\"EntryPoint\",\"urlTemplate\":\"https:\\\/\\\/ecosupplements.be\\\/fr\\\/?s={search_term_string}\"},\"query-input\":{\"@type\":\"PropertyValueSpecification\",\"valueRequired\":true,\"valueName\":\"search_term_string\"}}],\"inLanguage\":\"fr-FR\"},{\"@type\":\"Organization\",\"@id\":\"https:\\\/\\\/ecosupplements.be\\\/fr\\\/#organization\",\"name\":\"Eco Supplements\",\"url\":\"https:\\\/\\\/ecosupplements.be\\\/fr\\\/\",\"logo\":{\"@type\":\"ImageObject\",\"inLanguage\":\"fr-FR\",\"@id\":\"https:\\\/\\\/ecosupplements.be\\\/fr\\\/#\\\/schema\\\/logo\\\/image\\\/\",\"url\":\"https:\\\/\\\/ecosupplements.be\\\/wp-content\\\/uploads\\\/2022\\\/06\\\/ecosupplement-family.png\",\"contentUrl\":\"https:\\\/\\\/ecosupplements.be\\\/wp-content\\\/uploads\\\/2022\\\/06\\\/ecosupplement-family.png\",\"width\":593,\"height\":374,\"caption\":\"Eco Supplements\"},\"image\":{\"@id\":\"https:\\\/\\\/ecosupplements.be\\\/fr\\\/#\\\/schema\\\/logo\\\/image\\\/\"}}]}<\/script>\n<meta property=\"product:brand\" content=\"Swanson\" \/>\n<meta property=\"product:price:amount\" content=\"40.23\" \/>\n<meta property=\"product:price:currency\" content=\"EUR\" \/>\n<meta property=\"og:availability\" content=\"instock\" \/>\n<meta property=\"product:availability\" content=\"instock\" \/>\n<meta property=\"product:retailer_item_id\" content=\"087614026800\" \/>\n<meta property=\"product:condition\" content=\"new\" \/>\n<!-- \/ Yoast SEO Premium plugin. -->","yoast_head_json":{"title":"Tocotrienols, 100mg Double Strength - 60 g\u00e9lules liquides - ECO Supplements","description":"Wij hebben een ruime keuze aan producten van Tocotrienols, 100mg Double Strength - 60 g\u00e9lules liquides . Winkel bij Eco Supplements altijd gratis verzending boven 100\u20ac","robots":{"index":"index","follow":"follow","max-snippet":"max-snippet:-1","max-image-preview":"max-image-preview:large","max-video-preview":"max-video-preview:-1"},"canonical":"https:\/\/ecosupplements.be\/fr\/produit\/tocotrienols-100mg-double-strength-60-gelules-liquides\/","og_locale":"fr_FR","og_type":"article","og_title":"Tocotrienols, 100mg Double Strength - 60 g\u00e9lules liquides","og_description":"Wij hebben een ruime keuze aan producten van Tocotrienols, 100mg Double Strength - 60 g\u00e9lules liquides . Winkel bij Eco Supplements altijd gratis verzending boven 100\u20ac","og_url":"https:\/\/ecosupplements.be\/fr\/produit\/tocotrienols-100mg-double-strength-60-gelules-liquides\/","og_site_name":"ECO Supplements","article_modified_time":"2025-08-27T12:09:42+00:00","og_image":[{"width":750,"height":750,"url":"https:\/\/ecosupplements.be\/wp-content\/uploads\/2025\/08\/Swanson-Tocotrienols-100mg-Double-Strength-60-liquid-caps.jpg","type":"image\/jpeg"}],"twitter_card":"summary_large_image","twitter_misc":{"Prix":"40.23&nbsp;&euro;","Disponibilit\u00e9":"En stock"},"schema":{"@context":"https:\/\/schema.org","@graph":[{"@type":["WebPage","ItemPage"],"@id":"https:\/\/ecosupplements.be\/fr\/produit\/tocotrienols-100mg-double-strength-60-gelules-liquides\/","url":"https:\/\/ecosupplements.be\/fr\/produit\/tocotrienols-100mg-double-strength-60-gelules-liquides\/","name":"Tocotrienols, 100mg Double Strength - 60 g\u00e9lules liquides - ECO Supplements","isPartOf":{"@id":"https:\/\/ecosupplements.be\/fr\/#website"},"primaryImageOfPage":{"@id":"https:\/\/ecosupplements.be\/fr\/produit\/tocotrienols-100mg-double-strength-60-gelules-liquides\/#primaryimage"},"image":{"@id":"https:\/\/ecosupplements.be\/fr\/produit\/tocotrienols-100mg-double-strength-60-gelules-liquides\/#primaryimage"},"thumbnailUrl":"https:\/\/ecosupplements.be\/wp-content\/uploads\/2025\/08\/Swanson-Tocotrienols-100mg-Double-Strength-60-liquid-caps-1.jpg","datePublished":"2022-06-28T09:35:39+00:00","dateModified":"2025-08-27T12:09:42+00:00","description":"Wij hebben een ruime keuze aan producten van Tocotrienols, 100mg Double Strength - 60 g\u00e9lules liquides . Winkel bij Eco Supplements altijd gratis verzending boven 100\u20ac","breadcrumb":{"@id":"https:\/\/ecosupplements.be\/fr\/produit\/tocotrienols-100mg-double-strength-60-gelules-liquides\/#breadcrumb"},"inLanguage":"fr-FR","potentialAction":[{"@type":"ReadAction","target":["https:\/\/ecosupplements.be\/fr\/produit\/tocotrienols-100mg-double-strength-60-gelules-liquides\/"]}]},{"@type":"ImageObject","inLanguage":"fr-FR","@id":"https:\/\/ecosupplements.be\/fr\/produit\/tocotrienols-100mg-double-strength-60-gelules-liquides\/#primaryimage","url":"https:\/\/ecosupplements.be\/wp-content\/uploads\/2025\/08\/Swanson-Tocotrienols-100mg-Double-Strength-60-liquid-caps-1.jpg","contentUrl":"https:\/\/ecosupplements.be\/wp-content\/uploads\/2025\/08\/Swanson-Tocotrienols-100mg-Double-Strength-60-liquid-caps-1.jpg","width":750,"height":750},{"@type":"BreadcrumbList","@id":"https:\/\/ecosupplements.be\/fr\/produit\/tocotrienols-100mg-double-strength-60-gelules-liquides\/#breadcrumb","itemListElement":[{"@type":"ListItem","position":1,"name":"Home","item":"https:\/\/ecosupplements.be\/fr\/"},{"@type":"ListItem","position":2,"name":"Boutique","item":"https:\/\/ecosupplements.be\/fr\/boutique\/"},{"@type":"ListItem","position":3,"name":"Tocotrienols, 100mg Double Strength &#8211; 60 g\u00e9lules liquides"}]},{"@type":"WebSite","@id":"https:\/\/ecosupplements.be\/fr\/#website","url":"https:\/\/ecosupplements.be\/fr\/","name":"ECO Supplements","description":"Eco Supplements - Gezonde supplementen","publisher":{"@id":"https:\/\/ecosupplements.be\/fr\/#organization"},"potentialAction":[{"@type":"SearchAction","target":{"@type":"EntryPoint","urlTemplate":"https:\/\/ecosupplements.be\/fr\/?s={search_term_string}"},"query-input":{"@type":"PropertyValueSpecification","valueRequired":true,"valueName":"search_term_string"}}],"inLanguage":"fr-FR"},{"@type":"Organization","@id":"https:\/\/ecosupplements.be\/fr\/#organization","name":"Eco Supplements","url":"https:\/\/ecosupplements.be\/fr\/","logo":{"@type":"ImageObject","inLanguage":"fr-FR","@id":"https:\/\/ecosupplements.be\/fr\/#\/schema\/logo\/image\/","url":"https:\/\/ecosupplements.be\/wp-content\/uploads\/2022\/06\/ecosupplement-family.png","contentUrl":"https:\/\/ecosupplements.be\/wp-content\/uploads\/2022\/06\/ecosupplement-family.png","width":593,"height":374,"caption":"Eco Supplements"},"image":{"@id":"https:\/\/ecosupplements.be\/fr\/#\/schema\/logo\/image\/"}}]},"product_brand":"Swanson","product_price_amount":"40.23","product_price_currency":"EUR","og_availability":"instock","product_availability":"instock","product_retailer_item_id":"087614026800","product_condition":"new"},"_links":{"self":[{"href":"https:\/\/ecosupplements.be\/fr\/wp-json\/wp\/v2\/product\/283180","targetHints":{"allow":["GET"]}}],"collection":[{"href":"https:\/\/ecosupplements.be\/fr\/wp-json\/wp\/v2\/product"}],"about":[{"href":"https:\/\/ecosupplements.be\/fr\/wp-json\/wp\/v2\/types\/product"}],"replies":[{"embeddable":true,"href":"https:\/\/ecosupplements.be\/fr\/wp-json\/wp\/v2\/comments?post=283180"}],"wp:featuredmedia":[{"embeddable":true,"href":"https:\/\/ecosupplements.be\/fr\/wp-json\/wp\/v2\/media\/258476"}],"wp:attachment":[{"href":"https:\/\/ecosupplements.be\/fr\/wp-json\/wp\/v2\/media?parent=283180"}],"wp:term":[{"taxonomy":"product_brand","embeddable":true,"href":"https:\/\/ecosupplements.be\/fr\/wp-json\/wp\/v2\/product_brand?post=283180"},{"taxonomy":"product_cat","embeddable":true,"href":"https:\/\/ecosupplements.be\/fr\/wp-json\/wp\/v2\/product_cat?post=283180"},{"taxonomy":"product_tag","embeddable":true,"href":"https:\/\/ecosupplements.be\/fr\/wp-json\/wp\/v2\/product_tag?post=283180"}],"curies":[{"name":"wp","href":"https:\/\/api.w.org\/{rel}","templated":true}]}}