{"id":283214,"date":"2022-06-28T10:35:56","date_gmt":"2022-06-28T09:35:56","guid":{"rendered":"https:\/\/ecosupplements.be\/product\/vitacholine-bitartrate-de-choline-300mg-60-vcaps\/"},"modified":"2025-08-27T13:11:11","modified_gmt":"2025-08-27T12:11:11","slug":"vitacholine-bitartrate-de-choline-300mg-60-vcaps","status":"publish","type":"product","link":"https:\/\/ecosupplements.be\/fr\/produit\/vitacholine-bitartrate-de-choline-300mg-60-vcaps\/","title":{"rendered":"VitaCholine Bitartrate de choline, 300mg &#8211; 60 vcaps"},"content":{"rendered":"<h1 style=\"text-align: center\">Swanson &#8211; VitaCholine Bitartrate de choline<\/h1>\n<p>Revitalisez votre corps et votre esprit avec la nutrition \u00e9nergisante du bitartrate de choline VitaCholine de Swanson Ultra Maximum Potency Pharmaceutical-Grade. Membre du complexe de vitamines B, la choline est un constituant cl\u00e9 de la phosphatidylcholine, qui est un composant fondamental des membranes cellulaires de chaque cellule du corps humain, mais c&#8217;est dans le cerveau que la choline a ses effets les plus prononc\u00e9s.<br \/>\nDans le cerveau, la choline sert de pr\u00e9curseur \u00e0 l&#8217;ac\u00e9tylcholine, un neurotransmetteur qui joue un r\u00f4le central dans la formation de la m\u00e9moire et de nombreux autres processus cognitifs. Pour faire simple, l&#8217;ac\u00e9tylcholine aide les neurones \u00e0 communiquer efficacement, ce qui a un large \u00e9ventail d&#8217;effets positifs sur la capacit\u00e9 mentale, la m\u00e9moire et les capacit\u00e9s d&#8217;apprentissage. Le maintien de niveaux sains d&#8217;ac\u00e9tylcholine est crucial pour la m\u00e9moire \u00e0 long et \u00e0 court terme, la concentration mentale et le bien-\u00eatre \u00e9motionnel. C&#8217;est pourquoi le bitartrate de choline s&#8217;est impos\u00e9 comme un &#8220;suppl\u00e9ment intelligent&#8221; de premier plan pour aider \u00e0 optimiser la fonction cognitive.<br \/>\nSi la choline est surtout connue pour ses bienfaits sur la sant\u00e9 du cerveau, elle joue de nombreux autres r\u00f4les importants dans l&#8217;organisme. Elle est essentielle au bon fonctionnement du foie, en aidant au transport et au m\u00e9tabolisme des triglyc\u00e9rides. La choline aide \u00e9galement \u00e0 neutraliser l&#8217;homocyst\u00e9ine et \u00e0 optimiser l&#8217;activit\u00e9 de l&#8217;oxyde nitrique, ce qui en fait un nutriment pr\u00e9cieux pour l&#8217;entretien cardiovasculaire \u00e9galement. Nos g\u00e9lules v\u00e9g\u00e9tales contiennent 300 mg de bitartrate de choline VitaCholine de qualit\u00e9 pharmaceutique, pour une qualit\u00e9 sur laquelle vous pouvez compter \u00e0 chaque fois.<\/p>\n","protected":false},"excerpt":{"rendered":"<p>Swanson &#8211; VitaCholine Bitartrate de choline Revitalisez votre corps et votre esprit avec la nutrition \u00e9nergisante du bitartrate de choline VitaCholine de Swanson Ultra Maximum Potency Pharmaceutical-Grade. Membre du complexe de vitamines B, la choline est un constituant cl\u00e9 de la phosphatidylcholine, qui est un composant fondamental des membranes cellulaires de chaque cellule du corps [&#8230;]\n","protected":false},"featured_media":258664,"comment_status":"open","ping_status":"open","template":"","meta":[],"product_brand":[4761],"product_cat":[5096,5052,5053],"product_tag":[5069],"class_list":{"0":"post-283214","1":"product","2":"type-product","3":"status-publish","4":"has-post-thumbnail","6":"product_brand-swanson-2","7":"product_cat-concentration-mentale-et-memoire","8":"product_cat-sante-et-bien-etre","9":"product_cat-vitamines-et-mineraux","10":"product_tag-topeco-2","12":"first","13":"instock","14":"taxable","15":"shipping-taxable","16":"purchasable","17":"product-type-simple"},"yoast_head":"<!-- This site is optimized with the Yoast SEO Premium plugin v27.3 (Yoast SEO v27.3) - https:\/\/yoast.com\/product\/yoast-seo-premium-wordpress\/ -->\n<title>VitaCholine Bitartrate de choline, 300mg - 60 vcaps - ECO Supplements<\/title>\n<meta name=\"description\" content=\"Wij hebben een ruime keuze aan producten van VitaCholine Bitartrate de choline, 300mg - 60 vcaps . Winkel bij Eco Supplements altijd gratis verzending boven 100\u20ac\" \/>\n<meta name=\"robots\" content=\"index, follow, max-snippet:-1, max-image-preview:large, max-video-preview:-1\" \/>\n<link rel=\"canonical\" href=\"https:\/\/ecosupplements.be\/fr\/produit\/vitacholine-bitartrate-de-choline-300mg-60-vcaps\/\" \/>\n<meta property=\"og:locale\" content=\"fr_FR\" \/>\n<meta property=\"og:type\" content=\"article\" \/>\n<meta property=\"og:title\" content=\"VitaCholine Bitartrate de choline, 300mg - 60 vcaps\" \/>\n<meta property=\"og:description\" content=\"Wij hebben een ruime keuze aan producten van VitaCholine Bitartrate de choline, 300mg - 60 vcaps . Winkel bij Eco Supplements altijd gratis verzending boven 100\u20ac\" \/>\n<meta property=\"og:url\" content=\"https:\/\/ecosupplements.be\/fr\/produit\/vitacholine-bitartrate-de-choline-300mg-60-vcaps\/\" \/>\n<meta property=\"og:site_name\" content=\"ECO Supplements\" \/>\n<meta property=\"article:modified_time\" content=\"2025-08-27T12:11:11+00:00\" \/>\n<meta property=\"og:image\" content=\"https:\/\/ecosupplements.be\/wp-content\/uploads\/2025\/08\/Swanson-VitaCholine-Choline-Bitartrate-1.jpg\" \/>\n\t<meta property=\"og:image:width\" content=\"750\" \/>\n\t<meta property=\"og:image:height\" content=\"750\" \/>\n\t<meta property=\"og:image:type\" content=\"image\/jpeg\" \/>\n<meta name=\"twitter:card\" content=\"summary_large_image\" \/>\n<meta name=\"twitter:label1\" content=\"Prix\" \/>\n\t<meta name=\"twitter:data1\" content=\"16.52&nbsp;&euro;\" \/>\n\t<meta name=\"twitter:label2\" content=\"Disponibilit\u00e9\" \/>\n\t<meta name=\"twitter:data2\" content=\"En stock\" \/>\n<script type=\"application\/ld+json\" class=\"yoast-schema-graph\">{\"@context\":\"https:\\\/\\\/schema.org\",\"@graph\":[{\"@type\":[\"WebPage\",\"ItemPage\"],\"@id\":\"https:\\\/\\\/ecosupplements.be\\\/fr\\\/produit\\\/vitacholine-bitartrate-de-choline-300mg-60-vcaps\\\/\",\"url\":\"https:\\\/\\\/ecosupplements.be\\\/fr\\\/produit\\\/vitacholine-bitartrate-de-choline-300mg-60-vcaps\\\/\",\"name\":\"VitaCholine Bitartrate de choline, 300mg - 60 vcaps - ECO Supplements\",\"isPartOf\":{\"@id\":\"https:\\\/\\\/ecosupplements.be\\\/fr\\\/#website\"},\"primaryImageOfPage\":{\"@id\":\"https:\\\/\\\/ecosupplements.be\\\/fr\\\/produit\\\/vitacholine-bitartrate-de-choline-300mg-60-vcaps\\\/#primaryimage\"},\"image\":{\"@id\":\"https:\\\/\\\/ecosupplements.be\\\/fr\\\/produit\\\/vitacholine-bitartrate-de-choline-300mg-60-vcaps\\\/#primaryimage\"},\"thumbnailUrl\":\"https:\\\/\\\/ecosupplements.be\\\/wp-content\\\/uploads\\\/2025\\\/08\\\/Swanson-VitaCholine-Choline-Bitartrate.jpg\",\"datePublished\":\"2022-06-28T09:35:56+00:00\",\"dateModified\":\"2025-08-27T12:11:11+00:00\",\"description\":\"Wij hebben een ruime keuze aan producten van VitaCholine Bitartrate de choline, 300mg - 60 vcaps . Winkel bij Eco Supplements altijd gratis verzending boven 100\u20ac\",\"breadcrumb\":{\"@id\":\"https:\\\/\\\/ecosupplements.be\\\/fr\\\/produit\\\/vitacholine-bitartrate-de-choline-300mg-60-vcaps\\\/#breadcrumb\"},\"inLanguage\":\"fr-FR\",\"potentialAction\":[{\"@type\":\"ReadAction\",\"target\":[\"https:\\\/\\\/ecosupplements.be\\\/fr\\\/produit\\\/vitacholine-bitartrate-de-choline-300mg-60-vcaps\\\/\"]}]},{\"@type\":\"ImageObject\",\"inLanguage\":\"fr-FR\",\"@id\":\"https:\\\/\\\/ecosupplements.be\\\/fr\\\/produit\\\/vitacholine-bitartrate-de-choline-300mg-60-vcaps\\\/#primaryimage\",\"url\":\"https:\\\/\\\/ecosupplements.be\\\/wp-content\\\/uploads\\\/2025\\\/08\\\/Swanson-VitaCholine-Choline-Bitartrate.jpg\",\"contentUrl\":\"https:\\\/\\\/ecosupplements.be\\\/wp-content\\\/uploads\\\/2025\\\/08\\\/Swanson-VitaCholine-Choline-Bitartrate.jpg\",\"width\":750,\"height\":750},{\"@type\":\"BreadcrumbList\",\"@id\":\"https:\\\/\\\/ecosupplements.be\\\/fr\\\/produit\\\/vitacholine-bitartrate-de-choline-300mg-60-vcaps\\\/#breadcrumb\",\"itemListElement\":[{\"@type\":\"ListItem\",\"position\":1,\"name\":\"Home\",\"item\":\"https:\\\/\\\/ecosupplements.be\\\/fr\\\/\"},{\"@type\":\"ListItem\",\"position\":2,\"name\":\"Boutique\",\"item\":\"https:\\\/\\\/ecosupplements.be\\\/fr\\\/boutique\\\/\"},{\"@type\":\"ListItem\",\"position\":3,\"name\":\"VitaCholine Bitartrate de choline, 300mg &#8211; 60 vcaps\"}]},{\"@type\":\"WebSite\",\"@id\":\"https:\\\/\\\/ecosupplements.be\\\/fr\\\/#website\",\"url\":\"https:\\\/\\\/ecosupplements.be\\\/fr\\\/\",\"name\":\"ECO Supplements\",\"description\":\"Eco Supplements - Gezonde supplementen\",\"publisher\":{\"@id\":\"https:\\\/\\\/ecosupplements.be\\\/fr\\\/#organization\"},\"potentialAction\":[{\"@type\":\"SearchAction\",\"target\":{\"@type\":\"EntryPoint\",\"urlTemplate\":\"https:\\\/\\\/ecosupplements.be\\\/fr\\\/?s={search_term_string}\"},\"query-input\":{\"@type\":\"PropertyValueSpecification\",\"valueRequired\":true,\"valueName\":\"search_term_string\"}}],\"inLanguage\":\"fr-FR\"},{\"@type\":\"Organization\",\"@id\":\"https:\\\/\\\/ecosupplements.be\\\/fr\\\/#organization\",\"name\":\"Eco Supplements\",\"url\":\"https:\\\/\\\/ecosupplements.be\\\/fr\\\/\",\"logo\":{\"@type\":\"ImageObject\",\"inLanguage\":\"fr-FR\",\"@id\":\"https:\\\/\\\/ecosupplements.be\\\/fr\\\/#\\\/schema\\\/logo\\\/image\\\/\",\"url\":\"https:\\\/\\\/ecosupplements.be\\\/wp-content\\\/uploads\\\/2022\\\/06\\\/ecosupplement-family.png\",\"contentUrl\":\"https:\\\/\\\/ecosupplements.be\\\/wp-content\\\/uploads\\\/2022\\\/06\\\/ecosupplement-family.png\",\"width\":593,\"height\":374,\"caption\":\"Eco Supplements\"},\"image\":{\"@id\":\"https:\\\/\\\/ecosupplements.be\\\/fr\\\/#\\\/schema\\\/logo\\\/image\\\/\"}}]}<\/script>\n<meta property=\"product:brand\" content=\"Swanson\" \/>\n<meta property=\"product:price:amount\" content=\"16.52\" \/>\n<meta property=\"product:price:currency\" content=\"EUR\" \/>\n<meta property=\"og:availability\" content=\"instock\" \/>\n<meta property=\"product:availability\" content=\"instock\" \/>\n<meta property=\"product:retailer_item_id\" content=\"087614028941\" \/>\n<meta property=\"product:condition\" content=\"new\" \/>\n<!-- \/ Yoast SEO Premium plugin. -->","yoast_head_json":{"title":"VitaCholine Bitartrate de choline, 300mg - 60 vcaps - ECO Supplements","description":"Wij hebben een ruime keuze aan producten van VitaCholine Bitartrate de choline, 300mg - 60 vcaps . Winkel bij Eco Supplements altijd gratis verzending boven 100\u20ac","robots":{"index":"index","follow":"follow","max-snippet":"max-snippet:-1","max-image-preview":"max-image-preview:large","max-video-preview":"max-video-preview:-1"},"canonical":"https:\/\/ecosupplements.be\/fr\/produit\/vitacholine-bitartrate-de-choline-300mg-60-vcaps\/","og_locale":"fr_FR","og_type":"article","og_title":"VitaCholine Bitartrate de choline, 300mg - 60 vcaps","og_description":"Wij hebben een ruime keuze aan producten van VitaCholine Bitartrate de choline, 300mg - 60 vcaps . Winkel bij Eco Supplements altijd gratis verzending boven 100\u20ac","og_url":"https:\/\/ecosupplements.be\/fr\/produit\/vitacholine-bitartrate-de-choline-300mg-60-vcaps\/","og_site_name":"ECO Supplements","article_modified_time":"2025-08-27T12:11:11+00:00","og_image":[{"width":750,"height":750,"url":"https:\/\/ecosupplements.be\/wp-content\/uploads\/2025\/08\/Swanson-VitaCholine-Choline-Bitartrate-1.jpg","type":"image\/jpeg"}],"twitter_card":"summary_large_image","twitter_misc":{"Prix":"16.52&nbsp;&euro;","Disponibilit\u00e9":"En stock"},"schema":{"@context":"https:\/\/schema.org","@graph":[{"@type":["WebPage","ItemPage"],"@id":"https:\/\/ecosupplements.be\/fr\/produit\/vitacholine-bitartrate-de-choline-300mg-60-vcaps\/","url":"https:\/\/ecosupplements.be\/fr\/produit\/vitacholine-bitartrate-de-choline-300mg-60-vcaps\/","name":"VitaCholine Bitartrate de choline, 300mg - 60 vcaps - ECO Supplements","isPartOf":{"@id":"https:\/\/ecosupplements.be\/fr\/#website"},"primaryImageOfPage":{"@id":"https:\/\/ecosupplements.be\/fr\/produit\/vitacholine-bitartrate-de-choline-300mg-60-vcaps\/#primaryimage"},"image":{"@id":"https:\/\/ecosupplements.be\/fr\/produit\/vitacholine-bitartrate-de-choline-300mg-60-vcaps\/#primaryimage"},"thumbnailUrl":"https:\/\/ecosupplements.be\/wp-content\/uploads\/2025\/08\/Swanson-VitaCholine-Choline-Bitartrate.jpg","datePublished":"2022-06-28T09:35:56+00:00","dateModified":"2025-08-27T12:11:11+00:00","description":"Wij hebben een ruime keuze aan producten van VitaCholine Bitartrate de choline, 300mg - 60 vcaps . Winkel bij Eco Supplements altijd gratis verzending boven 100\u20ac","breadcrumb":{"@id":"https:\/\/ecosupplements.be\/fr\/produit\/vitacholine-bitartrate-de-choline-300mg-60-vcaps\/#breadcrumb"},"inLanguage":"fr-FR","potentialAction":[{"@type":"ReadAction","target":["https:\/\/ecosupplements.be\/fr\/produit\/vitacholine-bitartrate-de-choline-300mg-60-vcaps\/"]}]},{"@type":"ImageObject","inLanguage":"fr-FR","@id":"https:\/\/ecosupplements.be\/fr\/produit\/vitacholine-bitartrate-de-choline-300mg-60-vcaps\/#primaryimage","url":"https:\/\/ecosupplements.be\/wp-content\/uploads\/2025\/08\/Swanson-VitaCholine-Choline-Bitartrate.jpg","contentUrl":"https:\/\/ecosupplements.be\/wp-content\/uploads\/2025\/08\/Swanson-VitaCholine-Choline-Bitartrate.jpg","width":750,"height":750},{"@type":"BreadcrumbList","@id":"https:\/\/ecosupplements.be\/fr\/produit\/vitacholine-bitartrate-de-choline-300mg-60-vcaps\/#breadcrumb","itemListElement":[{"@type":"ListItem","position":1,"name":"Home","item":"https:\/\/ecosupplements.be\/fr\/"},{"@type":"ListItem","position":2,"name":"Boutique","item":"https:\/\/ecosupplements.be\/fr\/boutique\/"},{"@type":"ListItem","position":3,"name":"VitaCholine Bitartrate de choline, 300mg &#8211; 60 vcaps"}]},{"@type":"WebSite","@id":"https:\/\/ecosupplements.be\/fr\/#website","url":"https:\/\/ecosupplements.be\/fr\/","name":"ECO Supplements","description":"Eco Supplements - Gezonde supplementen","publisher":{"@id":"https:\/\/ecosupplements.be\/fr\/#organization"},"potentialAction":[{"@type":"SearchAction","target":{"@type":"EntryPoint","urlTemplate":"https:\/\/ecosupplements.be\/fr\/?s={search_term_string}"},"query-input":{"@type":"PropertyValueSpecification","valueRequired":true,"valueName":"search_term_string"}}],"inLanguage":"fr-FR"},{"@type":"Organization","@id":"https:\/\/ecosupplements.be\/fr\/#organization","name":"Eco Supplements","url":"https:\/\/ecosupplements.be\/fr\/","logo":{"@type":"ImageObject","inLanguage":"fr-FR","@id":"https:\/\/ecosupplements.be\/fr\/#\/schema\/logo\/image\/","url":"https:\/\/ecosupplements.be\/wp-content\/uploads\/2022\/06\/ecosupplement-family.png","contentUrl":"https:\/\/ecosupplements.be\/wp-content\/uploads\/2022\/06\/ecosupplement-family.png","width":593,"height":374,"caption":"Eco Supplements"},"image":{"@id":"https:\/\/ecosupplements.be\/fr\/#\/schema\/logo\/image\/"}}]},"product_brand":"Swanson","product_price_amount":"16.52","product_price_currency":"EUR","og_availability":"instock","product_availability":"instock","product_retailer_item_id":"087614028941","product_condition":"new"},"_links":{"self":[{"href":"https:\/\/ecosupplements.be\/fr\/wp-json\/wp\/v2\/product\/283214","targetHints":{"allow":["GET"]}}],"collection":[{"href":"https:\/\/ecosupplements.be\/fr\/wp-json\/wp\/v2\/product"}],"about":[{"href":"https:\/\/ecosupplements.be\/fr\/wp-json\/wp\/v2\/types\/product"}],"replies":[{"embeddable":true,"href":"https:\/\/ecosupplements.be\/fr\/wp-json\/wp\/v2\/comments?post=283214"}],"wp:featuredmedia":[{"embeddable":true,"href":"https:\/\/ecosupplements.be\/fr\/wp-json\/wp\/v2\/media\/258664"}],"wp:attachment":[{"href":"https:\/\/ecosupplements.be\/fr\/wp-json\/wp\/v2\/media?parent=283214"}],"wp:term":[{"taxonomy":"product_brand","embeddable":true,"href":"https:\/\/ecosupplements.be\/fr\/wp-json\/wp\/v2\/product_brand?post=283214"},{"taxonomy":"product_cat","embeddable":true,"href":"https:\/\/ecosupplements.be\/fr\/wp-json\/wp\/v2\/product_cat?post=283214"},{"taxonomy":"product_tag","embeddable":true,"href":"https:\/\/ecosupplements.be\/fr\/wp-json\/wp\/v2\/product_tag?post=283214"}],"curies":[{"name":"wp","href":"https:\/\/api.w.org\/{rel}","templated":true}]}}