{"id":283256,"date":"2022-06-28T10:35:56","date_gmt":"2022-06-28T09:35:56","guid":{"rendered":"https:\/\/ecosupplements.be\/product\/vitamine-b-12-avec-acide-folique-1000mcg-sublingual-60-comprimes-sublinguaux\/"},"modified":"2025-08-27T13:11:47","modified_gmt":"2025-08-27T12:11:47","slug":"vitamine-b-12-avec-acide-folique-1000mcg-sublingual-60-comprimes-sublinguaux","status":"publish","type":"product","link":"https:\/\/ecosupplements.be\/fr\/produit\/vitamine-b-12-avec-acide-folique-1000mcg-sublingual-60-comprimes-sublinguaux\/","title":{"rendered":"Vitamine B-12 avec acide folique, 1000mcg sublingual &#8211; 60 comprim\u00e9s sublinguaux"},"content":{"rendered":"<h1 style=\"text-align: center;\">Swanson &#8211; Vitamine B-12 avec acide folique<\/h1>\n<p>Les nouveaux Supplemelts de Swanson Health Products rendent les comprim\u00e9s sublinguaux meilleurs que jamais ! Notre formule unique de Supplemelts de vitamine B-12 avec acide folique, sans sucre, se dissout rapidement avec une sensation en bouche douce et une subtile saveur de fraise enti\u00e8rement naturelle. Chaque comprim\u00e9 d\u00e9livre 1 000 mcg de B-12 \u00e9nergisant sous forme de cyanocobalamine plus 400 mcg d&#8217;acide folique pour une nutrition \u00e9quilibr\u00e9e. Sans sucre, \u00e9dulcor\u00e9 avec du rebaudioside A (Reb A) de Stevia.<\/p>\n<div class=\"facts-container\">\n<\/div>\n","protected":false},"excerpt":{"rendered":"<p>Swanson &#8211; Vitamine B-12 avec acide folique Les nouveaux Supplemelts de Swanson Health Products rendent les comprim\u00e9s sublinguaux meilleurs que jamais ! Notre formule unique de Supplemelts de vitamine B-12 avec acide folique, sans sucre, se dissout rapidement avec une sensation en bouche douce et une subtile saveur de fraise enti\u00e8rement naturelle. Chaque comprim\u00e9 d\u00e9livre [&#8230;]\n","protected":false},"featured_media":283257,"comment_status":"open","ping_status":"open","template":"","meta":[],"product_brand":[4761],"product_cat":[5117,5052,5073,5053,5059],"product_tag":[],"class_list":{"0":"post-283256","1":"product","2":"type-product","3":"status-publish","4":"has-post-thumbnail","6":"product_brand-swanson-2","7":"product_cat-folate","8":"product_cat-sante-et-bien-etre","9":"product_cat-vitamine-b-vitamines-simples","10":"product_cat-vitamines-et-mineraux","11":"product_cat-vitamines-simples","13":"first","14":"instock","15":"taxable","16":"shipping-taxable","17":"purchasable","18":"product-type-simple"},"yoast_head":"<!-- This site is optimized with the Yoast SEO Premium plugin v27.3 (Yoast SEO v27.3) - https:\/\/yoast.com\/product\/yoast-seo-premium-wordpress\/ -->\n<title>Vitamine B-12 avec acide folique, 1000mcg sublingual - 60 comprim\u00e9s sublinguaux - ECO Supplements<\/title>\n<meta name=\"description\" content=\"Wij hebben een ruime keuze aan producten van Vitamine B-12 avec acide folique, 1000mcg sublingual - 60 comprim\u00e9s sublinguaux . Winkel bij Eco Supplements altijd gratis verzending boven 100\u20ac\" \/>\n<meta name=\"robots\" content=\"index, follow, max-snippet:-1, max-image-preview:large, max-video-preview:-1\" \/>\n<link rel=\"canonical\" href=\"https:\/\/ecosupplements.be\/fr\/produit\/vitamine-b-12-avec-acide-folique-1000mcg-sublingual-60-comprimes-sublinguaux\/\" \/>\n<meta property=\"og:locale\" content=\"fr_FR\" \/>\n<meta property=\"og:type\" content=\"article\" \/>\n<meta property=\"og:title\" content=\"Vitamine B-12 avec acide folique, 1000mcg sublingual - 60 comprim\u00e9s sublinguaux\" \/>\n<meta property=\"og:description\" content=\"Wij hebben een ruime keuze aan producten van Vitamine B-12 avec acide folique, 1000mcg sublingual - 60 comprim\u00e9s sublinguaux . Winkel bij Eco Supplements altijd gratis verzending boven 100\u20ac\" \/>\n<meta property=\"og:url\" content=\"https:\/\/ecosupplements.be\/fr\/produit\/vitamine-b-12-avec-acide-folique-1000mcg-sublingual-60-comprimes-sublinguaux\/\" \/>\n<meta property=\"og:site_name\" content=\"ECO Supplements\" \/>\n<meta property=\"article:modified_time\" content=\"2025-08-27T12:11:47+00:00\" \/>\n<meta property=\"og:image\" content=\"https:\/\/ecosupplements.be\/wp-content\/uploads\/2025\/08\/Swanson-Vitamin-B-12-with-Folic-Acid-1000mcg-Sublingual-60-sublingual-tabs-1.jpg\" \/>\n\t<meta property=\"og:image:width\" content=\"750\" \/>\n\t<meta property=\"og:image:height\" content=\"750\" \/>\n\t<meta property=\"og:image:type\" content=\"image\/jpeg\" \/>\n<meta name=\"twitter:card\" content=\"summary_large_image\" \/>\n<meta name=\"twitter:label1\" content=\"Prix\" \/>\n\t<meta name=\"twitter:data1\" content=\"7.28&nbsp;&euro;\" \/>\n\t<meta name=\"twitter:label2\" content=\"Disponibilit\u00e9\" \/>\n\t<meta name=\"twitter:data2\" content=\"En stock\" \/>\n<script type=\"application\/ld+json\" class=\"yoast-schema-graph\">{\"@context\":\"https:\\\/\\\/schema.org\",\"@graph\":[{\"@type\":[\"WebPage\",\"ItemPage\"],\"@id\":\"https:\\\/\\\/ecosupplements.be\\\/fr\\\/produit\\\/vitamine-b-12-avec-acide-folique-1000mcg-sublingual-60-comprimes-sublinguaux\\\/\",\"url\":\"https:\\\/\\\/ecosupplements.be\\\/fr\\\/produit\\\/vitamine-b-12-avec-acide-folique-1000mcg-sublingual-60-comprimes-sublinguaux\\\/\",\"name\":\"Vitamine B-12 avec acide folique, 1000mcg sublingual - 60 comprim\u00e9s sublinguaux - ECO Supplements\",\"isPartOf\":{\"@id\":\"https:\\\/\\\/ecosupplements.be\\\/fr\\\/#website\"},\"primaryImageOfPage\":{\"@id\":\"https:\\\/\\\/ecosupplements.be\\\/fr\\\/produit\\\/vitamine-b-12-avec-acide-folique-1000mcg-sublingual-60-comprimes-sublinguaux\\\/#primaryimage\"},\"image\":{\"@id\":\"https:\\\/\\\/ecosupplements.be\\\/fr\\\/produit\\\/vitamine-b-12-avec-acide-folique-1000mcg-sublingual-60-comprimes-sublinguaux\\\/#primaryimage\"},\"thumbnailUrl\":\"https:\\\/\\\/ecosupplements.be\\\/wp-content\\\/uploads\\\/2025\\\/08\\\/Swanson-Vitamin-B-12-with-Folic-Acid-1000mcg-Sublingual-60-sublingual-tabs-1.jpg\",\"datePublished\":\"2022-06-28T09:35:56+00:00\",\"dateModified\":\"2025-08-27T12:11:47+00:00\",\"description\":\"Wij hebben een ruime keuze aan producten van Vitamine B-12 avec acide folique, 1000mcg sublingual - 60 comprim\u00e9s sublinguaux . Winkel bij Eco Supplements altijd gratis verzending boven 100\u20ac\",\"breadcrumb\":{\"@id\":\"https:\\\/\\\/ecosupplements.be\\\/fr\\\/produit\\\/vitamine-b-12-avec-acide-folique-1000mcg-sublingual-60-comprimes-sublinguaux\\\/#breadcrumb\"},\"inLanguage\":\"fr-FR\",\"potentialAction\":[{\"@type\":\"ReadAction\",\"target\":[\"https:\\\/\\\/ecosupplements.be\\\/fr\\\/produit\\\/vitamine-b-12-avec-acide-folique-1000mcg-sublingual-60-comprimes-sublinguaux\\\/\"]}]},{\"@type\":\"ImageObject\",\"inLanguage\":\"fr-FR\",\"@id\":\"https:\\\/\\\/ecosupplements.be\\\/fr\\\/produit\\\/vitamine-b-12-avec-acide-folique-1000mcg-sublingual-60-comprimes-sublinguaux\\\/#primaryimage\",\"url\":\"https:\\\/\\\/ecosupplements.be\\\/wp-content\\\/uploads\\\/2025\\\/08\\\/Swanson-Vitamin-B-12-with-Folic-Acid-1000mcg-Sublingual-60-sublingual-tabs-1.jpg\",\"contentUrl\":\"https:\\\/\\\/ecosupplements.be\\\/wp-content\\\/uploads\\\/2025\\\/08\\\/Swanson-Vitamin-B-12-with-Folic-Acid-1000mcg-Sublingual-60-sublingual-tabs-1.jpg\",\"width\":750,\"height\":750},{\"@type\":\"BreadcrumbList\",\"@id\":\"https:\\\/\\\/ecosupplements.be\\\/fr\\\/produit\\\/vitamine-b-12-avec-acide-folique-1000mcg-sublingual-60-comprimes-sublinguaux\\\/#breadcrumb\",\"itemListElement\":[{\"@type\":\"ListItem\",\"position\":1,\"name\":\"Home\",\"item\":\"https:\\\/\\\/ecosupplements.be\\\/fr\\\/\"},{\"@type\":\"ListItem\",\"position\":2,\"name\":\"Boutique\",\"item\":\"https:\\\/\\\/ecosupplements.be\\\/fr\\\/boutique\\\/\"},{\"@type\":\"ListItem\",\"position\":3,\"name\":\"Vitamine B-12 avec acide folique, 1000mcg sublingual &#8211; 60 comprim\u00e9s sublinguaux\"}]},{\"@type\":\"WebSite\",\"@id\":\"https:\\\/\\\/ecosupplements.be\\\/fr\\\/#website\",\"url\":\"https:\\\/\\\/ecosupplements.be\\\/fr\\\/\",\"name\":\"ECO Supplements\",\"description\":\"Eco Supplements - Gezonde supplementen\",\"publisher\":{\"@id\":\"https:\\\/\\\/ecosupplements.be\\\/fr\\\/#organization\"},\"potentialAction\":[{\"@type\":\"SearchAction\",\"target\":{\"@type\":\"EntryPoint\",\"urlTemplate\":\"https:\\\/\\\/ecosupplements.be\\\/fr\\\/?s={search_term_string}\"},\"query-input\":{\"@type\":\"PropertyValueSpecification\",\"valueRequired\":true,\"valueName\":\"search_term_string\"}}],\"inLanguage\":\"fr-FR\"},{\"@type\":\"Organization\",\"@id\":\"https:\\\/\\\/ecosupplements.be\\\/fr\\\/#organization\",\"name\":\"Eco Supplements\",\"url\":\"https:\\\/\\\/ecosupplements.be\\\/fr\\\/\",\"logo\":{\"@type\":\"ImageObject\",\"inLanguage\":\"fr-FR\",\"@id\":\"https:\\\/\\\/ecosupplements.be\\\/fr\\\/#\\\/schema\\\/logo\\\/image\\\/\",\"url\":\"https:\\\/\\\/ecosupplements.be\\\/wp-content\\\/uploads\\\/2022\\\/06\\\/ecosupplement-family.png\",\"contentUrl\":\"https:\\\/\\\/ecosupplements.be\\\/wp-content\\\/uploads\\\/2022\\\/06\\\/ecosupplement-family.png\",\"width\":593,\"height\":374,\"caption\":\"Eco Supplements\"},\"image\":{\"@id\":\"https:\\\/\\\/ecosupplements.be\\\/fr\\\/#\\\/schema\\\/logo\\\/image\\\/\"}}]}<\/script>\n<meta property=\"product:brand\" content=\"Swanson\" \/>\n<meta property=\"product:price:amount\" content=\"7.28\" \/>\n<meta property=\"product:price:currency\" content=\"EUR\" \/>\n<meta property=\"og:availability\" content=\"instock\" \/>\n<meta property=\"product:availability\" content=\"instock\" \/>\n<meta property=\"product:retailer_item_id\" content=\"087614027906\" \/>\n<meta property=\"product:condition\" content=\"new\" \/>\n<!-- \/ Yoast SEO Premium plugin. -->","yoast_head_json":{"title":"Vitamine B-12 avec acide folique, 1000mcg sublingual - 60 comprim\u00e9s sublinguaux - ECO Supplements","description":"Wij hebben een ruime keuze aan producten van Vitamine B-12 avec acide folique, 1000mcg sublingual - 60 comprim\u00e9s sublinguaux . Winkel bij Eco Supplements altijd gratis verzending boven 100\u20ac","robots":{"index":"index","follow":"follow","max-snippet":"max-snippet:-1","max-image-preview":"max-image-preview:large","max-video-preview":"max-video-preview:-1"},"canonical":"https:\/\/ecosupplements.be\/fr\/produit\/vitamine-b-12-avec-acide-folique-1000mcg-sublingual-60-comprimes-sublinguaux\/","og_locale":"fr_FR","og_type":"article","og_title":"Vitamine B-12 avec acide folique, 1000mcg sublingual - 60 comprim\u00e9s sublinguaux","og_description":"Wij hebben een ruime keuze aan producten van Vitamine B-12 avec acide folique, 1000mcg sublingual - 60 comprim\u00e9s sublinguaux . Winkel bij Eco Supplements altijd gratis verzending boven 100\u20ac","og_url":"https:\/\/ecosupplements.be\/fr\/produit\/vitamine-b-12-avec-acide-folique-1000mcg-sublingual-60-comprimes-sublinguaux\/","og_site_name":"ECO Supplements","article_modified_time":"2025-08-27T12:11:47+00:00","og_image":[{"width":750,"height":750,"url":"https:\/\/ecosupplements.be\/wp-content\/uploads\/2025\/08\/Swanson-Vitamin-B-12-with-Folic-Acid-1000mcg-Sublingual-60-sublingual-tabs-1.jpg","type":"image\/jpeg"}],"twitter_card":"summary_large_image","twitter_misc":{"Prix":"7.28&nbsp;&euro;","Disponibilit\u00e9":"En stock"},"schema":{"@context":"https:\/\/schema.org","@graph":[{"@type":["WebPage","ItemPage"],"@id":"https:\/\/ecosupplements.be\/fr\/produit\/vitamine-b-12-avec-acide-folique-1000mcg-sublingual-60-comprimes-sublinguaux\/","url":"https:\/\/ecosupplements.be\/fr\/produit\/vitamine-b-12-avec-acide-folique-1000mcg-sublingual-60-comprimes-sublinguaux\/","name":"Vitamine B-12 avec acide folique, 1000mcg sublingual - 60 comprim\u00e9s sublinguaux - ECO Supplements","isPartOf":{"@id":"https:\/\/ecosupplements.be\/fr\/#website"},"primaryImageOfPage":{"@id":"https:\/\/ecosupplements.be\/fr\/produit\/vitamine-b-12-avec-acide-folique-1000mcg-sublingual-60-comprimes-sublinguaux\/#primaryimage"},"image":{"@id":"https:\/\/ecosupplements.be\/fr\/produit\/vitamine-b-12-avec-acide-folique-1000mcg-sublingual-60-comprimes-sublinguaux\/#primaryimage"},"thumbnailUrl":"https:\/\/ecosupplements.be\/wp-content\/uploads\/2025\/08\/Swanson-Vitamin-B-12-with-Folic-Acid-1000mcg-Sublingual-60-sublingual-tabs-1.jpg","datePublished":"2022-06-28T09:35:56+00:00","dateModified":"2025-08-27T12:11:47+00:00","description":"Wij hebben een ruime keuze aan producten van Vitamine B-12 avec acide folique, 1000mcg sublingual - 60 comprim\u00e9s sublinguaux . Winkel bij Eco Supplements altijd gratis verzending boven 100\u20ac","breadcrumb":{"@id":"https:\/\/ecosupplements.be\/fr\/produit\/vitamine-b-12-avec-acide-folique-1000mcg-sublingual-60-comprimes-sublinguaux\/#breadcrumb"},"inLanguage":"fr-FR","potentialAction":[{"@type":"ReadAction","target":["https:\/\/ecosupplements.be\/fr\/produit\/vitamine-b-12-avec-acide-folique-1000mcg-sublingual-60-comprimes-sublinguaux\/"]}]},{"@type":"ImageObject","inLanguage":"fr-FR","@id":"https:\/\/ecosupplements.be\/fr\/produit\/vitamine-b-12-avec-acide-folique-1000mcg-sublingual-60-comprimes-sublinguaux\/#primaryimage","url":"https:\/\/ecosupplements.be\/wp-content\/uploads\/2025\/08\/Swanson-Vitamin-B-12-with-Folic-Acid-1000mcg-Sublingual-60-sublingual-tabs-1.jpg","contentUrl":"https:\/\/ecosupplements.be\/wp-content\/uploads\/2025\/08\/Swanson-Vitamin-B-12-with-Folic-Acid-1000mcg-Sublingual-60-sublingual-tabs-1.jpg","width":750,"height":750},{"@type":"BreadcrumbList","@id":"https:\/\/ecosupplements.be\/fr\/produit\/vitamine-b-12-avec-acide-folique-1000mcg-sublingual-60-comprimes-sublinguaux\/#breadcrumb","itemListElement":[{"@type":"ListItem","position":1,"name":"Home","item":"https:\/\/ecosupplements.be\/fr\/"},{"@type":"ListItem","position":2,"name":"Boutique","item":"https:\/\/ecosupplements.be\/fr\/boutique\/"},{"@type":"ListItem","position":3,"name":"Vitamine B-12 avec acide folique, 1000mcg sublingual &#8211; 60 comprim\u00e9s sublinguaux"}]},{"@type":"WebSite","@id":"https:\/\/ecosupplements.be\/fr\/#website","url":"https:\/\/ecosupplements.be\/fr\/","name":"ECO Supplements","description":"Eco Supplements - Gezonde supplementen","publisher":{"@id":"https:\/\/ecosupplements.be\/fr\/#organization"},"potentialAction":[{"@type":"SearchAction","target":{"@type":"EntryPoint","urlTemplate":"https:\/\/ecosupplements.be\/fr\/?s={search_term_string}"},"query-input":{"@type":"PropertyValueSpecification","valueRequired":true,"valueName":"search_term_string"}}],"inLanguage":"fr-FR"},{"@type":"Organization","@id":"https:\/\/ecosupplements.be\/fr\/#organization","name":"Eco Supplements","url":"https:\/\/ecosupplements.be\/fr\/","logo":{"@type":"ImageObject","inLanguage":"fr-FR","@id":"https:\/\/ecosupplements.be\/fr\/#\/schema\/logo\/image\/","url":"https:\/\/ecosupplements.be\/wp-content\/uploads\/2022\/06\/ecosupplement-family.png","contentUrl":"https:\/\/ecosupplements.be\/wp-content\/uploads\/2022\/06\/ecosupplement-family.png","width":593,"height":374,"caption":"Eco Supplements"},"image":{"@id":"https:\/\/ecosupplements.be\/fr\/#\/schema\/logo\/image\/"}}]},"product_brand":"Swanson","product_price_amount":"7.28","product_price_currency":"EUR","og_availability":"instock","product_availability":"instock","product_retailer_item_id":"087614027906","product_condition":"new"},"_links":{"self":[{"href":"https:\/\/ecosupplements.be\/fr\/wp-json\/wp\/v2\/product\/283256","targetHints":{"allow":["GET"]}}],"collection":[{"href":"https:\/\/ecosupplements.be\/fr\/wp-json\/wp\/v2\/product"}],"about":[{"href":"https:\/\/ecosupplements.be\/fr\/wp-json\/wp\/v2\/types\/product"}],"replies":[{"embeddable":true,"href":"https:\/\/ecosupplements.be\/fr\/wp-json\/wp\/v2\/comments?post=283256"}],"wp:featuredmedia":[{"embeddable":true,"href":"https:\/\/ecosupplements.be\/fr\/wp-json\/wp\/v2\/media\/283257"}],"wp:attachment":[{"href":"https:\/\/ecosupplements.be\/fr\/wp-json\/wp\/v2\/media?parent=283256"}],"wp:term":[{"taxonomy":"product_brand","embeddable":true,"href":"https:\/\/ecosupplements.be\/fr\/wp-json\/wp\/v2\/product_brand?post=283256"},{"taxonomy":"product_cat","embeddable":true,"href":"https:\/\/ecosupplements.be\/fr\/wp-json\/wp\/v2\/product_cat?post=283256"},{"taxonomy":"product_tag","embeddable":true,"href":"https:\/\/ecosupplements.be\/fr\/wp-json\/wp\/v2\/product_tag?post=283256"}],"curies":[{"name":"wp","href":"https:\/\/api.w.org\/{rel}","templated":true}]}}