{"id":283387,"date":"2022-06-28T10:36:05","date_gmt":"2022-06-28T09:36:05","guid":{"rendered":"https:\/\/ecosupplements.be\/product\/vitamine-k-2-naturelle-50mcg-30-softgels\/"},"modified":"2025-08-27T13:13:49","modified_gmt":"2025-08-27T12:13:49","slug":"vitamine-k-2-naturelle-50mcg-30-softgels","status":"publish","type":"product","link":"https:\/\/ecosupplements.be\/fr\/produit\/vitamine-k-2-naturelle-50mcg-30-softgels\/","title":{"rendered":"Vitamine K-2 &#8211; Naturelle, 50mcg &#8211; 30 softgels"},"content":{"rendered":"<h1 style=\"text-align: center\">Swanson &#8211; Vitamine K-2<\/h1>\n<p>Nous avons tous besoin d&#8217;un bon apport en vitamine K pour rester en bonne sant\u00e9, mais il est important de se rappeler que toutes les vitamines K ne sont pas identiques. En fait, la vitamine K est un groupe de plusieurs compos\u00e9s apparent\u00e9s, class\u00e9s en deux types principaux, K1 et K2. La vitamine K1 est souvent appel\u00e9e la &#8220;forme v\u00e9g\u00e9tale&#8221; de la vitamine, car on la trouve principalement dans les l\u00e9gumes \u00e0 feuilles vertes. La vitamine K2 (m\u00e9naquinone) est la principale forme de stockage de la vitamine chez les animaux, et la forme la plus biologiquement active dans la physiologie humaine. Si la vitamine K est surtout connue pour son implication dans la coagulation du sang, la K2 contribue \u00e9galement \u00e0 activer les prot\u00e9ines qui r\u00e9gulent l&#8217;emplacement du calcium dans l&#8217;organisme.<br \/>\nParmi les treize diff\u00e9rents sous-types de vitamine K2 qui ont \u00e9t\u00e9 identifi\u00e9s, la m\u00e9naquinone-7 s&#8217;est r\u00e9v\u00e9l\u00e9e tr\u00e8s prometteuse pour favoriser la solidit\u00e9 des os et la sant\u00e9 cardiovasculaire, gr\u00e2ce \u00e0 son r\u00f4le dans la r\u00e9gulation du transport du calcium. La m\u00e9naquinone-7 se trouve dans de nombreux aliments, notamment les fromages vieillis, le foie et les \u0153ufs, mais la source la plus riche est de loin le natto, un aliment traditionnel japonais fabriqu\u00e9 \u00e0 partir de graines de soja ferment\u00e9es. Swanson Ultra Maximum Strength Vitamin K2 est notre suppl\u00e9ment de K2 le plus puissant jamais produit, d\u00e9riv\u00e9 du natto fabriqu\u00e9 exclusivement \u00e0 partir de graines de soja non OGM.<\/p>\n","protected":false},"excerpt":{"rendered":"<p>Swanson &#8211; Vitamine K-2 Nous avons tous besoin d&#8217;un bon apport en vitamine K pour rester en bonne sant\u00e9, mais il est important de se rappeler que toutes les vitamines K ne sont pas identiques. En fait, la vitamine K est un groupe de plusieurs compos\u00e9s apparent\u00e9s, class\u00e9s en deux types principaux, K1 et K2. [&#8230;]\n","protected":false},"featured_media":258831,"comment_status":"open","ping_status":"open","template":"","meta":[],"product_brand":[4761],"product_cat":[5052,5139,5053,5059],"product_tag":[],"class_list":{"0":"post-283387","1":"product","2":"type-product","3":"status-publish","4":"has-post-thumbnail","6":"product_brand-swanson-2","7":"product_cat-sante-et-bien-etre","8":"product_cat-vitamine-k-vitamines-simples","9":"product_cat-vitamines-et-mineraux","10":"product_cat-vitamines-simples","12":"first","13":"instock","14":"taxable","15":"shipping-taxable","16":"purchasable","17":"product-type-simple"},"yoast_head":"<!-- This site is optimized with the Yoast SEO Premium plugin v27.3 (Yoast SEO v27.3) - https:\/\/yoast.com\/product\/yoast-seo-premium-wordpress\/ -->\n<title>Vitamine K-2 - Naturelle, 50mcg - 30 softgels - ECO Supplements<\/title>\n<meta name=\"description\" content=\"Wij hebben een ruime keuze aan producten van Vitamine K-2 - Naturelle, 50mcg - 30 softgels . Winkel bij Eco Supplements altijd gratis verzending boven 100\u20ac\" \/>\n<meta name=\"robots\" content=\"index, follow, max-snippet:-1, max-image-preview:large, max-video-preview:-1\" \/>\n<link rel=\"canonical\" href=\"https:\/\/ecosupplements.be\/fr\/produit\/vitamine-k-2-naturelle-50mcg-30-softgels\/\" \/>\n<meta property=\"og:locale\" content=\"fr_FR\" \/>\n<meta property=\"og:type\" content=\"article\" \/>\n<meta property=\"og:title\" content=\"Vitamine K-2 - Naturelle, 50mcg - 30 softgels\" \/>\n<meta property=\"og:description\" content=\"Wij hebben een ruime keuze aan producten van Vitamine K-2 - Naturelle, 50mcg - 30 softgels . Winkel bij Eco Supplements altijd gratis verzending boven 100\u20ac\" \/>\n<meta property=\"og:url\" content=\"https:\/\/ecosupplements.be\/fr\/produit\/vitamine-k-2-naturelle-50mcg-30-softgels\/\" \/>\n<meta property=\"og:site_name\" content=\"ECO Supplements\" \/>\n<meta property=\"article:modified_time\" content=\"2025-08-27T12:13:49+00:00\" \/>\n<meta property=\"og:image\" content=\"https:\/\/ecosupplements.be\/wp-content\/uploads\/2025\/08\/Swanson-Vitamin-K-2-Natural-50mcg-30-softgels-1.jpg\" \/>\n\t<meta property=\"og:image:width\" content=\"750\" \/>\n\t<meta property=\"og:image:height\" content=\"750\" \/>\n\t<meta property=\"og:image:type\" content=\"image\/jpeg\" \/>\n<meta name=\"twitter:card\" content=\"summary_large_image\" \/>\n<meta name=\"twitter:label1\" content=\"Prix\" \/>\n\t<meta name=\"twitter:data1\" content=\"4.07&nbsp;&euro;\" \/>\n\t<meta name=\"twitter:label2\" content=\"Disponibilit\u00e9\" \/>\n\t<meta name=\"twitter:data2\" content=\"En stock\" \/>\n<script type=\"application\/ld+json\" class=\"yoast-schema-graph\">{\"@context\":\"https:\\\/\\\/schema.org\",\"@graph\":[{\"@type\":[\"WebPage\",\"ItemPage\"],\"@id\":\"https:\\\/\\\/ecosupplements.be\\\/fr\\\/produit\\\/vitamine-k-2-naturelle-50mcg-30-softgels\\\/\",\"url\":\"https:\\\/\\\/ecosupplements.be\\\/fr\\\/produit\\\/vitamine-k-2-naturelle-50mcg-30-softgels\\\/\",\"name\":\"Vitamine K-2 - Naturelle, 50mcg - 30 softgels - ECO Supplements\",\"isPartOf\":{\"@id\":\"https:\\\/\\\/ecosupplements.be\\\/fr\\\/#website\"},\"primaryImageOfPage\":{\"@id\":\"https:\\\/\\\/ecosupplements.be\\\/fr\\\/produit\\\/vitamine-k-2-naturelle-50mcg-30-softgels\\\/#primaryimage\"},\"image\":{\"@id\":\"https:\\\/\\\/ecosupplements.be\\\/fr\\\/produit\\\/vitamine-k-2-naturelle-50mcg-30-softgels\\\/#primaryimage\"},\"thumbnailUrl\":\"https:\\\/\\\/ecosupplements.be\\\/wp-content\\\/uploads\\\/2025\\\/08\\\/Swanson-Vitamin-K-2-Natural-50mcg-30-softgels.jpg\",\"datePublished\":\"2022-06-28T09:36:05+00:00\",\"dateModified\":\"2025-08-27T12:13:49+00:00\",\"description\":\"Wij hebben een ruime keuze aan producten van Vitamine K-2 - Naturelle, 50mcg - 30 softgels . Winkel bij Eco Supplements altijd gratis verzending boven 100\u20ac\",\"breadcrumb\":{\"@id\":\"https:\\\/\\\/ecosupplements.be\\\/fr\\\/produit\\\/vitamine-k-2-naturelle-50mcg-30-softgels\\\/#breadcrumb\"},\"inLanguage\":\"fr-FR\",\"potentialAction\":[{\"@type\":\"ReadAction\",\"target\":[\"https:\\\/\\\/ecosupplements.be\\\/fr\\\/produit\\\/vitamine-k-2-naturelle-50mcg-30-softgels\\\/\"]}]},{\"@type\":\"ImageObject\",\"inLanguage\":\"fr-FR\",\"@id\":\"https:\\\/\\\/ecosupplements.be\\\/fr\\\/produit\\\/vitamine-k-2-naturelle-50mcg-30-softgels\\\/#primaryimage\",\"url\":\"https:\\\/\\\/ecosupplements.be\\\/wp-content\\\/uploads\\\/2025\\\/08\\\/Swanson-Vitamin-K-2-Natural-50mcg-30-softgels.jpg\",\"contentUrl\":\"https:\\\/\\\/ecosupplements.be\\\/wp-content\\\/uploads\\\/2025\\\/08\\\/Swanson-Vitamin-K-2-Natural-50mcg-30-softgels.jpg\",\"width\":750,\"height\":750},{\"@type\":\"BreadcrumbList\",\"@id\":\"https:\\\/\\\/ecosupplements.be\\\/fr\\\/produit\\\/vitamine-k-2-naturelle-50mcg-30-softgels\\\/#breadcrumb\",\"itemListElement\":[{\"@type\":\"ListItem\",\"position\":1,\"name\":\"Home\",\"item\":\"https:\\\/\\\/ecosupplements.be\\\/fr\\\/\"},{\"@type\":\"ListItem\",\"position\":2,\"name\":\"Boutique\",\"item\":\"https:\\\/\\\/ecosupplements.be\\\/fr\\\/boutique\\\/\"},{\"@type\":\"ListItem\",\"position\":3,\"name\":\"Vitamine K-2 &#8211; Naturelle, 50mcg &#8211; 30 softgels\"}]},{\"@type\":\"WebSite\",\"@id\":\"https:\\\/\\\/ecosupplements.be\\\/fr\\\/#website\",\"url\":\"https:\\\/\\\/ecosupplements.be\\\/fr\\\/\",\"name\":\"ECO Supplements\",\"description\":\"Eco Supplements - Gezonde supplementen\",\"publisher\":{\"@id\":\"https:\\\/\\\/ecosupplements.be\\\/fr\\\/#organization\"},\"potentialAction\":[{\"@type\":\"SearchAction\",\"target\":{\"@type\":\"EntryPoint\",\"urlTemplate\":\"https:\\\/\\\/ecosupplements.be\\\/fr\\\/?s={search_term_string}\"},\"query-input\":{\"@type\":\"PropertyValueSpecification\",\"valueRequired\":true,\"valueName\":\"search_term_string\"}}],\"inLanguage\":\"fr-FR\"},{\"@type\":\"Organization\",\"@id\":\"https:\\\/\\\/ecosupplements.be\\\/fr\\\/#organization\",\"name\":\"Eco Supplements\",\"url\":\"https:\\\/\\\/ecosupplements.be\\\/fr\\\/\",\"logo\":{\"@type\":\"ImageObject\",\"inLanguage\":\"fr-FR\",\"@id\":\"https:\\\/\\\/ecosupplements.be\\\/fr\\\/#\\\/schema\\\/logo\\\/image\\\/\",\"url\":\"https:\\\/\\\/ecosupplements.be\\\/wp-content\\\/uploads\\\/2022\\\/06\\\/ecosupplement-family.png\",\"contentUrl\":\"https:\\\/\\\/ecosupplements.be\\\/wp-content\\\/uploads\\\/2022\\\/06\\\/ecosupplement-family.png\",\"width\":593,\"height\":374,\"caption\":\"Eco Supplements\"},\"image\":{\"@id\":\"https:\\\/\\\/ecosupplements.be\\\/fr\\\/#\\\/schema\\\/logo\\\/image\\\/\"}}]}<\/script>\n<meta property=\"product:brand\" content=\"Swanson\" \/>\n<meta property=\"product:price:amount\" content=\"4.07\" \/>\n<meta property=\"product:price:currency\" content=\"EUR\" \/>\n<meta property=\"og:availability\" content=\"instock\" \/>\n<meta property=\"product:availability\" content=\"instock\" \/>\n<meta property=\"product:retailer_item_id\" content=\"087614026718\" \/>\n<meta property=\"product:condition\" content=\"new\" \/>\n<!-- \/ Yoast SEO Premium plugin. -->","yoast_head_json":{"title":"Vitamine K-2 - Naturelle, 50mcg - 30 softgels - ECO Supplements","description":"Wij hebben een ruime keuze aan producten van Vitamine K-2 - Naturelle, 50mcg - 30 softgels . Winkel bij Eco Supplements altijd gratis verzending boven 100\u20ac","robots":{"index":"index","follow":"follow","max-snippet":"max-snippet:-1","max-image-preview":"max-image-preview:large","max-video-preview":"max-video-preview:-1"},"canonical":"https:\/\/ecosupplements.be\/fr\/produit\/vitamine-k-2-naturelle-50mcg-30-softgels\/","og_locale":"fr_FR","og_type":"article","og_title":"Vitamine K-2 - Naturelle, 50mcg - 30 softgels","og_description":"Wij hebben een ruime keuze aan producten van Vitamine K-2 - Naturelle, 50mcg - 30 softgels . Winkel bij Eco Supplements altijd gratis verzending boven 100\u20ac","og_url":"https:\/\/ecosupplements.be\/fr\/produit\/vitamine-k-2-naturelle-50mcg-30-softgels\/","og_site_name":"ECO Supplements","article_modified_time":"2025-08-27T12:13:49+00:00","og_image":[{"width":750,"height":750,"url":"https:\/\/ecosupplements.be\/wp-content\/uploads\/2025\/08\/Swanson-Vitamin-K-2-Natural-50mcg-30-softgels-1.jpg","type":"image\/jpeg"}],"twitter_card":"summary_large_image","twitter_misc":{"Prix":"4.07&nbsp;&euro;","Disponibilit\u00e9":"En stock"},"schema":{"@context":"https:\/\/schema.org","@graph":[{"@type":["WebPage","ItemPage"],"@id":"https:\/\/ecosupplements.be\/fr\/produit\/vitamine-k-2-naturelle-50mcg-30-softgels\/","url":"https:\/\/ecosupplements.be\/fr\/produit\/vitamine-k-2-naturelle-50mcg-30-softgels\/","name":"Vitamine K-2 - Naturelle, 50mcg - 30 softgels - ECO Supplements","isPartOf":{"@id":"https:\/\/ecosupplements.be\/fr\/#website"},"primaryImageOfPage":{"@id":"https:\/\/ecosupplements.be\/fr\/produit\/vitamine-k-2-naturelle-50mcg-30-softgels\/#primaryimage"},"image":{"@id":"https:\/\/ecosupplements.be\/fr\/produit\/vitamine-k-2-naturelle-50mcg-30-softgels\/#primaryimage"},"thumbnailUrl":"https:\/\/ecosupplements.be\/wp-content\/uploads\/2025\/08\/Swanson-Vitamin-K-2-Natural-50mcg-30-softgels.jpg","datePublished":"2022-06-28T09:36:05+00:00","dateModified":"2025-08-27T12:13:49+00:00","description":"Wij hebben een ruime keuze aan producten van Vitamine K-2 - Naturelle, 50mcg - 30 softgels . Winkel bij Eco Supplements altijd gratis verzending boven 100\u20ac","breadcrumb":{"@id":"https:\/\/ecosupplements.be\/fr\/produit\/vitamine-k-2-naturelle-50mcg-30-softgels\/#breadcrumb"},"inLanguage":"fr-FR","potentialAction":[{"@type":"ReadAction","target":["https:\/\/ecosupplements.be\/fr\/produit\/vitamine-k-2-naturelle-50mcg-30-softgels\/"]}]},{"@type":"ImageObject","inLanguage":"fr-FR","@id":"https:\/\/ecosupplements.be\/fr\/produit\/vitamine-k-2-naturelle-50mcg-30-softgels\/#primaryimage","url":"https:\/\/ecosupplements.be\/wp-content\/uploads\/2025\/08\/Swanson-Vitamin-K-2-Natural-50mcg-30-softgels.jpg","contentUrl":"https:\/\/ecosupplements.be\/wp-content\/uploads\/2025\/08\/Swanson-Vitamin-K-2-Natural-50mcg-30-softgels.jpg","width":750,"height":750},{"@type":"BreadcrumbList","@id":"https:\/\/ecosupplements.be\/fr\/produit\/vitamine-k-2-naturelle-50mcg-30-softgels\/#breadcrumb","itemListElement":[{"@type":"ListItem","position":1,"name":"Home","item":"https:\/\/ecosupplements.be\/fr\/"},{"@type":"ListItem","position":2,"name":"Boutique","item":"https:\/\/ecosupplements.be\/fr\/boutique\/"},{"@type":"ListItem","position":3,"name":"Vitamine K-2 &#8211; Naturelle, 50mcg &#8211; 30 softgels"}]},{"@type":"WebSite","@id":"https:\/\/ecosupplements.be\/fr\/#website","url":"https:\/\/ecosupplements.be\/fr\/","name":"ECO Supplements","description":"Eco Supplements - Gezonde supplementen","publisher":{"@id":"https:\/\/ecosupplements.be\/fr\/#organization"},"potentialAction":[{"@type":"SearchAction","target":{"@type":"EntryPoint","urlTemplate":"https:\/\/ecosupplements.be\/fr\/?s={search_term_string}"},"query-input":{"@type":"PropertyValueSpecification","valueRequired":true,"valueName":"search_term_string"}}],"inLanguage":"fr-FR"},{"@type":"Organization","@id":"https:\/\/ecosupplements.be\/fr\/#organization","name":"Eco Supplements","url":"https:\/\/ecosupplements.be\/fr\/","logo":{"@type":"ImageObject","inLanguage":"fr-FR","@id":"https:\/\/ecosupplements.be\/fr\/#\/schema\/logo\/image\/","url":"https:\/\/ecosupplements.be\/wp-content\/uploads\/2022\/06\/ecosupplement-family.png","contentUrl":"https:\/\/ecosupplements.be\/wp-content\/uploads\/2022\/06\/ecosupplement-family.png","width":593,"height":374,"caption":"Eco Supplements"},"image":{"@id":"https:\/\/ecosupplements.be\/fr\/#\/schema\/logo\/image\/"}}]},"product_brand":"Swanson","product_price_amount":"4.07","product_price_currency":"EUR","og_availability":"instock","product_availability":"instock","product_retailer_item_id":"087614026718","product_condition":"new"},"_links":{"self":[{"href":"https:\/\/ecosupplements.be\/fr\/wp-json\/wp\/v2\/product\/283387","targetHints":{"allow":["GET"]}}],"collection":[{"href":"https:\/\/ecosupplements.be\/fr\/wp-json\/wp\/v2\/product"}],"about":[{"href":"https:\/\/ecosupplements.be\/fr\/wp-json\/wp\/v2\/types\/product"}],"replies":[{"embeddable":true,"href":"https:\/\/ecosupplements.be\/fr\/wp-json\/wp\/v2\/comments?post=283387"}],"wp:featuredmedia":[{"embeddable":true,"href":"https:\/\/ecosupplements.be\/fr\/wp-json\/wp\/v2\/media\/258831"}],"wp:attachment":[{"href":"https:\/\/ecosupplements.be\/fr\/wp-json\/wp\/v2\/media?parent=283387"}],"wp:term":[{"taxonomy":"product_brand","embeddable":true,"href":"https:\/\/ecosupplements.be\/fr\/wp-json\/wp\/v2\/product_brand?post=283387"},{"taxonomy":"product_cat","embeddable":true,"href":"https:\/\/ecosupplements.be\/fr\/wp-json\/wp\/v2\/product_cat?post=283387"},{"taxonomy":"product_tag","embeddable":true,"href":"https:\/\/ecosupplements.be\/fr\/wp-json\/wp\/v2\/product_tag?post=283387"}],"curies":[{"name":"wp","href":"https:\/\/api.w.org\/{rel}","templated":true}]}}