{"id":283395,"date":"2022-06-28T10:36:13","date_gmt":"2022-06-28T09:36:13","guid":{"rendered":"https:\/\/ecosupplements.be\/product\/vitamines-d3-k2-60-vcaps\/"},"modified":"2025-08-27T13:13:58","modified_gmt":"2025-08-27T12:13:58","slug":"vitamines-d3-k2-60-vcaps","status":"publish","type":"product","link":"https:\/\/ecosupplements.be\/fr\/produit\/vitamines-d3-k2-60-vcaps\/","title":{"rendered":"Vitamines D3 &#038; K2 &#8211; 60 vcaps"},"content":{"rendered":"<h1 style=\"text-align: center;\">Swanson &#8211; Vitamines D3 et K2<\/h1>\n<p>Formule combin\u00e9e pour une utilisation correcte du calcium dans l&#8217;organisme<br \/>\nSoutien synergique pour la sant\u00e9 cardiovasculaire et squelettique<br \/>\nPr\u00e9sente les formes les mieux absorb\u00e9es de vitamines D et K<br \/>\nK2 sans soja d\u00e9livr\u00e9 sous forme de MK-7 pour une meilleure biodisponibilit\u00e9<\/p>\n<p>Mieux ensemble ! Des recherches \u00e9mergentes sugg\u00e8rent que les vitamines D3 et K2 &#8211; deux nutriments cl\u00e9s pour une utilisation efficace du calcium dans le corps &#8211; pourraient avoir un effet encore plus b\u00e9n\u00e9fique lorsqu&#8217;elles sont prises ensemble. Swanson Vitamins D3 &amp; K2 offre ces aides \u00e0 la sant\u00e9 des os et du c\u0153ur dans une capsule v\u00e9g\u00e9tale pratique, \u00e0 prendre une fois par jour.<\/p>\n<p>La vitamine D contribue \u00e0 la formation d&#8217;os solides en augmentant l&#8217;absorption du calcium et du phosphore par l&#8217;organisme. Sous forme de suppl\u00e9ment, elle est disponible sous forme d&#8217;ergocalcif\u00e9rol (D2) ou de chol\u00e9calcif\u00e9rol (D3). Des \u00e9tudes indiquent que la D3 pourrait \u00eatre la forme la plus puissante et \u00e0 action plus longue pr\u00e9f\u00e9r\u00e9e par l&#8217;organisme.<\/p>\n<p>De m\u00eame, la vitamine K se trouve sous les formes K1 et K2. La K2 est particuli\u00e8rement importante pour la sant\u00e9 des os et du syst\u00e8me cardiovasculaire, car elle aide \u00e0 diriger le calcium hors des art\u00e8res et vers les os. La K2 est compos\u00e9e d&#8217;une s\u00e9rie de m\u00e9naquinones, dont la m\u00e9naquinone-7 (MK-7) est la plus efficacement absorb\u00e9e et biodisponible.<\/p>\n<p>Une nouvelle compr\u00e9hension de l&#8217;interaction des vitamines D et K sugg\u00e8re que la vitamine D augmente la concentration des prot\u00e9ines osseuses qui d\u00e9pendent de la vitamine K pour la formation d&#8217;os sains et qu&#8217;\u00e0 son tour, la min\u00e9ralisation essentielle stimul\u00e9e par la vitamine K peut \u00eatre positivement impact\u00e9e par la pr\u00e9sence de la vitamine D.<\/p>\n<p>Swanson Vitamins D3 &amp; K2 fournit 125 mcg (5 000 UI) de D3 v\u00e9g\u00e9tal d\u00e9riv\u00e9 du lichen et 100 mcg de K2 provenant de pois chiches sans soja sous forme de MK-7 dans un bouchon v\u00e9g\u00e9tal \u00e0 prendre une fois par jour pour aider \u00e0 maintenir la sant\u00e9 cardiovasculaire et promouvoir des os forts et sains.<\/p>\n","protected":false},"excerpt":{"rendered":"<p>Swanson &#8211; Vitamines D3 et K2 Formule combin\u00e9e pour une utilisation correcte du calcium dans l&#8217;organisme Soutien synergique pour la sant\u00e9 cardiovasculaire et squelettique Pr\u00e9sente les formes les mieux absorb\u00e9es de vitamines D et K K2 sans soja d\u00e9livr\u00e9 sous forme de MK-7 pour une meilleure biodisponibilit\u00e9 Mieux ensemble ! Des recherches \u00e9mergentes sugg\u00e8rent que [&#8230;]\n","protected":false},"featured_media":258839,"comment_status":"open","ping_status":"open","template":"","meta":[],"product_brand":[4761],"product_cat":[5061,5100,5062,5052,5060,5053,5059],"product_tag":[],"class_list":{"0":"post-283395","1":"product","2":"type-product","3":"status-publish","4":"has-post-thumbnail","6":"product_brand-swanson-2","7":"product_cat-d3-vitamine-d-vitamines-simples","8":"product_cat-multi-vitamines","9":"product_cat-multivitamines","10":"product_cat-sante-et-bien-etre","11":"product_cat-vitamine-d-vitamines-simples","12":"product_cat-vitamines-et-mineraux","13":"product_cat-vitamines-simples","15":"first","16":"outofstock","17":"taxable","18":"shipping-taxable","19":"purchasable","20":"product-type-simple"},"yoast_head":"<!-- This site is optimized with the Yoast SEO Premium plugin v27.3 (Yoast SEO v27.3) - https:\/\/yoast.com\/product\/yoast-seo-premium-wordpress\/ -->\n<title>Vitamines D3 &amp; K2 - 60 vcaps - ECO Supplements<\/title>\n<meta name=\"description\" content=\"Wij hebben een ruime keuze aan producten van Vitamines D3 &amp; K2 - 60 vcaps . Winkel bij Eco Supplements altijd gratis verzending boven 100\u20ac\" \/>\n<meta name=\"robots\" content=\"index, follow, max-snippet:-1, max-image-preview:large, max-video-preview:-1\" \/>\n<link rel=\"canonical\" href=\"https:\/\/ecosupplements.be\/fr\/produit\/vitamines-d3-k2-60-vcaps\/\" \/>\n<meta property=\"og:locale\" content=\"fr_FR\" \/>\n<meta property=\"og:type\" content=\"article\" \/>\n<meta property=\"og:title\" content=\"Vitamines D3 &amp; K2 - 60 vcaps\" \/>\n<meta property=\"og:description\" content=\"Wij hebben een ruime keuze aan producten van Vitamines D3 &amp; K2 - 60 vcaps . Winkel bij Eco Supplements altijd gratis verzending boven 100\u20ac\" \/>\n<meta property=\"og:url\" content=\"https:\/\/ecosupplements.be\/fr\/produit\/vitamines-d3-k2-60-vcaps\/\" \/>\n<meta property=\"og:site_name\" content=\"ECO Supplements\" \/>\n<meta property=\"article:modified_time\" content=\"2025-08-27T12:13:58+00:00\" \/>\n<meta property=\"og:image\" content=\"https:\/\/ecosupplements.be\/wp-content\/uploads\/2025\/08\/Vitamins-D3-K2-60-vcaps-1.jpg\" \/>\n\t<meta property=\"og:image:width\" content=\"500\" \/>\n\t<meta property=\"og:image:height\" content=\"500\" \/>\n\t<meta property=\"og:image:type\" content=\"image\/jpeg\" \/>\n<meta name=\"twitter:card\" content=\"summary_large_image\" \/>\n<meta name=\"twitter:label1\" content=\"Prix\" \/>\n\t<meta name=\"twitter:data1\" content=\"36.44&nbsp;&euro;\" \/>\n\t<meta name=\"twitter:label2\" content=\"Disponibilit\u00e9\" \/>\n\t<meta name=\"twitter:data2\" content=\"Rupture de stock\" \/>\n<script type=\"application\/ld+json\" class=\"yoast-schema-graph\">{\"@context\":\"https:\\\/\\\/schema.org\",\"@graph\":[{\"@type\":[\"WebPage\",\"ItemPage\"],\"@id\":\"https:\\\/\\\/ecosupplements.be\\\/fr\\\/produit\\\/vitamines-d3-k2-60-vcaps\\\/\",\"url\":\"https:\\\/\\\/ecosupplements.be\\\/fr\\\/produit\\\/vitamines-d3-k2-60-vcaps\\\/\",\"name\":\"Vitamines D3 & K2 - 60 vcaps - ECO Supplements\",\"isPartOf\":{\"@id\":\"https:\\\/\\\/ecosupplements.be\\\/fr\\\/#website\"},\"primaryImageOfPage\":{\"@id\":\"https:\\\/\\\/ecosupplements.be\\\/fr\\\/produit\\\/vitamines-d3-k2-60-vcaps\\\/#primaryimage\"},\"image\":{\"@id\":\"https:\\\/\\\/ecosupplements.be\\\/fr\\\/produit\\\/vitamines-d3-k2-60-vcaps\\\/#primaryimage\"},\"thumbnailUrl\":\"https:\\\/\\\/ecosupplements.be\\\/wp-content\\\/uploads\\\/2025\\\/08\\\/Vitamins-D3-K2-60-vcaps.jpg\",\"datePublished\":\"2022-06-28T09:36:13+00:00\",\"dateModified\":\"2025-08-27T12:13:58+00:00\",\"description\":\"Wij hebben een ruime keuze aan producten van Vitamines D3 & K2 - 60 vcaps . Winkel bij Eco Supplements altijd gratis verzending boven 100\u20ac\",\"breadcrumb\":{\"@id\":\"https:\\\/\\\/ecosupplements.be\\\/fr\\\/produit\\\/vitamines-d3-k2-60-vcaps\\\/#breadcrumb\"},\"inLanguage\":\"fr-FR\",\"potentialAction\":[{\"@type\":\"ReadAction\",\"target\":[\"https:\\\/\\\/ecosupplements.be\\\/fr\\\/produit\\\/vitamines-d3-k2-60-vcaps\\\/\"]}]},{\"@type\":\"ImageObject\",\"inLanguage\":\"fr-FR\",\"@id\":\"https:\\\/\\\/ecosupplements.be\\\/fr\\\/produit\\\/vitamines-d3-k2-60-vcaps\\\/#primaryimage\",\"url\":\"https:\\\/\\\/ecosupplements.be\\\/wp-content\\\/uploads\\\/2025\\\/08\\\/Vitamins-D3-K2-60-vcaps.jpg\",\"contentUrl\":\"https:\\\/\\\/ecosupplements.be\\\/wp-content\\\/uploads\\\/2025\\\/08\\\/Vitamins-D3-K2-60-vcaps.jpg\",\"width\":500,\"height\":500},{\"@type\":\"BreadcrumbList\",\"@id\":\"https:\\\/\\\/ecosupplements.be\\\/fr\\\/produit\\\/vitamines-d3-k2-60-vcaps\\\/#breadcrumb\",\"itemListElement\":[{\"@type\":\"ListItem\",\"position\":1,\"name\":\"Home\",\"item\":\"https:\\\/\\\/ecosupplements.be\\\/fr\\\/\"},{\"@type\":\"ListItem\",\"position\":2,\"name\":\"Boutique\",\"item\":\"https:\\\/\\\/ecosupplements.be\\\/fr\\\/boutique\\\/\"},{\"@type\":\"ListItem\",\"position\":3,\"name\":\"Vitamines D3 &#038; K2 &#8211; 60 vcaps\"}]},{\"@type\":\"WebSite\",\"@id\":\"https:\\\/\\\/ecosupplements.be\\\/fr\\\/#website\",\"url\":\"https:\\\/\\\/ecosupplements.be\\\/fr\\\/\",\"name\":\"ECO Supplements\",\"description\":\"Eco Supplements - Gezonde supplementen\",\"publisher\":{\"@id\":\"https:\\\/\\\/ecosupplements.be\\\/fr\\\/#organization\"},\"potentialAction\":[{\"@type\":\"SearchAction\",\"target\":{\"@type\":\"EntryPoint\",\"urlTemplate\":\"https:\\\/\\\/ecosupplements.be\\\/fr\\\/?s={search_term_string}\"},\"query-input\":{\"@type\":\"PropertyValueSpecification\",\"valueRequired\":true,\"valueName\":\"search_term_string\"}}],\"inLanguage\":\"fr-FR\"},{\"@type\":\"Organization\",\"@id\":\"https:\\\/\\\/ecosupplements.be\\\/fr\\\/#organization\",\"name\":\"Eco Supplements\",\"url\":\"https:\\\/\\\/ecosupplements.be\\\/fr\\\/\",\"logo\":{\"@type\":\"ImageObject\",\"inLanguage\":\"fr-FR\",\"@id\":\"https:\\\/\\\/ecosupplements.be\\\/fr\\\/#\\\/schema\\\/logo\\\/image\\\/\",\"url\":\"https:\\\/\\\/ecosupplements.be\\\/wp-content\\\/uploads\\\/2022\\\/06\\\/ecosupplement-family.png\",\"contentUrl\":\"https:\\\/\\\/ecosupplements.be\\\/wp-content\\\/uploads\\\/2022\\\/06\\\/ecosupplement-family.png\",\"width\":593,\"height\":374,\"caption\":\"Eco Supplements\"},\"image\":{\"@id\":\"https:\\\/\\\/ecosupplements.be\\\/fr\\\/#\\\/schema\\\/logo\\\/image\\\/\"}}]}<\/script>\n<meta property=\"product:brand\" content=\"Swanson\" \/>\n<meta property=\"product:price:amount\" content=\"36.44\" \/>\n<meta property=\"product:price:currency\" content=\"EUR\" \/>\n<meta property=\"og:availability\" content=\"out of stock\" \/>\n<meta property=\"product:availability\" content=\"out of stock\" \/>\n<meta property=\"product:retailer_item_id\" content=\"087614118048\" \/>\n<meta property=\"product:condition\" content=\"new\" \/>\n<!-- \/ Yoast SEO Premium plugin. -->","yoast_head_json":{"title":"Vitamines D3 & K2 - 60 vcaps - ECO Supplements","description":"Wij hebben een ruime keuze aan producten van Vitamines D3 & K2 - 60 vcaps . Winkel bij Eco Supplements altijd gratis verzending boven 100\u20ac","robots":{"index":"index","follow":"follow","max-snippet":"max-snippet:-1","max-image-preview":"max-image-preview:large","max-video-preview":"max-video-preview:-1"},"canonical":"https:\/\/ecosupplements.be\/fr\/produit\/vitamines-d3-k2-60-vcaps\/","og_locale":"fr_FR","og_type":"article","og_title":"Vitamines D3 & K2 - 60 vcaps","og_description":"Wij hebben een ruime keuze aan producten van Vitamines D3 & K2 - 60 vcaps . Winkel bij Eco Supplements altijd gratis verzending boven 100\u20ac","og_url":"https:\/\/ecosupplements.be\/fr\/produit\/vitamines-d3-k2-60-vcaps\/","og_site_name":"ECO Supplements","article_modified_time":"2025-08-27T12:13:58+00:00","og_image":[{"width":500,"height":500,"url":"https:\/\/ecosupplements.be\/wp-content\/uploads\/2025\/08\/Vitamins-D3-K2-60-vcaps-1.jpg","type":"image\/jpeg"}],"twitter_card":"summary_large_image","twitter_misc":{"Prix":"36.44&nbsp;&euro;","Disponibilit\u00e9":"Rupture de stock"},"schema":{"@context":"https:\/\/schema.org","@graph":[{"@type":["WebPage","ItemPage"],"@id":"https:\/\/ecosupplements.be\/fr\/produit\/vitamines-d3-k2-60-vcaps\/","url":"https:\/\/ecosupplements.be\/fr\/produit\/vitamines-d3-k2-60-vcaps\/","name":"Vitamines D3 & K2 - 60 vcaps - ECO Supplements","isPartOf":{"@id":"https:\/\/ecosupplements.be\/fr\/#website"},"primaryImageOfPage":{"@id":"https:\/\/ecosupplements.be\/fr\/produit\/vitamines-d3-k2-60-vcaps\/#primaryimage"},"image":{"@id":"https:\/\/ecosupplements.be\/fr\/produit\/vitamines-d3-k2-60-vcaps\/#primaryimage"},"thumbnailUrl":"https:\/\/ecosupplements.be\/wp-content\/uploads\/2025\/08\/Vitamins-D3-K2-60-vcaps.jpg","datePublished":"2022-06-28T09:36:13+00:00","dateModified":"2025-08-27T12:13:58+00:00","description":"Wij hebben een ruime keuze aan producten van Vitamines D3 & K2 - 60 vcaps . Winkel bij Eco Supplements altijd gratis verzending boven 100\u20ac","breadcrumb":{"@id":"https:\/\/ecosupplements.be\/fr\/produit\/vitamines-d3-k2-60-vcaps\/#breadcrumb"},"inLanguage":"fr-FR","potentialAction":[{"@type":"ReadAction","target":["https:\/\/ecosupplements.be\/fr\/produit\/vitamines-d3-k2-60-vcaps\/"]}]},{"@type":"ImageObject","inLanguage":"fr-FR","@id":"https:\/\/ecosupplements.be\/fr\/produit\/vitamines-d3-k2-60-vcaps\/#primaryimage","url":"https:\/\/ecosupplements.be\/wp-content\/uploads\/2025\/08\/Vitamins-D3-K2-60-vcaps.jpg","contentUrl":"https:\/\/ecosupplements.be\/wp-content\/uploads\/2025\/08\/Vitamins-D3-K2-60-vcaps.jpg","width":500,"height":500},{"@type":"BreadcrumbList","@id":"https:\/\/ecosupplements.be\/fr\/produit\/vitamines-d3-k2-60-vcaps\/#breadcrumb","itemListElement":[{"@type":"ListItem","position":1,"name":"Home","item":"https:\/\/ecosupplements.be\/fr\/"},{"@type":"ListItem","position":2,"name":"Boutique","item":"https:\/\/ecosupplements.be\/fr\/boutique\/"},{"@type":"ListItem","position":3,"name":"Vitamines D3 &#038; K2 &#8211; 60 vcaps"}]},{"@type":"WebSite","@id":"https:\/\/ecosupplements.be\/fr\/#website","url":"https:\/\/ecosupplements.be\/fr\/","name":"ECO Supplements","description":"Eco Supplements - Gezonde supplementen","publisher":{"@id":"https:\/\/ecosupplements.be\/fr\/#organization"},"potentialAction":[{"@type":"SearchAction","target":{"@type":"EntryPoint","urlTemplate":"https:\/\/ecosupplements.be\/fr\/?s={search_term_string}"},"query-input":{"@type":"PropertyValueSpecification","valueRequired":true,"valueName":"search_term_string"}}],"inLanguage":"fr-FR"},{"@type":"Organization","@id":"https:\/\/ecosupplements.be\/fr\/#organization","name":"Eco Supplements","url":"https:\/\/ecosupplements.be\/fr\/","logo":{"@type":"ImageObject","inLanguage":"fr-FR","@id":"https:\/\/ecosupplements.be\/fr\/#\/schema\/logo\/image\/","url":"https:\/\/ecosupplements.be\/wp-content\/uploads\/2022\/06\/ecosupplement-family.png","contentUrl":"https:\/\/ecosupplements.be\/wp-content\/uploads\/2022\/06\/ecosupplement-family.png","width":593,"height":374,"caption":"Eco Supplements"},"image":{"@id":"https:\/\/ecosupplements.be\/fr\/#\/schema\/logo\/image\/"}}]},"product_brand":"Swanson","product_price_amount":"36.44","product_price_currency":"EUR","og_availability":"out of stock","product_availability":"out of stock","product_retailer_item_id":"087614118048","product_condition":"new"},"_links":{"self":[{"href":"https:\/\/ecosupplements.be\/fr\/wp-json\/wp\/v2\/product\/283395","targetHints":{"allow":["GET"]}}],"collection":[{"href":"https:\/\/ecosupplements.be\/fr\/wp-json\/wp\/v2\/product"}],"about":[{"href":"https:\/\/ecosupplements.be\/fr\/wp-json\/wp\/v2\/types\/product"}],"replies":[{"embeddable":true,"href":"https:\/\/ecosupplements.be\/fr\/wp-json\/wp\/v2\/comments?post=283395"}],"wp:featuredmedia":[{"embeddable":true,"href":"https:\/\/ecosupplements.be\/fr\/wp-json\/wp\/v2\/media\/258839"}],"wp:attachment":[{"href":"https:\/\/ecosupplements.be\/fr\/wp-json\/wp\/v2\/media?parent=283395"}],"wp:term":[{"taxonomy":"product_brand","embeddable":true,"href":"https:\/\/ecosupplements.be\/fr\/wp-json\/wp\/v2\/product_brand?post=283395"},{"taxonomy":"product_cat","embeddable":true,"href":"https:\/\/ecosupplements.be\/fr\/wp-json\/wp\/v2\/product_cat?post=283395"},{"taxonomy":"product_tag","embeddable":true,"href":"https:\/\/ecosupplements.be\/fr\/wp-json\/wp\/v2\/product_tag?post=283395"}],"curies":[{"name":"wp","href":"https:\/\/api.w.org\/{rel}","templated":true}]}}