{"id":283477,"date":"2022-06-28T10:36:13","date_gmt":"2022-06-28T09:36:13","guid":{"rendered":"https:\/\/ecosupplements.be\/product\/picolinate-de-zinc-forme-preferee-du-corps-22mg-60-caps\/"},"modified":"2025-08-27T13:15:07","modified_gmt":"2025-08-27T12:15:07","slug":"picolinate-de-zinc-forme-preferee-du-corps-22mg-60-caps","status":"publish","type":"product","link":"https:\/\/ecosupplements.be\/fr\/produit\/picolinate-de-zinc-forme-preferee-du-corps-22mg-60-caps\/","title":{"rendered":"Picolinate de zinc forme pr\u00e9f\u00e9r\u00e9e du corps, 22mg &#8211; 60 caps"},"content":{"rendered":"<h1 style=\"text-align: center\">Swanson &#8211; Picolinate de zinc forme pr\u00e9f\u00e9r\u00e9e pour le corps<\/h1>\n<p>Favorise la sant\u00e9 immunitaire et le bien-\u00eatre quotidien<br \/>\nMin\u00e9ral essentiel et puissant antioxydant<br \/>\nForme de zinc \u00e0 haute absorption<br \/>\nObtenez le maximum d&#8217;un suppl\u00e9ment de zinc avec le Picolinate de zinc de Swanson ! La recherche indique que le corps peut absorber plus facilement le zinc lorsqu&#8217;il est ch\u00e9lat\u00e9 \u00e0 l&#8217;acide picolinique, ce qui en fait un choix intelligent pour le syst\u00e8me immunitaire, le maintien de la prostate, une vision saine, et plus encore. Nos capsules de Picolinate de Zinc Swanson d\u00e9livrent une puissante dose de 22 mg de zinc \u00e9l\u00e9mentaire pour am\u00e9liorer votre r\u00e9gime de bien-\u00eatre quotidien.<\/p>\n","protected":false},"excerpt":{"rendered":"<p>Swanson &#8211; Picolinate de zinc forme pr\u00e9f\u00e9r\u00e9e pour le corps Favorise la sant\u00e9 immunitaire et le bien-\u00eatre quotidien Min\u00e9ral essentiel et puissant antioxydant Forme de zinc \u00e0 haute absorption Obtenez le maximum d&#8217;un suppl\u00e9ment de zinc avec le Picolinate de zinc de Swanson ! La recherche indique que le corps peut absorber plus facilement le [&#8230;]\n","protected":false},"featured_media":258912,"comment_status":"open","ping_status":"open","template":"","meta":[],"product_brand":[4761],"product_cat":[5064,5052,5053,5107],"product_tag":[],"class_list":{"0":"post-283477","1":"product","2":"type-product","3":"status-publish","4":"has-post-thumbnail","6":"product_brand-swanson-2","7":"product_cat-mineraux-simples","8":"product_cat-sante-et-bien-etre","9":"product_cat-vitamines-et-mineraux","10":"product_cat-zinc","12":"first","13":"instock","14":"taxable","15":"shipping-taxable","16":"purchasable","17":"product-type-simple"},"yoast_head":"<!-- This site is optimized with the Yoast SEO Premium plugin v27.5 (Yoast SEO v27.5) - https:\/\/yoast.com\/product\/yoast-seo-premium-wordpress\/ -->\n<title>Picolinate de zinc forme pr\u00e9f\u00e9r\u00e9e du corps, 22mg - 60 caps - ECO Supplements<\/title>\n<meta name=\"description\" content=\"Wij hebben een ruime keuze aan producten van Picolinate de zinc forme pr\u00e9f\u00e9r\u00e9e du corps, 22mg - 60 caps . Winkel bij Eco Supplements altijd gratis verzending boven 100\u20ac\" \/>\n<meta name=\"robots\" content=\"index, follow, max-snippet:-1, max-image-preview:large, max-video-preview:-1\" \/>\n<link rel=\"canonical\" href=\"https:\/\/ecosupplements.be\/fr\/produit\/picolinate-de-zinc-forme-preferee-du-corps-22mg-60-caps\/\" \/>\n<meta property=\"og:locale\" content=\"fr_FR\" \/>\n<meta property=\"og:type\" content=\"article\" \/>\n<meta property=\"og:title\" content=\"Picolinate de zinc forme pr\u00e9f\u00e9r\u00e9e du corps, 22mg - 60 caps\" \/>\n<meta property=\"og:description\" content=\"Wij hebben een ruime keuze aan producten van Picolinate de zinc forme pr\u00e9f\u00e9r\u00e9e du corps, 22mg - 60 caps . Winkel bij Eco Supplements altijd gratis verzending boven 100\u20ac\" \/>\n<meta property=\"og:url\" content=\"https:\/\/ecosupplements.be\/fr\/produit\/picolinate-de-zinc-forme-preferee-du-corps-22mg-60-caps\/\" \/>\n<meta property=\"og:site_name\" content=\"ECO Supplements\" \/>\n<meta property=\"article:modified_time\" content=\"2025-08-27T12:15:07+00:00\" \/>\n<meta property=\"og:image\" content=\"https:\/\/ecosupplements.be\/wp-content\/uploads\/2025\/08\/Swanson-Zinc-Picolinate-Body-Preferred-Form-22mg-60-caps-1.jpg\" \/>\n\t<meta property=\"og:image:width\" content=\"750\" \/>\n\t<meta property=\"og:image:height\" content=\"750\" \/>\n\t<meta property=\"og:image:type\" content=\"image\/jpeg\" \/>\n<meta name=\"twitter:card\" content=\"summary_large_image\" \/>\n<meta name=\"twitter:label1\" content=\"Prix\" \/>\n\t<meta name=\"twitter:data1\" content=\"4.36&nbsp;&euro;\" \/>\n\t<meta name=\"twitter:label2\" content=\"Disponibilit\u00e9\" \/>\n\t<meta name=\"twitter:data2\" content=\"En stock\" \/>\n<script type=\"application\/ld+json\" class=\"yoast-schema-graph\">{\"@context\":\"https:\\\/\\\/schema.org\",\"@graph\":[{\"@type\":[\"WebPage\",\"ItemPage\"],\"@id\":\"https:\\\/\\\/ecosupplements.be\\\/fr\\\/produit\\\/picolinate-de-zinc-forme-preferee-du-corps-22mg-60-caps\\\/\",\"url\":\"https:\\\/\\\/ecosupplements.be\\\/fr\\\/produit\\\/picolinate-de-zinc-forme-preferee-du-corps-22mg-60-caps\\\/\",\"name\":\"Picolinate de zinc forme pr\u00e9f\u00e9r\u00e9e du corps, 22mg - 60 caps - ECO Supplements\",\"isPartOf\":{\"@id\":\"https:\\\/\\\/ecosupplements.be\\\/fr\\\/#website\"},\"primaryImageOfPage\":{\"@id\":\"https:\\\/\\\/ecosupplements.be\\\/fr\\\/produit\\\/picolinate-de-zinc-forme-preferee-du-corps-22mg-60-caps\\\/#primaryimage\"},\"image\":{\"@id\":\"https:\\\/\\\/ecosupplements.be\\\/fr\\\/produit\\\/picolinate-de-zinc-forme-preferee-du-corps-22mg-60-caps\\\/#primaryimage\"},\"thumbnailUrl\":\"https:\\\/\\\/ecosupplements.be\\\/wp-content\\\/uploads\\\/2025\\\/08\\\/Swanson-Zinc-Picolinate-Body-Preferred-Form-22mg-60-caps.jpg\",\"datePublished\":\"2022-06-28T09:36:13+00:00\",\"dateModified\":\"2025-08-27T12:15:07+00:00\",\"description\":\"Wij hebben een ruime keuze aan producten van Picolinate de zinc forme pr\u00e9f\u00e9r\u00e9e du corps, 22mg - 60 caps . Winkel bij Eco Supplements altijd gratis verzending boven 100\u20ac\",\"breadcrumb\":{\"@id\":\"https:\\\/\\\/ecosupplements.be\\\/fr\\\/produit\\\/picolinate-de-zinc-forme-preferee-du-corps-22mg-60-caps\\\/#breadcrumb\"},\"inLanguage\":\"fr-FR\",\"potentialAction\":[{\"@type\":\"ReadAction\",\"target\":[\"https:\\\/\\\/ecosupplements.be\\\/fr\\\/produit\\\/picolinate-de-zinc-forme-preferee-du-corps-22mg-60-caps\\\/\"]}]},{\"@type\":\"ImageObject\",\"inLanguage\":\"fr-FR\",\"@id\":\"https:\\\/\\\/ecosupplements.be\\\/fr\\\/produit\\\/picolinate-de-zinc-forme-preferee-du-corps-22mg-60-caps\\\/#primaryimage\",\"url\":\"https:\\\/\\\/ecosupplements.be\\\/wp-content\\\/uploads\\\/2025\\\/08\\\/Swanson-Zinc-Picolinate-Body-Preferred-Form-22mg-60-caps.jpg\",\"contentUrl\":\"https:\\\/\\\/ecosupplements.be\\\/wp-content\\\/uploads\\\/2025\\\/08\\\/Swanson-Zinc-Picolinate-Body-Preferred-Form-22mg-60-caps.jpg\",\"width\":750,\"height\":750},{\"@type\":\"BreadcrumbList\",\"@id\":\"https:\\\/\\\/ecosupplements.be\\\/fr\\\/produit\\\/picolinate-de-zinc-forme-preferee-du-corps-22mg-60-caps\\\/#breadcrumb\",\"itemListElement\":[{\"@type\":\"ListItem\",\"position\":1,\"name\":\"Home\",\"item\":\"https:\\\/\\\/ecosupplements.be\\\/fr\\\/\"},{\"@type\":\"ListItem\",\"position\":2,\"name\":\"Boutique\",\"item\":\"https:\\\/\\\/ecosupplements.be\\\/fr\\\/boutique\\\/\"},{\"@type\":\"ListItem\",\"position\":3,\"name\":\"Picolinate de zinc forme pr\u00e9f\u00e9r\u00e9e du corps, 22mg &#8211; 60 caps\"}]},{\"@type\":\"WebSite\",\"@id\":\"https:\\\/\\\/ecosupplements.be\\\/fr\\\/#website\",\"url\":\"https:\\\/\\\/ecosupplements.be\\\/fr\\\/\",\"name\":\"ECO Supplements\",\"description\":\"Eco Supplements - Gezonde supplementen\",\"publisher\":{\"@id\":\"https:\\\/\\\/ecosupplements.be\\\/fr\\\/#organization\"},\"potentialAction\":[{\"@type\":\"SearchAction\",\"target\":{\"@type\":\"EntryPoint\",\"urlTemplate\":\"https:\\\/\\\/ecosupplements.be\\\/fr\\\/?s={search_term_string}\"},\"query-input\":{\"@type\":\"PropertyValueSpecification\",\"valueRequired\":true,\"valueName\":\"search_term_string\"}}],\"inLanguage\":\"fr-FR\"},{\"@type\":\"Organization\",\"@id\":\"https:\\\/\\\/ecosupplements.be\\\/fr\\\/#organization\",\"name\":\"Eco Supplements\",\"url\":\"https:\\\/\\\/ecosupplements.be\\\/fr\\\/\",\"logo\":{\"@type\":\"ImageObject\",\"inLanguage\":\"fr-FR\",\"@id\":\"https:\\\/\\\/ecosupplements.be\\\/fr\\\/#\\\/schema\\\/logo\\\/image\\\/\",\"url\":\"https:\\\/\\\/ecosupplements.be\\\/wp-content\\\/uploads\\\/2022\\\/06\\\/ecosupplement-family.png\",\"contentUrl\":\"https:\\\/\\\/ecosupplements.be\\\/wp-content\\\/uploads\\\/2022\\\/06\\\/ecosupplement-family.png\",\"width\":593,\"height\":374,\"caption\":\"Eco Supplements\"},\"image\":{\"@id\":\"https:\\\/\\\/ecosupplements.be\\\/fr\\\/#\\\/schema\\\/logo\\\/image\\\/\"}}]}<\/script>\n<meta property=\"product:brand\" content=\"Swanson\" \/>\n<meta property=\"product:price:amount\" content=\"4.36\" \/>\n<meta property=\"product:price:currency\" content=\"EUR\" \/>\n<meta property=\"og:availability\" content=\"instock\" \/>\n<meta property=\"product:availability\" content=\"instock\" \/>\n<meta property=\"product:retailer_item_id\" content=\"087614111131\" \/>\n<meta property=\"product:condition\" content=\"new\" \/>\n<!-- \/ Yoast SEO Premium plugin. -->","yoast_head_json":{"title":"Picolinate de zinc forme pr\u00e9f\u00e9r\u00e9e du corps, 22mg - 60 caps - ECO Supplements","description":"Wij hebben een ruime keuze aan producten van Picolinate de zinc forme pr\u00e9f\u00e9r\u00e9e du corps, 22mg - 60 caps . Winkel bij Eco Supplements altijd gratis verzending boven 100\u20ac","robots":{"index":"index","follow":"follow","max-snippet":"max-snippet:-1","max-image-preview":"max-image-preview:large","max-video-preview":"max-video-preview:-1"},"canonical":"https:\/\/ecosupplements.be\/fr\/produit\/picolinate-de-zinc-forme-preferee-du-corps-22mg-60-caps\/","og_locale":"fr_FR","og_type":"article","og_title":"Picolinate de zinc forme pr\u00e9f\u00e9r\u00e9e du corps, 22mg - 60 caps","og_description":"Wij hebben een ruime keuze aan producten van Picolinate de zinc forme pr\u00e9f\u00e9r\u00e9e du corps, 22mg - 60 caps . Winkel bij Eco Supplements altijd gratis verzending boven 100\u20ac","og_url":"https:\/\/ecosupplements.be\/fr\/produit\/picolinate-de-zinc-forme-preferee-du-corps-22mg-60-caps\/","og_site_name":"ECO Supplements","article_modified_time":"2025-08-27T12:15:07+00:00","og_image":[{"width":750,"height":750,"url":"https:\/\/ecosupplements.be\/wp-content\/uploads\/2025\/08\/Swanson-Zinc-Picolinate-Body-Preferred-Form-22mg-60-caps-1.jpg","type":"image\/jpeg"}],"twitter_card":"summary_large_image","twitter_misc":{"Prix":"4.36&nbsp;&euro;","Disponibilit\u00e9":"En stock"},"schema":{"@context":"https:\/\/schema.org","@graph":[{"@type":["WebPage","ItemPage"],"@id":"https:\/\/ecosupplements.be\/fr\/produit\/picolinate-de-zinc-forme-preferee-du-corps-22mg-60-caps\/","url":"https:\/\/ecosupplements.be\/fr\/produit\/picolinate-de-zinc-forme-preferee-du-corps-22mg-60-caps\/","name":"Picolinate de zinc forme pr\u00e9f\u00e9r\u00e9e du corps, 22mg - 60 caps - ECO Supplements","isPartOf":{"@id":"https:\/\/ecosupplements.be\/fr\/#website"},"primaryImageOfPage":{"@id":"https:\/\/ecosupplements.be\/fr\/produit\/picolinate-de-zinc-forme-preferee-du-corps-22mg-60-caps\/#primaryimage"},"image":{"@id":"https:\/\/ecosupplements.be\/fr\/produit\/picolinate-de-zinc-forme-preferee-du-corps-22mg-60-caps\/#primaryimage"},"thumbnailUrl":"https:\/\/ecosupplements.be\/wp-content\/uploads\/2025\/08\/Swanson-Zinc-Picolinate-Body-Preferred-Form-22mg-60-caps.jpg","datePublished":"2022-06-28T09:36:13+00:00","dateModified":"2025-08-27T12:15:07+00:00","description":"Wij hebben een ruime keuze aan producten van Picolinate de zinc forme pr\u00e9f\u00e9r\u00e9e du corps, 22mg - 60 caps . Winkel bij Eco Supplements altijd gratis verzending boven 100\u20ac","breadcrumb":{"@id":"https:\/\/ecosupplements.be\/fr\/produit\/picolinate-de-zinc-forme-preferee-du-corps-22mg-60-caps\/#breadcrumb"},"inLanguage":"fr-FR","potentialAction":[{"@type":"ReadAction","target":["https:\/\/ecosupplements.be\/fr\/produit\/picolinate-de-zinc-forme-preferee-du-corps-22mg-60-caps\/"]}]},{"@type":"ImageObject","inLanguage":"fr-FR","@id":"https:\/\/ecosupplements.be\/fr\/produit\/picolinate-de-zinc-forme-preferee-du-corps-22mg-60-caps\/#primaryimage","url":"https:\/\/ecosupplements.be\/wp-content\/uploads\/2025\/08\/Swanson-Zinc-Picolinate-Body-Preferred-Form-22mg-60-caps.jpg","contentUrl":"https:\/\/ecosupplements.be\/wp-content\/uploads\/2025\/08\/Swanson-Zinc-Picolinate-Body-Preferred-Form-22mg-60-caps.jpg","width":750,"height":750},{"@type":"BreadcrumbList","@id":"https:\/\/ecosupplements.be\/fr\/produit\/picolinate-de-zinc-forme-preferee-du-corps-22mg-60-caps\/#breadcrumb","itemListElement":[{"@type":"ListItem","position":1,"name":"Home","item":"https:\/\/ecosupplements.be\/fr\/"},{"@type":"ListItem","position":2,"name":"Boutique","item":"https:\/\/ecosupplements.be\/fr\/boutique\/"},{"@type":"ListItem","position":3,"name":"Picolinate de zinc forme pr\u00e9f\u00e9r\u00e9e du corps, 22mg &#8211; 60 caps"}]},{"@type":"WebSite","@id":"https:\/\/ecosupplements.be\/fr\/#website","url":"https:\/\/ecosupplements.be\/fr\/","name":"ECO Supplements","description":"Eco Supplements - Gezonde supplementen","publisher":{"@id":"https:\/\/ecosupplements.be\/fr\/#organization"},"potentialAction":[{"@type":"SearchAction","target":{"@type":"EntryPoint","urlTemplate":"https:\/\/ecosupplements.be\/fr\/?s={search_term_string}"},"query-input":{"@type":"PropertyValueSpecification","valueRequired":true,"valueName":"search_term_string"}}],"inLanguage":"fr-FR"},{"@type":"Organization","@id":"https:\/\/ecosupplements.be\/fr\/#organization","name":"Eco Supplements","url":"https:\/\/ecosupplements.be\/fr\/","logo":{"@type":"ImageObject","inLanguage":"fr-FR","@id":"https:\/\/ecosupplements.be\/fr\/#\/schema\/logo\/image\/","url":"https:\/\/ecosupplements.be\/wp-content\/uploads\/2022\/06\/ecosupplement-family.png","contentUrl":"https:\/\/ecosupplements.be\/wp-content\/uploads\/2022\/06\/ecosupplement-family.png","width":593,"height":374,"caption":"Eco Supplements"},"image":{"@id":"https:\/\/ecosupplements.be\/fr\/#\/schema\/logo\/image\/"}}]},"product_brand":"Swanson","product_price_amount":"4.36","product_price_currency":"EUR","og_availability":"instock","product_availability":"instock","product_retailer_item_id":"087614111131","product_condition":"new"},"_links":{"self":[{"href":"https:\/\/ecosupplements.be\/fr\/wp-json\/wp\/v2\/product\/283477","targetHints":{"allow":["GET"]}}],"collection":[{"href":"https:\/\/ecosupplements.be\/fr\/wp-json\/wp\/v2\/product"}],"about":[{"href":"https:\/\/ecosupplements.be\/fr\/wp-json\/wp\/v2\/types\/product"}],"replies":[{"embeddable":true,"href":"https:\/\/ecosupplements.be\/fr\/wp-json\/wp\/v2\/comments?post=283477"}],"wp:featuredmedia":[{"embeddable":true,"href":"https:\/\/ecosupplements.be\/fr\/wp-json\/wp\/v2\/media\/258912"}],"wp:attachment":[{"href":"https:\/\/ecosupplements.be\/fr\/wp-json\/wp\/v2\/media?parent=283477"}],"wp:term":[{"taxonomy":"product_brand","embeddable":true,"href":"https:\/\/ecosupplements.be\/fr\/wp-json\/wp\/v2\/product_brand?post=283477"},{"taxonomy":"product_cat","embeddable":true,"href":"https:\/\/ecosupplements.be\/fr\/wp-json\/wp\/v2\/product_cat?post=283477"},{"taxonomy":"product_tag","embeddable":true,"href":"https:\/\/ecosupplements.be\/fr\/wp-json\/wp\/v2\/product_tag?post=283477"}],"curies":[{"name":"wp","href":"https:\/\/api.w.org\/{rel}","templated":true}]}}