{"id":283485,"date":"2022-06-28T10:36:22","date_gmt":"2022-06-28T09:36:22","guid":{"rendered":"https:\/\/ecosupplements.be\/product\/enfants-kids-multi-citrus-punch-237-ml\/"},"modified":"2025-08-27T13:15:18","modified_gmt":"2025-08-27T12:15:18","slug":"enfants-kids-multi-citrus-punch-237-ml","status":"publish","type":"product","link":"https:\/\/ecosupplements.be\/fr\/produit\/enfants-kids-multi-citrus-punch-237-ml\/","title":{"rendered":"Enfants &#8211; Kid&#8217;s Multi, Citrus Punch &#8211; 237 ml."},"content":{"rendered":"<h1 style=\"text-align: center;\">Trace Minerals &#8211; Enfants &#8211; Kid&#8217;s Multi<\/h1>\n<p>Kid&#8217;s Multi est un compl\u00e9ment alimentaire savoureux formul\u00e9 sp\u00e9cialement pour les enfants afin de leur fournir les nutriments cl\u00e9s dont ils ont besoin pour promouvoir et maintenir une sant\u00e9 optimale. Kid&#8217;s Multi est formul\u00e9 avec des vitamines, des min\u00e9raux et d&#8217;autres nutriments importants en combinaison avec des oligo-\u00e9l\u00e9ments \u00e0 spectre complet, \u00e9quilibr\u00e9s pour le corps, de ConcenTrace pour une absorption et une assimilation accrues.<\/p>\n<p><img decoding=\"async\" src=\"https:\/\/ecosupplements.be\/wp-content\/uploads\/2025\/08\/gluten-free-1.png\" title=\"Sans gluten\" alt=\"Gluten free\"><\/p>\n","protected":false},"excerpt":{"rendered":"<p>Trace Minerals &#8211; Enfants &#8211; Kid&#8217;s Multi Kid&#8217;s Multi est un compl\u00e9ment alimentaire savoureux formul\u00e9 sp\u00e9cialement pour les enfants afin de leur fournir les nutriments cl\u00e9s dont ils ont besoin pour promouvoir et maintenir une sant\u00e9 optimale. Kid&#8217;s Multi est formul\u00e9 avec des vitamines, des min\u00e9raux et d&#8217;autres nutriments importants en combinaison avec des oligo-\u00e9l\u00e9ments [&#8230;]\n","protected":false},"featured_media":258929,"comment_status":"open","ping_status":"open","template":"","meta":[],"product_brand":[4769],"product_cat":[5075,5052,5053],"product_tag":[5069],"class_list":{"0":"post-283485","1":"product","2":"type-product","3":"status-publish","4":"has-post-thumbnail","6":"product_brand-trace-minerals-2","7":"product_cat-la-sante-des-enfants","8":"product_cat-sante-et-bien-etre","9":"product_cat-vitamines-et-mineraux","10":"product_tag-topeco-2","12":"first","13":"instock","14":"taxable","15":"shipping-taxable","16":"purchasable","17":"product-type-simple"},"yoast_head":"<!-- This site is optimized with the Yoast SEO Premium plugin v27.3 (Yoast SEO v27.3) - https:\/\/yoast.com\/product\/yoast-seo-premium-wordpress\/ -->\n<title>Enfants - Kid&#039;s Multi, Citrus Punch - 237 ml. - ECO Supplements<\/title>\n<meta name=\"description\" content=\"Wij hebben een ruime keuze aan producten van Enfants - Kid&#039;s Multi, Citrus Punch - 237 ml. . Winkel bij Eco Supplements altijd gratis verzending boven 100\u20ac\" \/>\n<meta name=\"robots\" content=\"index, follow, max-snippet:-1, max-image-preview:large, max-video-preview:-1\" \/>\n<link rel=\"canonical\" href=\"https:\/\/ecosupplements.be\/fr\/produit\/enfants-kids-multi-citrus-punch-237-ml\/\" \/>\n<meta property=\"og:locale\" content=\"fr_FR\" \/>\n<meta property=\"og:type\" content=\"article\" \/>\n<meta property=\"og:title\" content=\"Enfants - Kid&#039;s Multi, Citrus Punch - 237 ml.\" \/>\n<meta property=\"og:description\" content=\"Wij hebben een ruime keuze aan producten van Enfants - Kid&#039;s Multi, Citrus Punch - 237 ml. . Winkel bij Eco Supplements altijd gratis verzending boven 100\u20ac\" \/>\n<meta property=\"og:url\" content=\"https:\/\/ecosupplements.be\/fr\/produit\/enfants-kids-multi-citrus-punch-237-ml\/\" \/>\n<meta property=\"og:site_name\" content=\"ECO Supplements\" \/>\n<meta property=\"article:modified_time\" content=\"2025-08-27T12:15:18+00:00\" \/>\n<meta property=\"og:image\" content=\"https:\/\/ecosupplements.be\/wp-content\/uploads\/2025\/08\/Trace-Minerals-Childrens-Kids-Multi-Citrus-Punch-237-ml.png\" \/>\n\t<meta property=\"og:image:width\" content=\"375\" \/>\n\t<meta property=\"og:image:height\" content=\"1662\" \/>\n\t<meta property=\"og:image:type\" content=\"image\/png\" \/>\n<meta name=\"twitter:card\" content=\"summary_large_image\" \/>\n<meta name=\"twitter:label1\" content=\"Prix\" \/>\n\t<meta name=\"twitter:data1\" content=\"27.21&nbsp;&euro;\" \/>\n\t<meta name=\"twitter:label2\" content=\"Disponibilit\u00e9\" \/>\n\t<meta name=\"twitter:data2\" content=\"En stock\" \/>\n<script type=\"application\/ld+json\" class=\"yoast-schema-graph\">{\"@context\":\"https:\\\/\\\/schema.org\",\"@graph\":[{\"@type\":[\"WebPage\",\"ItemPage\"],\"@id\":\"https:\\\/\\\/ecosupplements.be\\\/fr\\\/produit\\\/enfants-kids-multi-citrus-punch-237-ml\\\/\",\"url\":\"https:\\\/\\\/ecosupplements.be\\\/fr\\\/produit\\\/enfants-kids-multi-citrus-punch-237-ml\\\/\",\"name\":\"Enfants - Kid's Multi, Citrus Punch - 237 ml. - ECO Supplements\",\"isPartOf\":{\"@id\":\"https:\\\/\\\/ecosupplements.be\\\/fr\\\/#website\"},\"primaryImageOfPage\":{\"@id\":\"https:\\\/\\\/ecosupplements.be\\\/fr\\\/produit\\\/enfants-kids-multi-citrus-punch-237-ml\\\/#primaryimage\"},\"image\":{\"@id\":\"https:\\\/\\\/ecosupplements.be\\\/fr\\\/produit\\\/enfants-kids-multi-citrus-punch-237-ml\\\/#primaryimage\"},\"thumbnailUrl\":\"https:\\\/\\\/ecosupplements.be\\\/wp-content\\\/uploads\\\/2025\\\/08\\\/Trace-Minerals-Childrens-Kids-Multi-Citrus-Punch-237-ml.png\",\"datePublished\":\"2022-06-28T09:36:22+00:00\",\"dateModified\":\"2025-08-27T12:15:18+00:00\",\"description\":\"Wij hebben een ruime keuze aan producten van Enfants - Kid's Multi, Citrus Punch - 237 ml. . Winkel bij Eco Supplements altijd gratis verzending boven 100\u20ac\",\"breadcrumb\":{\"@id\":\"https:\\\/\\\/ecosupplements.be\\\/fr\\\/produit\\\/enfants-kids-multi-citrus-punch-237-ml\\\/#breadcrumb\"},\"inLanguage\":\"fr-FR\",\"potentialAction\":[{\"@type\":\"ReadAction\",\"target\":[\"https:\\\/\\\/ecosupplements.be\\\/fr\\\/produit\\\/enfants-kids-multi-citrus-punch-237-ml\\\/\"]}]},{\"@type\":\"ImageObject\",\"inLanguage\":\"fr-FR\",\"@id\":\"https:\\\/\\\/ecosupplements.be\\\/fr\\\/produit\\\/enfants-kids-multi-citrus-punch-237-ml\\\/#primaryimage\",\"url\":\"https:\\\/\\\/ecosupplements.be\\\/wp-content\\\/uploads\\\/2025\\\/08\\\/Trace-Minerals-Childrens-Kids-Multi-Citrus-Punch-237-ml.png\",\"contentUrl\":\"https:\\\/\\\/ecosupplements.be\\\/wp-content\\\/uploads\\\/2025\\\/08\\\/Trace-Minerals-Childrens-Kids-Multi-Citrus-Punch-237-ml.png\",\"width\":375,\"height\":1662},{\"@type\":\"BreadcrumbList\",\"@id\":\"https:\\\/\\\/ecosupplements.be\\\/fr\\\/produit\\\/enfants-kids-multi-citrus-punch-237-ml\\\/#breadcrumb\",\"itemListElement\":[{\"@type\":\"ListItem\",\"position\":1,\"name\":\"Home\",\"item\":\"https:\\\/\\\/ecosupplements.be\\\/fr\\\/\"},{\"@type\":\"ListItem\",\"position\":2,\"name\":\"Boutique\",\"item\":\"https:\\\/\\\/ecosupplements.be\\\/fr\\\/boutique\\\/\"},{\"@type\":\"ListItem\",\"position\":3,\"name\":\"Enfants &#8211; Kid&#8217;s Multi, Citrus Punch &#8211; 237 ml.\"}]},{\"@type\":\"WebSite\",\"@id\":\"https:\\\/\\\/ecosupplements.be\\\/fr\\\/#website\",\"url\":\"https:\\\/\\\/ecosupplements.be\\\/fr\\\/\",\"name\":\"ECO Supplements\",\"description\":\"Eco Supplements - Gezonde supplementen\",\"publisher\":{\"@id\":\"https:\\\/\\\/ecosupplements.be\\\/fr\\\/#organization\"},\"potentialAction\":[{\"@type\":\"SearchAction\",\"target\":{\"@type\":\"EntryPoint\",\"urlTemplate\":\"https:\\\/\\\/ecosupplements.be\\\/fr\\\/?s={search_term_string}\"},\"query-input\":{\"@type\":\"PropertyValueSpecification\",\"valueRequired\":true,\"valueName\":\"search_term_string\"}}],\"inLanguage\":\"fr-FR\"},{\"@type\":\"Organization\",\"@id\":\"https:\\\/\\\/ecosupplements.be\\\/fr\\\/#organization\",\"name\":\"Eco Supplements\",\"url\":\"https:\\\/\\\/ecosupplements.be\\\/fr\\\/\",\"logo\":{\"@type\":\"ImageObject\",\"inLanguage\":\"fr-FR\",\"@id\":\"https:\\\/\\\/ecosupplements.be\\\/fr\\\/#\\\/schema\\\/logo\\\/image\\\/\",\"url\":\"https:\\\/\\\/ecosupplements.be\\\/wp-content\\\/uploads\\\/2022\\\/06\\\/ecosupplement-family.png\",\"contentUrl\":\"https:\\\/\\\/ecosupplements.be\\\/wp-content\\\/uploads\\\/2022\\\/06\\\/ecosupplement-family.png\",\"width\":593,\"height\":374,\"caption\":\"Eco Supplements\"},\"image\":{\"@id\":\"https:\\\/\\\/ecosupplements.be\\\/fr\\\/#\\\/schema\\\/logo\\\/image\\\/\"}}]}<\/script>\n<meta property=\"product:brand\" content=\"Trace Minerals\" \/>\n<meta property=\"product:price:amount\" content=\"27.21\" \/>\n<meta property=\"product:price:currency\" content=\"EUR\" \/>\n<meta property=\"og:availability\" content=\"instock\" \/>\n<meta property=\"product:availability\" content=\"instock\" \/>\n<meta property=\"product:retailer_item_id\" content=\"878941000812\" \/>\n<meta property=\"product:condition\" content=\"new\" \/>\n<!-- \/ Yoast SEO Premium plugin. -->","yoast_head_json":{"title":"Enfants - Kid's Multi, Citrus Punch - 237 ml. - ECO Supplements","description":"Wij hebben een ruime keuze aan producten van Enfants - Kid's Multi, Citrus Punch - 237 ml. . Winkel bij Eco Supplements altijd gratis verzending boven 100\u20ac","robots":{"index":"index","follow":"follow","max-snippet":"max-snippet:-1","max-image-preview":"max-image-preview:large","max-video-preview":"max-video-preview:-1"},"canonical":"https:\/\/ecosupplements.be\/fr\/produit\/enfants-kids-multi-citrus-punch-237-ml\/","og_locale":"fr_FR","og_type":"article","og_title":"Enfants - Kid's Multi, Citrus Punch - 237 ml.","og_description":"Wij hebben een ruime keuze aan producten van Enfants - Kid's Multi, Citrus Punch - 237 ml. . Winkel bij Eco Supplements altijd gratis verzending boven 100\u20ac","og_url":"https:\/\/ecosupplements.be\/fr\/produit\/enfants-kids-multi-citrus-punch-237-ml\/","og_site_name":"ECO Supplements","article_modified_time":"2025-08-27T12:15:18+00:00","og_image":[{"width":375,"height":1662,"url":"https:\/\/ecosupplements.be\/wp-content\/uploads\/2025\/08\/Trace-Minerals-Childrens-Kids-Multi-Citrus-Punch-237-ml.png","type":"image\/png"}],"twitter_card":"summary_large_image","twitter_misc":{"Prix":"27.21&nbsp;&euro;","Disponibilit\u00e9":"En stock"},"schema":{"@context":"https:\/\/schema.org","@graph":[{"@type":["WebPage","ItemPage"],"@id":"https:\/\/ecosupplements.be\/fr\/produit\/enfants-kids-multi-citrus-punch-237-ml\/","url":"https:\/\/ecosupplements.be\/fr\/produit\/enfants-kids-multi-citrus-punch-237-ml\/","name":"Enfants - Kid's Multi, Citrus Punch - 237 ml. - ECO Supplements","isPartOf":{"@id":"https:\/\/ecosupplements.be\/fr\/#website"},"primaryImageOfPage":{"@id":"https:\/\/ecosupplements.be\/fr\/produit\/enfants-kids-multi-citrus-punch-237-ml\/#primaryimage"},"image":{"@id":"https:\/\/ecosupplements.be\/fr\/produit\/enfants-kids-multi-citrus-punch-237-ml\/#primaryimage"},"thumbnailUrl":"https:\/\/ecosupplements.be\/wp-content\/uploads\/2025\/08\/Trace-Minerals-Childrens-Kids-Multi-Citrus-Punch-237-ml.png","datePublished":"2022-06-28T09:36:22+00:00","dateModified":"2025-08-27T12:15:18+00:00","description":"Wij hebben een ruime keuze aan producten van Enfants - Kid's Multi, Citrus Punch - 237 ml. . Winkel bij Eco Supplements altijd gratis verzending boven 100\u20ac","breadcrumb":{"@id":"https:\/\/ecosupplements.be\/fr\/produit\/enfants-kids-multi-citrus-punch-237-ml\/#breadcrumb"},"inLanguage":"fr-FR","potentialAction":[{"@type":"ReadAction","target":["https:\/\/ecosupplements.be\/fr\/produit\/enfants-kids-multi-citrus-punch-237-ml\/"]}]},{"@type":"ImageObject","inLanguage":"fr-FR","@id":"https:\/\/ecosupplements.be\/fr\/produit\/enfants-kids-multi-citrus-punch-237-ml\/#primaryimage","url":"https:\/\/ecosupplements.be\/wp-content\/uploads\/2025\/08\/Trace-Minerals-Childrens-Kids-Multi-Citrus-Punch-237-ml.png","contentUrl":"https:\/\/ecosupplements.be\/wp-content\/uploads\/2025\/08\/Trace-Minerals-Childrens-Kids-Multi-Citrus-Punch-237-ml.png","width":375,"height":1662},{"@type":"BreadcrumbList","@id":"https:\/\/ecosupplements.be\/fr\/produit\/enfants-kids-multi-citrus-punch-237-ml\/#breadcrumb","itemListElement":[{"@type":"ListItem","position":1,"name":"Home","item":"https:\/\/ecosupplements.be\/fr\/"},{"@type":"ListItem","position":2,"name":"Boutique","item":"https:\/\/ecosupplements.be\/fr\/boutique\/"},{"@type":"ListItem","position":3,"name":"Enfants &#8211; Kid&#8217;s Multi, Citrus Punch &#8211; 237 ml."}]},{"@type":"WebSite","@id":"https:\/\/ecosupplements.be\/fr\/#website","url":"https:\/\/ecosupplements.be\/fr\/","name":"ECO Supplements","description":"Eco Supplements - Gezonde supplementen","publisher":{"@id":"https:\/\/ecosupplements.be\/fr\/#organization"},"potentialAction":[{"@type":"SearchAction","target":{"@type":"EntryPoint","urlTemplate":"https:\/\/ecosupplements.be\/fr\/?s={search_term_string}"},"query-input":{"@type":"PropertyValueSpecification","valueRequired":true,"valueName":"search_term_string"}}],"inLanguage":"fr-FR"},{"@type":"Organization","@id":"https:\/\/ecosupplements.be\/fr\/#organization","name":"Eco Supplements","url":"https:\/\/ecosupplements.be\/fr\/","logo":{"@type":"ImageObject","inLanguage":"fr-FR","@id":"https:\/\/ecosupplements.be\/fr\/#\/schema\/logo\/image\/","url":"https:\/\/ecosupplements.be\/wp-content\/uploads\/2022\/06\/ecosupplement-family.png","contentUrl":"https:\/\/ecosupplements.be\/wp-content\/uploads\/2022\/06\/ecosupplement-family.png","width":593,"height":374,"caption":"Eco Supplements"},"image":{"@id":"https:\/\/ecosupplements.be\/fr\/#\/schema\/logo\/image\/"}}]},"product_brand":"Trace Minerals","product_price_amount":"27.21","product_price_currency":"EUR","og_availability":"instock","product_availability":"instock","product_retailer_item_id":"878941000812","product_condition":"new"},"_links":{"self":[{"href":"https:\/\/ecosupplements.be\/fr\/wp-json\/wp\/v2\/product\/283485","targetHints":{"allow":["GET"]}}],"collection":[{"href":"https:\/\/ecosupplements.be\/fr\/wp-json\/wp\/v2\/product"}],"about":[{"href":"https:\/\/ecosupplements.be\/fr\/wp-json\/wp\/v2\/types\/product"}],"replies":[{"embeddable":true,"href":"https:\/\/ecosupplements.be\/fr\/wp-json\/wp\/v2\/comments?post=283485"}],"wp:featuredmedia":[{"embeddable":true,"href":"https:\/\/ecosupplements.be\/fr\/wp-json\/wp\/v2\/media\/258929"}],"wp:attachment":[{"href":"https:\/\/ecosupplements.be\/fr\/wp-json\/wp\/v2\/media?parent=283485"}],"wp:term":[{"taxonomy":"product_brand","embeddable":true,"href":"https:\/\/ecosupplements.be\/fr\/wp-json\/wp\/v2\/product_brand?post=283485"},{"taxonomy":"product_cat","embeddable":true,"href":"https:\/\/ecosupplements.be\/fr\/wp-json\/wp\/v2\/product_cat?post=283485"},{"taxonomy":"product_tag","embeddable":true,"href":"https:\/\/ecosupplements.be\/fr\/wp-json\/wp\/v2\/product_tag?post=283485"}],"curies":[{"name":"wp","href":"https:\/\/api.w.org\/{rel}","templated":true}]}}