{"id":283519,"date":"2022-06-28T10:36:22","date_gmt":"2022-06-28T09:36:22","guid":{"rendered":"https:\/\/ecosupplements.be\/product\/rincage-buccal-aux-mineraux-concentrace-menthe-473-ml\/"},"modified":"2025-08-27T13:15:58","modified_gmt":"2025-08-27T12:15:58","slug":"rincage-buccal-aux-mineraux-concentrace-menthe-473-ml","status":"publish","type":"product","link":"https:\/\/ecosupplements.be\/fr\/produit\/rincage-buccal-aux-mineraux-concentrace-menthe-473-ml\/","title":{"rendered":"Rin\u00e7age buccal aux min\u00e9raux ConcenTrace, menthe &#8211; 473 ml."},"content":{"rendered":"<h1 style=\"text-align: center;\">Trace Minerals &#8211; Rin\u00e7age buccal aux min\u00e9raux ConcenTrace<\/h1>\n<p>Le rince-bouche min\u00e9ral ConcenTrace est un rince-bouche doux et sans alcool qui aide \u00e0 promouvoir une haleine fra\u00eeche et une sensation de propret\u00e9 de mani\u00e8re naturelle. Il est compos\u00e9 d&#8217;oligo-\u00e9l\u00e9ments ioniques ConcenTrace, le suppl\u00e9ment d&#8217;oligo-\u00e9l\u00e9ments le plus vendu en Am\u00e9rique, d&#8217;argent collo\u00efdal et d&#8217;huile essentielle de menthe poivr\u00e9e. Ce m\u00e9lange unique aide \u00e0 rincer vos dents et vos gencives des d\u00e9bris alimentaires tandis que les min\u00e9raux aident \u00e0 neutraliser les odeurs et les aliments acides qui causent la mauvaise haleine, laissant votre bouche propre et votre haleine fra\u00eeche.<\/p>\n<p>\u200d<\/p>\n<p><img decoding=\"async\" src=\"https:\/\/ecosupplements.be\/wp-content\/uploads\/2025\/08\/gluten-free-1.png\" title=\"Sans gluten\" alt=\"Gluten free\"><\/p>\n","protected":false},"excerpt":{"rendered":"<p>Trace Minerals &#8211; Rin\u00e7age buccal aux min\u00e9raux ConcenTrace Le rince-bouche min\u00e9ral ConcenTrace est un rince-bouche doux et sans alcool qui aide \u00e0 promouvoir une haleine fra\u00eeche et une sensation de propret\u00e9 de mani\u00e8re naturelle. Il est compos\u00e9 d&#8217;oligo-\u00e9l\u00e9ments ioniques ConcenTrace, le suppl\u00e9ment d&#8217;oligo-\u00e9l\u00e9ments le plus vendu en Am\u00e9rique, d&#8217;argent collo\u00efdal et d&#8217;huile essentielle de menthe [&#8230;]\n","protected":false},"featured_media":258967,"comment_status":"open","ping_status":"open","template":"","meta":[],"product_brand":[4769],"product_cat":[5114,5052],"product_tag":[],"class_list":{"0":"post-283519","1":"product","2":"type-product","3":"status-publish","4":"has-post-thumbnail","6":"product_brand-trace-minerals-2","7":"product_cat-beaute","8":"product_cat-sante-et-bien-etre","10":"first","11":"instock","12":"taxable","13":"shipping-taxable","14":"purchasable","15":"product-type-simple"},"yoast_head":"<!-- This site is optimized with the Yoast SEO Premium plugin v27.3 (Yoast SEO v27.3) - https:\/\/yoast.com\/product\/yoast-seo-premium-wordpress\/ -->\n<title>Rin\u00e7age buccal aux min\u00e9raux ConcenTrace, menthe - 473 ml. - ECO Supplements<\/title>\n<meta name=\"description\" content=\"Wij hebben een ruime keuze aan producten van Rin\u00e7age buccal aux min\u00e9raux ConcenTrace, menthe - 473 ml. . Winkel bij Eco Supplements altijd gratis verzending boven 100\u20ac\" \/>\n<meta name=\"robots\" content=\"index, follow, max-snippet:-1, max-image-preview:large, max-video-preview:-1\" \/>\n<link rel=\"canonical\" href=\"https:\/\/ecosupplements.be\/fr\/produit\/rincage-buccal-aux-mineraux-concentrace-menthe-473-ml\/\" \/>\n<meta property=\"og:locale\" content=\"fr_FR\" \/>\n<meta property=\"og:type\" content=\"article\" \/>\n<meta property=\"og:title\" content=\"Rin\u00e7age buccal aux min\u00e9raux ConcenTrace, menthe - 473 ml.\" \/>\n<meta property=\"og:description\" content=\"Wij hebben een ruime keuze aan producten van Rin\u00e7age buccal aux min\u00e9raux ConcenTrace, menthe - 473 ml. . Winkel bij Eco Supplements altijd gratis verzending boven 100\u20ac\" \/>\n<meta property=\"og:url\" content=\"https:\/\/ecosupplements.be\/fr\/produit\/rincage-buccal-aux-mineraux-concentrace-menthe-473-ml\/\" \/>\n<meta property=\"og:site_name\" content=\"ECO Supplements\" \/>\n<meta property=\"article:modified_time\" content=\"2025-08-27T12:15:58+00:00\" \/>\n<meta property=\"og:image\" content=\"https:\/\/ecosupplements.be\/wp-content\/uploads\/2025\/08\/Trace-Minerals-ConcenTrace-Mineral-Mouth-Rinse-Mint-473-ml.jpg\" \/>\n\t<meta property=\"og:image:width\" content=\"750\" \/>\n\t<meta property=\"og:image:height\" content=\"750\" \/>\n\t<meta property=\"og:image:type\" content=\"image\/jpeg\" \/>\n<meta name=\"twitter:card\" content=\"summary_large_image\" \/>\n<meta name=\"twitter:label1\" content=\"Prix\" \/>\n\t<meta name=\"twitter:data1\" content=\"16.59&nbsp;&euro;\" \/>\n\t<meta name=\"twitter:label2\" content=\"Disponibilit\u00e9\" \/>\n\t<meta name=\"twitter:data2\" content=\"En stock\" \/>\n<script type=\"application\/ld+json\" class=\"yoast-schema-graph\">{\"@context\":\"https:\\\/\\\/schema.org\",\"@graph\":[{\"@type\":[\"WebPage\",\"ItemPage\"],\"@id\":\"https:\\\/\\\/ecosupplements.be\\\/fr\\\/produit\\\/rincage-buccal-aux-mineraux-concentrace-menthe-473-ml\\\/\",\"url\":\"https:\\\/\\\/ecosupplements.be\\\/fr\\\/produit\\\/rincage-buccal-aux-mineraux-concentrace-menthe-473-ml\\\/\",\"name\":\"Rin\u00e7age buccal aux min\u00e9raux ConcenTrace, menthe - 473 ml. - ECO Supplements\",\"isPartOf\":{\"@id\":\"https:\\\/\\\/ecosupplements.be\\\/fr\\\/#website\"},\"primaryImageOfPage\":{\"@id\":\"https:\\\/\\\/ecosupplements.be\\\/fr\\\/produit\\\/rincage-buccal-aux-mineraux-concentrace-menthe-473-ml\\\/#primaryimage\"},\"image\":{\"@id\":\"https:\\\/\\\/ecosupplements.be\\\/fr\\\/produit\\\/rincage-buccal-aux-mineraux-concentrace-menthe-473-ml\\\/#primaryimage\"},\"thumbnailUrl\":\"https:\\\/\\\/ecosupplements.be\\\/wp-content\\\/uploads\\\/2025\\\/08\\\/Trace-Minerals-ConcenTrace-Mineral-Mouth-Rinse-Mint-473-ml.jpg\",\"datePublished\":\"2022-06-28T09:36:22+00:00\",\"dateModified\":\"2025-08-27T12:15:58+00:00\",\"description\":\"Wij hebben een ruime keuze aan producten van Rin\u00e7age buccal aux min\u00e9raux ConcenTrace, menthe - 473 ml. . Winkel bij Eco Supplements altijd gratis verzending boven 100\u20ac\",\"breadcrumb\":{\"@id\":\"https:\\\/\\\/ecosupplements.be\\\/fr\\\/produit\\\/rincage-buccal-aux-mineraux-concentrace-menthe-473-ml\\\/#breadcrumb\"},\"inLanguage\":\"fr-FR\",\"potentialAction\":[{\"@type\":\"ReadAction\",\"target\":[\"https:\\\/\\\/ecosupplements.be\\\/fr\\\/produit\\\/rincage-buccal-aux-mineraux-concentrace-menthe-473-ml\\\/\"]}]},{\"@type\":\"ImageObject\",\"inLanguage\":\"fr-FR\",\"@id\":\"https:\\\/\\\/ecosupplements.be\\\/fr\\\/produit\\\/rincage-buccal-aux-mineraux-concentrace-menthe-473-ml\\\/#primaryimage\",\"url\":\"https:\\\/\\\/ecosupplements.be\\\/wp-content\\\/uploads\\\/2025\\\/08\\\/Trace-Minerals-ConcenTrace-Mineral-Mouth-Rinse-Mint-473-ml.jpg\",\"contentUrl\":\"https:\\\/\\\/ecosupplements.be\\\/wp-content\\\/uploads\\\/2025\\\/08\\\/Trace-Minerals-ConcenTrace-Mineral-Mouth-Rinse-Mint-473-ml.jpg\",\"width\":750,\"height\":750},{\"@type\":\"BreadcrumbList\",\"@id\":\"https:\\\/\\\/ecosupplements.be\\\/fr\\\/produit\\\/rincage-buccal-aux-mineraux-concentrace-menthe-473-ml\\\/#breadcrumb\",\"itemListElement\":[{\"@type\":\"ListItem\",\"position\":1,\"name\":\"Home\",\"item\":\"https:\\\/\\\/ecosupplements.be\\\/fr\\\/\"},{\"@type\":\"ListItem\",\"position\":2,\"name\":\"Boutique\",\"item\":\"https:\\\/\\\/ecosupplements.be\\\/fr\\\/boutique\\\/\"},{\"@type\":\"ListItem\",\"position\":3,\"name\":\"Rin\u00e7age buccal aux min\u00e9raux ConcenTrace, menthe &#8211; 473 ml.\"}]},{\"@type\":\"WebSite\",\"@id\":\"https:\\\/\\\/ecosupplements.be\\\/fr\\\/#website\",\"url\":\"https:\\\/\\\/ecosupplements.be\\\/fr\\\/\",\"name\":\"ECO Supplements\",\"description\":\"Eco Supplements - Gezonde supplementen\",\"publisher\":{\"@id\":\"https:\\\/\\\/ecosupplements.be\\\/fr\\\/#organization\"},\"potentialAction\":[{\"@type\":\"SearchAction\",\"target\":{\"@type\":\"EntryPoint\",\"urlTemplate\":\"https:\\\/\\\/ecosupplements.be\\\/fr\\\/?s={search_term_string}\"},\"query-input\":{\"@type\":\"PropertyValueSpecification\",\"valueRequired\":true,\"valueName\":\"search_term_string\"}}],\"inLanguage\":\"fr-FR\"},{\"@type\":\"Organization\",\"@id\":\"https:\\\/\\\/ecosupplements.be\\\/fr\\\/#organization\",\"name\":\"Eco Supplements\",\"url\":\"https:\\\/\\\/ecosupplements.be\\\/fr\\\/\",\"logo\":{\"@type\":\"ImageObject\",\"inLanguage\":\"fr-FR\",\"@id\":\"https:\\\/\\\/ecosupplements.be\\\/fr\\\/#\\\/schema\\\/logo\\\/image\\\/\",\"url\":\"https:\\\/\\\/ecosupplements.be\\\/wp-content\\\/uploads\\\/2022\\\/06\\\/ecosupplement-family.png\",\"contentUrl\":\"https:\\\/\\\/ecosupplements.be\\\/wp-content\\\/uploads\\\/2022\\\/06\\\/ecosupplement-family.png\",\"width\":593,\"height\":374,\"caption\":\"Eco Supplements\"},\"image\":{\"@id\":\"https:\\\/\\\/ecosupplements.be\\\/fr\\\/#\\\/schema\\\/logo\\\/image\\\/\"}}]}<\/script>\n<meta property=\"product:brand\" content=\"Trace Minerals\" \/>\n<meta property=\"product:price:amount\" content=\"16.59\" \/>\n<meta property=\"product:price:currency\" content=\"EUR\" \/>\n<meta property=\"og:availability\" content=\"instock\" \/>\n<meta property=\"product:availability\" content=\"instock\" \/>\n<meta property=\"product:retailer_item_id\" content=\"878941002861\" \/>\n<meta property=\"product:condition\" content=\"new\" \/>\n<!-- \/ Yoast SEO Premium plugin. -->","yoast_head_json":{"title":"Rin\u00e7age buccal aux min\u00e9raux ConcenTrace, menthe - 473 ml. - ECO Supplements","description":"Wij hebben een ruime keuze aan producten van Rin\u00e7age buccal aux min\u00e9raux ConcenTrace, menthe - 473 ml. . Winkel bij Eco Supplements altijd gratis verzending boven 100\u20ac","robots":{"index":"index","follow":"follow","max-snippet":"max-snippet:-1","max-image-preview":"max-image-preview:large","max-video-preview":"max-video-preview:-1"},"canonical":"https:\/\/ecosupplements.be\/fr\/produit\/rincage-buccal-aux-mineraux-concentrace-menthe-473-ml\/","og_locale":"fr_FR","og_type":"article","og_title":"Rin\u00e7age buccal aux min\u00e9raux ConcenTrace, menthe - 473 ml.","og_description":"Wij hebben een ruime keuze aan producten van Rin\u00e7age buccal aux min\u00e9raux ConcenTrace, menthe - 473 ml. . Winkel bij Eco Supplements altijd gratis verzending boven 100\u20ac","og_url":"https:\/\/ecosupplements.be\/fr\/produit\/rincage-buccal-aux-mineraux-concentrace-menthe-473-ml\/","og_site_name":"ECO Supplements","article_modified_time":"2025-08-27T12:15:58+00:00","og_image":[{"width":750,"height":750,"url":"https:\/\/ecosupplements.be\/wp-content\/uploads\/2025\/08\/Trace-Minerals-ConcenTrace-Mineral-Mouth-Rinse-Mint-473-ml.jpg","type":"image\/jpeg"}],"twitter_card":"summary_large_image","twitter_misc":{"Prix":"16.59&nbsp;&euro;","Disponibilit\u00e9":"En stock"},"schema":{"@context":"https:\/\/schema.org","@graph":[{"@type":["WebPage","ItemPage"],"@id":"https:\/\/ecosupplements.be\/fr\/produit\/rincage-buccal-aux-mineraux-concentrace-menthe-473-ml\/","url":"https:\/\/ecosupplements.be\/fr\/produit\/rincage-buccal-aux-mineraux-concentrace-menthe-473-ml\/","name":"Rin\u00e7age buccal aux min\u00e9raux ConcenTrace, menthe - 473 ml. - ECO Supplements","isPartOf":{"@id":"https:\/\/ecosupplements.be\/fr\/#website"},"primaryImageOfPage":{"@id":"https:\/\/ecosupplements.be\/fr\/produit\/rincage-buccal-aux-mineraux-concentrace-menthe-473-ml\/#primaryimage"},"image":{"@id":"https:\/\/ecosupplements.be\/fr\/produit\/rincage-buccal-aux-mineraux-concentrace-menthe-473-ml\/#primaryimage"},"thumbnailUrl":"https:\/\/ecosupplements.be\/wp-content\/uploads\/2025\/08\/Trace-Minerals-ConcenTrace-Mineral-Mouth-Rinse-Mint-473-ml.jpg","datePublished":"2022-06-28T09:36:22+00:00","dateModified":"2025-08-27T12:15:58+00:00","description":"Wij hebben een ruime keuze aan producten van Rin\u00e7age buccal aux min\u00e9raux ConcenTrace, menthe - 473 ml. . Winkel bij Eco Supplements altijd gratis verzending boven 100\u20ac","breadcrumb":{"@id":"https:\/\/ecosupplements.be\/fr\/produit\/rincage-buccal-aux-mineraux-concentrace-menthe-473-ml\/#breadcrumb"},"inLanguage":"fr-FR","potentialAction":[{"@type":"ReadAction","target":["https:\/\/ecosupplements.be\/fr\/produit\/rincage-buccal-aux-mineraux-concentrace-menthe-473-ml\/"]}]},{"@type":"ImageObject","inLanguage":"fr-FR","@id":"https:\/\/ecosupplements.be\/fr\/produit\/rincage-buccal-aux-mineraux-concentrace-menthe-473-ml\/#primaryimage","url":"https:\/\/ecosupplements.be\/wp-content\/uploads\/2025\/08\/Trace-Minerals-ConcenTrace-Mineral-Mouth-Rinse-Mint-473-ml.jpg","contentUrl":"https:\/\/ecosupplements.be\/wp-content\/uploads\/2025\/08\/Trace-Minerals-ConcenTrace-Mineral-Mouth-Rinse-Mint-473-ml.jpg","width":750,"height":750},{"@type":"BreadcrumbList","@id":"https:\/\/ecosupplements.be\/fr\/produit\/rincage-buccal-aux-mineraux-concentrace-menthe-473-ml\/#breadcrumb","itemListElement":[{"@type":"ListItem","position":1,"name":"Home","item":"https:\/\/ecosupplements.be\/fr\/"},{"@type":"ListItem","position":2,"name":"Boutique","item":"https:\/\/ecosupplements.be\/fr\/boutique\/"},{"@type":"ListItem","position":3,"name":"Rin\u00e7age buccal aux min\u00e9raux ConcenTrace, menthe &#8211; 473 ml."}]},{"@type":"WebSite","@id":"https:\/\/ecosupplements.be\/fr\/#website","url":"https:\/\/ecosupplements.be\/fr\/","name":"ECO Supplements","description":"Eco Supplements - Gezonde supplementen","publisher":{"@id":"https:\/\/ecosupplements.be\/fr\/#organization"},"potentialAction":[{"@type":"SearchAction","target":{"@type":"EntryPoint","urlTemplate":"https:\/\/ecosupplements.be\/fr\/?s={search_term_string}"},"query-input":{"@type":"PropertyValueSpecification","valueRequired":true,"valueName":"search_term_string"}}],"inLanguage":"fr-FR"},{"@type":"Organization","@id":"https:\/\/ecosupplements.be\/fr\/#organization","name":"Eco Supplements","url":"https:\/\/ecosupplements.be\/fr\/","logo":{"@type":"ImageObject","inLanguage":"fr-FR","@id":"https:\/\/ecosupplements.be\/fr\/#\/schema\/logo\/image\/","url":"https:\/\/ecosupplements.be\/wp-content\/uploads\/2022\/06\/ecosupplement-family.png","contentUrl":"https:\/\/ecosupplements.be\/wp-content\/uploads\/2022\/06\/ecosupplement-family.png","width":593,"height":374,"caption":"Eco Supplements"},"image":{"@id":"https:\/\/ecosupplements.be\/fr\/#\/schema\/logo\/image\/"}}]},"product_brand":"Trace Minerals","product_price_amount":"16.59","product_price_currency":"EUR","og_availability":"instock","product_availability":"instock","product_retailer_item_id":"878941002861","product_condition":"new"},"_links":{"self":[{"href":"https:\/\/ecosupplements.be\/fr\/wp-json\/wp\/v2\/product\/283519","targetHints":{"allow":["GET"]}}],"collection":[{"href":"https:\/\/ecosupplements.be\/fr\/wp-json\/wp\/v2\/product"}],"about":[{"href":"https:\/\/ecosupplements.be\/fr\/wp-json\/wp\/v2\/types\/product"}],"replies":[{"embeddable":true,"href":"https:\/\/ecosupplements.be\/fr\/wp-json\/wp\/v2\/comments?post=283519"}],"wp:featuredmedia":[{"embeddable":true,"href":"https:\/\/ecosupplements.be\/fr\/wp-json\/wp\/v2\/media\/258967"}],"wp:attachment":[{"href":"https:\/\/ecosupplements.be\/fr\/wp-json\/wp\/v2\/media?parent=283519"}],"wp:term":[{"taxonomy":"product_brand","embeddable":true,"href":"https:\/\/ecosupplements.be\/fr\/wp-json\/wp\/v2\/product_brand?post=283519"},{"taxonomy":"product_cat","embeddable":true,"href":"https:\/\/ecosupplements.be\/fr\/wp-json\/wp\/v2\/product_cat?post=283519"},{"taxonomy":"product_tag","embeddable":true,"href":"https:\/\/ecosupplements.be\/fr\/wp-json\/wp\/v2\/product_tag?post=283519"}],"curies":[{"name":"wp","href":"https:\/\/api.w.org\/{rel}","templated":true}]}}