{"id":283557,"date":"2022-06-28T10:36:29","date_gmt":"2022-06-28T09:36:29","guid":{"rendered":"https:\/\/ecosupplements.be\/product\/electro-vita-min-180-comprimes\/"},"modified":"2025-08-27T13:16:38","modified_gmt":"2025-08-27T12:16:38","slug":"electro-vita-min-180-comprimes","status":"publish","type":"product","link":"https:\/\/ecosupplements.be\/fr\/produit\/electro-vita-min-180-comprimes\/","title":{"rendered":"electro-vita-min &#8211; 180 comprim\u00e9s"},"content":{"rendered":"<h1 style=\"text-align: center;\">Oligo-\u00e9l\u00e9ments &#8211; Electro-Vita-Min<\/h1>\n<p>Electro-Vita-Min est le multi original \u00e0 base d&#8217;aliments avec plus de 30 ans sur le march\u00e9 ! Il est formul\u00e9 pour fournir un m\u00e9lange synergique complet de vitamines essentielles, de min\u00e9raux, d&#8217;aliments verts, d&#8217;acides gras om\u00e9ga et d&#8217;enzymes qui ont \u00e9t\u00e9 suraliment\u00e9s avec un spectre complet d&#8217;\u00e9lectrolytes provenant de Trace Min\u00e9raux Ioniques pour aider \u00e0 maintenir une sant\u00e9 et une \u00e9nergie optimales.<\/p>\n<p><img decoding=\"async\" src=\"https:\/\/ecosupplements.be\/wp-content\/uploads\/2025\/08\/gluten-free-1.png\" title=\"Sans gluten\" alt=\"Gluten free\"><img decoding=\"async\" src=\"https:\/\/ecosupplements.be\/wp-content\/uploads\/2025\/08\/vegetarian-1.png\" title=\"V\u00e9g\u00e9tarien\" alt=\"Vegetarian\"><\/p>\n<p>Compl\u00e9ment alimentaire :<br \/>\nPortion : 3 comprim\u00e9s<br \/>\nPortions par conteneur : 360<\/p>\n<p>Quantit\u00e9 par portion :<br \/>\nCalories 10<br \/>\nTotal des glucides 2g 1%<br \/>\n Fibres alimentaires 1g 4%<br \/>\nVitamine A (en tant que palmitate de r\u00e9tinyle, b\u00eata-carot\u00e8ne) 750mcg RAE 83%<br \/>\nVitamine C (en tant qu&#8217;acide ascorbique) 60mg 67%<br \/>\nVitamine D3 (sous forme de chol\u00e9calcif\u00e9rol) 10mcg 50%<br \/>\nVitamine E (en tant que succinate acide de D-Alpha Tocopherol) 20mg 133%<br \/>\nVitamine K (en tant que phylloquinone) 80mcg 67%<br \/>\nThiamine (en tant que Thiamin HCI) 3mg 250%<br \/>\nRiboflavine 2.6mg 200%<br \/>\nNiacine (sous forme de Niacinamide) 30mg 188%<br \/>\nVitamine B6 (en tant que Pyridoxine HCI) 3mg 176%<br \/>\nFolate (en tant que 400mcg d&#8217;acide folique) 667mcg DFE 167%<br \/>\nVitamine B12 (en tant que Cyanocobalamine) 6mcg 250%<br \/>\nBiotine 600mcg 2000%<br \/>\nAcide pantoth\u00e9nique (en tant que D-pantoth\u00e9nate de calcium) 15mg 300%<br \/>\nCholine (en tant que bitartrate) 4mg 1%<br \/>\nCalcium (en tant que carbonate de calcium) 100mg 8%<br \/>\nFer (sous forme de fumarate ferreux\/ch\u00e9late d&#8217;acide amin\u00e9) 9mg 50%<br \/>\nMagn\u00e9sium (de l&#8217;IMT, Oxyde de Mag.) 350mg 83%<br \/>\nZinc (sous forme de citrate de zinc, sulfate de zinc) 13,5mg 123%<br \/>\nS\u00e9l\u00e9nium (en tant que ch\u00e9late d&#8217;acide amin\u00e9 de s\u00e9l\u00e9nium) 35mcg 64%<br \/>\nCuivre (sous forme de gluconate de cuivre) 1mg 111%<br \/>\nMangan\u00e8se (en tant que ch\u00e9late d&#8217;acide amin\u00e9 de mangan\u00e8se) 1mg 43%<br \/>\nChrome (en tant que polynicotinate de chrome) 60mcg 171%<br \/>\nChlorure (en tant que chlorure de potassium, IMT) 725mg 32%<br \/>\nSodium (de l&#8217;IMT, Citrate de Sodium) 20mg 1%<br \/>\nPotassium (en tant que Chlorure de potassium, Citrate de potassium) 100mg 2%<br \/>\nComplexe d&#8217;oligo-\u00e9l\u00e9ments ioniques (ITM) 2,5g<br \/>\nUn complexe concentr\u00e9 d&#8217;oligo-\u00e9l\u00e9ments ioniques \u00e0 spectre complet.<br \/>\nM\u00e9lange d&#8217;herbes, d&#8217;aliments et d&#8217;enzymes 245mg<br \/>\nLuzerne (Medicago sativa) feuille, Ac\u00e9rola (Malphigia glabra) extrait de fruit, Chlorella (Chlorella vargaris) enti\u00e8re, Spiruline (Arthro-spira platensis), Herbe de bl\u00e9 (Triticum aestivum), Varech (Lami-naria digitata) extrait, Complexe de bioflavino\u00efdes d&#8217;agrumes (10% Bio-flavino\u00efdes), Brom\u00e9la\u00efne (Ananas comosus) tige, Cynorrhodon (Rosa canina) fruit, Bassin jaune (Rumex crispus) racine, Lipase, Amy-lase, Cellulase, Prot\u00e9ase, Papa\u00efne (Carlo papaya).<br \/>\nPoudre de graines de lin biologique (Linum usitatissimum) 120mg<br \/>\nContenant des acides gras essentiels om\u00e9ga 3-6-9<br \/>\nSulfate (de l&#8217;IMT, sulfate de zinc) 100mg<br \/>\nPABA (Acide Para-Aminobenzo\u00efque) 10mg<br \/>\nInositol 5mg<br \/>\nBore (provenant du Citrate de Bore, ITM) 2,5mg<\/p>\n<p>Electro-Vita-Min Autres ingr\u00e9dients :<br \/>\nAcide st\u00e9arique, croscarmellose sodique, st\u00e9arate de magn\u00e9sium, hypromellose, dioxyde de silicium, cellulose microcristalline, st\u00e9arate de calcium, CarboWax. <\/p>\n<p>Electro-Vita-Min Utilisation recommand\u00e9e :<br \/>\nPrenez 1 \u00e0 3 comprim\u00e9s par jour, r\u00e9partis au moment des repas. Prenez 3 comprim\u00e9s pour des b\u00e9n\u00e9fices optimaux.<\/p>\n<p>Avertissements :<br \/>\nLe surdosage accidentel de produits contenant du fer est une des principales causes d&#8217;empoisonnement mortel chez les enfants de moins de 6 ans. Gardez ce produit hors de port\u00e9e des enfants. En cas de surdosage accidentel, appelez imm\u00e9diatement un m\u00e9decin ou un centre antipoison. Ce produit n&#8217;est pas destin\u00e9 \u00e0 diagnostiquer, traiter, gu\u00e9rir ou pr\u00e9venir une quelconque maladie.<\/p>\n","protected":false},"excerpt":{"rendered":"<p>Oligo-\u00e9l\u00e9ments &#8211; Electro-Vita-Min Electro-Vita-Min est le multi original \u00e0 base d&#8217;aliments avec plus de 30 ans sur le march\u00e9 ! Il est formul\u00e9 pour fournir un m\u00e9lange synergique complet de vitamines essentielles, de min\u00e9raux, d&#8217;aliments verts, d&#8217;acides gras om\u00e9ga et d&#8217;enzymes qui ont \u00e9t\u00e9 suraliment\u00e9s avec un spectre complet d&#8217;\u00e9lectrolytes provenant de Trace Min\u00e9raux Ioniques [&#8230;]\n","protected":false},"featured_media":259012,"comment_status":"closed","ping_status":"open","template":"","meta":[],"product_brand":[4769],"product_cat":[5100,5062,5052,5053],"product_tag":[5069],"class_list":{"0":"post-283557","1":"product","2":"type-product","3":"status-publish","4":"has-post-thumbnail","6":"product_brand-trace-minerals-2","7":"product_cat-multi-vitamines","8":"product_cat-multivitamines","9":"product_cat-sante-et-bien-etre","10":"product_cat-vitamines-et-mineraux","11":"product_tag-topeco-2","13":"first","14":"instock","15":"sale","16":"taxable","17":"shipping-taxable","18":"purchasable","19":"product-type-simple"},"yoast_head":"<!-- This site is optimized with the Yoast SEO Premium plugin v27.3 (Yoast SEO v27.3) - https:\/\/yoast.com\/product\/yoast-seo-premium-wordpress\/ -->\n<title>electro-vita-min - 180 comprim\u00e9s - ECO Supplements<\/title>\n<meta name=\"description\" content=\"Wij hebben een ruime keuze aan producten van electro-vita-min - 180 comprim\u00e9s . Winkel bij Eco Supplements altijd gratis verzending boven 100\u20ac\" \/>\n<meta name=\"robots\" content=\"index, follow, max-snippet:-1, max-image-preview:large, max-video-preview:-1\" \/>\n<link rel=\"canonical\" href=\"https:\/\/ecosupplements.be\/fr\/produit\/electro-vita-min-180-comprimes\/\" \/>\n<meta property=\"og:locale\" content=\"fr_FR\" \/>\n<meta property=\"og:type\" content=\"article\" \/>\n<meta property=\"og:title\" content=\"electro-vita-min - 180 comprim\u00e9s\" \/>\n<meta property=\"og:description\" content=\"Wij hebben een ruime keuze aan producten van electro-vita-min - 180 comprim\u00e9s . Winkel bij Eco Supplements altijd gratis verzending boven 100\u20ac\" \/>\n<meta property=\"og:url\" content=\"https:\/\/ecosupplements.be\/fr\/produit\/electro-vita-min-180-comprimes\/\" \/>\n<meta property=\"og:site_name\" content=\"ECO Supplements\" \/>\n<meta property=\"article:modified_time\" content=\"2025-08-27T12:16:38+00:00\" \/>\n<meta property=\"og:image\" content=\"https:\/\/ecosupplements.be\/wp-content\/uploads\/2025\/08\/Electro-Vita-Min-180-tablets.jpg\" \/>\n\t<meta property=\"og:image:width\" content=\"750\" \/>\n\t<meta property=\"og:image:height\" content=\"750\" \/>\n\t<meta property=\"og:image:type\" content=\"image\/jpeg\" \/>\n<meta name=\"twitter:card\" content=\"summary_large_image\" \/>\n<meta name=\"twitter:label1\" content=\"Prix\" \/>\n\t<meta name=\"twitter:data1\" content=\"53.22&nbsp;&euro;\" \/>\n\t<meta name=\"twitter:label2\" content=\"Disponibilit\u00e9\" \/>\n\t<meta name=\"twitter:data2\" content=\"En stock\" \/>\n<script type=\"application\/ld+json\" class=\"yoast-schema-graph\">{\"@context\":\"https:\\\/\\\/schema.org\",\"@graph\":[{\"@type\":[\"WebPage\",\"ItemPage\"],\"@id\":\"https:\\\/\\\/ecosupplements.be\\\/fr\\\/produit\\\/electro-vita-min-180-comprimes\\\/\",\"url\":\"https:\\\/\\\/ecosupplements.be\\\/fr\\\/produit\\\/electro-vita-min-180-comprimes\\\/\",\"name\":\"electro-vita-min - 180 comprim\u00e9s - ECO Supplements\",\"isPartOf\":{\"@id\":\"https:\\\/\\\/ecosupplements.be\\\/fr\\\/#website\"},\"primaryImageOfPage\":{\"@id\":\"https:\\\/\\\/ecosupplements.be\\\/fr\\\/produit\\\/electro-vita-min-180-comprimes\\\/#primaryimage\"},\"image\":{\"@id\":\"https:\\\/\\\/ecosupplements.be\\\/fr\\\/produit\\\/electro-vita-min-180-comprimes\\\/#primaryimage\"},\"thumbnailUrl\":\"https:\\\/\\\/ecosupplements.be\\\/wp-content\\\/uploads\\\/2025\\\/08\\\/Electro-Vita-Min-180-tablets.jpg\",\"datePublished\":\"2022-06-28T09:36:29+00:00\",\"dateModified\":\"2025-08-27T12:16:38+00:00\",\"description\":\"Wij hebben een ruime keuze aan producten van electro-vita-min - 180 comprim\u00e9s . Winkel bij Eco Supplements altijd gratis verzending boven 100\u20ac\",\"breadcrumb\":{\"@id\":\"https:\\\/\\\/ecosupplements.be\\\/fr\\\/produit\\\/electro-vita-min-180-comprimes\\\/#breadcrumb\"},\"inLanguage\":\"fr-FR\",\"potentialAction\":[{\"@type\":\"ReadAction\",\"target\":[\"https:\\\/\\\/ecosupplements.be\\\/fr\\\/produit\\\/electro-vita-min-180-comprimes\\\/\"]}]},{\"@type\":\"ImageObject\",\"inLanguage\":\"fr-FR\",\"@id\":\"https:\\\/\\\/ecosupplements.be\\\/fr\\\/produit\\\/electro-vita-min-180-comprimes\\\/#primaryimage\",\"url\":\"https:\\\/\\\/ecosupplements.be\\\/wp-content\\\/uploads\\\/2025\\\/08\\\/Electro-Vita-Min-180-tablets.jpg\",\"contentUrl\":\"https:\\\/\\\/ecosupplements.be\\\/wp-content\\\/uploads\\\/2025\\\/08\\\/Electro-Vita-Min-180-tablets.jpg\",\"width\":750,\"height\":750},{\"@type\":\"BreadcrumbList\",\"@id\":\"https:\\\/\\\/ecosupplements.be\\\/fr\\\/produit\\\/electro-vita-min-180-comprimes\\\/#breadcrumb\",\"itemListElement\":[{\"@type\":\"ListItem\",\"position\":1,\"name\":\"Home\",\"item\":\"https:\\\/\\\/ecosupplements.be\\\/fr\\\/\"},{\"@type\":\"ListItem\",\"position\":2,\"name\":\"Boutique\",\"item\":\"https:\\\/\\\/ecosupplements.be\\\/fr\\\/boutique\\\/\"},{\"@type\":\"ListItem\",\"position\":3,\"name\":\"electro-vita-min &#8211; 180 comprim\u00e9s\"}]},{\"@type\":\"WebSite\",\"@id\":\"https:\\\/\\\/ecosupplements.be\\\/fr\\\/#website\",\"url\":\"https:\\\/\\\/ecosupplements.be\\\/fr\\\/\",\"name\":\"ECO Supplements\",\"description\":\"Eco Supplements - Gezonde supplementen\",\"publisher\":{\"@id\":\"https:\\\/\\\/ecosupplements.be\\\/fr\\\/#organization\"},\"potentialAction\":[{\"@type\":\"SearchAction\",\"target\":{\"@type\":\"EntryPoint\",\"urlTemplate\":\"https:\\\/\\\/ecosupplements.be\\\/fr\\\/?s={search_term_string}\"},\"query-input\":{\"@type\":\"PropertyValueSpecification\",\"valueRequired\":true,\"valueName\":\"search_term_string\"}}],\"inLanguage\":\"fr-FR\"},{\"@type\":\"Organization\",\"@id\":\"https:\\\/\\\/ecosupplements.be\\\/fr\\\/#organization\",\"name\":\"Eco Supplements\",\"url\":\"https:\\\/\\\/ecosupplements.be\\\/fr\\\/\",\"logo\":{\"@type\":\"ImageObject\",\"inLanguage\":\"fr-FR\",\"@id\":\"https:\\\/\\\/ecosupplements.be\\\/fr\\\/#\\\/schema\\\/logo\\\/image\\\/\",\"url\":\"https:\\\/\\\/ecosupplements.be\\\/wp-content\\\/uploads\\\/2022\\\/06\\\/ecosupplement-family.png\",\"contentUrl\":\"https:\\\/\\\/ecosupplements.be\\\/wp-content\\\/uploads\\\/2022\\\/06\\\/ecosupplement-family.png\",\"width\":593,\"height\":374,\"caption\":\"Eco Supplements\"},\"image\":{\"@id\":\"https:\\\/\\\/ecosupplements.be\\\/fr\\\/#\\\/schema\\\/logo\\\/image\\\/\"}}]}<\/script>\n<meta property=\"product:brand\" content=\"Trace Minerals\" \/>\n<meta property=\"product:price:amount\" content=\"53.22\" \/>\n<meta property=\"product:price:currency\" content=\"EUR\" \/>\n<meta property=\"og:availability\" content=\"instock\" \/>\n<meta property=\"product:availability\" content=\"instock\" \/>\n<meta property=\"product:retailer_item_id\" content=\"878941000621\" \/>\n<meta property=\"product:condition\" content=\"new\" \/>\n<!-- \/ Yoast SEO Premium plugin. -->","yoast_head_json":{"title":"electro-vita-min - 180 comprim\u00e9s - ECO Supplements","description":"Wij hebben een ruime keuze aan producten van electro-vita-min - 180 comprim\u00e9s . Winkel bij Eco Supplements altijd gratis verzending boven 100\u20ac","robots":{"index":"index","follow":"follow","max-snippet":"max-snippet:-1","max-image-preview":"max-image-preview:large","max-video-preview":"max-video-preview:-1"},"canonical":"https:\/\/ecosupplements.be\/fr\/produit\/electro-vita-min-180-comprimes\/","og_locale":"fr_FR","og_type":"article","og_title":"electro-vita-min - 180 comprim\u00e9s","og_description":"Wij hebben een ruime keuze aan producten van electro-vita-min - 180 comprim\u00e9s . Winkel bij Eco Supplements altijd gratis verzending boven 100\u20ac","og_url":"https:\/\/ecosupplements.be\/fr\/produit\/electro-vita-min-180-comprimes\/","og_site_name":"ECO Supplements","article_modified_time":"2025-08-27T12:16:38+00:00","og_image":[{"width":750,"height":750,"url":"https:\/\/ecosupplements.be\/wp-content\/uploads\/2025\/08\/Electro-Vita-Min-180-tablets.jpg","type":"image\/jpeg"}],"twitter_card":"summary_large_image","twitter_misc":{"Prix":"53.22&nbsp;&euro;","Disponibilit\u00e9":"En stock"},"schema":{"@context":"https:\/\/schema.org","@graph":[{"@type":["WebPage","ItemPage"],"@id":"https:\/\/ecosupplements.be\/fr\/produit\/electro-vita-min-180-comprimes\/","url":"https:\/\/ecosupplements.be\/fr\/produit\/electro-vita-min-180-comprimes\/","name":"electro-vita-min - 180 comprim\u00e9s - ECO Supplements","isPartOf":{"@id":"https:\/\/ecosupplements.be\/fr\/#website"},"primaryImageOfPage":{"@id":"https:\/\/ecosupplements.be\/fr\/produit\/electro-vita-min-180-comprimes\/#primaryimage"},"image":{"@id":"https:\/\/ecosupplements.be\/fr\/produit\/electro-vita-min-180-comprimes\/#primaryimage"},"thumbnailUrl":"https:\/\/ecosupplements.be\/wp-content\/uploads\/2025\/08\/Electro-Vita-Min-180-tablets.jpg","datePublished":"2022-06-28T09:36:29+00:00","dateModified":"2025-08-27T12:16:38+00:00","description":"Wij hebben een ruime keuze aan producten van electro-vita-min - 180 comprim\u00e9s . Winkel bij Eco Supplements altijd gratis verzending boven 100\u20ac","breadcrumb":{"@id":"https:\/\/ecosupplements.be\/fr\/produit\/electro-vita-min-180-comprimes\/#breadcrumb"},"inLanguage":"fr-FR","potentialAction":[{"@type":"ReadAction","target":["https:\/\/ecosupplements.be\/fr\/produit\/electro-vita-min-180-comprimes\/"]}]},{"@type":"ImageObject","inLanguage":"fr-FR","@id":"https:\/\/ecosupplements.be\/fr\/produit\/electro-vita-min-180-comprimes\/#primaryimage","url":"https:\/\/ecosupplements.be\/wp-content\/uploads\/2025\/08\/Electro-Vita-Min-180-tablets.jpg","contentUrl":"https:\/\/ecosupplements.be\/wp-content\/uploads\/2025\/08\/Electro-Vita-Min-180-tablets.jpg","width":750,"height":750},{"@type":"BreadcrumbList","@id":"https:\/\/ecosupplements.be\/fr\/produit\/electro-vita-min-180-comprimes\/#breadcrumb","itemListElement":[{"@type":"ListItem","position":1,"name":"Home","item":"https:\/\/ecosupplements.be\/fr\/"},{"@type":"ListItem","position":2,"name":"Boutique","item":"https:\/\/ecosupplements.be\/fr\/boutique\/"},{"@type":"ListItem","position":3,"name":"electro-vita-min &#8211; 180 comprim\u00e9s"}]},{"@type":"WebSite","@id":"https:\/\/ecosupplements.be\/fr\/#website","url":"https:\/\/ecosupplements.be\/fr\/","name":"ECO Supplements","description":"Eco Supplements - Gezonde supplementen","publisher":{"@id":"https:\/\/ecosupplements.be\/fr\/#organization"},"potentialAction":[{"@type":"SearchAction","target":{"@type":"EntryPoint","urlTemplate":"https:\/\/ecosupplements.be\/fr\/?s={search_term_string}"},"query-input":{"@type":"PropertyValueSpecification","valueRequired":true,"valueName":"search_term_string"}}],"inLanguage":"fr-FR"},{"@type":"Organization","@id":"https:\/\/ecosupplements.be\/fr\/#organization","name":"Eco Supplements","url":"https:\/\/ecosupplements.be\/fr\/","logo":{"@type":"ImageObject","inLanguage":"fr-FR","@id":"https:\/\/ecosupplements.be\/fr\/#\/schema\/logo\/image\/","url":"https:\/\/ecosupplements.be\/wp-content\/uploads\/2022\/06\/ecosupplement-family.png","contentUrl":"https:\/\/ecosupplements.be\/wp-content\/uploads\/2022\/06\/ecosupplement-family.png","width":593,"height":374,"caption":"Eco Supplements"},"image":{"@id":"https:\/\/ecosupplements.be\/fr\/#\/schema\/logo\/image\/"}}]},"product_brand":"Trace Minerals","product_price_amount":"53.22","product_price_currency":"EUR","og_availability":"instock","product_availability":"instock","product_retailer_item_id":"878941000621","product_condition":"new"},"_links":{"self":[{"href":"https:\/\/ecosupplements.be\/fr\/wp-json\/wp\/v2\/product\/283557","targetHints":{"allow":["GET"]}}],"collection":[{"href":"https:\/\/ecosupplements.be\/fr\/wp-json\/wp\/v2\/product"}],"about":[{"href":"https:\/\/ecosupplements.be\/fr\/wp-json\/wp\/v2\/types\/product"}],"replies":[{"embeddable":true,"href":"https:\/\/ecosupplements.be\/fr\/wp-json\/wp\/v2\/comments?post=283557"}],"wp:featuredmedia":[{"embeddable":true,"href":"https:\/\/ecosupplements.be\/fr\/wp-json\/wp\/v2\/media\/259012"}],"wp:attachment":[{"href":"https:\/\/ecosupplements.be\/fr\/wp-json\/wp\/v2\/media?parent=283557"}],"wp:term":[{"taxonomy":"product_brand","embeddable":true,"href":"https:\/\/ecosupplements.be\/fr\/wp-json\/wp\/v2\/product_brand?post=283557"},{"taxonomy":"product_cat","embeddable":true,"href":"https:\/\/ecosupplements.be\/fr\/wp-json\/wp\/v2\/product_cat?post=283557"},{"taxonomy":"product_tag","embeddable":true,"href":"https:\/\/ecosupplements.be\/fr\/wp-json\/wp\/v2\/product_tag?post=283557"}],"curies":[{"name":"wp","href":"https:\/\/api.w.org\/{rel}","templated":true}]}}