{"id":283571,"date":"2022-06-28T10:36:35","date_gmt":"2022-06-28T09:36:35","guid":{"rendered":"https:\/\/ecosupplements.be\/product\/electrolyte-stamina-power-pak-framboise-30-sachets\/"},"modified":"2025-08-27T13:16:57","modified_gmt":"2025-08-27T12:16:57","slug":"electrolyte-stamina-power-pak-framboise-30-sachets","status":"publish","type":"product","link":"https:\/\/ecosupplements.be\/fr\/produit\/electrolyte-stamina-power-pak-framboise-30-sachets\/","title":{"rendered":"Electrolyte Stamina Power Pak, Framboise &#8211; 30 sachets"},"content":{"rendered":"<h1 style=\"text-align: center;\">Trace Minerals &#8211; Electrolyte Stamina Power Pak<\/h1>\n<p>Electrolyte Stamina Power Pak est une boisson \u00e9nerg\u00e9tique haute performance facile \u00e0 pr\u00e9parer, sans caf\u00e9ine, ar\u00f4mes artificiels ou stimulants artificiels. Notre formule est sans OGM et contient 1200 mg de vitamine C, un antioxydant essentiel pour les personnes actives et en mouvement. Elle contient \u00e9galement tous les principaux \u00e9lectrolytes (potassium, magn\u00e9sium, chlorure et sodium), ainsi qu&#8217;un spectre complet d&#8217;oligo-\u00e9l\u00e9ments ioniques de ConcenTrace, qui favorise l&#8217;assimilation et l&#8217;absorption des vitamines et des nutriments.<\/p>\n<p>&nbsp;&nbsp;&nbsp; Comparez et \u00e9conomisez : 200 mg de vitamine C en plus et formule sans OGM !<br \/>\n&nbsp;&nbsp;&nbsp; \u00c9lectrolytes<br \/>\n&nbsp;&nbsp;&nbsp; Vitamines B<br \/>\n&nbsp;&nbsp;&nbsp; Grand antioxydant\u2020<br \/>\n&nbsp;&nbsp;&nbsp; Bon go\u00fbt<br \/>\n&nbsp;&nbsp;&nbsp; Oligo-\u00e9l\u00e9ments ioniques<br \/>\n&nbsp;&nbsp;&nbsp; Faible teneur en sucre<\/p>\n<p><img decoding=\"async\" src=\"https:\/\/ecosupplements.be\/wp-content\/uploads\/2025\/08\/non-gmo-1.png\" title=\"Non-OGM\" alt=\"Non-GMO\"><\/p>\n","protected":false},"excerpt":{"rendered":"<p>Trace Minerals &#8211; Electrolyte Stamina Power Pak Electrolyte Stamina Power Pak est une boisson \u00e9nerg\u00e9tique haute performance facile \u00e0 pr\u00e9parer, sans caf\u00e9ine, ar\u00f4mes artificiels ou stimulants artificiels. Notre formule est sans OGM et contient 1200 mg de vitamine C, un antioxydant essentiel pour les personnes actives et en mouvement. Elle contient \u00e9galement tous les principaux [&#8230;]\n","protected":false},"featured_media":259026,"comment_status":"open","ping_status":"open","template":"","meta":[],"product_brand":[4769],"product_cat":[5138,5052,5053],"product_tag":[5069],"class_list":{"0":"post-283571","1":"product","2":"type-product","3":"status-publish","4":"has-post-thumbnail","6":"product_brand-trace-minerals-2","7":"product_cat-endurance","8":"product_cat-sante-et-bien-etre","9":"product_cat-vitamines-et-mineraux","10":"product_tag-topeco-2","12":"first","13":"instock","14":"taxable","15":"shipping-taxable","16":"purchasable","17":"product-type-simple"},"yoast_head":"<!-- This site is optimized with the Yoast SEO Premium plugin v27.3 (Yoast SEO v27.3) - https:\/\/yoast.com\/product\/yoast-seo-premium-wordpress\/ -->\n<title>Electrolyte Stamina Power Pak, Framboise - 30 sachets - ECO Supplements<\/title>\n<meta name=\"description\" content=\"Wij hebben een ruime keuze aan producten van Electrolyte Stamina Power Pak, Framboise - 30 sachets . Winkel bij Eco Supplements altijd gratis verzending boven 100\u20ac\" \/>\n<meta name=\"robots\" content=\"index, follow, max-snippet:-1, max-image-preview:large, max-video-preview:-1\" \/>\n<link rel=\"canonical\" href=\"https:\/\/ecosupplements.be\/fr\/produit\/electrolyte-stamina-power-pak-framboise-30-sachets\/\" \/>\n<meta property=\"og:locale\" content=\"fr_FR\" \/>\n<meta property=\"og:type\" content=\"article\" \/>\n<meta property=\"og:title\" content=\"Electrolyte Stamina Power Pak, Framboise - 30 sachets\" \/>\n<meta property=\"og:description\" content=\"Wij hebben een ruime keuze aan producten van Electrolyte Stamina Power Pak, Framboise - 30 sachets . Winkel bij Eco Supplements altijd gratis verzending boven 100\u20ac\" \/>\n<meta property=\"og:url\" content=\"https:\/\/ecosupplements.be\/fr\/produit\/electrolyte-stamina-power-pak-framboise-30-sachets\/\" \/>\n<meta property=\"og:site_name\" content=\"ECO Supplements\" \/>\n<meta property=\"article:modified_time\" content=\"2025-08-27T12:16:57+00:00\" \/>\n<meta property=\"og:image\" content=\"https:\/\/ecosupplements.be\/wp-content\/uploads\/2025\/08\/Trace-Minerals-Electrolyte-Stamina-Power-Pak-Raspberry-30-packets.jpg\" \/>\n\t<meta property=\"og:image:width\" content=\"750\" \/>\n\t<meta property=\"og:image:height\" content=\"750\" \/>\n\t<meta property=\"og:image:type\" content=\"image\/jpeg\" \/>\n<meta name=\"twitter:card\" content=\"summary_large_image\" \/>\n<meta name=\"twitter:label1\" content=\"Prix\" \/>\n\t<meta name=\"twitter:data1\" content=\"23.43&nbsp;&euro;\" \/>\n\t<meta name=\"twitter:label2\" content=\"Disponibilit\u00e9\" \/>\n\t<meta name=\"twitter:data2\" content=\"En stock\" \/>\n<script type=\"application\/ld+json\" class=\"yoast-schema-graph\">{\"@context\":\"https:\\\/\\\/schema.org\",\"@graph\":[{\"@type\":[\"WebPage\",\"ItemPage\"],\"@id\":\"https:\\\/\\\/ecosupplements.be\\\/fr\\\/produit\\\/electrolyte-stamina-power-pak-framboise-30-sachets\\\/\",\"url\":\"https:\\\/\\\/ecosupplements.be\\\/fr\\\/produit\\\/electrolyte-stamina-power-pak-framboise-30-sachets\\\/\",\"name\":\"Electrolyte Stamina Power Pak, Framboise - 30 sachets - ECO Supplements\",\"isPartOf\":{\"@id\":\"https:\\\/\\\/ecosupplements.be\\\/fr\\\/#website\"},\"primaryImageOfPage\":{\"@id\":\"https:\\\/\\\/ecosupplements.be\\\/fr\\\/produit\\\/electrolyte-stamina-power-pak-framboise-30-sachets\\\/#primaryimage\"},\"image\":{\"@id\":\"https:\\\/\\\/ecosupplements.be\\\/fr\\\/produit\\\/electrolyte-stamina-power-pak-framboise-30-sachets\\\/#primaryimage\"},\"thumbnailUrl\":\"https:\\\/\\\/ecosupplements.be\\\/wp-content\\\/uploads\\\/2025\\\/08\\\/Trace-Minerals-Electrolyte-Stamina-Power-Pak-Raspberry-30-packets.jpg\",\"datePublished\":\"2022-06-28T09:36:35+00:00\",\"dateModified\":\"2025-08-27T12:16:57+00:00\",\"description\":\"Wij hebben een ruime keuze aan producten van Electrolyte Stamina Power Pak, Framboise - 30 sachets . Winkel bij Eco Supplements altijd gratis verzending boven 100\u20ac\",\"breadcrumb\":{\"@id\":\"https:\\\/\\\/ecosupplements.be\\\/fr\\\/produit\\\/electrolyte-stamina-power-pak-framboise-30-sachets\\\/#breadcrumb\"},\"inLanguage\":\"fr-FR\",\"potentialAction\":[{\"@type\":\"ReadAction\",\"target\":[\"https:\\\/\\\/ecosupplements.be\\\/fr\\\/produit\\\/electrolyte-stamina-power-pak-framboise-30-sachets\\\/\"]}]},{\"@type\":\"ImageObject\",\"inLanguage\":\"fr-FR\",\"@id\":\"https:\\\/\\\/ecosupplements.be\\\/fr\\\/produit\\\/electrolyte-stamina-power-pak-framboise-30-sachets\\\/#primaryimage\",\"url\":\"https:\\\/\\\/ecosupplements.be\\\/wp-content\\\/uploads\\\/2025\\\/08\\\/Trace-Minerals-Electrolyte-Stamina-Power-Pak-Raspberry-30-packets.jpg\",\"contentUrl\":\"https:\\\/\\\/ecosupplements.be\\\/wp-content\\\/uploads\\\/2025\\\/08\\\/Trace-Minerals-Electrolyte-Stamina-Power-Pak-Raspberry-30-packets.jpg\",\"width\":750,\"height\":750},{\"@type\":\"BreadcrumbList\",\"@id\":\"https:\\\/\\\/ecosupplements.be\\\/fr\\\/produit\\\/electrolyte-stamina-power-pak-framboise-30-sachets\\\/#breadcrumb\",\"itemListElement\":[{\"@type\":\"ListItem\",\"position\":1,\"name\":\"Home\",\"item\":\"https:\\\/\\\/ecosupplements.be\\\/fr\\\/\"},{\"@type\":\"ListItem\",\"position\":2,\"name\":\"Boutique\",\"item\":\"https:\\\/\\\/ecosupplements.be\\\/fr\\\/boutique\\\/\"},{\"@type\":\"ListItem\",\"position\":3,\"name\":\"Electrolyte Stamina Power Pak, Framboise &#8211; 30 sachets\"}]},{\"@type\":\"WebSite\",\"@id\":\"https:\\\/\\\/ecosupplements.be\\\/fr\\\/#website\",\"url\":\"https:\\\/\\\/ecosupplements.be\\\/fr\\\/\",\"name\":\"ECO Supplements\",\"description\":\"Eco Supplements - Gezonde supplementen\",\"publisher\":{\"@id\":\"https:\\\/\\\/ecosupplements.be\\\/fr\\\/#organization\"},\"potentialAction\":[{\"@type\":\"SearchAction\",\"target\":{\"@type\":\"EntryPoint\",\"urlTemplate\":\"https:\\\/\\\/ecosupplements.be\\\/fr\\\/?s={search_term_string}\"},\"query-input\":{\"@type\":\"PropertyValueSpecification\",\"valueRequired\":true,\"valueName\":\"search_term_string\"}}],\"inLanguage\":\"fr-FR\"},{\"@type\":\"Organization\",\"@id\":\"https:\\\/\\\/ecosupplements.be\\\/fr\\\/#organization\",\"name\":\"Eco Supplements\",\"url\":\"https:\\\/\\\/ecosupplements.be\\\/fr\\\/\",\"logo\":{\"@type\":\"ImageObject\",\"inLanguage\":\"fr-FR\",\"@id\":\"https:\\\/\\\/ecosupplements.be\\\/fr\\\/#\\\/schema\\\/logo\\\/image\\\/\",\"url\":\"https:\\\/\\\/ecosupplements.be\\\/wp-content\\\/uploads\\\/2022\\\/06\\\/ecosupplement-family.png\",\"contentUrl\":\"https:\\\/\\\/ecosupplements.be\\\/wp-content\\\/uploads\\\/2022\\\/06\\\/ecosupplement-family.png\",\"width\":593,\"height\":374,\"caption\":\"Eco Supplements\"},\"image\":{\"@id\":\"https:\\\/\\\/ecosupplements.be\\\/fr\\\/#\\\/schema\\\/logo\\\/image\\\/\"}}]}<\/script>\n<meta property=\"product:brand\" content=\"Trace Minerals\" \/>\n<meta property=\"product:price:amount\" content=\"23.43\" \/>\n<meta property=\"product:price:currency\" content=\"EUR\" \/>\n<meta property=\"og:availability\" content=\"instock\" \/>\n<meta property=\"product:availability\" content=\"instock\" \/>\n<meta property=\"product:retailer_item_id\" content=\"878941000546\" \/>\n<meta property=\"product:condition\" content=\"new\" \/>\n<!-- \/ Yoast SEO Premium plugin. -->","yoast_head_json":{"title":"Electrolyte Stamina Power Pak, Framboise - 30 sachets - ECO Supplements","description":"Wij hebben een ruime keuze aan producten van Electrolyte Stamina Power Pak, Framboise - 30 sachets . Winkel bij Eco Supplements altijd gratis verzending boven 100\u20ac","robots":{"index":"index","follow":"follow","max-snippet":"max-snippet:-1","max-image-preview":"max-image-preview:large","max-video-preview":"max-video-preview:-1"},"canonical":"https:\/\/ecosupplements.be\/fr\/produit\/electrolyte-stamina-power-pak-framboise-30-sachets\/","og_locale":"fr_FR","og_type":"article","og_title":"Electrolyte Stamina Power Pak, Framboise - 30 sachets","og_description":"Wij hebben een ruime keuze aan producten van Electrolyte Stamina Power Pak, Framboise - 30 sachets . Winkel bij Eco Supplements altijd gratis verzending boven 100\u20ac","og_url":"https:\/\/ecosupplements.be\/fr\/produit\/electrolyte-stamina-power-pak-framboise-30-sachets\/","og_site_name":"ECO Supplements","article_modified_time":"2025-08-27T12:16:57+00:00","og_image":[{"width":750,"height":750,"url":"https:\/\/ecosupplements.be\/wp-content\/uploads\/2025\/08\/Trace-Minerals-Electrolyte-Stamina-Power-Pak-Raspberry-30-packets.jpg","type":"image\/jpeg"}],"twitter_card":"summary_large_image","twitter_misc":{"Prix":"23.43&nbsp;&euro;","Disponibilit\u00e9":"En stock"},"schema":{"@context":"https:\/\/schema.org","@graph":[{"@type":["WebPage","ItemPage"],"@id":"https:\/\/ecosupplements.be\/fr\/produit\/electrolyte-stamina-power-pak-framboise-30-sachets\/","url":"https:\/\/ecosupplements.be\/fr\/produit\/electrolyte-stamina-power-pak-framboise-30-sachets\/","name":"Electrolyte Stamina Power Pak, Framboise - 30 sachets - ECO Supplements","isPartOf":{"@id":"https:\/\/ecosupplements.be\/fr\/#website"},"primaryImageOfPage":{"@id":"https:\/\/ecosupplements.be\/fr\/produit\/electrolyte-stamina-power-pak-framboise-30-sachets\/#primaryimage"},"image":{"@id":"https:\/\/ecosupplements.be\/fr\/produit\/electrolyte-stamina-power-pak-framboise-30-sachets\/#primaryimage"},"thumbnailUrl":"https:\/\/ecosupplements.be\/wp-content\/uploads\/2025\/08\/Trace-Minerals-Electrolyte-Stamina-Power-Pak-Raspberry-30-packets.jpg","datePublished":"2022-06-28T09:36:35+00:00","dateModified":"2025-08-27T12:16:57+00:00","description":"Wij hebben een ruime keuze aan producten van Electrolyte Stamina Power Pak, Framboise - 30 sachets . Winkel bij Eco Supplements altijd gratis verzending boven 100\u20ac","breadcrumb":{"@id":"https:\/\/ecosupplements.be\/fr\/produit\/electrolyte-stamina-power-pak-framboise-30-sachets\/#breadcrumb"},"inLanguage":"fr-FR","potentialAction":[{"@type":"ReadAction","target":["https:\/\/ecosupplements.be\/fr\/produit\/electrolyte-stamina-power-pak-framboise-30-sachets\/"]}]},{"@type":"ImageObject","inLanguage":"fr-FR","@id":"https:\/\/ecosupplements.be\/fr\/produit\/electrolyte-stamina-power-pak-framboise-30-sachets\/#primaryimage","url":"https:\/\/ecosupplements.be\/wp-content\/uploads\/2025\/08\/Trace-Minerals-Electrolyte-Stamina-Power-Pak-Raspberry-30-packets.jpg","contentUrl":"https:\/\/ecosupplements.be\/wp-content\/uploads\/2025\/08\/Trace-Minerals-Electrolyte-Stamina-Power-Pak-Raspberry-30-packets.jpg","width":750,"height":750},{"@type":"BreadcrumbList","@id":"https:\/\/ecosupplements.be\/fr\/produit\/electrolyte-stamina-power-pak-framboise-30-sachets\/#breadcrumb","itemListElement":[{"@type":"ListItem","position":1,"name":"Home","item":"https:\/\/ecosupplements.be\/fr\/"},{"@type":"ListItem","position":2,"name":"Boutique","item":"https:\/\/ecosupplements.be\/fr\/boutique\/"},{"@type":"ListItem","position":3,"name":"Electrolyte Stamina Power Pak, Framboise &#8211; 30 sachets"}]},{"@type":"WebSite","@id":"https:\/\/ecosupplements.be\/fr\/#website","url":"https:\/\/ecosupplements.be\/fr\/","name":"ECO Supplements","description":"Eco Supplements - Gezonde supplementen","publisher":{"@id":"https:\/\/ecosupplements.be\/fr\/#organization"},"potentialAction":[{"@type":"SearchAction","target":{"@type":"EntryPoint","urlTemplate":"https:\/\/ecosupplements.be\/fr\/?s={search_term_string}"},"query-input":{"@type":"PropertyValueSpecification","valueRequired":true,"valueName":"search_term_string"}}],"inLanguage":"fr-FR"},{"@type":"Organization","@id":"https:\/\/ecosupplements.be\/fr\/#organization","name":"Eco Supplements","url":"https:\/\/ecosupplements.be\/fr\/","logo":{"@type":"ImageObject","inLanguage":"fr-FR","@id":"https:\/\/ecosupplements.be\/fr\/#\/schema\/logo\/image\/","url":"https:\/\/ecosupplements.be\/wp-content\/uploads\/2022\/06\/ecosupplement-family.png","contentUrl":"https:\/\/ecosupplements.be\/wp-content\/uploads\/2022\/06\/ecosupplement-family.png","width":593,"height":374,"caption":"Eco Supplements"},"image":{"@id":"https:\/\/ecosupplements.be\/fr\/#\/schema\/logo\/image\/"}}]},"product_brand":"Trace Minerals","product_price_amount":"23.43","product_price_currency":"EUR","og_availability":"instock","product_availability":"instock","product_retailer_item_id":"878941000546","product_condition":"new"},"_links":{"self":[{"href":"https:\/\/ecosupplements.be\/fr\/wp-json\/wp\/v2\/product\/283571","targetHints":{"allow":["GET"]}}],"collection":[{"href":"https:\/\/ecosupplements.be\/fr\/wp-json\/wp\/v2\/product"}],"about":[{"href":"https:\/\/ecosupplements.be\/fr\/wp-json\/wp\/v2\/types\/product"}],"replies":[{"embeddable":true,"href":"https:\/\/ecosupplements.be\/fr\/wp-json\/wp\/v2\/comments?post=283571"}],"wp:featuredmedia":[{"embeddable":true,"href":"https:\/\/ecosupplements.be\/fr\/wp-json\/wp\/v2\/media\/259026"}],"wp:attachment":[{"href":"https:\/\/ecosupplements.be\/fr\/wp-json\/wp\/v2\/media?parent=283571"}],"wp:term":[{"taxonomy":"product_brand","embeddable":true,"href":"https:\/\/ecosupplements.be\/fr\/wp-json\/wp\/v2\/product_brand?post=283571"},{"taxonomy":"product_cat","embeddable":true,"href":"https:\/\/ecosupplements.be\/fr\/wp-json\/wp\/v2\/product_cat?post=283571"},{"taxonomy":"product_tag","embeddable":true,"href":"https:\/\/ecosupplements.be\/fr\/wp-json\/wp\/v2\/product_tag?post=283571"}],"curies":[{"name":"wp","href":"https:\/\/api.w.org\/{rel}","templated":true}]}}