{"id":283631,"date":"2022-06-28T10:36:35","date_gmt":"2022-06-28T09:36:35","guid":{"rendered":"https:\/\/ecosupplements.be\/product\/magnesium-ionique-400mg-118-ml\/"},"modified":"2025-08-27T13:17:56","modified_gmt":"2025-08-27T12:17:56","slug":"magnesium-ionique-400mg-118-ml","status":"publish","type":"product","link":"https:\/\/ecosupplements.be\/fr\/produit\/magnesium-ionique-400mg-118-ml\/","title":{"rendered":"Magn\u00e9sium ionique, 400mg &#8211; 118 ml."},"content":{"rendered":"<h1 style=\"text-align: center;\">Oligo-\u00e9l\u00e9ments &#8211; Magn\u00e9sium ionique<\/h1>\n<p>Notre processus exclusif assure une absorption maximale, tandis que la forme liquide \u00e9quilibr\u00e9e offre s\u00e9curit\u00e9 et flexibilit\u00e9. Provision de 15 jours, portion de 400 mg de magn\u00e9sium de ConcenTrace<br \/>\n&#8211; Aide \u00e0 l&#8217;absorption du calcium<br \/>\n&#8211; Aide \u00e0 maintenir un syst\u00e8me cardiovasculaire sain<br \/>\n&#8211; Peut aider \u00e0 apaiser et \u00e0 d\u00e9tendre le syst\u00e8me nerveux<br \/>\nLe magn\u00e9sium ionique liquide est un compl\u00e9ment alimentaire liquide riche et concentr\u00e9 qui fournit du magn\u00e9sium sous forme ionique &#8211; la forme la plus largement reconnue par l&#8217;organisme. Notre processus exclusif assure une absorption maximale, tandis que la forme liquide \u00e9quilibr\u00e9e offre s\u00e9curit\u00e9 et flexibilit\u00e9. Le magn\u00e9sium est n\u00e9cessaire \u00e0 la production d&#8217;\u00e9nergie cellulaire. Il participe \u00e0 plus de 300 voies biochimiques dans le corps, y compris la fonction cardiovasculaire. Approvisionnement de 15 jours, portion de 400 mg de magn\u00e9sium de ConcenTrace.<\/p>\n","protected":false},"excerpt":{"rendered":"<p>Oligo-\u00e9l\u00e9ments &#8211; Magn\u00e9sium ionique Notre processus exclusif assure une absorption maximale, tandis que la forme liquide \u00e9quilibr\u00e9e offre s\u00e9curit\u00e9 et flexibilit\u00e9. Provision de 15 jours, portion de 400 mg de magn\u00e9sium de ConcenTrace &#8211; Aide \u00e0 l&#8217;absorption du calcium &#8211; Aide \u00e0 maintenir un syst\u00e8me cardiovasculaire sain &#8211; Peut aider \u00e0 apaiser et \u00e0 d\u00e9tendre [&#8230;]\n","protected":false},"featured_media":259090,"comment_status":"open","ping_status":"open","template":"","meta":[],"product_brand":[4769],"product_cat":[5066,5064,5052,5053],"product_tag":[5069],"class_list":{"0":"post-283631","1":"product","2":"type-product","3":"status-publish","4":"has-post-thumbnail","6":"product_brand-trace-minerals-2","7":"product_cat-magnesium-mineraux-simples","8":"product_cat-mineraux-simples","9":"product_cat-sante-et-bien-etre","10":"product_cat-vitamines-et-mineraux","11":"product_tag-topeco-2","13":"first","14":"instock","15":"taxable","16":"shipping-taxable","17":"purchasable","18":"product-type-simple"},"yoast_head":"<!-- This site is optimized with the Yoast SEO Premium plugin v27.5 (Yoast SEO v27.5) - https:\/\/yoast.com\/product\/yoast-seo-premium-wordpress\/ -->\n<title>Magn\u00e9sium ionique, 400mg - 118 ml. - ECO Supplements<\/title>\n<meta name=\"description\" content=\"Wij hebben een ruime keuze aan producten van Magn\u00e9sium ionique, 400mg - 118 ml. . Winkel bij Eco Supplements altijd gratis verzending boven 100\u20ac\" \/>\n<meta name=\"robots\" content=\"index, follow, max-snippet:-1, max-image-preview:large, max-video-preview:-1\" \/>\n<link rel=\"canonical\" href=\"https:\/\/ecosupplements.be\/fr\/produit\/magnesium-ionique-400mg-118-ml\/\" \/>\n<meta property=\"og:locale\" content=\"fr_FR\" \/>\n<meta property=\"og:type\" content=\"article\" \/>\n<meta property=\"og:title\" content=\"Magn\u00e9sium ionique, 400mg - 118 ml.\" \/>\n<meta property=\"og:description\" content=\"Wij hebben een ruime keuze aan producten van Magn\u00e9sium ionique, 400mg - 118 ml. . Winkel bij Eco Supplements altijd gratis verzending boven 100\u20ac\" \/>\n<meta property=\"og:url\" content=\"https:\/\/ecosupplements.be\/fr\/produit\/magnesium-ionique-400mg-118-ml\/\" \/>\n<meta property=\"og:site_name\" content=\"ECO Supplements\" \/>\n<meta property=\"article:modified_time\" content=\"2025-08-27T12:17:56+00:00\" \/>\n<meta property=\"og:image\" content=\"https:\/\/ecosupplements.be\/wp-content\/uploads\/2025\/08\/Trace-Minerals-Ionic-Magnesium-400mg-118-ml-2.jpg\" \/>\n\t<meta property=\"og:image:width\" content=\"500\" \/>\n\t<meta property=\"og:image:height\" content=\"500\" \/>\n\t<meta property=\"og:image:type\" content=\"image\/jpeg\" \/>\n<meta name=\"twitter:card\" content=\"summary_large_image\" \/>\n<meta name=\"twitter:label1\" content=\"Prix\" \/>\n\t<meta name=\"twitter:data1\" content=\"21.39&nbsp;&euro;\" \/>\n\t<meta name=\"twitter:label2\" content=\"Disponibilit\u00e9\" \/>\n\t<meta name=\"twitter:data2\" content=\"En stock\" \/>\n<script type=\"application\/ld+json\" class=\"yoast-schema-graph\">{\"@context\":\"https:\\\/\\\/schema.org\",\"@graph\":[{\"@type\":[\"WebPage\",\"ItemPage\"],\"@id\":\"https:\\\/\\\/ecosupplements.be\\\/fr\\\/produit\\\/magnesium-ionique-400mg-118-ml\\\/\",\"url\":\"https:\\\/\\\/ecosupplements.be\\\/fr\\\/produit\\\/magnesium-ionique-400mg-118-ml\\\/\",\"name\":\"Magn\u00e9sium ionique, 400mg - 118 ml. - ECO Supplements\",\"isPartOf\":{\"@id\":\"https:\\\/\\\/ecosupplements.be\\\/fr\\\/#website\"},\"primaryImageOfPage\":{\"@id\":\"https:\\\/\\\/ecosupplements.be\\\/fr\\\/produit\\\/magnesium-ionique-400mg-118-ml\\\/#primaryimage\"},\"image\":{\"@id\":\"https:\\\/\\\/ecosupplements.be\\\/fr\\\/produit\\\/magnesium-ionique-400mg-118-ml\\\/#primaryimage\"},\"thumbnailUrl\":\"https:\\\/\\\/ecosupplements.be\\\/wp-content\\\/uploads\\\/2025\\\/08\\\/Trace-Minerals-Ionic-Magnesium-400mg-118-ml.jpg\",\"datePublished\":\"2022-06-28T09:36:35+00:00\",\"dateModified\":\"2025-08-27T12:17:56+00:00\",\"description\":\"Wij hebben een ruime keuze aan producten van Magn\u00e9sium ionique, 400mg - 118 ml. . Winkel bij Eco Supplements altijd gratis verzending boven 100\u20ac\",\"breadcrumb\":{\"@id\":\"https:\\\/\\\/ecosupplements.be\\\/fr\\\/produit\\\/magnesium-ionique-400mg-118-ml\\\/#breadcrumb\"},\"inLanguage\":\"fr-FR\",\"potentialAction\":[{\"@type\":\"ReadAction\",\"target\":[\"https:\\\/\\\/ecosupplements.be\\\/fr\\\/produit\\\/magnesium-ionique-400mg-118-ml\\\/\"]}]},{\"@type\":\"ImageObject\",\"inLanguage\":\"fr-FR\",\"@id\":\"https:\\\/\\\/ecosupplements.be\\\/fr\\\/produit\\\/magnesium-ionique-400mg-118-ml\\\/#primaryimage\",\"url\":\"https:\\\/\\\/ecosupplements.be\\\/wp-content\\\/uploads\\\/2025\\\/08\\\/Trace-Minerals-Ionic-Magnesium-400mg-118-ml.jpg\",\"contentUrl\":\"https:\\\/\\\/ecosupplements.be\\\/wp-content\\\/uploads\\\/2025\\\/08\\\/Trace-Minerals-Ionic-Magnesium-400mg-118-ml.jpg\",\"width\":500,\"height\":500},{\"@type\":\"BreadcrumbList\",\"@id\":\"https:\\\/\\\/ecosupplements.be\\\/fr\\\/produit\\\/magnesium-ionique-400mg-118-ml\\\/#breadcrumb\",\"itemListElement\":[{\"@type\":\"ListItem\",\"position\":1,\"name\":\"Home\",\"item\":\"https:\\\/\\\/ecosupplements.be\\\/fr\\\/\"},{\"@type\":\"ListItem\",\"position\":2,\"name\":\"Boutique\",\"item\":\"https:\\\/\\\/ecosupplements.be\\\/fr\\\/boutique\\\/\"},{\"@type\":\"ListItem\",\"position\":3,\"name\":\"Magn\u00e9sium ionique, 400mg &#8211; 118 ml.\"}]},{\"@type\":\"WebSite\",\"@id\":\"https:\\\/\\\/ecosupplements.be\\\/fr\\\/#website\",\"url\":\"https:\\\/\\\/ecosupplements.be\\\/fr\\\/\",\"name\":\"ECO Supplements\",\"description\":\"Eco Supplements - Gezonde supplementen\",\"publisher\":{\"@id\":\"https:\\\/\\\/ecosupplements.be\\\/fr\\\/#organization\"},\"potentialAction\":[{\"@type\":\"SearchAction\",\"target\":{\"@type\":\"EntryPoint\",\"urlTemplate\":\"https:\\\/\\\/ecosupplements.be\\\/fr\\\/?s={search_term_string}\"},\"query-input\":{\"@type\":\"PropertyValueSpecification\",\"valueRequired\":true,\"valueName\":\"search_term_string\"}}],\"inLanguage\":\"fr-FR\"},{\"@type\":\"Organization\",\"@id\":\"https:\\\/\\\/ecosupplements.be\\\/fr\\\/#organization\",\"name\":\"Eco Supplements\",\"url\":\"https:\\\/\\\/ecosupplements.be\\\/fr\\\/\",\"logo\":{\"@type\":\"ImageObject\",\"inLanguage\":\"fr-FR\",\"@id\":\"https:\\\/\\\/ecosupplements.be\\\/fr\\\/#\\\/schema\\\/logo\\\/image\\\/\",\"url\":\"https:\\\/\\\/ecosupplements.be\\\/wp-content\\\/uploads\\\/2022\\\/06\\\/ecosupplement-family.png\",\"contentUrl\":\"https:\\\/\\\/ecosupplements.be\\\/wp-content\\\/uploads\\\/2022\\\/06\\\/ecosupplement-family.png\",\"width\":593,\"height\":374,\"caption\":\"Eco Supplements\"},\"image\":{\"@id\":\"https:\\\/\\\/ecosupplements.be\\\/fr\\\/#\\\/schema\\\/logo\\\/image\\\/\"}}]}<\/script>\n<meta property=\"product:brand\" content=\"Trace Minerals\" \/>\n<meta property=\"product:price:amount\" content=\"21.39\" \/>\n<meta property=\"product:price:currency\" content=\"EUR\" \/>\n<meta property=\"og:availability\" content=\"instock\" \/>\n<meta property=\"product:availability\" content=\"instock\" \/>\n<meta property=\"product:retailer_item_id\" content=\"878941003530\" \/>\n<meta property=\"product:condition\" content=\"new\" \/>\n<!-- \/ Yoast SEO Premium plugin. -->","yoast_head_json":{"title":"Magn\u00e9sium ionique, 400mg - 118 ml. - ECO Supplements","description":"Wij hebben een ruime keuze aan producten van Magn\u00e9sium ionique, 400mg - 118 ml. . Winkel bij Eco Supplements altijd gratis verzending boven 100\u20ac","robots":{"index":"index","follow":"follow","max-snippet":"max-snippet:-1","max-image-preview":"max-image-preview:large","max-video-preview":"max-video-preview:-1"},"canonical":"https:\/\/ecosupplements.be\/fr\/produit\/magnesium-ionique-400mg-118-ml\/","og_locale":"fr_FR","og_type":"article","og_title":"Magn\u00e9sium ionique, 400mg - 118 ml.","og_description":"Wij hebben een ruime keuze aan producten van Magn\u00e9sium ionique, 400mg - 118 ml. . Winkel bij Eco Supplements altijd gratis verzending boven 100\u20ac","og_url":"https:\/\/ecosupplements.be\/fr\/produit\/magnesium-ionique-400mg-118-ml\/","og_site_name":"ECO Supplements","article_modified_time":"2025-08-27T12:17:56+00:00","og_image":[{"width":500,"height":500,"url":"https:\/\/ecosupplements.be\/wp-content\/uploads\/2025\/08\/Trace-Minerals-Ionic-Magnesium-400mg-118-ml-2.jpg","type":"image\/jpeg"}],"twitter_card":"summary_large_image","twitter_misc":{"Prix":"21.39&nbsp;&euro;","Disponibilit\u00e9":"En stock"},"schema":{"@context":"https:\/\/schema.org","@graph":[{"@type":["WebPage","ItemPage"],"@id":"https:\/\/ecosupplements.be\/fr\/produit\/magnesium-ionique-400mg-118-ml\/","url":"https:\/\/ecosupplements.be\/fr\/produit\/magnesium-ionique-400mg-118-ml\/","name":"Magn\u00e9sium ionique, 400mg - 118 ml. - ECO Supplements","isPartOf":{"@id":"https:\/\/ecosupplements.be\/fr\/#website"},"primaryImageOfPage":{"@id":"https:\/\/ecosupplements.be\/fr\/produit\/magnesium-ionique-400mg-118-ml\/#primaryimage"},"image":{"@id":"https:\/\/ecosupplements.be\/fr\/produit\/magnesium-ionique-400mg-118-ml\/#primaryimage"},"thumbnailUrl":"https:\/\/ecosupplements.be\/wp-content\/uploads\/2025\/08\/Trace-Minerals-Ionic-Magnesium-400mg-118-ml.jpg","datePublished":"2022-06-28T09:36:35+00:00","dateModified":"2025-08-27T12:17:56+00:00","description":"Wij hebben een ruime keuze aan producten van Magn\u00e9sium ionique, 400mg - 118 ml. . Winkel bij Eco Supplements altijd gratis verzending boven 100\u20ac","breadcrumb":{"@id":"https:\/\/ecosupplements.be\/fr\/produit\/magnesium-ionique-400mg-118-ml\/#breadcrumb"},"inLanguage":"fr-FR","potentialAction":[{"@type":"ReadAction","target":["https:\/\/ecosupplements.be\/fr\/produit\/magnesium-ionique-400mg-118-ml\/"]}]},{"@type":"ImageObject","inLanguage":"fr-FR","@id":"https:\/\/ecosupplements.be\/fr\/produit\/magnesium-ionique-400mg-118-ml\/#primaryimage","url":"https:\/\/ecosupplements.be\/wp-content\/uploads\/2025\/08\/Trace-Minerals-Ionic-Magnesium-400mg-118-ml.jpg","contentUrl":"https:\/\/ecosupplements.be\/wp-content\/uploads\/2025\/08\/Trace-Minerals-Ionic-Magnesium-400mg-118-ml.jpg","width":500,"height":500},{"@type":"BreadcrumbList","@id":"https:\/\/ecosupplements.be\/fr\/produit\/magnesium-ionique-400mg-118-ml\/#breadcrumb","itemListElement":[{"@type":"ListItem","position":1,"name":"Home","item":"https:\/\/ecosupplements.be\/fr\/"},{"@type":"ListItem","position":2,"name":"Boutique","item":"https:\/\/ecosupplements.be\/fr\/boutique\/"},{"@type":"ListItem","position":3,"name":"Magn\u00e9sium ionique, 400mg &#8211; 118 ml."}]},{"@type":"WebSite","@id":"https:\/\/ecosupplements.be\/fr\/#website","url":"https:\/\/ecosupplements.be\/fr\/","name":"ECO Supplements","description":"Eco Supplements - Gezonde supplementen","publisher":{"@id":"https:\/\/ecosupplements.be\/fr\/#organization"},"potentialAction":[{"@type":"SearchAction","target":{"@type":"EntryPoint","urlTemplate":"https:\/\/ecosupplements.be\/fr\/?s={search_term_string}"},"query-input":{"@type":"PropertyValueSpecification","valueRequired":true,"valueName":"search_term_string"}}],"inLanguage":"fr-FR"},{"@type":"Organization","@id":"https:\/\/ecosupplements.be\/fr\/#organization","name":"Eco Supplements","url":"https:\/\/ecosupplements.be\/fr\/","logo":{"@type":"ImageObject","inLanguage":"fr-FR","@id":"https:\/\/ecosupplements.be\/fr\/#\/schema\/logo\/image\/","url":"https:\/\/ecosupplements.be\/wp-content\/uploads\/2022\/06\/ecosupplement-family.png","contentUrl":"https:\/\/ecosupplements.be\/wp-content\/uploads\/2022\/06\/ecosupplement-family.png","width":593,"height":374,"caption":"Eco Supplements"},"image":{"@id":"https:\/\/ecosupplements.be\/fr\/#\/schema\/logo\/image\/"}}]},"product_brand":"Trace Minerals","product_price_amount":"21.39","product_price_currency":"EUR","og_availability":"instock","product_availability":"instock","product_retailer_item_id":"878941003530","product_condition":"new"},"_links":{"self":[{"href":"https:\/\/ecosupplements.be\/fr\/wp-json\/wp\/v2\/product\/283631","targetHints":{"allow":["GET"]}}],"collection":[{"href":"https:\/\/ecosupplements.be\/fr\/wp-json\/wp\/v2\/product"}],"about":[{"href":"https:\/\/ecosupplements.be\/fr\/wp-json\/wp\/v2\/types\/product"}],"replies":[{"embeddable":true,"href":"https:\/\/ecosupplements.be\/fr\/wp-json\/wp\/v2\/comments?post=283631"}],"wp:featuredmedia":[{"embeddable":true,"href":"https:\/\/ecosupplements.be\/fr\/wp-json\/wp\/v2\/media\/259090"}],"wp:attachment":[{"href":"https:\/\/ecosupplements.be\/fr\/wp-json\/wp\/v2\/media?parent=283631"}],"wp:term":[{"taxonomy":"product_brand","embeddable":true,"href":"https:\/\/ecosupplements.be\/fr\/wp-json\/wp\/v2\/product_brand?post=283631"},{"taxonomy":"product_cat","embeddable":true,"href":"https:\/\/ecosupplements.be\/fr\/wp-json\/wp\/v2\/product_cat?post=283631"},{"taxonomy":"product_tag","embeddable":true,"href":"https:\/\/ecosupplements.be\/fr\/wp-json\/wp\/v2\/product_tag?post=283631"}],"curies":[{"name":"wp","href":"https:\/\/api.w.org\/{rel}","templated":true}]}}