{"id":284025,"date":"2022-07-01T12:54:16","date_gmt":"2022-07-01T11:54:16","guid":{"rendered":"https:\/\/ecosupplements.be\/product\/benfotiamine-avec-benfopure-150mg-120-vcaps\/"},"modified":"2025-08-27T13:24:48","modified_gmt":"2025-08-27T12:24:48","slug":"benfotiamine-avec-benfopure-150mg-120-vcaps","status":"publish","type":"product","link":"https:\/\/ecosupplements.be\/fr\/produit\/benfotiamine-avec-benfopure-150mg-120-vcaps\/","title":{"rendered":"Benfotiamine avec BenfoPure, 150mg &#8211; 120 vcaps"},"content":{"rendered":"<h1 style=\"text-align: center;\">Doctor&#8217;s Best &#8211; Benfotiamine avec BenfoPure<\/h1>\n<p>Qu&#8217;est-ce que Doctor&#8217;s Best Benfotiamine ?<br \/>\nLa benfotiamine (S-benzoylthiamine-O-monophosphate) est un d\u00e9riv\u00e9 synth\u00e9tique de la thiamine (vitamine B1) appartenant \u00e0 la famille des compos\u00e9s appel\u00e9s allithiamines. La benfotiamine est liposoluble et plus biodisponible et physiologiquement active que la thiamine. La benfotiamine aide \u00e0 maintenir des cellules saines en pr\u00e9sence de glucose sanguin, fournit un soutien contre le stress oxydatif et favorise un vieillissement sain.<br \/>\nComment cela fonctionne-t-il ?<br \/>\nLa benfotiamine augmente le taux sanguin de thiamine pyrophosphate (TPP), la coenzyme biologiquement active de la thiamine, et stimule la transc\u00e9tolase, une enzyme cellulaire essentielle au maintien des voies m\u00e9taboliques normales du glucose. La benfotiamine peut am\u00e9liorer consid\u00e9rablement le statut de la thiamine, notamment par rapport aux formes r\u00e9guli\u00e8res de thiamine. Lors d&#8217;un essai crois\u00e9 randomis\u00e9 en double aveugle comparant la biodisponibilit\u00e9 de la benfotiamine \u00e0 celle du mononitrate de thiamine (la forme compl\u00e9mentaire de vitamine B1 la plus courante) chez 12 personnes, la benfotiamine a provoqu\u00e9 une augmentation moyenne 5 fois plus importante des taux de thiamine dans le sang que le mononitrate de thiamine, avec une concentration concomitante plus importante de thiamine dans les globules rouges. La benfotiamine est convertie en S-benzoylthiamine (par \u00e9limination du O-monophosphate par le tube digestif), qui passe facilement dans les cellules intestinales et est convertie en thiamine.<br \/>\nPourquoi prendre Best Benfotiamine ?<br \/>\nLa benfotiamine est liposoluble et plus biodisponible et physiologiquement active que la thiamine. La benfotiamine aide \u00e0 maintenir des cellules saines en pr\u00e9sence de glucose sanguin, fournit un soutien contre le stress oxydatif et favorise un vieillissement sain. La benfotiamine aide \u00e0 maintenir un m\u00e9tabolisme du glucose sain en augmentant les niveaux sanguins et tissulaires de thiamine pyrophosphate (TPP), la forme coenzyme biologiquement active de la thiamine.TPP agit comme coenzyme pour trois enzymes critiques impliqu\u00e9es dans le m\u00e9tabolisme du glucose : 1) la transc\u00e9tolase, 2) la pyruvate d\u00e9shydrog\u00e9nase et 3) l&#8217;a-c\u00e9togutarate d\u00e9carboxylase. Ces deux derni\u00e8res enzymes sont impliqu\u00e9es dans l&#8217;utilisation du glucose comme carburant. Le PTT est donc vital pour l&#8217;approvisionnement en \u00e9nergie de la cellule.<\/p>\n","protected":false},"excerpt":{"rendered":"<p>Doctor&#8217;s Best &#8211; Benfotiamine avec BenfoPure Qu&#8217;est-ce que Doctor&#8217;s Best Benfotiamine ? La benfotiamine (S-benzoylthiamine-O-monophosphate) est un d\u00e9riv\u00e9 synth\u00e9tique de la thiamine (vitamine B1) appartenant \u00e0 la famille des compos\u00e9s appel\u00e9s allithiamines. La benfotiamine est liposoluble et plus biodisponible et physiologiquement active que la thiamine. La benfotiamine aide \u00e0 maintenir des cellules saines en pr\u00e9sence [&#8230;]\n","protected":false},"featured_media":259488,"comment_status":"open","ping_status":"open","template":"","meta":[],"product_brand":[4674],"product_cat":[5078,5052],"product_tag":[5069],"class_list":{"0":"post-284025","1":"product","2":"type-product","3":"status-publish","4":"has-post-thumbnail","6":"product_brand-doctors-best-2","7":"product_cat-formule-speciale","8":"product_cat-sante-et-bien-etre","9":"product_tag-topeco-2","11":"first","12":"instock","13":"taxable","14":"shipping-taxable","15":"purchasable","16":"product-type-simple"},"yoast_head":"<!-- This site is optimized with the Yoast SEO Premium plugin v27.3 (Yoast SEO v27.3) - https:\/\/yoast.com\/product\/yoast-seo-premium-wordpress\/ -->\n<title>Benfotiamine avec BenfoPure, 150mg - 120 vcaps - ECO Supplements<\/title>\n<meta name=\"description\" content=\"Wij hebben een ruime keuze aan producten van Benfotiamine avec BenfoPure, 150mg - 120 vcaps . Winkel bij Eco Supplements altijd gratis verzending boven 100\u20ac\" \/>\n<meta name=\"robots\" content=\"index, follow, max-snippet:-1, max-image-preview:large, max-video-preview:-1\" \/>\n<link rel=\"canonical\" href=\"https:\/\/ecosupplements.be\/fr\/produit\/benfotiamine-avec-benfopure-150mg-120-vcaps\/\" \/>\n<meta property=\"og:locale\" content=\"fr_FR\" \/>\n<meta property=\"og:type\" content=\"article\" \/>\n<meta property=\"og:title\" content=\"Benfotiamine avec BenfoPure, 150mg - 120 vcaps\" \/>\n<meta property=\"og:description\" content=\"Wij hebben een ruime keuze aan producten van Benfotiamine avec BenfoPure, 150mg - 120 vcaps . Winkel bij Eco Supplements altijd gratis verzending boven 100\u20ac\" \/>\n<meta property=\"og:url\" content=\"https:\/\/ecosupplements.be\/fr\/produit\/benfotiamine-avec-benfopure-150mg-120-vcaps\/\" \/>\n<meta property=\"og:site_name\" content=\"ECO Supplements\" \/>\n<meta property=\"article:modified_time\" content=\"2025-08-27T12:24:48+00:00\" \/>\n<meta property=\"og:image\" content=\"https:\/\/ecosupplements.be\/wp-content\/uploads\/2025\/08\/Doctors-Best-Benfotiamine-with-BenfoPure-150mg-120-vcaps-1.jpg\" \/>\n\t<meta property=\"og:image:width\" content=\"750\" \/>\n\t<meta property=\"og:image:height\" content=\"750\" \/>\n\t<meta property=\"og:image:type\" content=\"image\/jpeg\" \/>\n<meta name=\"twitter:card\" content=\"summary_large_image\" \/>\n<meta name=\"twitter:label1\" content=\"Prix\" \/>\n\t<meta name=\"twitter:data1\" content=\"32.31&nbsp;&euro;\" \/>\n\t<meta name=\"twitter:label2\" content=\"Disponibilit\u00e9\" \/>\n\t<meta name=\"twitter:data2\" content=\"En stock\" \/>\n<script type=\"application\/ld+json\" class=\"yoast-schema-graph\">{\"@context\":\"https:\\\/\\\/schema.org\",\"@graph\":[{\"@type\":[\"WebPage\",\"ItemPage\"],\"@id\":\"https:\\\/\\\/ecosupplements.be\\\/fr\\\/produit\\\/benfotiamine-avec-benfopure-150mg-120-vcaps\\\/\",\"url\":\"https:\\\/\\\/ecosupplements.be\\\/fr\\\/produit\\\/benfotiamine-avec-benfopure-150mg-120-vcaps\\\/\",\"name\":\"Benfotiamine avec BenfoPure, 150mg - 120 vcaps - ECO Supplements\",\"isPartOf\":{\"@id\":\"https:\\\/\\\/ecosupplements.be\\\/fr\\\/#website\"},\"primaryImageOfPage\":{\"@id\":\"https:\\\/\\\/ecosupplements.be\\\/fr\\\/produit\\\/benfotiamine-avec-benfopure-150mg-120-vcaps\\\/#primaryimage\"},\"image\":{\"@id\":\"https:\\\/\\\/ecosupplements.be\\\/fr\\\/produit\\\/benfotiamine-avec-benfopure-150mg-120-vcaps\\\/#primaryimage\"},\"thumbnailUrl\":\"https:\\\/\\\/ecosupplements.be\\\/wp-content\\\/uploads\\\/2025\\\/08\\\/Doctors-Best-Benfotiamine-with-BenfoPure-150mg-120-vcaps.jpg\",\"datePublished\":\"2022-07-01T11:54:16+00:00\",\"dateModified\":\"2025-08-27T12:24:48+00:00\",\"description\":\"Wij hebben een ruime keuze aan producten van Benfotiamine avec BenfoPure, 150mg - 120 vcaps . Winkel bij Eco Supplements altijd gratis verzending boven 100\u20ac\",\"breadcrumb\":{\"@id\":\"https:\\\/\\\/ecosupplements.be\\\/fr\\\/produit\\\/benfotiamine-avec-benfopure-150mg-120-vcaps\\\/#breadcrumb\"},\"inLanguage\":\"fr-FR\",\"potentialAction\":[{\"@type\":\"ReadAction\",\"target\":[\"https:\\\/\\\/ecosupplements.be\\\/fr\\\/produit\\\/benfotiamine-avec-benfopure-150mg-120-vcaps\\\/\"]}]},{\"@type\":\"ImageObject\",\"inLanguage\":\"fr-FR\",\"@id\":\"https:\\\/\\\/ecosupplements.be\\\/fr\\\/produit\\\/benfotiamine-avec-benfopure-150mg-120-vcaps\\\/#primaryimage\",\"url\":\"https:\\\/\\\/ecosupplements.be\\\/wp-content\\\/uploads\\\/2025\\\/08\\\/Doctors-Best-Benfotiamine-with-BenfoPure-150mg-120-vcaps.jpg\",\"contentUrl\":\"https:\\\/\\\/ecosupplements.be\\\/wp-content\\\/uploads\\\/2025\\\/08\\\/Doctors-Best-Benfotiamine-with-BenfoPure-150mg-120-vcaps.jpg\",\"width\":750,\"height\":750},{\"@type\":\"BreadcrumbList\",\"@id\":\"https:\\\/\\\/ecosupplements.be\\\/fr\\\/produit\\\/benfotiamine-avec-benfopure-150mg-120-vcaps\\\/#breadcrumb\",\"itemListElement\":[{\"@type\":\"ListItem\",\"position\":1,\"name\":\"Home\",\"item\":\"https:\\\/\\\/ecosupplements.be\\\/fr\\\/\"},{\"@type\":\"ListItem\",\"position\":2,\"name\":\"Boutique\",\"item\":\"https:\\\/\\\/ecosupplements.be\\\/fr\\\/boutique\\\/\"},{\"@type\":\"ListItem\",\"position\":3,\"name\":\"Benfotiamine avec BenfoPure, 150mg &#8211; 120 vcaps\"}]},{\"@type\":\"WebSite\",\"@id\":\"https:\\\/\\\/ecosupplements.be\\\/fr\\\/#website\",\"url\":\"https:\\\/\\\/ecosupplements.be\\\/fr\\\/\",\"name\":\"ECO Supplements\",\"description\":\"Eco Supplements - Gezonde supplementen\",\"publisher\":{\"@id\":\"https:\\\/\\\/ecosupplements.be\\\/fr\\\/#organization\"},\"potentialAction\":[{\"@type\":\"SearchAction\",\"target\":{\"@type\":\"EntryPoint\",\"urlTemplate\":\"https:\\\/\\\/ecosupplements.be\\\/fr\\\/?s={search_term_string}\"},\"query-input\":{\"@type\":\"PropertyValueSpecification\",\"valueRequired\":true,\"valueName\":\"search_term_string\"}}],\"inLanguage\":\"fr-FR\"},{\"@type\":\"Organization\",\"@id\":\"https:\\\/\\\/ecosupplements.be\\\/fr\\\/#organization\",\"name\":\"Eco Supplements\",\"url\":\"https:\\\/\\\/ecosupplements.be\\\/fr\\\/\",\"logo\":{\"@type\":\"ImageObject\",\"inLanguage\":\"fr-FR\",\"@id\":\"https:\\\/\\\/ecosupplements.be\\\/fr\\\/#\\\/schema\\\/logo\\\/image\\\/\",\"url\":\"https:\\\/\\\/ecosupplements.be\\\/wp-content\\\/uploads\\\/2022\\\/06\\\/ecosupplement-family.png\",\"contentUrl\":\"https:\\\/\\\/ecosupplements.be\\\/wp-content\\\/uploads\\\/2022\\\/06\\\/ecosupplement-family.png\",\"width\":593,\"height\":374,\"caption\":\"Eco Supplements\"},\"image\":{\"@id\":\"https:\\\/\\\/ecosupplements.be\\\/fr\\\/#\\\/schema\\\/logo\\\/image\\\/\"}}]}<\/script>\n<meta property=\"product:brand\" content=\"Doctor&#039;s Best\" \/>\n<meta property=\"product:price:amount\" content=\"32.31\" \/>\n<meta property=\"product:price:currency\" content=\"EUR\" \/>\n<meta property=\"og:availability\" content=\"instock\" \/>\n<meta property=\"product:availability\" content=\"instock\" \/>\n<meta property=\"product:retailer_item_id\" content=\"753950001299\" \/>\n<meta property=\"product:condition\" content=\"new\" \/>\n<!-- \/ Yoast SEO Premium plugin. -->","yoast_head_json":{"title":"Benfotiamine avec BenfoPure, 150mg - 120 vcaps - ECO Supplements","description":"Wij hebben een ruime keuze aan producten van Benfotiamine avec BenfoPure, 150mg - 120 vcaps . Winkel bij Eco Supplements altijd gratis verzending boven 100\u20ac","robots":{"index":"index","follow":"follow","max-snippet":"max-snippet:-1","max-image-preview":"max-image-preview:large","max-video-preview":"max-video-preview:-1"},"canonical":"https:\/\/ecosupplements.be\/fr\/produit\/benfotiamine-avec-benfopure-150mg-120-vcaps\/","og_locale":"fr_FR","og_type":"article","og_title":"Benfotiamine avec BenfoPure, 150mg - 120 vcaps","og_description":"Wij hebben een ruime keuze aan producten van Benfotiamine avec BenfoPure, 150mg - 120 vcaps . Winkel bij Eco Supplements altijd gratis verzending boven 100\u20ac","og_url":"https:\/\/ecosupplements.be\/fr\/produit\/benfotiamine-avec-benfopure-150mg-120-vcaps\/","og_site_name":"ECO Supplements","article_modified_time":"2025-08-27T12:24:48+00:00","og_image":[{"width":750,"height":750,"url":"https:\/\/ecosupplements.be\/wp-content\/uploads\/2025\/08\/Doctors-Best-Benfotiamine-with-BenfoPure-150mg-120-vcaps-1.jpg","type":"image\/jpeg"}],"twitter_card":"summary_large_image","twitter_misc":{"Prix":"32.31&nbsp;&euro;","Disponibilit\u00e9":"En stock"},"schema":{"@context":"https:\/\/schema.org","@graph":[{"@type":["WebPage","ItemPage"],"@id":"https:\/\/ecosupplements.be\/fr\/produit\/benfotiamine-avec-benfopure-150mg-120-vcaps\/","url":"https:\/\/ecosupplements.be\/fr\/produit\/benfotiamine-avec-benfopure-150mg-120-vcaps\/","name":"Benfotiamine avec BenfoPure, 150mg - 120 vcaps - ECO Supplements","isPartOf":{"@id":"https:\/\/ecosupplements.be\/fr\/#website"},"primaryImageOfPage":{"@id":"https:\/\/ecosupplements.be\/fr\/produit\/benfotiamine-avec-benfopure-150mg-120-vcaps\/#primaryimage"},"image":{"@id":"https:\/\/ecosupplements.be\/fr\/produit\/benfotiamine-avec-benfopure-150mg-120-vcaps\/#primaryimage"},"thumbnailUrl":"https:\/\/ecosupplements.be\/wp-content\/uploads\/2025\/08\/Doctors-Best-Benfotiamine-with-BenfoPure-150mg-120-vcaps.jpg","datePublished":"2022-07-01T11:54:16+00:00","dateModified":"2025-08-27T12:24:48+00:00","description":"Wij hebben een ruime keuze aan producten van Benfotiamine avec BenfoPure, 150mg - 120 vcaps . Winkel bij Eco Supplements altijd gratis verzending boven 100\u20ac","breadcrumb":{"@id":"https:\/\/ecosupplements.be\/fr\/produit\/benfotiamine-avec-benfopure-150mg-120-vcaps\/#breadcrumb"},"inLanguage":"fr-FR","potentialAction":[{"@type":"ReadAction","target":["https:\/\/ecosupplements.be\/fr\/produit\/benfotiamine-avec-benfopure-150mg-120-vcaps\/"]}]},{"@type":"ImageObject","inLanguage":"fr-FR","@id":"https:\/\/ecosupplements.be\/fr\/produit\/benfotiamine-avec-benfopure-150mg-120-vcaps\/#primaryimage","url":"https:\/\/ecosupplements.be\/wp-content\/uploads\/2025\/08\/Doctors-Best-Benfotiamine-with-BenfoPure-150mg-120-vcaps.jpg","contentUrl":"https:\/\/ecosupplements.be\/wp-content\/uploads\/2025\/08\/Doctors-Best-Benfotiamine-with-BenfoPure-150mg-120-vcaps.jpg","width":750,"height":750},{"@type":"BreadcrumbList","@id":"https:\/\/ecosupplements.be\/fr\/produit\/benfotiamine-avec-benfopure-150mg-120-vcaps\/#breadcrumb","itemListElement":[{"@type":"ListItem","position":1,"name":"Home","item":"https:\/\/ecosupplements.be\/fr\/"},{"@type":"ListItem","position":2,"name":"Boutique","item":"https:\/\/ecosupplements.be\/fr\/boutique\/"},{"@type":"ListItem","position":3,"name":"Benfotiamine avec BenfoPure, 150mg &#8211; 120 vcaps"}]},{"@type":"WebSite","@id":"https:\/\/ecosupplements.be\/fr\/#website","url":"https:\/\/ecosupplements.be\/fr\/","name":"ECO Supplements","description":"Eco Supplements - Gezonde supplementen","publisher":{"@id":"https:\/\/ecosupplements.be\/fr\/#organization"},"potentialAction":[{"@type":"SearchAction","target":{"@type":"EntryPoint","urlTemplate":"https:\/\/ecosupplements.be\/fr\/?s={search_term_string}"},"query-input":{"@type":"PropertyValueSpecification","valueRequired":true,"valueName":"search_term_string"}}],"inLanguage":"fr-FR"},{"@type":"Organization","@id":"https:\/\/ecosupplements.be\/fr\/#organization","name":"Eco Supplements","url":"https:\/\/ecosupplements.be\/fr\/","logo":{"@type":"ImageObject","inLanguage":"fr-FR","@id":"https:\/\/ecosupplements.be\/fr\/#\/schema\/logo\/image\/","url":"https:\/\/ecosupplements.be\/wp-content\/uploads\/2022\/06\/ecosupplement-family.png","contentUrl":"https:\/\/ecosupplements.be\/wp-content\/uploads\/2022\/06\/ecosupplement-family.png","width":593,"height":374,"caption":"Eco Supplements"},"image":{"@id":"https:\/\/ecosupplements.be\/fr\/#\/schema\/logo\/image\/"}}]},"product_brand":"Doctor's Best","product_price_amount":"32.31","product_price_currency":"EUR","og_availability":"instock","product_availability":"instock","product_retailer_item_id":"753950001299","product_condition":"new"},"_links":{"self":[{"href":"https:\/\/ecosupplements.be\/fr\/wp-json\/wp\/v2\/product\/284025","targetHints":{"allow":["GET"]}}],"collection":[{"href":"https:\/\/ecosupplements.be\/fr\/wp-json\/wp\/v2\/product"}],"about":[{"href":"https:\/\/ecosupplements.be\/fr\/wp-json\/wp\/v2\/types\/product"}],"replies":[{"embeddable":true,"href":"https:\/\/ecosupplements.be\/fr\/wp-json\/wp\/v2\/comments?post=284025"}],"wp:featuredmedia":[{"embeddable":true,"href":"https:\/\/ecosupplements.be\/fr\/wp-json\/wp\/v2\/media\/259488"}],"wp:attachment":[{"href":"https:\/\/ecosupplements.be\/fr\/wp-json\/wp\/v2\/media?parent=284025"}],"wp:term":[{"taxonomy":"product_brand","embeddable":true,"href":"https:\/\/ecosupplements.be\/fr\/wp-json\/wp\/v2\/product_brand?post=284025"},{"taxonomy":"product_cat","embeddable":true,"href":"https:\/\/ecosupplements.be\/fr\/wp-json\/wp\/v2\/product_cat?post=284025"},{"taxonomy":"product_tag","embeddable":true,"href":"https:\/\/ecosupplements.be\/fr\/wp-json\/wp\/v2\/product_tag?post=284025"}],"curies":[{"name":"wp","href":"https:\/\/api.w.org\/{rel}","templated":true}]}}